{"id":222675,"date":"2026-02-16T12:37:55","date_gmt":"2026-02-16T11:37:55","guid":{"rendered":"https:\/\/www.frankmxparts.com.iclicksapp.nl\/?page_id=222675"},"modified":"2026-02-22T14:20:35","modified_gmt":"2026-02-22T13:20:35","slug":"versand-zahlungsoptionen","status":"publish","type":"page","link":"https:\/\/www.frankmxparts.com.iclicksapp.nl\/de\/versand-zahlungsoptionen","title":{"rendered":"Versand- &#038; Zahlungsoptionen"},"content":{"rendered":"<div class=\"woocommerce\" style=\"width: 100%;\">\n<style>\n    .fmx-wrap{<br \/>\n      max-width: 760px;<br \/>\n      margin: 0 auto;<br \/>\n      padding: 0 18px 10px;<br \/>\n    }<\/p>\n<p>    \/* Kill theme \"button list\" styling ONLY inside this block *\/<br \/>\n    .fmx-plain ul{<br \/>\n      list-style: disc;<br \/>\n      margin: 8px 0 0 18px !important;<br \/>\n      padding: 0 !important;<br \/>\n    }<br \/>\n    .fmx-plain li{<br \/>\n      background: transparent !important;<br \/>\n      border: 0 !important;<br \/>\n      box-shadow: none !important;<br \/>\n      border-radius: 0 !important;<br \/>\n      padding: 0 !important;<br \/>\n      margin: 6px 0 !important;<br \/>\n      display: list-item !important;<br \/>\n      width: auto !important;<br \/>\n    }<br \/>\n  <\/style>\n<div class=\"fmx-wrap fmx-plain\">\n<h2 style=\"text-align: center; margin: 0 0 18px;\"><\/h2>\n<h3 style=\"margin: 0 0 6px;\">Versandoptionen<\/h3>\n<p style=\"margin: 0 0 10px;\">Wir versenden mit den folgenden Versanddienstleistern:<\/p>\n<ul>\n<li>PostNL<\/li>\n<li>DHL<\/li>\n<li>UPS<\/li>\n<li>Deutsche Post<\/li>\n<\/ul>\n<p style=\"margin: 12px 0 0;\">Die Verf\u00fcgbarkeit der Versanddienstleister h\u00e4ngt vom Zielort sowie von Gr\u00f6\u00dfe\/Gewicht des Pakets ab.<\/p>\n<hr style=\"border: 0; border-top: 1px solid rgba(0,0,0,.08); margin: 22px 0;\" \/>\n<h3 style=\"margin: 0 0 6px;\">Zahlungsoptionen<\/h3>\n<p style=\"margin: 0 0 10px;\">Verf\u00fcgbare Zahlungsmethoden:<\/p>\n<ul>\n<li>Apple Pay<\/li>\n<li>Google Pay<\/li>\n<li>iDEAL<\/li>\n<li>EPS \u00dcberweisung<\/li>\n<li>Bancontact<\/li>\n<li>PayPal<\/li>\n<li>SEPA<\/li>\n<li>Visa<\/li>\n<li>Mastercard<\/li>\n<\/ul>\n<p style=\"margin: 12px 0 0;\"><strong>Zahlungssicherheit:<\/strong> Alle Zahlungen werden \u00fcber sichere Zahlungsanbieter verarbeitet. Wir speichern Ihre Zahlungsdaten nicht.<\/p>\n<\/div>\n<\/div>\n","protected":false},"excerpt":{"rendered":"<p>Versandoptionen Wir versenden mit den folgenden Versanddienstleistern: PostNL DHL UPS Deutsche Post Die Verf\u00fcgbarkeit der Versanddienstleister h\u00e4ngt vom Zielort sowie von Gr\u00f6\u00dfe\/Gewicht des Pakets ab. Zahlungsoptionen Verf\u00fcgbare Zahlungsmethoden: Apple Pay Google Pay iDEAL EPS \u00dcberweisung Bancontact PayPal SEPA Visa Mastercard Zahlungssicherheit: Alle Zahlungen werden \u00fcber sichere Zahlungsanbieter verarbeitet. Wir speichern Ihre Zahlungsdaten nicht.<\/p>\n","protected":false},"author":2,"featured_media":0,"parent":0,"menu_order":51,"comment_status":"closed","ping_status":"closed","template":"","meta":{"_acf_changed":false,"footnotes":""},"class_list":["post-222675","page","type-page","status-publish","hentry"],"acf":[],"yoast_head":"<!-- This site is optimized with the Yoast SEO plugin v27.3 - https:\/\/yoast.com\/product\/yoast-seo-wordpress\/ -->\n<title>Versand- &amp; Zahlungsoptionen - Frank! MXParts<\/title>\n<meta name=\"robots\" content=\"noindex, follow, max-snippet:-1, max-image-preview:large, max-video-preview:-1\" \/>\n<meta property=\"og:locale\" content=\"de_DE\" \/>\n<meta property=\"og:type\" content=\"article\" \/>\n<meta property=\"og:title\" content=\"Versand- &amp; Zahlungsoptionen - Frank! MXParts\" \/>\n<meta property=\"og:description\" content=\"Versandoptionen Wir versenden mit den folgenden Versanddienstleistern: PostNL DHL UPS Deutsche Post Die Verf\u00fcgbarkeit der Versanddienstleister h\u00e4ngt vom Zielort sowie von Gr\u00f6\u00dfe\/Gewicht des Pakets ab. Zahlungsoptionen Verf\u00fcgbare Zahlungsmethoden: Apple Pay Google Pay iDEAL EPS \u00dcberweisung Bancontact PayPal SEPA Visa Mastercard Zahlungssicherheit: Alle Zahlungen werden \u00fcber sichere Zahlungsanbieter verarbeitet. Wir speichern Ihre Zahlungsdaten nicht.\" \/>\n<meta property=\"og:url\" content=\"https:\/\/www.frankmxparts.com.iclicksapp.nl\/de\/versand-zahlungsoptionen\" \/>\n<meta property=\"og:site_name\" content=\"Frank! MXParts\" \/>\n<meta property=\"article:modified_time\" content=\"2026-02-22T13:20:35+00:00\" \/>\n<meta name=\"twitter:card\" content=\"summary_large_image\" \/>\n<script type=\"application\/ld+json\" class=\"yoast-schema-graph\">{\"@context\":\"https:\\\/\\\/schema.org\",\"@graph\":[{\"@type\":\"WebPage\",\"@id\":\"https:\\\/\\\/www.frankmxparts.com.iclicksapp.nl\\\/de\\\/versand-zahlungsoptionen\",\"url\":\"https:\\\/\\\/www.frankmxparts.com.iclicksapp.nl\\\/de\\\/versand-zahlungsoptionen\",\"name\":\"Versand- & Zahlungsoptionen - Frank! MXParts\",\"isPartOf\":{\"@id\":\"https:\\\/\\\/www.frankmxparts.com.iclicksapp.nl\\\/de\\\/#website\"},\"datePublished\":\"2026-02-16T11:37:55+00:00\",\"dateModified\":\"2026-02-22T13:20:35+00:00\",\"breadcrumb\":{\"@id\":\"https:\\\/\\\/www.frankmxparts.com.iclicksapp.nl\\\/de\\\/versand-zahlungsoptionen#breadcrumb\"},\"inLanguage\":\"de\",\"potentialAction\":[{\"@type\":\"ReadAction\",\"target\":[\"https:\\\/\\\/www.frankmxparts.com.iclicksapp.nl\\\/de\\\/versand-zahlungsoptionen\"]}]},{\"@type\":\"BreadcrumbList\",\"@id\":\"https:\\\/\\\/www.frankmxparts.com.iclicksapp.nl\\\/de\\\/versand-zahlungsoptionen#breadcrumb\",\"itemListElement\":[{\"@type\":\"ListItem\",\"position\":1,\"name\":\"Home\",\"item\":\"https:\\\/\\\/www.frankmxparts.com.iclicksapp.nl\\\/de\"},{\"@type\":\"ListItem\",\"position\":2,\"name\":\"Versand- &#038; Zahlungsoptionen\"}]},{\"@type\":\"WebSite\",\"@id\":\"https:\\\/\\\/www.frankmxparts.com.iclicksapp.nl\\\/de\\\/#website\",\"url\":\"https:\\\/\\\/www.frankmxparts.com.iclicksapp.nl\\\/de\\\/\",\"name\":\"Frank! MXParts\",\"description\":\"\",\"publisher\":{\"@id\":\"https:\\\/\\\/www.frankmxparts.com.iclicksapp.nl\\\/de\\\/#organization\"},\"potentialAction\":[{\"@type\":\"SearchAction\",\"target\":{\"@type\":\"EntryPoint\",\"urlTemplate\":\"https:\\\/\\\/www.frankmxparts.com.iclicksapp.nl\\\/de\\\/?s={search_term_string}\"},\"query-input\":{\"@type\":\"PropertyValueSpecification\",\"valueRequired\":true,\"valueName\":\"search_term_string\"}}],\"inLanguage\":\"de\"},{\"@type\":\"Organization\",\"@id\":\"https:\\\/\\\/www.frankmxparts.com.iclicksapp.nl\\\/de\\\/#organization\",\"name\":\"Frank! MXParts\",\"url\":\"https:\\\/\\\/www.frankmxparts.com.iclicksapp.nl\\\/de\\\/\",\"logo\":{\"@type\":\"ImageObject\",\"inLanguage\":\"de\",\"@id\":\"https:\\\/\\\/www.frankmxparts.com.iclicksapp.nl\\\/de\\\/#\\\/schema\\\/logo\\\/image\\\/\",\"url\":\"https:\\\/\\\/www.frankmxparts.com.iclicksapp.nl\\\/wp-content\\\/uploads\\\/2024\\\/01\\\/frank-mxparts-logo.svg\",\"contentUrl\":\"https:\\\/\\\/www.frankmxparts.com.iclicksapp.nl\\\/wp-content\\\/uploads\\\/2024\\\/01\\\/frank-mxparts-logo.svg\",\"width\":301,\"height\":88,\"caption\":\"Frank! MXParts\"},\"image\":{\"@id\":\"https:\\\/\\\/www.frankmxparts.com.iclicksapp.nl\\\/de\\\/#\\\/schema\\\/logo\\\/image\\\/\"}}]}<\/script>\n<!-- \/ Yoast SEO plugin. -->","yoast_head_json":{"title":"Versand- & Zahlungsoptionen - Frank! MXParts","robots":{"index":"noindex","follow":"follow","max-snippet":"max-snippet:-1","max-image-preview":"max-image-preview:large","max-video-preview":"max-video-preview:-1"},"og_locale":"de_DE","og_type":"article","og_title":"Versand- & Zahlungsoptionen - Frank! MXParts","og_description":"Versandoptionen Wir versenden mit den folgenden Versanddienstleistern: PostNL DHL UPS Deutsche Post Die Verf\u00fcgbarkeit der Versanddienstleister h\u00e4ngt vom Zielort sowie von Gr\u00f6\u00dfe\/Gewicht des Pakets ab. Zahlungsoptionen Verf\u00fcgbare Zahlungsmethoden: Apple Pay Google Pay iDEAL EPS \u00dcberweisung Bancontact PayPal SEPA Visa Mastercard Zahlungssicherheit: Alle Zahlungen werden \u00fcber sichere Zahlungsanbieter verarbeitet. Wir speichern Ihre Zahlungsdaten nicht.","og_url":"https:\/\/www.frankmxparts.com.iclicksapp.nl\/de\/versand-zahlungsoptionen","og_site_name":"Frank! MXParts","article_modified_time":"2026-02-22T13:20:35+00:00","twitter_card":"summary_large_image","schema":{"@context":"https:\/\/schema.org","@graph":[{"@type":"WebPage","@id":"https:\/\/www.frankmxparts.com.iclicksapp.nl\/de\/versand-zahlungsoptionen","url":"https:\/\/www.frankmxparts.com.iclicksapp.nl\/de\/versand-zahlungsoptionen","name":"Versand- & Zahlungsoptionen - Frank! MXParts","isPartOf":{"@id":"https:\/\/www.frankmxparts.com.iclicksapp.nl\/de\/#website"},"datePublished":"2026-02-16T11:37:55+00:00","dateModified":"2026-02-22T13:20:35+00:00","breadcrumb":{"@id":"https:\/\/www.frankmxparts.com.iclicksapp.nl\/de\/versand-zahlungsoptionen#breadcrumb"},"inLanguage":"de","potentialAction":[{"@type":"ReadAction","target":["https:\/\/www.frankmxparts.com.iclicksapp.nl\/de\/versand-zahlungsoptionen"]}]},{"@type":"BreadcrumbList","@id":"https:\/\/www.frankmxparts.com.iclicksapp.nl\/de\/versand-zahlungsoptionen#breadcrumb","itemListElement":[{"@type":"ListItem","position":1,"name":"Home","item":"https:\/\/www.frankmxparts.com.iclicksapp.nl\/de"},{"@type":"ListItem","position":2,"name":"Versand- &#038; Zahlungsoptionen"}]},{"@type":"WebSite","@id":"https:\/\/www.frankmxparts.com.iclicksapp.nl\/de\/#website","url":"https:\/\/www.frankmxparts.com.iclicksapp.nl\/de\/","name":"Frank! MXParts","description":"","publisher":{"@id":"https:\/\/www.frankmxparts.com.iclicksapp.nl\/de\/#organization"},"potentialAction":[{"@type":"SearchAction","target":{"@type":"EntryPoint","urlTemplate":"https:\/\/www.frankmxparts.com.iclicksapp.nl\/de\/?s={search_term_string}"},"query-input":{"@type":"PropertyValueSpecification","valueRequired":true,"valueName":"search_term_string"}}],"inLanguage":"de"},{"@type":"Organization","@id":"https:\/\/www.frankmxparts.com.iclicksapp.nl\/de\/#organization","name":"Frank! MXParts","url":"https:\/\/www.frankmxparts.com.iclicksapp.nl\/de\/","logo":{"@type":"ImageObject","inLanguage":"de","@id":"https:\/\/www.frankmxparts.com.iclicksapp.nl\/de\/#\/schema\/logo\/image\/","url":"https:\/\/www.frankmxparts.com.iclicksapp.nl\/wp-content\/uploads\/2024\/01\/frank-mxparts-logo.svg","contentUrl":"https:\/\/www.frankmxparts.com.iclicksapp.nl\/wp-content\/uploads\/2024\/01\/frank-mxparts-logo.svg","width":301,"height":88,"caption":"Frank! MXParts"},"image":{"@id":"https:\/\/www.frankmxparts.com.iclicksapp.nl\/de\/#\/schema\/logo\/image\/"}}]}},"_links":{"self":[{"href":"https:\/\/www.frankmxparts.com.iclicksapp.nl\/de\/wp-json\/wp\/v2\/pages\/222675","targetHints":{"allow":["GET"]}}],"collection":[{"href":"https:\/\/www.frankmxparts.com.iclicksapp.nl\/de\/wp-json\/wp\/v2\/pages"}],"about":[{"href":"https:\/\/www.frankmxparts.com.iclicksapp.nl\/de\/wp-json\/wp\/v2\/types\/page"}],"author":[{"embeddable":true,"href":"https:\/\/www.frankmxparts.com.iclicksapp.nl\/de\/wp-json\/wp\/v2\/users\/2"}],"replies":[{"embeddable":true,"href":"https:\/\/www.frankmxparts.com.iclicksapp.nl\/de\/wp-json\/wp\/v2\/comments?post=222675"}],"version-history":[{"count":2,"href":"https:\/\/www.frankmxparts.com.iclicksapp.nl\/de\/wp-json\/wp\/v2\/pages\/222675\/revisions"}],"predecessor-version":[{"id":222759,"href":"https:\/\/www.frankmxparts.com.iclicksapp.nl\/de\/wp-json\/wp\/v2\/pages\/222675\/revisions\/222759"}],"wp:attachment":[{"href":"https:\/\/www.frankmxparts.com.iclicksapp.nl\/de\/wp-json\/wp\/v2\/media?parent=222675"}],"curies":[{"name":"wp","href":"https:\/\/api.w.org\/{rel}","templated":true}]}}