{"id":81897,"date":"2023-11-27T13:42:35","date_gmt":"2023-11-27T12:42:35","guid":{"rendered":"https:\/\/www.frankmxparts.com.iclicksapp.nl\/privacybeleid"},"modified":"2026-02-22T14:07:33","modified_gmt":"2026-02-22T13:07:33","slug":"privacybeleid","status":"publish","type":"page","link":"https:\/\/www.frankmxparts.com.iclicksapp.nl\/de\/datenschutz","title":{"rendered":"Datenschutz"},"content":{"rendered":"<table id=\"table_algemenevoorwaarden\" class=\"av\" border=\"0\" width=\"100%\" cellspacing=\"0\" cellpadding=\"0\" align=\"center\">\n<tbody>\n<tr>\n<td colspan=\"2\">\n<h3><\/h3>\n<\/td>\n<\/tr>\n<tr>\n<td colspan=\"2\">Frank! MXParts respektiert die Privatsph\u00e4re jedes Besuchers unserer Website und stellt sicher, dass Ihre pers\u00f6nlichen Daten vertraulich behandelt werden. Wir verwenden Ihre Daten, um Ihren Einkauf so reibungslos wie m\u00f6glich abzuwickeln. Ohne Ihre Zustimmung werden Ihre Daten f\u00fcr nichts anderes verwendet. Wir geben Ihre Daten nur an Dritte weiter, die direkt an der Ausf\u00fchrung Ihrer Bestellung beteiligt sind; wir werden Ihre personenbezogenen Daten niemals an Dritte verkaufen.<\/td>\n<\/tr>\n<tr>\n<td><\/td>\n<\/tr>\n<p><!-- witregel boven kop --><\/p>\n<tr>\n<td colspan=\"2\" style=\"height:18px; line-height:18px;\">&nbsp;<\/td>\n<\/tr>\n<tr align=\"left\">\n<th colspan=\"2\">Welche Daten werden gespeichert, welche nicht, und warum?<\/th>\n<\/tr>\n<tr>\n<td valign=\"top\" width=\"35\">&#8211;<\/td>\n<td>Wenn Sie eine Bestellung aufgeben, ben\u00f6tigen wir Ihren Namen, Ihre E-Mail-Adresse, Ihre Lieferadresse und Ihre Zahlungsdaten, um die Bestellung auszuf\u00fchren.<\/td>\n<\/tr>\n<tr>\n<td valign=\"top\">&#8211;<\/td>\n<td>Um einen reibungslosen Einkaufsprozess zu gew\u00e4hrleisten, speichern wir mit Ihrer Zustimmung Ihre personenbezogenen Daten zusammen mit Angaben zu Ihrer Bestellung und der Nutzung unserer Dienstleistungen. Dadurch k\u00f6nnen wir unsere Website verbessern und personalisieren.<\/td>\n<\/tr>\n<tr>\n<td valign=\"top\">&#8211;<\/td>\n<td>Wir verwenden Ihre E-Mail-Adresse, um Sie \u00fcber den Bestellstatus, \u00fcber die Entwicklung unserer Website und \u00fcber Sonderangebote zu informieren. Wenn Sie m\u00f6chten, k\u00f6nnen Sie sich jederzeit von unserer Liste abmelden.<\/td>\n<\/tr>\n<tr>\n<td valign=\"top\">&#8211;<\/td>\n<td>Zahlungsdaten werden niemals gespeichert.<\/td>\n<\/tr>\n<tr>\n<td valign=\"top\">&#8211;<\/td>\n<td>Neben den personenbezogenen Daten, die Sie uns zur Verf\u00fcgung stellen, kann unsere Website Technologien verwenden, um Informationen wie Ihre IP-Adresse, Ihr Betriebssystem, Ihr Browsersystem, Ihr Surfverhalten auf unserer Website und Informationen \u00fcber verweisende Websites zu erfassen, um unsere Website zu verbessern.<\/td>\n<\/tr>\n<tr>\n<td colspan=\"2\"><\/td>\n<\/tr>\n<p><!-- witregel boven kop --><\/p>\n<tr>\n<td colspan=\"2\" style=\"height:18px; line-height:18px;\">&nbsp;<\/td>\n<\/tr>\n<tr align=\"left\">\n<th colspan=\"2\">Richtigkeit der Informationen<\/th>\n<\/tr>\n<tr>\n<td colspan=\"2\">Ohne weitere Zustimmung kann Frank! MXParts personenbezogene Daten in unserer Datenbank erg\u00e4nzen, korrigieren oder entfernen, wenn diese unvollst\u00e4ndig, falsch oder veraltet sind.<\/td>\n<\/tr>\n<tr>\n<td colspan=\"2\"><\/td>\n<\/tr>\n<p><!-- witregel boven kop --><\/p>\n<tr>\n<td colspan=\"2\" style=\"height:18px; line-height:18px;\">&nbsp;<\/td>\n<\/tr>\n<tr align=\"left\">\n<th colspan=\"2\">Materialien zur Ver\u00f6ffentlichung<\/th>\n<\/tr>\n<tr>\n<td colspan=\"2\">Jeder Text, jedes Foto, jedes Bild, jedes Logo, jeder Firmenname, jeder Domainname und alle anderen von Frank! MXParts verwendeten Daten sind urheberrechtlich gesch\u00fctzt und geh\u00f6ren Frank! MXParts. Die Nutzung dieser Daten in irgendeiner Form erfordert die schriftliche Genehmigung von Frank! MXParts.<\/td>\n<\/tr>\n<tr>\n<td colspan=\"2\"><\/td>\n<\/tr>\n<p><!-- witregel boven kop --><\/p>\n<tr>\n<td colspan=\"2\" style=\"height:18px; line-height:18px;\">&nbsp;<\/td>\n<\/tr>\n<tr align=\"left\">\n<th colspan=\"2\">Sicherheit<\/th>\n<\/tr>\n<tr>\n<td colspan=\"2\">Obwohl bei der Daten\u00fcbertragung immer Risiken bestehen, versichern wir Ihnen, dass wir alles tun, um unbefugten Zugriff oder unbefugte Nutzung Ihrer personenbezogenen Daten zu verhindern. Frank! MXParts verwendet einen sicheren SSL-Server zum Empfangen und Versenden von Informationen.<\/td>\n<\/tr>\n<tr>\n<td colspan=\"2\"><\/td>\n<\/tr>\n<p><!-- witregel boven kop --><\/p>\n<tr>\n<td colspan=\"2\" style=\"height:18px; line-height:18px;\">&nbsp;<\/td>\n<\/tr>\n<tr align=\"left\">\n<th colspan=\"2\">Benutzeridentifizierung<\/th>\n<\/tr>\n<tr>\n<td colspan=\"2\">Es ist m\u00f6glich, dass Frank! MXParts \u201eCookies\u201c auf Ihrem PC verwendet, um Besucher zu identifizieren. Diese \u201eCookies\u201c (kleine Textdateien) enthalten Informationen dar\u00fcber, wie Besucher unsere Website nutzen, und werden verwendet, um unsere Website zu verbessern. Die Verwendung von Cookies ist ein Branchenstandard und es gibt viele Websites, die sie verwenden. Sie werden auf Ihrem PC gespeichert und nicht auf unseren Servern. Wenn Sie keine Cookies erhalten m\u00f6chten oder informiert werden m\u00f6chten, wenn Cookies auf Ihrem System gespeichert werden, k\u00f6nnen Sie Ihren Browser entsprechend einstellen.<\/td>\n<\/tr>\n<tr>\n<td colspan=\"2\"><\/td>\n<\/tr>\n<p><!-- witregel boven kop --><\/p>\n<tr>\n<td colspan=\"2\" style=\"height:18px; line-height:18px;\">&nbsp;<\/td>\n<\/tr>\n<tr align=\"left\">\n<th colspan=\"2\">\u00c4nderungen der Website<\/th>\n<\/tr>\n<tr>\n<td colspan=\"2\">Frank! MXParts kann dieses Datenschutzrichtlinie jederzeit, mit oder ohne vorherige Ank\u00fcndigung, \u00e4ndern, den Zugang zu dieser Website \u00e4ndern oder verweigern oder die Inhalte der Website \u00e4ndern. Wenn \u00c4nderungen unserer Datenschutzrichtlinie erforderlich sind, finden Sie die aktuellsten Informationen auf dieser Seite.<\/td>\n<\/tr>\n<tr>\n<td colspan=\"2\"><\/td>\n<\/tr>\n<tr>\n<td colspan=\"2\">Eine digitale Kopie dieser Allgemeinen Gesch\u00e4ftsbedingungen wird in K\u00fcrze zum Download verf\u00fcgbar sein. Eine schriftliche Kopie dieser Datenschutzrichtlinie kann jederzeit angefordert werden und wird innerhalb von 3 Werktagen zugesandt.<\/td>\n<\/tr>\n<tr>\n<td colspan=\"2\"><\/td>\n<\/tr>\n<\/tbody>\n<\/table>\n","protected":false},"excerpt":{"rendered":"<p>Frank! MXParts respektiert die Privatsph\u00e4re jedes Besuchers unserer Website und stellt sicher, dass Ihre pers\u00f6nlichen Daten vertraulich behandelt werden. Wir verwenden Ihre Daten, um Ihren Einkauf so reibungslos wie m\u00f6glich abzuwickeln. Ohne Ihre Zustimmung werden Ihre Daten f\u00fcr nichts anderes verwendet. Wir geben Ihre Daten nur an Dritte weiter, die direkt an der Ausf\u00fchrung Ihrer [&hellip;]<\/p>\n","protected":false},"author":1,"featured_media":0,"parent":0,"menu_order":11,"comment_status":"closed","ping_status":"closed","template":"","meta":{"_acf_changed":false,"footnotes":""},"class_list":["post-81897","page","type-page","status-publish","hentry"],"acf":[],"yoast_head":"<!-- This site is optimized with the Yoast SEO plugin v27.3 - https:\/\/yoast.com\/product\/yoast-seo-wordpress\/ -->\n<title>Datenschutz - Frank! MXParts<\/title>\n<meta name=\"robots\" content=\"noindex, follow, max-snippet:-1, max-image-preview:large, max-video-preview:-1\" \/>\n<meta property=\"og:locale\" content=\"de_DE\" \/>\n<meta property=\"og:type\" content=\"article\" \/>\n<meta property=\"og:title\" content=\"Datenschutz - Frank! MXParts\" \/>\n<meta property=\"og:description\" content=\"Frank! MXParts respektiert die Privatsph\u00e4re jedes Besuchers unserer Website und stellt sicher, dass Ihre pers\u00f6nlichen Daten vertraulich behandelt werden. Wir verwenden Ihre Daten, um Ihren Einkauf so reibungslos wie m\u00f6glich abzuwickeln. Ohne Ihre Zustimmung werden Ihre Daten f\u00fcr nichts anderes verwendet. Wir geben Ihre Daten nur an Dritte weiter, die direkt an der Ausf\u00fchrung Ihrer [&hellip;]\" \/>\n<meta property=\"og:url\" content=\"https:\/\/www.frankmxparts.com.iclicksapp.nl\/de\/datenschutz\" \/>\n<meta property=\"og:site_name\" content=\"Frank! MXParts\" \/>\n<meta property=\"article:modified_time\" content=\"2026-02-22T13:07:33+00:00\" \/>\n<meta name=\"twitter:card\" content=\"summary_large_image\" \/>\n<meta name=\"twitter:label1\" content=\"Gesch\u00e4tzte Lesezeit\" \/>\n\t<meta name=\"twitter:data1\" content=\"3\u00a0Minuten\" \/>\n<script type=\"application\/ld+json\" class=\"yoast-schema-graph\">{\"@context\":\"https:\\\/\\\/schema.org\",\"@graph\":[{\"@type\":\"WebPage\",\"@id\":\"https:\\\/\\\/www.frankmxparts.com.iclicksapp.nl\\\/de\\\/datenschutz\",\"url\":\"https:\\\/\\\/www.frankmxparts.com.iclicksapp.nl\\\/de\\\/datenschutz\",\"name\":\"Datenschutz - Frank! MXParts\",\"isPartOf\":{\"@id\":\"https:\\\/\\\/www.frankmxparts.com.iclicksapp.nl\\\/de\\\/#website\"},\"datePublished\":\"2023-11-27T12:42:35+00:00\",\"dateModified\":\"2026-02-22T13:07:33+00:00\",\"breadcrumb\":{\"@id\":\"https:\\\/\\\/www.frankmxparts.com.iclicksapp.nl\\\/de\\\/datenschutz#breadcrumb\"},\"inLanguage\":\"de\",\"potentialAction\":[{\"@type\":\"ReadAction\",\"target\":[\"https:\\\/\\\/www.frankmxparts.com.iclicksapp.nl\\\/de\\\/datenschutz\"]}]},{\"@type\":\"BreadcrumbList\",\"@id\":\"https:\\\/\\\/www.frankmxparts.com.iclicksapp.nl\\\/de\\\/datenschutz#breadcrumb\",\"itemListElement\":[{\"@type\":\"ListItem\",\"position\":1,\"name\":\"Home\",\"item\":\"https:\\\/\\\/www.frankmxparts.com.iclicksapp.nl\\\/de\"},{\"@type\":\"ListItem\",\"position\":2,\"name\":\"Datenschutz\"}]},{\"@type\":\"WebSite\",\"@id\":\"https:\\\/\\\/www.frankmxparts.com.iclicksapp.nl\\\/de\\\/#website\",\"url\":\"https:\\\/\\\/www.frankmxparts.com.iclicksapp.nl\\\/de\\\/\",\"name\":\"Frank! MXParts\",\"description\":\"\",\"publisher\":{\"@id\":\"https:\\\/\\\/www.frankmxparts.com.iclicksapp.nl\\\/de\\\/#organization\"},\"potentialAction\":[{\"@type\":\"SearchAction\",\"target\":{\"@type\":\"EntryPoint\",\"urlTemplate\":\"https:\\\/\\\/www.frankmxparts.com.iclicksapp.nl\\\/de\\\/?s={search_term_string}\"},\"query-input\":{\"@type\":\"PropertyValueSpecification\",\"valueRequired\":true,\"valueName\":\"search_term_string\"}}],\"inLanguage\":\"de\"},{\"@type\":\"Organization\",\"@id\":\"https:\\\/\\\/www.frankmxparts.com.iclicksapp.nl\\\/de\\\/#organization\",\"name\":\"Frank! MXParts\",\"url\":\"https:\\\/\\\/www.frankmxparts.com.iclicksapp.nl\\\/de\\\/\",\"logo\":{\"@type\":\"ImageObject\",\"inLanguage\":\"de\",\"@id\":\"https:\\\/\\\/www.frankmxparts.com.iclicksapp.nl\\\/de\\\/#\\\/schema\\\/logo\\\/image\\\/\",\"url\":\"https:\\\/\\\/www.frankmxparts.com.iclicksapp.nl\\\/wp-content\\\/uploads\\\/2024\\\/01\\\/frank-mxparts-logo.svg\",\"contentUrl\":\"https:\\\/\\\/www.frankmxparts.com.iclicksapp.nl\\\/wp-content\\\/uploads\\\/2024\\\/01\\\/frank-mxparts-logo.svg\",\"width\":301,\"height\":88,\"caption\":\"Frank! MXParts\"},\"image\":{\"@id\":\"https:\\\/\\\/www.frankmxparts.com.iclicksapp.nl\\\/de\\\/#\\\/schema\\\/logo\\\/image\\\/\"}}]}<\/script>\n<!-- \/ Yoast SEO plugin. -->","yoast_head_json":{"title":"Datenschutz - Frank! MXParts","robots":{"index":"noindex","follow":"follow","max-snippet":"max-snippet:-1","max-image-preview":"max-image-preview:large","max-video-preview":"max-video-preview:-1"},"og_locale":"de_DE","og_type":"article","og_title":"Datenschutz - Frank! MXParts","og_description":"Frank! MXParts respektiert die Privatsph\u00e4re jedes Besuchers unserer Website und stellt sicher, dass Ihre pers\u00f6nlichen Daten vertraulich behandelt werden. Wir verwenden Ihre Daten, um Ihren Einkauf so reibungslos wie m\u00f6glich abzuwickeln. Ohne Ihre Zustimmung werden Ihre Daten f\u00fcr nichts anderes verwendet. Wir geben Ihre Daten nur an Dritte weiter, die direkt an der Ausf\u00fchrung Ihrer [&hellip;]","og_url":"https:\/\/www.frankmxparts.com.iclicksapp.nl\/de\/datenschutz","og_site_name":"Frank! MXParts","article_modified_time":"2026-02-22T13:07:33+00:00","twitter_card":"summary_large_image","twitter_misc":{"Gesch\u00e4tzte Lesezeit":"3\u00a0Minuten"},"schema":{"@context":"https:\/\/schema.org","@graph":[{"@type":"WebPage","@id":"https:\/\/www.frankmxparts.com.iclicksapp.nl\/de\/datenschutz","url":"https:\/\/www.frankmxparts.com.iclicksapp.nl\/de\/datenschutz","name":"Datenschutz - Frank! MXParts","isPartOf":{"@id":"https:\/\/www.frankmxparts.com.iclicksapp.nl\/de\/#website"},"datePublished":"2023-11-27T12:42:35+00:00","dateModified":"2026-02-22T13:07:33+00:00","breadcrumb":{"@id":"https:\/\/www.frankmxparts.com.iclicksapp.nl\/de\/datenschutz#breadcrumb"},"inLanguage":"de","potentialAction":[{"@type":"ReadAction","target":["https:\/\/www.frankmxparts.com.iclicksapp.nl\/de\/datenschutz"]}]},{"@type":"BreadcrumbList","@id":"https:\/\/www.frankmxparts.com.iclicksapp.nl\/de\/datenschutz#breadcrumb","itemListElement":[{"@type":"ListItem","position":1,"name":"Home","item":"https:\/\/www.frankmxparts.com.iclicksapp.nl\/de"},{"@type":"ListItem","position":2,"name":"Datenschutz"}]},{"@type":"WebSite","@id":"https:\/\/www.frankmxparts.com.iclicksapp.nl\/de\/#website","url":"https:\/\/www.frankmxparts.com.iclicksapp.nl\/de\/","name":"Frank! MXParts","description":"","publisher":{"@id":"https:\/\/www.frankmxparts.com.iclicksapp.nl\/de\/#organization"},"potentialAction":[{"@type":"SearchAction","target":{"@type":"EntryPoint","urlTemplate":"https:\/\/www.frankmxparts.com.iclicksapp.nl\/de\/?s={search_term_string}"},"query-input":{"@type":"PropertyValueSpecification","valueRequired":true,"valueName":"search_term_string"}}],"inLanguage":"de"},{"@type":"Organization","@id":"https:\/\/www.frankmxparts.com.iclicksapp.nl\/de\/#organization","name":"Frank! MXParts","url":"https:\/\/www.frankmxparts.com.iclicksapp.nl\/de\/","logo":{"@type":"ImageObject","inLanguage":"de","@id":"https:\/\/www.frankmxparts.com.iclicksapp.nl\/de\/#\/schema\/logo\/image\/","url":"https:\/\/www.frankmxparts.com.iclicksapp.nl\/wp-content\/uploads\/2024\/01\/frank-mxparts-logo.svg","contentUrl":"https:\/\/www.frankmxparts.com.iclicksapp.nl\/wp-content\/uploads\/2024\/01\/frank-mxparts-logo.svg","width":301,"height":88,"caption":"Frank! MXParts"},"image":{"@id":"https:\/\/www.frankmxparts.com.iclicksapp.nl\/de\/#\/schema\/logo\/image\/"}}]}},"_links":{"self":[{"href":"https:\/\/www.frankmxparts.com.iclicksapp.nl\/de\/wp-json\/wp\/v2\/pages\/81897","targetHints":{"allow":["GET"]}}],"collection":[{"href":"https:\/\/www.frankmxparts.com.iclicksapp.nl\/de\/wp-json\/wp\/v2\/pages"}],"about":[{"href":"https:\/\/www.frankmxparts.com.iclicksapp.nl\/de\/wp-json\/wp\/v2\/types\/page"}],"author":[{"embeddable":true,"href":"https:\/\/www.frankmxparts.com.iclicksapp.nl\/de\/wp-json\/wp\/v2\/users\/1"}],"replies":[{"embeddable":true,"href":"https:\/\/www.frankmxparts.com.iclicksapp.nl\/de\/wp-json\/wp\/v2\/comments?post=81897"}],"version-history":[{"count":1,"href":"https:\/\/www.frankmxparts.com.iclicksapp.nl\/de\/wp-json\/wp\/v2\/pages\/81897\/revisions"}],"predecessor-version":[{"id":222755,"href":"https:\/\/www.frankmxparts.com.iclicksapp.nl\/de\/wp-json\/wp\/v2\/pages\/81897\/revisions\/222755"}],"wp:attachment":[{"href":"https:\/\/www.frankmxparts.com.iclicksapp.nl\/de\/wp-json\/wp\/v2\/media?parent=81897"}],"curies":[{"name":"wp","href":"https:\/\/api.w.org\/{rel}","templated":true}]}}