{"id":81911,"date":"2023-12-01T07:28:06","date_gmt":"2023-12-01T06:28:06","guid":{"rendered":"https:\/\/www.frankmxparts.com.iclicksapp.nl\/contact"},"modified":"2024-10-01T10:56:39","modified_gmt":"2024-10-01T08:56:39","slug":"contact","status":"publish","type":"page","link":"https:\/\/www.frankmxparts.com.iclicksapp.nl\/de\/kontakt","title":{"rendered":"Kontakt"},"content":{"rendered":"<p><strong>Wir sind hier um zu helfen<\/strong>\u00a0&#8211; erwarten Sie innerhalb von 24 Stunden eine Antwort von uns.<\/p>\n<p><strong>Hinweis 1<\/strong>: \u00fcberpr\u00fcfen Sie Ihre E-Mail-Adresse<br \/>\n<strong>Hinweis 2<\/strong>: \u00fcberpr\u00fcfen Sie Ihre Spam-Box;\u00a0Unsere Antwort k\u00f6nnte dort landen<\/p>\n<form method=\"post\" class=\"acfe-form\" data-cid=\"69e12d12a4be5\">\t<div id=\"acf-form-data\" class=\"acf-hidden\">\n\t\t<input type=\"hidden\" id=\"_acf_screen\" name=\"_acf_screen\" value=\"acfe_form\"\/><input type=\"hidden\" id=\"_acf_post_id\" name=\"_acf_post_id\" value=\"81911\"\/><input type=\"hidden\" id=\"_acf_validation\" name=\"_acf_validation\" value=\"1\"\/><input type=\"hidden\" id=\"_acf_form\" name=\"_acf_form\" value=\"RDNGeWx5b3NDM2tRWFRsZzlFYVVXdHRhS1U2OEJGNm9IU1IrUXBGdDB3V1kweTJuWnBsU0JkWlptM0JwbVk4Q055WXdkVVd6OEREcFF2SXRKSkZWSWQ2UnlWN0FEaHE2aDBWRW9rMFphdlROeTJMRi9STUJoRFQvTXl2ZmluU21kUWhvODZLQWNxeHg2WEtlL203MFVYeHpoK0pFaWZDYU42Y3VVV2gyRmhxdWI1bWlxSHFUUXI4QXRuQm1GOW9sd3drUjRIajk0MXRhSzUyTFl5ZlZwOEUrc016NVN3Zkp2Q05KcWZralB6NldDZSs4N0ovUEpSSTc4MXdrK014dzdZUXdEemJubmhtUnZqOHFaVEhlU0JhYWtrcXRIVUhqU2pKRk9oZ1k3V1A4b1R1bmo0ejlNS1hSK0VrcEpXSlJOQnFacVd3Q1FCdVNCVE1GcmpxeDNQbmhPcStzL2hTQzJULzBqa1I0QjBzaEc3Slg3ZjYwalBLNFVqL1kzSkpESGxXVUR2eUVoVUxoR0pVWktyZFFlYUV1UTJCZWdqZlFHZHJDckJqMXlKK215cG1lcXRaRUJoTmRTR0hGaUtqYjlVT1dYM3BMVjMrUU9VUkRxVDNZWk9WZGY4R1NINGdINk9GTXBDaWxrRm1QUTMvcUpRcXMxS0xxMnpGV3FxeE50TW84QS84V0N5blAzSTgvQVAzR2VkbTdVcW9WeXB2WFVRMk4ySVhCR3dlQWVRUk52bExKNmdZY0VLZmlHY3J3N0Q1NmFKTjF4QTZJNjFBdnhXalgwVEZlVzVFV2ZLdDhyaGNEVWh5ZDlWWGxRSFlMTGdNODZNMkllRDRLdFRZN0lySkpaQUhteWNQc1Y1V016S1gyRXJOM3NLQWNMeFVSZkwvZklMM3B1WVJ2YnlVcStXOXM1Y0tRS3hHc3lXczBHMFN5NFV2amFZVDRZN2s5NUgrY29YUkpwalpUeHplczN4clEyOTU3bXhFVFkxdnRJRmlnVWgxZWp5cjdNeTJWN1JUSmc5TmIyTVlFWjE0ZFFiUmx5TXQyQ05xVEtIditPTnE0ZEczRTZ0WW5USVBPTXlmakhxNWFqb1d3bkFVTHNIcmt5Ym96Nk1GbDA2RWFRendzQ3VYaDVZRGVKcmdtRHBkeldrSnNwNlpLdWR5WGpSeU0rMEdtZ0VRSFlQNDkyR0gvOUNDbVoyMVdrTi9hVzNjTkFISDdZTVJrSVJQRkRVVzNUMW8wcXZ1dW9pZVpjQ2N4SGtMenRYbFkyRGlSVzBZOTRHOHJmV09FRE9DaWlET2F0S3dLSjlNeDBqUFZ2c0dJQlFQM2dJcm9TaGNXQmxmMUcvOVBSU2llcDZUQXlkWlpERDhyb1pxL1ZEbHNXNkQ3dnlaZU5QWnU3UE1oR1Mxa0FEQlpRcDVmUVgwdWJ2SElieGRwQk1HQ1JIV2cxNGxZQU8vKzVCUnZYdVJOSlcrTjV4amV2VEJyR2Q4SGxMdEVwWnhpMHpPSmg1RTJtSys5UHR6cmd4ZXAvSm90aXpGdGFmeUowWHViMzg2Q1NlRlNETTd2Y0FXYWFlTFg1bEVFQ2t2aE5xajNhRmFncGtrbkJzSXY5K2FMd0NEMi9hMjZLdmhIb1VIYUZnUVhIblJONzV6REtBRzRvSW9mTHJTU09ZamZrWHZSN1l6R1VxYjRueVp0VUtBZnR4S01GMWtlelhwR3hJUmd6cGd0VUo2SDhHYy8zUVlLalRBQlpoVkd2TFd4T2laZ2FIcS9rTjJoQk9KWDBBb0twMjF2c3BGZlcvWVBHa3dZaEJRREwwUGZCS25wNW54TlZGeFJXajVxY0tYaGl4L2R1MEIybVpTakpNWTNXaVY3MlNMK3VDM3JVWDg1clFnNHpxRm4xM0FSZXIxRmFzeWZWcUNtTmtyRE8wMUJ4Mjc5U1UzWE5OT2RwOFBZemlkN0lxN1VxMmsxV0REOG1IUXBBc2xMRnNrTFlESk9xQ1NKQVNoNlcyWWE4WUEzaHV6WE9ici9GaUhBbGxXOW5uaXM2OEUwTVNPeWU4Z2hJZUZUdWNtV0tzL3dKOWo2ZFdhODEwTzN6MFZ1dExpWmlsU1JzWGZ1aitCMFROUXdJSVhEQjc5VUJzNkFRL2hLSE1yMzdadVkyNkgzNG9yT0NINHRzaURwaDQwSEM2TjhUajVIRFZ1ZHRNeUEvcGpzMFYrSjVhR3E3M2JYTFJZeUhLRGhTeVBFZDA2ZlIwYy9UWTlBRWRURi9XTzBPVm1qYUhLaGZqS1Q1V2p6YWRHSEsySTFjU0I0dzdFREhMM3RQR2o0MXA2dlgyUmFPWHJudjFOamk2TkpWdlVObWxLQzlRKzBPVzJUSld4Q3FWamQ5SHhNNjFGdEpuNzllNUh3elRaZW45NmdiRTljMjF3eGpPcCtMc2hsVDVwQW5oTEgwZVROVG5DL3NzVGxjWHYxazBPZHRnZXZVeWZkaGY3R05yYnAvZkgrN0R2Q3Urblk1ZTR5WFJ5VEx6ZDBTZ3cvenpHelp5b0d6Uk1Ha3J2NGV4Um1QVTFYNTArdTRwOTNvZFZTQmpTSDRFeU8vM1lFUXEwUnlkTFc5UE9RYkN2NEFuSEtnQXRmWVF6akVkVXNPRnY4ZzRicEl4UWxyamtmOWtLN3UyNzdPbXNlQzdmZ2k3N3JEaHBGT1dRdEtxSzJJSDhWemxzaThHT2NsN3lVZmlTRFBMYlJia09sTFRHT3dEM1BwM0pGRmVJL1FRPT06Oq+iUrdjKsKGRF2M7VygSDM=\"\/><input type=\"hidden\" id=\"_acf_nonce\" name=\"_acf_nonce\" value=\"57315f88be\"\/><input type=\"hidden\" id=\"_acf_changed\" name=\"_acf_changed\" value=\"0\"\/><input type=\"hidden\" id=\"_acf_location[post_id]\" name=\"_acf_location[post_id]\" value=\"81911\"\/>\t<\/div>\n\t<div class=\"acf-fields acf-form-fields -top\"><div class=\"acf-field acf-field-text acf-field--validate-email\" style=\"display:none !important;\" data-name=\"_validate_email\" data-type=\"text\" data-key=\"_validate_email\">\n<div class=\"acf-label\">\n<label for=\"acf-_validate_email\">E-Mail-Adresse best\u00e4tigen<\/label><\/div>\n<div class=\"acf-input\">\n<div class=\"acf-input-wrap\"><input type=\"text\" id=\"acf-_validate_email\" name=\"acf[_validate_email]\"\/><\/div><\/div>\n<\/div>\n<div class=\"acf-field acf-field-acfe-column acf-field-678e0f93d995a acfe-no-label\" data-type=\"acfe_column\" data-key=\"field_678e0f93d995a\" data-columns=\"12\/12\">\n<div class=\"acf-label\">\n<\/div>\n<div class=\"acf-input\">\n        <div class=\"acf-fields\"><\/div>\r\n        <\/div>\n<\/div>\n<div class=\"acf-field acf-field-text acf-field-678e0f93d9990 is-required\" data-name=\"name\" data-type=\"text\" data-key=\"field_678e0f93d9990\" data-required=\"1\">\n<div class=\"acf-label\">\n<label for=\"acf-field_678e0f93d9990\">Name <span class=\"acf-required\">*<\/span><\/label><\/div>\n<div class=\"acf-input\">\n<div class=\"acf-input-wrap\"><input type=\"text\" id=\"acf-field_678e0f93d9990\" name=\"acf[field_678e0f93d9990]\" placeholder=\"Name (required)\" required=\"required\"\/><\/div><\/div>\n<\/div>\n<div class=\"acf-field acf-field-acfe-column acf-field-678e0f93d99cc acfe-no-label\" data-type=\"acfe_column\" data-key=\"field_678e0f93d99cc\" data-columns=\"6\/12\">\n<div class=\"acf-label\">\n<\/div>\n<div class=\"acf-input\">\n        <div class=\"acf-fields\"><\/div>\r\n        <\/div>\n<\/div>\n<div class=\"acf-field acf-field-email acf-field-678e0f93d9a08 is-required\" data-name=\"email\" data-type=\"email\" data-key=\"field_678e0f93d9a08\" data-required=\"1\">\n<div class=\"acf-label\">\n<label for=\"acf-field_678e0f93d9a08\">Email address <span class=\"acf-required\">*<\/span><\/label><\/div>\n<div class=\"acf-input\">\n<div class=\"acf-input-wrap\"><input type=\"email\" id=\"acf-field_678e0f93d9a08\" name=\"acf[field_678e0f93d9a08]\" placeholder=\"Email address (required)\" required=\"required\"\/><\/div><\/div>\n<\/div>\n<div class=\"acf-field acf-field-acfe-column acf-field-678e0f93d9a27 acfe-no-label\" data-type=\"acfe_column\" data-key=\"field_678e0f93d9a27\" data-columns=\"6\/12\">\n<div class=\"acf-label\">\n<\/div>\n<div class=\"acf-input\">\n        <div class=\"acf-fields\"><\/div>\r\n        <\/div>\n<\/div>\n<div class=\"acf-field acf-field-acfe-phone-number acf-field-678e0f93d9a5f\" data-name=\"phone\" data-type=\"acfe_phone_number\" data-key=\"field_678e0f93d9a5f\">\n<div class=\"acf-label\">\n<label for=\"acf-field_678e0f93d9a5f\">Phone number<\/label><\/div>\n<div class=\"acf-input\">\n        <div class=\"acfe-phone-number\" data-countries=\"\" data-preferred_countries=\"[&quot;nl&quot;,&quot;be&quot;]\" data-default_country=\"nl\" data-geolocation=\"0\" data-geolocation_token=\"\" data-native=\"0\" data-dropdown=\"1\" data-dial_code=\"1\" data-national=\"0\" data-placeholder=\"Phone number\">\r\n            <input type=\"hidden\" name=\"acf[field_678e0f93d9a5f]\" value=\"\"\/>            <input type=\"tel\" class=\"input\" value=\"\"\/>        <\/div>\r\n        <\/div>\n<\/div>\n<div class=\"acf-field acf-field-acfe-column acf-field-678e0f93d9a96 acfe-no-label\" data-type=\"acfe_column\" data-key=\"field_678e0f93d9a96\" data-columns=\"12\/12\">\n<div class=\"acf-label\">\n<\/div>\n<div class=\"acf-input\">\n        <div class=\"acf-fields\"><\/div>\r\n        <\/div>\n<\/div>\n<div class=\"acf-field acf-field-textarea acf-field-678e0f93d9acd\" data-name=\"message\" data-type=\"textarea\" data-key=\"field_678e0f93d9acd\">\n<div class=\"acf-label\">\n<label for=\"acf-field_678e0f93d9acd\">Message<\/label><\/div>\n<div class=\"acf-input\">\n<textarea id=\"acf-field_678e0f93d9acd\" name=\"acf[field_678e0f93d9acd]\" placeholder=\"Message\" rows=\"6\"><\/textarea><\/div>\n<\/div>\n<\/div>            <div class=\"acf-form-submit\">\r\n                \r\n                <input type=\"submit\" class=\"acf-button btn btn-primary btn-black button-large\" value=\"Send\" \/>                <span class=\"acf-spinner\"><\/span>\r\n            <\/div>\r\n        <\/form>\n","protected":false},"excerpt":{"rendered":"<p>Wir sind hier um zu helfen\u00a0&#8211; erwarten Sie innerhalb von 24 Stunden eine Antwort von uns. Hinweis 1: \u00fcberpr\u00fcfen Sie Ihre E-Mail-Adresse Hinweis 2: \u00fcberpr\u00fcfen Sie Ihre Spam-Box;\u00a0Unsere Antwort k\u00f6nnte dort landen<\/p>\n","protected":false},"author":1,"featured_media":0,"parent":0,"menu_order":15,"comment_status":"closed","ping_status":"closed","template":"","meta":{"_acf_changed":false,"footnotes":""},"class_list":["post-81911","page","type-page","status-publish","hentry"],"acf":[],"yoast_head":"<!-- This site is optimized with the Yoast SEO plugin v27.3 - https:\/\/yoast.com\/product\/yoast-seo-wordpress\/ -->\n<title>Kontakt - Frank! MXParts<\/title>\n<meta name=\"robots\" content=\"noindex, follow, max-snippet:-1, max-image-preview:large, max-video-preview:-1\" \/>\n<meta property=\"og:locale\" content=\"de_DE\" \/>\n<meta property=\"og:type\" content=\"article\" \/>\n<meta property=\"og:title\" content=\"Kontakt - Frank! MXParts\" \/>\n<meta property=\"og:description\" content=\"Wir sind hier um zu helfen\u00a0&#8211; erwarten Sie innerhalb von 24 Stunden eine Antwort von uns. Hinweis 1: \u00fcberpr\u00fcfen Sie Ihre E-Mail-Adresse Hinweis 2: \u00fcberpr\u00fcfen Sie Ihre Spam-Box;\u00a0Unsere Antwort k\u00f6nnte dort landen\" \/>\n<meta property=\"og:url\" content=\"https:\/\/www.frankmxparts.com.iclicksapp.nl\/de\/kontakt\" \/>\n<meta property=\"og:site_name\" content=\"Frank! MXParts\" \/>\n<meta property=\"article:modified_time\" content=\"2024-10-01T08:56:39+00:00\" \/>\n<meta name=\"twitter:card\" content=\"summary_large_image\" \/>\n<meta name=\"twitter:label1\" content=\"Gesch\u00e4tzte Lesezeit\" \/>\n\t<meta name=\"twitter:data1\" content=\"1\u00a0Minute\" \/>\n<script type=\"application\/ld+json\" class=\"yoast-schema-graph\">{\"@context\":\"https:\\\/\\\/schema.org\",\"@graph\":[{\"@type\":\"WebPage\",\"@id\":\"https:\\\/\\\/www.frankmxparts.com.iclicksapp.nl\\\/de\\\/kontakt\",\"url\":\"https:\\\/\\\/www.frankmxparts.com.iclicksapp.nl\\\/de\\\/kontakt\",\"name\":\"Kontakt - Frank! MXParts\",\"isPartOf\":{\"@id\":\"https:\\\/\\\/www.frankmxparts.com.iclicksapp.nl\\\/de\\\/#website\"},\"datePublished\":\"2023-12-01T06:28:06+00:00\",\"dateModified\":\"2024-10-01T08:56:39+00:00\",\"breadcrumb\":{\"@id\":\"https:\\\/\\\/www.frankmxparts.com.iclicksapp.nl\\\/de\\\/kontakt#breadcrumb\"},\"inLanguage\":\"de\",\"potentialAction\":[{\"@type\":\"ReadAction\",\"target\":[\"https:\\\/\\\/www.frankmxparts.com.iclicksapp.nl\\\/de\\\/kontakt\"]}]},{\"@type\":\"BreadcrumbList\",\"@id\":\"https:\\\/\\\/www.frankmxparts.com.iclicksapp.nl\\\/de\\\/kontakt#breadcrumb\",\"itemListElement\":[{\"@type\":\"ListItem\",\"position\":1,\"name\":\"Home\",\"item\":\"https:\\\/\\\/www.frankmxparts.com.iclicksapp.nl\\\/de\"},{\"@type\":\"ListItem\",\"position\":2,\"name\":\"Kontakt\"}]},{\"@type\":\"WebSite\",\"@id\":\"https:\\\/\\\/www.frankmxparts.com.iclicksapp.nl\\\/de\\\/#website\",\"url\":\"https:\\\/\\\/www.frankmxparts.com.iclicksapp.nl\\\/de\\\/\",\"name\":\"Frank! MXParts\",\"description\":\"\",\"publisher\":{\"@id\":\"https:\\\/\\\/www.frankmxparts.com.iclicksapp.nl\\\/de\\\/#organization\"},\"potentialAction\":[{\"@type\":\"SearchAction\",\"target\":{\"@type\":\"EntryPoint\",\"urlTemplate\":\"https:\\\/\\\/www.frankmxparts.com.iclicksapp.nl\\\/de\\\/?s={search_term_string}\"},\"query-input\":{\"@type\":\"PropertyValueSpecification\",\"valueRequired\":true,\"valueName\":\"search_term_string\"}}],\"inLanguage\":\"de\"},{\"@type\":\"Organization\",\"@id\":\"https:\\\/\\\/www.frankmxparts.com.iclicksapp.nl\\\/de\\\/#organization\",\"name\":\"Frank! MXParts\",\"url\":\"https:\\\/\\\/www.frankmxparts.com.iclicksapp.nl\\\/de\\\/\",\"logo\":{\"@type\":\"ImageObject\",\"inLanguage\":\"de\",\"@id\":\"https:\\\/\\\/www.frankmxparts.com.iclicksapp.nl\\\/de\\\/#\\\/schema\\\/logo\\\/image\\\/\",\"url\":\"https:\\\/\\\/www.frankmxparts.com.iclicksapp.nl\\\/wp-content\\\/uploads\\\/2024\\\/01\\\/frank-mxparts-logo.svg\",\"contentUrl\":\"https:\\\/\\\/www.frankmxparts.com.iclicksapp.nl\\\/wp-content\\\/uploads\\\/2024\\\/01\\\/frank-mxparts-logo.svg\",\"width\":301,\"height\":88,\"caption\":\"Frank! MXParts\"},\"image\":{\"@id\":\"https:\\\/\\\/www.frankmxparts.com.iclicksapp.nl\\\/de\\\/#\\\/schema\\\/logo\\\/image\\\/\"}}]}<\/script>\n<!-- \/ Yoast SEO plugin. -->","yoast_head_json":{"title":"Kontakt - Frank! MXParts","robots":{"index":"noindex","follow":"follow","max-snippet":"max-snippet:-1","max-image-preview":"max-image-preview:large","max-video-preview":"max-video-preview:-1"},"og_locale":"de_DE","og_type":"article","og_title":"Kontakt - Frank! MXParts","og_description":"Wir sind hier um zu helfen\u00a0&#8211; erwarten Sie innerhalb von 24 Stunden eine Antwort von uns. Hinweis 1: \u00fcberpr\u00fcfen Sie Ihre E-Mail-Adresse Hinweis 2: \u00fcberpr\u00fcfen Sie Ihre Spam-Box;\u00a0Unsere Antwort k\u00f6nnte dort landen","og_url":"https:\/\/www.frankmxparts.com.iclicksapp.nl\/de\/kontakt","og_site_name":"Frank! MXParts","article_modified_time":"2024-10-01T08:56:39+00:00","twitter_card":"summary_large_image","twitter_misc":{"Gesch\u00e4tzte Lesezeit":"1\u00a0Minute"},"schema":{"@context":"https:\/\/schema.org","@graph":[{"@type":"WebPage","@id":"https:\/\/www.frankmxparts.com.iclicksapp.nl\/de\/kontakt","url":"https:\/\/www.frankmxparts.com.iclicksapp.nl\/de\/kontakt","name":"Kontakt - Frank! MXParts","isPartOf":{"@id":"https:\/\/www.frankmxparts.com.iclicksapp.nl\/de\/#website"},"datePublished":"2023-12-01T06:28:06+00:00","dateModified":"2024-10-01T08:56:39+00:00","breadcrumb":{"@id":"https:\/\/www.frankmxparts.com.iclicksapp.nl\/de\/kontakt#breadcrumb"},"inLanguage":"de","potentialAction":[{"@type":"ReadAction","target":["https:\/\/www.frankmxparts.com.iclicksapp.nl\/de\/kontakt"]}]},{"@type":"BreadcrumbList","@id":"https:\/\/www.frankmxparts.com.iclicksapp.nl\/de\/kontakt#breadcrumb","itemListElement":[{"@type":"ListItem","position":1,"name":"Home","item":"https:\/\/www.frankmxparts.com.iclicksapp.nl\/de"},{"@type":"ListItem","position":2,"name":"Kontakt"}]},{"@type":"WebSite","@id":"https:\/\/www.frankmxparts.com.iclicksapp.nl\/de\/#website","url":"https:\/\/www.frankmxparts.com.iclicksapp.nl\/de\/","name":"Frank! MXParts","description":"","publisher":{"@id":"https:\/\/www.frankmxparts.com.iclicksapp.nl\/de\/#organization"},"potentialAction":[{"@type":"SearchAction","target":{"@type":"EntryPoint","urlTemplate":"https:\/\/www.frankmxparts.com.iclicksapp.nl\/de\/?s={search_term_string}"},"query-input":{"@type":"PropertyValueSpecification","valueRequired":true,"valueName":"search_term_string"}}],"inLanguage":"de"},{"@type":"Organization","@id":"https:\/\/www.frankmxparts.com.iclicksapp.nl\/de\/#organization","name":"Frank! MXParts","url":"https:\/\/www.frankmxparts.com.iclicksapp.nl\/de\/","logo":{"@type":"ImageObject","inLanguage":"de","@id":"https:\/\/www.frankmxparts.com.iclicksapp.nl\/de\/#\/schema\/logo\/image\/","url":"https:\/\/www.frankmxparts.com.iclicksapp.nl\/wp-content\/uploads\/2024\/01\/frank-mxparts-logo.svg","contentUrl":"https:\/\/www.frankmxparts.com.iclicksapp.nl\/wp-content\/uploads\/2024\/01\/frank-mxparts-logo.svg","width":301,"height":88,"caption":"Frank! MXParts"},"image":{"@id":"https:\/\/www.frankmxparts.com.iclicksapp.nl\/de\/#\/schema\/logo\/image\/"}}]}},"_links":{"self":[{"href":"https:\/\/www.frankmxparts.com.iclicksapp.nl\/de\/wp-json\/wp\/v2\/pages\/81911","targetHints":{"allow":["GET"]}}],"collection":[{"href":"https:\/\/www.frankmxparts.com.iclicksapp.nl\/de\/wp-json\/wp\/v2\/pages"}],"about":[{"href":"https:\/\/www.frankmxparts.com.iclicksapp.nl\/de\/wp-json\/wp\/v2\/types\/page"}],"author":[{"embeddable":true,"href":"https:\/\/www.frankmxparts.com.iclicksapp.nl\/de\/wp-json\/wp\/v2\/users\/1"}],"replies":[{"embeddable":true,"href":"https:\/\/www.frankmxparts.com.iclicksapp.nl\/de\/wp-json\/wp\/v2\/comments?post=81911"}],"version-history":[{"count":0,"href":"https:\/\/www.frankmxparts.com.iclicksapp.nl\/de\/wp-json\/wp\/v2\/pages\/81911\/revisions"}],"wp:attachment":[{"href":"https:\/\/www.frankmxparts.com.iclicksapp.nl\/de\/wp-json\/wp\/v2\/media?parent=81911"}],"curies":[{"name":"wp","href":"https:\/\/api.w.org\/{rel}","templated":true}]}}