{"id":212648,"date":"2024-11-19T20:35:33","date_gmt":"2024-11-19T19:35:33","guid":{"rendered":"https:\/\/www.frankmxparts.com.iclicksapp.nl\/product\/keihin-fcr-mx-carburateur-modification-32-37-39-40-41-mm"},"modified":"2024-11-27T12:07:55","modified_gmt":"2024-11-27T10:07:55","slug":"keihin-fcr-mx-carburateur-modification-32-37-39-40-41-mm","status":"publish","type":"product","link":"https:\/\/www.frankmxparts.com.iclicksapp.nl\/de\/keihin-fcr-mx-carburateur-modification-32-37-39-40-41-mm","title":{"rendered":"Keihin FCR MX Vergaser Umbau \/ tuning"},"content":{"rendered":"<p>Runde oder ovale Bearbeitung sind beide keine guten L\u00f6sungen! Diese f\u00fchren zu stark reduzierter Gasannahme und Probleme bei der Abstimmung (Bed\u00fcsung).<\/p>\n<p>Wir bearbeiten den Vergaser so, dass die Modifikation nur <font color=\"#000CFF\">zwischen 80% und 100% ge\u00f6ffnetem Gashahn<\/font> wirksam wird. Dies f\u00fchrt zu<font color=\"#000CFF\"> h\u00f6herer Spitzenleistung ohne Verluste bei niedrigen Drehzahlen<\/font>.<\/p>\n<p>Bitte schauen Sie sich die detaillierten Bilder unten an.<\/p>\n<p>Verfahren:<\/p>\n<p>1) Nach Zahlung schicken Sie uns Ihren Vergaser<br \/>2) Wir senden Ihnen eine Empfangsbest\u00e4tigung, wenn wir den Vergaser erhalten haben<br \/>3) Nach ca. 4 Werktagen senden wir Ihnen Ihren Vergaser zur\u00fcck an die angegebene Lieferadresse.<br \/>Wir schicken Ihnen auch die Tracking-Informationen.<\/p>\n<p>Die Versandkosten bei diesem Angebot sind die Kosten f\u00fcr die R\u00fccksendung; Sie zahlen f\u00fcr den Versand Ihres Vergaser an uns.<\/p>\n<p>F\u00fcr weitere Informationen kontaktieren Sie uns bitte per E-Mail oder Telefon.<\/p>\n<p><\/p>\n","protected":false},"excerpt":{"rendered":"<p>Runde oder ovale Bearbeitung sind beide keine guten L\u00f6sungen! Diese f\u00fchren zu stark reduzierter Gasannahme und Probleme bei der Abstimmung (Bed\u00fcsung). Wir bearbeiten den Vergaser so, dass die Modifikation nur zwischen 80% und 100% ge\u00f6ffnetem Gashahn wirksam wird. Dies f\u00fchrt zu h\u00f6herer Spitzenleistung ohne Verluste bei niedrigen Drehzahlen. Bitte schauen Sie sich die detaillierten Bilder [&hellip;]<\/p>\n","protected":false},"featured_media":177451,"comment_status":"closed","ping_status":"closed","template":"","meta":{"_acf_changed":false},"product_brand":[],"product_cat":[5007],"product_tag":[],"class_list":{"0":"post-212648","1":"product","2":"type-product","3":"status-publish","4":"has-post-thumbnail","6":"product_cat-tuning-service-3","8":"first","9":"outofstock","10":"taxable","11":"shipping-taxable","12":"purchasable","13":"product-type-simple"},"acf":[],"yoast_head":"<!-- This site is optimized with the Yoast SEO plugin v27.3 - https:\/\/yoast.com\/product\/yoast-seo-wordpress\/ -->\n<title>Keihin FCR MX Vergaser Umbau \/ tuning - Frank! MXParts<\/title>\n<meta name=\"robots\" content=\"noindex, follow, max-snippet:-1, max-image-preview:large, max-video-preview:-1\" \/>\n<meta property=\"og:locale\" content=\"de_DE\" \/>\n<meta property=\"og:type\" content=\"article\" \/>\n<meta property=\"og:title\" content=\"Keihin FCR MX Vergaser Umbau \/ tuning - Frank! MXParts\" \/>\n<meta property=\"og:description\" content=\"Runde oder ovale Bearbeitung sind beide keine guten L\u00f6sungen! Diese f\u00fchren zu stark reduzierter Gasannahme und Probleme bei der Abstimmung (Bed\u00fcsung). Wir bearbeiten den Vergaser so, dass die Modifikation nur zwischen 80% und 100% ge\u00f6ffnetem Gashahn wirksam wird. Dies f\u00fchrt zu h\u00f6herer Spitzenleistung ohne Verluste bei niedrigen Drehzahlen. Bitte schauen Sie sich die detaillierten Bilder [&hellip;]\" \/>\n<meta property=\"og:url\" content=\"https:\/\/www.frankmxparts.com.iclicksapp.nl\/de\/keihin-fcr-mx-carburateur-modification-32-37-39-40-41-mm\" \/>\n<meta property=\"og:site_name\" content=\"Frank! MXParts\" \/>\n<meta property=\"article:modified_time\" content=\"2024-11-27T10:07:55+00:00\" \/>\n<meta property=\"og:image\" content=\"https:\/\/www.frankmxparts.com.iclicksapp.nl\/wp-content\/uploads\/2024\/11\/DSC04569a.jpg\" \/>\n\t<meta property=\"og:image:width\" content=\"800\" \/>\n\t<meta property=\"og:image:height\" content=\"600\" \/>\n\t<meta property=\"og:image:type\" content=\"image\/jpeg\" \/>\n<meta name=\"twitter:card\" content=\"summary_large_image\" \/>\n<meta name=\"twitter:label1\" content=\"Gesch\u00e4tzte Lesezeit\" \/>\n\t<meta name=\"twitter:data1\" content=\"1\u00a0Minute\" \/>\n<script type=\"application\/ld+json\" class=\"yoast-schema-graph\">{\"@context\":\"https:\\\/\\\/schema.org\",\"@graph\":[{\"@type\":\"WebPage\",\"@id\":\"https:\\\/\\\/www.frankmxparts.com.iclicksapp.nl\\\/de\\\/keihin-fcr-mx-carburateur-modification-32-37-39-40-41-mm\",\"url\":\"https:\\\/\\\/www.frankmxparts.com.iclicksapp.nl\\\/de\\\/keihin-fcr-mx-carburateur-modification-32-37-39-40-41-mm\",\"name\":\"Keihin FCR MX Vergaser Umbau \\\/ tuning - Frank! MXParts\",\"isPartOf\":{\"@id\":\"https:\\\/\\\/www.frankmxparts.com.iclicksapp.nl\\\/de\\\/#website\"},\"primaryImageOfPage\":{\"@id\":\"https:\\\/\\\/www.frankmxparts.com.iclicksapp.nl\\\/de\\\/keihin-fcr-mx-carburateur-modification-32-37-39-40-41-mm#primaryimage\"},\"image\":{\"@id\":\"https:\\\/\\\/www.frankmxparts.com.iclicksapp.nl\\\/de\\\/keihin-fcr-mx-carburateur-modification-32-37-39-40-41-mm#primaryimage\"},\"thumbnailUrl\":\"https:\\\/\\\/www.frankmxparts.com.iclicksapp.nl\\\/wp-content\\\/uploads\\\/2024\\\/11\\\/DSC04569a.jpg\",\"datePublished\":\"2024-11-19T19:35:33+00:00\",\"dateModified\":\"2024-11-27T10:07:55+00:00\",\"breadcrumb\":{\"@id\":\"https:\\\/\\\/www.frankmxparts.com.iclicksapp.nl\\\/de\\\/keihin-fcr-mx-carburateur-modification-32-37-39-40-41-mm#breadcrumb\"},\"inLanguage\":\"de\",\"potentialAction\":[{\"@type\":\"ReadAction\",\"target\":[\"https:\\\/\\\/www.frankmxparts.com.iclicksapp.nl\\\/de\\\/keihin-fcr-mx-carburateur-modification-32-37-39-40-41-mm\"]}]},{\"@type\":\"ImageObject\",\"inLanguage\":\"de\",\"@id\":\"https:\\\/\\\/www.frankmxparts.com.iclicksapp.nl\\\/de\\\/keihin-fcr-mx-carburateur-modification-32-37-39-40-41-mm#primaryimage\",\"url\":\"https:\\\/\\\/www.frankmxparts.com.iclicksapp.nl\\\/wp-content\\\/uploads\\\/2024\\\/11\\\/DSC04569a.jpg\",\"contentUrl\":\"https:\\\/\\\/www.frankmxparts.com.iclicksapp.nl\\\/wp-content\\\/uploads\\\/2024\\\/11\\\/DSC04569a.jpg\",\"width\":800,\"height\":600},{\"@type\":\"BreadcrumbList\",\"@id\":\"https:\\\/\\\/www.frankmxparts.com.iclicksapp.nl\\\/de\\\/keihin-fcr-mx-carburateur-modification-32-37-39-40-41-mm#breadcrumb\",\"itemListElement\":[{\"@type\":\"ListItem\",\"position\":1,\"name\":\"Home\",\"item\":\"https:\\\/\\\/www.frankmxparts.com.iclicksapp.nl\\\/de\"},{\"@type\":\"ListItem\",\"position\":2,\"name\":\"Shop\",\"item\":\"https:\\\/\\\/www.frankmxparts.com.iclicksapp.nl\\\/winkel\"},{\"@type\":\"ListItem\",\"position\":3,\"name\":\"Keihin FCR MX Vergaser Umbau \\\/ tuning\"}]},{\"@type\":\"WebSite\",\"@id\":\"https:\\\/\\\/www.frankmxparts.com.iclicksapp.nl\\\/de\\\/#website\",\"url\":\"https:\\\/\\\/www.frankmxparts.com.iclicksapp.nl\\\/de\\\/\",\"name\":\"Frank! MXParts\",\"description\":\"\",\"publisher\":{\"@id\":\"https:\\\/\\\/www.frankmxparts.com.iclicksapp.nl\\\/de\\\/#organization\"},\"potentialAction\":[{\"@type\":\"SearchAction\",\"target\":{\"@type\":\"EntryPoint\",\"urlTemplate\":\"https:\\\/\\\/www.frankmxparts.com.iclicksapp.nl\\\/de\\\/?s={search_term_string}\"},\"query-input\":{\"@type\":\"PropertyValueSpecification\",\"valueRequired\":true,\"valueName\":\"search_term_string\"}}],\"inLanguage\":\"de\"},{\"@type\":\"Organization\",\"@id\":\"https:\\\/\\\/www.frankmxparts.com.iclicksapp.nl\\\/de\\\/#organization\",\"name\":\"Frank! MXParts\",\"url\":\"https:\\\/\\\/www.frankmxparts.com.iclicksapp.nl\\\/de\\\/\",\"logo\":{\"@type\":\"ImageObject\",\"inLanguage\":\"de\",\"@id\":\"https:\\\/\\\/www.frankmxparts.com.iclicksapp.nl\\\/de\\\/#\\\/schema\\\/logo\\\/image\\\/\",\"url\":\"https:\\\/\\\/www.frankmxparts.com.iclicksapp.nl\\\/wp-content\\\/uploads\\\/2024\\\/01\\\/frank-mxparts-logo.svg\",\"contentUrl\":\"https:\\\/\\\/www.frankmxparts.com.iclicksapp.nl\\\/wp-content\\\/uploads\\\/2024\\\/01\\\/frank-mxparts-logo.svg\",\"width\":301,\"height\":88,\"caption\":\"Frank! MXParts\"},\"image\":{\"@id\":\"https:\\\/\\\/www.frankmxparts.com.iclicksapp.nl\\\/de\\\/#\\\/schema\\\/logo\\\/image\\\/\"}}]}<\/script>\n<!-- \/ Yoast SEO plugin. -->","yoast_head_json":{"title":"Keihin FCR MX Vergaser Umbau \/ tuning - Frank! MXParts","robots":{"index":"noindex","follow":"follow","max-snippet":"max-snippet:-1","max-image-preview":"max-image-preview:large","max-video-preview":"max-video-preview:-1"},"og_locale":"de_DE","og_type":"article","og_title":"Keihin FCR MX Vergaser Umbau \/ tuning - Frank! MXParts","og_description":"Runde oder ovale Bearbeitung sind beide keine guten L\u00f6sungen! Diese f\u00fchren zu stark reduzierter Gasannahme und Probleme bei der Abstimmung (Bed\u00fcsung). Wir bearbeiten den Vergaser so, dass die Modifikation nur zwischen 80% und 100% ge\u00f6ffnetem Gashahn wirksam wird. Dies f\u00fchrt zu h\u00f6herer Spitzenleistung ohne Verluste bei niedrigen Drehzahlen. Bitte schauen Sie sich die detaillierten Bilder [&hellip;]","og_url":"https:\/\/www.frankmxparts.com.iclicksapp.nl\/de\/keihin-fcr-mx-carburateur-modification-32-37-39-40-41-mm","og_site_name":"Frank! MXParts","article_modified_time":"2024-11-27T10:07:55+00:00","og_image":[{"width":800,"height":600,"url":"https:\/\/www.frankmxparts.com.iclicksapp.nl\/wp-content\/uploads\/2024\/11\/DSC04569a.jpg","type":"image\/jpeg"}],"twitter_card":"summary_large_image","twitter_misc":{"Gesch\u00e4tzte Lesezeit":"1\u00a0Minute"},"schema":{"@context":"https:\/\/schema.org","@graph":[{"@type":"WebPage","@id":"https:\/\/www.frankmxparts.com.iclicksapp.nl\/de\/keihin-fcr-mx-carburateur-modification-32-37-39-40-41-mm","url":"https:\/\/www.frankmxparts.com.iclicksapp.nl\/de\/keihin-fcr-mx-carburateur-modification-32-37-39-40-41-mm","name":"Keihin FCR MX Vergaser Umbau \/ tuning - Frank! MXParts","isPartOf":{"@id":"https:\/\/www.frankmxparts.com.iclicksapp.nl\/de\/#website"},"primaryImageOfPage":{"@id":"https:\/\/www.frankmxparts.com.iclicksapp.nl\/de\/keihin-fcr-mx-carburateur-modification-32-37-39-40-41-mm#primaryimage"},"image":{"@id":"https:\/\/www.frankmxparts.com.iclicksapp.nl\/de\/keihin-fcr-mx-carburateur-modification-32-37-39-40-41-mm#primaryimage"},"thumbnailUrl":"https:\/\/www.frankmxparts.com.iclicksapp.nl\/wp-content\/uploads\/2024\/11\/DSC04569a.jpg","datePublished":"2024-11-19T19:35:33+00:00","dateModified":"2024-11-27T10:07:55+00:00","breadcrumb":{"@id":"https:\/\/www.frankmxparts.com.iclicksapp.nl\/de\/keihin-fcr-mx-carburateur-modification-32-37-39-40-41-mm#breadcrumb"},"inLanguage":"de","potentialAction":[{"@type":"ReadAction","target":["https:\/\/www.frankmxparts.com.iclicksapp.nl\/de\/keihin-fcr-mx-carburateur-modification-32-37-39-40-41-mm"]}]},{"@type":"ImageObject","inLanguage":"de","@id":"https:\/\/www.frankmxparts.com.iclicksapp.nl\/de\/keihin-fcr-mx-carburateur-modification-32-37-39-40-41-mm#primaryimage","url":"https:\/\/www.frankmxparts.com.iclicksapp.nl\/wp-content\/uploads\/2024\/11\/DSC04569a.jpg","contentUrl":"https:\/\/www.frankmxparts.com.iclicksapp.nl\/wp-content\/uploads\/2024\/11\/DSC04569a.jpg","width":800,"height":600},{"@type":"BreadcrumbList","@id":"https:\/\/www.frankmxparts.com.iclicksapp.nl\/de\/keihin-fcr-mx-carburateur-modification-32-37-39-40-41-mm#breadcrumb","itemListElement":[{"@type":"ListItem","position":1,"name":"Home","item":"https:\/\/www.frankmxparts.com.iclicksapp.nl\/de"},{"@type":"ListItem","position":2,"name":"Shop","item":"https:\/\/www.frankmxparts.com.iclicksapp.nl\/winkel"},{"@type":"ListItem","position":3,"name":"Keihin FCR MX Vergaser Umbau \/ tuning"}]},{"@type":"WebSite","@id":"https:\/\/www.frankmxparts.com.iclicksapp.nl\/de\/#website","url":"https:\/\/www.frankmxparts.com.iclicksapp.nl\/de\/","name":"Frank! MXParts","description":"","publisher":{"@id":"https:\/\/www.frankmxparts.com.iclicksapp.nl\/de\/#organization"},"potentialAction":[{"@type":"SearchAction","target":{"@type":"EntryPoint","urlTemplate":"https:\/\/www.frankmxparts.com.iclicksapp.nl\/de\/?s={search_term_string}"},"query-input":{"@type":"PropertyValueSpecification","valueRequired":true,"valueName":"search_term_string"}}],"inLanguage":"de"},{"@type":"Organization","@id":"https:\/\/www.frankmxparts.com.iclicksapp.nl\/de\/#organization","name":"Frank! MXParts","url":"https:\/\/www.frankmxparts.com.iclicksapp.nl\/de\/","logo":{"@type":"ImageObject","inLanguage":"de","@id":"https:\/\/www.frankmxparts.com.iclicksapp.nl\/de\/#\/schema\/logo\/image\/","url":"https:\/\/www.frankmxparts.com.iclicksapp.nl\/wp-content\/uploads\/2024\/01\/frank-mxparts-logo.svg","contentUrl":"https:\/\/www.frankmxparts.com.iclicksapp.nl\/wp-content\/uploads\/2024\/01\/frank-mxparts-logo.svg","width":301,"height":88,"caption":"Frank! MXParts"},"image":{"@id":"https:\/\/www.frankmxparts.com.iclicksapp.nl\/de\/#\/schema\/logo\/image\/"}}]}},"_links":{"self":[{"href":"https:\/\/www.frankmxparts.com.iclicksapp.nl\/de\/wp-json\/wp\/v2\/product\/212648","targetHints":{"allow":["GET"]}}],"collection":[{"href":"https:\/\/www.frankmxparts.com.iclicksapp.nl\/de\/wp-json\/wp\/v2\/product"}],"about":[{"href":"https:\/\/www.frankmxparts.com.iclicksapp.nl\/de\/wp-json\/wp\/v2\/types\/product"}],"replies":[{"embeddable":true,"href":"https:\/\/www.frankmxparts.com.iclicksapp.nl\/de\/wp-json\/wp\/v2\/comments?post=212648"}],"wp:featuredmedia":[{"embeddable":true,"href":"https:\/\/www.frankmxparts.com.iclicksapp.nl\/de\/wp-json\/wp\/v2\/media\/177451"}],"wp:attachment":[{"href":"https:\/\/www.frankmxparts.com.iclicksapp.nl\/de\/wp-json\/wp\/v2\/media?parent=212648"}],"wp:term":[{"taxonomy":"product_brand","embeddable":true,"href":"https:\/\/www.frankmxparts.com.iclicksapp.nl\/de\/wp-json\/wp\/v2\/product_brand?post=212648"},{"taxonomy":"product_cat","embeddable":true,"href":"https:\/\/www.frankmxparts.com.iclicksapp.nl\/de\/wp-json\/wp\/v2\/product_cat?post=212648"},{"taxonomy":"product_tag","embeddable":true,"href":"https:\/\/www.frankmxparts.com.iclicksapp.nl\/de\/wp-json\/wp\/v2\/product_tag?post=212648"}],"curies":[{"name":"wp","href":"https:\/\/api.w.org\/{rel}","templated":true}]}}