{"id":212691,"date":"2024-11-19T20:37:41","date_gmt":"2024-11-19T19:37:41","guid":{"rendered":"https:\/\/www.frankmxparts.com.iclicksapp.nl\/product\/keihin-fcr-mx-32-37-39-40-41-flatslide-carburetor-rebuild-repair-service"},"modified":"2024-11-28T10:50:31","modified_gmt":"2024-11-28T08:50:31","slug":"keihin-fcr-mx-32-37-39-40-41-flatslide-carburetor-rebuild-repair-service","status":"publish","type":"product","link":"https:\/\/www.frankmxparts.com.iclicksapp.nl\/de\/keihin-fcr-mx-32-37-39-40-41-flatslide-carburetor-rebuild-repair-service","title":{"rendered":"Keihin FCR MX Vergaser Service"},"content":{"rendered":"<p>\n<strong>Aufgrund von \u00dcberbelegung k\u00f6nnen wir derzeit keine Vergaser zum Service annehmen. Bitte schauen Sie sp\u00e4ter noch einmal vorbei. Danke sch\u00f6n.<\/strong><\/p>\n<p><strong>Keihin FCR MX Vergaser Service<\/strong>.<\/p>\n<p><strong>Professioneller Vergaser Wartungsservice<\/strong>. Vollst\u00e4ndige Demontage, Inspektion, Reinigung und Wiederaufbau mit Originalteilen von Keihin.<br \/>\n<strong>Wir bieten<\/strong>:<\/p>\n<ul>\n<li>vollst\u00e4ndige Demontage (einschlie\u00dflich Aufteilen der Mittelk\u00f6rperteile)<\/li>\n<li>Inspektion aller Teile<\/li>\n<li>Ultraschallreinigung der Vergasergeh\u00e4use und ausgew\u00e4hlter Vergaserteile<\/li>\n<li>Inspektion und Reinigung von D\u00fcsen, D\u00fcsennadel und Nadeld\u00fcse<\/li>\n<li>Montage mit hochwertigen Keihin-Teilen (unter Ber\u00fccksichtigung der Einstellung der Schwimmerh\u00f6he, der TPS-Einstellung, der Einstellung der Kraftstoffschraube, des schmierens der Lager usw.)<\/li>\n<li>Einrichtung der Beschleunigerpumpe (Spritzqualit\u00e4t, Timing und Dauer)<\/li>\n<li>Druckpr\u00fcfung der Schwimmerventilsitz.<\/li>\n<\/ul>\n<p><strong>Was ist enthalten<\/strong>: alle Kleinteile (neue O-Ringe, Unterlegscheiben, Schrauben, &#8230;).<br \/>\n<strong>Was nicht enthalten ist<\/strong>: alle anderen Teile, die ausgetauscht werden m\u00fcssen. Dies wird besprochen, bevor wir mit der Wartung beginnen.<\/p>\n<p><strong>Zeitleiste<\/strong>:<\/p>\n<ul>\n<li>senden Sie uns Ihren Vergaser<\/li>\n<li>Sie erhalten nach Erhalt eine Best\u00e4tigung von uns<\/li>\n<li>wir zerlegen den Vergaser, inspizieren ihn und berichten, was zu tun ist und was optional ist (in ca. 2-3 Tagen)<\/li>\n<li>wir sind uns einig, was getan wird<\/li>\n<li>wir bauen den Vergaser wieder auf und melden uns zur\u00fcck, wenn er fertig ist (in ungef\u00e4hr einer Woche)<\/li>\n<li>Sie senden die Zahlung<\/li>\n<li>wir schicken den Vergaser zur\u00fcck.<\/li>\n<\/ul>\n<p>\n<strong>Fragen &amp; Antworten<\/strong>:<\/p>\n<ul>\n<li><strong>Wohin schicke ich meinen Vergaser?<\/strong>\n<p>\tFrank! MXParts<br \/>\n\tOude Boekeloseweg 9 (Office 9.14)<br \/>\n\t7553DS Hengelo<br \/>\n\tNiederlande.<\/p>\n<p>\tStellen Sie sicher, dass Sie wirklich gut verpacken, nutzen Sie einen versicherten Versandservice und f\u00fcgen Sie eine kurze Notiz mit Ihrem Namen und Ihrer Adresse hinzu.<br \/>\n\t&nbsp;<\/li>\n<li><strong>Kann ich mit dem Vergaser meine eigenen Teile senden, um sie f\u00fcr den Wiederaufbau zu verwenden?<\/strong><br \/>\n\tNein. Warum nicht? Weil a) wir die Qualit\u00e4t unserer Umbauten nur durch die Verwendung unserer Keihin-Originalteile garantieren k\u00f6nnen und b) weil wir mit diesen Teilen bei unseren Umbauten Geld verdienen.<br \/>\n\t&nbsp;<\/li>\n<li><strong>Was ist, wenn ich beschlie\u00dfe, den Vergaser nicht wieder aufzubauen, nachdem ich die Kosten f\u00fcr alles Notwendige geh\u00f6rt habe<\/strong>?<br \/>\n\tWir versenden es in St\u00fccken zur\u00fcck (Sie bezahlen f\u00fcr den R\u00fcckversand) oder wir setzen es wieder zusammen (25 \u20ac) und versenden es zur\u00fcck (Sie bezahlen f\u00fcr den R\u00fcckversand).<br \/>\n\t&nbsp;<\/li>\n<li><strong>Was passiert mit den Teilen, die beim Umbau erneuert werden?<\/strong><br \/>\n\tSie erhalten diese mit dem umgebauten Vergaser zur\u00fcck.<\/li>\n<\/ul>\n<p>&nbsp;<\/p>\n<p>&nbsp;<\/p>\n","protected":false},"excerpt":{"rendered":"<p>Aufgrund von \u00dcberbelegung k\u00f6nnen wir derzeit keine Vergaser zum Service annehmen. Bitte schauen Sie sp\u00e4ter noch einmal vorbei. Danke sch\u00f6n. Keihin FCR MX Vergaser Service. Professioneller Vergaser Wartungsservice. Vollst\u00e4ndige Demontage, Inspektion, Reinigung und Wiederaufbau mit Originalteilen von Keihin. Wir bieten: vollst\u00e4ndige Demontage (einschlie\u00dflich Aufteilen der Mittelk\u00f6rperteile) Inspektion aller Teile Ultraschallreinigung der Vergasergeh\u00e4use und ausgew\u00e4hlter Vergaserteile [&hellip;]<\/p>\n","protected":false},"featured_media":178160,"comment_status":"closed","ping_status":"closed","template":"","meta":{"_acf_changed":false},"product_brand":[],"product_cat":[5007],"product_tag":[],"class_list":{"0":"post-212691","1":"product","2":"type-product","3":"status-publish","4":"has-post-thumbnail","6":"product_cat-tuning-service-3","7":"pa_manufacturer-keihin-de","9":"first","10":"outofstock","11":"taxable","12":"shipping-taxable","13":"purchasable","14":"product-type-simple"},"acf":[],"yoast_head":"<!-- This site is optimized with the Yoast SEO plugin v27.3 - https:\/\/yoast.com\/product\/yoast-seo-wordpress\/ -->\n<title>Keihin FCR MX Vergaser Service - Frank! MXParts<\/title>\n<meta name=\"robots\" content=\"noindex, follow, max-snippet:-1, max-image-preview:large, max-video-preview:-1\" \/>\n<meta property=\"og:locale\" content=\"de_DE\" \/>\n<meta property=\"og:type\" content=\"article\" \/>\n<meta property=\"og:title\" content=\"Keihin FCR MX Vergaser Service - Frank! MXParts\" \/>\n<meta property=\"og:description\" content=\"Aufgrund von \u00dcberbelegung k\u00f6nnen wir derzeit keine Vergaser zum Service annehmen. Bitte schauen Sie sp\u00e4ter noch einmal vorbei. Danke sch\u00f6n. Keihin FCR MX Vergaser Service. Professioneller Vergaser Wartungsservice. Vollst\u00e4ndige Demontage, Inspektion, Reinigung und Wiederaufbau mit Originalteilen von Keihin. Wir bieten: vollst\u00e4ndige Demontage (einschlie\u00dflich Aufteilen der Mittelk\u00f6rperteile) Inspektion aller Teile Ultraschallreinigung der Vergasergeh\u00e4use und ausgew\u00e4hlter Vergaserteile [&hellip;]\" \/>\n<meta property=\"og:url\" content=\"https:\/\/www.frankmxparts.com.iclicksapp.nl\/de\/keihin-fcr-mx-32-37-39-40-41-flatslide-carburetor-rebuild-repair-service\" \/>\n<meta property=\"og:site_name\" content=\"Frank! MXParts\" \/>\n<meta property=\"article:modified_time\" content=\"2024-11-28T08:50:31+00:00\" \/>\n<meta property=\"og:image\" content=\"https:\/\/www.frankmxparts.com.iclicksapp.nl\/wp-content\/uploads\/2024\/11\/DSC05096-1.jpg\" \/>\n\t<meta property=\"og:image:width\" content=\"750\" \/>\n\t<meta property=\"og:image:height\" content=\"563\" \/>\n\t<meta property=\"og:image:type\" content=\"image\/jpeg\" \/>\n<meta name=\"twitter:card\" content=\"summary_large_image\" \/>\n<meta name=\"twitter:label1\" content=\"Gesch\u00e4tzte Lesezeit\" \/>\n\t<meta name=\"twitter:data1\" content=\"2\u00a0Minuten\" \/>\n<script type=\"application\/ld+json\" class=\"yoast-schema-graph\">{\"@context\":\"https:\\\/\\\/schema.org\",\"@graph\":[{\"@type\":\"WebPage\",\"@id\":\"https:\\\/\\\/www.frankmxparts.com.iclicksapp.nl\\\/de\\\/keihin-fcr-mx-32-37-39-40-41-flatslide-carburetor-rebuild-repair-service\",\"url\":\"https:\\\/\\\/www.frankmxparts.com.iclicksapp.nl\\\/de\\\/keihin-fcr-mx-32-37-39-40-41-flatslide-carburetor-rebuild-repair-service\",\"name\":\"Keihin FCR MX Vergaser Service - Frank! MXParts\",\"isPartOf\":{\"@id\":\"https:\\\/\\\/www.frankmxparts.com.iclicksapp.nl\\\/de\\\/#website\"},\"primaryImageOfPage\":{\"@id\":\"https:\\\/\\\/www.frankmxparts.com.iclicksapp.nl\\\/de\\\/keihin-fcr-mx-32-37-39-40-41-flatslide-carburetor-rebuild-repair-service#primaryimage\"},\"image\":{\"@id\":\"https:\\\/\\\/www.frankmxparts.com.iclicksapp.nl\\\/de\\\/keihin-fcr-mx-32-37-39-40-41-flatslide-carburetor-rebuild-repair-service#primaryimage\"},\"thumbnailUrl\":\"https:\\\/\\\/www.frankmxparts.com.iclicksapp.nl\\\/wp-content\\\/uploads\\\/2024\\\/11\\\/DSC05096-1.jpg\",\"datePublished\":\"2024-11-19T19:37:41+00:00\",\"dateModified\":\"2024-11-28T08:50:31+00:00\",\"breadcrumb\":{\"@id\":\"https:\\\/\\\/www.frankmxparts.com.iclicksapp.nl\\\/de\\\/keihin-fcr-mx-32-37-39-40-41-flatslide-carburetor-rebuild-repair-service#breadcrumb\"},\"inLanguage\":\"de\",\"potentialAction\":[{\"@type\":\"ReadAction\",\"target\":[\"https:\\\/\\\/www.frankmxparts.com.iclicksapp.nl\\\/de\\\/keihin-fcr-mx-32-37-39-40-41-flatslide-carburetor-rebuild-repair-service\"]}]},{\"@type\":\"ImageObject\",\"inLanguage\":\"de\",\"@id\":\"https:\\\/\\\/www.frankmxparts.com.iclicksapp.nl\\\/de\\\/keihin-fcr-mx-32-37-39-40-41-flatslide-carburetor-rebuild-repair-service#primaryimage\",\"url\":\"https:\\\/\\\/www.frankmxparts.com.iclicksapp.nl\\\/wp-content\\\/uploads\\\/2024\\\/11\\\/DSC05096-1.jpg\",\"contentUrl\":\"https:\\\/\\\/www.frankmxparts.com.iclicksapp.nl\\\/wp-content\\\/uploads\\\/2024\\\/11\\\/DSC05096-1.jpg\",\"width\":750,\"height\":563},{\"@type\":\"BreadcrumbList\",\"@id\":\"https:\\\/\\\/www.frankmxparts.com.iclicksapp.nl\\\/de\\\/keihin-fcr-mx-32-37-39-40-41-flatslide-carburetor-rebuild-repair-service#breadcrumb\",\"itemListElement\":[{\"@type\":\"ListItem\",\"position\":1,\"name\":\"Home\",\"item\":\"https:\\\/\\\/www.frankmxparts.com.iclicksapp.nl\\\/de\"},{\"@type\":\"ListItem\",\"position\":2,\"name\":\"Shop\",\"item\":\"https:\\\/\\\/www.frankmxparts.com.iclicksapp.nl\\\/winkel\"},{\"@type\":\"ListItem\",\"position\":3,\"name\":\"Keihin FCR MX Vergaser Service\"}]},{\"@type\":\"WebSite\",\"@id\":\"https:\\\/\\\/www.frankmxparts.com.iclicksapp.nl\\\/de\\\/#website\",\"url\":\"https:\\\/\\\/www.frankmxparts.com.iclicksapp.nl\\\/de\\\/\",\"name\":\"Frank! MXParts\",\"description\":\"\",\"publisher\":{\"@id\":\"https:\\\/\\\/www.frankmxparts.com.iclicksapp.nl\\\/de\\\/#organization\"},\"potentialAction\":[{\"@type\":\"SearchAction\",\"target\":{\"@type\":\"EntryPoint\",\"urlTemplate\":\"https:\\\/\\\/www.frankmxparts.com.iclicksapp.nl\\\/de\\\/?s={search_term_string}\"},\"query-input\":{\"@type\":\"PropertyValueSpecification\",\"valueRequired\":true,\"valueName\":\"search_term_string\"}}],\"inLanguage\":\"de\"},{\"@type\":\"Organization\",\"@id\":\"https:\\\/\\\/www.frankmxparts.com.iclicksapp.nl\\\/de\\\/#organization\",\"name\":\"Frank! MXParts\",\"url\":\"https:\\\/\\\/www.frankmxparts.com.iclicksapp.nl\\\/de\\\/\",\"logo\":{\"@type\":\"ImageObject\",\"inLanguage\":\"de\",\"@id\":\"https:\\\/\\\/www.frankmxparts.com.iclicksapp.nl\\\/de\\\/#\\\/schema\\\/logo\\\/image\\\/\",\"url\":\"https:\\\/\\\/www.frankmxparts.com.iclicksapp.nl\\\/wp-content\\\/uploads\\\/2024\\\/01\\\/frank-mxparts-logo.svg\",\"contentUrl\":\"https:\\\/\\\/www.frankmxparts.com.iclicksapp.nl\\\/wp-content\\\/uploads\\\/2024\\\/01\\\/frank-mxparts-logo.svg\",\"width\":301,\"height\":88,\"caption\":\"Frank! MXParts\"},\"image\":{\"@id\":\"https:\\\/\\\/www.frankmxparts.com.iclicksapp.nl\\\/de\\\/#\\\/schema\\\/logo\\\/image\\\/\"}}]}<\/script>\n<!-- \/ Yoast SEO plugin. -->","yoast_head_json":{"title":"Keihin FCR MX Vergaser Service - Frank! MXParts","robots":{"index":"noindex","follow":"follow","max-snippet":"max-snippet:-1","max-image-preview":"max-image-preview:large","max-video-preview":"max-video-preview:-1"},"og_locale":"de_DE","og_type":"article","og_title":"Keihin FCR MX Vergaser Service - Frank! MXParts","og_description":"Aufgrund von \u00dcberbelegung k\u00f6nnen wir derzeit keine Vergaser zum Service annehmen. Bitte schauen Sie sp\u00e4ter noch einmal vorbei. Danke sch\u00f6n. Keihin FCR MX Vergaser Service. Professioneller Vergaser Wartungsservice. Vollst\u00e4ndige Demontage, Inspektion, Reinigung und Wiederaufbau mit Originalteilen von Keihin. Wir bieten: vollst\u00e4ndige Demontage (einschlie\u00dflich Aufteilen der Mittelk\u00f6rperteile) Inspektion aller Teile Ultraschallreinigung der Vergasergeh\u00e4use und ausgew\u00e4hlter Vergaserteile [&hellip;]","og_url":"https:\/\/www.frankmxparts.com.iclicksapp.nl\/de\/keihin-fcr-mx-32-37-39-40-41-flatslide-carburetor-rebuild-repair-service","og_site_name":"Frank! MXParts","article_modified_time":"2024-11-28T08:50:31+00:00","og_image":[{"width":750,"height":563,"url":"https:\/\/www.frankmxparts.com.iclicksapp.nl\/wp-content\/uploads\/2024\/11\/DSC05096-1.jpg","type":"image\/jpeg"}],"twitter_card":"summary_large_image","twitter_misc":{"Gesch\u00e4tzte Lesezeit":"2\u00a0Minuten"},"schema":{"@context":"https:\/\/schema.org","@graph":[{"@type":"WebPage","@id":"https:\/\/www.frankmxparts.com.iclicksapp.nl\/de\/keihin-fcr-mx-32-37-39-40-41-flatslide-carburetor-rebuild-repair-service","url":"https:\/\/www.frankmxparts.com.iclicksapp.nl\/de\/keihin-fcr-mx-32-37-39-40-41-flatslide-carburetor-rebuild-repair-service","name":"Keihin FCR MX Vergaser Service - Frank! MXParts","isPartOf":{"@id":"https:\/\/www.frankmxparts.com.iclicksapp.nl\/de\/#website"},"primaryImageOfPage":{"@id":"https:\/\/www.frankmxparts.com.iclicksapp.nl\/de\/keihin-fcr-mx-32-37-39-40-41-flatslide-carburetor-rebuild-repair-service#primaryimage"},"image":{"@id":"https:\/\/www.frankmxparts.com.iclicksapp.nl\/de\/keihin-fcr-mx-32-37-39-40-41-flatslide-carburetor-rebuild-repair-service#primaryimage"},"thumbnailUrl":"https:\/\/www.frankmxparts.com.iclicksapp.nl\/wp-content\/uploads\/2024\/11\/DSC05096-1.jpg","datePublished":"2024-11-19T19:37:41+00:00","dateModified":"2024-11-28T08:50:31+00:00","breadcrumb":{"@id":"https:\/\/www.frankmxparts.com.iclicksapp.nl\/de\/keihin-fcr-mx-32-37-39-40-41-flatslide-carburetor-rebuild-repair-service#breadcrumb"},"inLanguage":"de","potentialAction":[{"@type":"ReadAction","target":["https:\/\/www.frankmxparts.com.iclicksapp.nl\/de\/keihin-fcr-mx-32-37-39-40-41-flatslide-carburetor-rebuild-repair-service"]}]},{"@type":"ImageObject","inLanguage":"de","@id":"https:\/\/www.frankmxparts.com.iclicksapp.nl\/de\/keihin-fcr-mx-32-37-39-40-41-flatslide-carburetor-rebuild-repair-service#primaryimage","url":"https:\/\/www.frankmxparts.com.iclicksapp.nl\/wp-content\/uploads\/2024\/11\/DSC05096-1.jpg","contentUrl":"https:\/\/www.frankmxparts.com.iclicksapp.nl\/wp-content\/uploads\/2024\/11\/DSC05096-1.jpg","width":750,"height":563},{"@type":"BreadcrumbList","@id":"https:\/\/www.frankmxparts.com.iclicksapp.nl\/de\/keihin-fcr-mx-32-37-39-40-41-flatslide-carburetor-rebuild-repair-service#breadcrumb","itemListElement":[{"@type":"ListItem","position":1,"name":"Home","item":"https:\/\/www.frankmxparts.com.iclicksapp.nl\/de"},{"@type":"ListItem","position":2,"name":"Shop","item":"https:\/\/www.frankmxparts.com.iclicksapp.nl\/winkel"},{"@type":"ListItem","position":3,"name":"Keihin FCR MX Vergaser Service"}]},{"@type":"WebSite","@id":"https:\/\/www.frankmxparts.com.iclicksapp.nl\/de\/#website","url":"https:\/\/www.frankmxparts.com.iclicksapp.nl\/de\/","name":"Frank! MXParts","description":"","publisher":{"@id":"https:\/\/www.frankmxparts.com.iclicksapp.nl\/de\/#organization"},"potentialAction":[{"@type":"SearchAction","target":{"@type":"EntryPoint","urlTemplate":"https:\/\/www.frankmxparts.com.iclicksapp.nl\/de\/?s={search_term_string}"},"query-input":{"@type":"PropertyValueSpecification","valueRequired":true,"valueName":"search_term_string"}}],"inLanguage":"de"},{"@type":"Organization","@id":"https:\/\/www.frankmxparts.com.iclicksapp.nl\/de\/#organization","name":"Frank! MXParts","url":"https:\/\/www.frankmxparts.com.iclicksapp.nl\/de\/","logo":{"@type":"ImageObject","inLanguage":"de","@id":"https:\/\/www.frankmxparts.com.iclicksapp.nl\/de\/#\/schema\/logo\/image\/","url":"https:\/\/www.frankmxparts.com.iclicksapp.nl\/wp-content\/uploads\/2024\/01\/frank-mxparts-logo.svg","contentUrl":"https:\/\/www.frankmxparts.com.iclicksapp.nl\/wp-content\/uploads\/2024\/01\/frank-mxparts-logo.svg","width":301,"height":88,"caption":"Frank! MXParts"},"image":{"@id":"https:\/\/www.frankmxparts.com.iclicksapp.nl\/de\/#\/schema\/logo\/image\/"}}]}},"_links":{"self":[{"href":"https:\/\/www.frankmxparts.com.iclicksapp.nl\/de\/wp-json\/wp\/v2\/product\/212691","targetHints":{"allow":["GET"]}}],"collection":[{"href":"https:\/\/www.frankmxparts.com.iclicksapp.nl\/de\/wp-json\/wp\/v2\/product"}],"about":[{"href":"https:\/\/www.frankmxparts.com.iclicksapp.nl\/de\/wp-json\/wp\/v2\/types\/product"}],"replies":[{"embeddable":true,"href":"https:\/\/www.frankmxparts.com.iclicksapp.nl\/de\/wp-json\/wp\/v2\/comments?post=212691"}],"wp:featuredmedia":[{"embeddable":true,"href":"https:\/\/www.frankmxparts.com.iclicksapp.nl\/de\/wp-json\/wp\/v2\/media\/178160"}],"wp:attachment":[{"href":"https:\/\/www.frankmxparts.com.iclicksapp.nl\/de\/wp-json\/wp\/v2\/media?parent=212691"}],"wp:term":[{"taxonomy":"product_brand","embeddable":true,"href":"https:\/\/www.frankmxparts.com.iclicksapp.nl\/de\/wp-json\/wp\/v2\/product_brand?post=212691"},{"taxonomy":"product_cat","embeddable":true,"href":"https:\/\/www.frankmxparts.com.iclicksapp.nl\/de\/wp-json\/wp\/v2\/product_cat?post=212691"},{"taxonomy":"product_tag","embeddable":true,"href":"https:\/\/www.frankmxparts.com.iclicksapp.nl\/de\/wp-json\/wp\/v2\/product_tag?post=212691"}],"curies":[{"name":"wp","href":"https:\/\/api.w.org\/{rel}","templated":true}]}}