{"id":212743,"date":"2024-11-19T20:41:58","date_gmt":"2024-11-19T19:41:58","guid":{"rendered":"https:\/\/www.frankmxparts.com.iclicksapp.nl\/product\/black-neoprene-vent-breather-hose-kit-keihin-fcr-mx-flatslide-carburetor"},"modified":"2024-11-27T12:08:12","modified_gmt":"2024-11-27T10:08:12","slug":"black-neoprene-vent-breather-hose-kit-keihin-fcr-mx-flatslide-carburetor","status":"publish","type":"product","link":"https:\/\/www.frankmxparts.com.iclicksapp.nl\/de\/black-neoprene-vent-breather-hose-kit-keihin-fcr-mx-flatslide-carburetor","title":{"rendered":"Bel\u00fcftungsschl\u00e4uche Kit schwarz \/ Keihin FCR MX Vergaser"},"content":{"rendered":"<p>Ein Satz hohe Qualit\u00e4t, schwarzen Neopren Bel\u00fcftungsschl\u00e4uche f\u00fcr Keihin FCR und FCR MX Vergaser.<\/p>\n<p>Neu. Um Ihren aktuellen Schl\u00e4uche zu ersetzen. Neopren, damit es nicht austrocknet! Kostenlose Montage beim Kauf Vergaser.<\/p>\n<p>Komplett wie abgebildet (Vergaser nicht im Lieferumfang enthalten).<\/p>\n<p><\/p>\n","protected":false},"excerpt":{"rendered":"<p>Ein Satz hohe Qualit\u00e4t, schwarzen Neopren Bel\u00fcftungsschl\u00e4uche f\u00fcr Keihin FCR und FCR MX Vergaser. Neu. Um Ihren aktuellen Schl\u00e4uche zu ersetzen. Neopren, damit es nicht austrocknet! Kostenlose Montage beim Kauf Vergaser. Komplett wie abgebildet (Vergaser nicht im Lieferumfang enthalten).<\/p>\n","protected":false},"featured_media":179295,"comment_status":"closed","ping_status":"closed","template":"","meta":{"_acf_changed":false},"product_brand":[],"product_cat":[9441],"product_tag":[],"class_list":{"0":"post-212743","1":"product","2":"type-product","3":"status-publish","4":"has-post-thumbnail","6":"product_cat-uncategorized","8":"first","9":"instock","10":"taxable","11":"shipping-taxable","12":"purchasable","13":"product-type-simple"},"acf":[],"yoast_head":"<!-- This site is optimized with the Yoast SEO plugin v27.3 - https:\/\/yoast.com\/product\/yoast-seo-wordpress\/ -->\n<title>Bel\u00fcftungsschl\u00e4uche Kit schwarz \/ Keihin FCR MX Vergaser - Frank! MXParts<\/title>\n<meta name=\"robots\" content=\"noindex, follow, max-snippet:-1, max-image-preview:large, max-video-preview:-1\" \/>\n<meta property=\"og:locale\" content=\"de_DE\" \/>\n<meta property=\"og:type\" content=\"article\" \/>\n<meta property=\"og:title\" content=\"Bel\u00fcftungsschl\u00e4uche Kit schwarz \/ Keihin FCR MX Vergaser - Frank! MXParts\" \/>\n<meta property=\"og:description\" content=\"Ein Satz hohe Qualit\u00e4t, schwarzen Neopren Bel\u00fcftungsschl\u00e4uche f\u00fcr Keihin FCR und FCR MX Vergaser. Neu. Um Ihren aktuellen Schl\u00e4uche zu ersetzen. Neopren, damit es nicht austrocknet! Kostenlose Montage beim Kauf Vergaser. Komplett wie abgebildet (Vergaser nicht im Lieferumfang enthalten).\" \/>\n<meta property=\"og:url\" content=\"https:\/\/www.frankmxparts.com.iclicksapp.nl\/de\/black-neoprene-vent-breather-hose-kit-keihin-fcr-mx-flatslide-carburetor\" \/>\n<meta property=\"og:site_name\" content=\"Frank! MXParts\" \/>\n<meta property=\"article:modified_time\" content=\"2024-11-27T10:08:12+00:00\" \/>\n<meta property=\"og:image\" content=\"https:\/\/www.frankmxparts.com.iclicksapp.nl\/wp-content\/uploads\/2024\/11\/DSC05806-1.jpg\" \/>\n\t<meta property=\"og:image:width\" content=\"750\" \/>\n\t<meta property=\"og:image:height\" content=\"563\" \/>\n\t<meta property=\"og:image:type\" content=\"image\/jpeg\" \/>\n<meta name=\"twitter:card\" content=\"summary_large_image\" \/>\n<script type=\"application\/ld+json\" class=\"yoast-schema-graph\">{\"@context\":\"https:\\\/\\\/schema.org\",\"@graph\":[{\"@type\":\"WebPage\",\"@id\":\"https:\\\/\\\/www.frankmxparts.com.iclicksapp.nl\\\/de\\\/black-neoprene-vent-breather-hose-kit-keihin-fcr-mx-flatslide-carburetor\",\"url\":\"https:\\\/\\\/www.frankmxparts.com.iclicksapp.nl\\\/de\\\/black-neoprene-vent-breather-hose-kit-keihin-fcr-mx-flatslide-carburetor\",\"name\":\"Bel\u00fcftungsschl\u00e4uche Kit schwarz \\\/ Keihin FCR MX Vergaser - Frank! MXParts\",\"isPartOf\":{\"@id\":\"https:\\\/\\\/www.frankmxparts.com.iclicksapp.nl\\\/de\\\/#website\"},\"primaryImageOfPage\":{\"@id\":\"https:\\\/\\\/www.frankmxparts.com.iclicksapp.nl\\\/de\\\/black-neoprene-vent-breather-hose-kit-keihin-fcr-mx-flatslide-carburetor#primaryimage\"},\"image\":{\"@id\":\"https:\\\/\\\/www.frankmxparts.com.iclicksapp.nl\\\/de\\\/black-neoprene-vent-breather-hose-kit-keihin-fcr-mx-flatslide-carburetor#primaryimage\"},\"thumbnailUrl\":\"https:\\\/\\\/www.frankmxparts.com.iclicksapp.nl\\\/wp-content\\\/uploads\\\/2024\\\/11\\\/DSC05806-1.jpg\",\"datePublished\":\"2024-11-19T19:41:58+00:00\",\"dateModified\":\"2024-11-27T10:08:12+00:00\",\"breadcrumb\":{\"@id\":\"https:\\\/\\\/www.frankmxparts.com.iclicksapp.nl\\\/de\\\/black-neoprene-vent-breather-hose-kit-keihin-fcr-mx-flatslide-carburetor#breadcrumb\"},\"inLanguage\":\"de\",\"potentialAction\":[{\"@type\":\"ReadAction\",\"target\":[\"https:\\\/\\\/www.frankmxparts.com.iclicksapp.nl\\\/de\\\/black-neoprene-vent-breather-hose-kit-keihin-fcr-mx-flatslide-carburetor\"]}]},{\"@type\":\"ImageObject\",\"inLanguage\":\"de\",\"@id\":\"https:\\\/\\\/www.frankmxparts.com.iclicksapp.nl\\\/de\\\/black-neoprene-vent-breather-hose-kit-keihin-fcr-mx-flatslide-carburetor#primaryimage\",\"url\":\"https:\\\/\\\/www.frankmxparts.com.iclicksapp.nl\\\/wp-content\\\/uploads\\\/2024\\\/11\\\/DSC05806-1.jpg\",\"contentUrl\":\"https:\\\/\\\/www.frankmxparts.com.iclicksapp.nl\\\/wp-content\\\/uploads\\\/2024\\\/11\\\/DSC05806-1.jpg\",\"width\":750,\"height\":563},{\"@type\":\"BreadcrumbList\",\"@id\":\"https:\\\/\\\/www.frankmxparts.com.iclicksapp.nl\\\/de\\\/black-neoprene-vent-breather-hose-kit-keihin-fcr-mx-flatslide-carburetor#breadcrumb\",\"itemListElement\":[{\"@type\":\"ListItem\",\"position\":1,\"name\":\"Home\",\"item\":\"https:\\\/\\\/www.frankmxparts.com.iclicksapp.nl\\\/de\"},{\"@type\":\"ListItem\",\"position\":2,\"name\":\"Shop\",\"item\":\"https:\\\/\\\/www.frankmxparts.com.iclicksapp.nl\\\/winkel\"},{\"@type\":\"ListItem\",\"position\":3,\"name\":\"Bel\u00fcftungsschl\u00e4uche Kit schwarz \\\/ Keihin FCR MX Vergaser\"}]},{\"@type\":\"WebSite\",\"@id\":\"https:\\\/\\\/www.frankmxparts.com.iclicksapp.nl\\\/de\\\/#website\",\"url\":\"https:\\\/\\\/www.frankmxparts.com.iclicksapp.nl\\\/de\\\/\",\"name\":\"Frank! MXParts\",\"description\":\"\",\"publisher\":{\"@id\":\"https:\\\/\\\/www.frankmxparts.com.iclicksapp.nl\\\/de\\\/#organization\"},\"potentialAction\":[{\"@type\":\"SearchAction\",\"target\":{\"@type\":\"EntryPoint\",\"urlTemplate\":\"https:\\\/\\\/www.frankmxparts.com.iclicksapp.nl\\\/de\\\/?s={search_term_string}\"},\"query-input\":{\"@type\":\"PropertyValueSpecification\",\"valueRequired\":true,\"valueName\":\"search_term_string\"}}],\"inLanguage\":\"de\"},{\"@type\":\"Organization\",\"@id\":\"https:\\\/\\\/www.frankmxparts.com.iclicksapp.nl\\\/de\\\/#organization\",\"name\":\"Frank! MXParts\",\"url\":\"https:\\\/\\\/www.frankmxparts.com.iclicksapp.nl\\\/de\\\/\",\"logo\":{\"@type\":\"ImageObject\",\"inLanguage\":\"de\",\"@id\":\"https:\\\/\\\/www.frankmxparts.com.iclicksapp.nl\\\/de\\\/#\\\/schema\\\/logo\\\/image\\\/\",\"url\":\"https:\\\/\\\/www.frankmxparts.com.iclicksapp.nl\\\/wp-content\\\/uploads\\\/2024\\\/01\\\/frank-mxparts-logo.svg\",\"contentUrl\":\"https:\\\/\\\/www.frankmxparts.com.iclicksapp.nl\\\/wp-content\\\/uploads\\\/2024\\\/01\\\/frank-mxparts-logo.svg\",\"width\":301,\"height\":88,\"caption\":\"Frank! MXParts\"},\"image\":{\"@id\":\"https:\\\/\\\/www.frankmxparts.com.iclicksapp.nl\\\/de\\\/#\\\/schema\\\/logo\\\/image\\\/\"}}]}<\/script>\n<!-- \/ Yoast SEO plugin. -->","yoast_head_json":{"title":"Bel\u00fcftungsschl\u00e4uche Kit schwarz \/ Keihin FCR MX Vergaser - Frank! MXParts","robots":{"index":"noindex","follow":"follow","max-snippet":"max-snippet:-1","max-image-preview":"max-image-preview:large","max-video-preview":"max-video-preview:-1"},"og_locale":"de_DE","og_type":"article","og_title":"Bel\u00fcftungsschl\u00e4uche Kit schwarz \/ Keihin FCR MX Vergaser - Frank! MXParts","og_description":"Ein Satz hohe Qualit\u00e4t, schwarzen Neopren Bel\u00fcftungsschl\u00e4uche f\u00fcr Keihin FCR und FCR MX Vergaser. Neu. Um Ihren aktuellen Schl\u00e4uche zu ersetzen. Neopren, damit es nicht austrocknet! Kostenlose Montage beim Kauf Vergaser. Komplett wie abgebildet (Vergaser nicht im Lieferumfang enthalten).","og_url":"https:\/\/www.frankmxparts.com.iclicksapp.nl\/de\/black-neoprene-vent-breather-hose-kit-keihin-fcr-mx-flatslide-carburetor","og_site_name":"Frank! MXParts","article_modified_time":"2024-11-27T10:08:12+00:00","og_image":[{"width":750,"height":563,"url":"https:\/\/www.frankmxparts.com.iclicksapp.nl\/wp-content\/uploads\/2024\/11\/DSC05806-1.jpg","type":"image\/jpeg"}],"twitter_card":"summary_large_image","schema":{"@context":"https:\/\/schema.org","@graph":[{"@type":"WebPage","@id":"https:\/\/www.frankmxparts.com.iclicksapp.nl\/de\/black-neoprene-vent-breather-hose-kit-keihin-fcr-mx-flatslide-carburetor","url":"https:\/\/www.frankmxparts.com.iclicksapp.nl\/de\/black-neoprene-vent-breather-hose-kit-keihin-fcr-mx-flatslide-carburetor","name":"Bel\u00fcftungsschl\u00e4uche Kit schwarz \/ Keihin FCR MX Vergaser - Frank! MXParts","isPartOf":{"@id":"https:\/\/www.frankmxparts.com.iclicksapp.nl\/de\/#website"},"primaryImageOfPage":{"@id":"https:\/\/www.frankmxparts.com.iclicksapp.nl\/de\/black-neoprene-vent-breather-hose-kit-keihin-fcr-mx-flatslide-carburetor#primaryimage"},"image":{"@id":"https:\/\/www.frankmxparts.com.iclicksapp.nl\/de\/black-neoprene-vent-breather-hose-kit-keihin-fcr-mx-flatslide-carburetor#primaryimage"},"thumbnailUrl":"https:\/\/www.frankmxparts.com.iclicksapp.nl\/wp-content\/uploads\/2024\/11\/DSC05806-1.jpg","datePublished":"2024-11-19T19:41:58+00:00","dateModified":"2024-11-27T10:08:12+00:00","breadcrumb":{"@id":"https:\/\/www.frankmxparts.com.iclicksapp.nl\/de\/black-neoprene-vent-breather-hose-kit-keihin-fcr-mx-flatslide-carburetor#breadcrumb"},"inLanguage":"de","potentialAction":[{"@type":"ReadAction","target":["https:\/\/www.frankmxparts.com.iclicksapp.nl\/de\/black-neoprene-vent-breather-hose-kit-keihin-fcr-mx-flatslide-carburetor"]}]},{"@type":"ImageObject","inLanguage":"de","@id":"https:\/\/www.frankmxparts.com.iclicksapp.nl\/de\/black-neoprene-vent-breather-hose-kit-keihin-fcr-mx-flatslide-carburetor#primaryimage","url":"https:\/\/www.frankmxparts.com.iclicksapp.nl\/wp-content\/uploads\/2024\/11\/DSC05806-1.jpg","contentUrl":"https:\/\/www.frankmxparts.com.iclicksapp.nl\/wp-content\/uploads\/2024\/11\/DSC05806-1.jpg","width":750,"height":563},{"@type":"BreadcrumbList","@id":"https:\/\/www.frankmxparts.com.iclicksapp.nl\/de\/black-neoprene-vent-breather-hose-kit-keihin-fcr-mx-flatslide-carburetor#breadcrumb","itemListElement":[{"@type":"ListItem","position":1,"name":"Home","item":"https:\/\/www.frankmxparts.com.iclicksapp.nl\/de"},{"@type":"ListItem","position":2,"name":"Shop","item":"https:\/\/www.frankmxparts.com.iclicksapp.nl\/winkel"},{"@type":"ListItem","position":3,"name":"Bel\u00fcftungsschl\u00e4uche Kit schwarz \/ Keihin FCR MX Vergaser"}]},{"@type":"WebSite","@id":"https:\/\/www.frankmxparts.com.iclicksapp.nl\/de\/#website","url":"https:\/\/www.frankmxparts.com.iclicksapp.nl\/de\/","name":"Frank! MXParts","description":"","publisher":{"@id":"https:\/\/www.frankmxparts.com.iclicksapp.nl\/de\/#organization"},"potentialAction":[{"@type":"SearchAction","target":{"@type":"EntryPoint","urlTemplate":"https:\/\/www.frankmxparts.com.iclicksapp.nl\/de\/?s={search_term_string}"},"query-input":{"@type":"PropertyValueSpecification","valueRequired":true,"valueName":"search_term_string"}}],"inLanguage":"de"},{"@type":"Organization","@id":"https:\/\/www.frankmxparts.com.iclicksapp.nl\/de\/#organization","name":"Frank! MXParts","url":"https:\/\/www.frankmxparts.com.iclicksapp.nl\/de\/","logo":{"@type":"ImageObject","inLanguage":"de","@id":"https:\/\/www.frankmxparts.com.iclicksapp.nl\/de\/#\/schema\/logo\/image\/","url":"https:\/\/www.frankmxparts.com.iclicksapp.nl\/wp-content\/uploads\/2024\/01\/frank-mxparts-logo.svg","contentUrl":"https:\/\/www.frankmxparts.com.iclicksapp.nl\/wp-content\/uploads\/2024\/01\/frank-mxparts-logo.svg","width":301,"height":88,"caption":"Frank! MXParts"},"image":{"@id":"https:\/\/www.frankmxparts.com.iclicksapp.nl\/de\/#\/schema\/logo\/image\/"}}]}},"_links":{"self":[{"href":"https:\/\/www.frankmxparts.com.iclicksapp.nl\/de\/wp-json\/wp\/v2\/product\/212743","targetHints":{"allow":["GET"]}}],"collection":[{"href":"https:\/\/www.frankmxparts.com.iclicksapp.nl\/de\/wp-json\/wp\/v2\/product"}],"about":[{"href":"https:\/\/www.frankmxparts.com.iclicksapp.nl\/de\/wp-json\/wp\/v2\/types\/product"}],"replies":[{"embeddable":true,"href":"https:\/\/www.frankmxparts.com.iclicksapp.nl\/de\/wp-json\/wp\/v2\/comments?post=212743"}],"wp:featuredmedia":[{"embeddable":true,"href":"https:\/\/www.frankmxparts.com.iclicksapp.nl\/de\/wp-json\/wp\/v2\/media\/179295"}],"wp:attachment":[{"href":"https:\/\/www.frankmxparts.com.iclicksapp.nl\/de\/wp-json\/wp\/v2\/media?parent=212743"}],"wp:term":[{"taxonomy":"product_brand","embeddable":true,"href":"https:\/\/www.frankmxparts.com.iclicksapp.nl\/de\/wp-json\/wp\/v2\/product_brand?post=212743"},{"taxonomy":"product_cat","embeddable":true,"href":"https:\/\/www.frankmxparts.com.iclicksapp.nl\/de\/wp-json\/wp\/v2\/product_cat?post=212743"},{"taxonomy":"product_tag","embeddable":true,"href":"https:\/\/www.frankmxparts.com.iclicksapp.nl\/de\/wp-json\/wp\/v2\/product_tag?post=212743"}],"curies":[{"name":"wp","href":"https:\/\/api.w.org\/{rel}","templated":true}]}}