{"id":213161,"date":"2024-11-19T21:11:43","date_gmt":"2024-11-19T20:11:43","guid":{"rendered":"https:\/\/www.frankmxparts.com.iclicksapp.nl\/product\/keihin-fcr-mx-39-carburetor-with-rd-powerbowl-2-2009-ktm"},"modified":"2024-11-27T12:31:52","modified_gmt":"2024-11-27T10:31:52","slug":"keihin-fcr-mx-39-carburetor-with-rd-powerbowl-2-2009-ktm","status":"publish","type":"product","link":"https:\/\/www.frankmxparts.com.iclicksapp.nl\/de\/keihin-fcr-mx-39-carburetor-with-rd-powerbowl-2-2009-ktm","title":{"rendered":"Keihin FCR MX 39 Vergaser mit R&#038;D Powerbowl 2 \/ 2009 KTM"},"content":{"rendered":"<p>Keihin FCR MX 39 Vergaser aus einer 2009 KTM &#8211; in sehr gutem Zustand.<\/p>\n<div id=\"_mcePaste\" >This carb fits all KTM and Husaberg 4T without modifcations. It&#8217;s perfect for upgrades!<\/div>\n<p>Der Vergaser hat meinen <font color=\"#000cff\">Vergaser Service <\/font>gehat (sehen Sie sich meine anderen Artikel an). Details:<\/p>\n<ul>\n<li><font color=\"#000cff\">Keihin FCR MX 39 Vergaser<\/font> mit <font color=\"#000cff\">Kaltstartbet\u00e4tigung <\/font>und <font color=\"#000cff\">Hei\u00dfstartbet\u00e4tigung<\/font><\/li>\n<li>mit <font color=\"#000cff\">Drosselklappensensor<\/font> (TPS) und <font color=\"#000cff\">Beschleunigerpumpe<\/font><\/li>\n<li>mit <font color=\"#000cff\">R&amp;D Powerbowl 2\u00a0<\/font><\/li>\n<li>Hei\u00dfstartzug einschlie\u00dflich<\/li>\n<li>Geh\u00e4use und ausgew\u00e4hlte Teile sind ultraschall gereinigt<\/li>\n<li>alle Teile sind gereinigt und \u00fcberpr\u00fcft<\/li>\n<li>D\u00fcsen gereinigt und inspektiert<\/li>\n<li>Beschleunigerpumpe ist getestet und funktioniert perfect<\/li>\n<li>Schwimmerh\u00f6he eingestellt<\/li>\n<li>Lager neu befettet<\/li>\n<li>neue O-Ringe in den Beschleunigerpumpe<\/li>\n<li>etc.<\/li>\n<\/ul>\n<p>Komplett wie abgebildet.<br \/>Ready to race!<\/p>\n<div id=\"_mcePaste\" >The carb received my carburetor servic<\/div>\n<p><\/p>\n<p>&nbsp;<\/p>\n","protected":false},"excerpt":{"rendered":"<p>Keihin FCR MX 39 Vergaser aus einer 2009 KTM &#8211; in sehr gutem Zustand. This carb fits all KTM and Husaberg 4T without modifcations. It&#8217;s perfect for upgrades! Der Vergaser hat meinen Vergaser Service gehat (sehen Sie sich meine anderen Artikel an). Details: Keihin FCR MX 39 Vergaser mit Kaltstartbet\u00e4tigung und Hei\u00dfstartbet\u00e4tigung mit Drosselklappensensor (TPS) [&hellip;]<\/p>\n","protected":false},"featured_media":186970,"comment_status":"closed","ping_status":"closed","template":"","meta":{"_acf_changed":false},"product_brand":[],"product_cat":[9441],"product_tag":[],"class_list":{"0":"post-213161","1":"product","2":"type-product","3":"status-publish","4":"has-post-thumbnail","6":"product_cat-uncategorized","7":"pa_manufacturer-keihin-de","9":"first","10":"outofstock","11":"taxable","12":"shipping-taxable","13":"purchasable","14":"product-type-simple"},"acf":[],"yoast_head":"<!-- This site is optimized with the Yoast SEO plugin v27.3 - https:\/\/yoast.com\/product\/yoast-seo-wordpress\/ -->\n<title>Keihin FCR MX 39 Vergaser mit R&amp;D Powerbowl 2 \/ 2009 KTM - Frank! MXParts<\/title>\n<meta name=\"robots\" content=\"noindex, follow, max-snippet:-1, max-image-preview:large, max-video-preview:-1\" \/>\n<meta property=\"og:locale\" content=\"de_DE\" \/>\n<meta property=\"og:type\" content=\"article\" \/>\n<meta property=\"og:title\" content=\"Keihin FCR MX 39 Vergaser mit R&amp;D Powerbowl 2 \/ 2009 KTM - Frank! MXParts\" \/>\n<meta property=\"og:description\" content=\"Keihin FCR MX 39 Vergaser aus einer 2009 KTM &#8211; in sehr gutem Zustand. This carb fits all KTM and Husaberg 4T without modifcations. It&#8217;s perfect for upgrades! Der Vergaser hat meinen Vergaser Service gehat (sehen Sie sich meine anderen Artikel an). Details: Keihin FCR MX 39 Vergaser mit Kaltstartbet\u00e4tigung und Hei\u00dfstartbet\u00e4tigung mit Drosselklappensensor (TPS) [&hellip;]\" \/>\n<meta property=\"og:url\" content=\"https:\/\/www.frankmxparts.com.iclicksapp.nl\/de\/keihin-fcr-mx-39-carburetor-with-rd-powerbowl-2-2009-ktm\" \/>\n<meta property=\"og:site_name\" content=\"Frank! MXParts\" \/>\n<meta property=\"article:modified_time\" content=\"2024-11-27T10:31:52+00:00\" \/>\n<meta property=\"og:image\" content=\"https:\/\/www.frankmxparts.com.iclicksapp.nl\/wp-content\/uploads\/2024\/11\/DSC01127.jpg\" \/>\n\t<meta property=\"og:image:width\" content=\"750\" \/>\n\t<meta property=\"og:image:height\" content=\"563\" \/>\n\t<meta property=\"og:image:type\" content=\"image\/jpeg\" \/>\n<meta name=\"twitter:card\" content=\"summary_large_image\" \/>\n<meta name=\"twitter:label1\" content=\"Gesch\u00e4tzte Lesezeit\" \/>\n\t<meta name=\"twitter:data1\" content=\"1\u00a0Minute\" \/>\n<script type=\"application\/ld+json\" class=\"yoast-schema-graph\">{\"@context\":\"https:\\\/\\\/schema.org\",\"@graph\":[{\"@type\":\"WebPage\",\"@id\":\"https:\\\/\\\/www.frankmxparts.com.iclicksapp.nl\\\/de\\\/keihin-fcr-mx-39-carburetor-with-rd-powerbowl-2-2009-ktm\",\"url\":\"https:\\\/\\\/www.frankmxparts.com.iclicksapp.nl\\\/de\\\/keihin-fcr-mx-39-carburetor-with-rd-powerbowl-2-2009-ktm\",\"name\":\"Keihin FCR MX 39 Vergaser mit R&D Powerbowl 2 \\\/ 2009 KTM - Frank! MXParts\",\"isPartOf\":{\"@id\":\"https:\\\/\\\/www.frankmxparts.com.iclicksapp.nl\\\/de\\\/#website\"},\"primaryImageOfPage\":{\"@id\":\"https:\\\/\\\/www.frankmxparts.com.iclicksapp.nl\\\/de\\\/keihin-fcr-mx-39-carburetor-with-rd-powerbowl-2-2009-ktm#primaryimage\"},\"image\":{\"@id\":\"https:\\\/\\\/www.frankmxparts.com.iclicksapp.nl\\\/de\\\/keihin-fcr-mx-39-carburetor-with-rd-powerbowl-2-2009-ktm#primaryimage\"},\"thumbnailUrl\":\"https:\\\/\\\/www.frankmxparts.com.iclicksapp.nl\\\/wp-content\\\/uploads\\\/2024\\\/11\\\/DSC01127.jpg\",\"datePublished\":\"2024-11-19T20:11:43+00:00\",\"dateModified\":\"2024-11-27T10:31:52+00:00\",\"breadcrumb\":{\"@id\":\"https:\\\/\\\/www.frankmxparts.com.iclicksapp.nl\\\/de\\\/keihin-fcr-mx-39-carburetor-with-rd-powerbowl-2-2009-ktm#breadcrumb\"},\"inLanguage\":\"de\",\"potentialAction\":[{\"@type\":\"ReadAction\",\"target\":[\"https:\\\/\\\/www.frankmxparts.com.iclicksapp.nl\\\/de\\\/keihin-fcr-mx-39-carburetor-with-rd-powerbowl-2-2009-ktm\"]}]},{\"@type\":\"ImageObject\",\"inLanguage\":\"de\",\"@id\":\"https:\\\/\\\/www.frankmxparts.com.iclicksapp.nl\\\/de\\\/keihin-fcr-mx-39-carburetor-with-rd-powerbowl-2-2009-ktm#primaryimage\",\"url\":\"https:\\\/\\\/www.frankmxparts.com.iclicksapp.nl\\\/wp-content\\\/uploads\\\/2024\\\/11\\\/DSC01127.jpg\",\"contentUrl\":\"https:\\\/\\\/www.frankmxparts.com.iclicksapp.nl\\\/wp-content\\\/uploads\\\/2024\\\/11\\\/DSC01127.jpg\",\"width\":750,\"height\":563},{\"@type\":\"BreadcrumbList\",\"@id\":\"https:\\\/\\\/www.frankmxparts.com.iclicksapp.nl\\\/de\\\/keihin-fcr-mx-39-carburetor-with-rd-powerbowl-2-2009-ktm#breadcrumb\",\"itemListElement\":[{\"@type\":\"ListItem\",\"position\":1,\"name\":\"Home\",\"item\":\"https:\\\/\\\/www.frankmxparts.com.iclicksapp.nl\\\/de\"},{\"@type\":\"ListItem\",\"position\":2,\"name\":\"Shop\",\"item\":\"https:\\\/\\\/www.frankmxparts.com.iclicksapp.nl\\\/winkel\"},{\"@type\":\"ListItem\",\"position\":3,\"name\":\"Keihin FCR MX 39 Vergaser mit R&#038;D Powerbowl 2 \\\/ 2009 KTM\"}]},{\"@type\":\"WebSite\",\"@id\":\"https:\\\/\\\/www.frankmxparts.com.iclicksapp.nl\\\/de\\\/#website\",\"url\":\"https:\\\/\\\/www.frankmxparts.com.iclicksapp.nl\\\/de\\\/\",\"name\":\"Frank! MXParts\",\"description\":\"\",\"publisher\":{\"@id\":\"https:\\\/\\\/www.frankmxparts.com.iclicksapp.nl\\\/de\\\/#organization\"},\"potentialAction\":[{\"@type\":\"SearchAction\",\"target\":{\"@type\":\"EntryPoint\",\"urlTemplate\":\"https:\\\/\\\/www.frankmxparts.com.iclicksapp.nl\\\/de\\\/?s={search_term_string}\"},\"query-input\":{\"@type\":\"PropertyValueSpecification\",\"valueRequired\":true,\"valueName\":\"search_term_string\"}}],\"inLanguage\":\"de\"},{\"@type\":\"Organization\",\"@id\":\"https:\\\/\\\/www.frankmxparts.com.iclicksapp.nl\\\/de\\\/#organization\",\"name\":\"Frank! MXParts\",\"url\":\"https:\\\/\\\/www.frankmxparts.com.iclicksapp.nl\\\/de\\\/\",\"logo\":{\"@type\":\"ImageObject\",\"inLanguage\":\"de\",\"@id\":\"https:\\\/\\\/www.frankmxparts.com.iclicksapp.nl\\\/de\\\/#\\\/schema\\\/logo\\\/image\\\/\",\"url\":\"https:\\\/\\\/www.frankmxparts.com.iclicksapp.nl\\\/wp-content\\\/uploads\\\/2024\\\/01\\\/frank-mxparts-logo.svg\",\"contentUrl\":\"https:\\\/\\\/www.frankmxparts.com.iclicksapp.nl\\\/wp-content\\\/uploads\\\/2024\\\/01\\\/frank-mxparts-logo.svg\",\"width\":301,\"height\":88,\"caption\":\"Frank! MXParts\"},\"image\":{\"@id\":\"https:\\\/\\\/www.frankmxparts.com.iclicksapp.nl\\\/de\\\/#\\\/schema\\\/logo\\\/image\\\/\"}}]}<\/script>\n<!-- \/ Yoast SEO plugin. -->","yoast_head_json":{"title":"Keihin FCR MX 39 Vergaser mit R&D Powerbowl 2 \/ 2009 KTM - Frank! MXParts","robots":{"index":"noindex","follow":"follow","max-snippet":"max-snippet:-1","max-image-preview":"max-image-preview:large","max-video-preview":"max-video-preview:-1"},"og_locale":"de_DE","og_type":"article","og_title":"Keihin FCR MX 39 Vergaser mit R&D Powerbowl 2 \/ 2009 KTM - Frank! MXParts","og_description":"Keihin FCR MX 39 Vergaser aus einer 2009 KTM &#8211; in sehr gutem Zustand. This carb fits all KTM and Husaberg 4T without modifcations. It&#8217;s perfect for upgrades! Der Vergaser hat meinen Vergaser Service gehat (sehen Sie sich meine anderen Artikel an). Details: Keihin FCR MX 39 Vergaser mit Kaltstartbet\u00e4tigung und Hei\u00dfstartbet\u00e4tigung mit Drosselklappensensor (TPS) [&hellip;]","og_url":"https:\/\/www.frankmxparts.com.iclicksapp.nl\/de\/keihin-fcr-mx-39-carburetor-with-rd-powerbowl-2-2009-ktm","og_site_name":"Frank! MXParts","article_modified_time":"2024-11-27T10:31:52+00:00","og_image":[{"width":750,"height":563,"url":"https:\/\/www.frankmxparts.com.iclicksapp.nl\/wp-content\/uploads\/2024\/11\/DSC01127.jpg","type":"image\/jpeg"}],"twitter_card":"summary_large_image","twitter_misc":{"Gesch\u00e4tzte Lesezeit":"1\u00a0Minute"},"schema":{"@context":"https:\/\/schema.org","@graph":[{"@type":"WebPage","@id":"https:\/\/www.frankmxparts.com.iclicksapp.nl\/de\/keihin-fcr-mx-39-carburetor-with-rd-powerbowl-2-2009-ktm","url":"https:\/\/www.frankmxparts.com.iclicksapp.nl\/de\/keihin-fcr-mx-39-carburetor-with-rd-powerbowl-2-2009-ktm","name":"Keihin FCR MX 39 Vergaser mit R&D Powerbowl 2 \/ 2009 KTM - Frank! MXParts","isPartOf":{"@id":"https:\/\/www.frankmxparts.com.iclicksapp.nl\/de\/#website"},"primaryImageOfPage":{"@id":"https:\/\/www.frankmxparts.com.iclicksapp.nl\/de\/keihin-fcr-mx-39-carburetor-with-rd-powerbowl-2-2009-ktm#primaryimage"},"image":{"@id":"https:\/\/www.frankmxparts.com.iclicksapp.nl\/de\/keihin-fcr-mx-39-carburetor-with-rd-powerbowl-2-2009-ktm#primaryimage"},"thumbnailUrl":"https:\/\/www.frankmxparts.com.iclicksapp.nl\/wp-content\/uploads\/2024\/11\/DSC01127.jpg","datePublished":"2024-11-19T20:11:43+00:00","dateModified":"2024-11-27T10:31:52+00:00","breadcrumb":{"@id":"https:\/\/www.frankmxparts.com.iclicksapp.nl\/de\/keihin-fcr-mx-39-carburetor-with-rd-powerbowl-2-2009-ktm#breadcrumb"},"inLanguage":"de","potentialAction":[{"@type":"ReadAction","target":["https:\/\/www.frankmxparts.com.iclicksapp.nl\/de\/keihin-fcr-mx-39-carburetor-with-rd-powerbowl-2-2009-ktm"]}]},{"@type":"ImageObject","inLanguage":"de","@id":"https:\/\/www.frankmxparts.com.iclicksapp.nl\/de\/keihin-fcr-mx-39-carburetor-with-rd-powerbowl-2-2009-ktm#primaryimage","url":"https:\/\/www.frankmxparts.com.iclicksapp.nl\/wp-content\/uploads\/2024\/11\/DSC01127.jpg","contentUrl":"https:\/\/www.frankmxparts.com.iclicksapp.nl\/wp-content\/uploads\/2024\/11\/DSC01127.jpg","width":750,"height":563},{"@type":"BreadcrumbList","@id":"https:\/\/www.frankmxparts.com.iclicksapp.nl\/de\/keihin-fcr-mx-39-carburetor-with-rd-powerbowl-2-2009-ktm#breadcrumb","itemListElement":[{"@type":"ListItem","position":1,"name":"Home","item":"https:\/\/www.frankmxparts.com.iclicksapp.nl\/de"},{"@type":"ListItem","position":2,"name":"Shop","item":"https:\/\/www.frankmxparts.com.iclicksapp.nl\/winkel"},{"@type":"ListItem","position":3,"name":"Keihin FCR MX 39 Vergaser mit R&#038;D Powerbowl 2 \/ 2009 KTM"}]},{"@type":"WebSite","@id":"https:\/\/www.frankmxparts.com.iclicksapp.nl\/de\/#website","url":"https:\/\/www.frankmxparts.com.iclicksapp.nl\/de\/","name":"Frank! MXParts","description":"","publisher":{"@id":"https:\/\/www.frankmxparts.com.iclicksapp.nl\/de\/#organization"},"potentialAction":[{"@type":"SearchAction","target":{"@type":"EntryPoint","urlTemplate":"https:\/\/www.frankmxparts.com.iclicksapp.nl\/de\/?s={search_term_string}"},"query-input":{"@type":"PropertyValueSpecification","valueRequired":true,"valueName":"search_term_string"}}],"inLanguage":"de"},{"@type":"Organization","@id":"https:\/\/www.frankmxparts.com.iclicksapp.nl\/de\/#organization","name":"Frank! MXParts","url":"https:\/\/www.frankmxparts.com.iclicksapp.nl\/de\/","logo":{"@type":"ImageObject","inLanguage":"de","@id":"https:\/\/www.frankmxparts.com.iclicksapp.nl\/de\/#\/schema\/logo\/image\/","url":"https:\/\/www.frankmxparts.com.iclicksapp.nl\/wp-content\/uploads\/2024\/01\/frank-mxparts-logo.svg","contentUrl":"https:\/\/www.frankmxparts.com.iclicksapp.nl\/wp-content\/uploads\/2024\/01\/frank-mxparts-logo.svg","width":301,"height":88,"caption":"Frank! MXParts"},"image":{"@id":"https:\/\/www.frankmxparts.com.iclicksapp.nl\/de\/#\/schema\/logo\/image\/"}}]}},"_links":{"self":[{"href":"https:\/\/www.frankmxparts.com.iclicksapp.nl\/de\/wp-json\/wp\/v2\/product\/213161","targetHints":{"allow":["GET"]}}],"collection":[{"href":"https:\/\/www.frankmxparts.com.iclicksapp.nl\/de\/wp-json\/wp\/v2\/product"}],"about":[{"href":"https:\/\/www.frankmxparts.com.iclicksapp.nl\/de\/wp-json\/wp\/v2\/types\/product"}],"replies":[{"embeddable":true,"href":"https:\/\/www.frankmxparts.com.iclicksapp.nl\/de\/wp-json\/wp\/v2\/comments?post=213161"}],"wp:featuredmedia":[{"embeddable":true,"href":"https:\/\/www.frankmxparts.com.iclicksapp.nl\/de\/wp-json\/wp\/v2\/media\/186970"}],"wp:attachment":[{"href":"https:\/\/www.frankmxparts.com.iclicksapp.nl\/de\/wp-json\/wp\/v2\/media?parent=213161"}],"wp:term":[{"taxonomy":"product_brand","embeddable":true,"href":"https:\/\/www.frankmxparts.com.iclicksapp.nl\/de\/wp-json\/wp\/v2\/product_brand?post=213161"},{"taxonomy":"product_cat","embeddable":true,"href":"https:\/\/www.frankmxparts.com.iclicksapp.nl\/de\/wp-json\/wp\/v2\/product_cat?post=213161"},{"taxonomy":"product_tag","embeddable":true,"href":"https:\/\/www.frankmxparts.com.iclicksapp.nl\/de\/wp-json\/wp\/v2\/product_tag?post=213161"}],"curies":[{"name":"wp","href":"https:\/\/api.w.org\/{rel}","templated":true}]}}