{"id":213207,"date":"2024-11-19T21:14:57","date_gmt":"2024-11-19T20:14:57","guid":{"rendered":"https:\/\/www.frankmxparts.com.iclicksapp.nl\/product\/keihin-fcr-mx-39-carburetor-with-tps-suzuki-drz-400-2"},"modified":"2024-12-16T12:41:52","modified_gmt":"2024-12-16T11:41:52","slug":"keihin-fcr-mx-39-carburetor-with-tps-suzuki-drz-400-2","status":"publish","type":"product","link":"https:\/\/www.frankmxparts.com.iclicksapp.nl\/de\/keihin-fcr-mx-39-carburetor-with-tps-suzuki-drz-400-2","title":{"rendered":"Keihin FCR MX 39 Vergaser mit TPS \/ Suzuki DR-Z400"},"content":{"rendered":"<p>Keihin FCR MX 39 Vergaser, vorbereitet f\u00fcr die Suzuki DR-Z400.<\/p>\n<p>In sehr gutem Zustand. Passt der DR-Z400 ohne \u00c4nderungen. <br \/>Den Vergaser hat unseren <font  color=\"#000cff\">Vergaser Service<\/font>\u00a0gehat. Details:<\/p>\n<ul >\n<li ><font color=\"#000cff\">Keihin FCR MX39 Vergaser<\/font>\u00a0mit <font color=\"#000cff\">Kaltstartbet\u00e4tigung und Hei\u00dfstartbet\u00e4tigung<\/font><\/li>\n<li >mit\u00a0<font color=\"#000cff\">TPS\u00a0<\/font>(Throttle Position Sensor &#8211; Drosselklappensensor) and\u00a0<font color=\"#000cff\">Beschleunigerpumpe<\/font><\/li>\n<li >Vergaser-Geh\u00e4use und ausgehw\u00e4hlte Teile sind <font color=\"#000cff\">ultraschall gereinigt<\/font><br  \/><\/li>\n<li >alle Teile sind gereinigt und inspektiert<\/li>\n<li >Lager sind neu befettet<\/li>\n<li >D\u00fcsen gereinigt und inspektiert<\/li>\n<li >Beschleunigerpumpe getestet<\/li>\n<li ><font  color=\"#000cff\">neue\u00a0<\/font>EMN D\u00fcsennadel<\/li>\n<li ><font  color=\"#000cff\">neue\u00a0<\/font>aluminium Einlass Adapter<\/li>\n<li ><font  color=\"#000cff\">neues\u00a0<\/font>Ansaugstutzen<\/li>\n<li >verschiedene <font color=\"#000cff\">neue <\/font>O-Ringe und Dichtungen<\/li>\n<li >etc.<\/li>\n<\/ul>\n<p>Macht Ihren DR-Z wirklich lebendig&#8230;!<\/p>\n<p>Komplett wie abgebildet.<\/p>\n<p><\/p>\n","protected":false},"excerpt":{"rendered":"<p>Keihin FCR MX 39 Vergaser, vorbereitet f\u00fcr die Suzuki DR-Z400. In sehr gutem Zustand. Passt der DR-Z400 ohne \u00c4nderungen. Den Vergaser hat unseren Vergaser Service\u00a0gehat. Details: Keihin FCR MX39 Vergaser\u00a0mit Kaltstartbet\u00e4tigung und Hei\u00dfstartbet\u00e4tigung mit\u00a0TPS\u00a0(Throttle Position Sensor &#8211; Drosselklappensensor) and\u00a0Beschleunigerpumpe Vergaser-Geh\u00e4use und ausgehw\u00e4hlte Teile sind ultraschall gereinigt alle Teile sind gereinigt und inspektiert Lager sind neu [&hellip;]<\/p>\n","protected":false},"featured_media":187841,"comment_status":"closed","ping_status":"closed","template":"","meta":{"_acf_changed":false},"product_brand":[],"product_cat":[9441],"product_tag":[],"class_list":{"0":"post-213207","1":"product","2":"type-product","3":"status-publish","4":"has-post-thumbnail","6":"product_cat-uncategorized","7":"pa_manufacturer-keihin-de","9":"first","10":"outofstock","11":"taxable","12":"shipping-taxable","13":"purchasable","14":"product-type-simple"},"acf":[],"yoast_head":"<!-- This site is optimized with the Yoast SEO plugin v27.3 - https:\/\/yoast.com\/product\/yoast-seo-wordpress\/ -->\n<title>Keihin FCR MX 39 Vergaser mit TPS \/ Suzuki DR-Z400 - Frank! MXParts<\/title>\n<meta name=\"robots\" content=\"noindex, follow, max-snippet:-1, max-image-preview:large, max-video-preview:-1\" \/>\n<meta property=\"og:locale\" content=\"de_DE\" \/>\n<meta property=\"og:type\" content=\"article\" \/>\n<meta property=\"og:title\" content=\"Keihin FCR MX 39 Vergaser mit TPS \/ Suzuki DR-Z400 - Frank! MXParts\" \/>\n<meta property=\"og:description\" content=\"Keihin FCR MX 39 Vergaser, vorbereitet f\u00fcr die Suzuki DR-Z400. In sehr gutem Zustand. Passt der DR-Z400 ohne \u00c4nderungen. Den Vergaser hat unseren Vergaser Service\u00a0gehat. Details: Keihin FCR MX39 Vergaser\u00a0mit Kaltstartbet\u00e4tigung und Hei\u00dfstartbet\u00e4tigung mit\u00a0TPS\u00a0(Throttle Position Sensor &#8211; Drosselklappensensor) and\u00a0Beschleunigerpumpe Vergaser-Geh\u00e4use und ausgehw\u00e4hlte Teile sind ultraschall gereinigt alle Teile sind gereinigt und inspektiert Lager sind neu [&hellip;]\" \/>\n<meta property=\"og:url\" content=\"https:\/\/www.frankmxparts.com.iclicksapp.nl\/de\/keihin-fcr-mx-39-carburetor-with-tps-suzuki-drz-400-2\" \/>\n<meta property=\"og:site_name\" content=\"Frank! MXParts\" \/>\n<meta property=\"article:modified_time\" content=\"2024-12-16T11:41:52+00:00\" \/>\n<meta property=\"og:image\" content=\"https:\/\/www.frankmxparts.com.iclicksapp.nl\/wp-content\/uploads\/2024\/11\/DSC01669.jpg\" \/>\n\t<meta property=\"og:image:width\" content=\"750\" \/>\n\t<meta property=\"og:image:height\" content=\"563\" \/>\n\t<meta property=\"og:image:type\" content=\"image\/jpeg\" \/>\n<meta name=\"twitter:card\" content=\"summary_large_image\" \/>\n<script type=\"application\/ld+json\" class=\"yoast-schema-graph\">{\"@context\":\"https:\\\/\\\/schema.org\",\"@graph\":[{\"@type\":\"WebPage\",\"@id\":\"https:\\\/\\\/www.frankmxparts.com.iclicksapp.nl\\\/de\\\/keihin-fcr-mx-39-carburetor-with-tps-suzuki-drz-400-2\",\"url\":\"https:\\\/\\\/www.frankmxparts.com.iclicksapp.nl\\\/de\\\/keihin-fcr-mx-39-carburetor-with-tps-suzuki-drz-400-2\",\"name\":\"Keihin FCR MX 39 Vergaser mit TPS \\\/ Suzuki DR-Z400 - Frank! MXParts\",\"isPartOf\":{\"@id\":\"https:\\\/\\\/www.frankmxparts.com.iclicksapp.nl\\\/de\\\/#website\"},\"primaryImageOfPage\":{\"@id\":\"https:\\\/\\\/www.frankmxparts.com.iclicksapp.nl\\\/de\\\/keihin-fcr-mx-39-carburetor-with-tps-suzuki-drz-400-2#primaryimage\"},\"image\":{\"@id\":\"https:\\\/\\\/www.frankmxparts.com.iclicksapp.nl\\\/de\\\/keihin-fcr-mx-39-carburetor-with-tps-suzuki-drz-400-2#primaryimage\"},\"thumbnailUrl\":\"https:\\\/\\\/www.frankmxparts.com.iclicksapp.nl\\\/wp-content\\\/uploads\\\/2024\\\/11\\\/DSC01669.jpg\",\"datePublished\":\"2024-11-19T20:14:57+00:00\",\"dateModified\":\"2024-12-16T11:41:52+00:00\",\"breadcrumb\":{\"@id\":\"https:\\\/\\\/www.frankmxparts.com.iclicksapp.nl\\\/de\\\/keihin-fcr-mx-39-carburetor-with-tps-suzuki-drz-400-2#breadcrumb\"},\"inLanguage\":\"de\",\"potentialAction\":[{\"@type\":\"ReadAction\",\"target\":[\"https:\\\/\\\/www.frankmxparts.com.iclicksapp.nl\\\/de\\\/keihin-fcr-mx-39-carburetor-with-tps-suzuki-drz-400-2\"]}]},{\"@type\":\"ImageObject\",\"inLanguage\":\"de\",\"@id\":\"https:\\\/\\\/www.frankmxparts.com.iclicksapp.nl\\\/de\\\/keihin-fcr-mx-39-carburetor-with-tps-suzuki-drz-400-2#primaryimage\",\"url\":\"https:\\\/\\\/www.frankmxparts.com.iclicksapp.nl\\\/wp-content\\\/uploads\\\/2024\\\/11\\\/DSC01669.jpg\",\"contentUrl\":\"https:\\\/\\\/www.frankmxparts.com.iclicksapp.nl\\\/wp-content\\\/uploads\\\/2024\\\/11\\\/DSC01669.jpg\",\"width\":750,\"height\":563},{\"@type\":\"BreadcrumbList\",\"@id\":\"https:\\\/\\\/www.frankmxparts.com.iclicksapp.nl\\\/de\\\/keihin-fcr-mx-39-carburetor-with-tps-suzuki-drz-400-2#breadcrumb\",\"itemListElement\":[{\"@type\":\"ListItem\",\"position\":1,\"name\":\"Home\",\"item\":\"https:\\\/\\\/www.frankmxparts.com.iclicksapp.nl\\\/de\"},{\"@type\":\"ListItem\",\"position\":2,\"name\":\"Shop\",\"item\":\"https:\\\/\\\/www.frankmxparts.com.iclicksapp.nl\\\/winkel\"},{\"@type\":\"ListItem\",\"position\":3,\"name\":\"Keihin FCR MX 39 Vergaser mit TPS \\\/ Suzuki DR-Z400\"}]},{\"@type\":\"WebSite\",\"@id\":\"https:\\\/\\\/www.frankmxparts.com.iclicksapp.nl\\\/de\\\/#website\",\"url\":\"https:\\\/\\\/www.frankmxparts.com.iclicksapp.nl\\\/de\\\/\",\"name\":\"Frank! MXParts\",\"description\":\"\",\"publisher\":{\"@id\":\"https:\\\/\\\/www.frankmxparts.com.iclicksapp.nl\\\/de\\\/#organization\"},\"potentialAction\":[{\"@type\":\"SearchAction\",\"target\":{\"@type\":\"EntryPoint\",\"urlTemplate\":\"https:\\\/\\\/www.frankmxparts.com.iclicksapp.nl\\\/de\\\/?s={search_term_string}\"},\"query-input\":{\"@type\":\"PropertyValueSpecification\",\"valueRequired\":true,\"valueName\":\"search_term_string\"}}],\"inLanguage\":\"de\"},{\"@type\":\"Organization\",\"@id\":\"https:\\\/\\\/www.frankmxparts.com.iclicksapp.nl\\\/de\\\/#organization\",\"name\":\"Frank! MXParts\",\"url\":\"https:\\\/\\\/www.frankmxparts.com.iclicksapp.nl\\\/de\\\/\",\"logo\":{\"@type\":\"ImageObject\",\"inLanguage\":\"de\",\"@id\":\"https:\\\/\\\/www.frankmxparts.com.iclicksapp.nl\\\/de\\\/#\\\/schema\\\/logo\\\/image\\\/\",\"url\":\"https:\\\/\\\/www.frankmxparts.com.iclicksapp.nl\\\/wp-content\\\/uploads\\\/2024\\\/01\\\/frank-mxparts-logo.svg\",\"contentUrl\":\"https:\\\/\\\/www.frankmxparts.com.iclicksapp.nl\\\/wp-content\\\/uploads\\\/2024\\\/01\\\/frank-mxparts-logo.svg\",\"width\":301,\"height\":88,\"caption\":\"Frank! MXParts\"},\"image\":{\"@id\":\"https:\\\/\\\/www.frankmxparts.com.iclicksapp.nl\\\/de\\\/#\\\/schema\\\/logo\\\/image\\\/\"}}]}<\/script>\n<!-- \/ Yoast SEO plugin. -->","yoast_head_json":{"title":"Keihin FCR MX 39 Vergaser mit TPS \/ Suzuki DR-Z400 - Frank! MXParts","robots":{"index":"noindex","follow":"follow","max-snippet":"max-snippet:-1","max-image-preview":"max-image-preview:large","max-video-preview":"max-video-preview:-1"},"og_locale":"de_DE","og_type":"article","og_title":"Keihin FCR MX 39 Vergaser mit TPS \/ Suzuki DR-Z400 - Frank! MXParts","og_description":"Keihin FCR MX 39 Vergaser, vorbereitet f\u00fcr die Suzuki DR-Z400. In sehr gutem Zustand. Passt der DR-Z400 ohne \u00c4nderungen. Den Vergaser hat unseren Vergaser Service\u00a0gehat. Details: Keihin FCR MX39 Vergaser\u00a0mit Kaltstartbet\u00e4tigung und Hei\u00dfstartbet\u00e4tigung mit\u00a0TPS\u00a0(Throttle Position Sensor &#8211; Drosselklappensensor) and\u00a0Beschleunigerpumpe Vergaser-Geh\u00e4use und ausgehw\u00e4hlte Teile sind ultraschall gereinigt alle Teile sind gereinigt und inspektiert Lager sind neu [&hellip;]","og_url":"https:\/\/www.frankmxparts.com.iclicksapp.nl\/de\/keihin-fcr-mx-39-carburetor-with-tps-suzuki-drz-400-2","og_site_name":"Frank! MXParts","article_modified_time":"2024-12-16T11:41:52+00:00","og_image":[{"width":750,"height":563,"url":"https:\/\/www.frankmxparts.com.iclicksapp.nl\/wp-content\/uploads\/2024\/11\/DSC01669.jpg","type":"image\/jpeg"}],"twitter_card":"summary_large_image","schema":{"@context":"https:\/\/schema.org","@graph":[{"@type":"WebPage","@id":"https:\/\/www.frankmxparts.com.iclicksapp.nl\/de\/keihin-fcr-mx-39-carburetor-with-tps-suzuki-drz-400-2","url":"https:\/\/www.frankmxparts.com.iclicksapp.nl\/de\/keihin-fcr-mx-39-carburetor-with-tps-suzuki-drz-400-2","name":"Keihin FCR MX 39 Vergaser mit TPS \/ Suzuki DR-Z400 - Frank! MXParts","isPartOf":{"@id":"https:\/\/www.frankmxparts.com.iclicksapp.nl\/de\/#website"},"primaryImageOfPage":{"@id":"https:\/\/www.frankmxparts.com.iclicksapp.nl\/de\/keihin-fcr-mx-39-carburetor-with-tps-suzuki-drz-400-2#primaryimage"},"image":{"@id":"https:\/\/www.frankmxparts.com.iclicksapp.nl\/de\/keihin-fcr-mx-39-carburetor-with-tps-suzuki-drz-400-2#primaryimage"},"thumbnailUrl":"https:\/\/www.frankmxparts.com.iclicksapp.nl\/wp-content\/uploads\/2024\/11\/DSC01669.jpg","datePublished":"2024-11-19T20:14:57+00:00","dateModified":"2024-12-16T11:41:52+00:00","breadcrumb":{"@id":"https:\/\/www.frankmxparts.com.iclicksapp.nl\/de\/keihin-fcr-mx-39-carburetor-with-tps-suzuki-drz-400-2#breadcrumb"},"inLanguage":"de","potentialAction":[{"@type":"ReadAction","target":["https:\/\/www.frankmxparts.com.iclicksapp.nl\/de\/keihin-fcr-mx-39-carburetor-with-tps-suzuki-drz-400-2"]}]},{"@type":"ImageObject","inLanguage":"de","@id":"https:\/\/www.frankmxparts.com.iclicksapp.nl\/de\/keihin-fcr-mx-39-carburetor-with-tps-suzuki-drz-400-2#primaryimage","url":"https:\/\/www.frankmxparts.com.iclicksapp.nl\/wp-content\/uploads\/2024\/11\/DSC01669.jpg","contentUrl":"https:\/\/www.frankmxparts.com.iclicksapp.nl\/wp-content\/uploads\/2024\/11\/DSC01669.jpg","width":750,"height":563},{"@type":"BreadcrumbList","@id":"https:\/\/www.frankmxparts.com.iclicksapp.nl\/de\/keihin-fcr-mx-39-carburetor-with-tps-suzuki-drz-400-2#breadcrumb","itemListElement":[{"@type":"ListItem","position":1,"name":"Home","item":"https:\/\/www.frankmxparts.com.iclicksapp.nl\/de"},{"@type":"ListItem","position":2,"name":"Shop","item":"https:\/\/www.frankmxparts.com.iclicksapp.nl\/winkel"},{"@type":"ListItem","position":3,"name":"Keihin FCR MX 39 Vergaser mit TPS \/ Suzuki DR-Z400"}]},{"@type":"WebSite","@id":"https:\/\/www.frankmxparts.com.iclicksapp.nl\/de\/#website","url":"https:\/\/www.frankmxparts.com.iclicksapp.nl\/de\/","name":"Frank! MXParts","description":"","publisher":{"@id":"https:\/\/www.frankmxparts.com.iclicksapp.nl\/de\/#organization"},"potentialAction":[{"@type":"SearchAction","target":{"@type":"EntryPoint","urlTemplate":"https:\/\/www.frankmxparts.com.iclicksapp.nl\/de\/?s={search_term_string}"},"query-input":{"@type":"PropertyValueSpecification","valueRequired":true,"valueName":"search_term_string"}}],"inLanguage":"de"},{"@type":"Organization","@id":"https:\/\/www.frankmxparts.com.iclicksapp.nl\/de\/#organization","name":"Frank! MXParts","url":"https:\/\/www.frankmxparts.com.iclicksapp.nl\/de\/","logo":{"@type":"ImageObject","inLanguage":"de","@id":"https:\/\/www.frankmxparts.com.iclicksapp.nl\/de\/#\/schema\/logo\/image\/","url":"https:\/\/www.frankmxparts.com.iclicksapp.nl\/wp-content\/uploads\/2024\/01\/frank-mxparts-logo.svg","contentUrl":"https:\/\/www.frankmxparts.com.iclicksapp.nl\/wp-content\/uploads\/2024\/01\/frank-mxparts-logo.svg","width":301,"height":88,"caption":"Frank! MXParts"},"image":{"@id":"https:\/\/www.frankmxparts.com.iclicksapp.nl\/de\/#\/schema\/logo\/image\/"}}]}},"_links":{"self":[{"href":"https:\/\/www.frankmxparts.com.iclicksapp.nl\/de\/wp-json\/wp\/v2\/product\/213207","targetHints":{"allow":["GET"]}}],"collection":[{"href":"https:\/\/www.frankmxparts.com.iclicksapp.nl\/de\/wp-json\/wp\/v2\/product"}],"about":[{"href":"https:\/\/www.frankmxparts.com.iclicksapp.nl\/de\/wp-json\/wp\/v2\/types\/product"}],"replies":[{"embeddable":true,"href":"https:\/\/www.frankmxparts.com.iclicksapp.nl\/de\/wp-json\/wp\/v2\/comments?post=213207"}],"wp:featuredmedia":[{"embeddable":true,"href":"https:\/\/www.frankmxparts.com.iclicksapp.nl\/de\/wp-json\/wp\/v2\/media\/187841"}],"wp:attachment":[{"href":"https:\/\/www.frankmxparts.com.iclicksapp.nl\/de\/wp-json\/wp\/v2\/media?parent=213207"}],"wp:term":[{"taxonomy":"product_brand","embeddable":true,"href":"https:\/\/www.frankmxparts.com.iclicksapp.nl\/de\/wp-json\/wp\/v2\/product_brand?post=213207"},{"taxonomy":"product_cat","embeddable":true,"href":"https:\/\/www.frankmxparts.com.iclicksapp.nl\/de\/wp-json\/wp\/v2\/product_cat?post=213207"},{"taxonomy":"product_tag","embeddable":true,"href":"https:\/\/www.frankmxparts.com.iclicksapp.nl\/de\/wp-json\/wp\/v2\/product_tag?post=213207"}],"curies":[{"name":"wp","href":"https:\/\/api.w.org\/{rel}","templated":true}]}}