{"id":213243,"date":"2024-11-19T21:17:27","date_gmt":"2024-11-19T20:17:27","guid":{"rendered":"https:\/\/www.frankmxparts.com.iclicksapp.nl\/product\/keihin-fcr-41-racing-flatslide-carburetors-honda-blackbird-1100xx"},"modified":"2024-11-27T12:39:42","modified_gmt":"2024-11-27T10:39:42","slug":"keihin-fcr-41-racing-flatslide-carburetors-honda-blackbird-1100xx","status":"publish","type":"product","link":"https:\/\/www.frankmxparts.com.iclicksapp.nl\/de\/keihin-fcr-41-racing-flatslide-carburetors-honda-blackbird-1100xx","title":{"rendered":"Keihin FCR 41 Racing Flachschieber Vergaser \/ Honda Blackbird 1100XX"},"content":{"rendered":"<p>Ein fallstrom Keihin FCR 41 Racing Flachschieber Vergaserbatterie.<\/p>\n<p>F\u00fcr eine seri\u00f6se Leistungssteigerung&#8230;! Details:<\/p>\n<ul>\n<li>Keihin FCR 41 Racing fallstrom Vergaserbatterie<\/li>\n<li>original Blackbird Vergaser (nicht mehr verf\u00fcgbar via Keihin)<\/li>\n<li>mit Drosselklappensensor (TPS, Throttle Position Sensor)<\/li>\n<li>mit 50mm. Ansaugtrichter (30mm. Trichter sind auf Lager)<\/li>\n<li>Geh\u00e4use und ausgew\u00e4hlte Teile sind ultraschall gereinigt<\/li>\n<li>alle Teile sind gereinigt und \u00fcberpr\u00fcft<\/li>\n<li>D\u00fcsen sind gereinigt<\/li>\n<li>Flachschieber sind synchronisiert<\/li>\n<li>Schwimmerh\u00f6he neu eingestellt<\/li>\n<li>Beschleunigerpumpe getestet<\/li>\n<li><font color=\"#000cff\">neue <\/font>O-Ringe in den Beschleunigerpumpe<\/li>\n<li>etc.<\/li>\n<\/ul>\n<p>Komplett wie abgebildet. Kann auch mit 30mm. oder 50mm. <font color=\"#000cff\">Ansaugtrichter <\/font>geliefert werden (Artikel nr. 0657 und 0403).<\/p>\n<p>Ready to race&#8230;.<\/p>\n<p>&nbsp;<\/p>\n","protected":false},"excerpt":{"rendered":"<p>Ein fallstrom Keihin FCR 41 Racing Flachschieber Vergaserbatterie. F\u00fcr eine seri\u00f6se Leistungssteigerung&#8230;! Details: Keihin FCR 41 Racing fallstrom Vergaserbatterie original Blackbird Vergaser (nicht mehr verf\u00fcgbar via Keihin) mit Drosselklappensensor (TPS, Throttle Position Sensor) mit 50mm. Ansaugtrichter (30mm. Trichter sind auf Lager) Geh\u00e4use und ausgew\u00e4hlte Teile sind ultraschall gereinigt alle Teile sind gereinigt und \u00fcberpr\u00fcft D\u00fcsen [&hellip;]<\/p>\n","protected":false},"featured_media":188294,"comment_status":"closed","ping_status":"closed","template":"","meta":{"_acf_changed":false},"product_brand":[],"product_cat":[9441],"product_tag":[],"class_list":{"0":"post-213243","1":"product","2":"type-product","3":"status-publish","4":"has-post-thumbnail","6":"product_cat-uncategorized","7":"pa_manufacturer-keihin-de","9":"first","10":"outofstock","11":"taxable","12":"shipping-taxable","13":"purchasable","14":"product-type-simple"},"acf":[],"yoast_head":"<!-- This site is optimized with the Yoast SEO plugin v27.3 - https:\/\/yoast.com\/product\/yoast-seo-wordpress\/ -->\n<title>Keihin FCR 41 Racing Flachschieber Vergaser \/ Honda Blackbird 1100XX - Frank! MXParts<\/title>\n<meta name=\"robots\" content=\"noindex, follow, max-snippet:-1, max-image-preview:large, max-video-preview:-1\" \/>\n<meta property=\"og:locale\" content=\"de_DE\" \/>\n<meta property=\"og:type\" content=\"article\" \/>\n<meta property=\"og:title\" content=\"Keihin FCR 41 Racing Flachschieber Vergaser \/ Honda Blackbird 1100XX - Frank! MXParts\" \/>\n<meta property=\"og:description\" content=\"Ein fallstrom Keihin FCR 41 Racing Flachschieber Vergaserbatterie. F\u00fcr eine seri\u00f6se Leistungssteigerung&#8230;! Details: Keihin FCR 41 Racing fallstrom Vergaserbatterie original Blackbird Vergaser (nicht mehr verf\u00fcgbar via Keihin) mit Drosselklappensensor (TPS, Throttle Position Sensor) mit 50mm. Ansaugtrichter (30mm. Trichter sind auf Lager) Geh\u00e4use und ausgew\u00e4hlte Teile sind ultraschall gereinigt alle Teile sind gereinigt und \u00fcberpr\u00fcft D\u00fcsen [&hellip;]\" \/>\n<meta property=\"og:url\" content=\"https:\/\/www.frankmxparts.com.iclicksapp.nl\/de\/keihin-fcr-41-racing-flatslide-carburetors-honda-blackbird-1100xx\" \/>\n<meta property=\"og:site_name\" content=\"Frank! MXParts\" \/>\n<meta property=\"article:modified_time\" content=\"2024-11-27T10:39:42+00:00\" \/>\n<meta property=\"og:image\" content=\"https:\/\/www.frankmxparts.com.iclicksapp.nl\/wp-content\/uploads\/2024\/11\/DSC01984.jpg\" \/>\n\t<meta property=\"og:image:width\" content=\"750\" \/>\n\t<meta property=\"og:image:height\" content=\"563\" \/>\n\t<meta property=\"og:image:type\" content=\"image\/jpeg\" \/>\n<meta name=\"twitter:card\" content=\"summary_large_image\" \/>\n<script type=\"application\/ld+json\" class=\"yoast-schema-graph\">{\"@context\":\"https:\\\/\\\/schema.org\",\"@graph\":[{\"@type\":\"WebPage\",\"@id\":\"https:\\\/\\\/www.frankmxparts.com.iclicksapp.nl\\\/de\\\/keihin-fcr-41-racing-flatslide-carburetors-honda-blackbird-1100xx\",\"url\":\"https:\\\/\\\/www.frankmxparts.com.iclicksapp.nl\\\/de\\\/keihin-fcr-41-racing-flatslide-carburetors-honda-blackbird-1100xx\",\"name\":\"Keihin FCR 41 Racing Flachschieber Vergaser \\\/ Honda Blackbird 1100XX - Frank! MXParts\",\"isPartOf\":{\"@id\":\"https:\\\/\\\/www.frankmxparts.com.iclicksapp.nl\\\/de\\\/#website\"},\"primaryImageOfPage\":{\"@id\":\"https:\\\/\\\/www.frankmxparts.com.iclicksapp.nl\\\/de\\\/keihin-fcr-41-racing-flatslide-carburetors-honda-blackbird-1100xx#primaryimage\"},\"image\":{\"@id\":\"https:\\\/\\\/www.frankmxparts.com.iclicksapp.nl\\\/de\\\/keihin-fcr-41-racing-flatslide-carburetors-honda-blackbird-1100xx#primaryimage\"},\"thumbnailUrl\":\"https:\\\/\\\/www.frankmxparts.com.iclicksapp.nl\\\/wp-content\\\/uploads\\\/2024\\\/11\\\/DSC01984.jpg\",\"datePublished\":\"2024-11-19T20:17:27+00:00\",\"dateModified\":\"2024-11-27T10:39:42+00:00\",\"breadcrumb\":{\"@id\":\"https:\\\/\\\/www.frankmxparts.com.iclicksapp.nl\\\/de\\\/keihin-fcr-41-racing-flatslide-carburetors-honda-blackbird-1100xx#breadcrumb\"},\"inLanguage\":\"de\",\"potentialAction\":[{\"@type\":\"ReadAction\",\"target\":[\"https:\\\/\\\/www.frankmxparts.com.iclicksapp.nl\\\/de\\\/keihin-fcr-41-racing-flatslide-carburetors-honda-blackbird-1100xx\"]}]},{\"@type\":\"ImageObject\",\"inLanguage\":\"de\",\"@id\":\"https:\\\/\\\/www.frankmxparts.com.iclicksapp.nl\\\/de\\\/keihin-fcr-41-racing-flatslide-carburetors-honda-blackbird-1100xx#primaryimage\",\"url\":\"https:\\\/\\\/www.frankmxparts.com.iclicksapp.nl\\\/wp-content\\\/uploads\\\/2024\\\/11\\\/DSC01984.jpg\",\"contentUrl\":\"https:\\\/\\\/www.frankmxparts.com.iclicksapp.nl\\\/wp-content\\\/uploads\\\/2024\\\/11\\\/DSC01984.jpg\",\"width\":750,\"height\":563},{\"@type\":\"BreadcrumbList\",\"@id\":\"https:\\\/\\\/www.frankmxparts.com.iclicksapp.nl\\\/de\\\/keihin-fcr-41-racing-flatslide-carburetors-honda-blackbird-1100xx#breadcrumb\",\"itemListElement\":[{\"@type\":\"ListItem\",\"position\":1,\"name\":\"Home\",\"item\":\"https:\\\/\\\/www.frankmxparts.com.iclicksapp.nl\\\/de\"},{\"@type\":\"ListItem\",\"position\":2,\"name\":\"Shop\",\"item\":\"https:\\\/\\\/www.frankmxparts.com.iclicksapp.nl\\\/winkel\"},{\"@type\":\"ListItem\",\"position\":3,\"name\":\"Keihin FCR 41 Racing Flachschieber Vergaser \\\/ Honda Blackbird 1100XX\"}]},{\"@type\":\"WebSite\",\"@id\":\"https:\\\/\\\/www.frankmxparts.com.iclicksapp.nl\\\/de\\\/#website\",\"url\":\"https:\\\/\\\/www.frankmxparts.com.iclicksapp.nl\\\/de\\\/\",\"name\":\"Frank! MXParts\",\"description\":\"\",\"publisher\":{\"@id\":\"https:\\\/\\\/www.frankmxparts.com.iclicksapp.nl\\\/de\\\/#organization\"},\"potentialAction\":[{\"@type\":\"SearchAction\",\"target\":{\"@type\":\"EntryPoint\",\"urlTemplate\":\"https:\\\/\\\/www.frankmxparts.com.iclicksapp.nl\\\/de\\\/?s={search_term_string}\"},\"query-input\":{\"@type\":\"PropertyValueSpecification\",\"valueRequired\":true,\"valueName\":\"search_term_string\"}}],\"inLanguage\":\"de\"},{\"@type\":\"Organization\",\"@id\":\"https:\\\/\\\/www.frankmxparts.com.iclicksapp.nl\\\/de\\\/#organization\",\"name\":\"Frank! MXParts\",\"url\":\"https:\\\/\\\/www.frankmxparts.com.iclicksapp.nl\\\/de\\\/\",\"logo\":{\"@type\":\"ImageObject\",\"inLanguage\":\"de\",\"@id\":\"https:\\\/\\\/www.frankmxparts.com.iclicksapp.nl\\\/de\\\/#\\\/schema\\\/logo\\\/image\\\/\",\"url\":\"https:\\\/\\\/www.frankmxparts.com.iclicksapp.nl\\\/wp-content\\\/uploads\\\/2024\\\/01\\\/frank-mxparts-logo.svg\",\"contentUrl\":\"https:\\\/\\\/www.frankmxparts.com.iclicksapp.nl\\\/wp-content\\\/uploads\\\/2024\\\/01\\\/frank-mxparts-logo.svg\",\"width\":301,\"height\":88,\"caption\":\"Frank! MXParts\"},\"image\":{\"@id\":\"https:\\\/\\\/www.frankmxparts.com.iclicksapp.nl\\\/de\\\/#\\\/schema\\\/logo\\\/image\\\/\"}}]}<\/script>\n<!-- \/ Yoast SEO plugin. -->","yoast_head_json":{"title":"Keihin FCR 41 Racing Flachschieber Vergaser \/ Honda Blackbird 1100XX - Frank! MXParts","robots":{"index":"noindex","follow":"follow","max-snippet":"max-snippet:-1","max-image-preview":"max-image-preview:large","max-video-preview":"max-video-preview:-1"},"og_locale":"de_DE","og_type":"article","og_title":"Keihin FCR 41 Racing Flachschieber Vergaser \/ Honda Blackbird 1100XX - Frank! MXParts","og_description":"Ein fallstrom Keihin FCR 41 Racing Flachschieber Vergaserbatterie. F\u00fcr eine seri\u00f6se Leistungssteigerung&#8230;! Details: Keihin FCR 41 Racing fallstrom Vergaserbatterie original Blackbird Vergaser (nicht mehr verf\u00fcgbar via Keihin) mit Drosselklappensensor (TPS, Throttle Position Sensor) mit 50mm. Ansaugtrichter (30mm. Trichter sind auf Lager) Geh\u00e4use und ausgew\u00e4hlte Teile sind ultraschall gereinigt alle Teile sind gereinigt und \u00fcberpr\u00fcft D\u00fcsen [&hellip;]","og_url":"https:\/\/www.frankmxparts.com.iclicksapp.nl\/de\/keihin-fcr-41-racing-flatslide-carburetors-honda-blackbird-1100xx","og_site_name":"Frank! MXParts","article_modified_time":"2024-11-27T10:39:42+00:00","og_image":[{"width":750,"height":563,"url":"https:\/\/www.frankmxparts.com.iclicksapp.nl\/wp-content\/uploads\/2024\/11\/DSC01984.jpg","type":"image\/jpeg"}],"twitter_card":"summary_large_image","schema":{"@context":"https:\/\/schema.org","@graph":[{"@type":"WebPage","@id":"https:\/\/www.frankmxparts.com.iclicksapp.nl\/de\/keihin-fcr-41-racing-flatslide-carburetors-honda-blackbird-1100xx","url":"https:\/\/www.frankmxparts.com.iclicksapp.nl\/de\/keihin-fcr-41-racing-flatslide-carburetors-honda-blackbird-1100xx","name":"Keihin FCR 41 Racing Flachschieber Vergaser \/ Honda Blackbird 1100XX - Frank! MXParts","isPartOf":{"@id":"https:\/\/www.frankmxparts.com.iclicksapp.nl\/de\/#website"},"primaryImageOfPage":{"@id":"https:\/\/www.frankmxparts.com.iclicksapp.nl\/de\/keihin-fcr-41-racing-flatslide-carburetors-honda-blackbird-1100xx#primaryimage"},"image":{"@id":"https:\/\/www.frankmxparts.com.iclicksapp.nl\/de\/keihin-fcr-41-racing-flatslide-carburetors-honda-blackbird-1100xx#primaryimage"},"thumbnailUrl":"https:\/\/www.frankmxparts.com.iclicksapp.nl\/wp-content\/uploads\/2024\/11\/DSC01984.jpg","datePublished":"2024-11-19T20:17:27+00:00","dateModified":"2024-11-27T10:39:42+00:00","breadcrumb":{"@id":"https:\/\/www.frankmxparts.com.iclicksapp.nl\/de\/keihin-fcr-41-racing-flatslide-carburetors-honda-blackbird-1100xx#breadcrumb"},"inLanguage":"de","potentialAction":[{"@type":"ReadAction","target":["https:\/\/www.frankmxparts.com.iclicksapp.nl\/de\/keihin-fcr-41-racing-flatslide-carburetors-honda-blackbird-1100xx"]}]},{"@type":"ImageObject","inLanguage":"de","@id":"https:\/\/www.frankmxparts.com.iclicksapp.nl\/de\/keihin-fcr-41-racing-flatslide-carburetors-honda-blackbird-1100xx#primaryimage","url":"https:\/\/www.frankmxparts.com.iclicksapp.nl\/wp-content\/uploads\/2024\/11\/DSC01984.jpg","contentUrl":"https:\/\/www.frankmxparts.com.iclicksapp.nl\/wp-content\/uploads\/2024\/11\/DSC01984.jpg","width":750,"height":563},{"@type":"BreadcrumbList","@id":"https:\/\/www.frankmxparts.com.iclicksapp.nl\/de\/keihin-fcr-41-racing-flatslide-carburetors-honda-blackbird-1100xx#breadcrumb","itemListElement":[{"@type":"ListItem","position":1,"name":"Home","item":"https:\/\/www.frankmxparts.com.iclicksapp.nl\/de"},{"@type":"ListItem","position":2,"name":"Shop","item":"https:\/\/www.frankmxparts.com.iclicksapp.nl\/winkel"},{"@type":"ListItem","position":3,"name":"Keihin FCR 41 Racing Flachschieber Vergaser \/ Honda Blackbird 1100XX"}]},{"@type":"WebSite","@id":"https:\/\/www.frankmxparts.com.iclicksapp.nl\/de\/#website","url":"https:\/\/www.frankmxparts.com.iclicksapp.nl\/de\/","name":"Frank! MXParts","description":"","publisher":{"@id":"https:\/\/www.frankmxparts.com.iclicksapp.nl\/de\/#organization"},"potentialAction":[{"@type":"SearchAction","target":{"@type":"EntryPoint","urlTemplate":"https:\/\/www.frankmxparts.com.iclicksapp.nl\/de\/?s={search_term_string}"},"query-input":{"@type":"PropertyValueSpecification","valueRequired":true,"valueName":"search_term_string"}}],"inLanguage":"de"},{"@type":"Organization","@id":"https:\/\/www.frankmxparts.com.iclicksapp.nl\/de\/#organization","name":"Frank! MXParts","url":"https:\/\/www.frankmxparts.com.iclicksapp.nl\/de\/","logo":{"@type":"ImageObject","inLanguage":"de","@id":"https:\/\/www.frankmxparts.com.iclicksapp.nl\/de\/#\/schema\/logo\/image\/","url":"https:\/\/www.frankmxparts.com.iclicksapp.nl\/wp-content\/uploads\/2024\/01\/frank-mxparts-logo.svg","contentUrl":"https:\/\/www.frankmxparts.com.iclicksapp.nl\/wp-content\/uploads\/2024\/01\/frank-mxparts-logo.svg","width":301,"height":88,"caption":"Frank! MXParts"},"image":{"@id":"https:\/\/www.frankmxparts.com.iclicksapp.nl\/de\/#\/schema\/logo\/image\/"}}]}},"_links":{"self":[{"href":"https:\/\/www.frankmxparts.com.iclicksapp.nl\/de\/wp-json\/wp\/v2\/product\/213243","targetHints":{"allow":["GET"]}}],"collection":[{"href":"https:\/\/www.frankmxparts.com.iclicksapp.nl\/de\/wp-json\/wp\/v2\/product"}],"about":[{"href":"https:\/\/www.frankmxparts.com.iclicksapp.nl\/de\/wp-json\/wp\/v2\/types\/product"}],"replies":[{"embeddable":true,"href":"https:\/\/www.frankmxparts.com.iclicksapp.nl\/de\/wp-json\/wp\/v2\/comments?post=213243"}],"wp:featuredmedia":[{"embeddable":true,"href":"https:\/\/www.frankmxparts.com.iclicksapp.nl\/de\/wp-json\/wp\/v2\/media\/188294"}],"wp:attachment":[{"href":"https:\/\/www.frankmxparts.com.iclicksapp.nl\/de\/wp-json\/wp\/v2\/media?parent=213243"}],"wp:term":[{"taxonomy":"product_brand","embeddable":true,"href":"https:\/\/www.frankmxparts.com.iclicksapp.nl\/de\/wp-json\/wp\/v2\/product_brand?post=213243"},{"taxonomy":"product_cat","embeddable":true,"href":"https:\/\/www.frankmxparts.com.iclicksapp.nl\/de\/wp-json\/wp\/v2\/product_cat?post=213243"},{"taxonomy":"product_tag","embeddable":true,"href":"https:\/\/www.frankmxparts.com.iclicksapp.nl\/de\/wp-json\/wp\/v2\/product_tag?post=213243"}],"curies":[{"name":"wp","href":"https:\/\/api.w.org\/{rel}","templated":true}]}}