{"id":213262,"date":"2024-11-19T21:18:37","date_gmt":"2024-11-19T20:18:37","guid":{"rendered":"https:\/\/www.frankmxparts.com.iclicksapp.nl\/product\/mikuni-rs-34-rs34-flatslide-smoothbore-carburetors-kawasaki-z900-z1000"},"modified":"2024-11-27T12:41:40","modified_gmt":"2024-11-27T10:41:40","slug":"mikuni-rs-34-rs34-flatslide-smoothbore-carburetors-kawasaki-z900-z1000","status":"publish","type":"product","link":"https:\/\/www.frankmxparts.com.iclicksapp.nl\/de\/mikuni-rs-34-rs34-flatslide-smoothbore-carburetors-kawasaki-z900-z1000","title":{"rendered":"Mikuni RS 34 smoothbore Flachschieber Vergaser \/ Kawasaki Z900 Z1000"},"content":{"rendered":"<p>\n<strong>Mikuni RS 34 smoothbore Flachschieber Vergaser<\/strong>.<\/p>\n<p>&#8218;High performance&#8216; smoothbore Flachschieber Vergaser Kit, f\u00fcr eine seri\u00f6se Leistungssteigerung (bis zu 25%). Den vollst\u00e4ndig einstellbare Beschleunigerpumpe bietet eune&nbsp;spontanere Gasannahme und l\u00e4\u00dft eine individuelle Anpassung f\u00fcr&nbsp;unterschiedliche Fahrweisen zu. Das smoothbore Design bietet eine reibungslose Leistungsabgabe&nbsp;\u00fcber den gesamten Drehzahlbereich.<\/p>\n<p><strong>Details<\/strong>:<\/p>\n<ul>\n<li>Mikuni RS34 Flachschieber Vergaser<\/li>\n<li>mit Beschleunigerpumpe<\/li>\n<li>mit Choke<\/li>\n<li>Vergaserabst\u00e4nde: 77-93-77cm.<\/li>\n<li>Anschlu\u00dfdurchmesser vorne: 40mm.<\/li>\n<li>Anschlu\u00dfdurchmesser hinten: 55mm.<\/li>\n<li>Gesamtl\u00e4nge: 100mm.&nbsp;<\/li>\n<\/ul>\n<p><strong>Lieferumfang<\/strong>:<\/p>\n<ul>\n<li>Vergaser<\/li>\n<li>D\u00fcsen Kit<\/li>\n<li>Montagematerialen.<\/li>\n<\/ul>\n<p><strong>Passend f\u00fcr<\/strong>:<\/p>\n<ul>\n<li>den Kawasaki Z900<\/li>\n<li>den Kawasaki Z1000.<\/li>\n<\/ul>\n<p>\nVergessen Sie nicht zu pr\u00fcfen, ob diese Vergaser passend sind f\u00fcr&nbsp;Ihrem Motor (Vergaserabst\u00e4nde, Anschlu\u00dfdurchmesser). Die Serienm\u00e4\u00dfig verbauten Gasz\u00fcge passen nicht; ein Gashebel\/Gasz\u00fcge Kit ist optional. Diese Vergaser passen nicht an den originalen Luftfilterkasten; wir bieten daf\u00fcr Ansaugtrichter (m\u00f6glicherweise in Kombination mit&nbsp;Luftfilter) oder Pod Luftfilter an.<\/p>\n<p><strong>Fragen<\/strong>? Wir sind da, um zu helfen.<br \/>\nReady to race&#8230;<\/p>\n<p>&nbsp;<\/p>\n","protected":false},"excerpt":{"rendered":"<p>Mikuni RS 34 smoothbore Flachschieber Vergaser. &#8218;High performance&#8216; smoothbore Flachschieber Vergaser Kit, f\u00fcr eine seri\u00f6se Leistungssteigerung (bis zu 25%). Den vollst\u00e4ndig einstellbare Beschleunigerpumpe bietet eune&nbsp;spontanere Gasannahme und l\u00e4\u00dft eine individuelle Anpassung f\u00fcr&nbsp;unterschiedliche Fahrweisen zu. Das smoothbore Design bietet eine reibungslose Leistungsabgabe&nbsp;\u00fcber den gesamten Drehzahlbereich. Details: Mikuni RS34 Flachschieber Vergaser mit Beschleunigerpumpe mit Choke Vergaserabst\u00e4nde: 77-93-77cm. [&hellip;]<\/p>\n","protected":false},"featured_media":188595,"comment_status":"closed","ping_status":"closed","template":"","meta":{"_acf_changed":false},"product_brand":[],"product_cat":[9441],"product_tag":[],"class_list":{"0":"post-213262","1":"product","2":"type-product","3":"status-publish","4":"has-post-thumbnail","6":"product_cat-uncategorized","7":"pa_manufacturer-mikuni-de","9":"first","10":"instock","11":"taxable","12":"shipping-taxable","13":"purchasable","14":"product-type-simple"},"acf":[],"yoast_head":"<!-- This site is optimized with the Yoast SEO plugin v27.3 - https:\/\/yoast.com\/product\/yoast-seo-wordpress\/ -->\n<title>Mikuni RS 34 smoothbore Flachschieber Vergaser \/ Kawasaki Z900 Z1000 - Frank! MXParts<\/title>\n<meta name=\"robots\" content=\"noindex, follow, max-snippet:-1, max-image-preview:large, max-video-preview:-1\" \/>\n<meta property=\"og:locale\" content=\"de_DE\" \/>\n<meta property=\"og:type\" content=\"article\" \/>\n<meta property=\"og:title\" content=\"Mikuni RS 34 smoothbore Flachschieber Vergaser \/ Kawasaki Z900 Z1000 - Frank! MXParts\" \/>\n<meta property=\"og:description\" content=\"Mikuni RS 34 smoothbore Flachschieber Vergaser. &#8218;High performance&#8216; smoothbore Flachschieber Vergaser Kit, f\u00fcr eine seri\u00f6se Leistungssteigerung (bis zu 25%). Den vollst\u00e4ndig einstellbare Beschleunigerpumpe bietet eune&nbsp;spontanere Gasannahme und l\u00e4\u00dft eine individuelle Anpassung f\u00fcr&nbsp;unterschiedliche Fahrweisen zu. Das smoothbore Design bietet eine reibungslose Leistungsabgabe&nbsp;\u00fcber den gesamten Drehzahlbereich. Details: Mikuni RS34 Flachschieber Vergaser mit Beschleunigerpumpe mit Choke Vergaserabst\u00e4nde: 77-93-77cm. [&hellip;]\" \/>\n<meta property=\"og:url\" content=\"https:\/\/www.frankmxparts.com.iclicksapp.nl\/de\/mikuni-rs-34-rs34-flatslide-smoothbore-carburetors-kawasaki-z900-z1000\" \/>\n<meta property=\"og:site_name\" content=\"Frank! MXParts\" \/>\n<meta property=\"article:modified_time\" content=\"2024-11-27T10:41:40+00:00\" \/>\n<meta property=\"og:image\" content=\"https:\/\/www.frankmxparts.com.iclicksapp.nl\/wp-content\/uploads\/2024\/11\/Mikuni-RS-34-RS34-flatslide-smoothbore-carburetors-Kawasaki-Z900-Z1000-frank-mxparts-01.jpg\" \/>\n\t<meta property=\"og:image:width\" content=\"750\" \/>\n\t<meta property=\"og:image:height\" content=\"563\" \/>\n\t<meta property=\"og:image:type\" content=\"image\/jpeg\" \/>\n<meta name=\"twitter:card\" content=\"summary_large_image\" \/>\n<meta name=\"twitter:label1\" content=\"Gesch\u00e4tzte Lesezeit\" \/>\n\t<meta name=\"twitter:data1\" content=\"1\u00a0Minute\" \/>\n<script type=\"application\/ld+json\" class=\"yoast-schema-graph\">{\"@context\":\"https:\\\/\\\/schema.org\",\"@graph\":[{\"@type\":\"WebPage\",\"@id\":\"https:\\\/\\\/www.frankmxparts.com.iclicksapp.nl\\\/de\\\/mikuni-rs-34-rs34-flatslide-smoothbore-carburetors-kawasaki-z900-z1000\",\"url\":\"https:\\\/\\\/www.frankmxparts.com.iclicksapp.nl\\\/de\\\/mikuni-rs-34-rs34-flatslide-smoothbore-carburetors-kawasaki-z900-z1000\",\"name\":\"Mikuni RS 34 smoothbore Flachschieber Vergaser \\\/ Kawasaki Z900 Z1000 - Frank! MXParts\",\"isPartOf\":{\"@id\":\"https:\\\/\\\/www.frankmxparts.com.iclicksapp.nl\\\/de\\\/#website\"},\"primaryImageOfPage\":{\"@id\":\"https:\\\/\\\/www.frankmxparts.com.iclicksapp.nl\\\/de\\\/mikuni-rs-34-rs34-flatslide-smoothbore-carburetors-kawasaki-z900-z1000#primaryimage\"},\"image\":{\"@id\":\"https:\\\/\\\/www.frankmxparts.com.iclicksapp.nl\\\/de\\\/mikuni-rs-34-rs34-flatslide-smoothbore-carburetors-kawasaki-z900-z1000#primaryimage\"},\"thumbnailUrl\":\"https:\\\/\\\/www.frankmxparts.com.iclicksapp.nl\\\/wp-content\\\/uploads\\\/2024\\\/11\\\/Mikuni-RS-34-RS34-flatslide-smoothbore-carburetors-Kawasaki-Z900-Z1000-frank-mxparts-01.jpg\",\"datePublished\":\"2024-11-19T20:18:37+00:00\",\"dateModified\":\"2024-11-27T10:41:40+00:00\",\"breadcrumb\":{\"@id\":\"https:\\\/\\\/www.frankmxparts.com.iclicksapp.nl\\\/de\\\/mikuni-rs-34-rs34-flatslide-smoothbore-carburetors-kawasaki-z900-z1000#breadcrumb\"},\"inLanguage\":\"de\",\"potentialAction\":[{\"@type\":\"ReadAction\",\"target\":[\"https:\\\/\\\/www.frankmxparts.com.iclicksapp.nl\\\/de\\\/mikuni-rs-34-rs34-flatslide-smoothbore-carburetors-kawasaki-z900-z1000\"]}]},{\"@type\":\"ImageObject\",\"inLanguage\":\"de\",\"@id\":\"https:\\\/\\\/www.frankmxparts.com.iclicksapp.nl\\\/de\\\/mikuni-rs-34-rs34-flatslide-smoothbore-carburetors-kawasaki-z900-z1000#primaryimage\",\"url\":\"https:\\\/\\\/www.frankmxparts.com.iclicksapp.nl\\\/wp-content\\\/uploads\\\/2024\\\/11\\\/Mikuni-RS-34-RS34-flatslide-smoothbore-carburetors-Kawasaki-Z900-Z1000-frank-mxparts-01.jpg\",\"contentUrl\":\"https:\\\/\\\/www.frankmxparts.com.iclicksapp.nl\\\/wp-content\\\/uploads\\\/2024\\\/11\\\/Mikuni-RS-34-RS34-flatslide-smoothbore-carburetors-Kawasaki-Z900-Z1000-frank-mxparts-01.jpg\",\"width\":750,\"height\":563},{\"@type\":\"BreadcrumbList\",\"@id\":\"https:\\\/\\\/www.frankmxparts.com.iclicksapp.nl\\\/de\\\/mikuni-rs-34-rs34-flatslide-smoothbore-carburetors-kawasaki-z900-z1000#breadcrumb\",\"itemListElement\":[{\"@type\":\"ListItem\",\"position\":1,\"name\":\"Home\",\"item\":\"https:\\\/\\\/www.frankmxparts.com.iclicksapp.nl\\\/de\"},{\"@type\":\"ListItem\",\"position\":2,\"name\":\"Shop\",\"item\":\"https:\\\/\\\/www.frankmxparts.com.iclicksapp.nl\\\/winkel\"},{\"@type\":\"ListItem\",\"position\":3,\"name\":\"Mikuni RS 34 smoothbore Flachschieber Vergaser \\\/ Kawasaki Z900 Z1000\"}]},{\"@type\":\"WebSite\",\"@id\":\"https:\\\/\\\/www.frankmxparts.com.iclicksapp.nl\\\/de\\\/#website\",\"url\":\"https:\\\/\\\/www.frankmxparts.com.iclicksapp.nl\\\/de\\\/\",\"name\":\"Frank! MXParts\",\"description\":\"\",\"publisher\":{\"@id\":\"https:\\\/\\\/www.frankmxparts.com.iclicksapp.nl\\\/de\\\/#organization\"},\"potentialAction\":[{\"@type\":\"SearchAction\",\"target\":{\"@type\":\"EntryPoint\",\"urlTemplate\":\"https:\\\/\\\/www.frankmxparts.com.iclicksapp.nl\\\/de\\\/?s={search_term_string}\"},\"query-input\":{\"@type\":\"PropertyValueSpecification\",\"valueRequired\":true,\"valueName\":\"search_term_string\"}}],\"inLanguage\":\"de\"},{\"@type\":\"Organization\",\"@id\":\"https:\\\/\\\/www.frankmxparts.com.iclicksapp.nl\\\/de\\\/#organization\",\"name\":\"Frank! MXParts\",\"url\":\"https:\\\/\\\/www.frankmxparts.com.iclicksapp.nl\\\/de\\\/\",\"logo\":{\"@type\":\"ImageObject\",\"inLanguage\":\"de\",\"@id\":\"https:\\\/\\\/www.frankmxparts.com.iclicksapp.nl\\\/de\\\/#\\\/schema\\\/logo\\\/image\\\/\",\"url\":\"https:\\\/\\\/www.frankmxparts.com.iclicksapp.nl\\\/wp-content\\\/uploads\\\/2024\\\/01\\\/frank-mxparts-logo.svg\",\"contentUrl\":\"https:\\\/\\\/www.frankmxparts.com.iclicksapp.nl\\\/wp-content\\\/uploads\\\/2024\\\/01\\\/frank-mxparts-logo.svg\",\"width\":301,\"height\":88,\"caption\":\"Frank! MXParts\"},\"image\":{\"@id\":\"https:\\\/\\\/www.frankmxparts.com.iclicksapp.nl\\\/de\\\/#\\\/schema\\\/logo\\\/image\\\/\"}}]}<\/script>\n<!-- \/ Yoast SEO plugin. -->","yoast_head_json":{"title":"Mikuni RS 34 smoothbore Flachschieber Vergaser \/ Kawasaki Z900 Z1000 - Frank! MXParts","robots":{"index":"noindex","follow":"follow","max-snippet":"max-snippet:-1","max-image-preview":"max-image-preview:large","max-video-preview":"max-video-preview:-1"},"og_locale":"de_DE","og_type":"article","og_title":"Mikuni RS 34 smoothbore Flachschieber Vergaser \/ Kawasaki Z900 Z1000 - Frank! MXParts","og_description":"Mikuni RS 34 smoothbore Flachschieber Vergaser. &#8218;High performance&#8216; smoothbore Flachschieber Vergaser Kit, f\u00fcr eine seri\u00f6se Leistungssteigerung (bis zu 25%). Den vollst\u00e4ndig einstellbare Beschleunigerpumpe bietet eune&nbsp;spontanere Gasannahme und l\u00e4\u00dft eine individuelle Anpassung f\u00fcr&nbsp;unterschiedliche Fahrweisen zu. Das smoothbore Design bietet eine reibungslose Leistungsabgabe&nbsp;\u00fcber den gesamten Drehzahlbereich. Details: Mikuni RS34 Flachschieber Vergaser mit Beschleunigerpumpe mit Choke Vergaserabst\u00e4nde: 77-93-77cm. [&hellip;]","og_url":"https:\/\/www.frankmxparts.com.iclicksapp.nl\/de\/mikuni-rs-34-rs34-flatslide-smoothbore-carburetors-kawasaki-z900-z1000","og_site_name":"Frank! MXParts","article_modified_time":"2024-11-27T10:41:40+00:00","og_image":[{"width":750,"height":563,"url":"https:\/\/www.frankmxparts.com.iclicksapp.nl\/wp-content\/uploads\/2024\/11\/Mikuni-RS-34-RS34-flatslide-smoothbore-carburetors-Kawasaki-Z900-Z1000-frank-mxparts-01.jpg","type":"image\/jpeg"}],"twitter_card":"summary_large_image","twitter_misc":{"Gesch\u00e4tzte Lesezeit":"1\u00a0Minute"},"schema":{"@context":"https:\/\/schema.org","@graph":[{"@type":"WebPage","@id":"https:\/\/www.frankmxparts.com.iclicksapp.nl\/de\/mikuni-rs-34-rs34-flatslide-smoothbore-carburetors-kawasaki-z900-z1000","url":"https:\/\/www.frankmxparts.com.iclicksapp.nl\/de\/mikuni-rs-34-rs34-flatslide-smoothbore-carburetors-kawasaki-z900-z1000","name":"Mikuni RS 34 smoothbore Flachschieber Vergaser \/ Kawasaki Z900 Z1000 - Frank! MXParts","isPartOf":{"@id":"https:\/\/www.frankmxparts.com.iclicksapp.nl\/de\/#website"},"primaryImageOfPage":{"@id":"https:\/\/www.frankmxparts.com.iclicksapp.nl\/de\/mikuni-rs-34-rs34-flatslide-smoothbore-carburetors-kawasaki-z900-z1000#primaryimage"},"image":{"@id":"https:\/\/www.frankmxparts.com.iclicksapp.nl\/de\/mikuni-rs-34-rs34-flatslide-smoothbore-carburetors-kawasaki-z900-z1000#primaryimage"},"thumbnailUrl":"https:\/\/www.frankmxparts.com.iclicksapp.nl\/wp-content\/uploads\/2024\/11\/Mikuni-RS-34-RS34-flatslide-smoothbore-carburetors-Kawasaki-Z900-Z1000-frank-mxparts-01.jpg","datePublished":"2024-11-19T20:18:37+00:00","dateModified":"2024-11-27T10:41:40+00:00","breadcrumb":{"@id":"https:\/\/www.frankmxparts.com.iclicksapp.nl\/de\/mikuni-rs-34-rs34-flatslide-smoothbore-carburetors-kawasaki-z900-z1000#breadcrumb"},"inLanguage":"de","potentialAction":[{"@type":"ReadAction","target":["https:\/\/www.frankmxparts.com.iclicksapp.nl\/de\/mikuni-rs-34-rs34-flatslide-smoothbore-carburetors-kawasaki-z900-z1000"]}]},{"@type":"ImageObject","inLanguage":"de","@id":"https:\/\/www.frankmxparts.com.iclicksapp.nl\/de\/mikuni-rs-34-rs34-flatslide-smoothbore-carburetors-kawasaki-z900-z1000#primaryimage","url":"https:\/\/www.frankmxparts.com.iclicksapp.nl\/wp-content\/uploads\/2024\/11\/Mikuni-RS-34-RS34-flatslide-smoothbore-carburetors-Kawasaki-Z900-Z1000-frank-mxparts-01.jpg","contentUrl":"https:\/\/www.frankmxparts.com.iclicksapp.nl\/wp-content\/uploads\/2024\/11\/Mikuni-RS-34-RS34-flatslide-smoothbore-carburetors-Kawasaki-Z900-Z1000-frank-mxparts-01.jpg","width":750,"height":563},{"@type":"BreadcrumbList","@id":"https:\/\/www.frankmxparts.com.iclicksapp.nl\/de\/mikuni-rs-34-rs34-flatslide-smoothbore-carburetors-kawasaki-z900-z1000#breadcrumb","itemListElement":[{"@type":"ListItem","position":1,"name":"Home","item":"https:\/\/www.frankmxparts.com.iclicksapp.nl\/de"},{"@type":"ListItem","position":2,"name":"Shop","item":"https:\/\/www.frankmxparts.com.iclicksapp.nl\/winkel"},{"@type":"ListItem","position":3,"name":"Mikuni RS 34 smoothbore Flachschieber Vergaser \/ Kawasaki Z900 Z1000"}]},{"@type":"WebSite","@id":"https:\/\/www.frankmxparts.com.iclicksapp.nl\/de\/#website","url":"https:\/\/www.frankmxparts.com.iclicksapp.nl\/de\/","name":"Frank! MXParts","description":"","publisher":{"@id":"https:\/\/www.frankmxparts.com.iclicksapp.nl\/de\/#organization"},"potentialAction":[{"@type":"SearchAction","target":{"@type":"EntryPoint","urlTemplate":"https:\/\/www.frankmxparts.com.iclicksapp.nl\/de\/?s={search_term_string}"},"query-input":{"@type":"PropertyValueSpecification","valueRequired":true,"valueName":"search_term_string"}}],"inLanguage":"de"},{"@type":"Organization","@id":"https:\/\/www.frankmxparts.com.iclicksapp.nl\/de\/#organization","name":"Frank! MXParts","url":"https:\/\/www.frankmxparts.com.iclicksapp.nl\/de\/","logo":{"@type":"ImageObject","inLanguage":"de","@id":"https:\/\/www.frankmxparts.com.iclicksapp.nl\/de\/#\/schema\/logo\/image\/","url":"https:\/\/www.frankmxparts.com.iclicksapp.nl\/wp-content\/uploads\/2024\/01\/frank-mxparts-logo.svg","contentUrl":"https:\/\/www.frankmxparts.com.iclicksapp.nl\/wp-content\/uploads\/2024\/01\/frank-mxparts-logo.svg","width":301,"height":88,"caption":"Frank! MXParts"},"image":{"@id":"https:\/\/www.frankmxparts.com.iclicksapp.nl\/de\/#\/schema\/logo\/image\/"}}]}},"_links":{"self":[{"href":"https:\/\/www.frankmxparts.com.iclicksapp.nl\/de\/wp-json\/wp\/v2\/product\/213262","targetHints":{"allow":["GET"]}}],"collection":[{"href":"https:\/\/www.frankmxparts.com.iclicksapp.nl\/de\/wp-json\/wp\/v2\/product"}],"about":[{"href":"https:\/\/www.frankmxparts.com.iclicksapp.nl\/de\/wp-json\/wp\/v2\/types\/product"}],"replies":[{"embeddable":true,"href":"https:\/\/www.frankmxparts.com.iclicksapp.nl\/de\/wp-json\/wp\/v2\/comments?post=213262"}],"wp:featuredmedia":[{"embeddable":true,"href":"https:\/\/www.frankmxparts.com.iclicksapp.nl\/de\/wp-json\/wp\/v2\/media\/188595"}],"wp:attachment":[{"href":"https:\/\/www.frankmxparts.com.iclicksapp.nl\/de\/wp-json\/wp\/v2\/media?parent=213262"}],"wp:term":[{"taxonomy":"product_brand","embeddable":true,"href":"https:\/\/www.frankmxparts.com.iclicksapp.nl\/de\/wp-json\/wp\/v2\/product_brand?post=213262"},{"taxonomy":"product_cat","embeddable":true,"href":"https:\/\/www.frankmxparts.com.iclicksapp.nl\/de\/wp-json\/wp\/v2\/product_cat?post=213262"},{"taxonomy":"product_tag","embeddable":true,"href":"https:\/\/www.frankmxparts.com.iclicksapp.nl\/de\/wp-json\/wp\/v2\/product_tag?post=213262"}],"curies":[{"name":"wp","href":"https:\/\/api.w.org\/{rel}","templated":true}]}}