{"id":213273,"date":"2024-11-19T21:18:37","date_gmt":"2024-11-19T20:18:37","guid":{"rendered":"https:\/\/www.frankmxparts.com.iclicksapp.nl\/product\/mikuni-rs-36-flatslide-carburetors-yamaha-xs-1100-1100s-fj-1100-1200-xjr-1200-1300"},"modified":"2024-11-28T10:57:45","modified_gmt":"2024-11-28T08:57:45","slug":"mikuni-rs-36-flatslide-carburetors-yamaha-xs-1100-1100s-fj-1100-1200-xjr-1200-1300","status":"publish","type":"product","link":"https:\/\/www.frankmxparts.com.iclicksapp.nl\/de\/mikuni-rs-36-flatslide-carburetors-yamaha-xs-1100-1100s-fj-1100-1200-xjr-1200-1300","title":{"rendered":"Mikuni RS 36 Vergaser \/ Yamaha XS1100 FJ1100 1200 XJR 1200 1300"},"content":{"rendered":"<p>\n\t<br \/>\n\tMikuni RS 36 smoothbore flachschieber Vergaser.<\/p>\n<p>\t&#8218;High performance&#8216; smoothbore Flachschieber Vergaser Kit, f\u00fcr eine seri\u00f6se Leistungssteigerung. Den&nbsp;einstellbare Beschleunigerpumpe bietet eune&nbsp;spontanere Gasannahme und l\u00e4\u00dft eine individuelle Anpassung f\u00fcr&nbsp;unterschiedliche Fahrweisen zu.<\/p>\n<p>\n\t<br \/>\n\tAnwendungen:<\/p>\n<ul>\n<li>\n\t\tYamaha XS1100 XS1100S<\/li>\n<li>\n\t\tyamaha FJ1100\/1200<\/li>\n<li>\n\t\tYamaha XJR1200\/1300 *<\/li>\n<\/ul>\n<p>\n\tDas Kit enth\u00e4lt:<\/p>\n<ul>\n<li>\n\t\tVergaser<\/li>\n<li>\n\t\textra D\u00fcsen<\/li>\n<li>\n\t\tMontagematerialen<\/li>\n<\/ul>\n<p>\n\t<br \/>\n\t&nbsp;Fragen? Bitte kontaktieren Sie uns.<\/p>\n<p>\t* bitte beachten: den XJR1200 und XJR1300 nutzen TPS (Drosselklappensensor), w\u00e4hrend RS carb kein TPS haben. Es ist deswegen notwendig das Sie selbst TPS aufbauen, oder das Sie wechseln zu einem Z\u00fcndsystem ohne TPS<\/p>\n<p>\n\t&nbsp;<\/p>\n<p>\n\t&nbsp;<\/p>\n<p>\n\t&nbsp;<\/p>\n","protected":false},"excerpt":{"rendered":"<p>Mikuni RS 36 smoothbore flachschieber Vergaser. &#8218;High performance&#8216; smoothbore Flachschieber Vergaser Kit, f\u00fcr eine seri\u00f6se Leistungssteigerung. Den&nbsp;einstellbare Beschleunigerpumpe bietet eune&nbsp;spontanere Gasannahme und l\u00e4\u00dft eine individuelle Anpassung f\u00fcr&nbsp;unterschiedliche Fahrweisen zu. Anwendungen: Yamaha XS1100 XS1100S yamaha FJ1100\/1200 Yamaha XJR1200\/1300 * Das Kit enth\u00e4lt: Vergaser extra D\u00fcsen Montagematerialen &nbsp;Fragen? Bitte kontaktieren Sie uns. * bitte beachten: den XJR1200 [&hellip;]<\/p>\n","protected":false},"featured_media":188741,"comment_status":"closed","ping_status":"closed","template":"","meta":{"_acf_changed":false},"product_brand":[],"product_cat":[9441],"product_tag":[],"class_list":{"0":"post-213273","1":"product","2":"type-product","3":"status-publish","4":"has-post-thumbnail","6":"product_cat-uncategorized","7":"pa_manufacturer-mikuni-de","9":"first","10":"instock","11":"taxable","12":"shipping-taxable","13":"purchasable","14":"product-type-simple"},"acf":[],"yoast_head":"<!-- This site is optimized with the Yoast SEO plugin v27.3 - https:\/\/yoast.com\/product\/yoast-seo-wordpress\/ -->\n<title>Mikuni RS 36 Vergaser \/ Yamaha XS1100 FJ1100 1200 XJR 1200 1300 - Frank! MXParts<\/title>\n<meta name=\"robots\" content=\"noindex, follow, max-snippet:-1, max-image-preview:large, max-video-preview:-1\" \/>\n<meta property=\"og:locale\" content=\"de_DE\" \/>\n<meta property=\"og:type\" content=\"article\" \/>\n<meta property=\"og:title\" content=\"Mikuni RS 36 Vergaser \/ Yamaha XS1100 FJ1100 1200 XJR 1200 1300 - Frank! MXParts\" \/>\n<meta property=\"og:description\" content=\"Mikuni RS 36 smoothbore flachschieber Vergaser. &#8218;High performance&#8216; smoothbore Flachschieber Vergaser Kit, f\u00fcr eine seri\u00f6se Leistungssteigerung. Den&nbsp;einstellbare Beschleunigerpumpe bietet eune&nbsp;spontanere Gasannahme und l\u00e4\u00dft eine individuelle Anpassung f\u00fcr&nbsp;unterschiedliche Fahrweisen zu. Anwendungen: Yamaha XS1100 XS1100S yamaha FJ1100\/1200 Yamaha XJR1200\/1300 * Das Kit enth\u00e4lt: Vergaser extra D\u00fcsen Montagematerialen &nbsp;Fragen? Bitte kontaktieren Sie uns. * bitte beachten: den XJR1200 [&hellip;]\" \/>\n<meta property=\"og:url\" content=\"https:\/\/www.frankmxparts.com.iclicksapp.nl\/de\/mikuni-rs-36-flatslide-carburetors-yamaha-xs-1100-1100s-fj-1100-1200-xjr-1200-1300\" \/>\n<meta property=\"og:site_name\" content=\"Frank! MXParts\" \/>\n<meta property=\"article:modified_time\" content=\"2024-11-28T08:57:45+00:00\" \/>\n<meta property=\"og:image\" content=\"https:\/\/www.frankmxparts.com.iclicksapp.nl\/wp-content\/uploads\/2024\/11\/DSC02390-10.jpg\" \/>\n\t<meta property=\"og:image:width\" content=\"750\" \/>\n\t<meta property=\"og:image:height\" content=\"563\" \/>\n\t<meta property=\"og:image:type\" content=\"image\/jpeg\" \/>\n<meta name=\"twitter:card\" content=\"summary_large_image\" \/>\n<meta name=\"twitter:label1\" content=\"Gesch\u00e4tzte Lesezeit\" \/>\n\t<meta name=\"twitter:data1\" content=\"1\u00a0Minute\" \/>\n<script type=\"application\/ld+json\" class=\"yoast-schema-graph\">{\"@context\":\"https:\\\/\\\/schema.org\",\"@graph\":[{\"@type\":\"WebPage\",\"@id\":\"https:\\\/\\\/www.frankmxparts.com.iclicksapp.nl\\\/de\\\/mikuni-rs-36-flatslide-carburetors-yamaha-xs-1100-1100s-fj-1100-1200-xjr-1200-1300\",\"url\":\"https:\\\/\\\/www.frankmxparts.com.iclicksapp.nl\\\/de\\\/mikuni-rs-36-flatslide-carburetors-yamaha-xs-1100-1100s-fj-1100-1200-xjr-1200-1300\",\"name\":\"Mikuni RS 36 Vergaser \\\/ Yamaha XS1100 FJ1100 1200 XJR 1200 1300 - Frank! MXParts\",\"isPartOf\":{\"@id\":\"https:\\\/\\\/www.frankmxparts.com.iclicksapp.nl\\\/de\\\/#website\"},\"primaryImageOfPage\":{\"@id\":\"https:\\\/\\\/www.frankmxparts.com.iclicksapp.nl\\\/de\\\/mikuni-rs-36-flatslide-carburetors-yamaha-xs-1100-1100s-fj-1100-1200-xjr-1200-1300#primaryimage\"},\"image\":{\"@id\":\"https:\\\/\\\/www.frankmxparts.com.iclicksapp.nl\\\/de\\\/mikuni-rs-36-flatslide-carburetors-yamaha-xs-1100-1100s-fj-1100-1200-xjr-1200-1300#primaryimage\"},\"thumbnailUrl\":\"https:\\\/\\\/www.frankmxparts.com.iclicksapp.nl\\\/wp-content\\\/uploads\\\/2024\\\/11\\\/DSC02390-10.jpg\",\"datePublished\":\"2024-11-19T20:18:37+00:00\",\"dateModified\":\"2024-11-28T08:57:45+00:00\",\"breadcrumb\":{\"@id\":\"https:\\\/\\\/www.frankmxparts.com.iclicksapp.nl\\\/de\\\/mikuni-rs-36-flatslide-carburetors-yamaha-xs-1100-1100s-fj-1100-1200-xjr-1200-1300#breadcrumb\"},\"inLanguage\":\"de\",\"potentialAction\":[{\"@type\":\"ReadAction\",\"target\":[\"https:\\\/\\\/www.frankmxparts.com.iclicksapp.nl\\\/de\\\/mikuni-rs-36-flatslide-carburetors-yamaha-xs-1100-1100s-fj-1100-1200-xjr-1200-1300\"]}]},{\"@type\":\"ImageObject\",\"inLanguage\":\"de\",\"@id\":\"https:\\\/\\\/www.frankmxparts.com.iclicksapp.nl\\\/de\\\/mikuni-rs-36-flatslide-carburetors-yamaha-xs-1100-1100s-fj-1100-1200-xjr-1200-1300#primaryimage\",\"url\":\"https:\\\/\\\/www.frankmxparts.com.iclicksapp.nl\\\/wp-content\\\/uploads\\\/2024\\\/11\\\/DSC02390-10.jpg\",\"contentUrl\":\"https:\\\/\\\/www.frankmxparts.com.iclicksapp.nl\\\/wp-content\\\/uploads\\\/2024\\\/11\\\/DSC02390-10.jpg\",\"width\":750,\"height\":563},{\"@type\":\"BreadcrumbList\",\"@id\":\"https:\\\/\\\/www.frankmxparts.com.iclicksapp.nl\\\/de\\\/mikuni-rs-36-flatslide-carburetors-yamaha-xs-1100-1100s-fj-1100-1200-xjr-1200-1300#breadcrumb\",\"itemListElement\":[{\"@type\":\"ListItem\",\"position\":1,\"name\":\"Home\",\"item\":\"https:\\\/\\\/www.frankmxparts.com.iclicksapp.nl\\\/de\"},{\"@type\":\"ListItem\",\"position\":2,\"name\":\"Shop\",\"item\":\"https:\\\/\\\/www.frankmxparts.com.iclicksapp.nl\\\/winkel\"},{\"@type\":\"ListItem\",\"position\":3,\"name\":\"Mikuni RS 36 Vergaser \\\/ Yamaha XS1100 FJ1100 1200 XJR 1200 1300\"}]},{\"@type\":\"WebSite\",\"@id\":\"https:\\\/\\\/www.frankmxparts.com.iclicksapp.nl\\\/de\\\/#website\",\"url\":\"https:\\\/\\\/www.frankmxparts.com.iclicksapp.nl\\\/de\\\/\",\"name\":\"Frank! MXParts\",\"description\":\"\",\"publisher\":{\"@id\":\"https:\\\/\\\/www.frankmxparts.com.iclicksapp.nl\\\/de\\\/#organization\"},\"potentialAction\":[{\"@type\":\"SearchAction\",\"target\":{\"@type\":\"EntryPoint\",\"urlTemplate\":\"https:\\\/\\\/www.frankmxparts.com.iclicksapp.nl\\\/de\\\/?s={search_term_string}\"},\"query-input\":{\"@type\":\"PropertyValueSpecification\",\"valueRequired\":true,\"valueName\":\"search_term_string\"}}],\"inLanguage\":\"de\"},{\"@type\":\"Organization\",\"@id\":\"https:\\\/\\\/www.frankmxparts.com.iclicksapp.nl\\\/de\\\/#organization\",\"name\":\"Frank! MXParts\",\"url\":\"https:\\\/\\\/www.frankmxparts.com.iclicksapp.nl\\\/de\\\/\",\"logo\":{\"@type\":\"ImageObject\",\"inLanguage\":\"de\",\"@id\":\"https:\\\/\\\/www.frankmxparts.com.iclicksapp.nl\\\/de\\\/#\\\/schema\\\/logo\\\/image\\\/\",\"url\":\"https:\\\/\\\/www.frankmxparts.com.iclicksapp.nl\\\/wp-content\\\/uploads\\\/2024\\\/01\\\/frank-mxparts-logo.svg\",\"contentUrl\":\"https:\\\/\\\/www.frankmxparts.com.iclicksapp.nl\\\/wp-content\\\/uploads\\\/2024\\\/01\\\/frank-mxparts-logo.svg\",\"width\":301,\"height\":88,\"caption\":\"Frank! MXParts\"},\"image\":{\"@id\":\"https:\\\/\\\/www.frankmxparts.com.iclicksapp.nl\\\/de\\\/#\\\/schema\\\/logo\\\/image\\\/\"}}]}<\/script>\n<!-- \/ Yoast SEO plugin. -->","yoast_head_json":{"title":"Mikuni RS 36 Vergaser \/ Yamaha XS1100 FJ1100 1200 XJR 1200 1300 - Frank! MXParts","robots":{"index":"noindex","follow":"follow","max-snippet":"max-snippet:-1","max-image-preview":"max-image-preview:large","max-video-preview":"max-video-preview:-1"},"og_locale":"de_DE","og_type":"article","og_title":"Mikuni RS 36 Vergaser \/ Yamaha XS1100 FJ1100 1200 XJR 1200 1300 - Frank! MXParts","og_description":"Mikuni RS 36 smoothbore flachschieber Vergaser. &#8218;High performance&#8216; smoothbore Flachschieber Vergaser Kit, f\u00fcr eine seri\u00f6se Leistungssteigerung. Den&nbsp;einstellbare Beschleunigerpumpe bietet eune&nbsp;spontanere Gasannahme und l\u00e4\u00dft eine individuelle Anpassung f\u00fcr&nbsp;unterschiedliche Fahrweisen zu. Anwendungen: Yamaha XS1100 XS1100S yamaha FJ1100\/1200 Yamaha XJR1200\/1300 * Das Kit enth\u00e4lt: Vergaser extra D\u00fcsen Montagematerialen &nbsp;Fragen? Bitte kontaktieren Sie uns. * bitte beachten: den XJR1200 [&hellip;]","og_url":"https:\/\/www.frankmxparts.com.iclicksapp.nl\/de\/mikuni-rs-36-flatslide-carburetors-yamaha-xs-1100-1100s-fj-1100-1200-xjr-1200-1300","og_site_name":"Frank! MXParts","article_modified_time":"2024-11-28T08:57:45+00:00","og_image":[{"width":750,"height":563,"url":"https:\/\/www.frankmxparts.com.iclicksapp.nl\/wp-content\/uploads\/2024\/11\/DSC02390-10.jpg","type":"image\/jpeg"}],"twitter_card":"summary_large_image","twitter_misc":{"Gesch\u00e4tzte Lesezeit":"1\u00a0Minute"},"schema":{"@context":"https:\/\/schema.org","@graph":[{"@type":"WebPage","@id":"https:\/\/www.frankmxparts.com.iclicksapp.nl\/de\/mikuni-rs-36-flatslide-carburetors-yamaha-xs-1100-1100s-fj-1100-1200-xjr-1200-1300","url":"https:\/\/www.frankmxparts.com.iclicksapp.nl\/de\/mikuni-rs-36-flatslide-carburetors-yamaha-xs-1100-1100s-fj-1100-1200-xjr-1200-1300","name":"Mikuni RS 36 Vergaser \/ Yamaha XS1100 FJ1100 1200 XJR 1200 1300 - Frank! MXParts","isPartOf":{"@id":"https:\/\/www.frankmxparts.com.iclicksapp.nl\/de\/#website"},"primaryImageOfPage":{"@id":"https:\/\/www.frankmxparts.com.iclicksapp.nl\/de\/mikuni-rs-36-flatslide-carburetors-yamaha-xs-1100-1100s-fj-1100-1200-xjr-1200-1300#primaryimage"},"image":{"@id":"https:\/\/www.frankmxparts.com.iclicksapp.nl\/de\/mikuni-rs-36-flatslide-carburetors-yamaha-xs-1100-1100s-fj-1100-1200-xjr-1200-1300#primaryimage"},"thumbnailUrl":"https:\/\/www.frankmxparts.com.iclicksapp.nl\/wp-content\/uploads\/2024\/11\/DSC02390-10.jpg","datePublished":"2024-11-19T20:18:37+00:00","dateModified":"2024-11-28T08:57:45+00:00","breadcrumb":{"@id":"https:\/\/www.frankmxparts.com.iclicksapp.nl\/de\/mikuni-rs-36-flatslide-carburetors-yamaha-xs-1100-1100s-fj-1100-1200-xjr-1200-1300#breadcrumb"},"inLanguage":"de","potentialAction":[{"@type":"ReadAction","target":["https:\/\/www.frankmxparts.com.iclicksapp.nl\/de\/mikuni-rs-36-flatslide-carburetors-yamaha-xs-1100-1100s-fj-1100-1200-xjr-1200-1300"]}]},{"@type":"ImageObject","inLanguage":"de","@id":"https:\/\/www.frankmxparts.com.iclicksapp.nl\/de\/mikuni-rs-36-flatslide-carburetors-yamaha-xs-1100-1100s-fj-1100-1200-xjr-1200-1300#primaryimage","url":"https:\/\/www.frankmxparts.com.iclicksapp.nl\/wp-content\/uploads\/2024\/11\/DSC02390-10.jpg","contentUrl":"https:\/\/www.frankmxparts.com.iclicksapp.nl\/wp-content\/uploads\/2024\/11\/DSC02390-10.jpg","width":750,"height":563},{"@type":"BreadcrumbList","@id":"https:\/\/www.frankmxparts.com.iclicksapp.nl\/de\/mikuni-rs-36-flatslide-carburetors-yamaha-xs-1100-1100s-fj-1100-1200-xjr-1200-1300#breadcrumb","itemListElement":[{"@type":"ListItem","position":1,"name":"Home","item":"https:\/\/www.frankmxparts.com.iclicksapp.nl\/de"},{"@type":"ListItem","position":2,"name":"Shop","item":"https:\/\/www.frankmxparts.com.iclicksapp.nl\/winkel"},{"@type":"ListItem","position":3,"name":"Mikuni RS 36 Vergaser \/ Yamaha XS1100 FJ1100 1200 XJR 1200 1300"}]},{"@type":"WebSite","@id":"https:\/\/www.frankmxparts.com.iclicksapp.nl\/de\/#website","url":"https:\/\/www.frankmxparts.com.iclicksapp.nl\/de\/","name":"Frank! MXParts","description":"","publisher":{"@id":"https:\/\/www.frankmxparts.com.iclicksapp.nl\/de\/#organization"},"potentialAction":[{"@type":"SearchAction","target":{"@type":"EntryPoint","urlTemplate":"https:\/\/www.frankmxparts.com.iclicksapp.nl\/de\/?s={search_term_string}"},"query-input":{"@type":"PropertyValueSpecification","valueRequired":true,"valueName":"search_term_string"}}],"inLanguage":"de"},{"@type":"Organization","@id":"https:\/\/www.frankmxparts.com.iclicksapp.nl\/de\/#organization","name":"Frank! MXParts","url":"https:\/\/www.frankmxparts.com.iclicksapp.nl\/de\/","logo":{"@type":"ImageObject","inLanguage":"de","@id":"https:\/\/www.frankmxparts.com.iclicksapp.nl\/de\/#\/schema\/logo\/image\/","url":"https:\/\/www.frankmxparts.com.iclicksapp.nl\/wp-content\/uploads\/2024\/01\/frank-mxparts-logo.svg","contentUrl":"https:\/\/www.frankmxparts.com.iclicksapp.nl\/wp-content\/uploads\/2024\/01\/frank-mxparts-logo.svg","width":301,"height":88,"caption":"Frank! MXParts"},"image":{"@id":"https:\/\/www.frankmxparts.com.iclicksapp.nl\/de\/#\/schema\/logo\/image\/"}}]}},"_links":{"self":[{"href":"https:\/\/www.frankmxparts.com.iclicksapp.nl\/de\/wp-json\/wp\/v2\/product\/213273","targetHints":{"allow":["GET"]}}],"collection":[{"href":"https:\/\/www.frankmxparts.com.iclicksapp.nl\/de\/wp-json\/wp\/v2\/product"}],"about":[{"href":"https:\/\/www.frankmxparts.com.iclicksapp.nl\/de\/wp-json\/wp\/v2\/types\/product"}],"replies":[{"embeddable":true,"href":"https:\/\/www.frankmxparts.com.iclicksapp.nl\/de\/wp-json\/wp\/v2\/comments?post=213273"}],"wp:featuredmedia":[{"embeddable":true,"href":"https:\/\/www.frankmxparts.com.iclicksapp.nl\/de\/wp-json\/wp\/v2\/media\/188741"}],"wp:attachment":[{"href":"https:\/\/www.frankmxparts.com.iclicksapp.nl\/de\/wp-json\/wp\/v2\/media?parent=213273"}],"wp:term":[{"taxonomy":"product_brand","embeddable":true,"href":"https:\/\/www.frankmxparts.com.iclicksapp.nl\/de\/wp-json\/wp\/v2\/product_brand?post=213273"},{"taxonomy":"product_cat","embeddable":true,"href":"https:\/\/www.frankmxparts.com.iclicksapp.nl\/de\/wp-json\/wp\/v2\/product_cat?post=213273"},{"taxonomy":"product_tag","embeddable":true,"href":"https:\/\/www.frankmxparts.com.iclicksapp.nl\/de\/wp-json\/wp\/v2\/product_tag?post=213273"}],"curies":[{"name":"wp","href":"https:\/\/api.w.org\/{rel}","templated":true}]}}