{"id":213274,"date":"2024-11-19T21:18:37","date_gmt":"2024-11-19T20:18:37","guid":{"rendered":"https:\/\/www.frankmxparts.com.iclicksapp.nl\/product\/mikuni-rs-38-flatslide-carburetors-yamaha-fj-1100-1200-xjr-1200-1300"},"modified":"2024-11-28T10:57:45","modified_gmt":"2024-11-28T08:57:45","slug":"mikuni-rs-38-flatslide-carburetors-yamaha-fj-1100-1200-xjr-1200-1300","status":"publish","type":"product","link":"https:\/\/www.frankmxparts.com.iclicksapp.nl\/de\/mikuni-rs-38-flatslide-carburetors-yamaha-fj-1100-1200-xjr-1200-1300","title":{"rendered":"Mikuni RS 38 Vergaser \/ Yamaha FJ1100 1200 XJR 1200 1300"},"content":{"rendered":"<p>\n<strong>Mikuni RS 38&nbsp;smoothbore Flachschieber Vergaser<\/strong>.<\/p>\n<p>&#8218;High performance&#8216; smoothbore Flachschieber Vergaser Kit, f\u00fcr eine seri\u00f6se Leistungssteigerung (bis zu 25%). Den vollst\u00e4ndig einstellbare Beschleunigerpumpe bietet eune&nbsp;spontanere Gasannahme und l\u00e4\u00dft eine individuelle Anpassung f\u00fcr&nbsp;unterschiedliche Fahrweisen zu. Das smoothbore Design bietet eine reibungslose Leistungsabgabe&nbsp;\u00fcber den gesamten Drehzahlbereich.<\/p>\n<p><strong>Details<\/strong>:<\/p>\n<ul>\n<li>Mikuni RS38&nbsp;Flachschieber Vergaser<\/li>\n<li>mit Beschleunigerpumpe<\/li>\n<li>mit Choke<\/li>\n<li>Vergaserabst\u00e4nde: 77-85-77cm.<\/li>\n<li>Anschlu\u00dfdurchmesser vorne: 42mm.<\/li>\n<li>Anschlu\u00dfdurchmesser hinten: 55mm.<\/li>\n<li>Gesamtl\u00e4nge: 100mm.&nbsp;<\/li>\n<\/ul>\n<p><strong>Lieferumfang<\/strong>:<\/p>\n<ul>\n<li>Vergaser<\/li>\n<li>D\u00fcsen Kit<\/li>\n<li>Montagematerialen.<\/li>\n<\/ul>\n<p><strong>Passend f\u00fcr<\/strong>:<\/p>\n<ul>\n<li>Yamaha FJ1100\/1200<\/li>\n<li>Yamaha XJR1200\/1300 *<\/li>\n<\/ul>\n<p>Vergessen Sie nicht zu pr\u00fcfen, ob diese Vergaser passend sind f\u00fcr&nbsp;Ihrem Motor (Vergaserabst\u00e4nde, Anschlu\u00dfdurchmesser). Die Serienm\u00e4\u00dfig verbauten Gasz\u00fcge passen nicht; ein Gashebel\/Gasz\u00fcge Kit ist optional.<\/p>\n<p><strong>Fragen<\/strong>? Wir sind da, um zu helfen.<br \/>\nReady to race&#8230;<\/p>\n<p>\n*&nbsp;bitte beachten: den XJR1200 und XJR1300 nutzen TPS (Drosselklappensensor), w\u00e4hrend RS carb kein TPS haben. Es ist deswegen notwendig das Sie selbst TPS aufbauen, oder das Sie wechseln zu einem Z\u00fcndsystem ohne TPS<br \/>\n&nbsp;<\/p>\n","protected":false},"excerpt":{"rendered":"<p>Mikuni RS 38&nbsp;smoothbore Flachschieber Vergaser. &#8218;High performance&#8216; smoothbore Flachschieber Vergaser Kit, f\u00fcr eine seri\u00f6se Leistungssteigerung (bis zu 25%). Den vollst\u00e4ndig einstellbare Beschleunigerpumpe bietet eune&nbsp;spontanere Gasannahme und l\u00e4\u00dft eine individuelle Anpassung f\u00fcr&nbsp;unterschiedliche Fahrweisen zu. Das smoothbore Design bietet eine reibungslose Leistungsabgabe&nbsp;\u00fcber den gesamten Drehzahlbereich. Details: Mikuni RS38&nbsp;Flachschieber Vergaser mit Beschleunigerpumpe mit Choke Vergaserabst\u00e4nde: 77-85-77cm. Anschlu\u00dfdurchmesser vorne: [&hellip;]<\/p>\n","protected":false},"featured_media":188754,"comment_status":"closed","ping_status":"closed","template":"","meta":{"_acf_changed":false},"product_brand":[],"product_cat":[9441],"product_tag":[],"class_list":{"0":"post-213274","1":"product","2":"type-product","3":"status-publish","4":"has-post-thumbnail","6":"product_cat-uncategorized","7":"pa_manufacturer-mikuni-de","9":"first","10":"instock","11":"taxable","12":"shipping-taxable","13":"purchasable","14":"product-type-simple"},"acf":[],"yoast_head":"<!-- This site is optimized with the Yoast SEO plugin v27.3 - https:\/\/yoast.com\/product\/yoast-seo-wordpress\/ -->\n<title>Mikuni RS 38 Vergaser \/ Yamaha FJ1100 1200 XJR 1200 1300 - Frank! MXParts<\/title>\n<meta name=\"robots\" content=\"noindex, follow, max-snippet:-1, max-image-preview:large, max-video-preview:-1\" \/>\n<meta property=\"og:locale\" content=\"de_DE\" \/>\n<meta property=\"og:type\" content=\"article\" \/>\n<meta property=\"og:title\" content=\"Mikuni RS 38 Vergaser \/ Yamaha FJ1100 1200 XJR 1200 1300 - Frank! MXParts\" \/>\n<meta property=\"og:description\" content=\"Mikuni RS 38&nbsp;smoothbore Flachschieber Vergaser. &#8218;High performance&#8216; smoothbore Flachschieber Vergaser Kit, f\u00fcr eine seri\u00f6se Leistungssteigerung (bis zu 25%). Den vollst\u00e4ndig einstellbare Beschleunigerpumpe bietet eune&nbsp;spontanere Gasannahme und l\u00e4\u00dft eine individuelle Anpassung f\u00fcr&nbsp;unterschiedliche Fahrweisen zu. Das smoothbore Design bietet eine reibungslose Leistungsabgabe&nbsp;\u00fcber den gesamten Drehzahlbereich. Details: Mikuni RS38&nbsp;Flachschieber Vergaser mit Beschleunigerpumpe mit Choke Vergaserabst\u00e4nde: 77-85-77cm. Anschlu\u00dfdurchmesser vorne: [&hellip;]\" \/>\n<meta property=\"og:url\" content=\"https:\/\/www.frankmxparts.com.iclicksapp.nl\/de\/mikuni-rs-38-flatslide-carburetors-yamaha-fj-1100-1200-xjr-1200-1300\" \/>\n<meta property=\"og:site_name\" content=\"Frank! MXParts\" \/>\n<meta property=\"article:modified_time\" content=\"2024-11-28T08:57:45+00:00\" \/>\n<meta property=\"og:image\" content=\"https:\/\/www.frankmxparts.com.iclicksapp.nl\/wp-content\/uploads\/2024\/11\/DSC02390-11.jpg\" \/>\n\t<meta property=\"og:image:width\" content=\"750\" \/>\n\t<meta property=\"og:image:height\" content=\"563\" \/>\n\t<meta property=\"og:image:type\" content=\"image\/jpeg\" \/>\n<meta name=\"twitter:card\" content=\"summary_large_image\" \/>\n<meta name=\"twitter:label1\" content=\"Gesch\u00e4tzte Lesezeit\" \/>\n\t<meta name=\"twitter:data1\" content=\"1\u00a0Minute\" \/>\n<script type=\"application\/ld+json\" class=\"yoast-schema-graph\">{\"@context\":\"https:\\\/\\\/schema.org\",\"@graph\":[{\"@type\":\"WebPage\",\"@id\":\"https:\\\/\\\/www.frankmxparts.com.iclicksapp.nl\\\/de\\\/mikuni-rs-38-flatslide-carburetors-yamaha-fj-1100-1200-xjr-1200-1300\",\"url\":\"https:\\\/\\\/www.frankmxparts.com.iclicksapp.nl\\\/de\\\/mikuni-rs-38-flatslide-carburetors-yamaha-fj-1100-1200-xjr-1200-1300\",\"name\":\"Mikuni RS 38 Vergaser \\\/ Yamaha FJ1100 1200 XJR 1200 1300 - Frank! MXParts\",\"isPartOf\":{\"@id\":\"https:\\\/\\\/www.frankmxparts.com.iclicksapp.nl\\\/de\\\/#website\"},\"primaryImageOfPage\":{\"@id\":\"https:\\\/\\\/www.frankmxparts.com.iclicksapp.nl\\\/de\\\/mikuni-rs-38-flatslide-carburetors-yamaha-fj-1100-1200-xjr-1200-1300#primaryimage\"},\"image\":{\"@id\":\"https:\\\/\\\/www.frankmxparts.com.iclicksapp.nl\\\/de\\\/mikuni-rs-38-flatslide-carburetors-yamaha-fj-1100-1200-xjr-1200-1300#primaryimage\"},\"thumbnailUrl\":\"https:\\\/\\\/www.frankmxparts.com.iclicksapp.nl\\\/wp-content\\\/uploads\\\/2024\\\/11\\\/DSC02390-11.jpg\",\"datePublished\":\"2024-11-19T20:18:37+00:00\",\"dateModified\":\"2024-11-28T08:57:45+00:00\",\"breadcrumb\":{\"@id\":\"https:\\\/\\\/www.frankmxparts.com.iclicksapp.nl\\\/de\\\/mikuni-rs-38-flatslide-carburetors-yamaha-fj-1100-1200-xjr-1200-1300#breadcrumb\"},\"inLanguage\":\"de\",\"potentialAction\":[{\"@type\":\"ReadAction\",\"target\":[\"https:\\\/\\\/www.frankmxparts.com.iclicksapp.nl\\\/de\\\/mikuni-rs-38-flatslide-carburetors-yamaha-fj-1100-1200-xjr-1200-1300\"]}]},{\"@type\":\"ImageObject\",\"inLanguage\":\"de\",\"@id\":\"https:\\\/\\\/www.frankmxparts.com.iclicksapp.nl\\\/de\\\/mikuni-rs-38-flatslide-carburetors-yamaha-fj-1100-1200-xjr-1200-1300#primaryimage\",\"url\":\"https:\\\/\\\/www.frankmxparts.com.iclicksapp.nl\\\/wp-content\\\/uploads\\\/2024\\\/11\\\/DSC02390-11.jpg\",\"contentUrl\":\"https:\\\/\\\/www.frankmxparts.com.iclicksapp.nl\\\/wp-content\\\/uploads\\\/2024\\\/11\\\/DSC02390-11.jpg\",\"width\":750,\"height\":563},{\"@type\":\"BreadcrumbList\",\"@id\":\"https:\\\/\\\/www.frankmxparts.com.iclicksapp.nl\\\/de\\\/mikuni-rs-38-flatslide-carburetors-yamaha-fj-1100-1200-xjr-1200-1300#breadcrumb\",\"itemListElement\":[{\"@type\":\"ListItem\",\"position\":1,\"name\":\"Home\",\"item\":\"https:\\\/\\\/www.frankmxparts.com.iclicksapp.nl\\\/de\"},{\"@type\":\"ListItem\",\"position\":2,\"name\":\"Shop\",\"item\":\"https:\\\/\\\/www.frankmxparts.com.iclicksapp.nl\\\/winkel\"},{\"@type\":\"ListItem\",\"position\":3,\"name\":\"Mikuni RS 38 Vergaser \\\/ Yamaha FJ1100 1200 XJR 1200 1300\"}]},{\"@type\":\"WebSite\",\"@id\":\"https:\\\/\\\/www.frankmxparts.com.iclicksapp.nl\\\/de\\\/#website\",\"url\":\"https:\\\/\\\/www.frankmxparts.com.iclicksapp.nl\\\/de\\\/\",\"name\":\"Frank! MXParts\",\"description\":\"\",\"publisher\":{\"@id\":\"https:\\\/\\\/www.frankmxparts.com.iclicksapp.nl\\\/de\\\/#organization\"},\"potentialAction\":[{\"@type\":\"SearchAction\",\"target\":{\"@type\":\"EntryPoint\",\"urlTemplate\":\"https:\\\/\\\/www.frankmxparts.com.iclicksapp.nl\\\/de\\\/?s={search_term_string}\"},\"query-input\":{\"@type\":\"PropertyValueSpecification\",\"valueRequired\":true,\"valueName\":\"search_term_string\"}}],\"inLanguage\":\"de\"},{\"@type\":\"Organization\",\"@id\":\"https:\\\/\\\/www.frankmxparts.com.iclicksapp.nl\\\/de\\\/#organization\",\"name\":\"Frank! MXParts\",\"url\":\"https:\\\/\\\/www.frankmxparts.com.iclicksapp.nl\\\/de\\\/\",\"logo\":{\"@type\":\"ImageObject\",\"inLanguage\":\"de\",\"@id\":\"https:\\\/\\\/www.frankmxparts.com.iclicksapp.nl\\\/de\\\/#\\\/schema\\\/logo\\\/image\\\/\",\"url\":\"https:\\\/\\\/www.frankmxparts.com.iclicksapp.nl\\\/wp-content\\\/uploads\\\/2024\\\/01\\\/frank-mxparts-logo.svg\",\"contentUrl\":\"https:\\\/\\\/www.frankmxparts.com.iclicksapp.nl\\\/wp-content\\\/uploads\\\/2024\\\/01\\\/frank-mxparts-logo.svg\",\"width\":301,\"height\":88,\"caption\":\"Frank! MXParts\"},\"image\":{\"@id\":\"https:\\\/\\\/www.frankmxparts.com.iclicksapp.nl\\\/de\\\/#\\\/schema\\\/logo\\\/image\\\/\"}}]}<\/script>\n<!-- \/ Yoast SEO plugin. -->","yoast_head_json":{"title":"Mikuni RS 38 Vergaser \/ Yamaha FJ1100 1200 XJR 1200 1300 - Frank! MXParts","robots":{"index":"noindex","follow":"follow","max-snippet":"max-snippet:-1","max-image-preview":"max-image-preview:large","max-video-preview":"max-video-preview:-1"},"og_locale":"de_DE","og_type":"article","og_title":"Mikuni RS 38 Vergaser \/ Yamaha FJ1100 1200 XJR 1200 1300 - Frank! MXParts","og_description":"Mikuni RS 38&nbsp;smoothbore Flachschieber Vergaser. &#8218;High performance&#8216; smoothbore Flachschieber Vergaser Kit, f\u00fcr eine seri\u00f6se Leistungssteigerung (bis zu 25%). Den vollst\u00e4ndig einstellbare Beschleunigerpumpe bietet eune&nbsp;spontanere Gasannahme und l\u00e4\u00dft eine individuelle Anpassung f\u00fcr&nbsp;unterschiedliche Fahrweisen zu. Das smoothbore Design bietet eine reibungslose Leistungsabgabe&nbsp;\u00fcber den gesamten Drehzahlbereich. Details: Mikuni RS38&nbsp;Flachschieber Vergaser mit Beschleunigerpumpe mit Choke Vergaserabst\u00e4nde: 77-85-77cm. Anschlu\u00dfdurchmesser vorne: [&hellip;]","og_url":"https:\/\/www.frankmxparts.com.iclicksapp.nl\/de\/mikuni-rs-38-flatslide-carburetors-yamaha-fj-1100-1200-xjr-1200-1300","og_site_name":"Frank! MXParts","article_modified_time":"2024-11-28T08:57:45+00:00","og_image":[{"width":750,"height":563,"url":"https:\/\/www.frankmxparts.com.iclicksapp.nl\/wp-content\/uploads\/2024\/11\/DSC02390-11.jpg","type":"image\/jpeg"}],"twitter_card":"summary_large_image","twitter_misc":{"Gesch\u00e4tzte Lesezeit":"1\u00a0Minute"},"schema":{"@context":"https:\/\/schema.org","@graph":[{"@type":"WebPage","@id":"https:\/\/www.frankmxparts.com.iclicksapp.nl\/de\/mikuni-rs-38-flatslide-carburetors-yamaha-fj-1100-1200-xjr-1200-1300","url":"https:\/\/www.frankmxparts.com.iclicksapp.nl\/de\/mikuni-rs-38-flatslide-carburetors-yamaha-fj-1100-1200-xjr-1200-1300","name":"Mikuni RS 38 Vergaser \/ Yamaha FJ1100 1200 XJR 1200 1300 - Frank! MXParts","isPartOf":{"@id":"https:\/\/www.frankmxparts.com.iclicksapp.nl\/de\/#website"},"primaryImageOfPage":{"@id":"https:\/\/www.frankmxparts.com.iclicksapp.nl\/de\/mikuni-rs-38-flatslide-carburetors-yamaha-fj-1100-1200-xjr-1200-1300#primaryimage"},"image":{"@id":"https:\/\/www.frankmxparts.com.iclicksapp.nl\/de\/mikuni-rs-38-flatslide-carburetors-yamaha-fj-1100-1200-xjr-1200-1300#primaryimage"},"thumbnailUrl":"https:\/\/www.frankmxparts.com.iclicksapp.nl\/wp-content\/uploads\/2024\/11\/DSC02390-11.jpg","datePublished":"2024-11-19T20:18:37+00:00","dateModified":"2024-11-28T08:57:45+00:00","breadcrumb":{"@id":"https:\/\/www.frankmxparts.com.iclicksapp.nl\/de\/mikuni-rs-38-flatslide-carburetors-yamaha-fj-1100-1200-xjr-1200-1300#breadcrumb"},"inLanguage":"de","potentialAction":[{"@type":"ReadAction","target":["https:\/\/www.frankmxparts.com.iclicksapp.nl\/de\/mikuni-rs-38-flatslide-carburetors-yamaha-fj-1100-1200-xjr-1200-1300"]}]},{"@type":"ImageObject","inLanguage":"de","@id":"https:\/\/www.frankmxparts.com.iclicksapp.nl\/de\/mikuni-rs-38-flatslide-carburetors-yamaha-fj-1100-1200-xjr-1200-1300#primaryimage","url":"https:\/\/www.frankmxparts.com.iclicksapp.nl\/wp-content\/uploads\/2024\/11\/DSC02390-11.jpg","contentUrl":"https:\/\/www.frankmxparts.com.iclicksapp.nl\/wp-content\/uploads\/2024\/11\/DSC02390-11.jpg","width":750,"height":563},{"@type":"BreadcrumbList","@id":"https:\/\/www.frankmxparts.com.iclicksapp.nl\/de\/mikuni-rs-38-flatslide-carburetors-yamaha-fj-1100-1200-xjr-1200-1300#breadcrumb","itemListElement":[{"@type":"ListItem","position":1,"name":"Home","item":"https:\/\/www.frankmxparts.com.iclicksapp.nl\/de"},{"@type":"ListItem","position":2,"name":"Shop","item":"https:\/\/www.frankmxparts.com.iclicksapp.nl\/winkel"},{"@type":"ListItem","position":3,"name":"Mikuni RS 38 Vergaser \/ Yamaha FJ1100 1200 XJR 1200 1300"}]},{"@type":"WebSite","@id":"https:\/\/www.frankmxparts.com.iclicksapp.nl\/de\/#website","url":"https:\/\/www.frankmxparts.com.iclicksapp.nl\/de\/","name":"Frank! MXParts","description":"","publisher":{"@id":"https:\/\/www.frankmxparts.com.iclicksapp.nl\/de\/#organization"},"potentialAction":[{"@type":"SearchAction","target":{"@type":"EntryPoint","urlTemplate":"https:\/\/www.frankmxparts.com.iclicksapp.nl\/de\/?s={search_term_string}"},"query-input":{"@type":"PropertyValueSpecification","valueRequired":true,"valueName":"search_term_string"}}],"inLanguage":"de"},{"@type":"Organization","@id":"https:\/\/www.frankmxparts.com.iclicksapp.nl\/de\/#organization","name":"Frank! MXParts","url":"https:\/\/www.frankmxparts.com.iclicksapp.nl\/de\/","logo":{"@type":"ImageObject","inLanguage":"de","@id":"https:\/\/www.frankmxparts.com.iclicksapp.nl\/de\/#\/schema\/logo\/image\/","url":"https:\/\/www.frankmxparts.com.iclicksapp.nl\/wp-content\/uploads\/2024\/01\/frank-mxparts-logo.svg","contentUrl":"https:\/\/www.frankmxparts.com.iclicksapp.nl\/wp-content\/uploads\/2024\/01\/frank-mxparts-logo.svg","width":301,"height":88,"caption":"Frank! MXParts"},"image":{"@id":"https:\/\/www.frankmxparts.com.iclicksapp.nl\/de\/#\/schema\/logo\/image\/"}}]}},"_links":{"self":[{"href":"https:\/\/www.frankmxparts.com.iclicksapp.nl\/de\/wp-json\/wp\/v2\/product\/213274","targetHints":{"allow":["GET"]}}],"collection":[{"href":"https:\/\/www.frankmxparts.com.iclicksapp.nl\/de\/wp-json\/wp\/v2\/product"}],"about":[{"href":"https:\/\/www.frankmxparts.com.iclicksapp.nl\/de\/wp-json\/wp\/v2\/types\/product"}],"replies":[{"embeddable":true,"href":"https:\/\/www.frankmxparts.com.iclicksapp.nl\/de\/wp-json\/wp\/v2\/comments?post=213274"}],"wp:featuredmedia":[{"embeddable":true,"href":"https:\/\/www.frankmxparts.com.iclicksapp.nl\/de\/wp-json\/wp\/v2\/media\/188754"}],"wp:attachment":[{"href":"https:\/\/www.frankmxparts.com.iclicksapp.nl\/de\/wp-json\/wp\/v2\/media?parent=213274"}],"wp:term":[{"taxonomy":"product_brand","embeddable":true,"href":"https:\/\/www.frankmxparts.com.iclicksapp.nl\/de\/wp-json\/wp\/v2\/product_brand?post=213274"},{"taxonomy":"product_cat","embeddable":true,"href":"https:\/\/www.frankmxparts.com.iclicksapp.nl\/de\/wp-json\/wp\/v2\/product_cat?post=213274"},{"taxonomy":"product_tag","embeddable":true,"href":"https:\/\/www.frankmxparts.com.iclicksapp.nl\/de\/wp-json\/wp\/v2\/product_tag?post=213274"}],"curies":[{"name":"wp","href":"https:\/\/api.w.org\/{rel}","templated":true}]}}