{"id":213291,"date":"2024-11-19T21:19:59","date_gmt":"2024-11-19T20:19:59","guid":{"rendered":"https:\/\/www.frankmxparts.com.iclicksapp.nl\/product\/keihin-fcr-37-flatslide-carburetor-with-tps"},"modified":"2024-11-27T12:42:44","modified_gmt":"2024-11-27T10:42:44","slug":"keihin-fcr-37-flatslide-carburetor-with-tps","status":"publish","type":"product","link":"https:\/\/www.frankmxparts.com.iclicksapp.nl\/de\/keihin-fcr-37-flatslide-carburetor-with-tps","title":{"rendered":"Keihin FCR 37 Flachschieber  Vergaser"},"content":{"rendered":"<p>Keihin FCR 37 Vergaser.<\/p>\n<p>Den Vergaser hat unseren <font  color=\"#000cff\">Vergaser Service<\/font>\u00a0gehat. Details:<\/p>\n<ul >\n<li >Keihin FCR 37 Flachschieber Vergaser\u00a0<\/li>\n<li >mit Kaltstartbet\u00e4tigung und\u00a0Beschleunigerpumpe<\/li>\n<li >mit TPS (Throttle Position Sensor) (Drosselklappensensor)<\/li>\n<li >mit abnehmbaren Einlass Adapter<\/li>\n<li >Vergaser Geh\u00e4use und ausgehw\u00e4hlte Teile sind ultraschall gereinigt<br  \/><\/li>\n<li >alle Teile sind gereinigt und inspektiert<\/li>\n<li ><font color=\"#000cff\">neue\u00a0<\/font>Beschleunigerpumpe O-Ringe<\/li>\n<li ><font color=\"#000cff\">neue\u00a0<\/font>63mm. Einlass Adapter<\/li>\n<li ><font color=\"#000cff\">neue <\/font>hogen Qualit\u00e4t schwarzen Neopren Bel\u00fcftungsschl\u00e4uche<\/li>\n<li >Schwimmerh\u00f6he neu eingestellt<\/li>\n<li >Lager neu befettet<\/li>\n<li >D\u00fcsen gereinigt und inspektiert<\/li>\n<li >Beschleunigerpumpe getestet<\/li>\n<li >etc.<\/li>\n<\/ul>\n<p>Passt sofort auf alle KTM, Husaberg, Husqvarna, etc.<br \/>Komplett wie abgebildet.<\/p>\n<p><\/p>\n","protected":false},"excerpt":{"rendered":"<p>Keihin FCR 37 Vergaser. Den Vergaser hat unseren Vergaser Service\u00a0gehat. Details: Keihin FCR 37 Flachschieber Vergaser\u00a0 mit Kaltstartbet\u00e4tigung und\u00a0Beschleunigerpumpe mit TPS (Throttle Position Sensor) (Drosselklappensensor) mit abnehmbaren Einlass Adapter Vergaser Geh\u00e4use und ausgehw\u00e4hlte Teile sind ultraschall gereinigt alle Teile sind gereinigt und inspektiert neue\u00a0Beschleunigerpumpe O-Ringe neue\u00a063mm. Einlass Adapter neue hogen Qualit\u00e4t schwarzen Neopren Bel\u00fcftungsschl\u00e4uche Schwimmerh\u00f6he [&hellip;]<\/p>\n","protected":false},"featured_media":189032,"comment_status":"closed","ping_status":"closed","template":"","meta":{"_acf_changed":false},"product_brand":[],"product_cat":[9441],"product_tag":[],"class_list":{"0":"post-213291","1":"product","2":"type-product","3":"status-publish","4":"has-post-thumbnail","6":"product_cat-uncategorized","7":"pa_manufacturer-keihin-de","9":"first","10":"outofstock","11":"taxable","12":"shipping-taxable","13":"purchasable","14":"product-type-simple"},"acf":[],"yoast_head":"<!-- This site is optimized with the Yoast SEO plugin v27.3 - https:\/\/yoast.com\/product\/yoast-seo-wordpress\/ -->\n<title>Keihin FCR 37 Flachschieber Vergaser - Frank! MXParts<\/title>\n<meta name=\"robots\" content=\"noindex, follow, max-snippet:-1, max-image-preview:large, max-video-preview:-1\" \/>\n<meta property=\"og:locale\" content=\"de_DE\" \/>\n<meta property=\"og:type\" content=\"article\" \/>\n<meta property=\"og:title\" content=\"Keihin FCR 37 Flachschieber Vergaser - Frank! MXParts\" \/>\n<meta property=\"og:description\" content=\"Keihin FCR 37 Vergaser. Den Vergaser hat unseren Vergaser Service\u00a0gehat. Details: Keihin FCR 37 Flachschieber Vergaser\u00a0 mit Kaltstartbet\u00e4tigung und\u00a0Beschleunigerpumpe mit TPS (Throttle Position Sensor) (Drosselklappensensor) mit abnehmbaren Einlass Adapter Vergaser Geh\u00e4use und ausgehw\u00e4hlte Teile sind ultraschall gereinigt alle Teile sind gereinigt und inspektiert neue\u00a0Beschleunigerpumpe O-Ringe neue\u00a063mm. Einlass Adapter neue hogen Qualit\u00e4t schwarzen Neopren Bel\u00fcftungsschl\u00e4uche Schwimmerh\u00f6he [&hellip;]\" \/>\n<meta property=\"og:url\" content=\"https:\/\/www.frankmxparts.com.iclicksapp.nl\/de\/keihin-fcr-37-flatslide-carburetor-with-tps\" \/>\n<meta property=\"og:site_name\" content=\"Frank! MXParts\" \/>\n<meta property=\"article:modified_time\" content=\"2024-11-27T10:42:44+00:00\" \/>\n<meta property=\"og:image\" content=\"https:\/\/www.frankmxparts.com.iclicksapp.nl\/wp-content\/uploads\/2024\/11\/DSC02361.jpg\" \/>\n\t<meta property=\"og:image:width\" content=\"750\" \/>\n\t<meta property=\"og:image:height\" content=\"563\" \/>\n\t<meta property=\"og:image:type\" content=\"image\/jpeg\" \/>\n<meta name=\"twitter:card\" content=\"summary_large_image\" \/>\n<script type=\"application\/ld+json\" class=\"yoast-schema-graph\">{\"@context\":\"https:\\\/\\\/schema.org\",\"@graph\":[{\"@type\":\"WebPage\",\"@id\":\"https:\\\/\\\/www.frankmxparts.com.iclicksapp.nl\\\/de\\\/keihin-fcr-37-flatslide-carburetor-with-tps\",\"url\":\"https:\\\/\\\/www.frankmxparts.com.iclicksapp.nl\\\/de\\\/keihin-fcr-37-flatslide-carburetor-with-tps\",\"name\":\"Keihin FCR 37 Flachschieber Vergaser - Frank! MXParts\",\"isPartOf\":{\"@id\":\"https:\\\/\\\/www.frankmxparts.com.iclicksapp.nl\\\/de\\\/#website\"},\"primaryImageOfPage\":{\"@id\":\"https:\\\/\\\/www.frankmxparts.com.iclicksapp.nl\\\/de\\\/keihin-fcr-37-flatslide-carburetor-with-tps#primaryimage\"},\"image\":{\"@id\":\"https:\\\/\\\/www.frankmxparts.com.iclicksapp.nl\\\/de\\\/keihin-fcr-37-flatslide-carburetor-with-tps#primaryimage\"},\"thumbnailUrl\":\"https:\\\/\\\/www.frankmxparts.com.iclicksapp.nl\\\/wp-content\\\/uploads\\\/2024\\\/11\\\/DSC02361.jpg\",\"datePublished\":\"2024-11-19T20:19:59+00:00\",\"dateModified\":\"2024-11-27T10:42:44+00:00\",\"breadcrumb\":{\"@id\":\"https:\\\/\\\/www.frankmxparts.com.iclicksapp.nl\\\/de\\\/keihin-fcr-37-flatslide-carburetor-with-tps#breadcrumb\"},\"inLanguage\":\"de\",\"potentialAction\":[{\"@type\":\"ReadAction\",\"target\":[\"https:\\\/\\\/www.frankmxparts.com.iclicksapp.nl\\\/de\\\/keihin-fcr-37-flatslide-carburetor-with-tps\"]}]},{\"@type\":\"ImageObject\",\"inLanguage\":\"de\",\"@id\":\"https:\\\/\\\/www.frankmxparts.com.iclicksapp.nl\\\/de\\\/keihin-fcr-37-flatslide-carburetor-with-tps#primaryimage\",\"url\":\"https:\\\/\\\/www.frankmxparts.com.iclicksapp.nl\\\/wp-content\\\/uploads\\\/2024\\\/11\\\/DSC02361.jpg\",\"contentUrl\":\"https:\\\/\\\/www.frankmxparts.com.iclicksapp.nl\\\/wp-content\\\/uploads\\\/2024\\\/11\\\/DSC02361.jpg\",\"width\":750,\"height\":563},{\"@type\":\"BreadcrumbList\",\"@id\":\"https:\\\/\\\/www.frankmxparts.com.iclicksapp.nl\\\/de\\\/keihin-fcr-37-flatslide-carburetor-with-tps#breadcrumb\",\"itemListElement\":[{\"@type\":\"ListItem\",\"position\":1,\"name\":\"Home\",\"item\":\"https:\\\/\\\/www.frankmxparts.com.iclicksapp.nl\\\/de\"},{\"@type\":\"ListItem\",\"position\":2,\"name\":\"Shop\",\"item\":\"https:\\\/\\\/www.frankmxparts.com.iclicksapp.nl\\\/winkel\"},{\"@type\":\"ListItem\",\"position\":3,\"name\":\"Keihin FCR 37 Flachschieber Vergaser\"}]},{\"@type\":\"WebSite\",\"@id\":\"https:\\\/\\\/www.frankmxparts.com.iclicksapp.nl\\\/de\\\/#website\",\"url\":\"https:\\\/\\\/www.frankmxparts.com.iclicksapp.nl\\\/de\\\/\",\"name\":\"Frank! MXParts\",\"description\":\"\",\"publisher\":{\"@id\":\"https:\\\/\\\/www.frankmxparts.com.iclicksapp.nl\\\/de\\\/#organization\"},\"potentialAction\":[{\"@type\":\"SearchAction\",\"target\":{\"@type\":\"EntryPoint\",\"urlTemplate\":\"https:\\\/\\\/www.frankmxparts.com.iclicksapp.nl\\\/de\\\/?s={search_term_string}\"},\"query-input\":{\"@type\":\"PropertyValueSpecification\",\"valueRequired\":true,\"valueName\":\"search_term_string\"}}],\"inLanguage\":\"de\"},{\"@type\":\"Organization\",\"@id\":\"https:\\\/\\\/www.frankmxparts.com.iclicksapp.nl\\\/de\\\/#organization\",\"name\":\"Frank! MXParts\",\"url\":\"https:\\\/\\\/www.frankmxparts.com.iclicksapp.nl\\\/de\\\/\",\"logo\":{\"@type\":\"ImageObject\",\"inLanguage\":\"de\",\"@id\":\"https:\\\/\\\/www.frankmxparts.com.iclicksapp.nl\\\/de\\\/#\\\/schema\\\/logo\\\/image\\\/\",\"url\":\"https:\\\/\\\/www.frankmxparts.com.iclicksapp.nl\\\/wp-content\\\/uploads\\\/2024\\\/01\\\/frank-mxparts-logo.svg\",\"contentUrl\":\"https:\\\/\\\/www.frankmxparts.com.iclicksapp.nl\\\/wp-content\\\/uploads\\\/2024\\\/01\\\/frank-mxparts-logo.svg\",\"width\":301,\"height\":88,\"caption\":\"Frank! MXParts\"},\"image\":{\"@id\":\"https:\\\/\\\/www.frankmxparts.com.iclicksapp.nl\\\/de\\\/#\\\/schema\\\/logo\\\/image\\\/\"}}]}<\/script>\n<!-- \/ Yoast SEO plugin. -->","yoast_head_json":{"title":"Keihin FCR 37 Flachschieber Vergaser - Frank! MXParts","robots":{"index":"noindex","follow":"follow","max-snippet":"max-snippet:-1","max-image-preview":"max-image-preview:large","max-video-preview":"max-video-preview:-1"},"og_locale":"de_DE","og_type":"article","og_title":"Keihin FCR 37 Flachschieber Vergaser - Frank! MXParts","og_description":"Keihin FCR 37 Vergaser. Den Vergaser hat unseren Vergaser Service\u00a0gehat. Details: Keihin FCR 37 Flachschieber Vergaser\u00a0 mit Kaltstartbet\u00e4tigung und\u00a0Beschleunigerpumpe mit TPS (Throttle Position Sensor) (Drosselklappensensor) mit abnehmbaren Einlass Adapter Vergaser Geh\u00e4use und ausgehw\u00e4hlte Teile sind ultraschall gereinigt alle Teile sind gereinigt und inspektiert neue\u00a0Beschleunigerpumpe O-Ringe neue\u00a063mm. Einlass Adapter neue hogen Qualit\u00e4t schwarzen Neopren Bel\u00fcftungsschl\u00e4uche Schwimmerh\u00f6he [&hellip;]","og_url":"https:\/\/www.frankmxparts.com.iclicksapp.nl\/de\/keihin-fcr-37-flatslide-carburetor-with-tps","og_site_name":"Frank! MXParts","article_modified_time":"2024-11-27T10:42:44+00:00","og_image":[{"width":750,"height":563,"url":"https:\/\/www.frankmxparts.com.iclicksapp.nl\/wp-content\/uploads\/2024\/11\/DSC02361.jpg","type":"image\/jpeg"}],"twitter_card":"summary_large_image","schema":{"@context":"https:\/\/schema.org","@graph":[{"@type":"WebPage","@id":"https:\/\/www.frankmxparts.com.iclicksapp.nl\/de\/keihin-fcr-37-flatslide-carburetor-with-tps","url":"https:\/\/www.frankmxparts.com.iclicksapp.nl\/de\/keihin-fcr-37-flatslide-carburetor-with-tps","name":"Keihin FCR 37 Flachschieber Vergaser - Frank! MXParts","isPartOf":{"@id":"https:\/\/www.frankmxparts.com.iclicksapp.nl\/de\/#website"},"primaryImageOfPage":{"@id":"https:\/\/www.frankmxparts.com.iclicksapp.nl\/de\/keihin-fcr-37-flatslide-carburetor-with-tps#primaryimage"},"image":{"@id":"https:\/\/www.frankmxparts.com.iclicksapp.nl\/de\/keihin-fcr-37-flatslide-carburetor-with-tps#primaryimage"},"thumbnailUrl":"https:\/\/www.frankmxparts.com.iclicksapp.nl\/wp-content\/uploads\/2024\/11\/DSC02361.jpg","datePublished":"2024-11-19T20:19:59+00:00","dateModified":"2024-11-27T10:42:44+00:00","breadcrumb":{"@id":"https:\/\/www.frankmxparts.com.iclicksapp.nl\/de\/keihin-fcr-37-flatslide-carburetor-with-tps#breadcrumb"},"inLanguage":"de","potentialAction":[{"@type":"ReadAction","target":["https:\/\/www.frankmxparts.com.iclicksapp.nl\/de\/keihin-fcr-37-flatslide-carburetor-with-tps"]}]},{"@type":"ImageObject","inLanguage":"de","@id":"https:\/\/www.frankmxparts.com.iclicksapp.nl\/de\/keihin-fcr-37-flatslide-carburetor-with-tps#primaryimage","url":"https:\/\/www.frankmxparts.com.iclicksapp.nl\/wp-content\/uploads\/2024\/11\/DSC02361.jpg","contentUrl":"https:\/\/www.frankmxparts.com.iclicksapp.nl\/wp-content\/uploads\/2024\/11\/DSC02361.jpg","width":750,"height":563},{"@type":"BreadcrumbList","@id":"https:\/\/www.frankmxparts.com.iclicksapp.nl\/de\/keihin-fcr-37-flatslide-carburetor-with-tps#breadcrumb","itemListElement":[{"@type":"ListItem","position":1,"name":"Home","item":"https:\/\/www.frankmxparts.com.iclicksapp.nl\/de"},{"@type":"ListItem","position":2,"name":"Shop","item":"https:\/\/www.frankmxparts.com.iclicksapp.nl\/winkel"},{"@type":"ListItem","position":3,"name":"Keihin FCR 37 Flachschieber Vergaser"}]},{"@type":"WebSite","@id":"https:\/\/www.frankmxparts.com.iclicksapp.nl\/de\/#website","url":"https:\/\/www.frankmxparts.com.iclicksapp.nl\/de\/","name":"Frank! MXParts","description":"","publisher":{"@id":"https:\/\/www.frankmxparts.com.iclicksapp.nl\/de\/#organization"},"potentialAction":[{"@type":"SearchAction","target":{"@type":"EntryPoint","urlTemplate":"https:\/\/www.frankmxparts.com.iclicksapp.nl\/de\/?s={search_term_string}"},"query-input":{"@type":"PropertyValueSpecification","valueRequired":true,"valueName":"search_term_string"}}],"inLanguage":"de"},{"@type":"Organization","@id":"https:\/\/www.frankmxparts.com.iclicksapp.nl\/de\/#organization","name":"Frank! MXParts","url":"https:\/\/www.frankmxparts.com.iclicksapp.nl\/de\/","logo":{"@type":"ImageObject","inLanguage":"de","@id":"https:\/\/www.frankmxparts.com.iclicksapp.nl\/de\/#\/schema\/logo\/image\/","url":"https:\/\/www.frankmxparts.com.iclicksapp.nl\/wp-content\/uploads\/2024\/01\/frank-mxparts-logo.svg","contentUrl":"https:\/\/www.frankmxparts.com.iclicksapp.nl\/wp-content\/uploads\/2024\/01\/frank-mxparts-logo.svg","width":301,"height":88,"caption":"Frank! MXParts"},"image":{"@id":"https:\/\/www.frankmxparts.com.iclicksapp.nl\/de\/#\/schema\/logo\/image\/"}}]}},"_links":{"self":[{"href":"https:\/\/www.frankmxparts.com.iclicksapp.nl\/de\/wp-json\/wp\/v2\/product\/213291","targetHints":{"allow":["GET"]}}],"collection":[{"href":"https:\/\/www.frankmxparts.com.iclicksapp.nl\/de\/wp-json\/wp\/v2\/product"}],"about":[{"href":"https:\/\/www.frankmxparts.com.iclicksapp.nl\/de\/wp-json\/wp\/v2\/types\/product"}],"replies":[{"embeddable":true,"href":"https:\/\/www.frankmxparts.com.iclicksapp.nl\/de\/wp-json\/wp\/v2\/comments?post=213291"}],"wp:featuredmedia":[{"embeddable":true,"href":"https:\/\/www.frankmxparts.com.iclicksapp.nl\/de\/wp-json\/wp\/v2\/media\/189032"}],"wp:attachment":[{"href":"https:\/\/www.frankmxparts.com.iclicksapp.nl\/de\/wp-json\/wp\/v2\/media?parent=213291"}],"wp:term":[{"taxonomy":"product_brand","embeddable":true,"href":"https:\/\/www.frankmxparts.com.iclicksapp.nl\/de\/wp-json\/wp\/v2\/product_brand?post=213291"},{"taxonomy":"product_cat","embeddable":true,"href":"https:\/\/www.frankmxparts.com.iclicksapp.nl\/de\/wp-json\/wp\/v2\/product_cat?post=213291"},{"taxonomy":"product_tag","embeddable":true,"href":"https:\/\/www.frankmxparts.com.iclicksapp.nl\/de\/wp-json\/wp\/v2\/product_tag?post=213291"}],"curies":[{"name":"wp","href":"https:\/\/api.w.org\/{rel}","templated":true}]}}