{"id":213301,"date":"2024-11-19T21:21:22","date_gmt":"2024-11-19T20:21:22","guid":{"rendered":"https:\/\/www.frankmxparts.com.iclicksapp.nl\/product\/keihin-fcr-racing-flat-slide-carburetor-re-spacing-respacing-service"},"modified":"2024-11-27T12:43:53","modified_gmt":"2024-11-27T10:43:53","slug":"keihin-fcr-racing-flat-slide-carburetor-re-spacing-respacing-service","status":"publish","type":"product","link":"https:\/\/www.frankmxparts.com.iclicksapp.nl\/de\/keihin-fcr-racing-flat-slide-carburetor-re-spacing-respacing-service","title":{"rendered":"Keihin FCR racing Vergaser Service: Abst\u00e4nde \u00e4ndern"},"content":{"rendered":"<p><b>Keihin FCR Vergaser Service: <font color=\"#000cff\">Vergaser abst\u00e4nde \u00e4ndern<\/font><\/b>.<\/p>\n<p>In dieser Auktion kaufen Sie keinen Vergaser, sondern einen kompletten Service bei dem wir die Vergaserabst\u00e4nde Ihres Vergasers \u00e4ndern. <\/p>\n<p>Haben Sie einen FCR Vergaserbatterie, aber sie passen nicht? Kein Problem. Wir bieten einen Service bei dem die Abst\u00e4nde benutzerdefiniert oder vordefiniert sein k\u00f6nnen.<\/p>\n<p>Der Ablauf des Services, den ich anbiete<\/p>\n<ul>\n<li>zerlegen des Vergasers und Montage der neuen Drosselwelle &amp; Abstandshaltern<\/li>\n<li>neue Drosselklappenwelle<\/li>\n<li>neue Abstandhalter<\/li>\n<li>neue Kraftstoff T-Gelenke ggf.<\/li>\n<li>R\u00fccksendung<\/li>\n<\/ul>\n<p>\nfakultativ<\/p>\n<ul>\n<li>Drosselklappensensor<\/li>\n<li>komplette Demontage und ultraschall Reinugung\n<\/li>\n<\/ul>\n<p>\u00a0Sie bezahlen f\u00fcr den Versand des Vergasers zu uns (Sie erhalten eine Best\u00e4tigung nach Erhalt) (unsere Adresse finden Sie bei &#8218;Kontaktinformation&#8216;); die Versandkosten bei dieser Kauf sind f\u00fcr die R\u00fccksendung. Den Vergaser wird mit Express-Versand verschickt, mit Vollversicherung.<\/p>\n<p>Die Vergaser im Bilder sind nur f\u00fcr illustrative Zwecke.<\/p>\n<p>&nbsp;<\/p>\n<p>&nbsp;<\/p>\n","protected":false},"excerpt":{"rendered":"<p>Keihin FCR Vergaser Service: Vergaser abst\u00e4nde \u00e4ndern. In dieser Auktion kaufen Sie keinen Vergaser, sondern einen kompletten Service bei dem wir die Vergaserabst\u00e4nde Ihres Vergasers \u00e4ndern. Haben Sie einen FCR Vergaserbatterie, aber sie passen nicht? Kein Problem. Wir bieten einen Service bei dem die Abst\u00e4nde benutzerdefiniert oder vordefiniert sein k\u00f6nnen. Der Ablauf des Services, den [&hellip;]<\/p>\n","protected":false},"featured_media":189204,"comment_status":"closed","ping_status":"closed","template":"","meta":{"_acf_changed":false},"product_brand":[],"product_cat":[5007],"product_tag":[],"class_list":{"0":"post-213301","1":"product","2":"type-product","3":"status-publish","4":"has-post-thumbnail","6":"product_cat-tuning-service-3","7":"pa_manufacturer-keihin-de","9":"first","10":"outofstock","11":"taxable","12":"shipping-taxable","13":"purchasable","14":"product-type-simple"},"acf":[],"yoast_head":"<!-- This site is optimized with the Yoast SEO plugin v27.3 - https:\/\/yoast.com\/product\/yoast-seo-wordpress\/ -->\n<title>Keihin FCR racing Vergaser Service: Abst\u00e4nde \u00e4ndern - Frank! MXParts<\/title>\n<meta name=\"robots\" content=\"noindex, follow, max-snippet:-1, max-image-preview:large, max-video-preview:-1\" \/>\n<meta property=\"og:locale\" content=\"de_DE\" \/>\n<meta property=\"og:type\" content=\"article\" \/>\n<meta property=\"og:title\" content=\"Keihin FCR racing Vergaser Service: Abst\u00e4nde \u00e4ndern - Frank! MXParts\" \/>\n<meta property=\"og:description\" content=\"Keihin FCR Vergaser Service: Vergaser abst\u00e4nde \u00e4ndern. In dieser Auktion kaufen Sie keinen Vergaser, sondern einen kompletten Service bei dem wir die Vergaserabst\u00e4nde Ihres Vergasers \u00e4ndern. Haben Sie einen FCR Vergaserbatterie, aber sie passen nicht? Kein Problem. Wir bieten einen Service bei dem die Abst\u00e4nde benutzerdefiniert oder vordefiniert sein k\u00f6nnen. Der Ablauf des Services, den [&hellip;]\" \/>\n<meta property=\"og:url\" content=\"https:\/\/www.frankmxparts.com.iclicksapp.nl\/de\/keihin-fcr-racing-flat-slide-carburetor-re-spacing-respacing-service\" \/>\n<meta property=\"og:site_name\" content=\"Frank! MXParts\" \/>\n<meta property=\"article:modified_time\" content=\"2024-11-27T10:43:53+00:00\" \/>\n<meta property=\"og:image\" content=\"https:\/\/www.frankmxparts.com.iclicksapp.nl\/wp-content\/uploads\/2024\/11\/DSC00055.jpg\" \/>\n\t<meta property=\"og:image:width\" content=\"750\" \/>\n\t<meta property=\"og:image:height\" content=\"563\" \/>\n\t<meta property=\"og:image:type\" content=\"image\/jpeg\" \/>\n<meta name=\"twitter:card\" content=\"summary_large_image\" \/>\n<meta name=\"twitter:label1\" content=\"Gesch\u00e4tzte Lesezeit\" \/>\n\t<meta name=\"twitter:data1\" content=\"1\u00a0Minute\" \/>\n<script type=\"application\/ld+json\" class=\"yoast-schema-graph\">{\"@context\":\"https:\\\/\\\/schema.org\",\"@graph\":[{\"@type\":\"WebPage\",\"@id\":\"https:\\\/\\\/www.frankmxparts.com.iclicksapp.nl\\\/de\\\/keihin-fcr-racing-flat-slide-carburetor-re-spacing-respacing-service\",\"url\":\"https:\\\/\\\/www.frankmxparts.com.iclicksapp.nl\\\/de\\\/keihin-fcr-racing-flat-slide-carburetor-re-spacing-respacing-service\",\"name\":\"Keihin FCR racing Vergaser Service: Abst\u00e4nde \u00e4ndern - Frank! MXParts\",\"isPartOf\":{\"@id\":\"https:\\\/\\\/www.frankmxparts.com.iclicksapp.nl\\\/de\\\/#website\"},\"primaryImageOfPage\":{\"@id\":\"https:\\\/\\\/www.frankmxparts.com.iclicksapp.nl\\\/de\\\/keihin-fcr-racing-flat-slide-carburetor-re-spacing-respacing-service#primaryimage\"},\"image\":{\"@id\":\"https:\\\/\\\/www.frankmxparts.com.iclicksapp.nl\\\/de\\\/keihin-fcr-racing-flat-slide-carburetor-re-spacing-respacing-service#primaryimage\"},\"thumbnailUrl\":\"https:\\\/\\\/www.frankmxparts.com.iclicksapp.nl\\\/wp-content\\\/uploads\\\/2024\\\/11\\\/DSC00055.jpg\",\"datePublished\":\"2024-11-19T20:21:22+00:00\",\"dateModified\":\"2024-11-27T10:43:53+00:00\",\"breadcrumb\":{\"@id\":\"https:\\\/\\\/www.frankmxparts.com.iclicksapp.nl\\\/de\\\/keihin-fcr-racing-flat-slide-carburetor-re-spacing-respacing-service#breadcrumb\"},\"inLanguage\":\"de\",\"potentialAction\":[{\"@type\":\"ReadAction\",\"target\":[\"https:\\\/\\\/www.frankmxparts.com.iclicksapp.nl\\\/de\\\/keihin-fcr-racing-flat-slide-carburetor-re-spacing-respacing-service\"]}]},{\"@type\":\"ImageObject\",\"inLanguage\":\"de\",\"@id\":\"https:\\\/\\\/www.frankmxparts.com.iclicksapp.nl\\\/de\\\/keihin-fcr-racing-flat-slide-carburetor-re-spacing-respacing-service#primaryimage\",\"url\":\"https:\\\/\\\/www.frankmxparts.com.iclicksapp.nl\\\/wp-content\\\/uploads\\\/2024\\\/11\\\/DSC00055.jpg\",\"contentUrl\":\"https:\\\/\\\/www.frankmxparts.com.iclicksapp.nl\\\/wp-content\\\/uploads\\\/2024\\\/11\\\/DSC00055.jpg\",\"width\":750,\"height\":563},{\"@type\":\"BreadcrumbList\",\"@id\":\"https:\\\/\\\/www.frankmxparts.com.iclicksapp.nl\\\/de\\\/keihin-fcr-racing-flat-slide-carburetor-re-spacing-respacing-service#breadcrumb\",\"itemListElement\":[{\"@type\":\"ListItem\",\"position\":1,\"name\":\"Home\",\"item\":\"https:\\\/\\\/www.frankmxparts.com.iclicksapp.nl\\\/de\"},{\"@type\":\"ListItem\",\"position\":2,\"name\":\"Shop\",\"item\":\"https:\\\/\\\/www.frankmxparts.com.iclicksapp.nl\\\/winkel\"},{\"@type\":\"ListItem\",\"position\":3,\"name\":\"Keihin FCR racing Vergaser Service: Abst\u00e4nde \u00e4ndern\"}]},{\"@type\":\"WebSite\",\"@id\":\"https:\\\/\\\/www.frankmxparts.com.iclicksapp.nl\\\/de\\\/#website\",\"url\":\"https:\\\/\\\/www.frankmxparts.com.iclicksapp.nl\\\/de\\\/\",\"name\":\"Frank! MXParts\",\"description\":\"\",\"publisher\":{\"@id\":\"https:\\\/\\\/www.frankmxparts.com.iclicksapp.nl\\\/de\\\/#organization\"},\"potentialAction\":[{\"@type\":\"SearchAction\",\"target\":{\"@type\":\"EntryPoint\",\"urlTemplate\":\"https:\\\/\\\/www.frankmxparts.com.iclicksapp.nl\\\/de\\\/?s={search_term_string}\"},\"query-input\":{\"@type\":\"PropertyValueSpecification\",\"valueRequired\":true,\"valueName\":\"search_term_string\"}}],\"inLanguage\":\"de\"},{\"@type\":\"Organization\",\"@id\":\"https:\\\/\\\/www.frankmxparts.com.iclicksapp.nl\\\/de\\\/#organization\",\"name\":\"Frank! MXParts\",\"url\":\"https:\\\/\\\/www.frankmxparts.com.iclicksapp.nl\\\/de\\\/\",\"logo\":{\"@type\":\"ImageObject\",\"inLanguage\":\"de\",\"@id\":\"https:\\\/\\\/www.frankmxparts.com.iclicksapp.nl\\\/de\\\/#\\\/schema\\\/logo\\\/image\\\/\",\"url\":\"https:\\\/\\\/www.frankmxparts.com.iclicksapp.nl\\\/wp-content\\\/uploads\\\/2024\\\/01\\\/frank-mxparts-logo.svg\",\"contentUrl\":\"https:\\\/\\\/www.frankmxparts.com.iclicksapp.nl\\\/wp-content\\\/uploads\\\/2024\\\/01\\\/frank-mxparts-logo.svg\",\"width\":301,\"height\":88,\"caption\":\"Frank! MXParts\"},\"image\":{\"@id\":\"https:\\\/\\\/www.frankmxparts.com.iclicksapp.nl\\\/de\\\/#\\\/schema\\\/logo\\\/image\\\/\"}}]}<\/script>\n<!-- \/ Yoast SEO plugin. -->","yoast_head_json":{"title":"Keihin FCR racing Vergaser Service: Abst\u00e4nde \u00e4ndern - Frank! MXParts","robots":{"index":"noindex","follow":"follow","max-snippet":"max-snippet:-1","max-image-preview":"max-image-preview:large","max-video-preview":"max-video-preview:-1"},"og_locale":"de_DE","og_type":"article","og_title":"Keihin FCR racing Vergaser Service: Abst\u00e4nde \u00e4ndern - Frank! MXParts","og_description":"Keihin FCR Vergaser Service: Vergaser abst\u00e4nde \u00e4ndern. In dieser Auktion kaufen Sie keinen Vergaser, sondern einen kompletten Service bei dem wir die Vergaserabst\u00e4nde Ihres Vergasers \u00e4ndern. Haben Sie einen FCR Vergaserbatterie, aber sie passen nicht? Kein Problem. Wir bieten einen Service bei dem die Abst\u00e4nde benutzerdefiniert oder vordefiniert sein k\u00f6nnen. Der Ablauf des Services, den [&hellip;]","og_url":"https:\/\/www.frankmxparts.com.iclicksapp.nl\/de\/keihin-fcr-racing-flat-slide-carburetor-re-spacing-respacing-service","og_site_name":"Frank! MXParts","article_modified_time":"2024-11-27T10:43:53+00:00","og_image":[{"width":750,"height":563,"url":"https:\/\/www.frankmxparts.com.iclicksapp.nl\/wp-content\/uploads\/2024\/11\/DSC00055.jpg","type":"image\/jpeg"}],"twitter_card":"summary_large_image","twitter_misc":{"Gesch\u00e4tzte Lesezeit":"1\u00a0Minute"},"schema":{"@context":"https:\/\/schema.org","@graph":[{"@type":"WebPage","@id":"https:\/\/www.frankmxparts.com.iclicksapp.nl\/de\/keihin-fcr-racing-flat-slide-carburetor-re-spacing-respacing-service","url":"https:\/\/www.frankmxparts.com.iclicksapp.nl\/de\/keihin-fcr-racing-flat-slide-carburetor-re-spacing-respacing-service","name":"Keihin FCR racing Vergaser Service: Abst\u00e4nde \u00e4ndern - Frank! MXParts","isPartOf":{"@id":"https:\/\/www.frankmxparts.com.iclicksapp.nl\/de\/#website"},"primaryImageOfPage":{"@id":"https:\/\/www.frankmxparts.com.iclicksapp.nl\/de\/keihin-fcr-racing-flat-slide-carburetor-re-spacing-respacing-service#primaryimage"},"image":{"@id":"https:\/\/www.frankmxparts.com.iclicksapp.nl\/de\/keihin-fcr-racing-flat-slide-carburetor-re-spacing-respacing-service#primaryimage"},"thumbnailUrl":"https:\/\/www.frankmxparts.com.iclicksapp.nl\/wp-content\/uploads\/2024\/11\/DSC00055.jpg","datePublished":"2024-11-19T20:21:22+00:00","dateModified":"2024-11-27T10:43:53+00:00","breadcrumb":{"@id":"https:\/\/www.frankmxparts.com.iclicksapp.nl\/de\/keihin-fcr-racing-flat-slide-carburetor-re-spacing-respacing-service#breadcrumb"},"inLanguage":"de","potentialAction":[{"@type":"ReadAction","target":["https:\/\/www.frankmxparts.com.iclicksapp.nl\/de\/keihin-fcr-racing-flat-slide-carburetor-re-spacing-respacing-service"]}]},{"@type":"ImageObject","inLanguage":"de","@id":"https:\/\/www.frankmxparts.com.iclicksapp.nl\/de\/keihin-fcr-racing-flat-slide-carburetor-re-spacing-respacing-service#primaryimage","url":"https:\/\/www.frankmxparts.com.iclicksapp.nl\/wp-content\/uploads\/2024\/11\/DSC00055.jpg","contentUrl":"https:\/\/www.frankmxparts.com.iclicksapp.nl\/wp-content\/uploads\/2024\/11\/DSC00055.jpg","width":750,"height":563},{"@type":"BreadcrumbList","@id":"https:\/\/www.frankmxparts.com.iclicksapp.nl\/de\/keihin-fcr-racing-flat-slide-carburetor-re-spacing-respacing-service#breadcrumb","itemListElement":[{"@type":"ListItem","position":1,"name":"Home","item":"https:\/\/www.frankmxparts.com.iclicksapp.nl\/de"},{"@type":"ListItem","position":2,"name":"Shop","item":"https:\/\/www.frankmxparts.com.iclicksapp.nl\/winkel"},{"@type":"ListItem","position":3,"name":"Keihin FCR racing Vergaser Service: Abst\u00e4nde \u00e4ndern"}]},{"@type":"WebSite","@id":"https:\/\/www.frankmxparts.com.iclicksapp.nl\/de\/#website","url":"https:\/\/www.frankmxparts.com.iclicksapp.nl\/de\/","name":"Frank! MXParts","description":"","publisher":{"@id":"https:\/\/www.frankmxparts.com.iclicksapp.nl\/de\/#organization"},"potentialAction":[{"@type":"SearchAction","target":{"@type":"EntryPoint","urlTemplate":"https:\/\/www.frankmxparts.com.iclicksapp.nl\/de\/?s={search_term_string}"},"query-input":{"@type":"PropertyValueSpecification","valueRequired":true,"valueName":"search_term_string"}}],"inLanguage":"de"},{"@type":"Organization","@id":"https:\/\/www.frankmxparts.com.iclicksapp.nl\/de\/#organization","name":"Frank! MXParts","url":"https:\/\/www.frankmxparts.com.iclicksapp.nl\/de\/","logo":{"@type":"ImageObject","inLanguage":"de","@id":"https:\/\/www.frankmxparts.com.iclicksapp.nl\/de\/#\/schema\/logo\/image\/","url":"https:\/\/www.frankmxparts.com.iclicksapp.nl\/wp-content\/uploads\/2024\/01\/frank-mxparts-logo.svg","contentUrl":"https:\/\/www.frankmxparts.com.iclicksapp.nl\/wp-content\/uploads\/2024\/01\/frank-mxparts-logo.svg","width":301,"height":88,"caption":"Frank! MXParts"},"image":{"@id":"https:\/\/www.frankmxparts.com.iclicksapp.nl\/de\/#\/schema\/logo\/image\/"}}]}},"_links":{"self":[{"href":"https:\/\/www.frankmxparts.com.iclicksapp.nl\/de\/wp-json\/wp\/v2\/product\/213301","targetHints":{"allow":["GET"]}}],"collection":[{"href":"https:\/\/www.frankmxparts.com.iclicksapp.nl\/de\/wp-json\/wp\/v2\/product"}],"about":[{"href":"https:\/\/www.frankmxparts.com.iclicksapp.nl\/de\/wp-json\/wp\/v2\/types\/product"}],"replies":[{"embeddable":true,"href":"https:\/\/www.frankmxparts.com.iclicksapp.nl\/de\/wp-json\/wp\/v2\/comments?post=213301"}],"wp:featuredmedia":[{"embeddable":true,"href":"https:\/\/www.frankmxparts.com.iclicksapp.nl\/de\/wp-json\/wp\/v2\/media\/189204"}],"wp:attachment":[{"href":"https:\/\/www.frankmxparts.com.iclicksapp.nl\/de\/wp-json\/wp\/v2\/media?parent=213301"}],"wp:term":[{"taxonomy":"product_brand","embeddable":true,"href":"https:\/\/www.frankmxparts.com.iclicksapp.nl\/de\/wp-json\/wp\/v2\/product_brand?post=213301"},{"taxonomy":"product_cat","embeddable":true,"href":"https:\/\/www.frankmxparts.com.iclicksapp.nl\/de\/wp-json\/wp\/v2\/product_cat?post=213301"},{"taxonomy":"product_tag","embeddable":true,"href":"https:\/\/www.frankmxparts.com.iclicksapp.nl\/de\/wp-json\/wp\/v2\/product_tag?post=213301"}],"curies":[{"name":"wp","href":"https:\/\/api.w.org\/{rel}","templated":true}]}}