{"id":213302,"date":"2024-11-19T21:21:22","date_gmt":"2024-11-19T20:21:22","guid":{"rendered":"https:\/\/www.frankmxparts.com.iclicksapp.nl\/product\/keihin-fcr-mx-41-carburetor-kit-2008-honda-crf-450-2"},"modified":"2024-11-27T12:43:53","modified_gmt":"2024-11-27T10:43:53","slug":"keihin-fcr-mx-41-carburetor-kit-2008-honda-crf-450-2","status":"publish","type":"product","link":"https:\/\/www.frankmxparts.com.iclicksapp.nl\/de\/keihin-fcr-mx-41-carburetor-kit-2008-honda-crf-450-2","title":{"rendered":"Keihin FCR MX 41 Vergaser Kit \/ 2008 Honda CRF450R"},"content":{"rendered":"<p>Keihin FCR MX 41 Vergaser Kit aus einer 2008 Honda CRF450R.<\/p>\n<p>In sehr gutem Zustand (Innen und Aussen). Dieser Vergaser hat meinen <font color=\"#000cff\">Vergaser Service<\/font> gehat\u00a0(sehen Sie sich meine anderen Artikel an). Details:<\/p>\n<ul>\n<li><font color=\"#000cff\">Keihin FCR MX 41 Vergaser <\/font>mit <font color=\"#000cff\">Kaltstartbet\u00e4tigung <\/font>und\u00a0<font color=\"#000cff\">Hei\u00dfstartbet\u00e4tigung\u00a0<\/font><\/li>\n<li>mit <font color=\"#000cff\">Beschleunigerpumpe<\/font><\/li>\n<li>mit <font color=\"#000cff\">TPS <\/font>(Throttle Position Sensor) (Drosselklappensensor)<\/li>\n<li>Gasz\u00fcge und Hei\u00dfstartzug sind einschlie\u00dflich<\/li>\n<li>Vergasergeh\u00e4use und ausgew\u00e4hlte Teile sind <font color=\"#000cff\">ultraschall-gereinigt<\/font><\/li>\n<li>alle Teile sind gereinigt und \u00fcberpr\u00fcft<\/li>\n<li>D\u00fcsen sind gereinigt<\/li>\n<li>Schwimmerh\u00f6he neu eingestellt<\/li>\n<li>Beschleunigerpumpe getestet<\/li>\n<li>Lager sind neu befettet<\/li>\n<li><font color=\"#000cff\" >neuen\u00a0<\/font>O-Ringe in den Beschleunigerpumpe<\/li>\n<li>etc.<\/li>\n<\/ul>\n<p>Ideal f\u00fcr Upgrades!<\/p>\n<p>Komplett wie abgebildet.<br \/>Ready to race&#8230;<\/p><\/p>\n","protected":false},"excerpt":{"rendered":"<p>Keihin FCR MX 41 Vergaser Kit aus einer 2008 Honda CRF450R. In sehr gutem Zustand (Innen und Aussen). Dieser Vergaser hat meinen Vergaser Service gehat\u00a0(sehen Sie sich meine anderen Artikel an). Details: Keihin FCR MX 41 Vergaser mit Kaltstartbet\u00e4tigung und\u00a0Hei\u00dfstartbet\u00e4tigung\u00a0 mit Beschleunigerpumpe mit TPS (Throttle Position Sensor) (Drosselklappensensor) Gasz\u00fcge und Hei\u00dfstartzug sind einschlie\u00dflich Vergasergeh\u00e4use und [&hellip;]<\/p>\n","protected":false},"featured_media":189217,"comment_status":"closed","ping_status":"closed","template":"","meta":{"_acf_changed":false},"product_brand":[],"product_cat":[9441],"product_tag":[],"class_list":{"0":"post-213302","1":"product","2":"type-product","3":"status-publish","4":"has-post-thumbnail","6":"product_cat-uncategorized","7":"pa_manufacturer-keihin-de","9":"first","10":"outofstock","11":"taxable","12":"shipping-taxable","13":"purchasable","14":"product-type-simple"},"acf":[],"yoast_head":"<!-- This site is optimized with the Yoast SEO plugin v27.3 - https:\/\/yoast.com\/product\/yoast-seo-wordpress\/ -->\n<title>Keihin FCR MX 41 Vergaser Kit \/ 2008 Honda CRF450R - Frank! MXParts<\/title>\n<meta name=\"robots\" content=\"noindex, follow, max-snippet:-1, max-image-preview:large, max-video-preview:-1\" \/>\n<meta property=\"og:locale\" content=\"de_DE\" \/>\n<meta property=\"og:type\" content=\"article\" \/>\n<meta property=\"og:title\" content=\"Keihin FCR MX 41 Vergaser Kit \/ 2008 Honda CRF450R - Frank! MXParts\" \/>\n<meta property=\"og:description\" content=\"Keihin FCR MX 41 Vergaser Kit aus einer 2008 Honda CRF450R. In sehr gutem Zustand (Innen und Aussen). Dieser Vergaser hat meinen Vergaser Service gehat\u00a0(sehen Sie sich meine anderen Artikel an). Details: Keihin FCR MX 41 Vergaser mit Kaltstartbet\u00e4tigung und\u00a0Hei\u00dfstartbet\u00e4tigung\u00a0 mit Beschleunigerpumpe mit TPS (Throttle Position Sensor) (Drosselklappensensor) Gasz\u00fcge und Hei\u00dfstartzug sind einschlie\u00dflich Vergasergeh\u00e4use und [&hellip;]\" \/>\n<meta property=\"og:url\" content=\"https:\/\/www.frankmxparts.com.iclicksapp.nl\/de\/keihin-fcr-mx-41-carburetor-kit-2008-honda-crf-450-2\" \/>\n<meta property=\"og:site_name\" content=\"Frank! MXParts\" \/>\n<meta property=\"article:modified_time\" content=\"2024-11-27T10:43:53+00:00\" \/>\n<meta property=\"og:image\" content=\"https:\/\/www.frankmxparts.com.iclicksapp.nl\/wp-content\/uploads\/2024\/11\/DSC02587.jpg\" \/>\n\t<meta property=\"og:image:width\" content=\"750\" \/>\n\t<meta property=\"og:image:height\" content=\"563\" \/>\n\t<meta property=\"og:image:type\" content=\"image\/jpeg\" \/>\n<meta name=\"twitter:card\" content=\"summary_large_image\" \/>\n<meta name=\"twitter:label1\" content=\"Gesch\u00e4tzte Lesezeit\" \/>\n\t<meta name=\"twitter:data1\" content=\"1\u00a0Minute\" \/>\n<script type=\"application\/ld+json\" class=\"yoast-schema-graph\">{\"@context\":\"https:\\\/\\\/schema.org\",\"@graph\":[{\"@type\":\"WebPage\",\"@id\":\"https:\\\/\\\/www.frankmxparts.com.iclicksapp.nl\\\/de\\\/keihin-fcr-mx-41-carburetor-kit-2008-honda-crf-450-2\",\"url\":\"https:\\\/\\\/www.frankmxparts.com.iclicksapp.nl\\\/de\\\/keihin-fcr-mx-41-carburetor-kit-2008-honda-crf-450-2\",\"name\":\"Keihin FCR MX 41 Vergaser Kit \\\/ 2008 Honda CRF450R - Frank! MXParts\",\"isPartOf\":{\"@id\":\"https:\\\/\\\/www.frankmxparts.com.iclicksapp.nl\\\/de\\\/#website\"},\"primaryImageOfPage\":{\"@id\":\"https:\\\/\\\/www.frankmxparts.com.iclicksapp.nl\\\/de\\\/keihin-fcr-mx-41-carburetor-kit-2008-honda-crf-450-2#primaryimage\"},\"image\":{\"@id\":\"https:\\\/\\\/www.frankmxparts.com.iclicksapp.nl\\\/de\\\/keihin-fcr-mx-41-carburetor-kit-2008-honda-crf-450-2#primaryimage\"},\"thumbnailUrl\":\"https:\\\/\\\/www.frankmxparts.com.iclicksapp.nl\\\/wp-content\\\/uploads\\\/2024\\\/11\\\/DSC02587.jpg\",\"datePublished\":\"2024-11-19T20:21:22+00:00\",\"dateModified\":\"2024-11-27T10:43:53+00:00\",\"breadcrumb\":{\"@id\":\"https:\\\/\\\/www.frankmxparts.com.iclicksapp.nl\\\/de\\\/keihin-fcr-mx-41-carburetor-kit-2008-honda-crf-450-2#breadcrumb\"},\"inLanguage\":\"de\",\"potentialAction\":[{\"@type\":\"ReadAction\",\"target\":[\"https:\\\/\\\/www.frankmxparts.com.iclicksapp.nl\\\/de\\\/keihin-fcr-mx-41-carburetor-kit-2008-honda-crf-450-2\"]}]},{\"@type\":\"ImageObject\",\"inLanguage\":\"de\",\"@id\":\"https:\\\/\\\/www.frankmxparts.com.iclicksapp.nl\\\/de\\\/keihin-fcr-mx-41-carburetor-kit-2008-honda-crf-450-2#primaryimage\",\"url\":\"https:\\\/\\\/www.frankmxparts.com.iclicksapp.nl\\\/wp-content\\\/uploads\\\/2024\\\/11\\\/DSC02587.jpg\",\"contentUrl\":\"https:\\\/\\\/www.frankmxparts.com.iclicksapp.nl\\\/wp-content\\\/uploads\\\/2024\\\/11\\\/DSC02587.jpg\",\"width\":750,\"height\":563},{\"@type\":\"BreadcrumbList\",\"@id\":\"https:\\\/\\\/www.frankmxparts.com.iclicksapp.nl\\\/de\\\/keihin-fcr-mx-41-carburetor-kit-2008-honda-crf-450-2#breadcrumb\",\"itemListElement\":[{\"@type\":\"ListItem\",\"position\":1,\"name\":\"Home\",\"item\":\"https:\\\/\\\/www.frankmxparts.com.iclicksapp.nl\\\/de\"},{\"@type\":\"ListItem\",\"position\":2,\"name\":\"Shop\",\"item\":\"https:\\\/\\\/www.frankmxparts.com.iclicksapp.nl\\\/winkel\"},{\"@type\":\"ListItem\",\"position\":3,\"name\":\"Keihin FCR MX 41 Vergaser Kit \\\/ 2008 Honda CRF450R\"}]},{\"@type\":\"WebSite\",\"@id\":\"https:\\\/\\\/www.frankmxparts.com.iclicksapp.nl\\\/de\\\/#website\",\"url\":\"https:\\\/\\\/www.frankmxparts.com.iclicksapp.nl\\\/de\\\/\",\"name\":\"Frank! MXParts\",\"description\":\"\",\"publisher\":{\"@id\":\"https:\\\/\\\/www.frankmxparts.com.iclicksapp.nl\\\/de\\\/#organization\"},\"potentialAction\":[{\"@type\":\"SearchAction\",\"target\":{\"@type\":\"EntryPoint\",\"urlTemplate\":\"https:\\\/\\\/www.frankmxparts.com.iclicksapp.nl\\\/de\\\/?s={search_term_string}\"},\"query-input\":{\"@type\":\"PropertyValueSpecification\",\"valueRequired\":true,\"valueName\":\"search_term_string\"}}],\"inLanguage\":\"de\"},{\"@type\":\"Organization\",\"@id\":\"https:\\\/\\\/www.frankmxparts.com.iclicksapp.nl\\\/de\\\/#organization\",\"name\":\"Frank! MXParts\",\"url\":\"https:\\\/\\\/www.frankmxparts.com.iclicksapp.nl\\\/de\\\/\",\"logo\":{\"@type\":\"ImageObject\",\"inLanguage\":\"de\",\"@id\":\"https:\\\/\\\/www.frankmxparts.com.iclicksapp.nl\\\/de\\\/#\\\/schema\\\/logo\\\/image\\\/\",\"url\":\"https:\\\/\\\/www.frankmxparts.com.iclicksapp.nl\\\/wp-content\\\/uploads\\\/2024\\\/01\\\/frank-mxparts-logo.svg\",\"contentUrl\":\"https:\\\/\\\/www.frankmxparts.com.iclicksapp.nl\\\/wp-content\\\/uploads\\\/2024\\\/01\\\/frank-mxparts-logo.svg\",\"width\":301,\"height\":88,\"caption\":\"Frank! MXParts\"},\"image\":{\"@id\":\"https:\\\/\\\/www.frankmxparts.com.iclicksapp.nl\\\/de\\\/#\\\/schema\\\/logo\\\/image\\\/\"}}]}<\/script>\n<!-- \/ Yoast SEO plugin. -->","yoast_head_json":{"title":"Keihin FCR MX 41 Vergaser Kit \/ 2008 Honda CRF450R - Frank! MXParts","robots":{"index":"noindex","follow":"follow","max-snippet":"max-snippet:-1","max-image-preview":"max-image-preview:large","max-video-preview":"max-video-preview:-1"},"og_locale":"de_DE","og_type":"article","og_title":"Keihin FCR MX 41 Vergaser Kit \/ 2008 Honda CRF450R - Frank! MXParts","og_description":"Keihin FCR MX 41 Vergaser Kit aus einer 2008 Honda CRF450R. In sehr gutem Zustand (Innen und Aussen). Dieser Vergaser hat meinen Vergaser Service gehat\u00a0(sehen Sie sich meine anderen Artikel an). Details: Keihin FCR MX 41 Vergaser mit Kaltstartbet\u00e4tigung und\u00a0Hei\u00dfstartbet\u00e4tigung\u00a0 mit Beschleunigerpumpe mit TPS (Throttle Position Sensor) (Drosselklappensensor) Gasz\u00fcge und Hei\u00dfstartzug sind einschlie\u00dflich Vergasergeh\u00e4use und [&hellip;]","og_url":"https:\/\/www.frankmxparts.com.iclicksapp.nl\/de\/keihin-fcr-mx-41-carburetor-kit-2008-honda-crf-450-2","og_site_name":"Frank! MXParts","article_modified_time":"2024-11-27T10:43:53+00:00","og_image":[{"width":750,"height":563,"url":"https:\/\/www.frankmxparts.com.iclicksapp.nl\/wp-content\/uploads\/2024\/11\/DSC02587.jpg","type":"image\/jpeg"}],"twitter_card":"summary_large_image","twitter_misc":{"Gesch\u00e4tzte Lesezeit":"1\u00a0Minute"},"schema":{"@context":"https:\/\/schema.org","@graph":[{"@type":"WebPage","@id":"https:\/\/www.frankmxparts.com.iclicksapp.nl\/de\/keihin-fcr-mx-41-carburetor-kit-2008-honda-crf-450-2","url":"https:\/\/www.frankmxparts.com.iclicksapp.nl\/de\/keihin-fcr-mx-41-carburetor-kit-2008-honda-crf-450-2","name":"Keihin FCR MX 41 Vergaser Kit \/ 2008 Honda CRF450R - Frank! MXParts","isPartOf":{"@id":"https:\/\/www.frankmxparts.com.iclicksapp.nl\/de\/#website"},"primaryImageOfPage":{"@id":"https:\/\/www.frankmxparts.com.iclicksapp.nl\/de\/keihin-fcr-mx-41-carburetor-kit-2008-honda-crf-450-2#primaryimage"},"image":{"@id":"https:\/\/www.frankmxparts.com.iclicksapp.nl\/de\/keihin-fcr-mx-41-carburetor-kit-2008-honda-crf-450-2#primaryimage"},"thumbnailUrl":"https:\/\/www.frankmxparts.com.iclicksapp.nl\/wp-content\/uploads\/2024\/11\/DSC02587.jpg","datePublished":"2024-11-19T20:21:22+00:00","dateModified":"2024-11-27T10:43:53+00:00","breadcrumb":{"@id":"https:\/\/www.frankmxparts.com.iclicksapp.nl\/de\/keihin-fcr-mx-41-carburetor-kit-2008-honda-crf-450-2#breadcrumb"},"inLanguage":"de","potentialAction":[{"@type":"ReadAction","target":["https:\/\/www.frankmxparts.com.iclicksapp.nl\/de\/keihin-fcr-mx-41-carburetor-kit-2008-honda-crf-450-2"]}]},{"@type":"ImageObject","inLanguage":"de","@id":"https:\/\/www.frankmxparts.com.iclicksapp.nl\/de\/keihin-fcr-mx-41-carburetor-kit-2008-honda-crf-450-2#primaryimage","url":"https:\/\/www.frankmxparts.com.iclicksapp.nl\/wp-content\/uploads\/2024\/11\/DSC02587.jpg","contentUrl":"https:\/\/www.frankmxparts.com.iclicksapp.nl\/wp-content\/uploads\/2024\/11\/DSC02587.jpg","width":750,"height":563},{"@type":"BreadcrumbList","@id":"https:\/\/www.frankmxparts.com.iclicksapp.nl\/de\/keihin-fcr-mx-41-carburetor-kit-2008-honda-crf-450-2#breadcrumb","itemListElement":[{"@type":"ListItem","position":1,"name":"Home","item":"https:\/\/www.frankmxparts.com.iclicksapp.nl\/de"},{"@type":"ListItem","position":2,"name":"Shop","item":"https:\/\/www.frankmxparts.com.iclicksapp.nl\/winkel"},{"@type":"ListItem","position":3,"name":"Keihin FCR MX 41 Vergaser Kit \/ 2008 Honda CRF450R"}]},{"@type":"WebSite","@id":"https:\/\/www.frankmxparts.com.iclicksapp.nl\/de\/#website","url":"https:\/\/www.frankmxparts.com.iclicksapp.nl\/de\/","name":"Frank! MXParts","description":"","publisher":{"@id":"https:\/\/www.frankmxparts.com.iclicksapp.nl\/de\/#organization"},"potentialAction":[{"@type":"SearchAction","target":{"@type":"EntryPoint","urlTemplate":"https:\/\/www.frankmxparts.com.iclicksapp.nl\/de\/?s={search_term_string}"},"query-input":{"@type":"PropertyValueSpecification","valueRequired":true,"valueName":"search_term_string"}}],"inLanguage":"de"},{"@type":"Organization","@id":"https:\/\/www.frankmxparts.com.iclicksapp.nl\/de\/#organization","name":"Frank! MXParts","url":"https:\/\/www.frankmxparts.com.iclicksapp.nl\/de\/","logo":{"@type":"ImageObject","inLanguage":"de","@id":"https:\/\/www.frankmxparts.com.iclicksapp.nl\/de\/#\/schema\/logo\/image\/","url":"https:\/\/www.frankmxparts.com.iclicksapp.nl\/wp-content\/uploads\/2024\/01\/frank-mxparts-logo.svg","contentUrl":"https:\/\/www.frankmxparts.com.iclicksapp.nl\/wp-content\/uploads\/2024\/01\/frank-mxparts-logo.svg","width":301,"height":88,"caption":"Frank! MXParts"},"image":{"@id":"https:\/\/www.frankmxparts.com.iclicksapp.nl\/de\/#\/schema\/logo\/image\/"}}]}},"_links":{"self":[{"href":"https:\/\/www.frankmxparts.com.iclicksapp.nl\/de\/wp-json\/wp\/v2\/product\/213302","targetHints":{"allow":["GET"]}}],"collection":[{"href":"https:\/\/www.frankmxparts.com.iclicksapp.nl\/de\/wp-json\/wp\/v2\/product"}],"about":[{"href":"https:\/\/www.frankmxparts.com.iclicksapp.nl\/de\/wp-json\/wp\/v2\/types\/product"}],"replies":[{"embeddable":true,"href":"https:\/\/www.frankmxparts.com.iclicksapp.nl\/de\/wp-json\/wp\/v2\/comments?post=213302"}],"wp:featuredmedia":[{"embeddable":true,"href":"https:\/\/www.frankmxparts.com.iclicksapp.nl\/de\/wp-json\/wp\/v2\/media\/189217"}],"wp:attachment":[{"href":"https:\/\/www.frankmxparts.com.iclicksapp.nl\/de\/wp-json\/wp\/v2\/media?parent=213302"}],"wp:term":[{"taxonomy":"product_brand","embeddable":true,"href":"https:\/\/www.frankmxparts.com.iclicksapp.nl\/de\/wp-json\/wp\/v2\/product_brand?post=213302"},{"taxonomy":"product_cat","embeddable":true,"href":"https:\/\/www.frankmxparts.com.iclicksapp.nl\/de\/wp-json\/wp\/v2\/product_cat?post=213302"},{"taxonomy":"product_tag","embeddable":true,"href":"https:\/\/www.frankmxparts.com.iclicksapp.nl\/de\/wp-json\/wp\/v2\/product_tag?post=213302"}],"curies":[{"name":"wp","href":"https:\/\/api.w.org\/{rel}","templated":true}]}}