{"id":213303,"date":"2024-11-19T21:21:22","date_gmt":"2024-11-19T20:21:22","guid":{"rendered":"https:\/\/www.frankmxparts.com.iclicksapp.nl\/product\/keihin-fcr-mx-37-flatslide-carburetor-2009-suzuki-rmz-250"},"modified":"2024-12-16T11:43:40","modified_gmt":"2024-12-16T10:43:40","slug":"keihin-fcr-mx-37-flatslide-carburetor-2009-suzuki-rmz-250","status":"publish","type":"product","link":"https:\/\/www.frankmxparts.com.iclicksapp.nl\/de\/keihin-fcr-mx-37-flatslide-carburetor-2009-suzuki-rmz-250","title":{"rendered":"Keihin FCR MX 37 flachschieber Vergaser \/ 2009 Suzuki RM-Z250"},"content":{"rendered":"<p >Keihin FCR MX 37 flachschieber Vergaser aus einer 2010 Kawasaki KX250F.<\/p>\n<p>Den Vergaser hat unseren\u00a0<font color=\"#000cff\" >Vergaser Service<\/font>\u00a0gehat. Details:<\/p>\n<ul >\n<li ><font color=\"#000cff\">Keihin FCR MX 37 Vergase<\/font><font color=\"#000cff\">r<\/font>\u00a0mit\u00a0<font color=\"#000cff\">Kaltstartbet\u00e4tigung<\/font>\u00a0und\u00a0<font color=\"#000cff\">Hei\u00dfstartbet\u00e4tigung<\/font><\/li>\n<li >mit\u00a0<font color=\"#000cff\">TPS<\/font>\u00a0(Throttle Position Sensor &#8211; Drosselklappensensor) and\u00a0<font color=\"#000cff\">Beschleunigerpumpe<\/font><\/li>\n<li >mit <font color=\"#000cff\">Boyesen Quickshot 2<\/font><\/li>\n<li >Gasz\u00fcge und Hei\u00dfstartzug sind einschlie\u00dflich<\/li>\n<li >Vergaser Geh\u00e4use und ausgehw\u00e4hlte Teile sind\u00a0<font color=\"#000cff\">ultraschall gereinigt<\/font><br  \/><\/li>\n<li >alle Teile sind gereinigt und inspektiert<\/li>\n<li >Lager neu befettet<\/li>\n<li >D\u00fcsen gereinigt und inspektiert<\/li>\n<li >Beschleunigerpumpe getestet<\/li>\n<li >mit mehrere\u00a0<font color=\"#000cff\" >neue\u00a0<\/font>O-Ringe und Dichtungen<\/li>\n<li >etc.<\/li>\n<\/ul>\n<p >Komplett wie abgebildet.<\/p>\n<p>Complete as pictured. Ready to race&#8230;<\/p><\/p>\n","protected":false},"excerpt":{"rendered":"<p>Keihin FCR MX 37 flachschieber Vergaser aus einer 2010 Kawasaki KX250F. Den Vergaser hat unseren\u00a0Vergaser Service\u00a0gehat. Details: Keihin FCR MX 37 Vergaser\u00a0mit\u00a0Kaltstartbet\u00e4tigung\u00a0und\u00a0Hei\u00dfstartbet\u00e4tigung mit\u00a0TPS\u00a0(Throttle Position Sensor &#8211; Drosselklappensensor) and\u00a0Beschleunigerpumpe mit Boyesen Quickshot 2 Gasz\u00fcge und Hei\u00dfstartzug sind einschlie\u00dflich Vergaser Geh\u00e4use und ausgehw\u00e4hlte Teile sind\u00a0ultraschall gereinigt alle Teile sind gereinigt und inspektiert Lager neu befettet D\u00fcsen gereinigt [&hellip;]<\/p>\n","protected":false},"featured_media":189248,"comment_status":"closed","ping_status":"closed","template":"","meta":{"_acf_changed":false},"product_brand":[],"product_cat":[9441],"product_tag":[],"class_list":{"0":"post-213303","1":"product","2":"type-product","3":"status-publish","4":"has-post-thumbnail","6":"product_cat-uncategorized","7":"pa_manufacturer-keihin-de","9":"first","10":"outofstock","11":"taxable","12":"shipping-taxable","13":"purchasable","14":"product-type-simple"},"acf":[],"yoast_head":"<!-- This site is optimized with the Yoast SEO plugin v27.3 - https:\/\/yoast.com\/product\/yoast-seo-wordpress\/ -->\n<title>Keihin FCR MX 37 flachschieber Vergaser \/ 2009 Suzuki RM-Z250 - Frank! MXParts<\/title>\n<meta name=\"robots\" content=\"noindex, follow, max-snippet:-1, max-image-preview:large, max-video-preview:-1\" \/>\n<meta property=\"og:locale\" content=\"de_DE\" \/>\n<meta property=\"og:type\" content=\"article\" \/>\n<meta property=\"og:title\" content=\"Keihin FCR MX 37 flachschieber Vergaser \/ 2009 Suzuki RM-Z250 - Frank! MXParts\" \/>\n<meta property=\"og:description\" content=\"Keihin FCR MX 37 flachschieber Vergaser aus einer 2010 Kawasaki KX250F. Den Vergaser hat unseren\u00a0Vergaser Service\u00a0gehat. Details: Keihin FCR MX 37 Vergaser\u00a0mit\u00a0Kaltstartbet\u00e4tigung\u00a0und\u00a0Hei\u00dfstartbet\u00e4tigung mit\u00a0TPS\u00a0(Throttle Position Sensor &#8211; Drosselklappensensor) and\u00a0Beschleunigerpumpe mit Boyesen Quickshot 2 Gasz\u00fcge und Hei\u00dfstartzug sind einschlie\u00dflich Vergaser Geh\u00e4use und ausgehw\u00e4hlte Teile sind\u00a0ultraschall gereinigt alle Teile sind gereinigt und inspektiert Lager neu befettet D\u00fcsen gereinigt [&hellip;]\" \/>\n<meta property=\"og:url\" content=\"https:\/\/www.frankmxparts.com.iclicksapp.nl\/de\/keihin-fcr-mx-37-flatslide-carburetor-2009-suzuki-rmz-250\" \/>\n<meta property=\"og:site_name\" content=\"Frank! MXParts\" \/>\n<meta property=\"article:modified_time\" content=\"2024-12-16T10:43:40+00:00\" \/>\n<meta property=\"og:image\" content=\"https:\/\/www.frankmxparts.com.iclicksapp.nl\/wp-content\/uploads\/2024\/11\/DSC02578.jpg\" \/>\n\t<meta property=\"og:image:width\" content=\"750\" \/>\n\t<meta property=\"og:image:height\" content=\"563\" \/>\n\t<meta property=\"og:image:type\" content=\"image\/jpeg\" \/>\n<meta name=\"twitter:card\" content=\"summary_large_image\" \/>\n<script type=\"application\/ld+json\" class=\"yoast-schema-graph\">{\"@context\":\"https:\\\/\\\/schema.org\",\"@graph\":[{\"@type\":\"WebPage\",\"@id\":\"https:\\\/\\\/www.frankmxparts.com.iclicksapp.nl\\\/de\\\/keihin-fcr-mx-37-flatslide-carburetor-2009-suzuki-rmz-250\",\"url\":\"https:\\\/\\\/www.frankmxparts.com.iclicksapp.nl\\\/de\\\/keihin-fcr-mx-37-flatslide-carburetor-2009-suzuki-rmz-250\",\"name\":\"Keihin FCR MX 37 flachschieber Vergaser \\\/ 2009 Suzuki RM-Z250 - Frank! MXParts\",\"isPartOf\":{\"@id\":\"https:\\\/\\\/www.frankmxparts.com.iclicksapp.nl\\\/de\\\/#website\"},\"primaryImageOfPage\":{\"@id\":\"https:\\\/\\\/www.frankmxparts.com.iclicksapp.nl\\\/de\\\/keihin-fcr-mx-37-flatslide-carburetor-2009-suzuki-rmz-250#primaryimage\"},\"image\":{\"@id\":\"https:\\\/\\\/www.frankmxparts.com.iclicksapp.nl\\\/de\\\/keihin-fcr-mx-37-flatslide-carburetor-2009-suzuki-rmz-250#primaryimage\"},\"thumbnailUrl\":\"https:\\\/\\\/www.frankmxparts.com.iclicksapp.nl\\\/wp-content\\\/uploads\\\/2024\\\/11\\\/DSC02578.jpg\",\"datePublished\":\"2024-11-19T20:21:22+00:00\",\"dateModified\":\"2024-12-16T10:43:40+00:00\",\"breadcrumb\":{\"@id\":\"https:\\\/\\\/www.frankmxparts.com.iclicksapp.nl\\\/de\\\/keihin-fcr-mx-37-flatslide-carburetor-2009-suzuki-rmz-250#breadcrumb\"},\"inLanguage\":\"de\",\"potentialAction\":[{\"@type\":\"ReadAction\",\"target\":[\"https:\\\/\\\/www.frankmxparts.com.iclicksapp.nl\\\/de\\\/keihin-fcr-mx-37-flatslide-carburetor-2009-suzuki-rmz-250\"]}]},{\"@type\":\"ImageObject\",\"inLanguage\":\"de\",\"@id\":\"https:\\\/\\\/www.frankmxparts.com.iclicksapp.nl\\\/de\\\/keihin-fcr-mx-37-flatslide-carburetor-2009-suzuki-rmz-250#primaryimage\",\"url\":\"https:\\\/\\\/www.frankmxparts.com.iclicksapp.nl\\\/wp-content\\\/uploads\\\/2024\\\/11\\\/DSC02578.jpg\",\"contentUrl\":\"https:\\\/\\\/www.frankmxparts.com.iclicksapp.nl\\\/wp-content\\\/uploads\\\/2024\\\/11\\\/DSC02578.jpg\",\"width\":750,\"height\":563},{\"@type\":\"BreadcrumbList\",\"@id\":\"https:\\\/\\\/www.frankmxparts.com.iclicksapp.nl\\\/de\\\/keihin-fcr-mx-37-flatslide-carburetor-2009-suzuki-rmz-250#breadcrumb\",\"itemListElement\":[{\"@type\":\"ListItem\",\"position\":1,\"name\":\"Home\",\"item\":\"https:\\\/\\\/www.frankmxparts.com.iclicksapp.nl\\\/de\"},{\"@type\":\"ListItem\",\"position\":2,\"name\":\"Shop\",\"item\":\"https:\\\/\\\/www.frankmxparts.com.iclicksapp.nl\\\/winkel\"},{\"@type\":\"ListItem\",\"position\":3,\"name\":\"Keihin FCR MX 37 flachschieber Vergaser \\\/ 2009 Suzuki RM-Z250\"}]},{\"@type\":\"WebSite\",\"@id\":\"https:\\\/\\\/www.frankmxparts.com.iclicksapp.nl\\\/de\\\/#website\",\"url\":\"https:\\\/\\\/www.frankmxparts.com.iclicksapp.nl\\\/de\\\/\",\"name\":\"Frank! MXParts\",\"description\":\"\",\"publisher\":{\"@id\":\"https:\\\/\\\/www.frankmxparts.com.iclicksapp.nl\\\/de\\\/#organization\"},\"potentialAction\":[{\"@type\":\"SearchAction\",\"target\":{\"@type\":\"EntryPoint\",\"urlTemplate\":\"https:\\\/\\\/www.frankmxparts.com.iclicksapp.nl\\\/de\\\/?s={search_term_string}\"},\"query-input\":{\"@type\":\"PropertyValueSpecification\",\"valueRequired\":true,\"valueName\":\"search_term_string\"}}],\"inLanguage\":\"de\"},{\"@type\":\"Organization\",\"@id\":\"https:\\\/\\\/www.frankmxparts.com.iclicksapp.nl\\\/de\\\/#organization\",\"name\":\"Frank! MXParts\",\"url\":\"https:\\\/\\\/www.frankmxparts.com.iclicksapp.nl\\\/de\\\/\",\"logo\":{\"@type\":\"ImageObject\",\"inLanguage\":\"de\",\"@id\":\"https:\\\/\\\/www.frankmxparts.com.iclicksapp.nl\\\/de\\\/#\\\/schema\\\/logo\\\/image\\\/\",\"url\":\"https:\\\/\\\/www.frankmxparts.com.iclicksapp.nl\\\/wp-content\\\/uploads\\\/2024\\\/01\\\/frank-mxparts-logo.svg\",\"contentUrl\":\"https:\\\/\\\/www.frankmxparts.com.iclicksapp.nl\\\/wp-content\\\/uploads\\\/2024\\\/01\\\/frank-mxparts-logo.svg\",\"width\":301,\"height\":88,\"caption\":\"Frank! MXParts\"},\"image\":{\"@id\":\"https:\\\/\\\/www.frankmxparts.com.iclicksapp.nl\\\/de\\\/#\\\/schema\\\/logo\\\/image\\\/\"}}]}<\/script>\n<!-- \/ Yoast SEO plugin. -->","yoast_head_json":{"title":"Keihin FCR MX 37 flachschieber Vergaser \/ 2009 Suzuki RM-Z250 - Frank! MXParts","robots":{"index":"noindex","follow":"follow","max-snippet":"max-snippet:-1","max-image-preview":"max-image-preview:large","max-video-preview":"max-video-preview:-1"},"og_locale":"de_DE","og_type":"article","og_title":"Keihin FCR MX 37 flachschieber Vergaser \/ 2009 Suzuki RM-Z250 - Frank! MXParts","og_description":"Keihin FCR MX 37 flachschieber Vergaser aus einer 2010 Kawasaki KX250F. Den Vergaser hat unseren\u00a0Vergaser Service\u00a0gehat. Details: Keihin FCR MX 37 Vergaser\u00a0mit\u00a0Kaltstartbet\u00e4tigung\u00a0und\u00a0Hei\u00dfstartbet\u00e4tigung mit\u00a0TPS\u00a0(Throttle Position Sensor &#8211; Drosselklappensensor) and\u00a0Beschleunigerpumpe mit Boyesen Quickshot 2 Gasz\u00fcge und Hei\u00dfstartzug sind einschlie\u00dflich Vergaser Geh\u00e4use und ausgehw\u00e4hlte Teile sind\u00a0ultraschall gereinigt alle Teile sind gereinigt und inspektiert Lager neu befettet D\u00fcsen gereinigt [&hellip;]","og_url":"https:\/\/www.frankmxparts.com.iclicksapp.nl\/de\/keihin-fcr-mx-37-flatslide-carburetor-2009-suzuki-rmz-250","og_site_name":"Frank! MXParts","article_modified_time":"2024-12-16T10:43:40+00:00","og_image":[{"width":750,"height":563,"url":"https:\/\/www.frankmxparts.com.iclicksapp.nl\/wp-content\/uploads\/2024\/11\/DSC02578.jpg","type":"image\/jpeg"}],"twitter_card":"summary_large_image","schema":{"@context":"https:\/\/schema.org","@graph":[{"@type":"WebPage","@id":"https:\/\/www.frankmxparts.com.iclicksapp.nl\/de\/keihin-fcr-mx-37-flatslide-carburetor-2009-suzuki-rmz-250","url":"https:\/\/www.frankmxparts.com.iclicksapp.nl\/de\/keihin-fcr-mx-37-flatslide-carburetor-2009-suzuki-rmz-250","name":"Keihin FCR MX 37 flachschieber Vergaser \/ 2009 Suzuki RM-Z250 - Frank! MXParts","isPartOf":{"@id":"https:\/\/www.frankmxparts.com.iclicksapp.nl\/de\/#website"},"primaryImageOfPage":{"@id":"https:\/\/www.frankmxparts.com.iclicksapp.nl\/de\/keihin-fcr-mx-37-flatslide-carburetor-2009-suzuki-rmz-250#primaryimage"},"image":{"@id":"https:\/\/www.frankmxparts.com.iclicksapp.nl\/de\/keihin-fcr-mx-37-flatslide-carburetor-2009-suzuki-rmz-250#primaryimage"},"thumbnailUrl":"https:\/\/www.frankmxparts.com.iclicksapp.nl\/wp-content\/uploads\/2024\/11\/DSC02578.jpg","datePublished":"2024-11-19T20:21:22+00:00","dateModified":"2024-12-16T10:43:40+00:00","breadcrumb":{"@id":"https:\/\/www.frankmxparts.com.iclicksapp.nl\/de\/keihin-fcr-mx-37-flatslide-carburetor-2009-suzuki-rmz-250#breadcrumb"},"inLanguage":"de","potentialAction":[{"@type":"ReadAction","target":["https:\/\/www.frankmxparts.com.iclicksapp.nl\/de\/keihin-fcr-mx-37-flatslide-carburetor-2009-suzuki-rmz-250"]}]},{"@type":"ImageObject","inLanguage":"de","@id":"https:\/\/www.frankmxparts.com.iclicksapp.nl\/de\/keihin-fcr-mx-37-flatslide-carburetor-2009-suzuki-rmz-250#primaryimage","url":"https:\/\/www.frankmxparts.com.iclicksapp.nl\/wp-content\/uploads\/2024\/11\/DSC02578.jpg","contentUrl":"https:\/\/www.frankmxparts.com.iclicksapp.nl\/wp-content\/uploads\/2024\/11\/DSC02578.jpg","width":750,"height":563},{"@type":"BreadcrumbList","@id":"https:\/\/www.frankmxparts.com.iclicksapp.nl\/de\/keihin-fcr-mx-37-flatslide-carburetor-2009-suzuki-rmz-250#breadcrumb","itemListElement":[{"@type":"ListItem","position":1,"name":"Home","item":"https:\/\/www.frankmxparts.com.iclicksapp.nl\/de"},{"@type":"ListItem","position":2,"name":"Shop","item":"https:\/\/www.frankmxparts.com.iclicksapp.nl\/winkel"},{"@type":"ListItem","position":3,"name":"Keihin FCR MX 37 flachschieber Vergaser \/ 2009 Suzuki RM-Z250"}]},{"@type":"WebSite","@id":"https:\/\/www.frankmxparts.com.iclicksapp.nl\/de\/#website","url":"https:\/\/www.frankmxparts.com.iclicksapp.nl\/de\/","name":"Frank! MXParts","description":"","publisher":{"@id":"https:\/\/www.frankmxparts.com.iclicksapp.nl\/de\/#organization"},"potentialAction":[{"@type":"SearchAction","target":{"@type":"EntryPoint","urlTemplate":"https:\/\/www.frankmxparts.com.iclicksapp.nl\/de\/?s={search_term_string}"},"query-input":{"@type":"PropertyValueSpecification","valueRequired":true,"valueName":"search_term_string"}}],"inLanguage":"de"},{"@type":"Organization","@id":"https:\/\/www.frankmxparts.com.iclicksapp.nl\/de\/#organization","name":"Frank! MXParts","url":"https:\/\/www.frankmxparts.com.iclicksapp.nl\/de\/","logo":{"@type":"ImageObject","inLanguage":"de","@id":"https:\/\/www.frankmxparts.com.iclicksapp.nl\/de\/#\/schema\/logo\/image\/","url":"https:\/\/www.frankmxparts.com.iclicksapp.nl\/wp-content\/uploads\/2024\/01\/frank-mxparts-logo.svg","contentUrl":"https:\/\/www.frankmxparts.com.iclicksapp.nl\/wp-content\/uploads\/2024\/01\/frank-mxparts-logo.svg","width":301,"height":88,"caption":"Frank! MXParts"},"image":{"@id":"https:\/\/www.frankmxparts.com.iclicksapp.nl\/de\/#\/schema\/logo\/image\/"}}]}},"_links":{"self":[{"href":"https:\/\/www.frankmxparts.com.iclicksapp.nl\/de\/wp-json\/wp\/v2\/product\/213303","targetHints":{"allow":["GET"]}}],"collection":[{"href":"https:\/\/www.frankmxparts.com.iclicksapp.nl\/de\/wp-json\/wp\/v2\/product"}],"about":[{"href":"https:\/\/www.frankmxparts.com.iclicksapp.nl\/de\/wp-json\/wp\/v2\/types\/product"}],"replies":[{"embeddable":true,"href":"https:\/\/www.frankmxparts.com.iclicksapp.nl\/de\/wp-json\/wp\/v2\/comments?post=213303"}],"wp:featuredmedia":[{"embeddable":true,"href":"https:\/\/www.frankmxparts.com.iclicksapp.nl\/de\/wp-json\/wp\/v2\/media\/189248"}],"wp:attachment":[{"href":"https:\/\/www.frankmxparts.com.iclicksapp.nl\/de\/wp-json\/wp\/v2\/media?parent=213303"}],"wp:term":[{"taxonomy":"product_brand","embeddable":true,"href":"https:\/\/www.frankmxparts.com.iclicksapp.nl\/de\/wp-json\/wp\/v2\/product_brand?post=213303"},{"taxonomy":"product_cat","embeddable":true,"href":"https:\/\/www.frankmxparts.com.iclicksapp.nl\/de\/wp-json\/wp\/v2\/product_cat?post=213303"},{"taxonomy":"product_tag","embeddable":true,"href":"https:\/\/www.frankmxparts.com.iclicksapp.nl\/de\/wp-json\/wp\/v2\/product_tag?post=213303"}],"curies":[{"name":"wp","href":"https:\/\/api.w.org\/{rel}","templated":true}]}}