{"id":213307,"date":"2024-11-19T21:21:22","date_gmt":"2024-11-19T20:21:22","guid":{"rendered":"https:\/\/www.frankmxparts.com.iclicksapp.nl\/product\/mikuni-rs-36-flatslide-carburetors-gsxr-gsx-750-z900-z1000-etc"},"modified":"2024-11-28T10:58:31","modified_gmt":"2024-11-28T08:58:31","slug":"mikuni-rs-36-flatslide-carburetors-gsxr-gsx-750-z900-z1000-etc","status":"publish","type":"product","link":"https:\/\/www.frankmxparts.com.iclicksapp.nl\/de\/mikuni-rs-36-flatslide-carburetors-gsxr-gsx-750-z900-z1000-etc","title":{"rendered":"Mikuni RS 36 smoothbore Vergaser \/ GSXR GSX 750 Z900 Z1000 etc."},"content":{"rendered":"<p>Mikuni RS 36 smoothbore Flachschieber Vergaser-batterie.<\/p>\n<p>In sehr gutem Zustand, v\u00f6llig demontiert und gecheckt, mit mehrere Neuteile, kann sofort montiert werden.<\/p>\n<ul >\n<\/ul>\n<p>Auf diesen Moment ist den Batterie passend f\u00fcr:<\/p>\n<ul>\n<li>GSX-R 750\/1100<\/li>\n<li>GSF 1200 Bandit<\/li>\n<li>GSX 1100<\/li>\n<li>Z900 \/ Z1000<\/li>\n<li>GPZ 1100<\/li>\n<\/ul>\n<p>Auf Kundenwunsch k\u00f6nnen wir die Vergaserabst\u00e4nde \u00e4ndern, damit es passend ist f\u00fcr:<\/p>\n<ul>\n<li>GPZ 900R<\/li>\n<li>GPZ 1000RX<\/li>\n<li>ZRX 1100\/1200<\/li>\n<li>Zephyr 1100<\/li>\n<li>XS 1100\/1100S<\/li>\n<li>FJ 1100\/1200<\/li>\n<li>XJR 1200\/1300\u00a0<\/li>\n<\/ul>\n<p>\n<br \/>Komplett wie abgebildet.<\/p>\n<p>&nbsp;<\/p>\n<p>&nbsp;<\/p>\n","protected":false},"excerpt":{"rendered":"<p>Mikuni RS 36 smoothbore Flachschieber Vergaser-batterie. In sehr gutem Zustand, v\u00f6llig demontiert und gecheckt, mit mehrere Neuteile, kann sofort montiert werden. Auf diesen Moment ist den Batterie passend f\u00fcr: GSX-R 750\/1100 GSF 1200 Bandit GSX 1100 Z900 \/ Z1000 GPZ 1100 Auf Kundenwunsch k\u00f6nnen wir die Vergaserabst\u00e4nde \u00e4ndern, damit es passend ist f\u00fcr: GPZ 900R [&hellip;]<\/p>\n","protected":false},"featured_media":189327,"comment_status":"closed","ping_status":"closed","template":"","meta":{"_acf_changed":false},"product_brand":[],"product_cat":[9441],"product_tag":[],"class_list":{"0":"post-213307","1":"product","2":"type-product","3":"status-publish","4":"has-post-thumbnail","6":"product_cat-uncategorized","7":"pa_manufacturer-mikuni-de","9":"first","10":"outofstock","11":"taxable","12":"shipping-taxable","13":"purchasable","14":"product-type-simple"},"acf":[],"yoast_head":"<!-- This site is optimized with the Yoast SEO plugin v27.3 - https:\/\/yoast.com\/product\/yoast-seo-wordpress\/ -->\n<title>Mikuni RS 36 smoothbore Vergaser \/ GSXR GSX 750 Z900 Z1000 etc. - Frank! MXParts<\/title>\n<meta name=\"robots\" content=\"noindex, follow, max-snippet:-1, max-image-preview:large, max-video-preview:-1\" \/>\n<meta property=\"og:locale\" content=\"de_DE\" \/>\n<meta property=\"og:type\" content=\"article\" \/>\n<meta property=\"og:title\" content=\"Mikuni RS 36 smoothbore Vergaser \/ GSXR GSX 750 Z900 Z1000 etc. - Frank! MXParts\" \/>\n<meta property=\"og:description\" content=\"Mikuni RS 36 smoothbore Flachschieber Vergaser-batterie. In sehr gutem Zustand, v\u00f6llig demontiert und gecheckt, mit mehrere Neuteile, kann sofort montiert werden. Auf diesen Moment ist den Batterie passend f\u00fcr: GSX-R 750\/1100 GSF 1200 Bandit GSX 1100 Z900 \/ Z1000 GPZ 1100 Auf Kundenwunsch k\u00f6nnen wir die Vergaserabst\u00e4nde \u00e4ndern, damit es passend ist f\u00fcr: GPZ 900R [&hellip;]\" \/>\n<meta property=\"og:url\" content=\"https:\/\/www.frankmxparts.com.iclicksapp.nl\/de\/mikuni-rs-36-flatslide-carburetors-gsxr-gsx-750-z900-z1000-etc\" \/>\n<meta property=\"og:site_name\" content=\"Frank! MXParts\" \/>\n<meta property=\"article:modified_time\" content=\"2024-11-28T08:58:31+00:00\" \/>\n<meta property=\"og:image\" content=\"https:\/\/www.frankmxparts.com.iclicksapp.nl\/wp-content\/uploads\/2024\/11\/DSC02640.jpg\" \/>\n\t<meta property=\"og:image:width\" content=\"750\" \/>\n\t<meta property=\"og:image:height\" content=\"563\" \/>\n\t<meta property=\"og:image:type\" content=\"image\/jpeg\" \/>\n<meta name=\"twitter:card\" content=\"summary_large_image\" \/>\n<script type=\"application\/ld+json\" class=\"yoast-schema-graph\">{\"@context\":\"https:\\\/\\\/schema.org\",\"@graph\":[{\"@type\":\"WebPage\",\"@id\":\"https:\\\/\\\/www.frankmxparts.com.iclicksapp.nl\\\/de\\\/mikuni-rs-36-flatslide-carburetors-gsxr-gsx-750-z900-z1000-etc\",\"url\":\"https:\\\/\\\/www.frankmxparts.com.iclicksapp.nl\\\/de\\\/mikuni-rs-36-flatslide-carburetors-gsxr-gsx-750-z900-z1000-etc\",\"name\":\"Mikuni RS 36 smoothbore Vergaser \\\/ GSXR GSX 750 Z900 Z1000 etc. - Frank! MXParts\",\"isPartOf\":{\"@id\":\"https:\\\/\\\/www.frankmxparts.com.iclicksapp.nl\\\/de\\\/#website\"},\"primaryImageOfPage\":{\"@id\":\"https:\\\/\\\/www.frankmxparts.com.iclicksapp.nl\\\/de\\\/mikuni-rs-36-flatslide-carburetors-gsxr-gsx-750-z900-z1000-etc#primaryimage\"},\"image\":{\"@id\":\"https:\\\/\\\/www.frankmxparts.com.iclicksapp.nl\\\/de\\\/mikuni-rs-36-flatslide-carburetors-gsxr-gsx-750-z900-z1000-etc#primaryimage\"},\"thumbnailUrl\":\"https:\\\/\\\/www.frankmxparts.com.iclicksapp.nl\\\/wp-content\\\/uploads\\\/2024\\\/11\\\/DSC02640.jpg\",\"datePublished\":\"2024-11-19T20:21:22+00:00\",\"dateModified\":\"2024-11-28T08:58:31+00:00\",\"breadcrumb\":{\"@id\":\"https:\\\/\\\/www.frankmxparts.com.iclicksapp.nl\\\/de\\\/mikuni-rs-36-flatslide-carburetors-gsxr-gsx-750-z900-z1000-etc#breadcrumb\"},\"inLanguage\":\"de\",\"potentialAction\":[{\"@type\":\"ReadAction\",\"target\":[\"https:\\\/\\\/www.frankmxparts.com.iclicksapp.nl\\\/de\\\/mikuni-rs-36-flatslide-carburetors-gsxr-gsx-750-z900-z1000-etc\"]}]},{\"@type\":\"ImageObject\",\"inLanguage\":\"de\",\"@id\":\"https:\\\/\\\/www.frankmxparts.com.iclicksapp.nl\\\/de\\\/mikuni-rs-36-flatslide-carburetors-gsxr-gsx-750-z900-z1000-etc#primaryimage\",\"url\":\"https:\\\/\\\/www.frankmxparts.com.iclicksapp.nl\\\/wp-content\\\/uploads\\\/2024\\\/11\\\/DSC02640.jpg\",\"contentUrl\":\"https:\\\/\\\/www.frankmxparts.com.iclicksapp.nl\\\/wp-content\\\/uploads\\\/2024\\\/11\\\/DSC02640.jpg\",\"width\":750,\"height\":563},{\"@type\":\"BreadcrumbList\",\"@id\":\"https:\\\/\\\/www.frankmxparts.com.iclicksapp.nl\\\/de\\\/mikuni-rs-36-flatslide-carburetors-gsxr-gsx-750-z900-z1000-etc#breadcrumb\",\"itemListElement\":[{\"@type\":\"ListItem\",\"position\":1,\"name\":\"Home\",\"item\":\"https:\\\/\\\/www.frankmxparts.com.iclicksapp.nl\\\/de\"},{\"@type\":\"ListItem\",\"position\":2,\"name\":\"Shop\",\"item\":\"https:\\\/\\\/www.frankmxparts.com.iclicksapp.nl\\\/winkel\"},{\"@type\":\"ListItem\",\"position\":3,\"name\":\"Mikuni RS 36 smoothbore Vergaser \\\/ GSXR GSX 750 Z900 Z1000 etc.\"}]},{\"@type\":\"WebSite\",\"@id\":\"https:\\\/\\\/www.frankmxparts.com.iclicksapp.nl\\\/de\\\/#website\",\"url\":\"https:\\\/\\\/www.frankmxparts.com.iclicksapp.nl\\\/de\\\/\",\"name\":\"Frank! MXParts\",\"description\":\"\",\"publisher\":{\"@id\":\"https:\\\/\\\/www.frankmxparts.com.iclicksapp.nl\\\/de\\\/#organization\"},\"potentialAction\":[{\"@type\":\"SearchAction\",\"target\":{\"@type\":\"EntryPoint\",\"urlTemplate\":\"https:\\\/\\\/www.frankmxparts.com.iclicksapp.nl\\\/de\\\/?s={search_term_string}\"},\"query-input\":{\"@type\":\"PropertyValueSpecification\",\"valueRequired\":true,\"valueName\":\"search_term_string\"}}],\"inLanguage\":\"de\"},{\"@type\":\"Organization\",\"@id\":\"https:\\\/\\\/www.frankmxparts.com.iclicksapp.nl\\\/de\\\/#organization\",\"name\":\"Frank! MXParts\",\"url\":\"https:\\\/\\\/www.frankmxparts.com.iclicksapp.nl\\\/de\\\/\",\"logo\":{\"@type\":\"ImageObject\",\"inLanguage\":\"de\",\"@id\":\"https:\\\/\\\/www.frankmxparts.com.iclicksapp.nl\\\/de\\\/#\\\/schema\\\/logo\\\/image\\\/\",\"url\":\"https:\\\/\\\/www.frankmxparts.com.iclicksapp.nl\\\/wp-content\\\/uploads\\\/2024\\\/01\\\/frank-mxparts-logo.svg\",\"contentUrl\":\"https:\\\/\\\/www.frankmxparts.com.iclicksapp.nl\\\/wp-content\\\/uploads\\\/2024\\\/01\\\/frank-mxparts-logo.svg\",\"width\":301,\"height\":88,\"caption\":\"Frank! MXParts\"},\"image\":{\"@id\":\"https:\\\/\\\/www.frankmxparts.com.iclicksapp.nl\\\/de\\\/#\\\/schema\\\/logo\\\/image\\\/\"}}]}<\/script>\n<!-- \/ Yoast SEO plugin. -->","yoast_head_json":{"title":"Mikuni RS 36 smoothbore Vergaser \/ GSXR GSX 750 Z900 Z1000 etc. - Frank! MXParts","robots":{"index":"noindex","follow":"follow","max-snippet":"max-snippet:-1","max-image-preview":"max-image-preview:large","max-video-preview":"max-video-preview:-1"},"og_locale":"de_DE","og_type":"article","og_title":"Mikuni RS 36 smoothbore Vergaser \/ GSXR GSX 750 Z900 Z1000 etc. - Frank! MXParts","og_description":"Mikuni RS 36 smoothbore Flachschieber Vergaser-batterie. In sehr gutem Zustand, v\u00f6llig demontiert und gecheckt, mit mehrere Neuteile, kann sofort montiert werden. Auf diesen Moment ist den Batterie passend f\u00fcr: GSX-R 750\/1100 GSF 1200 Bandit GSX 1100 Z900 \/ Z1000 GPZ 1100 Auf Kundenwunsch k\u00f6nnen wir die Vergaserabst\u00e4nde \u00e4ndern, damit es passend ist f\u00fcr: GPZ 900R [&hellip;]","og_url":"https:\/\/www.frankmxparts.com.iclicksapp.nl\/de\/mikuni-rs-36-flatslide-carburetors-gsxr-gsx-750-z900-z1000-etc","og_site_name":"Frank! MXParts","article_modified_time":"2024-11-28T08:58:31+00:00","og_image":[{"width":750,"height":563,"url":"https:\/\/www.frankmxparts.com.iclicksapp.nl\/wp-content\/uploads\/2024\/11\/DSC02640.jpg","type":"image\/jpeg"}],"twitter_card":"summary_large_image","schema":{"@context":"https:\/\/schema.org","@graph":[{"@type":"WebPage","@id":"https:\/\/www.frankmxparts.com.iclicksapp.nl\/de\/mikuni-rs-36-flatslide-carburetors-gsxr-gsx-750-z900-z1000-etc","url":"https:\/\/www.frankmxparts.com.iclicksapp.nl\/de\/mikuni-rs-36-flatslide-carburetors-gsxr-gsx-750-z900-z1000-etc","name":"Mikuni RS 36 smoothbore Vergaser \/ GSXR GSX 750 Z900 Z1000 etc. - Frank! MXParts","isPartOf":{"@id":"https:\/\/www.frankmxparts.com.iclicksapp.nl\/de\/#website"},"primaryImageOfPage":{"@id":"https:\/\/www.frankmxparts.com.iclicksapp.nl\/de\/mikuni-rs-36-flatslide-carburetors-gsxr-gsx-750-z900-z1000-etc#primaryimage"},"image":{"@id":"https:\/\/www.frankmxparts.com.iclicksapp.nl\/de\/mikuni-rs-36-flatslide-carburetors-gsxr-gsx-750-z900-z1000-etc#primaryimage"},"thumbnailUrl":"https:\/\/www.frankmxparts.com.iclicksapp.nl\/wp-content\/uploads\/2024\/11\/DSC02640.jpg","datePublished":"2024-11-19T20:21:22+00:00","dateModified":"2024-11-28T08:58:31+00:00","breadcrumb":{"@id":"https:\/\/www.frankmxparts.com.iclicksapp.nl\/de\/mikuni-rs-36-flatslide-carburetors-gsxr-gsx-750-z900-z1000-etc#breadcrumb"},"inLanguage":"de","potentialAction":[{"@type":"ReadAction","target":["https:\/\/www.frankmxparts.com.iclicksapp.nl\/de\/mikuni-rs-36-flatslide-carburetors-gsxr-gsx-750-z900-z1000-etc"]}]},{"@type":"ImageObject","inLanguage":"de","@id":"https:\/\/www.frankmxparts.com.iclicksapp.nl\/de\/mikuni-rs-36-flatslide-carburetors-gsxr-gsx-750-z900-z1000-etc#primaryimage","url":"https:\/\/www.frankmxparts.com.iclicksapp.nl\/wp-content\/uploads\/2024\/11\/DSC02640.jpg","contentUrl":"https:\/\/www.frankmxparts.com.iclicksapp.nl\/wp-content\/uploads\/2024\/11\/DSC02640.jpg","width":750,"height":563},{"@type":"BreadcrumbList","@id":"https:\/\/www.frankmxparts.com.iclicksapp.nl\/de\/mikuni-rs-36-flatslide-carburetors-gsxr-gsx-750-z900-z1000-etc#breadcrumb","itemListElement":[{"@type":"ListItem","position":1,"name":"Home","item":"https:\/\/www.frankmxparts.com.iclicksapp.nl\/de"},{"@type":"ListItem","position":2,"name":"Shop","item":"https:\/\/www.frankmxparts.com.iclicksapp.nl\/winkel"},{"@type":"ListItem","position":3,"name":"Mikuni RS 36 smoothbore Vergaser \/ GSXR GSX 750 Z900 Z1000 etc."}]},{"@type":"WebSite","@id":"https:\/\/www.frankmxparts.com.iclicksapp.nl\/de\/#website","url":"https:\/\/www.frankmxparts.com.iclicksapp.nl\/de\/","name":"Frank! MXParts","description":"","publisher":{"@id":"https:\/\/www.frankmxparts.com.iclicksapp.nl\/de\/#organization"},"potentialAction":[{"@type":"SearchAction","target":{"@type":"EntryPoint","urlTemplate":"https:\/\/www.frankmxparts.com.iclicksapp.nl\/de\/?s={search_term_string}"},"query-input":{"@type":"PropertyValueSpecification","valueRequired":true,"valueName":"search_term_string"}}],"inLanguage":"de"},{"@type":"Organization","@id":"https:\/\/www.frankmxparts.com.iclicksapp.nl\/de\/#organization","name":"Frank! MXParts","url":"https:\/\/www.frankmxparts.com.iclicksapp.nl\/de\/","logo":{"@type":"ImageObject","inLanguage":"de","@id":"https:\/\/www.frankmxparts.com.iclicksapp.nl\/de\/#\/schema\/logo\/image\/","url":"https:\/\/www.frankmxparts.com.iclicksapp.nl\/wp-content\/uploads\/2024\/01\/frank-mxparts-logo.svg","contentUrl":"https:\/\/www.frankmxparts.com.iclicksapp.nl\/wp-content\/uploads\/2024\/01\/frank-mxparts-logo.svg","width":301,"height":88,"caption":"Frank! MXParts"},"image":{"@id":"https:\/\/www.frankmxparts.com.iclicksapp.nl\/de\/#\/schema\/logo\/image\/"}}]}},"_links":{"self":[{"href":"https:\/\/www.frankmxparts.com.iclicksapp.nl\/de\/wp-json\/wp\/v2\/product\/213307","targetHints":{"allow":["GET"]}}],"collection":[{"href":"https:\/\/www.frankmxparts.com.iclicksapp.nl\/de\/wp-json\/wp\/v2\/product"}],"about":[{"href":"https:\/\/www.frankmxparts.com.iclicksapp.nl\/de\/wp-json\/wp\/v2\/types\/product"}],"replies":[{"embeddable":true,"href":"https:\/\/www.frankmxparts.com.iclicksapp.nl\/de\/wp-json\/wp\/v2\/comments?post=213307"}],"wp:featuredmedia":[{"embeddable":true,"href":"https:\/\/www.frankmxparts.com.iclicksapp.nl\/de\/wp-json\/wp\/v2\/media\/189327"}],"wp:attachment":[{"href":"https:\/\/www.frankmxparts.com.iclicksapp.nl\/de\/wp-json\/wp\/v2\/media?parent=213307"}],"wp:term":[{"taxonomy":"product_brand","embeddable":true,"href":"https:\/\/www.frankmxparts.com.iclicksapp.nl\/de\/wp-json\/wp\/v2\/product_brand?post=213307"},{"taxonomy":"product_cat","embeddable":true,"href":"https:\/\/www.frankmxparts.com.iclicksapp.nl\/de\/wp-json\/wp\/v2\/product_cat?post=213307"},{"taxonomy":"product_tag","embeddable":true,"href":"https:\/\/www.frankmxparts.com.iclicksapp.nl\/de\/wp-json\/wp\/v2\/product_tag?post=213307"}],"curies":[{"name":"wp","href":"https:\/\/api.w.org\/{rel}","templated":true}]}}