{"id":213314,"date":"2024-11-19T21:21:22","date_gmt":"2024-11-19T20:21:22","guid":{"rendered":"https:\/\/www.frankmxparts.com.iclicksapp.nl\/product\/splitstream-high-flow-water-pump-cooler-kit-2005-2006-2007-2008-2009-2010-2011-2012-ktm-250-sxf"},"modified":"2024-11-27T12:44:24","modified_gmt":"2024-11-27T10:44:24","slug":"splitstream-high-flow-water-pump-cooler-kit-2005-2006-2007-2008-2009-2010-2011-2012-ktm-250-sxf","status":"publish","type":"product","link":"https:\/\/www.frankmxparts.com.iclicksapp.nl\/de\/splitstream-high-flow-water-pump-cooler-kit-2005-2006-2007-2008-2009-2010-2011-2012-ktm-250-sxf","title":{"rendered":"High flow Wasserpumpe Cooler Kit \/ 2005-2012 KTM 250 SX-F"},"content":{"rendered":"<p>&nbsp;<\/p>\n<div id=\"_mcePaste\" >Splitstream high volume water pump kit. New in box.<\/div>\n<div id=\"_mcePaste\" >&nbsp;<\/div>\n<div id=\"_mcePaste\" >&nbsp;<\/div>\n<div id=\"_mcePaste\" >Improves the cooling circulation of the stock waterpump:<\/div>\n<div id=\"_mcePaste\" >&nbsp;<\/div>\n<div id=\"_mcePaste\" >&nbsp; &nbsp; larger-than-stock CNC machined impeller<\/div>\n<div id=\"_mcePaste\" >&nbsp; &nbsp; lowers cooling fluid temperature and hence engine temperature which finally results in better performance<\/div>\n<div id=\"_mcePaste\" >&nbsp; &nbsp; Honda red anodized<\/div>\n<div id=\"_mcePaste\" >&nbsp; &nbsp; complete with o-rings and bolts<\/div>\n<div id=\"_mcePaste\" >&nbsp;<\/div>\n<div id=\"_mcePaste\" >Fits:<\/div>\n<div id=\"_mcePaste\" >&nbsp;<\/div>\n<div id=\"_mcePaste\" >&nbsp; &nbsp; 2010 &#8211; 2013 Honda CRF250R<\/div>\n<div id=\"_mcePaste\" >&nbsp;<\/div>\n<div id=\"_mcePaste\" >&nbsp;<\/div>\n<div id=\"_mcePaste\" >Also available for:<\/div>\n<div id=\"_mcePaste\" >&nbsp;<\/div>\n<div id=\"_mcePaste\" >&nbsp; &nbsp; 2008 &#8211; 2009 Honda CRF250R<\/div>\n<div id=\"_mcePaste\" >&nbsp; &nbsp; 2004 &#8211; 2008 Honda CRF450R<\/div>\n<div id=\"_mcePaste\" >&nbsp; &nbsp; 2009 &#8211; 2013 Honda CRF450R<\/div>\n<div id=\"_mcePaste\" >&nbsp; &nbsp; 2007 &#8211; 2012 KTM 250 SX-F<\/div>\n<div id=\"_mcePaste\" >&nbsp; &nbsp; 2011 &#8211; 2012 KTM 350 SX-F<\/div>\n<div id=\"_mcePaste\" >&nbsp; &nbsp; 2009 &#8211; 2012 KTM 450 SX-F<\/div>\n<div id=\"_mcePaste\" >&nbsp; &nbsp; 2009 &#8211; 2012 Yamaha YZ250F<\/div>\n<div id=\"_mcePaste\" >&nbsp; &nbsp; 2010 &#8211; 2012 Yamaha YZ450F<\/div>\n<div id=\"_mcePaste\" >&nbsp; &nbsp; 2006 &#8211; 2012 Kawasaki KX250F<\/div>\n<div id=\"_mcePaste\" >&nbsp; &nbsp; 2009 &#8211; 2012 Kawasaki KX450F<\/div>\n<p><strong>Splitstream high flow Wasserpumpe Cooler&nbsp;Kit.<\/strong><\/p>\n<p>&nbsp;<\/p>\n<p>Verbessert den K\u00fchlkreislauf von den standard Wasserpumpe:<\/p>\n<ul>\n<li>CNC Gefr\u00e4stes gro\u00dfes Wasserpumpenrad, erh\u00f6ht die Menge des K\u00fchlmittels durch das K\u00fchlsystem<\/li>\n<li>senkt die Motortemperatur<\/li>\n<li>orange eloxiert<\/li>\n<li>Komplett mit Dichtungen und Bolzen<\/li>\n<\/ul>\n<p>&nbsp;<\/p>\n<ul>\n<\/ul>\n<p>\nPassend f\u00fcr:&nbsp;2005 &#8211; 2012 KTM 250 SX-F<\/p>\n<p>&nbsp;<\/p>\n<p>Komplett wie abgebildet.<\/p>\n<p>\n&nbsp;<\/p>\n","protected":false},"excerpt":{"rendered":"<p>&nbsp; Splitstream high volume water pump kit. New in box. &nbsp; &nbsp; Improves the cooling circulation of the stock waterpump: &nbsp; &nbsp; &nbsp; larger-than-stock CNC machined impeller &nbsp; &nbsp; lowers cooling fluid temperature and hence engine temperature which finally results in better performance &nbsp; &nbsp; Honda red anodized &nbsp; &nbsp; complete with o-rings and bolts [&hellip;]<\/p>\n","protected":false},"featured_media":189439,"comment_status":"closed","ping_status":"closed","template":"","meta":{"_acf_changed":false},"product_brand":[],"product_cat":[9441],"product_tag":[],"class_list":{"0":"post-213314","1":"product","2":"type-product","3":"status-publish","4":"has-post-thumbnail","6":"product_cat-uncategorized","7":"pa_manufacturer-mino-de","9":"first","10":"instock","11":"taxable","12":"shipping-taxable","13":"purchasable","14":"product-type-simple"},"acf":[],"yoast_head":"<!-- This site is optimized with the Yoast SEO plugin v27.3 - https:\/\/yoast.com\/product\/yoast-seo-wordpress\/ -->\n<title>High flow Wasserpumpe Cooler Kit \/ 2005-2012 KTM 250 SX-F - Frank! MXParts<\/title>\n<meta name=\"robots\" content=\"noindex, follow, max-snippet:-1, max-image-preview:large, max-video-preview:-1\" \/>\n<meta property=\"og:locale\" content=\"de_DE\" \/>\n<meta property=\"og:type\" content=\"article\" \/>\n<meta property=\"og:title\" content=\"High flow Wasserpumpe Cooler Kit \/ 2005-2012 KTM 250 SX-F - Frank! MXParts\" \/>\n<meta property=\"og:description\" content=\"&nbsp; Splitstream high volume water pump kit. New in box. &nbsp; &nbsp; Improves the cooling circulation of the stock waterpump: &nbsp; &nbsp; &nbsp; larger-than-stock CNC machined impeller &nbsp; &nbsp; lowers cooling fluid temperature and hence engine temperature which finally results in better performance &nbsp; &nbsp; Honda red anodized &nbsp; &nbsp; complete with o-rings and bolts [&hellip;]\" \/>\n<meta property=\"og:url\" content=\"https:\/\/www.frankmxparts.com.iclicksapp.nl\/de\/splitstream-high-flow-water-pump-cooler-kit-2005-2006-2007-2008-2009-2010-2011-2012-ktm-250-sxf\" \/>\n<meta property=\"og:site_name\" content=\"Frank! MXParts\" \/>\n<meta property=\"article:modified_time\" content=\"2024-11-27T10:44:24+00:00\" \/>\n<meta property=\"og:image\" content=\"https:\/\/www.frankmxparts.com.iclicksapp.nl\/wp-content\/uploads\/2024\/11\/Splitstream_waterpump_ktm_sxf_250_2007-2008-2009_2010_2011_2012_2013_Frank_MXParts.jpg\" \/>\n\t<meta property=\"og:image:width\" content=\"750\" \/>\n\t<meta property=\"og:image:height\" content=\"563\" \/>\n\t<meta property=\"og:image:type\" content=\"image\/jpeg\" \/>\n<meta name=\"twitter:card\" content=\"summary_large_image\" \/>\n<meta name=\"twitter:label1\" content=\"Gesch\u00e4tzte Lesezeit\" \/>\n\t<meta name=\"twitter:data1\" content=\"1\u00a0Minute\" \/>\n<script type=\"application\/ld+json\" class=\"yoast-schema-graph\">{\"@context\":\"https:\\\/\\\/schema.org\",\"@graph\":[{\"@type\":\"WebPage\",\"@id\":\"https:\\\/\\\/www.frankmxparts.com.iclicksapp.nl\\\/de\\\/splitstream-high-flow-water-pump-cooler-kit-2005-2006-2007-2008-2009-2010-2011-2012-ktm-250-sxf\",\"url\":\"https:\\\/\\\/www.frankmxparts.com.iclicksapp.nl\\\/de\\\/splitstream-high-flow-water-pump-cooler-kit-2005-2006-2007-2008-2009-2010-2011-2012-ktm-250-sxf\",\"name\":\"High flow Wasserpumpe Cooler Kit \\\/ 2005-2012 KTM 250 SX-F - Frank! MXParts\",\"isPartOf\":{\"@id\":\"https:\\\/\\\/www.frankmxparts.com.iclicksapp.nl\\\/de\\\/#website\"},\"primaryImageOfPage\":{\"@id\":\"https:\\\/\\\/www.frankmxparts.com.iclicksapp.nl\\\/de\\\/splitstream-high-flow-water-pump-cooler-kit-2005-2006-2007-2008-2009-2010-2011-2012-ktm-250-sxf#primaryimage\"},\"image\":{\"@id\":\"https:\\\/\\\/www.frankmxparts.com.iclicksapp.nl\\\/de\\\/splitstream-high-flow-water-pump-cooler-kit-2005-2006-2007-2008-2009-2010-2011-2012-ktm-250-sxf#primaryimage\"},\"thumbnailUrl\":\"https:\\\/\\\/www.frankmxparts.com.iclicksapp.nl\\\/wp-content\\\/uploads\\\/2024\\\/11\\\/Splitstream_waterpump_ktm_sxf_250_2007-2008-2009_2010_2011_2012_2013_Frank_MXParts.jpg\",\"datePublished\":\"2024-11-19T20:21:22+00:00\",\"dateModified\":\"2024-11-27T10:44:24+00:00\",\"breadcrumb\":{\"@id\":\"https:\\\/\\\/www.frankmxparts.com.iclicksapp.nl\\\/de\\\/splitstream-high-flow-water-pump-cooler-kit-2005-2006-2007-2008-2009-2010-2011-2012-ktm-250-sxf#breadcrumb\"},\"inLanguage\":\"de\",\"potentialAction\":[{\"@type\":\"ReadAction\",\"target\":[\"https:\\\/\\\/www.frankmxparts.com.iclicksapp.nl\\\/de\\\/splitstream-high-flow-water-pump-cooler-kit-2005-2006-2007-2008-2009-2010-2011-2012-ktm-250-sxf\"]}]},{\"@type\":\"ImageObject\",\"inLanguage\":\"de\",\"@id\":\"https:\\\/\\\/www.frankmxparts.com.iclicksapp.nl\\\/de\\\/splitstream-high-flow-water-pump-cooler-kit-2005-2006-2007-2008-2009-2010-2011-2012-ktm-250-sxf#primaryimage\",\"url\":\"https:\\\/\\\/www.frankmxparts.com.iclicksapp.nl\\\/wp-content\\\/uploads\\\/2024\\\/11\\\/Splitstream_waterpump_ktm_sxf_250_2007-2008-2009_2010_2011_2012_2013_Frank_MXParts.jpg\",\"contentUrl\":\"https:\\\/\\\/www.frankmxparts.com.iclicksapp.nl\\\/wp-content\\\/uploads\\\/2024\\\/11\\\/Splitstream_waterpump_ktm_sxf_250_2007-2008-2009_2010_2011_2012_2013_Frank_MXParts.jpg\",\"width\":750,\"height\":563},{\"@type\":\"BreadcrumbList\",\"@id\":\"https:\\\/\\\/www.frankmxparts.com.iclicksapp.nl\\\/de\\\/splitstream-high-flow-water-pump-cooler-kit-2005-2006-2007-2008-2009-2010-2011-2012-ktm-250-sxf#breadcrumb\",\"itemListElement\":[{\"@type\":\"ListItem\",\"position\":1,\"name\":\"Home\",\"item\":\"https:\\\/\\\/www.frankmxparts.com.iclicksapp.nl\\\/de\"},{\"@type\":\"ListItem\",\"position\":2,\"name\":\"Shop\",\"item\":\"https:\\\/\\\/www.frankmxparts.com.iclicksapp.nl\\\/winkel\"},{\"@type\":\"ListItem\",\"position\":3,\"name\":\"High flow Wasserpumpe Cooler Kit \\\/ 2005-2012 KTM 250 SX-F\"}]},{\"@type\":\"WebSite\",\"@id\":\"https:\\\/\\\/www.frankmxparts.com.iclicksapp.nl\\\/de\\\/#website\",\"url\":\"https:\\\/\\\/www.frankmxparts.com.iclicksapp.nl\\\/de\\\/\",\"name\":\"Frank! MXParts\",\"description\":\"\",\"publisher\":{\"@id\":\"https:\\\/\\\/www.frankmxparts.com.iclicksapp.nl\\\/de\\\/#organization\"},\"potentialAction\":[{\"@type\":\"SearchAction\",\"target\":{\"@type\":\"EntryPoint\",\"urlTemplate\":\"https:\\\/\\\/www.frankmxparts.com.iclicksapp.nl\\\/de\\\/?s={search_term_string}\"},\"query-input\":{\"@type\":\"PropertyValueSpecification\",\"valueRequired\":true,\"valueName\":\"search_term_string\"}}],\"inLanguage\":\"de\"},{\"@type\":\"Organization\",\"@id\":\"https:\\\/\\\/www.frankmxparts.com.iclicksapp.nl\\\/de\\\/#organization\",\"name\":\"Frank! MXParts\",\"url\":\"https:\\\/\\\/www.frankmxparts.com.iclicksapp.nl\\\/de\\\/\",\"logo\":{\"@type\":\"ImageObject\",\"inLanguage\":\"de\",\"@id\":\"https:\\\/\\\/www.frankmxparts.com.iclicksapp.nl\\\/de\\\/#\\\/schema\\\/logo\\\/image\\\/\",\"url\":\"https:\\\/\\\/www.frankmxparts.com.iclicksapp.nl\\\/wp-content\\\/uploads\\\/2024\\\/01\\\/frank-mxparts-logo.svg\",\"contentUrl\":\"https:\\\/\\\/www.frankmxparts.com.iclicksapp.nl\\\/wp-content\\\/uploads\\\/2024\\\/01\\\/frank-mxparts-logo.svg\",\"width\":301,\"height\":88,\"caption\":\"Frank! MXParts\"},\"image\":{\"@id\":\"https:\\\/\\\/www.frankmxparts.com.iclicksapp.nl\\\/de\\\/#\\\/schema\\\/logo\\\/image\\\/\"}}]}<\/script>\n<!-- \/ Yoast SEO plugin. -->","yoast_head_json":{"title":"High flow Wasserpumpe Cooler Kit \/ 2005-2012 KTM 250 SX-F - Frank! MXParts","robots":{"index":"noindex","follow":"follow","max-snippet":"max-snippet:-1","max-image-preview":"max-image-preview:large","max-video-preview":"max-video-preview:-1"},"og_locale":"de_DE","og_type":"article","og_title":"High flow Wasserpumpe Cooler Kit \/ 2005-2012 KTM 250 SX-F - Frank! MXParts","og_description":"&nbsp; Splitstream high volume water pump kit. New in box. &nbsp; &nbsp; Improves the cooling circulation of the stock waterpump: &nbsp; &nbsp; &nbsp; larger-than-stock CNC machined impeller &nbsp; &nbsp; lowers cooling fluid temperature and hence engine temperature which finally results in better performance &nbsp; &nbsp; Honda red anodized &nbsp; &nbsp; complete with o-rings and bolts [&hellip;]","og_url":"https:\/\/www.frankmxparts.com.iclicksapp.nl\/de\/splitstream-high-flow-water-pump-cooler-kit-2005-2006-2007-2008-2009-2010-2011-2012-ktm-250-sxf","og_site_name":"Frank! MXParts","article_modified_time":"2024-11-27T10:44:24+00:00","og_image":[{"width":750,"height":563,"url":"https:\/\/www.frankmxparts.com.iclicksapp.nl\/wp-content\/uploads\/2024\/11\/Splitstream_waterpump_ktm_sxf_250_2007-2008-2009_2010_2011_2012_2013_Frank_MXParts.jpg","type":"image\/jpeg"}],"twitter_card":"summary_large_image","twitter_misc":{"Gesch\u00e4tzte Lesezeit":"1\u00a0Minute"},"schema":{"@context":"https:\/\/schema.org","@graph":[{"@type":"WebPage","@id":"https:\/\/www.frankmxparts.com.iclicksapp.nl\/de\/splitstream-high-flow-water-pump-cooler-kit-2005-2006-2007-2008-2009-2010-2011-2012-ktm-250-sxf","url":"https:\/\/www.frankmxparts.com.iclicksapp.nl\/de\/splitstream-high-flow-water-pump-cooler-kit-2005-2006-2007-2008-2009-2010-2011-2012-ktm-250-sxf","name":"High flow Wasserpumpe Cooler Kit \/ 2005-2012 KTM 250 SX-F - Frank! MXParts","isPartOf":{"@id":"https:\/\/www.frankmxparts.com.iclicksapp.nl\/de\/#website"},"primaryImageOfPage":{"@id":"https:\/\/www.frankmxparts.com.iclicksapp.nl\/de\/splitstream-high-flow-water-pump-cooler-kit-2005-2006-2007-2008-2009-2010-2011-2012-ktm-250-sxf#primaryimage"},"image":{"@id":"https:\/\/www.frankmxparts.com.iclicksapp.nl\/de\/splitstream-high-flow-water-pump-cooler-kit-2005-2006-2007-2008-2009-2010-2011-2012-ktm-250-sxf#primaryimage"},"thumbnailUrl":"https:\/\/www.frankmxparts.com.iclicksapp.nl\/wp-content\/uploads\/2024\/11\/Splitstream_waterpump_ktm_sxf_250_2007-2008-2009_2010_2011_2012_2013_Frank_MXParts.jpg","datePublished":"2024-11-19T20:21:22+00:00","dateModified":"2024-11-27T10:44:24+00:00","breadcrumb":{"@id":"https:\/\/www.frankmxparts.com.iclicksapp.nl\/de\/splitstream-high-flow-water-pump-cooler-kit-2005-2006-2007-2008-2009-2010-2011-2012-ktm-250-sxf#breadcrumb"},"inLanguage":"de","potentialAction":[{"@type":"ReadAction","target":["https:\/\/www.frankmxparts.com.iclicksapp.nl\/de\/splitstream-high-flow-water-pump-cooler-kit-2005-2006-2007-2008-2009-2010-2011-2012-ktm-250-sxf"]}]},{"@type":"ImageObject","inLanguage":"de","@id":"https:\/\/www.frankmxparts.com.iclicksapp.nl\/de\/splitstream-high-flow-water-pump-cooler-kit-2005-2006-2007-2008-2009-2010-2011-2012-ktm-250-sxf#primaryimage","url":"https:\/\/www.frankmxparts.com.iclicksapp.nl\/wp-content\/uploads\/2024\/11\/Splitstream_waterpump_ktm_sxf_250_2007-2008-2009_2010_2011_2012_2013_Frank_MXParts.jpg","contentUrl":"https:\/\/www.frankmxparts.com.iclicksapp.nl\/wp-content\/uploads\/2024\/11\/Splitstream_waterpump_ktm_sxf_250_2007-2008-2009_2010_2011_2012_2013_Frank_MXParts.jpg","width":750,"height":563},{"@type":"BreadcrumbList","@id":"https:\/\/www.frankmxparts.com.iclicksapp.nl\/de\/splitstream-high-flow-water-pump-cooler-kit-2005-2006-2007-2008-2009-2010-2011-2012-ktm-250-sxf#breadcrumb","itemListElement":[{"@type":"ListItem","position":1,"name":"Home","item":"https:\/\/www.frankmxparts.com.iclicksapp.nl\/de"},{"@type":"ListItem","position":2,"name":"Shop","item":"https:\/\/www.frankmxparts.com.iclicksapp.nl\/winkel"},{"@type":"ListItem","position":3,"name":"High flow Wasserpumpe Cooler Kit \/ 2005-2012 KTM 250 SX-F"}]},{"@type":"WebSite","@id":"https:\/\/www.frankmxparts.com.iclicksapp.nl\/de\/#website","url":"https:\/\/www.frankmxparts.com.iclicksapp.nl\/de\/","name":"Frank! MXParts","description":"","publisher":{"@id":"https:\/\/www.frankmxparts.com.iclicksapp.nl\/de\/#organization"},"potentialAction":[{"@type":"SearchAction","target":{"@type":"EntryPoint","urlTemplate":"https:\/\/www.frankmxparts.com.iclicksapp.nl\/de\/?s={search_term_string}"},"query-input":{"@type":"PropertyValueSpecification","valueRequired":true,"valueName":"search_term_string"}}],"inLanguage":"de"},{"@type":"Organization","@id":"https:\/\/www.frankmxparts.com.iclicksapp.nl\/de\/#organization","name":"Frank! MXParts","url":"https:\/\/www.frankmxparts.com.iclicksapp.nl\/de\/","logo":{"@type":"ImageObject","inLanguage":"de","@id":"https:\/\/www.frankmxparts.com.iclicksapp.nl\/de\/#\/schema\/logo\/image\/","url":"https:\/\/www.frankmxparts.com.iclicksapp.nl\/wp-content\/uploads\/2024\/01\/frank-mxparts-logo.svg","contentUrl":"https:\/\/www.frankmxparts.com.iclicksapp.nl\/wp-content\/uploads\/2024\/01\/frank-mxparts-logo.svg","width":301,"height":88,"caption":"Frank! MXParts"},"image":{"@id":"https:\/\/www.frankmxparts.com.iclicksapp.nl\/de\/#\/schema\/logo\/image\/"}}]}},"_links":{"self":[{"href":"https:\/\/www.frankmxparts.com.iclicksapp.nl\/de\/wp-json\/wp\/v2\/product\/213314","targetHints":{"allow":["GET"]}}],"collection":[{"href":"https:\/\/www.frankmxparts.com.iclicksapp.nl\/de\/wp-json\/wp\/v2\/product"}],"about":[{"href":"https:\/\/www.frankmxparts.com.iclicksapp.nl\/de\/wp-json\/wp\/v2\/types\/product"}],"replies":[{"embeddable":true,"href":"https:\/\/www.frankmxparts.com.iclicksapp.nl\/de\/wp-json\/wp\/v2\/comments?post=213314"}],"wp:featuredmedia":[{"embeddable":true,"href":"https:\/\/www.frankmxparts.com.iclicksapp.nl\/de\/wp-json\/wp\/v2\/media\/189439"}],"wp:attachment":[{"href":"https:\/\/www.frankmxparts.com.iclicksapp.nl\/de\/wp-json\/wp\/v2\/media?parent=213314"}],"wp:term":[{"taxonomy":"product_brand","embeddable":true,"href":"https:\/\/www.frankmxparts.com.iclicksapp.nl\/de\/wp-json\/wp\/v2\/product_brand?post=213314"},{"taxonomy":"product_cat","embeddable":true,"href":"https:\/\/www.frankmxparts.com.iclicksapp.nl\/de\/wp-json\/wp\/v2\/product_cat?post=213314"},{"taxonomy":"product_tag","embeddable":true,"href":"https:\/\/www.frankmxparts.com.iclicksapp.nl\/de\/wp-json\/wp\/v2\/product_tag?post=213314"}],"curies":[{"name":"wp","href":"https:\/\/api.w.org\/{rel}","templated":true}]}}