{"id":213340,"date":"2024-11-19T21:24:26","date_gmt":"2024-11-19T20:24:26","guid":{"rendered":"https:\/\/www.frankmxparts.com.iclicksapp.nl\/product\/mikuni-hsr-42-tuev-carburetor-kit-harley-davidson-1340-evo"},"modified":"2024-11-28T10:59:14","modified_gmt":"2024-11-28T08:59:14","slug":"mikuni-hsr-42-tuev-carburetor-kit-harley-davidson-1340-evo","status":"publish","type":"product","link":"https:\/\/www.frankmxparts.com.iclicksapp.nl\/de\/mikuni-hsr-42-tuev-carburetor-kit-harley-davidson-1340-evo","title":{"rendered":"Mikuni HSR 42 T\u00dcV Vergaser Kit \/ Harley Davidson 1340 EVO"},"content":{"rendered":"<p>Mikuni HSR 42 T\u00dcV Vergaser Kit f\u00fcr den Harley Davidson 1340 EVO.<\/p>\n<p>Mikuni HSR Vergaser-Kits sind die ideale Erg\u00e4nzung f\u00fcr Ihre Harley-Davidson oder Ihre Buell. Der speziell f\u00fcr die Anforderungen, die diese Motorr\u00e4der an Vergaser stellen, entwickelte HSR Vergaser garantiert \u00fcber den gesamten Drehzahlbereich mehr Leistung und Drehmoment, ein\u00a0besseres Ansprechverhalten, gutes Startverhalten, stabilen Leerlauf und einen g\u00fcnstigen\u00a0Kraftstoffverbrauch.<\/p>\n<p>Merkmale:<\/p>\n<ul>\n<li>Smoothbore Venturi<\/li>\n<li>Rollengelagerte Gasschieber<\/li>\n<li>Vergr\u00f6\u00dferte Schwimmerkammer und gr\u00f6\u00dferes Schwimmernadelventil<\/li>\n<li>Beschleunigerpumpe<\/li>\n<li>Einstellbare Luftschraube<\/li>\n<li>Kaltstarteinrichtung<\/li>\n<li>Kompaktes Design<\/li>\n<\/ul>\n<p>Das Kit enth\u00e4lt:<\/p>\n<ul>\n<li>Vergaser<\/li>\n<li>Adapter + O-Ring f\u00fcr orig. Luftfiltergrundplatte<\/li>\n<li>T\u00dcV Gutachten<\/li>\n<\/ul>\n<p>Anwendungen:<\/p>\n<ul>\n<li>1340 FXST, FXD, FXR (1992-1994)<\/li>\n<li>1340 FXST &amp; FXD (from 1995)<\/li>\n<li>1340 FXST, FXD &amp; FXR (euro 2 up to 2007)<\/li>\n<li>1340 FLT (from 1995)<\/li>\n<\/ul>\n<p>W\u00e4hlen Sie Ihre Anwendung hier unten.<br \/>Fragen? Bitte kontaktieren Sie uns.<\/p>\n<p>&nbsp;<\/p>\n<p>&nbsp;<\/p>\n<p>&nbsp;<\/p>\n","protected":false},"excerpt":{"rendered":"<p>Mikuni HSR 42 T\u00dcV Vergaser Kit f\u00fcr den Harley Davidson 1340 EVO. Mikuni HSR Vergaser-Kits sind die ideale Erg\u00e4nzung f\u00fcr Ihre Harley-Davidson oder Ihre Buell. Der speziell f\u00fcr die Anforderungen, die diese Motorr\u00e4der an Vergaser stellen, entwickelte HSR Vergaser garantiert \u00fcber den gesamten Drehzahlbereich mehr Leistung und Drehmoment, ein\u00a0besseres Ansprechverhalten, gutes Startverhalten, stabilen Leerlauf und [&hellip;]<\/p>\n","protected":false},"featured_media":189804,"comment_status":"closed","ping_status":"closed","template":"","meta":{"_acf_changed":false},"product_brand":[],"product_cat":[9441],"product_tag":[],"class_list":{"0":"post-213340","1":"product","2":"type-product","3":"status-publish","4":"has-post-thumbnail","6":"product_cat-uncategorized","7":"pa_manufacturer-mikuni-de","8":"pa_type-2-1340-flt-from-1995-de-2","9":"pa_type-2-1340-fxst-fxd-from-1995-de","10":"pa_type-2-1340-fxst-fxd-fxr-1992-1994-de","11":"pa_type-2-1340-fxst-fxd-fxr-euro-2-until-2007-de","13":"first","14":"outofstock","15":"taxable","16":"shipping-taxable","17":"purchasable","18":"product-type-variable"},"acf":[],"yoast_head":"<!-- This site is optimized with the Yoast SEO plugin v27.3 - https:\/\/yoast.com\/product\/yoast-seo-wordpress\/ -->\n<title>Mikuni HSR 42 T\u00dcV Vergaser Kit \/ Harley Davidson 1340 EVO - Frank! MXParts<\/title>\n<meta name=\"robots\" content=\"noindex, follow, max-snippet:-1, max-image-preview:large, max-video-preview:-1\" \/>\n<meta property=\"og:locale\" content=\"de_DE\" \/>\n<meta property=\"og:type\" content=\"article\" \/>\n<meta property=\"og:title\" content=\"Mikuni HSR 42 T\u00dcV Vergaser Kit \/ Harley Davidson 1340 EVO - Frank! MXParts\" \/>\n<meta property=\"og:description\" content=\"Mikuni HSR 42 T\u00dcV Vergaser Kit f\u00fcr den Harley Davidson 1340 EVO. Mikuni HSR Vergaser-Kits sind die ideale Erg\u00e4nzung f\u00fcr Ihre Harley-Davidson oder Ihre Buell. Der speziell f\u00fcr die Anforderungen, die diese Motorr\u00e4der an Vergaser stellen, entwickelte HSR Vergaser garantiert \u00fcber den gesamten Drehzahlbereich mehr Leistung und Drehmoment, ein\u00a0besseres Ansprechverhalten, gutes Startverhalten, stabilen Leerlauf und [&hellip;]\" \/>\n<meta property=\"og:url\" content=\"https:\/\/www.frankmxparts.com.iclicksapp.nl\/de\/mikuni-hsr-42-tuev-carburetor-kit-harley-davidson-1340-evo\" \/>\n<meta property=\"og:site_name\" content=\"Frank! MXParts\" \/>\n<meta property=\"article:modified_time\" content=\"2024-11-28T08:59:14+00:00\" \/>\n<meta property=\"og:image\" content=\"https:\/\/www.frankmxparts.com.iclicksapp.nl\/wp-content\/uploads\/2024\/11\/HSR-TUV-Frank-MXParts-1.jpg\" \/>\n\t<meta property=\"og:image:width\" content=\"750\" \/>\n\t<meta property=\"og:image:height\" content=\"563\" \/>\n\t<meta property=\"og:image:type\" content=\"image\/jpeg\" \/>\n<meta name=\"twitter:card\" content=\"summary_large_image\" \/>\n<meta name=\"twitter:label1\" content=\"Gesch\u00e4tzte Lesezeit\" \/>\n\t<meta name=\"twitter:data1\" content=\"1\u00a0Minute\" \/>\n<script type=\"application\/ld+json\" class=\"yoast-schema-graph\">{\"@context\":\"https:\\\/\\\/schema.org\",\"@graph\":[{\"@type\":\"WebPage\",\"@id\":\"https:\\\/\\\/www.frankmxparts.com.iclicksapp.nl\\\/de\\\/mikuni-hsr-42-tuev-carburetor-kit-harley-davidson-1340-evo\",\"url\":\"https:\\\/\\\/www.frankmxparts.com.iclicksapp.nl\\\/de\\\/mikuni-hsr-42-tuev-carburetor-kit-harley-davidson-1340-evo\",\"name\":\"Mikuni HSR 42 T\u00dcV Vergaser Kit \\\/ Harley Davidson 1340 EVO - Frank! MXParts\",\"isPartOf\":{\"@id\":\"https:\\\/\\\/www.frankmxparts.com.iclicksapp.nl\\\/de\\\/#website\"},\"primaryImageOfPage\":{\"@id\":\"https:\\\/\\\/www.frankmxparts.com.iclicksapp.nl\\\/de\\\/mikuni-hsr-42-tuev-carburetor-kit-harley-davidson-1340-evo#primaryimage\"},\"image\":{\"@id\":\"https:\\\/\\\/www.frankmxparts.com.iclicksapp.nl\\\/de\\\/mikuni-hsr-42-tuev-carburetor-kit-harley-davidson-1340-evo#primaryimage\"},\"thumbnailUrl\":\"https:\\\/\\\/www.frankmxparts.com.iclicksapp.nl\\\/wp-content\\\/uploads\\\/2024\\\/11\\\/HSR-TUV-Frank-MXParts-1.jpg\",\"datePublished\":\"2024-11-19T20:24:26+00:00\",\"dateModified\":\"2024-11-28T08:59:14+00:00\",\"breadcrumb\":{\"@id\":\"https:\\\/\\\/www.frankmxparts.com.iclicksapp.nl\\\/de\\\/mikuni-hsr-42-tuev-carburetor-kit-harley-davidson-1340-evo#breadcrumb\"},\"inLanguage\":\"de\",\"potentialAction\":[{\"@type\":\"ReadAction\",\"target\":[\"https:\\\/\\\/www.frankmxparts.com.iclicksapp.nl\\\/de\\\/mikuni-hsr-42-tuev-carburetor-kit-harley-davidson-1340-evo\"]}]},{\"@type\":\"ImageObject\",\"inLanguage\":\"de\",\"@id\":\"https:\\\/\\\/www.frankmxparts.com.iclicksapp.nl\\\/de\\\/mikuni-hsr-42-tuev-carburetor-kit-harley-davidson-1340-evo#primaryimage\",\"url\":\"https:\\\/\\\/www.frankmxparts.com.iclicksapp.nl\\\/wp-content\\\/uploads\\\/2024\\\/11\\\/HSR-TUV-Frank-MXParts-1.jpg\",\"contentUrl\":\"https:\\\/\\\/www.frankmxparts.com.iclicksapp.nl\\\/wp-content\\\/uploads\\\/2024\\\/11\\\/HSR-TUV-Frank-MXParts-1.jpg\",\"width\":750,\"height\":563},{\"@type\":\"BreadcrumbList\",\"@id\":\"https:\\\/\\\/www.frankmxparts.com.iclicksapp.nl\\\/de\\\/mikuni-hsr-42-tuev-carburetor-kit-harley-davidson-1340-evo#breadcrumb\",\"itemListElement\":[{\"@type\":\"ListItem\",\"position\":1,\"name\":\"Home\",\"item\":\"https:\\\/\\\/www.frankmxparts.com.iclicksapp.nl\\\/de\"},{\"@type\":\"ListItem\",\"position\":2,\"name\":\"Shop\",\"item\":\"https:\\\/\\\/www.frankmxparts.com.iclicksapp.nl\\\/winkel\"},{\"@type\":\"ListItem\",\"position\":3,\"name\":\"Mikuni HSR 42 T\u00dcV Vergaser Kit \\\/ Harley Davidson 1340 EVO\"}]},{\"@type\":\"WebSite\",\"@id\":\"https:\\\/\\\/www.frankmxparts.com.iclicksapp.nl\\\/de\\\/#website\",\"url\":\"https:\\\/\\\/www.frankmxparts.com.iclicksapp.nl\\\/de\\\/\",\"name\":\"Frank! MXParts\",\"description\":\"\",\"publisher\":{\"@id\":\"https:\\\/\\\/www.frankmxparts.com.iclicksapp.nl\\\/de\\\/#organization\"},\"potentialAction\":[{\"@type\":\"SearchAction\",\"target\":{\"@type\":\"EntryPoint\",\"urlTemplate\":\"https:\\\/\\\/www.frankmxparts.com.iclicksapp.nl\\\/de\\\/?s={search_term_string}\"},\"query-input\":{\"@type\":\"PropertyValueSpecification\",\"valueRequired\":true,\"valueName\":\"search_term_string\"}}],\"inLanguage\":\"de\"},{\"@type\":\"Organization\",\"@id\":\"https:\\\/\\\/www.frankmxparts.com.iclicksapp.nl\\\/de\\\/#organization\",\"name\":\"Frank! MXParts\",\"url\":\"https:\\\/\\\/www.frankmxparts.com.iclicksapp.nl\\\/de\\\/\",\"logo\":{\"@type\":\"ImageObject\",\"inLanguage\":\"de\",\"@id\":\"https:\\\/\\\/www.frankmxparts.com.iclicksapp.nl\\\/de\\\/#\\\/schema\\\/logo\\\/image\\\/\",\"url\":\"https:\\\/\\\/www.frankmxparts.com.iclicksapp.nl\\\/wp-content\\\/uploads\\\/2024\\\/01\\\/frank-mxparts-logo.svg\",\"contentUrl\":\"https:\\\/\\\/www.frankmxparts.com.iclicksapp.nl\\\/wp-content\\\/uploads\\\/2024\\\/01\\\/frank-mxparts-logo.svg\",\"width\":301,\"height\":88,\"caption\":\"Frank! MXParts\"},\"image\":{\"@id\":\"https:\\\/\\\/www.frankmxparts.com.iclicksapp.nl\\\/de\\\/#\\\/schema\\\/logo\\\/image\\\/\"}}]}<\/script>\n<!-- \/ Yoast SEO plugin. -->","yoast_head_json":{"title":"Mikuni HSR 42 T\u00dcV Vergaser Kit \/ Harley Davidson 1340 EVO - Frank! MXParts","robots":{"index":"noindex","follow":"follow","max-snippet":"max-snippet:-1","max-image-preview":"max-image-preview:large","max-video-preview":"max-video-preview:-1"},"og_locale":"de_DE","og_type":"article","og_title":"Mikuni HSR 42 T\u00dcV Vergaser Kit \/ Harley Davidson 1340 EVO - Frank! MXParts","og_description":"Mikuni HSR 42 T\u00dcV Vergaser Kit f\u00fcr den Harley Davidson 1340 EVO. Mikuni HSR Vergaser-Kits sind die ideale Erg\u00e4nzung f\u00fcr Ihre Harley-Davidson oder Ihre Buell. Der speziell f\u00fcr die Anforderungen, die diese Motorr\u00e4der an Vergaser stellen, entwickelte HSR Vergaser garantiert \u00fcber den gesamten Drehzahlbereich mehr Leistung und Drehmoment, ein\u00a0besseres Ansprechverhalten, gutes Startverhalten, stabilen Leerlauf und [&hellip;]","og_url":"https:\/\/www.frankmxparts.com.iclicksapp.nl\/de\/mikuni-hsr-42-tuev-carburetor-kit-harley-davidson-1340-evo","og_site_name":"Frank! MXParts","article_modified_time":"2024-11-28T08:59:14+00:00","og_image":[{"width":750,"height":563,"url":"https:\/\/www.frankmxparts.com.iclicksapp.nl\/wp-content\/uploads\/2024\/11\/HSR-TUV-Frank-MXParts-1.jpg","type":"image\/jpeg"}],"twitter_card":"summary_large_image","twitter_misc":{"Gesch\u00e4tzte Lesezeit":"1\u00a0Minute"},"schema":{"@context":"https:\/\/schema.org","@graph":[{"@type":"WebPage","@id":"https:\/\/www.frankmxparts.com.iclicksapp.nl\/de\/mikuni-hsr-42-tuev-carburetor-kit-harley-davidson-1340-evo","url":"https:\/\/www.frankmxparts.com.iclicksapp.nl\/de\/mikuni-hsr-42-tuev-carburetor-kit-harley-davidson-1340-evo","name":"Mikuni HSR 42 T\u00dcV Vergaser Kit \/ Harley Davidson 1340 EVO - Frank! MXParts","isPartOf":{"@id":"https:\/\/www.frankmxparts.com.iclicksapp.nl\/de\/#website"},"primaryImageOfPage":{"@id":"https:\/\/www.frankmxparts.com.iclicksapp.nl\/de\/mikuni-hsr-42-tuev-carburetor-kit-harley-davidson-1340-evo#primaryimage"},"image":{"@id":"https:\/\/www.frankmxparts.com.iclicksapp.nl\/de\/mikuni-hsr-42-tuev-carburetor-kit-harley-davidson-1340-evo#primaryimage"},"thumbnailUrl":"https:\/\/www.frankmxparts.com.iclicksapp.nl\/wp-content\/uploads\/2024\/11\/HSR-TUV-Frank-MXParts-1.jpg","datePublished":"2024-11-19T20:24:26+00:00","dateModified":"2024-11-28T08:59:14+00:00","breadcrumb":{"@id":"https:\/\/www.frankmxparts.com.iclicksapp.nl\/de\/mikuni-hsr-42-tuev-carburetor-kit-harley-davidson-1340-evo#breadcrumb"},"inLanguage":"de","potentialAction":[{"@type":"ReadAction","target":["https:\/\/www.frankmxparts.com.iclicksapp.nl\/de\/mikuni-hsr-42-tuev-carburetor-kit-harley-davidson-1340-evo"]}]},{"@type":"ImageObject","inLanguage":"de","@id":"https:\/\/www.frankmxparts.com.iclicksapp.nl\/de\/mikuni-hsr-42-tuev-carburetor-kit-harley-davidson-1340-evo#primaryimage","url":"https:\/\/www.frankmxparts.com.iclicksapp.nl\/wp-content\/uploads\/2024\/11\/HSR-TUV-Frank-MXParts-1.jpg","contentUrl":"https:\/\/www.frankmxparts.com.iclicksapp.nl\/wp-content\/uploads\/2024\/11\/HSR-TUV-Frank-MXParts-1.jpg","width":750,"height":563},{"@type":"BreadcrumbList","@id":"https:\/\/www.frankmxparts.com.iclicksapp.nl\/de\/mikuni-hsr-42-tuev-carburetor-kit-harley-davidson-1340-evo#breadcrumb","itemListElement":[{"@type":"ListItem","position":1,"name":"Home","item":"https:\/\/www.frankmxparts.com.iclicksapp.nl\/de"},{"@type":"ListItem","position":2,"name":"Shop","item":"https:\/\/www.frankmxparts.com.iclicksapp.nl\/winkel"},{"@type":"ListItem","position":3,"name":"Mikuni HSR 42 T\u00dcV Vergaser Kit \/ Harley Davidson 1340 EVO"}]},{"@type":"WebSite","@id":"https:\/\/www.frankmxparts.com.iclicksapp.nl\/de\/#website","url":"https:\/\/www.frankmxparts.com.iclicksapp.nl\/de\/","name":"Frank! MXParts","description":"","publisher":{"@id":"https:\/\/www.frankmxparts.com.iclicksapp.nl\/de\/#organization"},"potentialAction":[{"@type":"SearchAction","target":{"@type":"EntryPoint","urlTemplate":"https:\/\/www.frankmxparts.com.iclicksapp.nl\/de\/?s={search_term_string}"},"query-input":{"@type":"PropertyValueSpecification","valueRequired":true,"valueName":"search_term_string"}}],"inLanguage":"de"},{"@type":"Organization","@id":"https:\/\/www.frankmxparts.com.iclicksapp.nl\/de\/#organization","name":"Frank! MXParts","url":"https:\/\/www.frankmxparts.com.iclicksapp.nl\/de\/","logo":{"@type":"ImageObject","inLanguage":"de","@id":"https:\/\/www.frankmxparts.com.iclicksapp.nl\/de\/#\/schema\/logo\/image\/","url":"https:\/\/www.frankmxparts.com.iclicksapp.nl\/wp-content\/uploads\/2024\/01\/frank-mxparts-logo.svg","contentUrl":"https:\/\/www.frankmxparts.com.iclicksapp.nl\/wp-content\/uploads\/2024\/01\/frank-mxparts-logo.svg","width":301,"height":88,"caption":"Frank! MXParts"},"image":{"@id":"https:\/\/www.frankmxparts.com.iclicksapp.nl\/de\/#\/schema\/logo\/image\/"}}]}},"_links":{"self":[{"href":"https:\/\/www.frankmxparts.com.iclicksapp.nl\/de\/wp-json\/wp\/v2\/product\/213340","targetHints":{"allow":["GET"]}}],"collection":[{"href":"https:\/\/www.frankmxparts.com.iclicksapp.nl\/de\/wp-json\/wp\/v2\/product"}],"about":[{"href":"https:\/\/www.frankmxparts.com.iclicksapp.nl\/de\/wp-json\/wp\/v2\/types\/product"}],"replies":[{"embeddable":true,"href":"https:\/\/www.frankmxparts.com.iclicksapp.nl\/de\/wp-json\/wp\/v2\/comments?post=213340"}],"wp:featuredmedia":[{"embeddable":true,"href":"https:\/\/www.frankmxparts.com.iclicksapp.nl\/de\/wp-json\/wp\/v2\/media\/189804"}],"wp:attachment":[{"href":"https:\/\/www.frankmxparts.com.iclicksapp.nl\/de\/wp-json\/wp\/v2\/media?parent=213340"}],"wp:term":[{"taxonomy":"product_brand","embeddable":true,"href":"https:\/\/www.frankmxparts.com.iclicksapp.nl\/de\/wp-json\/wp\/v2\/product_brand?post=213340"},{"taxonomy":"product_cat","embeddable":true,"href":"https:\/\/www.frankmxparts.com.iclicksapp.nl\/de\/wp-json\/wp\/v2\/product_cat?post=213340"},{"taxonomy":"product_tag","embeddable":true,"href":"https:\/\/www.frankmxparts.com.iclicksapp.nl\/de\/wp-json\/wp\/v2\/product_tag?post=213340"}],"curies":[{"name":"wp","href":"https:\/\/api.w.org\/{rel}","templated":true}]}}