{"id":213341,"date":"2024-11-19T21:24:26","date_gmt":"2024-11-19T20:24:26","guid":{"rendered":"https:\/\/www.frankmxparts.com.iclicksapp.nl\/product\/mikuni-hsr-42-tuev-carburetor-kit-harley-davidson-sportster"},"modified":"2024-11-28T10:59:15","modified_gmt":"2024-11-28T08:59:15","slug":"mikuni-hsr-42-tuev-carburetor-kit-harley-davidson-sportster","status":"publish","type":"product","link":"https:\/\/www.frankmxparts.com.iclicksapp.nl\/de\/mikuni-hsr-42-tuev-carburetor-kit-harley-davidson-sportster","title":{"rendered":"Mikuni HSR 42 T\u00dcV Vergaser Kit \/ Harley Davidson Sportster"},"content":{"rendered":"<p>Mikuni HSR 42 T\u00dcV Vergaser Kit f\u00fcr den Harley Davidson Sportster.<\/p>\n<p>Mikuni HSR Vergaser-Kits sind die ideale Erg\u00e4nzung f\u00fcr Ihre Harley-Davidson oder Ihre Buell. Der speziell f\u00fcr die Anforderungen, die diese Motorr\u00e4der an Vergaser stellen, entwickelte HSR Vergaser garantiert \u00fcber den gesamten Drehzahlbereich mehr Leistung und Drehmoment, ein\u00a0besseres Ansprechverhalten, gutes Startverhalten, stabilen Leerlauf und einen g\u00fcnstigen\u00a0Kraftstoffverbrauch.<\/p>\n<p>Merkmale:<\/p>\n<ul>\n<li>Smoothbore Venturi<\/li>\n<li>Rollengelagerte Gasschieber<\/li>\n<li>Vergr\u00f6\u00dferte Schwimmerkammer und gr\u00f6\u00dferes Schwimmernadelventil<\/li>\n<li>Beschleunigerpumpe<\/li>\n<li>Einstellbare Luftschraube<\/li>\n<li>Kaltstarteinrichtung<\/li>\n<li>Kompaktes Design<\/li>\n<\/ul>\n<p>Das Kit enth\u00e4lt:<\/p>\n<ul>\n<li>Vergaser<\/li>\n<li>Adapter + O-Ring f\u00fcr orig. Luftfiltergrundplatte<\/li>\n<li>T\u00dcV Gutachten<\/li>\n<\/ul>\n<p>Anwendungen:<\/p>\n<ul>\n<li>Sportster (alle) (1992-2003)<\/li>\n<\/ul>\n<p>\u00a0Fragen? Bitte kontaktieren Sie uns.<\/p>\n<p>&nbsp;<\/p>\n<p>&nbsp;<\/p>\n<p>&nbsp;<\/p>\n","protected":false},"excerpt":{"rendered":"<p>Mikuni HSR 42 T\u00dcV Vergaser Kit f\u00fcr den Harley Davidson Sportster. Mikuni HSR Vergaser-Kits sind die ideale Erg\u00e4nzung f\u00fcr Ihre Harley-Davidson oder Ihre Buell. Der speziell f\u00fcr die Anforderungen, die diese Motorr\u00e4der an Vergaser stellen, entwickelte HSR Vergaser garantiert \u00fcber den gesamten Drehzahlbereich mehr Leistung und Drehmoment, ein\u00a0besseres Ansprechverhalten, gutes Startverhalten, stabilen Leerlauf und einen [&hellip;]<\/p>\n","protected":false},"featured_media":189808,"comment_status":"closed","ping_status":"closed","template":"","meta":{"_acf_changed":false},"product_brand":[],"product_cat":[9441],"product_tag":[],"class_list":{"0":"post-213341","1":"product","2":"type-product","3":"status-publish","4":"has-post-thumbnail","6":"product_cat-uncategorized","7":"pa_manufacturer-mikuni-de","9":"first","10":"outofstock","11":"taxable","12":"shipping-taxable","13":"purchasable","14":"product-type-simple"},"acf":[],"yoast_head":"<!-- This site is optimized with the Yoast SEO plugin v27.3 - https:\/\/yoast.com\/product\/yoast-seo-wordpress\/ -->\n<title>Mikuni HSR 42 T\u00dcV Vergaser Kit \/ Harley Davidson Sportster - Frank! MXParts<\/title>\n<meta name=\"robots\" content=\"noindex, follow, max-snippet:-1, max-image-preview:large, max-video-preview:-1\" \/>\n<meta property=\"og:locale\" content=\"de_DE\" \/>\n<meta property=\"og:type\" content=\"article\" \/>\n<meta property=\"og:title\" content=\"Mikuni HSR 42 T\u00dcV Vergaser Kit \/ Harley Davidson Sportster - Frank! MXParts\" \/>\n<meta property=\"og:description\" content=\"Mikuni HSR 42 T\u00dcV Vergaser Kit f\u00fcr den Harley Davidson Sportster. Mikuni HSR Vergaser-Kits sind die ideale Erg\u00e4nzung f\u00fcr Ihre Harley-Davidson oder Ihre Buell. Der speziell f\u00fcr die Anforderungen, die diese Motorr\u00e4der an Vergaser stellen, entwickelte HSR Vergaser garantiert \u00fcber den gesamten Drehzahlbereich mehr Leistung und Drehmoment, ein\u00a0besseres Ansprechverhalten, gutes Startverhalten, stabilen Leerlauf und einen [&hellip;]\" \/>\n<meta property=\"og:url\" content=\"https:\/\/www.frankmxparts.com.iclicksapp.nl\/de\/mikuni-hsr-42-tuev-carburetor-kit-harley-davidson-sportster\" \/>\n<meta property=\"og:site_name\" content=\"Frank! MXParts\" \/>\n<meta property=\"article:modified_time\" content=\"2024-11-28T08:59:15+00:00\" \/>\n<meta property=\"og:image\" content=\"https:\/\/www.frankmxparts.com.iclicksapp.nl\/wp-content\/uploads\/2024\/11\/HSR-TUV-Frank-MXParts-2.jpg\" \/>\n\t<meta property=\"og:image:width\" content=\"750\" \/>\n\t<meta property=\"og:image:height\" content=\"563\" \/>\n\t<meta property=\"og:image:type\" content=\"image\/jpeg\" \/>\n<meta name=\"twitter:card\" content=\"summary_large_image\" \/>\n<meta name=\"twitter:label1\" content=\"Gesch\u00e4tzte Lesezeit\" \/>\n\t<meta name=\"twitter:data1\" content=\"1\u00a0Minute\" \/>\n<script type=\"application\/ld+json\" class=\"yoast-schema-graph\">{\"@context\":\"https:\\\/\\\/schema.org\",\"@graph\":[{\"@type\":\"WebPage\",\"@id\":\"https:\\\/\\\/www.frankmxparts.com.iclicksapp.nl\\\/de\\\/mikuni-hsr-42-tuev-carburetor-kit-harley-davidson-sportster\",\"url\":\"https:\\\/\\\/www.frankmxparts.com.iclicksapp.nl\\\/de\\\/mikuni-hsr-42-tuev-carburetor-kit-harley-davidson-sportster\",\"name\":\"Mikuni HSR 42 T\u00dcV Vergaser Kit \\\/ Harley Davidson Sportster - Frank! MXParts\",\"isPartOf\":{\"@id\":\"https:\\\/\\\/www.frankmxparts.com.iclicksapp.nl\\\/de\\\/#website\"},\"primaryImageOfPage\":{\"@id\":\"https:\\\/\\\/www.frankmxparts.com.iclicksapp.nl\\\/de\\\/mikuni-hsr-42-tuev-carburetor-kit-harley-davidson-sportster#primaryimage\"},\"image\":{\"@id\":\"https:\\\/\\\/www.frankmxparts.com.iclicksapp.nl\\\/de\\\/mikuni-hsr-42-tuev-carburetor-kit-harley-davidson-sportster#primaryimage\"},\"thumbnailUrl\":\"https:\\\/\\\/www.frankmxparts.com.iclicksapp.nl\\\/wp-content\\\/uploads\\\/2024\\\/11\\\/HSR-TUV-Frank-MXParts-2.jpg\",\"datePublished\":\"2024-11-19T20:24:26+00:00\",\"dateModified\":\"2024-11-28T08:59:15+00:00\",\"breadcrumb\":{\"@id\":\"https:\\\/\\\/www.frankmxparts.com.iclicksapp.nl\\\/de\\\/mikuni-hsr-42-tuev-carburetor-kit-harley-davidson-sportster#breadcrumb\"},\"inLanguage\":\"de\",\"potentialAction\":[{\"@type\":\"ReadAction\",\"target\":[\"https:\\\/\\\/www.frankmxparts.com.iclicksapp.nl\\\/de\\\/mikuni-hsr-42-tuev-carburetor-kit-harley-davidson-sportster\"]}]},{\"@type\":\"ImageObject\",\"inLanguage\":\"de\",\"@id\":\"https:\\\/\\\/www.frankmxparts.com.iclicksapp.nl\\\/de\\\/mikuni-hsr-42-tuev-carburetor-kit-harley-davidson-sportster#primaryimage\",\"url\":\"https:\\\/\\\/www.frankmxparts.com.iclicksapp.nl\\\/wp-content\\\/uploads\\\/2024\\\/11\\\/HSR-TUV-Frank-MXParts-2.jpg\",\"contentUrl\":\"https:\\\/\\\/www.frankmxparts.com.iclicksapp.nl\\\/wp-content\\\/uploads\\\/2024\\\/11\\\/HSR-TUV-Frank-MXParts-2.jpg\",\"width\":750,\"height\":563},{\"@type\":\"BreadcrumbList\",\"@id\":\"https:\\\/\\\/www.frankmxparts.com.iclicksapp.nl\\\/de\\\/mikuni-hsr-42-tuev-carburetor-kit-harley-davidson-sportster#breadcrumb\",\"itemListElement\":[{\"@type\":\"ListItem\",\"position\":1,\"name\":\"Home\",\"item\":\"https:\\\/\\\/www.frankmxparts.com.iclicksapp.nl\\\/de\"},{\"@type\":\"ListItem\",\"position\":2,\"name\":\"Shop\",\"item\":\"https:\\\/\\\/www.frankmxparts.com.iclicksapp.nl\\\/winkel\"},{\"@type\":\"ListItem\",\"position\":3,\"name\":\"Mikuni HSR 42 T\u00dcV Vergaser Kit \\\/ Harley Davidson Sportster\"}]},{\"@type\":\"WebSite\",\"@id\":\"https:\\\/\\\/www.frankmxparts.com.iclicksapp.nl\\\/de\\\/#website\",\"url\":\"https:\\\/\\\/www.frankmxparts.com.iclicksapp.nl\\\/de\\\/\",\"name\":\"Frank! MXParts\",\"description\":\"\",\"publisher\":{\"@id\":\"https:\\\/\\\/www.frankmxparts.com.iclicksapp.nl\\\/de\\\/#organization\"},\"potentialAction\":[{\"@type\":\"SearchAction\",\"target\":{\"@type\":\"EntryPoint\",\"urlTemplate\":\"https:\\\/\\\/www.frankmxparts.com.iclicksapp.nl\\\/de\\\/?s={search_term_string}\"},\"query-input\":{\"@type\":\"PropertyValueSpecification\",\"valueRequired\":true,\"valueName\":\"search_term_string\"}}],\"inLanguage\":\"de\"},{\"@type\":\"Organization\",\"@id\":\"https:\\\/\\\/www.frankmxparts.com.iclicksapp.nl\\\/de\\\/#organization\",\"name\":\"Frank! MXParts\",\"url\":\"https:\\\/\\\/www.frankmxparts.com.iclicksapp.nl\\\/de\\\/\",\"logo\":{\"@type\":\"ImageObject\",\"inLanguage\":\"de\",\"@id\":\"https:\\\/\\\/www.frankmxparts.com.iclicksapp.nl\\\/de\\\/#\\\/schema\\\/logo\\\/image\\\/\",\"url\":\"https:\\\/\\\/www.frankmxparts.com.iclicksapp.nl\\\/wp-content\\\/uploads\\\/2024\\\/01\\\/frank-mxparts-logo.svg\",\"contentUrl\":\"https:\\\/\\\/www.frankmxparts.com.iclicksapp.nl\\\/wp-content\\\/uploads\\\/2024\\\/01\\\/frank-mxparts-logo.svg\",\"width\":301,\"height\":88,\"caption\":\"Frank! MXParts\"},\"image\":{\"@id\":\"https:\\\/\\\/www.frankmxparts.com.iclicksapp.nl\\\/de\\\/#\\\/schema\\\/logo\\\/image\\\/\"}}]}<\/script>\n<!-- \/ Yoast SEO plugin. -->","yoast_head_json":{"title":"Mikuni HSR 42 T\u00dcV Vergaser Kit \/ Harley Davidson Sportster - Frank! MXParts","robots":{"index":"noindex","follow":"follow","max-snippet":"max-snippet:-1","max-image-preview":"max-image-preview:large","max-video-preview":"max-video-preview:-1"},"og_locale":"de_DE","og_type":"article","og_title":"Mikuni HSR 42 T\u00dcV Vergaser Kit \/ Harley Davidson Sportster - Frank! MXParts","og_description":"Mikuni HSR 42 T\u00dcV Vergaser Kit f\u00fcr den Harley Davidson Sportster. Mikuni HSR Vergaser-Kits sind die ideale Erg\u00e4nzung f\u00fcr Ihre Harley-Davidson oder Ihre Buell. Der speziell f\u00fcr die Anforderungen, die diese Motorr\u00e4der an Vergaser stellen, entwickelte HSR Vergaser garantiert \u00fcber den gesamten Drehzahlbereich mehr Leistung und Drehmoment, ein\u00a0besseres Ansprechverhalten, gutes Startverhalten, stabilen Leerlauf und einen [&hellip;]","og_url":"https:\/\/www.frankmxparts.com.iclicksapp.nl\/de\/mikuni-hsr-42-tuev-carburetor-kit-harley-davidson-sportster","og_site_name":"Frank! MXParts","article_modified_time":"2024-11-28T08:59:15+00:00","og_image":[{"width":750,"height":563,"url":"https:\/\/www.frankmxparts.com.iclicksapp.nl\/wp-content\/uploads\/2024\/11\/HSR-TUV-Frank-MXParts-2.jpg","type":"image\/jpeg"}],"twitter_card":"summary_large_image","twitter_misc":{"Gesch\u00e4tzte Lesezeit":"1\u00a0Minute"},"schema":{"@context":"https:\/\/schema.org","@graph":[{"@type":"WebPage","@id":"https:\/\/www.frankmxparts.com.iclicksapp.nl\/de\/mikuni-hsr-42-tuev-carburetor-kit-harley-davidson-sportster","url":"https:\/\/www.frankmxparts.com.iclicksapp.nl\/de\/mikuni-hsr-42-tuev-carburetor-kit-harley-davidson-sportster","name":"Mikuni HSR 42 T\u00dcV Vergaser Kit \/ Harley Davidson Sportster - Frank! MXParts","isPartOf":{"@id":"https:\/\/www.frankmxparts.com.iclicksapp.nl\/de\/#website"},"primaryImageOfPage":{"@id":"https:\/\/www.frankmxparts.com.iclicksapp.nl\/de\/mikuni-hsr-42-tuev-carburetor-kit-harley-davidson-sportster#primaryimage"},"image":{"@id":"https:\/\/www.frankmxparts.com.iclicksapp.nl\/de\/mikuni-hsr-42-tuev-carburetor-kit-harley-davidson-sportster#primaryimage"},"thumbnailUrl":"https:\/\/www.frankmxparts.com.iclicksapp.nl\/wp-content\/uploads\/2024\/11\/HSR-TUV-Frank-MXParts-2.jpg","datePublished":"2024-11-19T20:24:26+00:00","dateModified":"2024-11-28T08:59:15+00:00","breadcrumb":{"@id":"https:\/\/www.frankmxparts.com.iclicksapp.nl\/de\/mikuni-hsr-42-tuev-carburetor-kit-harley-davidson-sportster#breadcrumb"},"inLanguage":"de","potentialAction":[{"@type":"ReadAction","target":["https:\/\/www.frankmxparts.com.iclicksapp.nl\/de\/mikuni-hsr-42-tuev-carburetor-kit-harley-davidson-sportster"]}]},{"@type":"ImageObject","inLanguage":"de","@id":"https:\/\/www.frankmxparts.com.iclicksapp.nl\/de\/mikuni-hsr-42-tuev-carburetor-kit-harley-davidson-sportster#primaryimage","url":"https:\/\/www.frankmxparts.com.iclicksapp.nl\/wp-content\/uploads\/2024\/11\/HSR-TUV-Frank-MXParts-2.jpg","contentUrl":"https:\/\/www.frankmxparts.com.iclicksapp.nl\/wp-content\/uploads\/2024\/11\/HSR-TUV-Frank-MXParts-2.jpg","width":750,"height":563},{"@type":"BreadcrumbList","@id":"https:\/\/www.frankmxparts.com.iclicksapp.nl\/de\/mikuni-hsr-42-tuev-carburetor-kit-harley-davidson-sportster#breadcrumb","itemListElement":[{"@type":"ListItem","position":1,"name":"Home","item":"https:\/\/www.frankmxparts.com.iclicksapp.nl\/de"},{"@type":"ListItem","position":2,"name":"Shop","item":"https:\/\/www.frankmxparts.com.iclicksapp.nl\/winkel"},{"@type":"ListItem","position":3,"name":"Mikuni HSR 42 T\u00dcV Vergaser Kit \/ Harley Davidson Sportster"}]},{"@type":"WebSite","@id":"https:\/\/www.frankmxparts.com.iclicksapp.nl\/de\/#website","url":"https:\/\/www.frankmxparts.com.iclicksapp.nl\/de\/","name":"Frank! MXParts","description":"","publisher":{"@id":"https:\/\/www.frankmxparts.com.iclicksapp.nl\/de\/#organization"},"potentialAction":[{"@type":"SearchAction","target":{"@type":"EntryPoint","urlTemplate":"https:\/\/www.frankmxparts.com.iclicksapp.nl\/de\/?s={search_term_string}"},"query-input":{"@type":"PropertyValueSpecification","valueRequired":true,"valueName":"search_term_string"}}],"inLanguage":"de"},{"@type":"Organization","@id":"https:\/\/www.frankmxparts.com.iclicksapp.nl\/de\/#organization","name":"Frank! MXParts","url":"https:\/\/www.frankmxparts.com.iclicksapp.nl\/de\/","logo":{"@type":"ImageObject","inLanguage":"de","@id":"https:\/\/www.frankmxparts.com.iclicksapp.nl\/de\/#\/schema\/logo\/image\/","url":"https:\/\/www.frankmxparts.com.iclicksapp.nl\/wp-content\/uploads\/2024\/01\/frank-mxparts-logo.svg","contentUrl":"https:\/\/www.frankmxparts.com.iclicksapp.nl\/wp-content\/uploads\/2024\/01\/frank-mxparts-logo.svg","width":301,"height":88,"caption":"Frank! MXParts"},"image":{"@id":"https:\/\/www.frankmxparts.com.iclicksapp.nl\/de\/#\/schema\/logo\/image\/"}}]}},"_links":{"self":[{"href":"https:\/\/www.frankmxparts.com.iclicksapp.nl\/de\/wp-json\/wp\/v2\/product\/213341","targetHints":{"allow":["GET"]}}],"collection":[{"href":"https:\/\/www.frankmxparts.com.iclicksapp.nl\/de\/wp-json\/wp\/v2\/product"}],"about":[{"href":"https:\/\/www.frankmxparts.com.iclicksapp.nl\/de\/wp-json\/wp\/v2\/types\/product"}],"replies":[{"embeddable":true,"href":"https:\/\/www.frankmxparts.com.iclicksapp.nl\/de\/wp-json\/wp\/v2\/comments?post=213341"}],"wp:featuredmedia":[{"embeddable":true,"href":"https:\/\/www.frankmxparts.com.iclicksapp.nl\/de\/wp-json\/wp\/v2\/media\/189808"}],"wp:attachment":[{"href":"https:\/\/www.frankmxparts.com.iclicksapp.nl\/de\/wp-json\/wp\/v2\/media?parent=213341"}],"wp:term":[{"taxonomy":"product_brand","embeddable":true,"href":"https:\/\/www.frankmxparts.com.iclicksapp.nl\/de\/wp-json\/wp\/v2\/product_brand?post=213341"},{"taxonomy":"product_cat","embeddable":true,"href":"https:\/\/www.frankmxparts.com.iclicksapp.nl\/de\/wp-json\/wp\/v2\/product_cat?post=213341"},{"taxonomy":"product_tag","embeddable":true,"href":"https:\/\/www.frankmxparts.com.iclicksapp.nl\/de\/wp-json\/wp\/v2\/product_tag?post=213341"}],"curies":[{"name":"wp","href":"https:\/\/api.w.org\/{rel}","templated":true}]}}