{"id":213403,"date":"2024-11-19T21:28:27","date_gmt":"2024-11-19T20:28:27","guid":{"rendered":"https:\/\/www.frankmxparts.com.iclicksapp.nl\/product\/splitstream-engine-breather-kit-honda-crf-150-250-450"},"modified":"2024-11-27T12:53:05","modified_gmt":"2024-11-27T10:53:05","slug":"splitstream-engine-breather-kit-honda-crf-150-250-450","status":"publish","type":"product","link":"https:\/\/www.frankmxparts.com.iclicksapp.nl\/de\/splitstream-engine-breather-kit-honda-crf-150-250-450","title":{"rendered":"Splitstream Motor Entl\u00fcftungs Kit \/ Honda CRF 150 250 450"},"content":{"rendered":"<p><font color=\"#000cff\">NEU<\/font>: Splitstream Motor Entl\u00fcftungs Kit.<\/p>\n<p>Splitstream Racing Products hat eine Motorentl\u00fcftungs Kit f\u00fcr den Honda CRF150R &amp; CRF250R &amp; CRF450R entwickelt. Das Kit <font color=\"#000cff\">eliminiert die \u00f6lige Luft in Ihrem Airbox<\/font> und lasst Ihrem Motor <font color=\"#000cff\">nur frische und saubere Luft atmen<\/font>! Das Kit kommt mit einem roten eloxierten Airbox Stecker und Silber billet Filterhalter mit Filter, damit <font color=\"#000cff\">kein Schmutz in den Motor angesaugt werden kan<\/font>n.<\/p>\n<p>Passend f\u00fcr:<\/p>\n<ul>\n<li>2007-2013 CRF150R<\/li>\n<li>2004-2013 CRF250R<\/li>\n<li>2002-2013 CRF450R<\/li>\n<\/ul>\n<p>&nbsp;<\/p>\n<p>\u00a0Bitte schauen Sie die detaillierten Bilder an.<\/p>\n","protected":false},"excerpt":{"rendered":"<p>NEU: Splitstream Motor Entl\u00fcftungs Kit. Splitstream Racing Products hat eine Motorentl\u00fcftungs Kit f\u00fcr den Honda CRF150R &amp; CRF250R &amp; CRF450R entwickelt. Das Kit eliminiert die \u00f6lige Luft in Ihrem Airbox und lasst Ihrem Motor nur frische und saubere Luft atmen! Das Kit kommt mit einem roten eloxierten Airbox Stecker und Silber billet Filterhalter mit Filter, [&hellip;]<\/p>\n","protected":false},"featured_media":190848,"comment_status":"closed","ping_status":"closed","template":"","meta":{"_acf_changed":false},"product_brand":[],"product_cat":[9441],"product_tag":[],"class_list":{"0":"post-213403","1":"product","2":"type-product","3":"status-publish","4":"has-post-thumbnail","6":"product_cat-uncategorized","7":"pa_color-blue-de","8":"pa_color-red-de","9":"pa_color-yellow-de","10":"pa_manufacturer-splitstream-de","12":"first","13":"outofstock","14":"taxable","15":"shipping-taxable","16":"purchasable","17":"product-type-variable"},"acf":[],"yoast_head":"<!-- This site is optimized with the Yoast SEO plugin v27.3 - https:\/\/yoast.com\/product\/yoast-seo-wordpress\/ -->\n<title>Splitstream Motor Entl\u00fcftungs Kit \/ Honda CRF 150 250 450 - Frank! MXParts<\/title>\n<meta name=\"robots\" content=\"noindex, follow, max-snippet:-1, max-image-preview:large, max-video-preview:-1\" \/>\n<meta property=\"og:locale\" content=\"de_DE\" \/>\n<meta property=\"og:type\" content=\"article\" \/>\n<meta property=\"og:title\" content=\"Splitstream Motor Entl\u00fcftungs Kit \/ Honda CRF 150 250 450 - Frank! MXParts\" \/>\n<meta property=\"og:description\" content=\"NEU: Splitstream Motor Entl\u00fcftungs Kit. Splitstream Racing Products hat eine Motorentl\u00fcftungs Kit f\u00fcr den Honda CRF150R &amp; CRF250R &amp; CRF450R entwickelt. Das Kit eliminiert die \u00f6lige Luft in Ihrem Airbox und lasst Ihrem Motor nur frische und saubere Luft atmen! Das Kit kommt mit einem roten eloxierten Airbox Stecker und Silber billet Filterhalter mit Filter, [&hellip;]\" \/>\n<meta property=\"og:url\" content=\"https:\/\/www.frankmxparts.com.iclicksapp.nl\/de\/splitstream-engine-breather-kit-honda-crf-150-250-450\" \/>\n<meta property=\"og:site_name\" content=\"Frank! MXParts\" \/>\n<meta property=\"article:modified_time\" content=\"2024-11-27T10:53:05+00:00\" \/>\n<meta property=\"og:image\" content=\"https:\/\/www.frankmxparts.com.iclicksapp.nl\/wp-content\/uploads\/2024\/11\/Splitstream-engine-breather-kit-Frank-MXParts-01.jpg\" \/>\n\t<meta property=\"og:image:width\" content=\"750\" \/>\n\t<meta property=\"og:image:height\" content=\"563\" \/>\n\t<meta property=\"og:image:type\" content=\"image\/jpeg\" \/>\n<meta name=\"twitter:card\" content=\"summary_large_image\" \/>\n<script type=\"application\/ld+json\" class=\"yoast-schema-graph\">{\"@context\":\"https:\\\/\\\/schema.org\",\"@graph\":[{\"@type\":\"WebPage\",\"@id\":\"https:\\\/\\\/www.frankmxparts.com.iclicksapp.nl\\\/de\\\/splitstream-engine-breather-kit-honda-crf-150-250-450\",\"url\":\"https:\\\/\\\/www.frankmxparts.com.iclicksapp.nl\\\/de\\\/splitstream-engine-breather-kit-honda-crf-150-250-450\",\"name\":\"Splitstream Motor Entl\u00fcftungs Kit \\\/ Honda CRF 150 250 450 - Frank! MXParts\",\"isPartOf\":{\"@id\":\"https:\\\/\\\/www.frankmxparts.com.iclicksapp.nl\\\/de\\\/#website\"},\"primaryImageOfPage\":{\"@id\":\"https:\\\/\\\/www.frankmxparts.com.iclicksapp.nl\\\/de\\\/splitstream-engine-breather-kit-honda-crf-150-250-450#primaryimage\"},\"image\":{\"@id\":\"https:\\\/\\\/www.frankmxparts.com.iclicksapp.nl\\\/de\\\/splitstream-engine-breather-kit-honda-crf-150-250-450#primaryimage\"},\"thumbnailUrl\":\"https:\\\/\\\/www.frankmxparts.com.iclicksapp.nl\\\/wp-content\\\/uploads\\\/2024\\\/11\\\/Splitstream-engine-breather-kit-Frank-MXParts-01.jpg\",\"datePublished\":\"2024-11-19T20:28:27+00:00\",\"dateModified\":\"2024-11-27T10:53:05+00:00\",\"breadcrumb\":{\"@id\":\"https:\\\/\\\/www.frankmxparts.com.iclicksapp.nl\\\/de\\\/splitstream-engine-breather-kit-honda-crf-150-250-450#breadcrumb\"},\"inLanguage\":\"de\",\"potentialAction\":[{\"@type\":\"ReadAction\",\"target\":[\"https:\\\/\\\/www.frankmxparts.com.iclicksapp.nl\\\/de\\\/splitstream-engine-breather-kit-honda-crf-150-250-450\"]}]},{\"@type\":\"ImageObject\",\"inLanguage\":\"de\",\"@id\":\"https:\\\/\\\/www.frankmxparts.com.iclicksapp.nl\\\/de\\\/splitstream-engine-breather-kit-honda-crf-150-250-450#primaryimage\",\"url\":\"https:\\\/\\\/www.frankmxparts.com.iclicksapp.nl\\\/wp-content\\\/uploads\\\/2024\\\/11\\\/Splitstream-engine-breather-kit-Frank-MXParts-01.jpg\",\"contentUrl\":\"https:\\\/\\\/www.frankmxparts.com.iclicksapp.nl\\\/wp-content\\\/uploads\\\/2024\\\/11\\\/Splitstream-engine-breather-kit-Frank-MXParts-01.jpg\",\"width\":750,\"height\":563},{\"@type\":\"BreadcrumbList\",\"@id\":\"https:\\\/\\\/www.frankmxparts.com.iclicksapp.nl\\\/de\\\/splitstream-engine-breather-kit-honda-crf-150-250-450#breadcrumb\",\"itemListElement\":[{\"@type\":\"ListItem\",\"position\":1,\"name\":\"Home\",\"item\":\"https:\\\/\\\/www.frankmxparts.com.iclicksapp.nl\\\/de\"},{\"@type\":\"ListItem\",\"position\":2,\"name\":\"Shop\",\"item\":\"https:\\\/\\\/www.frankmxparts.com.iclicksapp.nl\\\/winkel\"},{\"@type\":\"ListItem\",\"position\":3,\"name\":\"Splitstream Motor Entl\u00fcftungs Kit \\\/ Honda CRF 150 250 450\"}]},{\"@type\":\"WebSite\",\"@id\":\"https:\\\/\\\/www.frankmxparts.com.iclicksapp.nl\\\/de\\\/#website\",\"url\":\"https:\\\/\\\/www.frankmxparts.com.iclicksapp.nl\\\/de\\\/\",\"name\":\"Frank! MXParts\",\"description\":\"\",\"publisher\":{\"@id\":\"https:\\\/\\\/www.frankmxparts.com.iclicksapp.nl\\\/de\\\/#organization\"},\"potentialAction\":[{\"@type\":\"SearchAction\",\"target\":{\"@type\":\"EntryPoint\",\"urlTemplate\":\"https:\\\/\\\/www.frankmxparts.com.iclicksapp.nl\\\/de\\\/?s={search_term_string}\"},\"query-input\":{\"@type\":\"PropertyValueSpecification\",\"valueRequired\":true,\"valueName\":\"search_term_string\"}}],\"inLanguage\":\"de\"},{\"@type\":\"Organization\",\"@id\":\"https:\\\/\\\/www.frankmxparts.com.iclicksapp.nl\\\/de\\\/#organization\",\"name\":\"Frank! MXParts\",\"url\":\"https:\\\/\\\/www.frankmxparts.com.iclicksapp.nl\\\/de\\\/\",\"logo\":{\"@type\":\"ImageObject\",\"inLanguage\":\"de\",\"@id\":\"https:\\\/\\\/www.frankmxparts.com.iclicksapp.nl\\\/de\\\/#\\\/schema\\\/logo\\\/image\\\/\",\"url\":\"https:\\\/\\\/www.frankmxparts.com.iclicksapp.nl\\\/wp-content\\\/uploads\\\/2024\\\/01\\\/frank-mxparts-logo.svg\",\"contentUrl\":\"https:\\\/\\\/www.frankmxparts.com.iclicksapp.nl\\\/wp-content\\\/uploads\\\/2024\\\/01\\\/frank-mxparts-logo.svg\",\"width\":301,\"height\":88,\"caption\":\"Frank! MXParts\"},\"image\":{\"@id\":\"https:\\\/\\\/www.frankmxparts.com.iclicksapp.nl\\\/de\\\/#\\\/schema\\\/logo\\\/image\\\/\"}}]}<\/script>\n<!-- \/ Yoast SEO plugin. -->","yoast_head_json":{"title":"Splitstream Motor Entl\u00fcftungs Kit \/ Honda CRF 150 250 450 - Frank! MXParts","robots":{"index":"noindex","follow":"follow","max-snippet":"max-snippet:-1","max-image-preview":"max-image-preview:large","max-video-preview":"max-video-preview:-1"},"og_locale":"de_DE","og_type":"article","og_title":"Splitstream Motor Entl\u00fcftungs Kit \/ Honda CRF 150 250 450 - Frank! MXParts","og_description":"NEU: Splitstream Motor Entl\u00fcftungs Kit. Splitstream Racing Products hat eine Motorentl\u00fcftungs Kit f\u00fcr den Honda CRF150R &amp; CRF250R &amp; CRF450R entwickelt. Das Kit eliminiert die \u00f6lige Luft in Ihrem Airbox und lasst Ihrem Motor nur frische und saubere Luft atmen! Das Kit kommt mit einem roten eloxierten Airbox Stecker und Silber billet Filterhalter mit Filter, [&hellip;]","og_url":"https:\/\/www.frankmxparts.com.iclicksapp.nl\/de\/splitstream-engine-breather-kit-honda-crf-150-250-450","og_site_name":"Frank! MXParts","article_modified_time":"2024-11-27T10:53:05+00:00","og_image":[{"width":750,"height":563,"url":"https:\/\/www.frankmxparts.com.iclicksapp.nl\/wp-content\/uploads\/2024\/11\/Splitstream-engine-breather-kit-Frank-MXParts-01.jpg","type":"image\/jpeg"}],"twitter_card":"summary_large_image","schema":{"@context":"https:\/\/schema.org","@graph":[{"@type":"WebPage","@id":"https:\/\/www.frankmxparts.com.iclicksapp.nl\/de\/splitstream-engine-breather-kit-honda-crf-150-250-450","url":"https:\/\/www.frankmxparts.com.iclicksapp.nl\/de\/splitstream-engine-breather-kit-honda-crf-150-250-450","name":"Splitstream Motor Entl\u00fcftungs Kit \/ Honda CRF 150 250 450 - Frank! MXParts","isPartOf":{"@id":"https:\/\/www.frankmxparts.com.iclicksapp.nl\/de\/#website"},"primaryImageOfPage":{"@id":"https:\/\/www.frankmxparts.com.iclicksapp.nl\/de\/splitstream-engine-breather-kit-honda-crf-150-250-450#primaryimage"},"image":{"@id":"https:\/\/www.frankmxparts.com.iclicksapp.nl\/de\/splitstream-engine-breather-kit-honda-crf-150-250-450#primaryimage"},"thumbnailUrl":"https:\/\/www.frankmxparts.com.iclicksapp.nl\/wp-content\/uploads\/2024\/11\/Splitstream-engine-breather-kit-Frank-MXParts-01.jpg","datePublished":"2024-11-19T20:28:27+00:00","dateModified":"2024-11-27T10:53:05+00:00","breadcrumb":{"@id":"https:\/\/www.frankmxparts.com.iclicksapp.nl\/de\/splitstream-engine-breather-kit-honda-crf-150-250-450#breadcrumb"},"inLanguage":"de","potentialAction":[{"@type":"ReadAction","target":["https:\/\/www.frankmxparts.com.iclicksapp.nl\/de\/splitstream-engine-breather-kit-honda-crf-150-250-450"]}]},{"@type":"ImageObject","inLanguage":"de","@id":"https:\/\/www.frankmxparts.com.iclicksapp.nl\/de\/splitstream-engine-breather-kit-honda-crf-150-250-450#primaryimage","url":"https:\/\/www.frankmxparts.com.iclicksapp.nl\/wp-content\/uploads\/2024\/11\/Splitstream-engine-breather-kit-Frank-MXParts-01.jpg","contentUrl":"https:\/\/www.frankmxparts.com.iclicksapp.nl\/wp-content\/uploads\/2024\/11\/Splitstream-engine-breather-kit-Frank-MXParts-01.jpg","width":750,"height":563},{"@type":"BreadcrumbList","@id":"https:\/\/www.frankmxparts.com.iclicksapp.nl\/de\/splitstream-engine-breather-kit-honda-crf-150-250-450#breadcrumb","itemListElement":[{"@type":"ListItem","position":1,"name":"Home","item":"https:\/\/www.frankmxparts.com.iclicksapp.nl\/de"},{"@type":"ListItem","position":2,"name":"Shop","item":"https:\/\/www.frankmxparts.com.iclicksapp.nl\/winkel"},{"@type":"ListItem","position":3,"name":"Splitstream Motor Entl\u00fcftungs Kit \/ Honda CRF 150 250 450"}]},{"@type":"WebSite","@id":"https:\/\/www.frankmxparts.com.iclicksapp.nl\/de\/#website","url":"https:\/\/www.frankmxparts.com.iclicksapp.nl\/de\/","name":"Frank! MXParts","description":"","publisher":{"@id":"https:\/\/www.frankmxparts.com.iclicksapp.nl\/de\/#organization"},"potentialAction":[{"@type":"SearchAction","target":{"@type":"EntryPoint","urlTemplate":"https:\/\/www.frankmxparts.com.iclicksapp.nl\/de\/?s={search_term_string}"},"query-input":{"@type":"PropertyValueSpecification","valueRequired":true,"valueName":"search_term_string"}}],"inLanguage":"de"},{"@type":"Organization","@id":"https:\/\/www.frankmxparts.com.iclicksapp.nl\/de\/#organization","name":"Frank! MXParts","url":"https:\/\/www.frankmxparts.com.iclicksapp.nl\/de\/","logo":{"@type":"ImageObject","inLanguage":"de","@id":"https:\/\/www.frankmxparts.com.iclicksapp.nl\/de\/#\/schema\/logo\/image\/","url":"https:\/\/www.frankmxparts.com.iclicksapp.nl\/wp-content\/uploads\/2024\/01\/frank-mxparts-logo.svg","contentUrl":"https:\/\/www.frankmxparts.com.iclicksapp.nl\/wp-content\/uploads\/2024\/01\/frank-mxparts-logo.svg","width":301,"height":88,"caption":"Frank! MXParts"},"image":{"@id":"https:\/\/www.frankmxparts.com.iclicksapp.nl\/de\/#\/schema\/logo\/image\/"}}]}},"_links":{"self":[{"href":"https:\/\/www.frankmxparts.com.iclicksapp.nl\/de\/wp-json\/wp\/v2\/product\/213403","targetHints":{"allow":["GET"]}}],"collection":[{"href":"https:\/\/www.frankmxparts.com.iclicksapp.nl\/de\/wp-json\/wp\/v2\/product"}],"about":[{"href":"https:\/\/www.frankmxparts.com.iclicksapp.nl\/de\/wp-json\/wp\/v2\/types\/product"}],"replies":[{"embeddable":true,"href":"https:\/\/www.frankmxparts.com.iclicksapp.nl\/de\/wp-json\/wp\/v2\/comments?post=213403"}],"wp:featuredmedia":[{"embeddable":true,"href":"https:\/\/www.frankmxparts.com.iclicksapp.nl\/de\/wp-json\/wp\/v2\/media\/190848"}],"wp:attachment":[{"href":"https:\/\/www.frankmxparts.com.iclicksapp.nl\/de\/wp-json\/wp\/v2\/media?parent=213403"}],"wp:term":[{"taxonomy":"product_brand","embeddable":true,"href":"https:\/\/www.frankmxparts.com.iclicksapp.nl\/de\/wp-json\/wp\/v2\/product_brand?post=213403"},{"taxonomy":"product_cat","embeddable":true,"href":"https:\/\/www.frankmxparts.com.iclicksapp.nl\/de\/wp-json\/wp\/v2\/product_cat?post=213403"},{"taxonomy":"product_tag","embeddable":true,"href":"https:\/\/www.frankmxparts.com.iclicksapp.nl\/de\/wp-json\/wp\/v2\/product_tag?post=213403"}],"curies":[{"name":"wp","href":"https:\/\/api.w.org\/{rel}","templated":true}]}}