{"id":213457,"date":"2024-11-19T21:31:27","date_gmt":"2024-11-19T20:31:27","guid":{"rendered":"https:\/\/www.frankmxparts.com.iclicksapp.nl\/product\/main-jet-99101-357-keihin-pwk-pwm-pe-pj-28-32-33-35-37-39-40-41-flatslide-roundslide-racing-carburetor"},"modified":"2024-12-16T12:42:52","modified_gmt":"2024-12-16T11:42:52","slug":"main-jet-99101-357-keihin-pwk-pwm-pe-pj-28-32-33-35-37-39-40-41-flatslide-roundslide-racing-carburetor","status":"publish","type":"product","link":"https:\/\/www.frankmxparts.com.iclicksapp.nl\/de\/main-jet-99101-357-keihin-pwk-pwm-pe-pj-28-32-33-35-37-39-40-41-flatslide-roundslide-racing-carburetor","title":{"rendered":"Hauptd\u00fcse \/ Keihin PWK PWM PE PJ Vergaser"},"content":{"rendered":"<p>\n<strong>Hauptd\u00fcse f\u00fcr Keihin 2-Takt&nbsp;Vergaser<\/strong>.<\/p>\n<p>Original Keihin, hochwertiges Teil. Keihin Teilenummer # 99101-357.<br \/>\nPassend&nbsp;f\u00fcr:<\/p>\n<ul>\n<li>Keihin FCR racing Vergaser<\/li>\n<li>Keihin FCR Einzelvergaser<\/li>\n<li>Keihin FCR MX&nbsp;Vergaser<\/li>\n<li>Keihin CR special&nbsp;Vergaser<\/li>\n<li>Keihin PE \/ PJ \/ PWK \/ PWM&nbsp;Vergaser<\/li>\n<li>etc.<\/li>\n<\/ul>\n<p>\nKomplett wie abgebildet.<\/p>\n<p>&nbsp;<\/p>\n<p>&nbsp;<\/p>\n","protected":false},"excerpt":{"rendered":"<p>Hauptd\u00fcse f\u00fcr Keihin 2-Takt&nbsp;Vergaser. Original Keihin, hochwertiges Teil. Keihin Teilenummer # 99101-357. Passend&nbsp;f\u00fcr: Keihin FCR racing Vergaser Keihin FCR Einzelvergaser Keihin FCR MX&nbsp;Vergaser Keihin CR special&nbsp;Vergaser Keihin PE \/ PJ \/ PWK \/ PWM&nbsp;Vergaser etc. Komplett wie abgebildet. &nbsp; &nbsp;<\/p>\n","protected":false},"featured_media":191340,"comment_status":"closed","ping_status":"closed","template":"","meta":{"_acf_changed":false},"product_brand":[],"product_cat":[9441],"product_tag":[],"class_list":{"0":"post-213457","1":"product","2":"type-product","3":"status-publish","4":"has-post-thumbnail","6":"product_cat-uncategorized","7":"pa_manufacturer-keihin-de","8":"pa_size-main-jet-100-de","9":"pa_size-main-jet-102-de","10":"pa_size-main-jet-105-de","11":"pa_size-main-jet-108-de","12":"pa_size-main-jet-110-de","13":"pa_size-main-jet-112-de","14":"pa_size-main-jet-115-de","15":"pa_size-main-jet-118-de","16":"pa_size-main-jet-120-de","17":"pa_size-main-jet-122-de","18":"pa_size-main-jet-125-de","19":"pa_size-main-jet-128-de","20":"pa_size-main-jet-130-de","21":"pa_size-main-jet-132-de","22":"pa_size-main-jet-135-de","23":"pa_size-main-jet-138-de","24":"pa_size-main-jet-140-de","25":"pa_size-main-jet-142-de","26":"pa_size-main-jet-145-de","27":"pa_size-main-jet-148-de","28":"pa_size-main-jet-150-de","29":"pa_size-main-jet-152-de","30":"pa_size-main-jet-155-de","31":"pa_size-main-jet-158-de","32":"pa_size-main-jet-160-de","33":"pa_size-main-jet-162-de","34":"pa_size-main-jet-165-de","35":"pa_size-main-jet-168-de","36":"pa_size-main-jet-170-de","37":"pa_size-main-jet-172-de","38":"pa_size-main-jet-175-de","39":"pa_size-main-jet-178-de","40":"pa_size-main-jet-180-de","41":"pa_size-main-jet-182-de","42":"pa_size-main-jet-185-de","43":"pa_size-main-jet-188-de","44":"pa_size-main-jet-190-de","45":"pa_size-main-jet-195-de","46":"pa_size-main-jet-200-de","47":"pa_size-main-jet-205-de","48":"pa_size-main-jet-210-de","49":"pa_size-main-jet-215-de","50":"pa_size-main-jet-220-de","51":"pa_size-main-jet-230-de","52":"pa_size-main-jet-80-de","53":"pa_size-main-jet-82-de","54":"pa_size-main-jet-85-de","55":"pa_size-main-jet-88-de","56":"pa_size-main-jet-90-de","57":"pa_size-main-jet-92-de","58":"pa_size-main-jet-95-de","59":"pa_size-main-jet-98-de","61":"first","62":"instock","63":"taxable","64":"shipping-taxable","65":"purchasable","66":"product-type-variable"},"acf":[],"yoast_head":"<!-- This site is optimized with the Yoast SEO plugin v27.3 - https:\/\/yoast.com\/product\/yoast-seo-wordpress\/ -->\n<title>Hauptd\u00fcse \/ Keihin PWK PWM PE PJ Vergaser - Frank! MXParts<\/title>\n<meta name=\"robots\" content=\"noindex, follow, max-snippet:-1, max-image-preview:large, max-video-preview:-1\" \/>\n<meta property=\"og:locale\" content=\"de_DE\" \/>\n<meta property=\"og:type\" content=\"article\" \/>\n<meta property=\"og:title\" content=\"Hauptd\u00fcse \/ Keihin PWK PWM PE PJ Vergaser - Frank! MXParts\" \/>\n<meta property=\"og:description\" content=\"Hauptd\u00fcse f\u00fcr Keihin 2-Takt&nbsp;Vergaser. Original Keihin, hochwertiges Teil. Keihin Teilenummer # 99101-357. Passend&nbsp;f\u00fcr: Keihin FCR racing Vergaser Keihin FCR Einzelvergaser Keihin FCR MX&nbsp;Vergaser Keihin CR special&nbsp;Vergaser Keihin PE \/ PJ \/ PWK \/ PWM&nbsp;Vergaser etc. Komplett wie abgebildet. &nbsp; &nbsp;\" \/>\n<meta property=\"og:url\" content=\"https:\/\/www.frankmxparts.com.iclicksapp.nl\/de\/main-jet-99101-357-keihin-pwk-pwm-pe-pj-28-32-33-35-37-39-40-41-flatslide-roundslide-racing-carburetor\" \/>\n<meta property=\"og:site_name\" content=\"Frank! MXParts\" \/>\n<meta property=\"article:modified_time\" content=\"2024-12-16T11:42:52+00:00\" \/>\n<meta property=\"og:image\" content=\"https:\/\/www.frankmxparts.com.iclicksapp.nl\/wp-content\/uploads\/2024\/11\/main-jet-99101-357-Keihin-FCR-MX-PWK-PWM-PE-PJ-CR-special-flatslide-roundslide-racing-carburetor-frank-mxparts-2.jpg\" \/>\n\t<meta property=\"og:image:width\" content=\"750\" \/>\n\t<meta property=\"og:image:height\" content=\"563\" \/>\n\t<meta property=\"og:image:type\" content=\"image\/jpeg\" \/>\n<meta name=\"twitter:card\" content=\"summary_large_image\" \/>\n<script type=\"application\/ld+json\" class=\"yoast-schema-graph\">{\"@context\":\"https:\\\/\\\/schema.org\",\"@graph\":[{\"@type\":\"WebPage\",\"@id\":\"https:\\\/\\\/www.frankmxparts.com.iclicksapp.nl\\\/de\\\/main-jet-99101-357-keihin-pwk-pwm-pe-pj-28-32-33-35-37-39-40-41-flatslide-roundslide-racing-carburetor\",\"url\":\"https:\\\/\\\/www.frankmxparts.com.iclicksapp.nl\\\/de\\\/main-jet-99101-357-keihin-pwk-pwm-pe-pj-28-32-33-35-37-39-40-41-flatslide-roundslide-racing-carburetor\",\"name\":\"Hauptd\u00fcse \\\/ Keihin PWK PWM PE PJ Vergaser - Frank! MXParts\",\"isPartOf\":{\"@id\":\"https:\\\/\\\/www.frankmxparts.com.iclicksapp.nl\\\/de\\\/#website\"},\"primaryImageOfPage\":{\"@id\":\"https:\\\/\\\/www.frankmxparts.com.iclicksapp.nl\\\/de\\\/main-jet-99101-357-keihin-pwk-pwm-pe-pj-28-32-33-35-37-39-40-41-flatslide-roundslide-racing-carburetor#primaryimage\"},\"image\":{\"@id\":\"https:\\\/\\\/www.frankmxparts.com.iclicksapp.nl\\\/de\\\/main-jet-99101-357-keihin-pwk-pwm-pe-pj-28-32-33-35-37-39-40-41-flatslide-roundslide-racing-carburetor#primaryimage\"},\"thumbnailUrl\":\"https:\\\/\\\/www.frankmxparts.com.iclicksapp.nl\\\/wp-content\\\/uploads\\\/2024\\\/11\\\/main-jet-99101-357-Keihin-FCR-MX-PWK-PWM-PE-PJ-CR-special-flatslide-roundslide-racing-carburetor-frank-mxparts-2.jpg\",\"datePublished\":\"2024-11-19T20:31:27+00:00\",\"dateModified\":\"2024-12-16T11:42:52+00:00\",\"breadcrumb\":{\"@id\":\"https:\\\/\\\/www.frankmxparts.com.iclicksapp.nl\\\/de\\\/main-jet-99101-357-keihin-pwk-pwm-pe-pj-28-32-33-35-37-39-40-41-flatslide-roundslide-racing-carburetor#breadcrumb\"},\"inLanguage\":\"de\",\"potentialAction\":[{\"@type\":\"ReadAction\",\"target\":[\"https:\\\/\\\/www.frankmxparts.com.iclicksapp.nl\\\/de\\\/main-jet-99101-357-keihin-pwk-pwm-pe-pj-28-32-33-35-37-39-40-41-flatslide-roundslide-racing-carburetor\"]}]},{\"@type\":\"ImageObject\",\"inLanguage\":\"de\",\"@id\":\"https:\\\/\\\/www.frankmxparts.com.iclicksapp.nl\\\/de\\\/main-jet-99101-357-keihin-pwk-pwm-pe-pj-28-32-33-35-37-39-40-41-flatslide-roundslide-racing-carburetor#primaryimage\",\"url\":\"https:\\\/\\\/www.frankmxparts.com.iclicksapp.nl\\\/wp-content\\\/uploads\\\/2024\\\/11\\\/main-jet-99101-357-Keihin-FCR-MX-PWK-PWM-PE-PJ-CR-special-flatslide-roundslide-racing-carburetor-frank-mxparts-2.jpg\",\"contentUrl\":\"https:\\\/\\\/www.frankmxparts.com.iclicksapp.nl\\\/wp-content\\\/uploads\\\/2024\\\/11\\\/main-jet-99101-357-Keihin-FCR-MX-PWK-PWM-PE-PJ-CR-special-flatslide-roundslide-racing-carburetor-frank-mxparts-2.jpg\",\"width\":750,\"height\":563},{\"@type\":\"BreadcrumbList\",\"@id\":\"https:\\\/\\\/www.frankmxparts.com.iclicksapp.nl\\\/de\\\/main-jet-99101-357-keihin-pwk-pwm-pe-pj-28-32-33-35-37-39-40-41-flatslide-roundslide-racing-carburetor#breadcrumb\",\"itemListElement\":[{\"@type\":\"ListItem\",\"position\":1,\"name\":\"Home\",\"item\":\"https:\\\/\\\/www.frankmxparts.com.iclicksapp.nl\\\/de\"},{\"@type\":\"ListItem\",\"position\":2,\"name\":\"Shop\",\"item\":\"https:\\\/\\\/www.frankmxparts.com.iclicksapp.nl\\\/winkel\"},{\"@type\":\"ListItem\",\"position\":3,\"name\":\"Hauptd\u00fcse \\\/ Keihin PWK PWM PE PJ Vergaser\"}]},{\"@type\":\"WebSite\",\"@id\":\"https:\\\/\\\/www.frankmxparts.com.iclicksapp.nl\\\/de\\\/#website\",\"url\":\"https:\\\/\\\/www.frankmxparts.com.iclicksapp.nl\\\/de\\\/\",\"name\":\"Frank! MXParts\",\"description\":\"\",\"publisher\":{\"@id\":\"https:\\\/\\\/www.frankmxparts.com.iclicksapp.nl\\\/de\\\/#organization\"},\"potentialAction\":[{\"@type\":\"SearchAction\",\"target\":{\"@type\":\"EntryPoint\",\"urlTemplate\":\"https:\\\/\\\/www.frankmxparts.com.iclicksapp.nl\\\/de\\\/?s={search_term_string}\"},\"query-input\":{\"@type\":\"PropertyValueSpecification\",\"valueRequired\":true,\"valueName\":\"search_term_string\"}}],\"inLanguage\":\"de\"},{\"@type\":\"Organization\",\"@id\":\"https:\\\/\\\/www.frankmxparts.com.iclicksapp.nl\\\/de\\\/#organization\",\"name\":\"Frank! MXParts\",\"url\":\"https:\\\/\\\/www.frankmxparts.com.iclicksapp.nl\\\/de\\\/\",\"logo\":{\"@type\":\"ImageObject\",\"inLanguage\":\"de\",\"@id\":\"https:\\\/\\\/www.frankmxparts.com.iclicksapp.nl\\\/de\\\/#\\\/schema\\\/logo\\\/image\\\/\",\"url\":\"https:\\\/\\\/www.frankmxparts.com.iclicksapp.nl\\\/wp-content\\\/uploads\\\/2024\\\/01\\\/frank-mxparts-logo.svg\",\"contentUrl\":\"https:\\\/\\\/www.frankmxparts.com.iclicksapp.nl\\\/wp-content\\\/uploads\\\/2024\\\/01\\\/frank-mxparts-logo.svg\",\"width\":301,\"height\":88,\"caption\":\"Frank! MXParts\"},\"image\":{\"@id\":\"https:\\\/\\\/www.frankmxparts.com.iclicksapp.nl\\\/de\\\/#\\\/schema\\\/logo\\\/image\\\/\"}}]}<\/script>\n<!-- \/ Yoast SEO plugin. -->","yoast_head_json":{"title":"Hauptd\u00fcse \/ Keihin PWK PWM PE PJ Vergaser - Frank! MXParts","robots":{"index":"noindex","follow":"follow","max-snippet":"max-snippet:-1","max-image-preview":"max-image-preview:large","max-video-preview":"max-video-preview:-1"},"og_locale":"de_DE","og_type":"article","og_title":"Hauptd\u00fcse \/ Keihin PWK PWM PE PJ Vergaser - Frank! MXParts","og_description":"Hauptd\u00fcse f\u00fcr Keihin 2-Takt&nbsp;Vergaser. Original Keihin, hochwertiges Teil. Keihin Teilenummer # 99101-357. Passend&nbsp;f\u00fcr: Keihin FCR racing Vergaser Keihin FCR Einzelvergaser Keihin FCR MX&nbsp;Vergaser Keihin CR special&nbsp;Vergaser Keihin PE \/ PJ \/ PWK \/ PWM&nbsp;Vergaser etc. Komplett wie abgebildet. &nbsp; &nbsp;","og_url":"https:\/\/www.frankmxparts.com.iclicksapp.nl\/de\/main-jet-99101-357-keihin-pwk-pwm-pe-pj-28-32-33-35-37-39-40-41-flatslide-roundslide-racing-carburetor","og_site_name":"Frank! MXParts","article_modified_time":"2024-12-16T11:42:52+00:00","og_image":[{"width":750,"height":563,"url":"https:\/\/www.frankmxparts.com.iclicksapp.nl\/wp-content\/uploads\/2024\/11\/main-jet-99101-357-Keihin-FCR-MX-PWK-PWM-PE-PJ-CR-special-flatslide-roundslide-racing-carburetor-frank-mxparts-2.jpg","type":"image\/jpeg"}],"twitter_card":"summary_large_image","schema":{"@context":"https:\/\/schema.org","@graph":[{"@type":"WebPage","@id":"https:\/\/www.frankmxparts.com.iclicksapp.nl\/de\/main-jet-99101-357-keihin-pwk-pwm-pe-pj-28-32-33-35-37-39-40-41-flatslide-roundslide-racing-carburetor","url":"https:\/\/www.frankmxparts.com.iclicksapp.nl\/de\/main-jet-99101-357-keihin-pwk-pwm-pe-pj-28-32-33-35-37-39-40-41-flatslide-roundslide-racing-carburetor","name":"Hauptd\u00fcse \/ Keihin PWK PWM PE PJ Vergaser - Frank! MXParts","isPartOf":{"@id":"https:\/\/www.frankmxparts.com.iclicksapp.nl\/de\/#website"},"primaryImageOfPage":{"@id":"https:\/\/www.frankmxparts.com.iclicksapp.nl\/de\/main-jet-99101-357-keihin-pwk-pwm-pe-pj-28-32-33-35-37-39-40-41-flatslide-roundslide-racing-carburetor#primaryimage"},"image":{"@id":"https:\/\/www.frankmxparts.com.iclicksapp.nl\/de\/main-jet-99101-357-keihin-pwk-pwm-pe-pj-28-32-33-35-37-39-40-41-flatslide-roundslide-racing-carburetor#primaryimage"},"thumbnailUrl":"https:\/\/www.frankmxparts.com.iclicksapp.nl\/wp-content\/uploads\/2024\/11\/main-jet-99101-357-Keihin-FCR-MX-PWK-PWM-PE-PJ-CR-special-flatslide-roundslide-racing-carburetor-frank-mxparts-2.jpg","datePublished":"2024-11-19T20:31:27+00:00","dateModified":"2024-12-16T11:42:52+00:00","breadcrumb":{"@id":"https:\/\/www.frankmxparts.com.iclicksapp.nl\/de\/main-jet-99101-357-keihin-pwk-pwm-pe-pj-28-32-33-35-37-39-40-41-flatslide-roundslide-racing-carburetor#breadcrumb"},"inLanguage":"de","potentialAction":[{"@type":"ReadAction","target":["https:\/\/www.frankmxparts.com.iclicksapp.nl\/de\/main-jet-99101-357-keihin-pwk-pwm-pe-pj-28-32-33-35-37-39-40-41-flatslide-roundslide-racing-carburetor"]}]},{"@type":"ImageObject","inLanguage":"de","@id":"https:\/\/www.frankmxparts.com.iclicksapp.nl\/de\/main-jet-99101-357-keihin-pwk-pwm-pe-pj-28-32-33-35-37-39-40-41-flatslide-roundslide-racing-carburetor#primaryimage","url":"https:\/\/www.frankmxparts.com.iclicksapp.nl\/wp-content\/uploads\/2024\/11\/main-jet-99101-357-Keihin-FCR-MX-PWK-PWM-PE-PJ-CR-special-flatslide-roundslide-racing-carburetor-frank-mxparts-2.jpg","contentUrl":"https:\/\/www.frankmxparts.com.iclicksapp.nl\/wp-content\/uploads\/2024\/11\/main-jet-99101-357-Keihin-FCR-MX-PWK-PWM-PE-PJ-CR-special-flatslide-roundslide-racing-carburetor-frank-mxparts-2.jpg","width":750,"height":563},{"@type":"BreadcrumbList","@id":"https:\/\/www.frankmxparts.com.iclicksapp.nl\/de\/main-jet-99101-357-keihin-pwk-pwm-pe-pj-28-32-33-35-37-39-40-41-flatslide-roundslide-racing-carburetor#breadcrumb","itemListElement":[{"@type":"ListItem","position":1,"name":"Home","item":"https:\/\/www.frankmxparts.com.iclicksapp.nl\/de"},{"@type":"ListItem","position":2,"name":"Shop","item":"https:\/\/www.frankmxparts.com.iclicksapp.nl\/winkel"},{"@type":"ListItem","position":3,"name":"Hauptd\u00fcse \/ Keihin PWK PWM PE PJ Vergaser"}]},{"@type":"WebSite","@id":"https:\/\/www.frankmxparts.com.iclicksapp.nl\/de\/#website","url":"https:\/\/www.frankmxparts.com.iclicksapp.nl\/de\/","name":"Frank! MXParts","description":"","publisher":{"@id":"https:\/\/www.frankmxparts.com.iclicksapp.nl\/de\/#organization"},"potentialAction":[{"@type":"SearchAction","target":{"@type":"EntryPoint","urlTemplate":"https:\/\/www.frankmxparts.com.iclicksapp.nl\/de\/?s={search_term_string}"},"query-input":{"@type":"PropertyValueSpecification","valueRequired":true,"valueName":"search_term_string"}}],"inLanguage":"de"},{"@type":"Organization","@id":"https:\/\/www.frankmxparts.com.iclicksapp.nl\/de\/#organization","name":"Frank! MXParts","url":"https:\/\/www.frankmxparts.com.iclicksapp.nl\/de\/","logo":{"@type":"ImageObject","inLanguage":"de","@id":"https:\/\/www.frankmxparts.com.iclicksapp.nl\/de\/#\/schema\/logo\/image\/","url":"https:\/\/www.frankmxparts.com.iclicksapp.nl\/wp-content\/uploads\/2024\/01\/frank-mxparts-logo.svg","contentUrl":"https:\/\/www.frankmxparts.com.iclicksapp.nl\/wp-content\/uploads\/2024\/01\/frank-mxparts-logo.svg","width":301,"height":88,"caption":"Frank! MXParts"},"image":{"@id":"https:\/\/www.frankmxparts.com.iclicksapp.nl\/de\/#\/schema\/logo\/image\/"}}]}},"_links":{"self":[{"href":"https:\/\/www.frankmxparts.com.iclicksapp.nl\/de\/wp-json\/wp\/v2\/product\/213457","targetHints":{"allow":["GET"]}}],"collection":[{"href":"https:\/\/www.frankmxparts.com.iclicksapp.nl\/de\/wp-json\/wp\/v2\/product"}],"about":[{"href":"https:\/\/www.frankmxparts.com.iclicksapp.nl\/de\/wp-json\/wp\/v2\/types\/product"}],"replies":[{"embeddable":true,"href":"https:\/\/www.frankmxparts.com.iclicksapp.nl\/de\/wp-json\/wp\/v2\/comments?post=213457"}],"wp:featuredmedia":[{"embeddable":true,"href":"https:\/\/www.frankmxparts.com.iclicksapp.nl\/de\/wp-json\/wp\/v2\/media\/191340"}],"wp:attachment":[{"href":"https:\/\/www.frankmxparts.com.iclicksapp.nl\/de\/wp-json\/wp\/v2\/media?parent=213457"}],"wp:term":[{"taxonomy":"product_brand","embeddable":true,"href":"https:\/\/www.frankmxparts.com.iclicksapp.nl\/de\/wp-json\/wp\/v2\/product_brand?post=213457"},{"taxonomy":"product_cat","embeddable":true,"href":"https:\/\/www.frankmxparts.com.iclicksapp.nl\/de\/wp-json\/wp\/v2\/product_cat?post=213457"},{"taxonomy":"product_tag","embeddable":true,"href":"https:\/\/www.frankmxparts.com.iclicksapp.nl\/de\/wp-json\/wp\/v2\/product_tag?post=213457"}],"curies":[{"name":"wp","href":"https:\/\/api.w.org\/{rel}","templated":true}]}}