{"id":213476,"date":"2024-11-19T21:31:27","date_gmt":"2024-11-19T20:31:27","guid":{"rendered":"https:\/\/www.frankmxparts.com.iclicksapp.nl\/product\/kn-style-airfilter-pod-kit-54mm-keihin-mikuni-carburetor"},"modified":"2024-11-27T13:27:51","modified_gmt":"2024-11-27T11:27:51","slug":"kn-style-airfilter-pod-kit-54mm-keihin-mikuni-carburetor","status":"publish","type":"product","link":"https:\/\/www.frankmxparts.com.iclicksapp.nl\/de\/kn-style-airfilter-pod-kit-54mm-keihin-mikuni-carburetor","title":{"rendered":"K&#038;N Stil Luftfilter Kit 54mm."},"content":{"rendered":"<p>\n<strong>K&amp;N Stil Luftfilter Kit<\/strong>.<\/p>\n<p>Diese Filter sind die perfekte L\u00f6sung f\u00fcr gute Luftfiltration die auch super aussehen, f\u00fcr eine super Preis. Entfernen Sie Ihre Luftfilterkasten und lassen Sie Ihr Fahrrad atmen!<\/p>\n<p>Das Kit enth\u00e4lt: 4 Luftfilter + Klammern.<br \/>\nPassend f\u00fcr: alle Vergaser mit eine 53-55mm. Anschluss Aussendurchmesser.<br \/>\nAbmessungen:<\/p>\n<ul>\n<li>85mm. L\u00e4nge (incl. Gummistiefel)<\/li>\n<li>61mm. L\u00e4nge (ohne Gummistiefel)<\/li>\n<li>74mm. Aussendurchmesser Anschluss-Seite<\/li>\n<li>51mm. Aussendurchmesser am Ende.<\/li>\n<\/ul>\n<p>\nKomplett wie abgebildet (Vergaser nicht einschlie\u00dflich).<\/p>\n<p>\n&nbsp;<\/p>\n","protected":false},"excerpt":{"rendered":"<p>K&amp;N Stil Luftfilter Kit. Diese Filter sind die perfekte L\u00f6sung f\u00fcr gute Luftfiltration die auch super aussehen, f\u00fcr eine super Preis. Entfernen Sie Ihre Luftfilterkasten und lassen Sie Ihr Fahrrad atmen! Das Kit enth\u00e4lt: 4 Luftfilter + Klammern. Passend f\u00fcr: alle Vergaser mit eine 53-55mm. Anschluss Aussendurchmesser. Abmessungen: 85mm. L\u00e4nge (incl. Gummistiefel) 61mm. L\u00e4nge (ohne [&hellip;]<\/p>\n","protected":false},"featured_media":191632,"comment_status":"closed","ping_status":"closed","template":"","meta":{"_acf_changed":false},"product_brand":[],"product_cat":[9441],"product_tag":[],"class_list":{"0":"post-213476","1":"product","2":"type-product","3":"status-publish","4":"has-post-thumbnail","6":"product_cat-uncategorized","8":"first","9":"outofstock","10":"taxable","11":"shipping-taxable","12":"purchasable","13":"product-type-simple"},"acf":[],"yoast_head":"<!-- This site is optimized with the Yoast SEO plugin v27.3 - https:\/\/yoast.com\/product\/yoast-seo-wordpress\/ -->\n<title>K&amp;N Stil Luftfilter Kit 54mm. - Frank! MXParts<\/title>\n<meta name=\"robots\" content=\"noindex, follow, max-snippet:-1, max-image-preview:large, max-video-preview:-1\" \/>\n<meta property=\"og:locale\" content=\"de_DE\" \/>\n<meta property=\"og:type\" content=\"article\" \/>\n<meta property=\"og:title\" content=\"K&amp;N Stil Luftfilter Kit 54mm. - Frank! MXParts\" \/>\n<meta property=\"og:description\" content=\"K&amp;N Stil Luftfilter Kit. Diese Filter sind die perfekte L\u00f6sung f\u00fcr gute Luftfiltration die auch super aussehen, f\u00fcr eine super Preis. Entfernen Sie Ihre Luftfilterkasten und lassen Sie Ihr Fahrrad atmen! Das Kit enth\u00e4lt: 4 Luftfilter + Klammern. Passend f\u00fcr: alle Vergaser mit eine 53-55mm. Anschluss Aussendurchmesser. Abmessungen: 85mm. L\u00e4nge (incl. Gummistiefel) 61mm. L\u00e4nge (ohne [&hellip;]\" \/>\n<meta property=\"og:url\" content=\"https:\/\/www.frankmxparts.com.iclicksapp.nl\/de\/kn-style-airfilter-pod-kit-54mm-keihin-mikuni-carburetor\" \/>\n<meta property=\"og:site_name\" content=\"Frank! MXParts\" \/>\n<meta property=\"article:modified_time\" content=\"2024-11-27T11:27:51+00:00\" \/>\n<meta property=\"og:image\" content=\"https:\/\/www.frankmxparts.com.iclicksapp.nl\/wp-content\/uploads\/2024\/11\/DSC08003.jpg\" \/>\n\t<meta property=\"og:image:width\" content=\"750\" \/>\n\t<meta property=\"og:image:height\" content=\"563\" \/>\n\t<meta property=\"og:image:type\" content=\"image\/jpeg\" \/>\n<meta name=\"twitter:card\" content=\"summary_large_image\" \/>\n<script type=\"application\/ld+json\" class=\"yoast-schema-graph\">{\"@context\":\"https:\\\/\\\/schema.org\",\"@graph\":[{\"@type\":\"WebPage\",\"@id\":\"https:\\\/\\\/www.frankmxparts.com.iclicksapp.nl\\\/de\\\/kn-style-airfilter-pod-kit-54mm-keihin-mikuni-carburetor\",\"url\":\"https:\\\/\\\/www.frankmxparts.com.iclicksapp.nl\\\/de\\\/kn-style-airfilter-pod-kit-54mm-keihin-mikuni-carburetor\",\"name\":\"K&N Stil Luftfilter Kit 54mm. - Frank! MXParts\",\"isPartOf\":{\"@id\":\"https:\\\/\\\/www.frankmxparts.com.iclicksapp.nl\\\/de\\\/#website\"},\"primaryImageOfPage\":{\"@id\":\"https:\\\/\\\/www.frankmxparts.com.iclicksapp.nl\\\/de\\\/kn-style-airfilter-pod-kit-54mm-keihin-mikuni-carburetor#primaryimage\"},\"image\":{\"@id\":\"https:\\\/\\\/www.frankmxparts.com.iclicksapp.nl\\\/de\\\/kn-style-airfilter-pod-kit-54mm-keihin-mikuni-carburetor#primaryimage\"},\"thumbnailUrl\":\"https:\\\/\\\/www.frankmxparts.com.iclicksapp.nl\\\/wp-content\\\/uploads\\\/2024\\\/11\\\/DSC08003.jpg\",\"datePublished\":\"2024-11-19T20:31:27+00:00\",\"dateModified\":\"2024-11-27T11:27:51+00:00\",\"breadcrumb\":{\"@id\":\"https:\\\/\\\/www.frankmxparts.com.iclicksapp.nl\\\/de\\\/kn-style-airfilter-pod-kit-54mm-keihin-mikuni-carburetor#breadcrumb\"},\"inLanguage\":\"de\",\"potentialAction\":[{\"@type\":\"ReadAction\",\"target\":[\"https:\\\/\\\/www.frankmxparts.com.iclicksapp.nl\\\/de\\\/kn-style-airfilter-pod-kit-54mm-keihin-mikuni-carburetor\"]}]},{\"@type\":\"ImageObject\",\"inLanguage\":\"de\",\"@id\":\"https:\\\/\\\/www.frankmxparts.com.iclicksapp.nl\\\/de\\\/kn-style-airfilter-pod-kit-54mm-keihin-mikuni-carburetor#primaryimage\",\"url\":\"https:\\\/\\\/www.frankmxparts.com.iclicksapp.nl\\\/wp-content\\\/uploads\\\/2024\\\/11\\\/DSC08003.jpg\",\"contentUrl\":\"https:\\\/\\\/www.frankmxparts.com.iclicksapp.nl\\\/wp-content\\\/uploads\\\/2024\\\/11\\\/DSC08003.jpg\",\"width\":750,\"height\":563},{\"@type\":\"BreadcrumbList\",\"@id\":\"https:\\\/\\\/www.frankmxparts.com.iclicksapp.nl\\\/de\\\/kn-style-airfilter-pod-kit-54mm-keihin-mikuni-carburetor#breadcrumb\",\"itemListElement\":[{\"@type\":\"ListItem\",\"position\":1,\"name\":\"Home\",\"item\":\"https:\\\/\\\/www.frankmxparts.com.iclicksapp.nl\\\/de\"},{\"@type\":\"ListItem\",\"position\":2,\"name\":\"Shop\",\"item\":\"https:\\\/\\\/www.frankmxparts.com.iclicksapp.nl\\\/winkel\"},{\"@type\":\"ListItem\",\"position\":3,\"name\":\"K&#038;N Stil Luftfilter Kit 54mm.\"}]},{\"@type\":\"WebSite\",\"@id\":\"https:\\\/\\\/www.frankmxparts.com.iclicksapp.nl\\\/de\\\/#website\",\"url\":\"https:\\\/\\\/www.frankmxparts.com.iclicksapp.nl\\\/de\\\/\",\"name\":\"Frank! MXParts\",\"description\":\"\",\"publisher\":{\"@id\":\"https:\\\/\\\/www.frankmxparts.com.iclicksapp.nl\\\/de\\\/#organization\"},\"potentialAction\":[{\"@type\":\"SearchAction\",\"target\":{\"@type\":\"EntryPoint\",\"urlTemplate\":\"https:\\\/\\\/www.frankmxparts.com.iclicksapp.nl\\\/de\\\/?s={search_term_string}\"},\"query-input\":{\"@type\":\"PropertyValueSpecification\",\"valueRequired\":true,\"valueName\":\"search_term_string\"}}],\"inLanguage\":\"de\"},{\"@type\":\"Organization\",\"@id\":\"https:\\\/\\\/www.frankmxparts.com.iclicksapp.nl\\\/de\\\/#organization\",\"name\":\"Frank! MXParts\",\"url\":\"https:\\\/\\\/www.frankmxparts.com.iclicksapp.nl\\\/de\\\/\",\"logo\":{\"@type\":\"ImageObject\",\"inLanguage\":\"de\",\"@id\":\"https:\\\/\\\/www.frankmxparts.com.iclicksapp.nl\\\/de\\\/#\\\/schema\\\/logo\\\/image\\\/\",\"url\":\"https:\\\/\\\/www.frankmxparts.com.iclicksapp.nl\\\/wp-content\\\/uploads\\\/2024\\\/01\\\/frank-mxparts-logo.svg\",\"contentUrl\":\"https:\\\/\\\/www.frankmxparts.com.iclicksapp.nl\\\/wp-content\\\/uploads\\\/2024\\\/01\\\/frank-mxparts-logo.svg\",\"width\":301,\"height\":88,\"caption\":\"Frank! MXParts\"},\"image\":{\"@id\":\"https:\\\/\\\/www.frankmxparts.com.iclicksapp.nl\\\/de\\\/#\\\/schema\\\/logo\\\/image\\\/\"}}]}<\/script>\n<!-- \/ Yoast SEO plugin. -->","yoast_head_json":{"title":"K&N Stil Luftfilter Kit 54mm. - Frank! MXParts","robots":{"index":"noindex","follow":"follow","max-snippet":"max-snippet:-1","max-image-preview":"max-image-preview:large","max-video-preview":"max-video-preview:-1"},"og_locale":"de_DE","og_type":"article","og_title":"K&N Stil Luftfilter Kit 54mm. - Frank! MXParts","og_description":"K&amp;N Stil Luftfilter Kit. Diese Filter sind die perfekte L\u00f6sung f\u00fcr gute Luftfiltration die auch super aussehen, f\u00fcr eine super Preis. Entfernen Sie Ihre Luftfilterkasten und lassen Sie Ihr Fahrrad atmen! Das Kit enth\u00e4lt: 4 Luftfilter + Klammern. Passend f\u00fcr: alle Vergaser mit eine 53-55mm. Anschluss Aussendurchmesser. Abmessungen: 85mm. L\u00e4nge (incl. Gummistiefel) 61mm. L\u00e4nge (ohne [&hellip;]","og_url":"https:\/\/www.frankmxparts.com.iclicksapp.nl\/de\/kn-style-airfilter-pod-kit-54mm-keihin-mikuni-carburetor","og_site_name":"Frank! MXParts","article_modified_time":"2024-11-27T11:27:51+00:00","og_image":[{"width":750,"height":563,"url":"https:\/\/www.frankmxparts.com.iclicksapp.nl\/wp-content\/uploads\/2024\/11\/DSC08003.jpg","type":"image\/jpeg"}],"twitter_card":"summary_large_image","schema":{"@context":"https:\/\/schema.org","@graph":[{"@type":"WebPage","@id":"https:\/\/www.frankmxparts.com.iclicksapp.nl\/de\/kn-style-airfilter-pod-kit-54mm-keihin-mikuni-carburetor","url":"https:\/\/www.frankmxparts.com.iclicksapp.nl\/de\/kn-style-airfilter-pod-kit-54mm-keihin-mikuni-carburetor","name":"K&N Stil Luftfilter Kit 54mm. - Frank! MXParts","isPartOf":{"@id":"https:\/\/www.frankmxparts.com.iclicksapp.nl\/de\/#website"},"primaryImageOfPage":{"@id":"https:\/\/www.frankmxparts.com.iclicksapp.nl\/de\/kn-style-airfilter-pod-kit-54mm-keihin-mikuni-carburetor#primaryimage"},"image":{"@id":"https:\/\/www.frankmxparts.com.iclicksapp.nl\/de\/kn-style-airfilter-pod-kit-54mm-keihin-mikuni-carburetor#primaryimage"},"thumbnailUrl":"https:\/\/www.frankmxparts.com.iclicksapp.nl\/wp-content\/uploads\/2024\/11\/DSC08003.jpg","datePublished":"2024-11-19T20:31:27+00:00","dateModified":"2024-11-27T11:27:51+00:00","breadcrumb":{"@id":"https:\/\/www.frankmxparts.com.iclicksapp.nl\/de\/kn-style-airfilter-pod-kit-54mm-keihin-mikuni-carburetor#breadcrumb"},"inLanguage":"de","potentialAction":[{"@type":"ReadAction","target":["https:\/\/www.frankmxparts.com.iclicksapp.nl\/de\/kn-style-airfilter-pod-kit-54mm-keihin-mikuni-carburetor"]}]},{"@type":"ImageObject","inLanguage":"de","@id":"https:\/\/www.frankmxparts.com.iclicksapp.nl\/de\/kn-style-airfilter-pod-kit-54mm-keihin-mikuni-carburetor#primaryimage","url":"https:\/\/www.frankmxparts.com.iclicksapp.nl\/wp-content\/uploads\/2024\/11\/DSC08003.jpg","contentUrl":"https:\/\/www.frankmxparts.com.iclicksapp.nl\/wp-content\/uploads\/2024\/11\/DSC08003.jpg","width":750,"height":563},{"@type":"BreadcrumbList","@id":"https:\/\/www.frankmxparts.com.iclicksapp.nl\/de\/kn-style-airfilter-pod-kit-54mm-keihin-mikuni-carburetor#breadcrumb","itemListElement":[{"@type":"ListItem","position":1,"name":"Home","item":"https:\/\/www.frankmxparts.com.iclicksapp.nl\/de"},{"@type":"ListItem","position":2,"name":"Shop","item":"https:\/\/www.frankmxparts.com.iclicksapp.nl\/winkel"},{"@type":"ListItem","position":3,"name":"K&#038;N Stil Luftfilter Kit 54mm."}]},{"@type":"WebSite","@id":"https:\/\/www.frankmxparts.com.iclicksapp.nl\/de\/#website","url":"https:\/\/www.frankmxparts.com.iclicksapp.nl\/de\/","name":"Frank! MXParts","description":"","publisher":{"@id":"https:\/\/www.frankmxparts.com.iclicksapp.nl\/de\/#organization"},"potentialAction":[{"@type":"SearchAction","target":{"@type":"EntryPoint","urlTemplate":"https:\/\/www.frankmxparts.com.iclicksapp.nl\/de\/?s={search_term_string}"},"query-input":{"@type":"PropertyValueSpecification","valueRequired":true,"valueName":"search_term_string"}}],"inLanguage":"de"},{"@type":"Organization","@id":"https:\/\/www.frankmxparts.com.iclicksapp.nl\/de\/#organization","name":"Frank! MXParts","url":"https:\/\/www.frankmxparts.com.iclicksapp.nl\/de\/","logo":{"@type":"ImageObject","inLanguage":"de","@id":"https:\/\/www.frankmxparts.com.iclicksapp.nl\/de\/#\/schema\/logo\/image\/","url":"https:\/\/www.frankmxparts.com.iclicksapp.nl\/wp-content\/uploads\/2024\/01\/frank-mxparts-logo.svg","contentUrl":"https:\/\/www.frankmxparts.com.iclicksapp.nl\/wp-content\/uploads\/2024\/01\/frank-mxparts-logo.svg","width":301,"height":88,"caption":"Frank! MXParts"},"image":{"@id":"https:\/\/www.frankmxparts.com.iclicksapp.nl\/de\/#\/schema\/logo\/image\/"}}]}},"_links":{"self":[{"href":"https:\/\/www.frankmxparts.com.iclicksapp.nl\/de\/wp-json\/wp\/v2\/product\/213476","targetHints":{"allow":["GET"]}}],"collection":[{"href":"https:\/\/www.frankmxparts.com.iclicksapp.nl\/de\/wp-json\/wp\/v2\/product"}],"about":[{"href":"https:\/\/www.frankmxparts.com.iclicksapp.nl\/de\/wp-json\/wp\/v2\/types\/product"}],"replies":[{"embeddable":true,"href":"https:\/\/www.frankmxparts.com.iclicksapp.nl\/de\/wp-json\/wp\/v2\/comments?post=213476"}],"wp:featuredmedia":[{"embeddable":true,"href":"https:\/\/www.frankmxparts.com.iclicksapp.nl\/de\/wp-json\/wp\/v2\/media\/191632"}],"wp:attachment":[{"href":"https:\/\/www.frankmxparts.com.iclicksapp.nl\/de\/wp-json\/wp\/v2\/media?parent=213476"}],"wp:term":[{"taxonomy":"product_brand","embeddable":true,"href":"https:\/\/www.frankmxparts.com.iclicksapp.nl\/de\/wp-json\/wp\/v2\/product_brand?post=213476"},{"taxonomy":"product_cat","embeddable":true,"href":"https:\/\/www.frankmxparts.com.iclicksapp.nl\/de\/wp-json\/wp\/v2\/product_cat?post=213476"},{"taxonomy":"product_tag","embeddable":true,"href":"https:\/\/www.frankmxparts.com.iclicksapp.nl\/de\/wp-json\/wp\/v2\/product_tag?post=213476"}],"curies":[{"name":"wp","href":"https:\/\/api.w.org\/{rel}","templated":true}]}}