{"id":213504,"date":"2024-11-19T21:33:45","date_gmt":"2024-11-19T20:33:45","guid":{"rendered":"https:\/\/www.frankmxparts.com.iclicksapp.nl\/product\/main-jet-mikuni-rs-tm-tmr-tdmr-flatslide-carburetor-n100604"},"modified":"2024-11-28T11:03:23","modified_gmt":"2024-11-28T09:03:23","slug":"main-jet-mikuni-rs-tm-tmr-tdmr-flatslide-carburetor-n100604","status":"publish","type":"product","link":"https:\/\/www.frankmxparts.com.iclicksapp.nl\/de\/main-jet-mikuni-rs-tm-tmr-tdmr-flatslide-carburetor-n100604","title":{"rendered":"Hauptd\u00fcse \/ Mikuni RS TM TMR TDMR Vergaser"},"content":{"rendered":"<p>\n\t<br \/>\n\tHauptd\u00fcse f\u00fcr Mikuni Vergaser.<\/p>\n<p>\tOriginal Mikuni hochwertiges Teil. Mikuni Teilenummer # N100604.<br \/>\n\tPassend f\u00fcr:<\/p>\n<ul>\n<li>\n\t\tMikuni RS Vergaser (Alle)<\/li>\n<li>\n\t\tMikuni TM 4-Takt Vergaser (Alle)<\/li>\n<li>\n\t\tMikuni TMR &amp; TDMR Vergaser (Alle)<\/li>\n<li>\n\t\tSuzuki \/ Yamaha \/ Kawasaki Serienvergaser<\/li>\n<\/ul>\n<p>\n\tKomplett wie abgebildet.<\/p>\n<p>\n\t&nbsp;<\/p>\n","protected":false},"excerpt":{"rendered":"<p>Hauptd\u00fcse f\u00fcr Mikuni Vergaser. Original Mikuni hochwertiges Teil. Mikuni Teilenummer # N100604. Passend f\u00fcr: Mikuni RS Vergaser (Alle) Mikuni TM 4-Takt Vergaser (Alle) Mikuni TMR &amp; TDMR Vergaser (Alle) Suzuki \/ Yamaha \/ Kawasaki Serienvergaser Komplett wie abgebildet. &nbsp;<\/p>\n","protected":false},"featured_media":191930,"comment_status":"closed","ping_status":"closed","template":"","meta":{"_acf_changed":false},"product_brand":[],"product_cat":[9441],"product_tag":[],"class_list":{"0":"post-213504","1":"product","2":"type-product","3":"status-publish","4":"has-post-thumbnail","6":"product_cat-uncategorized","7":"pa_main-jet-size-100-de-2","8":"pa_main-jet-size-1025-de","9":"pa_main-jet-size-105-de","10":"pa_main-jet-size-1075-de","11":"pa_main-jet-size-110-de","12":"pa_main-jet-size-1125-de","13":"pa_main-jet-size-115-de","14":"pa_main-jet-size-1175-de","15":"pa_main-jet-size-120-de","16":"pa_main-jet-size-1225-de","17":"pa_main-jet-size-125-de-2","18":"pa_main-jet-size-1275-de","19":"pa_main-jet-size-130-de","20":"pa_main-jet-size-1325-de","21":"pa_main-jet-size-135-de","22":"pa_main-jet-size-1375-de","23":"pa_main-jet-size-140-de","24":"pa_main-jet-size-1425-de","25":"pa_main-jet-size-145-de-2","26":"pa_main-jet-size-1475-de","27":"pa_main-jet-size-150-de","28":"pa_main-jet-size-1525-de","29":"pa_main-jet-size-155-de","30":"pa_main-jet-size-1575-de","31":"pa_main-jet-size-160-de","32":"pa_main-jet-size-1625-de","33":"pa_main-jet-size-165-de","34":"pa_main-jet-size-1675-de","35":"pa_main-jet-size-170-de","36":"pa_main-jet-size-1725-de","37":"pa_main-jet-size-175-de","38":"pa_main-jet-size-1775-de-2","39":"pa_main-jet-size-180-de","40":"pa_main-jet-size-1825-de","41":"pa_main-jet-size-185-de","42":"pa_main-jet-size-1875-de","43":"pa_main-jet-size-190-de","44":"pa_main-jet-size-1925-de","45":"pa_main-jet-size-195-de","46":"pa_main-jet-size-200-de","47":"pa_main-jet-size-85-de","48":"pa_main-jet-size-87-5-de","49":"pa_main-jet-size-90-de","50":"pa_main-jet-size-925-de","51":"pa_main-jet-size-95-de","52":"pa_main-jet-size-975-de","53":"pa_manufacturer-mikuni-de","55":"first","56":"instock","57":"taxable","58":"shipping-taxable","59":"purchasable","60":"product-type-variable"},"acf":[],"yoast_head":"<!-- This site is optimized with the Yoast SEO plugin v27.3 - https:\/\/yoast.com\/product\/yoast-seo-wordpress\/ -->\n<title>Hauptd\u00fcse \/ Mikuni RS TM TMR TDMR Vergaser - Frank! MXParts<\/title>\n<meta name=\"robots\" content=\"noindex, follow, max-snippet:-1, max-image-preview:large, max-video-preview:-1\" \/>\n<meta property=\"og:locale\" content=\"de_DE\" \/>\n<meta property=\"og:type\" content=\"article\" \/>\n<meta property=\"og:title\" content=\"Hauptd\u00fcse \/ Mikuni RS TM TMR TDMR Vergaser - Frank! MXParts\" \/>\n<meta property=\"og:description\" content=\"Hauptd\u00fcse f\u00fcr Mikuni Vergaser. Original Mikuni hochwertiges Teil. Mikuni Teilenummer # N100604. Passend f\u00fcr: Mikuni RS Vergaser (Alle) Mikuni TM 4-Takt Vergaser (Alle) Mikuni TMR &amp; TDMR Vergaser (Alle) Suzuki \/ Yamaha \/ Kawasaki Serienvergaser Komplett wie abgebildet. &nbsp;\" \/>\n<meta property=\"og:url\" content=\"https:\/\/www.frankmxparts.com.iclicksapp.nl\/de\/main-jet-mikuni-rs-tm-tmr-tdmr-flatslide-carburetor-n100604\" \/>\n<meta property=\"og:site_name\" content=\"Frank! MXParts\" \/>\n<meta property=\"article:modified_time\" content=\"2024-11-28T09:03:23+00:00\" \/>\n<meta property=\"og:image\" content=\"https:\/\/www.frankmxparts.com.iclicksapp.nl\/wp-content\/uploads\/2024\/11\/main-jet-N100604-mikuni-RS-TM-TMR-TDMR-roundslide-flatslide-racing-carburetor-frank-mxparts.jpg\" \/>\n\t<meta property=\"og:image:width\" content=\"750\" \/>\n\t<meta property=\"og:image:height\" content=\"563\" \/>\n\t<meta property=\"og:image:type\" content=\"image\/jpeg\" \/>\n<meta name=\"twitter:card\" content=\"summary_large_image\" \/>\n<script type=\"application\/ld+json\" class=\"yoast-schema-graph\">{\"@context\":\"https:\\\/\\\/schema.org\",\"@graph\":[{\"@type\":\"WebPage\",\"@id\":\"https:\\\/\\\/www.frankmxparts.com.iclicksapp.nl\\\/de\\\/main-jet-mikuni-rs-tm-tmr-tdmr-flatslide-carburetor-n100604\",\"url\":\"https:\\\/\\\/www.frankmxparts.com.iclicksapp.nl\\\/de\\\/main-jet-mikuni-rs-tm-tmr-tdmr-flatslide-carburetor-n100604\",\"name\":\"Hauptd\u00fcse \\\/ Mikuni RS TM TMR TDMR Vergaser - Frank! MXParts\",\"isPartOf\":{\"@id\":\"https:\\\/\\\/www.frankmxparts.com.iclicksapp.nl\\\/de\\\/#website\"},\"primaryImageOfPage\":{\"@id\":\"https:\\\/\\\/www.frankmxparts.com.iclicksapp.nl\\\/de\\\/main-jet-mikuni-rs-tm-tmr-tdmr-flatslide-carburetor-n100604#primaryimage\"},\"image\":{\"@id\":\"https:\\\/\\\/www.frankmxparts.com.iclicksapp.nl\\\/de\\\/main-jet-mikuni-rs-tm-tmr-tdmr-flatslide-carburetor-n100604#primaryimage\"},\"thumbnailUrl\":\"https:\\\/\\\/www.frankmxparts.com.iclicksapp.nl\\\/wp-content\\\/uploads\\\/2024\\\/11\\\/main-jet-N100604-mikuni-RS-TM-TMR-TDMR-roundslide-flatslide-racing-carburetor-frank-mxparts.jpg\",\"datePublished\":\"2024-11-19T20:33:45+00:00\",\"dateModified\":\"2024-11-28T09:03:23+00:00\",\"breadcrumb\":{\"@id\":\"https:\\\/\\\/www.frankmxparts.com.iclicksapp.nl\\\/de\\\/main-jet-mikuni-rs-tm-tmr-tdmr-flatslide-carburetor-n100604#breadcrumb\"},\"inLanguage\":\"de\",\"potentialAction\":[{\"@type\":\"ReadAction\",\"target\":[\"https:\\\/\\\/www.frankmxparts.com.iclicksapp.nl\\\/de\\\/main-jet-mikuni-rs-tm-tmr-tdmr-flatslide-carburetor-n100604\"]}]},{\"@type\":\"ImageObject\",\"inLanguage\":\"de\",\"@id\":\"https:\\\/\\\/www.frankmxparts.com.iclicksapp.nl\\\/de\\\/main-jet-mikuni-rs-tm-tmr-tdmr-flatslide-carburetor-n100604#primaryimage\",\"url\":\"https:\\\/\\\/www.frankmxparts.com.iclicksapp.nl\\\/wp-content\\\/uploads\\\/2024\\\/11\\\/main-jet-N100604-mikuni-RS-TM-TMR-TDMR-roundslide-flatslide-racing-carburetor-frank-mxparts.jpg\",\"contentUrl\":\"https:\\\/\\\/www.frankmxparts.com.iclicksapp.nl\\\/wp-content\\\/uploads\\\/2024\\\/11\\\/main-jet-N100604-mikuni-RS-TM-TMR-TDMR-roundslide-flatslide-racing-carburetor-frank-mxparts.jpg\",\"width\":750,\"height\":563},{\"@type\":\"BreadcrumbList\",\"@id\":\"https:\\\/\\\/www.frankmxparts.com.iclicksapp.nl\\\/de\\\/main-jet-mikuni-rs-tm-tmr-tdmr-flatslide-carburetor-n100604#breadcrumb\",\"itemListElement\":[{\"@type\":\"ListItem\",\"position\":1,\"name\":\"Home\",\"item\":\"https:\\\/\\\/www.frankmxparts.com.iclicksapp.nl\\\/de\"},{\"@type\":\"ListItem\",\"position\":2,\"name\":\"Shop\",\"item\":\"https:\\\/\\\/www.frankmxparts.com.iclicksapp.nl\\\/winkel\"},{\"@type\":\"ListItem\",\"position\":3,\"name\":\"Hauptd\u00fcse \\\/ Mikuni RS TM TMR TDMR Vergaser\"}]},{\"@type\":\"WebSite\",\"@id\":\"https:\\\/\\\/www.frankmxparts.com.iclicksapp.nl\\\/de\\\/#website\",\"url\":\"https:\\\/\\\/www.frankmxparts.com.iclicksapp.nl\\\/de\\\/\",\"name\":\"Frank! MXParts\",\"description\":\"\",\"publisher\":{\"@id\":\"https:\\\/\\\/www.frankmxparts.com.iclicksapp.nl\\\/de\\\/#organization\"},\"potentialAction\":[{\"@type\":\"SearchAction\",\"target\":{\"@type\":\"EntryPoint\",\"urlTemplate\":\"https:\\\/\\\/www.frankmxparts.com.iclicksapp.nl\\\/de\\\/?s={search_term_string}\"},\"query-input\":{\"@type\":\"PropertyValueSpecification\",\"valueRequired\":true,\"valueName\":\"search_term_string\"}}],\"inLanguage\":\"de\"},{\"@type\":\"Organization\",\"@id\":\"https:\\\/\\\/www.frankmxparts.com.iclicksapp.nl\\\/de\\\/#organization\",\"name\":\"Frank! MXParts\",\"url\":\"https:\\\/\\\/www.frankmxparts.com.iclicksapp.nl\\\/de\\\/\",\"logo\":{\"@type\":\"ImageObject\",\"inLanguage\":\"de\",\"@id\":\"https:\\\/\\\/www.frankmxparts.com.iclicksapp.nl\\\/de\\\/#\\\/schema\\\/logo\\\/image\\\/\",\"url\":\"https:\\\/\\\/www.frankmxparts.com.iclicksapp.nl\\\/wp-content\\\/uploads\\\/2024\\\/01\\\/frank-mxparts-logo.svg\",\"contentUrl\":\"https:\\\/\\\/www.frankmxparts.com.iclicksapp.nl\\\/wp-content\\\/uploads\\\/2024\\\/01\\\/frank-mxparts-logo.svg\",\"width\":301,\"height\":88,\"caption\":\"Frank! MXParts\"},\"image\":{\"@id\":\"https:\\\/\\\/www.frankmxparts.com.iclicksapp.nl\\\/de\\\/#\\\/schema\\\/logo\\\/image\\\/\"}}]}<\/script>\n<!-- \/ Yoast SEO plugin. -->","yoast_head_json":{"title":"Hauptd\u00fcse \/ Mikuni RS TM TMR TDMR Vergaser - Frank! MXParts","robots":{"index":"noindex","follow":"follow","max-snippet":"max-snippet:-1","max-image-preview":"max-image-preview:large","max-video-preview":"max-video-preview:-1"},"og_locale":"de_DE","og_type":"article","og_title":"Hauptd\u00fcse \/ Mikuni RS TM TMR TDMR Vergaser - Frank! MXParts","og_description":"Hauptd\u00fcse f\u00fcr Mikuni Vergaser. Original Mikuni hochwertiges Teil. Mikuni Teilenummer # N100604. Passend f\u00fcr: Mikuni RS Vergaser (Alle) Mikuni TM 4-Takt Vergaser (Alle) Mikuni TMR &amp; TDMR Vergaser (Alle) Suzuki \/ Yamaha \/ Kawasaki Serienvergaser Komplett wie abgebildet. &nbsp;","og_url":"https:\/\/www.frankmxparts.com.iclicksapp.nl\/de\/main-jet-mikuni-rs-tm-tmr-tdmr-flatslide-carburetor-n100604","og_site_name":"Frank! MXParts","article_modified_time":"2024-11-28T09:03:23+00:00","og_image":[{"width":750,"height":563,"url":"https:\/\/www.frankmxparts.com.iclicksapp.nl\/wp-content\/uploads\/2024\/11\/main-jet-N100604-mikuni-RS-TM-TMR-TDMR-roundslide-flatslide-racing-carburetor-frank-mxparts.jpg","type":"image\/jpeg"}],"twitter_card":"summary_large_image","schema":{"@context":"https:\/\/schema.org","@graph":[{"@type":"WebPage","@id":"https:\/\/www.frankmxparts.com.iclicksapp.nl\/de\/main-jet-mikuni-rs-tm-tmr-tdmr-flatslide-carburetor-n100604","url":"https:\/\/www.frankmxparts.com.iclicksapp.nl\/de\/main-jet-mikuni-rs-tm-tmr-tdmr-flatslide-carburetor-n100604","name":"Hauptd\u00fcse \/ Mikuni RS TM TMR TDMR Vergaser - Frank! MXParts","isPartOf":{"@id":"https:\/\/www.frankmxparts.com.iclicksapp.nl\/de\/#website"},"primaryImageOfPage":{"@id":"https:\/\/www.frankmxparts.com.iclicksapp.nl\/de\/main-jet-mikuni-rs-tm-tmr-tdmr-flatslide-carburetor-n100604#primaryimage"},"image":{"@id":"https:\/\/www.frankmxparts.com.iclicksapp.nl\/de\/main-jet-mikuni-rs-tm-tmr-tdmr-flatslide-carburetor-n100604#primaryimage"},"thumbnailUrl":"https:\/\/www.frankmxparts.com.iclicksapp.nl\/wp-content\/uploads\/2024\/11\/main-jet-N100604-mikuni-RS-TM-TMR-TDMR-roundslide-flatslide-racing-carburetor-frank-mxparts.jpg","datePublished":"2024-11-19T20:33:45+00:00","dateModified":"2024-11-28T09:03:23+00:00","breadcrumb":{"@id":"https:\/\/www.frankmxparts.com.iclicksapp.nl\/de\/main-jet-mikuni-rs-tm-tmr-tdmr-flatslide-carburetor-n100604#breadcrumb"},"inLanguage":"de","potentialAction":[{"@type":"ReadAction","target":["https:\/\/www.frankmxparts.com.iclicksapp.nl\/de\/main-jet-mikuni-rs-tm-tmr-tdmr-flatslide-carburetor-n100604"]}]},{"@type":"ImageObject","inLanguage":"de","@id":"https:\/\/www.frankmxparts.com.iclicksapp.nl\/de\/main-jet-mikuni-rs-tm-tmr-tdmr-flatslide-carburetor-n100604#primaryimage","url":"https:\/\/www.frankmxparts.com.iclicksapp.nl\/wp-content\/uploads\/2024\/11\/main-jet-N100604-mikuni-RS-TM-TMR-TDMR-roundslide-flatslide-racing-carburetor-frank-mxparts.jpg","contentUrl":"https:\/\/www.frankmxparts.com.iclicksapp.nl\/wp-content\/uploads\/2024\/11\/main-jet-N100604-mikuni-RS-TM-TMR-TDMR-roundslide-flatslide-racing-carburetor-frank-mxparts.jpg","width":750,"height":563},{"@type":"BreadcrumbList","@id":"https:\/\/www.frankmxparts.com.iclicksapp.nl\/de\/main-jet-mikuni-rs-tm-tmr-tdmr-flatslide-carburetor-n100604#breadcrumb","itemListElement":[{"@type":"ListItem","position":1,"name":"Home","item":"https:\/\/www.frankmxparts.com.iclicksapp.nl\/de"},{"@type":"ListItem","position":2,"name":"Shop","item":"https:\/\/www.frankmxparts.com.iclicksapp.nl\/winkel"},{"@type":"ListItem","position":3,"name":"Hauptd\u00fcse \/ Mikuni RS TM TMR TDMR Vergaser"}]},{"@type":"WebSite","@id":"https:\/\/www.frankmxparts.com.iclicksapp.nl\/de\/#website","url":"https:\/\/www.frankmxparts.com.iclicksapp.nl\/de\/","name":"Frank! MXParts","description":"","publisher":{"@id":"https:\/\/www.frankmxparts.com.iclicksapp.nl\/de\/#organization"},"potentialAction":[{"@type":"SearchAction","target":{"@type":"EntryPoint","urlTemplate":"https:\/\/www.frankmxparts.com.iclicksapp.nl\/de\/?s={search_term_string}"},"query-input":{"@type":"PropertyValueSpecification","valueRequired":true,"valueName":"search_term_string"}}],"inLanguage":"de"},{"@type":"Organization","@id":"https:\/\/www.frankmxparts.com.iclicksapp.nl\/de\/#organization","name":"Frank! MXParts","url":"https:\/\/www.frankmxparts.com.iclicksapp.nl\/de\/","logo":{"@type":"ImageObject","inLanguage":"de","@id":"https:\/\/www.frankmxparts.com.iclicksapp.nl\/de\/#\/schema\/logo\/image\/","url":"https:\/\/www.frankmxparts.com.iclicksapp.nl\/wp-content\/uploads\/2024\/01\/frank-mxparts-logo.svg","contentUrl":"https:\/\/www.frankmxparts.com.iclicksapp.nl\/wp-content\/uploads\/2024\/01\/frank-mxparts-logo.svg","width":301,"height":88,"caption":"Frank! MXParts"},"image":{"@id":"https:\/\/www.frankmxparts.com.iclicksapp.nl\/de\/#\/schema\/logo\/image\/"}}]}},"_links":{"self":[{"href":"https:\/\/www.frankmxparts.com.iclicksapp.nl\/de\/wp-json\/wp\/v2\/product\/213504","targetHints":{"allow":["GET"]}}],"collection":[{"href":"https:\/\/www.frankmxparts.com.iclicksapp.nl\/de\/wp-json\/wp\/v2\/product"}],"about":[{"href":"https:\/\/www.frankmxparts.com.iclicksapp.nl\/de\/wp-json\/wp\/v2\/types\/product"}],"replies":[{"embeddable":true,"href":"https:\/\/www.frankmxparts.com.iclicksapp.nl\/de\/wp-json\/wp\/v2\/comments?post=213504"}],"wp:featuredmedia":[{"embeddable":true,"href":"https:\/\/www.frankmxparts.com.iclicksapp.nl\/de\/wp-json\/wp\/v2\/media\/191930"}],"wp:attachment":[{"href":"https:\/\/www.frankmxparts.com.iclicksapp.nl\/de\/wp-json\/wp\/v2\/media?parent=213504"}],"wp:term":[{"taxonomy":"product_brand","embeddable":true,"href":"https:\/\/www.frankmxparts.com.iclicksapp.nl\/de\/wp-json\/wp\/v2\/product_brand?post=213504"},{"taxonomy":"product_cat","embeddable":true,"href":"https:\/\/www.frankmxparts.com.iclicksapp.nl\/de\/wp-json\/wp\/v2\/product_cat?post=213504"},{"taxonomy":"product_tag","embeddable":true,"href":"https:\/\/www.frankmxparts.com.iclicksapp.nl\/de\/wp-json\/wp\/v2\/product_tag?post=213504"}],"curies":[{"name":"wp","href":"https:\/\/api.w.org\/{rel}","templated":true}]}}