{"id":213512,"date":"2024-11-19T21:33:45","date_gmt":"2024-11-19T20:33:45","guid":{"rendered":"https:\/\/www.frankmxparts.com.iclicksapp.nl\/product\/keihin-fcr-mx-39-carburetor-with-tps-acv-suzuki-drz-400-3"},"modified":"2024-11-21T12:20:19","modified_gmt":"2024-11-21T10:20:19","slug":"keihin-fcr-mx-39-carburetor-with-tps-acv-suzuki-drz-400-3","status":"publish","type":"product","link":"https:\/\/www.frankmxparts.com.iclicksapp.nl\/de\/keihin-fcr-mx-39-carburetor-with-tps-acv-suzuki-drz-400-3","title":{"rendered":"Keihin FCR MX 39 Vergaser mit TPS &#038; ACV \/ Suzuki DR-Z400"},"content":{"rendered":"<p>\n\t<br \/>\n\tKeihin FCR MX 39 Vergaser, vorbereitet f\u00fcr die Suzuki DR-Z400.<\/p>\n<p>\tIn sehr gutem Zustand. Passt der DR-Z400 <span style=\"text-decoration: underline;\">ohne \u00c4nderungen<\/span>.<br \/>\n\tDen Vergaser hat unseren <font color=\"#000cff\" style=\"outline-style: none; outline-width: initial; outline-color: initial; line-height: 15px;\">Vergaser Service<\/font>&nbsp;gehat. Details:<\/p>\n<ul style=\"outline-style: none; outline-width: initial; outline-color: initial; line-height: 15px; resize: none;\">\n<li style=\"outline-style: none; outline-width: initial; outline-color: initial; line-height: 15px; resize: none;\">\n\t\t<span style=\"outline: none; resize: none;\"><font color=\"#000cff\">Keihin FCR MX39 quad vent Flachschieber Vergaser<\/font><\/span><\/li>\n<li style=\"outline-style: none; outline-width: initial; outline-color: initial; line-height: 15px; resize: none;\">\n\t\tmit <span style=\"outline: none; resize: none;\"><font color=\"#000cff\">Kaltstartbet\u00e4tigung und Hei\u00dfstartbet\u00e4tigung<\/font><\/span><\/li>\n<li style=\"outline-style: none; outline-width: initial; outline-color: initial; line-height: 15px; resize: none;\">\n\t\tmit&nbsp;<span style=\"outline: none; resize: none;\"><font color=\"#000cff\">TPS&nbsp;<\/font><\/span>(Throttle Position Sensor &#8211; Drosselklappensensor)<\/li>\n<li style=\"outline-style: none; outline-width: initial; outline-color: initial; line-height: 15px; resize: none;\">\n\t\tmit <span style=\"color:#000cff;\">ACV <\/span>(Air Cut Valve) (reduziert &#8218;popping&#8216; bei Geschwindigkeitsverminderung)<\/li>\n<li style=\"outline-style: none; outline-width: initial; outline-color: initial; line-height: 15px; resize: none;\">\n\t\tmit <span style=\"outline: none; resize: none;\"><font color=\"#000cff\">Beschleunigerpumpe<\/font><\/span><\/li>\n<li style=\"outline-style: none; outline-width: initial; outline-color: initial; line-height: 15px; resize: none;\">\n\t\tVergaser-Geh\u00e4use und ausgehw\u00e4hlte Teile sind <span style=\"outline: none; resize: none;\"><font color=\"#000cff\">ultraschall gereinigt<\/font><\/span><\/li>\n<li style=\"outline-style: none; outline-width: initial; outline-color: initial; line-height: 15px; resize: none;\">\n\t\talle Teile sind gereinigt und inspektiert<\/li>\n<li style=\"outline-style: none; outline-width: initial; outline-color: initial; line-height: 15px; resize: none;\">\n\t\tLager sind neu befettet<\/li>\n<li style=\"outline-style: none; outline-width: initial; outline-color: initial; line-height: 15px; resize: none;\">\n\t\tD\u00fcsen gereinigt und inspektiert<\/li>\n<li style=\"outline-style: none; outline-width: initial; outline-color: initial; line-height: 15px; resize: none;\">\n\t\tBeschleunigerpumpe getestet<\/li>\n<li style=\"outline-style: none; outline-width: initial; outline-color: initial; line-height: 15px; resize: none;\">\n\t\t<font color=\"#000cff\" style=\"line-height: 14px;\">neue&nbsp;<\/font>EMN D\u00fcsennadel<\/li>\n<li style=\"outline-style: none; outline-width: initial; outline-color: initial; line-height: 15px; resize: none;\">\n\t\t<font color=\"#000cff\" style=\"line-height: 14px;\">neue&nbsp;<\/font>aluminium Einlass Adapter<\/li>\n<li style=\"outline-style: none; outline-width: initial; outline-color: initial; line-height: 15px; resize: none;\">\n\t\t<font color=\"#000cff\" style=\"line-height: 14px;\">neues&nbsp;<\/font>Ansaugstutzen<\/li>\n<li style=\"outline-style: none; outline-width: initial; outline-color: initial; line-height: 15px; resize: none;\">\n\t\tverschiedene <font color=\"#000cff\">neue <\/font>O-Ringe, Dichtungen und andere Teile<\/li>\n<li style=\"outline-style: none; outline-width: initial; outline-color: initial; line-height: 15px; resize: none;\">\n\t\tetc.<\/li>\n<\/ul>\n<p>\n\tMacht Ihren DR-Z wirklich lebendig&#8230;!<\/p>\n<p>\tKomplett wie abgebildet.<\/p>\n<p>\t&nbsp;<\/p>\n","protected":false},"excerpt":{"rendered":"<p>Keihin FCR MX 39 Vergaser, vorbereitet f\u00fcr die Suzuki DR-Z400. In sehr gutem Zustand. Passt der DR-Z400 ohne \u00c4nderungen. Den Vergaser hat unseren Vergaser Service&nbsp;gehat. Details: Keihin FCR MX39 quad vent Flachschieber Vergaser mit Kaltstartbet\u00e4tigung und Hei\u00dfstartbet\u00e4tigung mit&nbsp;TPS&nbsp;(Throttle Position Sensor &#8211; Drosselklappensensor) mit ACV (Air Cut Valve) (reduziert &#8218;popping&#8216; bei Geschwindigkeitsverminderung) mit Beschleunigerpumpe Vergaser-Geh\u00e4use und [&hellip;]<\/p>\n","protected":false},"featured_media":192076,"comment_status":"closed","ping_status":"closed","template":"","meta":{"_acf_changed":false},"product_brand":[],"product_cat":[9441],"product_tag":[],"class_list":{"0":"post-213512","1":"product","2":"type-product","3":"status-publish","4":"has-post-thumbnail","6":"product_cat-uncategorized","7":"pa_manufacturer-keihin-de","9":"first","10":"outofstock","11":"taxable","12":"shipping-taxable","13":"purchasable","14":"product-type-simple"},"acf":[],"yoast_head":"<!-- This site is optimized with the Yoast SEO plugin v27.3 - https:\/\/yoast.com\/product\/yoast-seo-wordpress\/ -->\n<title>Keihin FCR MX 39 Vergaser mit TPS &amp; ACV \/ Suzuki DR-Z400 - Frank! MXParts<\/title>\n<meta name=\"robots\" content=\"noindex, follow, max-snippet:-1, max-image-preview:large, max-video-preview:-1\" \/>\n<meta property=\"og:locale\" content=\"de_DE\" \/>\n<meta property=\"og:type\" content=\"article\" \/>\n<meta property=\"og:title\" content=\"Keihin FCR MX 39 Vergaser mit TPS &amp; ACV \/ Suzuki DR-Z400 - Frank! MXParts\" \/>\n<meta property=\"og:description\" content=\"Keihin FCR MX 39 Vergaser, vorbereitet f\u00fcr die Suzuki DR-Z400. In sehr gutem Zustand. Passt der DR-Z400 ohne \u00c4nderungen. Den Vergaser hat unseren Vergaser Service&nbsp;gehat. Details: Keihin FCR MX39 quad vent Flachschieber Vergaser mit Kaltstartbet\u00e4tigung und Hei\u00dfstartbet\u00e4tigung mit&nbsp;TPS&nbsp;(Throttle Position Sensor &#8211; Drosselklappensensor) mit ACV (Air Cut Valve) (reduziert &#8218;popping&#8216; bei Geschwindigkeitsverminderung) mit Beschleunigerpumpe Vergaser-Geh\u00e4use und [&hellip;]\" \/>\n<meta property=\"og:url\" content=\"https:\/\/www.frankmxparts.com.iclicksapp.nl\/de\/keihin-fcr-mx-39-carburetor-with-tps-acv-suzuki-drz-400-3\" \/>\n<meta property=\"og:site_name\" content=\"Frank! MXParts\" \/>\n<meta property=\"article:modified_time\" content=\"2024-11-21T10:20:19+00:00\" \/>\n<meta property=\"og:image\" content=\"https:\/\/www.frankmxparts.com.iclicksapp.nl\/wp-content\/uploads\/2024\/11\/DSC06779-1.jpg\" \/>\n\t<meta property=\"og:image:width\" content=\"750\" \/>\n\t<meta property=\"og:image:height\" content=\"563\" \/>\n\t<meta property=\"og:image:type\" content=\"image\/jpeg\" \/>\n<meta name=\"twitter:card\" content=\"summary_large_image\" \/>\n<meta name=\"twitter:label1\" content=\"Gesch\u00e4tzte Lesezeit\" \/>\n\t<meta name=\"twitter:data1\" content=\"1\u00a0Minute\" \/>\n<script type=\"application\/ld+json\" class=\"yoast-schema-graph\">{\"@context\":\"https:\\\/\\\/schema.org\",\"@graph\":[{\"@type\":\"WebPage\",\"@id\":\"https:\\\/\\\/www.frankmxparts.com.iclicksapp.nl\\\/de\\\/keihin-fcr-mx-39-carburetor-with-tps-acv-suzuki-drz-400-3\",\"url\":\"https:\\\/\\\/www.frankmxparts.com.iclicksapp.nl\\\/de\\\/keihin-fcr-mx-39-carburetor-with-tps-acv-suzuki-drz-400-3\",\"name\":\"Keihin FCR MX 39 Vergaser mit TPS & ACV \\\/ Suzuki DR-Z400 - Frank! MXParts\",\"isPartOf\":{\"@id\":\"https:\\\/\\\/www.frankmxparts.com.iclicksapp.nl\\\/de\\\/#website\"},\"primaryImageOfPage\":{\"@id\":\"https:\\\/\\\/www.frankmxparts.com.iclicksapp.nl\\\/de\\\/keihin-fcr-mx-39-carburetor-with-tps-acv-suzuki-drz-400-3#primaryimage\"},\"image\":{\"@id\":\"https:\\\/\\\/www.frankmxparts.com.iclicksapp.nl\\\/de\\\/keihin-fcr-mx-39-carburetor-with-tps-acv-suzuki-drz-400-3#primaryimage\"},\"thumbnailUrl\":\"https:\\\/\\\/www.frankmxparts.com.iclicksapp.nl\\\/wp-content\\\/uploads\\\/2024\\\/11\\\/DSC06779-1.jpg\",\"datePublished\":\"2024-11-19T20:33:45+00:00\",\"dateModified\":\"2024-11-21T10:20:19+00:00\",\"breadcrumb\":{\"@id\":\"https:\\\/\\\/www.frankmxparts.com.iclicksapp.nl\\\/de\\\/keihin-fcr-mx-39-carburetor-with-tps-acv-suzuki-drz-400-3#breadcrumb\"},\"inLanguage\":\"de\",\"potentialAction\":[{\"@type\":\"ReadAction\",\"target\":[\"https:\\\/\\\/www.frankmxparts.com.iclicksapp.nl\\\/de\\\/keihin-fcr-mx-39-carburetor-with-tps-acv-suzuki-drz-400-3\"]}]},{\"@type\":\"ImageObject\",\"inLanguage\":\"de\",\"@id\":\"https:\\\/\\\/www.frankmxparts.com.iclicksapp.nl\\\/de\\\/keihin-fcr-mx-39-carburetor-with-tps-acv-suzuki-drz-400-3#primaryimage\",\"url\":\"https:\\\/\\\/www.frankmxparts.com.iclicksapp.nl\\\/wp-content\\\/uploads\\\/2024\\\/11\\\/DSC06779-1.jpg\",\"contentUrl\":\"https:\\\/\\\/www.frankmxparts.com.iclicksapp.nl\\\/wp-content\\\/uploads\\\/2024\\\/11\\\/DSC06779-1.jpg\",\"width\":750,\"height\":563},{\"@type\":\"BreadcrumbList\",\"@id\":\"https:\\\/\\\/www.frankmxparts.com.iclicksapp.nl\\\/de\\\/keihin-fcr-mx-39-carburetor-with-tps-acv-suzuki-drz-400-3#breadcrumb\",\"itemListElement\":[{\"@type\":\"ListItem\",\"position\":1,\"name\":\"Home\",\"item\":\"https:\\\/\\\/www.frankmxparts.com.iclicksapp.nl\\\/de\"},{\"@type\":\"ListItem\",\"position\":2,\"name\":\"Shop\",\"item\":\"https:\\\/\\\/www.frankmxparts.com.iclicksapp.nl\\\/winkel\"},{\"@type\":\"ListItem\",\"position\":3,\"name\":\"Keihin FCR MX 39 Vergaser mit TPS &#038; ACV \\\/ Suzuki DR-Z400\"}]},{\"@type\":\"WebSite\",\"@id\":\"https:\\\/\\\/www.frankmxparts.com.iclicksapp.nl\\\/de\\\/#website\",\"url\":\"https:\\\/\\\/www.frankmxparts.com.iclicksapp.nl\\\/de\\\/\",\"name\":\"Frank! MXParts\",\"description\":\"\",\"publisher\":{\"@id\":\"https:\\\/\\\/www.frankmxparts.com.iclicksapp.nl\\\/de\\\/#organization\"},\"potentialAction\":[{\"@type\":\"SearchAction\",\"target\":{\"@type\":\"EntryPoint\",\"urlTemplate\":\"https:\\\/\\\/www.frankmxparts.com.iclicksapp.nl\\\/de\\\/?s={search_term_string}\"},\"query-input\":{\"@type\":\"PropertyValueSpecification\",\"valueRequired\":true,\"valueName\":\"search_term_string\"}}],\"inLanguage\":\"de\"},{\"@type\":\"Organization\",\"@id\":\"https:\\\/\\\/www.frankmxparts.com.iclicksapp.nl\\\/de\\\/#organization\",\"name\":\"Frank! MXParts\",\"url\":\"https:\\\/\\\/www.frankmxparts.com.iclicksapp.nl\\\/de\\\/\",\"logo\":{\"@type\":\"ImageObject\",\"inLanguage\":\"de\",\"@id\":\"https:\\\/\\\/www.frankmxparts.com.iclicksapp.nl\\\/de\\\/#\\\/schema\\\/logo\\\/image\\\/\",\"url\":\"https:\\\/\\\/www.frankmxparts.com.iclicksapp.nl\\\/wp-content\\\/uploads\\\/2024\\\/01\\\/frank-mxparts-logo.svg\",\"contentUrl\":\"https:\\\/\\\/www.frankmxparts.com.iclicksapp.nl\\\/wp-content\\\/uploads\\\/2024\\\/01\\\/frank-mxparts-logo.svg\",\"width\":301,\"height\":88,\"caption\":\"Frank! MXParts\"},\"image\":{\"@id\":\"https:\\\/\\\/www.frankmxparts.com.iclicksapp.nl\\\/de\\\/#\\\/schema\\\/logo\\\/image\\\/\"}}]}<\/script>\n<!-- \/ Yoast SEO plugin. -->","yoast_head_json":{"title":"Keihin FCR MX 39 Vergaser mit TPS & ACV \/ Suzuki DR-Z400 - Frank! MXParts","robots":{"index":"noindex","follow":"follow","max-snippet":"max-snippet:-1","max-image-preview":"max-image-preview:large","max-video-preview":"max-video-preview:-1"},"og_locale":"de_DE","og_type":"article","og_title":"Keihin FCR MX 39 Vergaser mit TPS & ACV \/ Suzuki DR-Z400 - Frank! MXParts","og_description":"Keihin FCR MX 39 Vergaser, vorbereitet f\u00fcr die Suzuki DR-Z400. In sehr gutem Zustand. Passt der DR-Z400 ohne \u00c4nderungen. Den Vergaser hat unseren Vergaser Service&nbsp;gehat. Details: Keihin FCR MX39 quad vent Flachschieber Vergaser mit Kaltstartbet\u00e4tigung und Hei\u00dfstartbet\u00e4tigung mit&nbsp;TPS&nbsp;(Throttle Position Sensor &#8211; Drosselklappensensor) mit ACV (Air Cut Valve) (reduziert &#8218;popping&#8216; bei Geschwindigkeitsverminderung) mit Beschleunigerpumpe Vergaser-Geh\u00e4use und [&hellip;]","og_url":"https:\/\/www.frankmxparts.com.iclicksapp.nl\/de\/keihin-fcr-mx-39-carburetor-with-tps-acv-suzuki-drz-400-3","og_site_name":"Frank! MXParts","article_modified_time":"2024-11-21T10:20:19+00:00","og_image":[{"width":750,"height":563,"url":"https:\/\/www.frankmxparts.com.iclicksapp.nl\/wp-content\/uploads\/2024\/11\/DSC06779-1.jpg","type":"image\/jpeg"}],"twitter_card":"summary_large_image","twitter_misc":{"Gesch\u00e4tzte Lesezeit":"1\u00a0Minute"},"schema":{"@context":"https:\/\/schema.org","@graph":[{"@type":"WebPage","@id":"https:\/\/www.frankmxparts.com.iclicksapp.nl\/de\/keihin-fcr-mx-39-carburetor-with-tps-acv-suzuki-drz-400-3","url":"https:\/\/www.frankmxparts.com.iclicksapp.nl\/de\/keihin-fcr-mx-39-carburetor-with-tps-acv-suzuki-drz-400-3","name":"Keihin FCR MX 39 Vergaser mit TPS & ACV \/ Suzuki DR-Z400 - Frank! MXParts","isPartOf":{"@id":"https:\/\/www.frankmxparts.com.iclicksapp.nl\/de\/#website"},"primaryImageOfPage":{"@id":"https:\/\/www.frankmxparts.com.iclicksapp.nl\/de\/keihin-fcr-mx-39-carburetor-with-tps-acv-suzuki-drz-400-3#primaryimage"},"image":{"@id":"https:\/\/www.frankmxparts.com.iclicksapp.nl\/de\/keihin-fcr-mx-39-carburetor-with-tps-acv-suzuki-drz-400-3#primaryimage"},"thumbnailUrl":"https:\/\/www.frankmxparts.com.iclicksapp.nl\/wp-content\/uploads\/2024\/11\/DSC06779-1.jpg","datePublished":"2024-11-19T20:33:45+00:00","dateModified":"2024-11-21T10:20:19+00:00","breadcrumb":{"@id":"https:\/\/www.frankmxparts.com.iclicksapp.nl\/de\/keihin-fcr-mx-39-carburetor-with-tps-acv-suzuki-drz-400-3#breadcrumb"},"inLanguage":"de","potentialAction":[{"@type":"ReadAction","target":["https:\/\/www.frankmxparts.com.iclicksapp.nl\/de\/keihin-fcr-mx-39-carburetor-with-tps-acv-suzuki-drz-400-3"]}]},{"@type":"ImageObject","inLanguage":"de","@id":"https:\/\/www.frankmxparts.com.iclicksapp.nl\/de\/keihin-fcr-mx-39-carburetor-with-tps-acv-suzuki-drz-400-3#primaryimage","url":"https:\/\/www.frankmxparts.com.iclicksapp.nl\/wp-content\/uploads\/2024\/11\/DSC06779-1.jpg","contentUrl":"https:\/\/www.frankmxparts.com.iclicksapp.nl\/wp-content\/uploads\/2024\/11\/DSC06779-1.jpg","width":750,"height":563},{"@type":"BreadcrumbList","@id":"https:\/\/www.frankmxparts.com.iclicksapp.nl\/de\/keihin-fcr-mx-39-carburetor-with-tps-acv-suzuki-drz-400-3#breadcrumb","itemListElement":[{"@type":"ListItem","position":1,"name":"Home","item":"https:\/\/www.frankmxparts.com.iclicksapp.nl\/de"},{"@type":"ListItem","position":2,"name":"Shop","item":"https:\/\/www.frankmxparts.com.iclicksapp.nl\/winkel"},{"@type":"ListItem","position":3,"name":"Keihin FCR MX 39 Vergaser mit TPS &#038; ACV \/ Suzuki DR-Z400"}]},{"@type":"WebSite","@id":"https:\/\/www.frankmxparts.com.iclicksapp.nl\/de\/#website","url":"https:\/\/www.frankmxparts.com.iclicksapp.nl\/de\/","name":"Frank! MXParts","description":"","publisher":{"@id":"https:\/\/www.frankmxparts.com.iclicksapp.nl\/de\/#organization"},"potentialAction":[{"@type":"SearchAction","target":{"@type":"EntryPoint","urlTemplate":"https:\/\/www.frankmxparts.com.iclicksapp.nl\/de\/?s={search_term_string}"},"query-input":{"@type":"PropertyValueSpecification","valueRequired":true,"valueName":"search_term_string"}}],"inLanguage":"de"},{"@type":"Organization","@id":"https:\/\/www.frankmxparts.com.iclicksapp.nl\/de\/#organization","name":"Frank! MXParts","url":"https:\/\/www.frankmxparts.com.iclicksapp.nl\/de\/","logo":{"@type":"ImageObject","inLanguage":"de","@id":"https:\/\/www.frankmxparts.com.iclicksapp.nl\/de\/#\/schema\/logo\/image\/","url":"https:\/\/www.frankmxparts.com.iclicksapp.nl\/wp-content\/uploads\/2024\/01\/frank-mxparts-logo.svg","contentUrl":"https:\/\/www.frankmxparts.com.iclicksapp.nl\/wp-content\/uploads\/2024\/01\/frank-mxparts-logo.svg","width":301,"height":88,"caption":"Frank! MXParts"},"image":{"@id":"https:\/\/www.frankmxparts.com.iclicksapp.nl\/de\/#\/schema\/logo\/image\/"}}]}},"_links":{"self":[{"href":"https:\/\/www.frankmxparts.com.iclicksapp.nl\/de\/wp-json\/wp\/v2\/product\/213512","targetHints":{"allow":["GET"]}}],"collection":[{"href":"https:\/\/www.frankmxparts.com.iclicksapp.nl\/de\/wp-json\/wp\/v2\/product"}],"about":[{"href":"https:\/\/www.frankmxparts.com.iclicksapp.nl\/de\/wp-json\/wp\/v2\/types\/product"}],"replies":[{"embeddable":true,"href":"https:\/\/www.frankmxparts.com.iclicksapp.nl\/de\/wp-json\/wp\/v2\/comments?post=213512"}],"wp:featuredmedia":[{"embeddable":true,"href":"https:\/\/www.frankmxparts.com.iclicksapp.nl\/de\/wp-json\/wp\/v2\/media\/192076"}],"wp:attachment":[{"href":"https:\/\/www.frankmxparts.com.iclicksapp.nl\/de\/wp-json\/wp\/v2\/media?parent=213512"}],"wp:term":[{"taxonomy":"product_brand","embeddable":true,"href":"https:\/\/www.frankmxparts.com.iclicksapp.nl\/de\/wp-json\/wp\/v2\/product_brand?post=213512"},{"taxonomy":"product_cat","embeddable":true,"href":"https:\/\/www.frankmxparts.com.iclicksapp.nl\/de\/wp-json\/wp\/v2\/product_cat?post=213512"},{"taxonomy":"product_tag","embeddable":true,"href":"https:\/\/www.frankmxparts.com.iclicksapp.nl\/de\/wp-json\/wp\/v2\/product_tag?post=213512"}],"curies":[{"name":"wp","href":"https:\/\/api.w.org\/{rel}","templated":true}]}}