{"id":213536,"date":"2024-11-19T21:35:03","date_gmt":"2024-11-19T20:35:03","guid":{"rendered":"https:\/\/www.frankmxparts.com.iclicksapp.nl\/product\/keihin-cr-33-special-roundslide-racing-carburetors-honda-cb-750-900-1100"},"modified":"2024-11-27T13:36:44","modified_gmt":"2024-11-27T11:36:44","slug":"keihin-cr-33-special-roundslide-racing-carburetors-honda-cb-750-900-1100","status":"publish","type":"product","link":"https:\/\/www.frankmxparts.com.iclicksapp.nl\/de\/keihin-cr-33-special-roundslide-racing-carburetors-honda-cb-750-900-1100","title":{"rendered":"Keihin CR 33 special Vergaser \/ Honda CB 750 900 1100"},"content":{"rendered":"<p>\n\t<br \/>\n\tEin Keihin CR 33 racing Rundschieber Vergaserbatterie, mit aktuelle Vergaserabst\u00e4nde f\u00fcr die Honda CB 750, 900 &amp; 1100.<\/p>\n<p>\tIn sehr gutem Zustand. Dieser Vergaserbatterie hat unseren <font color=\"#000cff\">Vergaser Service<\/font> gehat, Details:<\/p>\n<ul>\n<li>\n\t\tKeihin CR 33 racing Rundschieber Vergaser<\/li>\n<li>\n\t\tmit &#8218;Spigots&#8216;<\/li>\n<li>\n\t\tGeh\u00e4use und ausgew\u00e4hltem Teile sind ultraschall gereinigt<\/li>\n<li>\n\t\talle Teile sind gereinigt und \u00fcberpr\u00fcft<\/li>\n<li>\n\t\tSchieber sind synchronisiert<\/li>\n<li>\n\t\tLager sind neu befettet<\/li>\n<li>\n\t\tD\u00fcsen sind gereinigt<\/li>\n<li>\n\t\tSchwimmerh\u00f6hen eingestellt<\/li>\n<li>\n\t\tmehrere <font color=\"#000cff\" >neue <\/font>O-Ringe, Dichtungen und andere Teile (kontaktieren Sie uns f\u00fcr Details)<\/li>\n<li>\n\t\tetc.<\/li>\n<\/ul>\n<p>\n\tEin Gewinde ist professionel repariert (sehe letzte Bild).<\/p>\n<p>\tWir k\u00f6nnen die Vergaserabst\u00e4nde \u00e4ndern, damit diese auf andere Motorr\u00e4der passen (kontaktieren Sie uns f\u00fcr Details).<br \/>\n\tKomplett wie abgebildet.<\/p>\n<p>\tReady to race&#8230;.<\/p>\n<p>\n\t&nbsp;<\/p>\n","protected":false},"excerpt":{"rendered":"<p>Ein Keihin CR 33 racing Rundschieber Vergaserbatterie, mit aktuelle Vergaserabst\u00e4nde f\u00fcr die Honda CB 750, 900 &amp; 1100. In sehr gutem Zustand. Dieser Vergaserbatterie hat unseren Vergaser Service gehat, Details: Keihin CR 33 racing Rundschieber Vergaser mit &#8218;Spigots&#8216; Geh\u00e4use und ausgew\u00e4hltem Teile sind ultraschall gereinigt alle Teile sind gereinigt und \u00fcberpr\u00fcft Schieber sind synchronisiert Lager [&hellip;]<\/p>\n","protected":false},"featured_media":192334,"comment_status":"closed","ping_status":"closed","template":"","meta":{"_acf_changed":false},"product_brand":[],"product_cat":[9441],"product_tag":[],"class_list":{"0":"post-213536","1":"product","2":"type-product","3":"status-publish","4":"has-post-thumbnail","6":"product_cat-uncategorized","7":"pa_manufacturer-keihin-de","9":"first","10":"outofstock","11":"taxable","12":"shipping-taxable","13":"purchasable","14":"product-type-simple"},"acf":[],"yoast_head":"<!-- This site is optimized with the Yoast SEO plugin v27.3 - https:\/\/yoast.com\/product\/yoast-seo-wordpress\/ -->\n<title>Keihin CR 33 special Vergaser \/ Honda CB 750 900 1100 - Frank! MXParts<\/title>\n<meta name=\"robots\" content=\"noindex, follow, max-snippet:-1, max-image-preview:large, max-video-preview:-1\" \/>\n<meta property=\"og:locale\" content=\"de_DE\" \/>\n<meta property=\"og:type\" content=\"article\" \/>\n<meta property=\"og:title\" content=\"Keihin CR 33 special Vergaser \/ Honda CB 750 900 1100 - Frank! MXParts\" \/>\n<meta property=\"og:description\" content=\"Ein Keihin CR 33 racing Rundschieber Vergaserbatterie, mit aktuelle Vergaserabst\u00e4nde f\u00fcr die Honda CB 750, 900 &amp; 1100. In sehr gutem Zustand. Dieser Vergaserbatterie hat unseren Vergaser Service gehat, Details: Keihin CR 33 racing Rundschieber Vergaser mit &#8218;Spigots&#8216; Geh\u00e4use und ausgew\u00e4hltem Teile sind ultraschall gereinigt alle Teile sind gereinigt und \u00fcberpr\u00fcft Schieber sind synchronisiert Lager [&hellip;]\" \/>\n<meta property=\"og:url\" content=\"https:\/\/www.frankmxparts.com.iclicksapp.nl\/de\/keihin-cr-33-special-roundslide-racing-carburetors-honda-cb-750-900-1100\" \/>\n<meta property=\"og:site_name\" content=\"Frank! MXParts\" \/>\n<meta property=\"article:modified_time\" content=\"2024-11-27T11:36:44+00:00\" \/>\n<meta property=\"og:image\" content=\"https:\/\/www.frankmxparts.com.iclicksapp.nl\/wp-content\/uploads\/2024\/11\/DSC07550.jpg\" \/>\n\t<meta property=\"og:image:width\" content=\"750\" \/>\n\t<meta property=\"og:image:height\" content=\"563\" \/>\n\t<meta property=\"og:image:type\" content=\"image\/jpeg\" \/>\n<meta name=\"twitter:card\" content=\"summary_large_image\" \/>\n<meta name=\"twitter:label1\" content=\"Gesch\u00e4tzte Lesezeit\" \/>\n\t<meta name=\"twitter:data1\" content=\"1\u00a0Minute\" \/>\n<script type=\"application\/ld+json\" class=\"yoast-schema-graph\">{\"@context\":\"https:\\\/\\\/schema.org\",\"@graph\":[{\"@type\":\"WebPage\",\"@id\":\"https:\\\/\\\/www.frankmxparts.com.iclicksapp.nl\\\/de\\\/keihin-cr-33-special-roundslide-racing-carburetors-honda-cb-750-900-1100\",\"url\":\"https:\\\/\\\/www.frankmxparts.com.iclicksapp.nl\\\/de\\\/keihin-cr-33-special-roundslide-racing-carburetors-honda-cb-750-900-1100\",\"name\":\"Keihin CR 33 special Vergaser \\\/ Honda CB 750 900 1100 - Frank! MXParts\",\"isPartOf\":{\"@id\":\"https:\\\/\\\/www.frankmxparts.com.iclicksapp.nl\\\/de\\\/#website\"},\"primaryImageOfPage\":{\"@id\":\"https:\\\/\\\/www.frankmxparts.com.iclicksapp.nl\\\/de\\\/keihin-cr-33-special-roundslide-racing-carburetors-honda-cb-750-900-1100#primaryimage\"},\"image\":{\"@id\":\"https:\\\/\\\/www.frankmxparts.com.iclicksapp.nl\\\/de\\\/keihin-cr-33-special-roundslide-racing-carburetors-honda-cb-750-900-1100#primaryimage\"},\"thumbnailUrl\":\"https:\\\/\\\/www.frankmxparts.com.iclicksapp.nl\\\/wp-content\\\/uploads\\\/2024\\\/11\\\/DSC07550.jpg\",\"datePublished\":\"2024-11-19T20:35:03+00:00\",\"dateModified\":\"2024-11-27T11:36:44+00:00\",\"breadcrumb\":{\"@id\":\"https:\\\/\\\/www.frankmxparts.com.iclicksapp.nl\\\/de\\\/keihin-cr-33-special-roundslide-racing-carburetors-honda-cb-750-900-1100#breadcrumb\"},\"inLanguage\":\"de\",\"potentialAction\":[{\"@type\":\"ReadAction\",\"target\":[\"https:\\\/\\\/www.frankmxparts.com.iclicksapp.nl\\\/de\\\/keihin-cr-33-special-roundslide-racing-carburetors-honda-cb-750-900-1100\"]}]},{\"@type\":\"ImageObject\",\"inLanguage\":\"de\",\"@id\":\"https:\\\/\\\/www.frankmxparts.com.iclicksapp.nl\\\/de\\\/keihin-cr-33-special-roundslide-racing-carburetors-honda-cb-750-900-1100#primaryimage\",\"url\":\"https:\\\/\\\/www.frankmxparts.com.iclicksapp.nl\\\/wp-content\\\/uploads\\\/2024\\\/11\\\/DSC07550.jpg\",\"contentUrl\":\"https:\\\/\\\/www.frankmxparts.com.iclicksapp.nl\\\/wp-content\\\/uploads\\\/2024\\\/11\\\/DSC07550.jpg\",\"width\":750,\"height\":563},{\"@type\":\"BreadcrumbList\",\"@id\":\"https:\\\/\\\/www.frankmxparts.com.iclicksapp.nl\\\/de\\\/keihin-cr-33-special-roundslide-racing-carburetors-honda-cb-750-900-1100#breadcrumb\",\"itemListElement\":[{\"@type\":\"ListItem\",\"position\":1,\"name\":\"Home\",\"item\":\"https:\\\/\\\/www.frankmxparts.com.iclicksapp.nl\\\/de\"},{\"@type\":\"ListItem\",\"position\":2,\"name\":\"Shop\",\"item\":\"https:\\\/\\\/www.frankmxparts.com.iclicksapp.nl\\\/winkel\"},{\"@type\":\"ListItem\",\"position\":3,\"name\":\"Keihin CR 33 special Vergaser \\\/ Honda CB 750 900 1100\"}]},{\"@type\":\"WebSite\",\"@id\":\"https:\\\/\\\/www.frankmxparts.com.iclicksapp.nl\\\/de\\\/#website\",\"url\":\"https:\\\/\\\/www.frankmxparts.com.iclicksapp.nl\\\/de\\\/\",\"name\":\"Frank! MXParts\",\"description\":\"\",\"publisher\":{\"@id\":\"https:\\\/\\\/www.frankmxparts.com.iclicksapp.nl\\\/de\\\/#organization\"},\"potentialAction\":[{\"@type\":\"SearchAction\",\"target\":{\"@type\":\"EntryPoint\",\"urlTemplate\":\"https:\\\/\\\/www.frankmxparts.com.iclicksapp.nl\\\/de\\\/?s={search_term_string}\"},\"query-input\":{\"@type\":\"PropertyValueSpecification\",\"valueRequired\":true,\"valueName\":\"search_term_string\"}}],\"inLanguage\":\"de\"},{\"@type\":\"Organization\",\"@id\":\"https:\\\/\\\/www.frankmxparts.com.iclicksapp.nl\\\/de\\\/#organization\",\"name\":\"Frank! MXParts\",\"url\":\"https:\\\/\\\/www.frankmxparts.com.iclicksapp.nl\\\/de\\\/\",\"logo\":{\"@type\":\"ImageObject\",\"inLanguage\":\"de\",\"@id\":\"https:\\\/\\\/www.frankmxparts.com.iclicksapp.nl\\\/de\\\/#\\\/schema\\\/logo\\\/image\\\/\",\"url\":\"https:\\\/\\\/www.frankmxparts.com.iclicksapp.nl\\\/wp-content\\\/uploads\\\/2024\\\/01\\\/frank-mxparts-logo.svg\",\"contentUrl\":\"https:\\\/\\\/www.frankmxparts.com.iclicksapp.nl\\\/wp-content\\\/uploads\\\/2024\\\/01\\\/frank-mxparts-logo.svg\",\"width\":301,\"height\":88,\"caption\":\"Frank! MXParts\"},\"image\":{\"@id\":\"https:\\\/\\\/www.frankmxparts.com.iclicksapp.nl\\\/de\\\/#\\\/schema\\\/logo\\\/image\\\/\"}}]}<\/script>\n<!-- \/ Yoast SEO plugin. -->","yoast_head_json":{"title":"Keihin CR 33 special Vergaser \/ Honda CB 750 900 1100 - Frank! MXParts","robots":{"index":"noindex","follow":"follow","max-snippet":"max-snippet:-1","max-image-preview":"max-image-preview:large","max-video-preview":"max-video-preview:-1"},"og_locale":"de_DE","og_type":"article","og_title":"Keihin CR 33 special Vergaser \/ Honda CB 750 900 1100 - Frank! MXParts","og_description":"Ein Keihin CR 33 racing Rundschieber Vergaserbatterie, mit aktuelle Vergaserabst\u00e4nde f\u00fcr die Honda CB 750, 900 &amp; 1100. In sehr gutem Zustand. Dieser Vergaserbatterie hat unseren Vergaser Service gehat, Details: Keihin CR 33 racing Rundschieber Vergaser mit &#8218;Spigots&#8216; Geh\u00e4use und ausgew\u00e4hltem Teile sind ultraschall gereinigt alle Teile sind gereinigt und \u00fcberpr\u00fcft Schieber sind synchronisiert Lager [&hellip;]","og_url":"https:\/\/www.frankmxparts.com.iclicksapp.nl\/de\/keihin-cr-33-special-roundslide-racing-carburetors-honda-cb-750-900-1100","og_site_name":"Frank! MXParts","article_modified_time":"2024-11-27T11:36:44+00:00","og_image":[{"width":750,"height":563,"url":"https:\/\/www.frankmxparts.com.iclicksapp.nl\/wp-content\/uploads\/2024\/11\/DSC07550.jpg","type":"image\/jpeg"}],"twitter_card":"summary_large_image","twitter_misc":{"Gesch\u00e4tzte Lesezeit":"1\u00a0Minute"},"schema":{"@context":"https:\/\/schema.org","@graph":[{"@type":"WebPage","@id":"https:\/\/www.frankmxparts.com.iclicksapp.nl\/de\/keihin-cr-33-special-roundslide-racing-carburetors-honda-cb-750-900-1100","url":"https:\/\/www.frankmxparts.com.iclicksapp.nl\/de\/keihin-cr-33-special-roundslide-racing-carburetors-honda-cb-750-900-1100","name":"Keihin CR 33 special Vergaser \/ Honda CB 750 900 1100 - Frank! MXParts","isPartOf":{"@id":"https:\/\/www.frankmxparts.com.iclicksapp.nl\/de\/#website"},"primaryImageOfPage":{"@id":"https:\/\/www.frankmxparts.com.iclicksapp.nl\/de\/keihin-cr-33-special-roundslide-racing-carburetors-honda-cb-750-900-1100#primaryimage"},"image":{"@id":"https:\/\/www.frankmxparts.com.iclicksapp.nl\/de\/keihin-cr-33-special-roundslide-racing-carburetors-honda-cb-750-900-1100#primaryimage"},"thumbnailUrl":"https:\/\/www.frankmxparts.com.iclicksapp.nl\/wp-content\/uploads\/2024\/11\/DSC07550.jpg","datePublished":"2024-11-19T20:35:03+00:00","dateModified":"2024-11-27T11:36:44+00:00","breadcrumb":{"@id":"https:\/\/www.frankmxparts.com.iclicksapp.nl\/de\/keihin-cr-33-special-roundslide-racing-carburetors-honda-cb-750-900-1100#breadcrumb"},"inLanguage":"de","potentialAction":[{"@type":"ReadAction","target":["https:\/\/www.frankmxparts.com.iclicksapp.nl\/de\/keihin-cr-33-special-roundslide-racing-carburetors-honda-cb-750-900-1100"]}]},{"@type":"ImageObject","inLanguage":"de","@id":"https:\/\/www.frankmxparts.com.iclicksapp.nl\/de\/keihin-cr-33-special-roundslide-racing-carburetors-honda-cb-750-900-1100#primaryimage","url":"https:\/\/www.frankmxparts.com.iclicksapp.nl\/wp-content\/uploads\/2024\/11\/DSC07550.jpg","contentUrl":"https:\/\/www.frankmxparts.com.iclicksapp.nl\/wp-content\/uploads\/2024\/11\/DSC07550.jpg","width":750,"height":563},{"@type":"BreadcrumbList","@id":"https:\/\/www.frankmxparts.com.iclicksapp.nl\/de\/keihin-cr-33-special-roundslide-racing-carburetors-honda-cb-750-900-1100#breadcrumb","itemListElement":[{"@type":"ListItem","position":1,"name":"Home","item":"https:\/\/www.frankmxparts.com.iclicksapp.nl\/de"},{"@type":"ListItem","position":2,"name":"Shop","item":"https:\/\/www.frankmxparts.com.iclicksapp.nl\/winkel"},{"@type":"ListItem","position":3,"name":"Keihin CR 33 special Vergaser \/ Honda CB 750 900 1100"}]},{"@type":"WebSite","@id":"https:\/\/www.frankmxparts.com.iclicksapp.nl\/de\/#website","url":"https:\/\/www.frankmxparts.com.iclicksapp.nl\/de\/","name":"Frank! MXParts","description":"","publisher":{"@id":"https:\/\/www.frankmxparts.com.iclicksapp.nl\/de\/#organization"},"potentialAction":[{"@type":"SearchAction","target":{"@type":"EntryPoint","urlTemplate":"https:\/\/www.frankmxparts.com.iclicksapp.nl\/de\/?s={search_term_string}"},"query-input":{"@type":"PropertyValueSpecification","valueRequired":true,"valueName":"search_term_string"}}],"inLanguage":"de"},{"@type":"Organization","@id":"https:\/\/www.frankmxparts.com.iclicksapp.nl\/de\/#organization","name":"Frank! MXParts","url":"https:\/\/www.frankmxparts.com.iclicksapp.nl\/de\/","logo":{"@type":"ImageObject","inLanguage":"de","@id":"https:\/\/www.frankmxparts.com.iclicksapp.nl\/de\/#\/schema\/logo\/image\/","url":"https:\/\/www.frankmxparts.com.iclicksapp.nl\/wp-content\/uploads\/2024\/01\/frank-mxparts-logo.svg","contentUrl":"https:\/\/www.frankmxparts.com.iclicksapp.nl\/wp-content\/uploads\/2024\/01\/frank-mxparts-logo.svg","width":301,"height":88,"caption":"Frank! MXParts"},"image":{"@id":"https:\/\/www.frankmxparts.com.iclicksapp.nl\/de\/#\/schema\/logo\/image\/"}}]}},"_links":{"self":[{"href":"https:\/\/www.frankmxparts.com.iclicksapp.nl\/de\/wp-json\/wp\/v2\/product\/213536","targetHints":{"allow":["GET"]}}],"collection":[{"href":"https:\/\/www.frankmxparts.com.iclicksapp.nl\/de\/wp-json\/wp\/v2\/product"}],"about":[{"href":"https:\/\/www.frankmxparts.com.iclicksapp.nl\/de\/wp-json\/wp\/v2\/types\/product"}],"replies":[{"embeddable":true,"href":"https:\/\/www.frankmxparts.com.iclicksapp.nl\/de\/wp-json\/wp\/v2\/comments?post=213536"}],"wp:featuredmedia":[{"embeddable":true,"href":"https:\/\/www.frankmxparts.com.iclicksapp.nl\/de\/wp-json\/wp\/v2\/media\/192334"}],"wp:attachment":[{"href":"https:\/\/www.frankmxparts.com.iclicksapp.nl\/de\/wp-json\/wp\/v2\/media?parent=213536"}],"wp:term":[{"taxonomy":"product_brand","embeddable":true,"href":"https:\/\/www.frankmxparts.com.iclicksapp.nl\/de\/wp-json\/wp\/v2\/product_brand?post=213536"},{"taxonomy":"product_cat","embeddable":true,"href":"https:\/\/www.frankmxparts.com.iclicksapp.nl\/de\/wp-json\/wp\/v2\/product_cat?post=213536"},{"taxonomy":"product_tag","embeddable":true,"href":"https:\/\/www.frankmxparts.com.iclicksapp.nl\/de\/wp-json\/wp\/v2\/product_tag?post=213536"}],"curies":[{"name":"wp","href":"https:\/\/api.w.org\/{rel}","templated":true}]}}