{"id":213627,"date":"2024-11-19T21:41:03","date_gmt":"2024-11-19T20:41:03","guid":{"rendered":"https:\/\/www.frankmxparts.com.iclicksapp.nl\/product\/5173-5174-5175-5176-5177-5178-5179-5180-5181-5182-5183-jet-throttle-needle-keihin-cr-35-37-39-special-roundslide-carburetor-7-clip-position"},"modified":"2024-12-16T11:46:00","modified_gmt":"2024-12-16T10:46:00","slug":"5173-5174-5175-5176-5177-5178-5179-5180-5181-5182-5183-jet-throttle-needle-keihin-cr-35-37-39-special-roundslide-carburetor-7-clip-position","status":"publish","type":"product","link":"https:\/\/www.frankmxparts.com.iclicksapp.nl\/de\/5173-5174-5175-5176-5177-5178-5179-5180-5181-5182-5183-jet-throttle-needle-keihin-cr-35-37-39-special-roundslide-carburetor-7-clip-position","title":{"rendered":"D\u00fcsennadel \/ Keihin CR 35-39 special Vergaser"},"content":{"rendered":"<p>\n\t<br \/>\n\tD\u00fcsennadel f\u00fcr Keihin CR special (CRS) Vergaser.<\/p>\n<p>\t<font color=\"#000cff\">Original Keihin<\/font>&nbsp;hochwertiges Teil. 7-Clip Positionen.<\/p>\n<p>\tPassend f\u00fcr: CRS 35-37-39 Vergaser.<br \/>\n\tOptionen: 5173 &#8211; 5174 &#8230; 5182 &#8211; 5183 [ fetter &#8211; magerder ]<\/p>\n<p>\tKomplett wie abgebildet.<\/p>\n<p>\t&nbsp;<\/p>\n","protected":false},"excerpt":{"rendered":"<p>D\u00fcsennadel f\u00fcr Keihin CR special (CRS) Vergaser. Original Keihin&nbsp;hochwertiges Teil. 7-Clip Positionen. Passend f\u00fcr: CRS 35-37-39 Vergaser. Optionen: 5173 &#8211; 5174 &#8230; 5182 &#8211; 5183 [ fetter &#8211; magerder ] Komplett wie abgebildet. &nbsp;<\/p>\n","protected":false},"featured_media":193535,"comment_status":"closed","ping_status":"closed","template":"","meta":{"_acf_changed":false},"product_brand":[],"product_cat":[9441],"product_tag":[],"class_list":{"0":"post-213627","1":"product","2":"type-product","3":"status-publish","4":"has-post-thumbnail","6":"product_cat-uncategorized","7":"pa_manufacturer-keihin-de","8":"pa_needle-size-5173-de","9":"pa_needle-size-5174-de","10":"pa_needle-size-5175-de","11":"pa_needle-size-5177-de-2","12":"pa_needle-size-5178-de","13":"pa_needle-size-5179-de","14":"pa_needle-size-5180-de","15":"pa_needle-size-5181-de","16":"pa_needle-size-5182-de","17":"pa_needle-size-5183-de","19":"first","20":"instock","21":"taxable","22":"shipping-taxable","23":"purchasable","24":"product-type-variable"},"acf":[],"yoast_head":"<!-- This site is optimized with the Yoast SEO plugin v27.3 - https:\/\/yoast.com\/product\/yoast-seo-wordpress\/ -->\n<title>D\u00fcsennadel \/ Keihin CR 35-39 special Vergaser - Frank! MXParts<\/title>\n<meta name=\"robots\" content=\"noindex, follow, max-snippet:-1, max-image-preview:large, max-video-preview:-1\" \/>\n<meta property=\"og:locale\" content=\"de_DE\" \/>\n<meta property=\"og:type\" content=\"article\" \/>\n<meta property=\"og:title\" content=\"D\u00fcsennadel \/ Keihin CR 35-39 special Vergaser - Frank! MXParts\" \/>\n<meta property=\"og:description\" content=\"D\u00fcsennadel f\u00fcr Keihin CR special (CRS) Vergaser. Original Keihin&nbsp;hochwertiges Teil. 7-Clip Positionen. Passend f\u00fcr: CRS 35-37-39 Vergaser. Optionen: 5173 &#8211; 5174 &#8230; 5182 &#8211; 5183 [ fetter &#8211; magerder ] Komplett wie abgebildet. &nbsp;\" \/>\n<meta property=\"og:url\" content=\"https:\/\/www.frankmxparts.com.iclicksapp.nl\/de\/5173-5174-5175-5176-5177-5178-5179-5180-5181-5182-5183-jet-throttle-needle-keihin-cr-35-37-39-special-roundslide-carburetor-7-clip-position\" \/>\n<meta property=\"og:site_name\" content=\"Frank! MXParts\" \/>\n<meta property=\"article:modified_time\" content=\"2024-12-16T10:46:00+00:00\" \/>\n<meta property=\"og:image\" content=\"https:\/\/www.frankmxparts.com.iclicksapp.nl\/wp-content\/uploads\/2024\/11\/5173-5174-5175-5176-5177-5178-5179-5180-5181-5182-5183-throttle-needle-Keihin-CR-35-37-39-special-roundslide-carburetor-7-clip-position-Frank-MXParts.jpg\" \/>\n\t<meta property=\"og:image:width\" content=\"750\" \/>\n\t<meta property=\"og:image:height\" content=\"563\" \/>\n\t<meta property=\"og:image:type\" content=\"image\/jpeg\" \/>\n<meta name=\"twitter:card\" content=\"summary_large_image\" \/>\n<script type=\"application\/ld+json\" class=\"yoast-schema-graph\">{\"@context\":\"https:\\\/\\\/schema.org\",\"@graph\":[{\"@type\":\"WebPage\",\"@id\":\"https:\\\/\\\/www.frankmxparts.com.iclicksapp.nl\\\/de\\\/5173-5174-5175-5176-5177-5178-5179-5180-5181-5182-5183-jet-throttle-needle-keihin-cr-35-37-39-special-roundslide-carburetor-7-clip-position\",\"url\":\"https:\\\/\\\/www.frankmxparts.com.iclicksapp.nl\\\/de\\\/5173-5174-5175-5176-5177-5178-5179-5180-5181-5182-5183-jet-throttle-needle-keihin-cr-35-37-39-special-roundslide-carburetor-7-clip-position\",\"name\":\"D\u00fcsennadel \\\/ Keihin CR 35-39 special Vergaser - Frank! MXParts\",\"isPartOf\":{\"@id\":\"https:\\\/\\\/www.frankmxparts.com.iclicksapp.nl\\\/de\\\/#website\"},\"primaryImageOfPage\":{\"@id\":\"https:\\\/\\\/www.frankmxparts.com.iclicksapp.nl\\\/de\\\/5173-5174-5175-5176-5177-5178-5179-5180-5181-5182-5183-jet-throttle-needle-keihin-cr-35-37-39-special-roundslide-carburetor-7-clip-position#primaryimage\"},\"image\":{\"@id\":\"https:\\\/\\\/www.frankmxparts.com.iclicksapp.nl\\\/de\\\/5173-5174-5175-5176-5177-5178-5179-5180-5181-5182-5183-jet-throttle-needle-keihin-cr-35-37-39-special-roundslide-carburetor-7-clip-position#primaryimage\"},\"thumbnailUrl\":\"https:\\\/\\\/www.frankmxparts.com.iclicksapp.nl\\\/wp-content\\\/uploads\\\/2024\\\/11\\\/5173-5174-5175-5176-5177-5178-5179-5180-5181-5182-5183-throttle-needle-Keihin-CR-35-37-39-special-roundslide-carburetor-7-clip-position-Frank-MXParts.jpg\",\"datePublished\":\"2024-11-19T20:41:03+00:00\",\"dateModified\":\"2024-12-16T10:46:00+00:00\",\"breadcrumb\":{\"@id\":\"https:\\\/\\\/www.frankmxparts.com.iclicksapp.nl\\\/de\\\/5173-5174-5175-5176-5177-5178-5179-5180-5181-5182-5183-jet-throttle-needle-keihin-cr-35-37-39-special-roundslide-carburetor-7-clip-position#breadcrumb\"},\"inLanguage\":\"de\",\"potentialAction\":[{\"@type\":\"ReadAction\",\"target\":[\"https:\\\/\\\/www.frankmxparts.com.iclicksapp.nl\\\/de\\\/5173-5174-5175-5176-5177-5178-5179-5180-5181-5182-5183-jet-throttle-needle-keihin-cr-35-37-39-special-roundslide-carburetor-7-clip-position\"]}]},{\"@type\":\"ImageObject\",\"inLanguage\":\"de\",\"@id\":\"https:\\\/\\\/www.frankmxparts.com.iclicksapp.nl\\\/de\\\/5173-5174-5175-5176-5177-5178-5179-5180-5181-5182-5183-jet-throttle-needle-keihin-cr-35-37-39-special-roundslide-carburetor-7-clip-position#primaryimage\",\"url\":\"https:\\\/\\\/www.frankmxparts.com.iclicksapp.nl\\\/wp-content\\\/uploads\\\/2024\\\/11\\\/5173-5174-5175-5176-5177-5178-5179-5180-5181-5182-5183-throttle-needle-Keihin-CR-35-37-39-special-roundslide-carburetor-7-clip-position-Frank-MXParts.jpg\",\"contentUrl\":\"https:\\\/\\\/www.frankmxparts.com.iclicksapp.nl\\\/wp-content\\\/uploads\\\/2024\\\/11\\\/5173-5174-5175-5176-5177-5178-5179-5180-5181-5182-5183-throttle-needle-Keihin-CR-35-37-39-special-roundslide-carburetor-7-clip-position-Frank-MXParts.jpg\",\"width\":750,\"height\":563},{\"@type\":\"BreadcrumbList\",\"@id\":\"https:\\\/\\\/www.frankmxparts.com.iclicksapp.nl\\\/de\\\/5173-5174-5175-5176-5177-5178-5179-5180-5181-5182-5183-jet-throttle-needle-keihin-cr-35-37-39-special-roundslide-carburetor-7-clip-position#breadcrumb\",\"itemListElement\":[{\"@type\":\"ListItem\",\"position\":1,\"name\":\"Home\",\"item\":\"https:\\\/\\\/www.frankmxparts.com.iclicksapp.nl\\\/de\"},{\"@type\":\"ListItem\",\"position\":2,\"name\":\"Shop\",\"item\":\"https:\\\/\\\/www.frankmxparts.com.iclicksapp.nl\\\/winkel\"},{\"@type\":\"ListItem\",\"position\":3,\"name\":\"D\u00fcsennadel \\\/ Keihin CR 35-39 special Vergaser\"}]},{\"@type\":\"WebSite\",\"@id\":\"https:\\\/\\\/www.frankmxparts.com.iclicksapp.nl\\\/de\\\/#website\",\"url\":\"https:\\\/\\\/www.frankmxparts.com.iclicksapp.nl\\\/de\\\/\",\"name\":\"Frank! MXParts\",\"description\":\"\",\"publisher\":{\"@id\":\"https:\\\/\\\/www.frankmxparts.com.iclicksapp.nl\\\/de\\\/#organization\"},\"potentialAction\":[{\"@type\":\"SearchAction\",\"target\":{\"@type\":\"EntryPoint\",\"urlTemplate\":\"https:\\\/\\\/www.frankmxparts.com.iclicksapp.nl\\\/de\\\/?s={search_term_string}\"},\"query-input\":{\"@type\":\"PropertyValueSpecification\",\"valueRequired\":true,\"valueName\":\"search_term_string\"}}],\"inLanguage\":\"de\"},{\"@type\":\"Organization\",\"@id\":\"https:\\\/\\\/www.frankmxparts.com.iclicksapp.nl\\\/de\\\/#organization\",\"name\":\"Frank! MXParts\",\"url\":\"https:\\\/\\\/www.frankmxparts.com.iclicksapp.nl\\\/de\\\/\",\"logo\":{\"@type\":\"ImageObject\",\"inLanguage\":\"de\",\"@id\":\"https:\\\/\\\/www.frankmxparts.com.iclicksapp.nl\\\/de\\\/#\\\/schema\\\/logo\\\/image\\\/\",\"url\":\"https:\\\/\\\/www.frankmxparts.com.iclicksapp.nl\\\/wp-content\\\/uploads\\\/2024\\\/01\\\/frank-mxparts-logo.svg\",\"contentUrl\":\"https:\\\/\\\/www.frankmxparts.com.iclicksapp.nl\\\/wp-content\\\/uploads\\\/2024\\\/01\\\/frank-mxparts-logo.svg\",\"width\":301,\"height\":88,\"caption\":\"Frank! MXParts\"},\"image\":{\"@id\":\"https:\\\/\\\/www.frankmxparts.com.iclicksapp.nl\\\/de\\\/#\\\/schema\\\/logo\\\/image\\\/\"}}]}<\/script>\n<!-- \/ Yoast SEO plugin. -->","yoast_head_json":{"title":"D\u00fcsennadel \/ Keihin CR 35-39 special Vergaser - Frank! MXParts","robots":{"index":"noindex","follow":"follow","max-snippet":"max-snippet:-1","max-image-preview":"max-image-preview:large","max-video-preview":"max-video-preview:-1"},"og_locale":"de_DE","og_type":"article","og_title":"D\u00fcsennadel \/ Keihin CR 35-39 special Vergaser - Frank! MXParts","og_description":"D\u00fcsennadel f\u00fcr Keihin CR special (CRS) Vergaser. Original Keihin&nbsp;hochwertiges Teil. 7-Clip Positionen. Passend f\u00fcr: CRS 35-37-39 Vergaser. Optionen: 5173 &#8211; 5174 &#8230; 5182 &#8211; 5183 [ fetter &#8211; magerder ] Komplett wie abgebildet. &nbsp;","og_url":"https:\/\/www.frankmxparts.com.iclicksapp.nl\/de\/5173-5174-5175-5176-5177-5178-5179-5180-5181-5182-5183-jet-throttle-needle-keihin-cr-35-37-39-special-roundslide-carburetor-7-clip-position","og_site_name":"Frank! MXParts","article_modified_time":"2024-12-16T10:46:00+00:00","og_image":[{"width":750,"height":563,"url":"https:\/\/www.frankmxparts.com.iclicksapp.nl\/wp-content\/uploads\/2024\/11\/5173-5174-5175-5176-5177-5178-5179-5180-5181-5182-5183-throttle-needle-Keihin-CR-35-37-39-special-roundslide-carburetor-7-clip-position-Frank-MXParts.jpg","type":"image\/jpeg"}],"twitter_card":"summary_large_image","schema":{"@context":"https:\/\/schema.org","@graph":[{"@type":"WebPage","@id":"https:\/\/www.frankmxparts.com.iclicksapp.nl\/de\/5173-5174-5175-5176-5177-5178-5179-5180-5181-5182-5183-jet-throttle-needle-keihin-cr-35-37-39-special-roundslide-carburetor-7-clip-position","url":"https:\/\/www.frankmxparts.com.iclicksapp.nl\/de\/5173-5174-5175-5176-5177-5178-5179-5180-5181-5182-5183-jet-throttle-needle-keihin-cr-35-37-39-special-roundslide-carburetor-7-clip-position","name":"D\u00fcsennadel \/ Keihin CR 35-39 special Vergaser - Frank! MXParts","isPartOf":{"@id":"https:\/\/www.frankmxparts.com.iclicksapp.nl\/de\/#website"},"primaryImageOfPage":{"@id":"https:\/\/www.frankmxparts.com.iclicksapp.nl\/de\/5173-5174-5175-5176-5177-5178-5179-5180-5181-5182-5183-jet-throttle-needle-keihin-cr-35-37-39-special-roundslide-carburetor-7-clip-position#primaryimage"},"image":{"@id":"https:\/\/www.frankmxparts.com.iclicksapp.nl\/de\/5173-5174-5175-5176-5177-5178-5179-5180-5181-5182-5183-jet-throttle-needle-keihin-cr-35-37-39-special-roundslide-carburetor-7-clip-position#primaryimage"},"thumbnailUrl":"https:\/\/www.frankmxparts.com.iclicksapp.nl\/wp-content\/uploads\/2024\/11\/5173-5174-5175-5176-5177-5178-5179-5180-5181-5182-5183-throttle-needle-Keihin-CR-35-37-39-special-roundslide-carburetor-7-clip-position-Frank-MXParts.jpg","datePublished":"2024-11-19T20:41:03+00:00","dateModified":"2024-12-16T10:46:00+00:00","breadcrumb":{"@id":"https:\/\/www.frankmxparts.com.iclicksapp.nl\/de\/5173-5174-5175-5176-5177-5178-5179-5180-5181-5182-5183-jet-throttle-needle-keihin-cr-35-37-39-special-roundslide-carburetor-7-clip-position#breadcrumb"},"inLanguage":"de","potentialAction":[{"@type":"ReadAction","target":["https:\/\/www.frankmxparts.com.iclicksapp.nl\/de\/5173-5174-5175-5176-5177-5178-5179-5180-5181-5182-5183-jet-throttle-needle-keihin-cr-35-37-39-special-roundslide-carburetor-7-clip-position"]}]},{"@type":"ImageObject","inLanguage":"de","@id":"https:\/\/www.frankmxparts.com.iclicksapp.nl\/de\/5173-5174-5175-5176-5177-5178-5179-5180-5181-5182-5183-jet-throttle-needle-keihin-cr-35-37-39-special-roundslide-carburetor-7-clip-position#primaryimage","url":"https:\/\/www.frankmxparts.com.iclicksapp.nl\/wp-content\/uploads\/2024\/11\/5173-5174-5175-5176-5177-5178-5179-5180-5181-5182-5183-throttle-needle-Keihin-CR-35-37-39-special-roundslide-carburetor-7-clip-position-Frank-MXParts.jpg","contentUrl":"https:\/\/www.frankmxparts.com.iclicksapp.nl\/wp-content\/uploads\/2024\/11\/5173-5174-5175-5176-5177-5178-5179-5180-5181-5182-5183-throttle-needle-Keihin-CR-35-37-39-special-roundslide-carburetor-7-clip-position-Frank-MXParts.jpg","width":750,"height":563},{"@type":"BreadcrumbList","@id":"https:\/\/www.frankmxparts.com.iclicksapp.nl\/de\/5173-5174-5175-5176-5177-5178-5179-5180-5181-5182-5183-jet-throttle-needle-keihin-cr-35-37-39-special-roundslide-carburetor-7-clip-position#breadcrumb","itemListElement":[{"@type":"ListItem","position":1,"name":"Home","item":"https:\/\/www.frankmxparts.com.iclicksapp.nl\/de"},{"@type":"ListItem","position":2,"name":"Shop","item":"https:\/\/www.frankmxparts.com.iclicksapp.nl\/winkel"},{"@type":"ListItem","position":3,"name":"D\u00fcsennadel \/ Keihin CR 35-39 special Vergaser"}]},{"@type":"WebSite","@id":"https:\/\/www.frankmxparts.com.iclicksapp.nl\/de\/#website","url":"https:\/\/www.frankmxparts.com.iclicksapp.nl\/de\/","name":"Frank! MXParts","description":"","publisher":{"@id":"https:\/\/www.frankmxparts.com.iclicksapp.nl\/de\/#organization"},"potentialAction":[{"@type":"SearchAction","target":{"@type":"EntryPoint","urlTemplate":"https:\/\/www.frankmxparts.com.iclicksapp.nl\/de\/?s={search_term_string}"},"query-input":{"@type":"PropertyValueSpecification","valueRequired":true,"valueName":"search_term_string"}}],"inLanguage":"de"},{"@type":"Organization","@id":"https:\/\/www.frankmxparts.com.iclicksapp.nl\/de\/#organization","name":"Frank! MXParts","url":"https:\/\/www.frankmxparts.com.iclicksapp.nl\/de\/","logo":{"@type":"ImageObject","inLanguage":"de","@id":"https:\/\/www.frankmxparts.com.iclicksapp.nl\/de\/#\/schema\/logo\/image\/","url":"https:\/\/www.frankmxparts.com.iclicksapp.nl\/wp-content\/uploads\/2024\/01\/frank-mxparts-logo.svg","contentUrl":"https:\/\/www.frankmxparts.com.iclicksapp.nl\/wp-content\/uploads\/2024\/01\/frank-mxparts-logo.svg","width":301,"height":88,"caption":"Frank! MXParts"},"image":{"@id":"https:\/\/www.frankmxparts.com.iclicksapp.nl\/de\/#\/schema\/logo\/image\/"}}]}},"_links":{"self":[{"href":"https:\/\/www.frankmxparts.com.iclicksapp.nl\/de\/wp-json\/wp\/v2\/product\/213627","targetHints":{"allow":["GET"]}}],"collection":[{"href":"https:\/\/www.frankmxparts.com.iclicksapp.nl\/de\/wp-json\/wp\/v2\/product"}],"about":[{"href":"https:\/\/www.frankmxparts.com.iclicksapp.nl\/de\/wp-json\/wp\/v2\/types\/product"}],"replies":[{"embeddable":true,"href":"https:\/\/www.frankmxparts.com.iclicksapp.nl\/de\/wp-json\/wp\/v2\/comments?post=213627"}],"wp:featuredmedia":[{"embeddable":true,"href":"https:\/\/www.frankmxparts.com.iclicksapp.nl\/de\/wp-json\/wp\/v2\/media\/193535"}],"wp:attachment":[{"href":"https:\/\/www.frankmxparts.com.iclicksapp.nl\/de\/wp-json\/wp\/v2\/media?parent=213627"}],"wp:term":[{"taxonomy":"product_brand","embeddable":true,"href":"https:\/\/www.frankmxparts.com.iclicksapp.nl\/de\/wp-json\/wp\/v2\/product_brand?post=213627"},{"taxonomy":"product_cat","embeddable":true,"href":"https:\/\/www.frankmxparts.com.iclicksapp.nl\/de\/wp-json\/wp\/v2\/product_cat?post=213627"},{"taxonomy":"product_tag","embeddable":true,"href":"https:\/\/www.frankmxparts.com.iclicksapp.nl\/de\/wp-json\/wp\/v2\/product_tag?post=213627"}],"curies":[{"name":"wp","href":"https:\/\/api.w.org\/{rel}","templated":true}]}}