{"id":213641,"date":"2024-11-19T21:42:03","date_gmt":"2024-11-19T20:42:03","guid":{"rendered":"https:\/\/www.frankmxparts.com.iclicksapp.nl\/product\/keihin-fcr-mx-41-flatslide-carburetor-kit-ktm-upgrade-kit"},"modified":"2024-11-21T12:18:19","modified_gmt":"2024-11-21T10:18:19","slug":"keihin-fcr-mx-41-flatslide-carburetor-kit-ktm-upgrade-kit","status":"publish","type":"product","link":"https:\/\/www.frankmxparts.com.iclicksapp.nl\/de\/keihin-fcr-mx-41-flatslide-carburetor-kit-ktm-upgrade-kit","title":{"rendered":"Keihin FCR MX 41 Vergaser Kit \/ KTM UPGRADE KIT"},"content":{"rendered":"<p>\n\t<br \/>\n\tKeihin FCR MX 41 Vergaser aus einer 2008 KTM.<\/p>\n<p>\tIn sehr gutem Zustand (Innen- und Au\u00dfenseite) &#8211; garantiert. Dieser Vergaser hat unserem <font color=\"#000cff\">Vergaser Service gehat<\/font>. Details:<br \/>\n\t&nbsp;<\/p>\n<ul>\n<li>\n\t\t<font color=\"#000cff\">Keihin FCR MX 41 quad vent Flachschieber Vergaser<\/font><\/li>\n<li>\n\t\tmit <font color=\"#000cff\">Kaltstartbet\u00e4tigung <\/font>und&nbsp;<font color=\"#000cff\">Hei\u00dfstartbet\u00e4tigung<\/font><\/li>\n<li>\n\t\tmit <font color=\"#000cff\">TPS <\/font>(Throttle Position Sensor, Drosselklappensensor)<\/li>\n<li>\n\t\tmit&nbsp;<font color=\"#000cff\">Beschleunigerpumpe<\/font>&nbsp;(getestet, und funktioniert perfekt)<\/li>\n<li>\n\t\tmit Gashabel und Gasz\u00fcge<\/li>\n<li>\n\t\tVergaser Geh\u00e4use und ausgew\u00e4hlte Teile sind <font color=\"#000cff\">ultraschall gereinigt<\/font><\/li>\n<li>\n\t\talle Teile sind gereinigt und inspektiert<\/li>\n<li>\n\t\tSchwimmerh\u00f6he neu eingestellt<\/li>\n<li>\n\t\tO-Ring modifikation (f\u00fcr besseres Ansprechverhalten<\/li>\n<li>\n\t\tLager sind neu befettet<\/li>\n<li>\n\t\tmit mehrere <font color=\"#000cff\" style=\"line-height: 14px;\">neue O-Ringe und Dichtungen<\/font><\/li>\n<li>\n\t\tetc.<\/li>\n<\/ul>\n<p>\n\tAbmessungen:<\/p>\n<ul>\n<li>\n\t\tL\u00e4nge: 54 mm.<\/li>\n<li>\n\t\tAussendurchmesser Zylinderseite: 48.5 mm.<\/li>\n<li>\n\t\tAussendurchmesser Luftfilterseite: 54.5 mm<\/li>\n<\/ul>\n<p>\n\t&nbsp;<\/p>\n<p>\n\tIdeal f\u00fcr Upgrades!<br \/>\n\tKomplett wie abgebildet. Ready to race&#8230;<\/p>\n<p>\n\t&nbsp;<\/p>\n","protected":false},"excerpt":{"rendered":"<p>Keihin FCR MX 41 Vergaser aus einer 2008 KTM. In sehr gutem Zustand (Innen- und Au\u00dfenseite) &#8211; garantiert. Dieser Vergaser hat unserem Vergaser Service gehat. Details: &nbsp; Keihin FCR MX 41 quad vent Flachschieber Vergaser mit Kaltstartbet\u00e4tigung und&nbsp;Hei\u00dfstartbet\u00e4tigung mit TPS (Throttle Position Sensor, Drosselklappensensor) mit&nbsp;Beschleunigerpumpe&nbsp;(getestet, und funktioniert perfekt) mit Gashabel und Gasz\u00fcge Vergaser Geh\u00e4use und [&hellip;]<\/p>\n","protected":false},"featured_media":193624,"comment_status":"closed","ping_status":"closed","template":"","meta":{"_acf_changed":false},"product_brand":[],"product_cat":[9441],"product_tag":[],"class_list":{"0":"post-213641","1":"product","2":"type-product","3":"status-publish","4":"has-post-thumbnail","6":"product_cat-uncategorized","7":"pa_manufacturer-keihin-de","9":"first","10":"outofstock","11":"taxable","12":"shipping-taxable","13":"purchasable","14":"product-type-simple"},"acf":[],"yoast_head":"<!-- This site is optimized with the Yoast SEO plugin v27.3 - https:\/\/yoast.com\/product\/yoast-seo-wordpress\/ -->\n<title>Keihin FCR MX 41 Vergaser Kit \/ KTM UPGRADE KIT - Frank! MXParts<\/title>\n<meta name=\"robots\" content=\"noindex, follow, max-snippet:-1, max-image-preview:large, max-video-preview:-1\" \/>\n<meta property=\"og:locale\" content=\"de_DE\" \/>\n<meta property=\"og:type\" content=\"article\" \/>\n<meta property=\"og:title\" content=\"Keihin FCR MX 41 Vergaser Kit \/ KTM UPGRADE KIT - Frank! MXParts\" \/>\n<meta property=\"og:description\" content=\"Keihin FCR MX 41 Vergaser aus einer 2008 KTM. In sehr gutem Zustand (Innen- und Au\u00dfenseite) &#8211; garantiert. Dieser Vergaser hat unserem Vergaser Service gehat. Details: &nbsp; Keihin FCR MX 41 quad vent Flachschieber Vergaser mit Kaltstartbet\u00e4tigung und&nbsp;Hei\u00dfstartbet\u00e4tigung mit TPS (Throttle Position Sensor, Drosselklappensensor) mit&nbsp;Beschleunigerpumpe&nbsp;(getestet, und funktioniert perfekt) mit Gashabel und Gasz\u00fcge Vergaser Geh\u00e4use und [&hellip;]\" \/>\n<meta property=\"og:url\" content=\"https:\/\/www.frankmxparts.com.iclicksapp.nl\/de\/keihin-fcr-mx-41-flatslide-carburetor-kit-ktm-upgrade-kit\" \/>\n<meta property=\"og:site_name\" content=\"Frank! MXParts\" \/>\n<meta property=\"article:modified_time\" content=\"2024-11-21T10:18:19+00:00\" \/>\n<meta property=\"og:image\" content=\"https:\/\/www.frankmxparts.com.iclicksapp.nl\/wp-content\/uploads\/2024\/11\/DSC00806-1.jpg\" \/>\n\t<meta property=\"og:image:width\" content=\"750\" \/>\n\t<meta property=\"og:image:height\" content=\"563\" \/>\n\t<meta property=\"og:image:type\" content=\"image\/jpeg\" \/>\n<meta name=\"twitter:card\" content=\"summary_large_image\" \/>\n<meta name=\"twitter:label1\" content=\"Gesch\u00e4tzte Lesezeit\" \/>\n\t<meta name=\"twitter:data1\" content=\"1\u00a0Minute\" \/>\n<script type=\"application\/ld+json\" class=\"yoast-schema-graph\">{\"@context\":\"https:\\\/\\\/schema.org\",\"@graph\":[{\"@type\":\"WebPage\",\"@id\":\"https:\\\/\\\/www.frankmxparts.com.iclicksapp.nl\\\/de\\\/keihin-fcr-mx-41-flatslide-carburetor-kit-ktm-upgrade-kit\",\"url\":\"https:\\\/\\\/www.frankmxparts.com.iclicksapp.nl\\\/de\\\/keihin-fcr-mx-41-flatslide-carburetor-kit-ktm-upgrade-kit\",\"name\":\"Keihin FCR MX 41 Vergaser Kit \\\/ KTM UPGRADE KIT - Frank! MXParts\",\"isPartOf\":{\"@id\":\"https:\\\/\\\/www.frankmxparts.com.iclicksapp.nl\\\/de\\\/#website\"},\"primaryImageOfPage\":{\"@id\":\"https:\\\/\\\/www.frankmxparts.com.iclicksapp.nl\\\/de\\\/keihin-fcr-mx-41-flatslide-carburetor-kit-ktm-upgrade-kit#primaryimage\"},\"image\":{\"@id\":\"https:\\\/\\\/www.frankmxparts.com.iclicksapp.nl\\\/de\\\/keihin-fcr-mx-41-flatslide-carburetor-kit-ktm-upgrade-kit#primaryimage\"},\"thumbnailUrl\":\"https:\\\/\\\/www.frankmxparts.com.iclicksapp.nl\\\/wp-content\\\/uploads\\\/2024\\\/11\\\/DSC00806-1.jpg\",\"datePublished\":\"2024-11-19T20:42:03+00:00\",\"dateModified\":\"2024-11-21T10:18:19+00:00\",\"breadcrumb\":{\"@id\":\"https:\\\/\\\/www.frankmxparts.com.iclicksapp.nl\\\/de\\\/keihin-fcr-mx-41-flatslide-carburetor-kit-ktm-upgrade-kit#breadcrumb\"},\"inLanguage\":\"de\",\"potentialAction\":[{\"@type\":\"ReadAction\",\"target\":[\"https:\\\/\\\/www.frankmxparts.com.iclicksapp.nl\\\/de\\\/keihin-fcr-mx-41-flatslide-carburetor-kit-ktm-upgrade-kit\"]}]},{\"@type\":\"ImageObject\",\"inLanguage\":\"de\",\"@id\":\"https:\\\/\\\/www.frankmxparts.com.iclicksapp.nl\\\/de\\\/keihin-fcr-mx-41-flatslide-carburetor-kit-ktm-upgrade-kit#primaryimage\",\"url\":\"https:\\\/\\\/www.frankmxparts.com.iclicksapp.nl\\\/wp-content\\\/uploads\\\/2024\\\/11\\\/DSC00806-1.jpg\",\"contentUrl\":\"https:\\\/\\\/www.frankmxparts.com.iclicksapp.nl\\\/wp-content\\\/uploads\\\/2024\\\/11\\\/DSC00806-1.jpg\",\"width\":750,\"height\":563},{\"@type\":\"BreadcrumbList\",\"@id\":\"https:\\\/\\\/www.frankmxparts.com.iclicksapp.nl\\\/de\\\/keihin-fcr-mx-41-flatslide-carburetor-kit-ktm-upgrade-kit#breadcrumb\",\"itemListElement\":[{\"@type\":\"ListItem\",\"position\":1,\"name\":\"Home\",\"item\":\"https:\\\/\\\/www.frankmxparts.com.iclicksapp.nl\\\/de\"},{\"@type\":\"ListItem\",\"position\":2,\"name\":\"Shop\",\"item\":\"https:\\\/\\\/www.frankmxparts.com.iclicksapp.nl\\\/winkel\"},{\"@type\":\"ListItem\",\"position\":3,\"name\":\"Keihin FCR MX 41 Vergaser Kit \\\/ KTM UPGRADE KIT\"}]},{\"@type\":\"WebSite\",\"@id\":\"https:\\\/\\\/www.frankmxparts.com.iclicksapp.nl\\\/de\\\/#website\",\"url\":\"https:\\\/\\\/www.frankmxparts.com.iclicksapp.nl\\\/de\\\/\",\"name\":\"Frank! MXParts\",\"description\":\"\",\"publisher\":{\"@id\":\"https:\\\/\\\/www.frankmxparts.com.iclicksapp.nl\\\/de\\\/#organization\"},\"potentialAction\":[{\"@type\":\"SearchAction\",\"target\":{\"@type\":\"EntryPoint\",\"urlTemplate\":\"https:\\\/\\\/www.frankmxparts.com.iclicksapp.nl\\\/de\\\/?s={search_term_string}\"},\"query-input\":{\"@type\":\"PropertyValueSpecification\",\"valueRequired\":true,\"valueName\":\"search_term_string\"}}],\"inLanguage\":\"de\"},{\"@type\":\"Organization\",\"@id\":\"https:\\\/\\\/www.frankmxparts.com.iclicksapp.nl\\\/de\\\/#organization\",\"name\":\"Frank! MXParts\",\"url\":\"https:\\\/\\\/www.frankmxparts.com.iclicksapp.nl\\\/de\\\/\",\"logo\":{\"@type\":\"ImageObject\",\"inLanguage\":\"de\",\"@id\":\"https:\\\/\\\/www.frankmxparts.com.iclicksapp.nl\\\/de\\\/#\\\/schema\\\/logo\\\/image\\\/\",\"url\":\"https:\\\/\\\/www.frankmxparts.com.iclicksapp.nl\\\/wp-content\\\/uploads\\\/2024\\\/01\\\/frank-mxparts-logo.svg\",\"contentUrl\":\"https:\\\/\\\/www.frankmxparts.com.iclicksapp.nl\\\/wp-content\\\/uploads\\\/2024\\\/01\\\/frank-mxparts-logo.svg\",\"width\":301,\"height\":88,\"caption\":\"Frank! MXParts\"},\"image\":{\"@id\":\"https:\\\/\\\/www.frankmxparts.com.iclicksapp.nl\\\/de\\\/#\\\/schema\\\/logo\\\/image\\\/\"}}]}<\/script>\n<!-- \/ Yoast SEO plugin. -->","yoast_head_json":{"title":"Keihin FCR MX 41 Vergaser Kit \/ KTM UPGRADE KIT - Frank! MXParts","robots":{"index":"noindex","follow":"follow","max-snippet":"max-snippet:-1","max-image-preview":"max-image-preview:large","max-video-preview":"max-video-preview:-1"},"og_locale":"de_DE","og_type":"article","og_title":"Keihin FCR MX 41 Vergaser Kit \/ KTM UPGRADE KIT - Frank! MXParts","og_description":"Keihin FCR MX 41 Vergaser aus einer 2008 KTM. In sehr gutem Zustand (Innen- und Au\u00dfenseite) &#8211; garantiert. Dieser Vergaser hat unserem Vergaser Service gehat. Details: &nbsp; Keihin FCR MX 41 quad vent Flachschieber Vergaser mit Kaltstartbet\u00e4tigung und&nbsp;Hei\u00dfstartbet\u00e4tigung mit TPS (Throttle Position Sensor, Drosselklappensensor) mit&nbsp;Beschleunigerpumpe&nbsp;(getestet, und funktioniert perfekt) mit Gashabel und Gasz\u00fcge Vergaser Geh\u00e4use und [&hellip;]","og_url":"https:\/\/www.frankmxparts.com.iclicksapp.nl\/de\/keihin-fcr-mx-41-flatslide-carburetor-kit-ktm-upgrade-kit","og_site_name":"Frank! MXParts","article_modified_time":"2024-11-21T10:18:19+00:00","og_image":[{"width":750,"height":563,"url":"https:\/\/www.frankmxparts.com.iclicksapp.nl\/wp-content\/uploads\/2024\/11\/DSC00806-1.jpg","type":"image\/jpeg"}],"twitter_card":"summary_large_image","twitter_misc":{"Gesch\u00e4tzte Lesezeit":"1\u00a0Minute"},"schema":{"@context":"https:\/\/schema.org","@graph":[{"@type":"WebPage","@id":"https:\/\/www.frankmxparts.com.iclicksapp.nl\/de\/keihin-fcr-mx-41-flatslide-carburetor-kit-ktm-upgrade-kit","url":"https:\/\/www.frankmxparts.com.iclicksapp.nl\/de\/keihin-fcr-mx-41-flatslide-carburetor-kit-ktm-upgrade-kit","name":"Keihin FCR MX 41 Vergaser Kit \/ KTM UPGRADE KIT - Frank! MXParts","isPartOf":{"@id":"https:\/\/www.frankmxparts.com.iclicksapp.nl\/de\/#website"},"primaryImageOfPage":{"@id":"https:\/\/www.frankmxparts.com.iclicksapp.nl\/de\/keihin-fcr-mx-41-flatslide-carburetor-kit-ktm-upgrade-kit#primaryimage"},"image":{"@id":"https:\/\/www.frankmxparts.com.iclicksapp.nl\/de\/keihin-fcr-mx-41-flatslide-carburetor-kit-ktm-upgrade-kit#primaryimage"},"thumbnailUrl":"https:\/\/www.frankmxparts.com.iclicksapp.nl\/wp-content\/uploads\/2024\/11\/DSC00806-1.jpg","datePublished":"2024-11-19T20:42:03+00:00","dateModified":"2024-11-21T10:18:19+00:00","breadcrumb":{"@id":"https:\/\/www.frankmxparts.com.iclicksapp.nl\/de\/keihin-fcr-mx-41-flatslide-carburetor-kit-ktm-upgrade-kit#breadcrumb"},"inLanguage":"de","potentialAction":[{"@type":"ReadAction","target":["https:\/\/www.frankmxparts.com.iclicksapp.nl\/de\/keihin-fcr-mx-41-flatslide-carburetor-kit-ktm-upgrade-kit"]}]},{"@type":"ImageObject","inLanguage":"de","@id":"https:\/\/www.frankmxparts.com.iclicksapp.nl\/de\/keihin-fcr-mx-41-flatslide-carburetor-kit-ktm-upgrade-kit#primaryimage","url":"https:\/\/www.frankmxparts.com.iclicksapp.nl\/wp-content\/uploads\/2024\/11\/DSC00806-1.jpg","contentUrl":"https:\/\/www.frankmxparts.com.iclicksapp.nl\/wp-content\/uploads\/2024\/11\/DSC00806-1.jpg","width":750,"height":563},{"@type":"BreadcrumbList","@id":"https:\/\/www.frankmxparts.com.iclicksapp.nl\/de\/keihin-fcr-mx-41-flatslide-carburetor-kit-ktm-upgrade-kit#breadcrumb","itemListElement":[{"@type":"ListItem","position":1,"name":"Home","item":"https:\/\/www.frankmxparts.com.iclicksapp.nl\/de"},{"@type":"ListItem","position":2,"name":"Shop","item":"https:\/\/www.frankmxparts.com.iclicksapp.nl\/winkel"},{"@type":"ListItem","position":3,"name":"Keihin FCR MX 41 Vergaser Kit \/ KTM UPGRADE KIT"}]},{"@type":"WebSite","@id":"https:\/\/www.frankmxparts.com.iclicksapp.nl\/de\/#website","url":"https:\/\/www.frankmxparts.com.iclicksapp.nl\/de\/","name":"Frank! MXParts","description":"","publisher":{"@id":"https:\/\/www.frankmxparts.com.iclicksapp.nl\/de\/#organization"},"potentialAction":[{"@type":"SearchAction","target":{"@type":"EntryPoint","urlTemplate":"https:\/\/www.frankmxparts.com.iclicksapp.nl\/de\/?s={search_term_string}"},"query-input":{"@type":"PropertyValueSpecification","valueRequired":true,"valueName":"search_term_string"}}],"inLanguage":"de"},{"@type":"Organization","@id":"https:\/\/www.frankmxparts.com.iclicksapp.nl\/de\/#organization","name":"Frank! MXParts","url":"https:\/\/www.frankmxparts.com.iclicksapp.nl\/de\/","logo":{"@type":"ImageObject","inLanguage":"de","@id":"https:\/\/www.frankmxparts.com.iclicksapp.nl\/de\/#\/schema\/logo\/image\/","url":"https:\/\/www.frankmxparts.com.iclicksapp.nl\/wp-content\/uploads\/2024\/01\/frank-mxparts-logo.svg","contentUrl":"https:\/\/www.frankmxparts.com.iclicksapp.nl\/wp-content\/uploads\/2024\/01\/frank-mxparts-logo.svg","width":301,"height":88,"caption":"Frank! MXParts"},"image":{"@id":"https:\/\/www.frankmxparts.com.iclicksapp.nl\/de\/#\/schema\/logo\/image\/"}}]}},"_links":{"self":[{"href":"https:\/\/www.frankmxparts.com.iclicksapp.nl\/de\/wp-json\/wp\/v2\/product\/213641","targetHints":{"allow":["GET"]}}],"collection":[{"href":"https:\/\/www.frankmxparts.com.iclicksapp.nl\/de\/wp-json\/wp\/v2\/product"}],"about":[{"href":"https:\/\/www.frankmxparts.com.iclicksapp.nl\/de\/wp-json\/wp\/v2\/types\/product"}],"replies":[{"embeddable":true,"href":"https:\/\/www.frankmxparts.com.iclicksapp.nl\/de\/wp-json\/wp\/v2\/comments?post=213641"}],"wp:featuredmedia":[{"embeddable":true,"href":"https:\/\/www.frankmxparts.com.iclicksapp.nl\/de\/wp-json\/wp\/v2\/media\/193624"}],"wp:attachment":[{"href":"https:\/\/www.frankmxparts.com.iclicksapp.nl\/de\/wp-json\/wp\/v2\/media?parent=213641"}],"wp:term":[{"taxonomy":"product_brand","embeddable":true,"href":"https:\/\/www.frankmxparts.com.iclicksapp.nl\/de\/wp-json\/wp\/v2\/product_brand?post=213641"},{"taxonomy":"product_cat","embeddable":true,"href":"https:\/\/www.frankmxparts.com.iclicksapp.nl\/de\/wp-json\/wp\/v2\/product_cat?post=213641"},{"taxonomy":"product_tag","embeddable":true,"href":"https:\/\/www.frankmxparts.com.iclicksapp.nl\/de\/wp-json\/wp\/v2\/product_tag?post=213641"}],"curies":[{"name":"wp","href":"https:\/\/api.w.org\/{rel}","templated":true}]}}