{"id":213643,"date":"2024-11-19T21:42:03","date_gmt":"2024-11-19T20:42:03","guid":{"rendered":"https:\/\/www.frankmxparts.com.iclicksapp.nl\/product\/mikuni-rs-36-smoothbore-carburetors-gsxr-gpz-gsx-zrx-xjr-etc"},"modified":"2024-11-21T12:18:19","modified_gmt":"2024-11-21T10:18:19","slug":"mikuni-rs-36-smoothbore-carburetors-gsxr-gpz-gsx-zrx-xjr-etc","status":"publish","type":"product","link":"https:\/\/www.frankmxparts.com.iclicksapp.nl\/de\/mikuni-rs-36-smoothbore-carburetors-gsxr-gpz-gsx-zrx-xjr-etc","title":{"rendered":"Mikuni RS 36 Smoothbore Vergaser \/ GSXR GPZ GSX ZRX XJR etc."},"content":{"rendered":"<p>\n\t<br \/>\n\t<span style=\"color:#000cff;\">Mikuni RS 36 smoothbore Flachschieber Vergaser-batterie<\/span>.<\/p>\n<p>\tIn sehr gutem Zustand. F\u00fcr eine seri\u00f6se Leistungssteigerung! Dieser Vergaserbatterie hat meinen&nbsp;<font color=\"#000cff\" style=\"outline-style: none; outline-width: initial; outline-color: initial; line-height: 15px;\">Vergaser Service<\/font>&nbsp;gehat. Details:<\/p>\n<ul style=\"outline-style: none; outline-width: initial; outline-color: initial; line-height: 15px; resize: none;\">\n<li style=\"outline-style: none; outline-width: initial; outline-color: initial; line-height: 15px; resize: none;\">\n\t\t<span style=\"color:#000cff;\">Mikuni RS 36 Flachschieber Vergaserbatterie<\/span><\/li>\n<li style=\"outline-style: none; outline-width: initial; outline-color: initial; line-height: 15px; resize: none;\">\n\t\tmit Kaltstartbet\u00e4tigung und Beschleunigerpumpe<\/li>\n<li style=\"outline-style: none; outline-width: initial; outline-color: initial; line-height: 15px; resize: none;\">\n\t\tGeh\u00e4use und ausgew\u00e4hlte Teilesind ultraschall gereinigt<\/li>\n<li style=\"outline-style: none; outline-width: initial; outline-color: initial; line-height: 15px; resize: none;\">\n\t\talle Teile sind gereinigt und \u00fcberpr\u00fcft<\/li>\n<li style=\"outline-style: none; outline-width: initial; outline-color: initial; line-height: 15px; resize: none;\">\n\t\tD\u00fcsen sind gereinigt<\/li>\n<li style=\"outline-style: none; outline-width: initial; outline-color: initial; line-height: 15px; resize: none;\">\n\t\tSchwimmerh\u00f6hen eingestellt<\/li>\n<li style=\"outline-style: none; outline-width: initial; outline-color: initial; line-height: 15px; resize: none;\">\n\t\tLager sind neu befettet<\/li>\n<li style=\"outline-style: none; outline-width: initial; outline-color: initial; line-height: 15px; resize: none;\">\n\t\tetc.<\/li>\n<\/ul>\n<p>\n\tAuf diesen Moment ist den Batterie passend f\u00fcr:<\/p>\n<ul>\n<li>\n\t\tGSX-R 750\/1100<\/li>\n<li>\n\t\tGSF 1200 Bandit<\/li>\n<li>\n\t\tGSX 1100<\/li>\n<li>\n\t\tZ900 \/ Z1000<\/li>\n<li>\n\t\tGPZ 1100<\/li>\n<\/ul>\n<p>\n\tAuf Kundenwunsch k\u00f6nnen wir die Vergaserabst\u00e4nde \u00e4ndern, damit es passend ist f\u00fcr:<\/p>\n<ul>\n<li>\n\t\tGPZ 900R<\/li>\n<li>\n\t\tGPZ 1000RX<\/li>\n<li>\n\t\tZRX 1100\/1200<\/li>\n<li>\n\t\tZephyr 1100<\/li>\n<li>\n\t\tXS 1100\/1100S<\/li>\n<li>\n\t\tFJ 1100\/1200<\/li>\n<li>\n\t\tXJR 1200\/1300&nbsp;<\/li>\n<\/ul>\n<p>\n\t<br \/>\n\tKomplett wie abgebildet.<\/p>\n<p>\n\t&nbsp;<\/p>\n<p>\n\t&nbsp;<\/p>\n","protected":false},"excerpt":{"rendered":"<p>Mikuni RS 36 smoothbore Flachschieber Vergaser-batterie. In sehr gutem Zustand. F\u00fcr eine seri\u00f6se Leistungssteigerung! Dieser Vergaserbatterie hat meinen&nbsp;Vergaser Service&nbsp;gehat. Details: Mikuni RS 36 Flachschieber Vergaserbatterie mit Kaltstartbet\u00e4tigung und Beschleunigerpumpe Geh\u00e4use und ausgew\u00e4hlte Teilesind ultraschall gereinigt alle Teile sind gereinigt und \u00fcberpr\u00fcft D\u00fcsen sind gereinigt Schwimmerh\u00f6hen eingestellt Lager sind neu befettet etc. Auf diesen Moment ist [&hellip;]<\/p>\n","protected":false},"featured_media":193659,"comment_status":"closed","ping_status":"closed","template":"","meta":{"_acf_changed":false},"product_brand":[],"product_cat":[9441],"product_tag":[],"class_list":{"0":"post-213643","1":"product","2":"type-product","3":"status-publish","4":"has-post-thumbnail","6":"product_cat-uncategorized","7":"pa_manufacturer-mikuni-de","9":"first","10":"outofstock","11":"taxable","12":"shipping-taxable","13":"purchasable","14":"product-type-simple"},"acf":[],"yoast_head":"<!-- This site is optimized with the Yoast SEO plugin v27.3 - https:\/\/yoast.com\/product\/yoast-seo-wordpress\/ -->\n<title>Mikuni RS 36 Smoothbore Vergaser \/ GSXR GPZ GSX ZRX XJR etc. - Frank! MXParts<\/title>\n<meta name=\"robots\" content=\"noindex, follow, max-snippet:-1, max-image-preview:large, max-video-preview:-1\" \/>\n<meta property=\"og:locale\" content=\"de_DE\" \/>\n<meta property=\"og:type\" content=\"article\" \/>\n<meta property=\"og:title\" content=\"Mikuni RS 36 Smoothbore Vergaser \/ GSXR GPZ GSX ZRX XJR etc. - Frank! MXParts\" \/>\n<meta property=\"og:description\" content=\"Mikuni RS 36 smoothbore Flachschieber Vergaser-batterie. In sehr gutem Zustand. F\u00fcr eine seri\u00f6se Leistungssteigerung! Dieser Vergaserbatterie hat meinen&nbsp;Vergaser Service&nbsp;gehat. Details: Mikuni RS 36 Flachschieber Vergaserbatterie mit Kaltstartbet\u00e4tigung und Beschleunigerpumpe Geh\u00e4use und ausgew\u00e4hlte Teilesind ultraschall gereinigt alle Teile sind gereinigt und \u00fcberpr\u00fcft D\u00fcsen sind gereinigt Schwimmerh\u00f6hen eingestellt Lager sind neu befettet etc. Auf diesen Moment ist [&hellip;]\" \/>\n<meta property=\"og:url\" content=\"https:\/\/www.frankmxparts.com.iclicksapp.nl\/de\/mikuni-rs-36-smoothbore-carburetors-gsxr-gpz-gsx-zrx-xjr-etc\" \/>\n<meta property=\"og:site_name\" content=\"Frank! MXParts\" \/>\n<meta property=\"article:modified_time\" content=\"2024-11-21T10:18:19+00:00\" \/>\n<meta property=\"og:image\" content=\"https:\/\/www.frankmxparts.com.iclicksapp.nl\/wp-content\/uploads\/2024\/11\/DSC00760-1.jpg\" \/>\n\t<meta property=\"og:image:width\" content=\"750\" \/>\n\t<meta property=\"og:image:height\" content=\"563\" \/>\n\t<meta property=\"og:image:type\" content=\"image\/jpeg\" \/>\n<meta name=\"twitter:card\" content=\"summary_large_image\" \/>\n<meta name=\"twitter:label1\" content=\"Gesch\u00e4tzte Lesezeit\" \/>\n\t<meta name=\"twitter:data1\" content=\"1\u00a0Minute\" \/>\n<script type=\"application\/ld+json\" class=\"yoast-schema-graph\">{\"@context\":\"https:\\\/\\\/schema.org\",\"@graph\":[{\"@type\":\"WebPage\",\"@id\":\"https:\\\/\\\/www.frankmxparts.com.iclicksapp.nl\\\/de\\\/mikuni-rs-36-smoothbore-carburetors-gsxr-gpz-gsx-zrx-xjr-etc\",\"url\":\"https:\\\/\\\/www.frankmxparts.com.iclicksapp.nl\\\/de\\\/mikuni-rs-36-smoothbore-carburetors-gsxr-gpz-gsx-zrx-xjr-etc\",\"name\":\"Mikuni RS 36 Smoothbore Vergaser \\\/ GSXR GPZ GSX ZRX XJR etc. - Frank! MXParts\",\"isPartOf\":{\"@id\":\"https:\\\/\\\/www.frankmxparts.com.iclicksapp.nl\\\/de\\\/#website\"},\"primaryImageOfPage\":{\"@id\":\"https:\\\/\\\/www.frankmxparts.com.iclicksapp.nl\\\/de\\\/mikuni-rs-36-smoothbore-carburetors-gsxr-gpz-gsx-zrx-xjr-etc#primaryimage\"},\"image\":{\"@id\":\"https:\\\/\\\/www.frankmxparts.com.iclicksapp.nl\\\/de\\\/mikuni-rs-36-smoothbore-carburetors-gsxr-gpz-gsx-zrx-xjr-etc#primaryimage\"},\"thumbnailUrl\":\"https:\\\/\\\/www.frankmxparts.com.iclicksapp.nl\\\/wp-content\\\/uploads\\\/2024\\\/11\\\/DSC00760-1.jpg\",\"datePublished\":\"2024-11-19T20:42:03+00:00\",\"dateModified\":\"2024-11-21T10:18:19+00:00\",\"breadcrumb\":{\"@id\":\"https:\\\/\\\/www.frankmxparts.com.iclicksapp.nl\\\/de\\\/mikuni-rs-36-smoothbore-carburetors-gsxr-gpz-gsx-zrx-xjr-etc#breadcrumb\"},\"inLanguage\":\"de\",\"potentialAction\":[{\"@type\":\"ReadAction\",\"target\":[\"https:\\\/\\\/www.frankmxparts.com.iclicksapp.nl\\\/de\\\/mikuni-rs-36-smoothbore-carburetors-gsxr-gpz-gsx-zrx-xjr-etc\"]}]},{\"@type\":\"ImageObject\",\"inLanguage\":\"de\",\"@id\":\"https:\\\/\\\/www.frankmxparts.com.iclicksapp.nl\\\/de\\\/mikuni-rs-36-smoothbore-carburetors-gsxr-gpz-gsx-zrx-xjr-etc#primaryimage\",\"url\":\"https:\\\/\\\/www.frankmxparts.com.iclicksapp.nl\\\/wp-content\\\/uploads\\\/2024\\\/11\\\/DSC00760-1.jpg\",\"contentUrl\":\"https:\\\/\\\/www.frankmxparts.com.iclicksapp.nl\\\/wp-content\\\/uploads\\\/2024\\\/11\\\/DSC00760-1.jpg\",\"width\":750,\"height\":563},{\"@type\":\"BreadcrumbList\",\"@id\":\"https:\\\/\\\/www.frankmxparts.com.iclicksapp.nl\\\/de\\\/mikuni-rs-36-smoothbore-carburetors-gsxr-gpz-gsx-zrx-xjr-etc#breadcrumb\",\"itemListElement\":[{\"@type\":\"ListItem\",\"position\":1,\"name\":\"Home\",\"item\":\"https:\\\/\\\/www.frankmxparts.com.iclicksapp.nl\\\/de\"},{\"@type\":\"ListItem\",\"position\":2,\"name\":\"Shop\",\"item\":\"https:\\\/\\\/www.frankmxparts.com.iclicksapp.nl\\\/winkel\"},{\"@type\":\"ListItem\",\"position\":3,\"name\":\"Mikuni RS 36 Smoothbore Vergaser \\\/ GSXR GPZ GSX ZRX XJR etc.\"}]},{\"@type\":\"WebSite\",\"@id\":\"https:\\\/\\\/www.frankmxparts.com.iclicksapp.nl\\\/de\\\/#website\",\"url\":\"https:\\\/\\\/www.frankmxparts.com.iclicksapp.nl\\\/de\\\/\",\"name\":\"Frank! MXParts\",\"description\":\"\",\"publisher\":{\"@id\":\"https:\\\/\\\/www.frankmxparts.com.iclicksapp.nl\\\/de\\\/#organization\"},\"potentialAction\":[{\"@type\":\"SearchAction\",\"target\":{\"@type\":\"EntryPoint\",\"urlTemplate\":\"https:\\\/\\\/www.frankmxparts.com.iclicksapp.nl\\\/de\\\/?s={search_term_string}\"},\"query-input\":{\"@type\":\"PropertyValueSpecification\",\"valueRequired\":true,\"valueName\":\"search_term_string\"}}],\"inLanguage\":\"de\"},{\"@type\":\"Organization\",\"@id\":\"https:\\\/\\\/www.frankmxparts.com.iclicksapp.nl\\\/de\\\/#organization\",\"name\":\"Frank! MXParts\",\"url\":\"https:\\\/\\\/www.frankmxparts.com.iclicksapp.nl\\\/de\\\/\",\"logo\":{\"@type\":\"ImageObject\",\"inLanguage\":\"de\",\"@id\":\"https:\\\/\\\/www.frankmxparts.com.iclicksapp.nl\\\/de\\\/#\\\/schema\\\/logo\\\/image\\\/\",\"url\":\"https:\\\/\\\/www.frankmxparts.com.iclicksapp.nl\\\/wp-content\\\/uploads\\\/2024\\\/01\\\/frank-mxparts-logo.svg\",\"contentUrl\":\"https:\\\/\\\/www.frankmxparts.com.iclicksapp.nl\\\/wp-content\\\/uploads\\\/2024\\\/01\\\/frank-mxparts-logo.svg\",\"width\":301,\"height\":88,\"caption\":\"Frank! MXParts\"},\"image\":{\"@id\":\"https:\\\/\\\/www.frankmxparts.com.iclicksapp.nl\\\/de\\\/#\\\/schema\\\/logo\\\/image\\\/\"}}]}<\/script>\n<!-- \/ Yoast SEO plugin. -->","yoast_head_json":{"title":"Mikuni RS 36 Smoothbore Vergaser \/ GSXR GPZ GSX ZRX XJR etc. - Frank! MXParts","robots":{"index":"noindex","follow":"follow","max-snippet":"max-snippet:-1","max-image-preview":"max-image-preview:large","max-video-preview":"max-video-preview:-1"},"og_locale":"de_DE","og_type":"article","og_title":"Mikuni RS 36 Smoothbore Vergaser \/ GSXR GPZ GSX ZRX XJR etc. - Frank! MXParts","og_description":"Mikuni RS 36 smoothbore Flachschieber Vergaser-batterie. In sehr gutem Zustand. F\u00fcr eine seri\u00f6se Leistungssteigerung! Dieser Vergaserbatterie hat meinen&nbsp;Vergaser Service&nbsp;gehat. Details: Mikuni RS 36 Flachschieber Vergaserbatterie mit Kaltstartbet\u00e4tigung und Beschleunigerpumpe Geh\u00e4use und ausgew\u00e4hlte Teilesind ultraschall gereinigt alle Teile sind gereinigt und \u00fcberpr\u00fcft D\u00fcsen sind gereinigt Schwimmerh\u00f6hen eingestellt Lager sind neu befettet etc. Auf diesen Moment ist [&hellip;]","og_url":"https:\/\/www.frankmxparts.com.iclicksapp.nl\/de\/mikuni-rs-36-smoothbore-carburetors-gsxr-gpz-gsx-zrx-xjr-etc","og_site_name":"Frank! MXParts","article_modified_time":"2024-11-21T10:18:19+00:00","og_image":[{"width":750,"height":563,"url":"https:\/\/www.frankmxparts.com.iclicksapp.nl\/wp-content\/uploads\/2024\/11\/DSC00760-1.jpg","type":"image\/jpeg"}],"twitter_card":"summary_large_image","twitter_misc":{"Gesch\u00e4tzte Lesezeit":"1\u00a0Minute"},"schema":{"@context":"https:\/\/schema.org","@graph":[{"@type":"WebPage","@id":"https:\/\/www.frankmxparts.com.iclicksapp.nl\/de\/mikuni-rs-36-smoothbore-carburetors-gsxr-gpz-gsx-zrx-xjr-etc","url":"https:\/\/www.frankmxparts.com.iclicksapp.nl\/de\/mikuni-rs-36-smoothbore-carburetors-gsxr-gpz-gsx-zrx-xjr-etc","name":"Mikuni RS 36 Smoothbore Vergaser \/ GSXR GPZ GSX ZRX XJR etc. - Frank! MXParts","isPartOf":{"@id":"https:\/\/www.frankmxparts.com.iclicksapp.nl\/de\/#website"},"primaryImageOfPage":{"@id":"https:\/\/www.frankmxparts.com.iclicksapp.nl\/de\/mikuni-rs-36-smoothbore-carburetors-gsxr-gpz-gsx-zrx-xjr-etc#primaryimage"},"image":{"@id":"https:\/\/www.frankmxparts.com.iclicksapp.nl\/de\/mikuni-rs-36-smoothbore-carburetors-gsxr-gpz-gsx-zrx-xjr-etc#primaryimage"},"thumbnailUrl":"https:\/\/www.frankmxparts.com.iclicksapp.nl\/wp-content\/uploads\/2024\/11\/DSC00760-1.jpg","datePublished":"2024-11-19T20:42:03+00:00","dateModified":"2024-11-21T10:18:19+00:00","breadcrumb":{"@id":"https:\/\/www.frankmxparts.com.iclicksapp.nl\/de\/mikuni-rs-36-smoothbore-carburetors-gsxr-gpz-gsx-zrx-xjr-etc#breadcrumb"},"inLanguage":"de","potentialAction":[{"@type":"ReadAction","target":["https:\/\/www.frankmxparts.com.iclicksapp.nl\/de\/mikuni-rs-36-smoothbore-carburetors-gsxr-gpz-gsx-zrx-xjr-etc"]}]},{"@type":"ImageObject","inLanguage":"de","@id":"https:\/\/www.frankmxparts.com.iclicksapp.nl\/de\/mikuni-rs-36-smoothbore-carburetors-gsxr-gpz-gsx-zrx-xjr-etc#primaryimage","url":"https:\/\/www.frankmxparts.com.iclicksapp.nl\/wp-content\/uploads\/2024\/11\/DSC00760-1.jpg","contentUrl":"https:\/\/www.frankmxparts.com.iclicksapp.nl\/wp-content\/uploads\/2024\/11\/DSC00760-1.jpg","width":750,"height":563},{"@type":"BreadcrumbList","@id":"https:\/\/www.frankmxparts.com.iclicksapp.nl\/de\/mikuni-rs-36-smoothbore-carburetors-gsxr-gpz-gsx-zrx-xjr-etc#breadcrumb","itemListElement":[{"@type":"ListItem","position":1,"name":"Home","item":"https:\/\/www.frankmxparts.com.iclicksapp.nl\/de"},{"@type":"ListItem","position":2,"name":"Shop","item":"https:\/\/www.frankmxparts.com.iclicksapp.nl\/winkel"},{"@type":"ListItem","position":3,"name":"Mikuni RS 36 Smoothbore Vergaser \/ GSXR GPZ GSX ZRX XJR etc."}]},{"@type":"WebSite","@id":"https:\/\/www.frankmxparts.com.iclicksapp.nl\/de\/#website","url":"https:\/\/www.frankmxparts.com.iclicksapp.nl\/de\/","name":"Frank! MXParts","description":"","publisher":{"@id":"https:\/\/www.frankmxparts.com.iclicksapp.nl\/de\/#organization"},"potentialAction":[{"@type":"SearchAction","target":{"@type":"EntryPoint","urlTemplate":"https:\/\/www.frankmxparts.com.iclicksapp.nl\/de\/?s={search_term_string}"},"query-input":{"@type":"PropertyValueSpecification","valueRequired":true,"valueName":"search_term_string"}}],"inLanguage":"de"},{"@type":"Organization","@id":"https:\/\/www.frankmxparts.com.iclicksapp.nl\/de\/#organization","name":"Frank! MXParts","url":"https:\/\/www.frankmxparts.com.iclicksapp.nl\/de\/","logo":{"@type":"ImageObject","inLanguage":"de","@id":"https:\/\/www.frankmxparts.com.iclicksapp.nl\/de\/#\/schema\/logo\/image\/","url":"https:\/\/www.frankmxparts.com.iclicksapp.nl\/wp-content\/uploads\/2024\/01\/frank-mxparts-logo.svg","contentUrl":"https:\/\/www.frankmxparts.com.iclicksapp.nl\/wp-content\/uploads\/2024\/01\/frank-mxparts-logo.svg","width":301,"height":88,"caption":"Frank! MXParts"},"image":{"@id":"https:\/\/www.frankmxparts.com.iclicksapp.nl\/de\/#\/schema\/logo\/image\/"}}]}},"_links":{"self":[{"href":"https:\/\/www.frankmxparts.com.iclicksapp.nl\/de\/wp-json\/wp\/v2\/product\/213643","targetHints":{"allow":["GET"]}}],"collection":[{"href":"https:\/\/www.frankmxparts.com.iclicksapp.nl\/de\/wp-json\/wp\/v2\/product"}],"about":[{"href":"https:\/\/www.frankmxparts.com.iclicksapp.nl\/de\/wp-json\/wp\/v2\/types\/product"}],"replies":[{"embeddable":true,"href":"https:\/\/www.frankmxparts.com.iclicksapp.nl\/de\/wp-json\/wp\/v2\/comments?post=213643"}],"wp:featuredmedia":[{"embeddable":true,"href":"https:\/\/www.frankmxparts.com.iclicksapp.nl\/de\/wp-json\/wp\/v2\/media\/193659"}],"wp:attachment":[{"href":"https:\/\/www.frankmxparts.com.iclicksapp.nl\/de\/wp-json\/wp\/v2\/media?parent=213643"}],"wp:term":[{"taxonomy":"product_brand","embeddable":true,"href":"https:\/\/www.frankmxparts.com.iclicksapp.nl\/de\/wp-json\/wp\/v2\/product_brand?post=213643"},{"taxonomy":"product_cat","embeddable":true,"href":"https:\/\/www.frankmxparts.com.iclicksapp.nl\/de\/wp-json\/wp\/v2\/product_cat?post=213643"},{"taxonomy":"product_tag","embeddable":true,"href":"https:\/\/www.frankmxparts.com.iclicksapp.nl\/de\/wp-json\/wp\/v2\/product_tag?post=213643"}],"curies":[{"name":"wp","href":"https:\/\/api.w.org\/{rel}","templated":true}]}}