{"id":213669,"date":"2024-11-19T21:43:20","date_gmt":"2024-11-19T20:43:20","guid":{"rendered":"https:\/\/www.frankmxparts.com.iclicksapp.nl\/product\/keihin-fcr-mx-37-flatslide-racing-carburetor-with-choke-hotstart-air-cut-valve-throttle-position-sensor-000"},"modified":"2024-11-28T11:10:09","modified_gmt":"2024-11-28T09:10:09","slug":"keihin-fcr-mx-37-flatslide-racing-carburetor-with-choke-hotstart-air-cut-valve-throttle-position-sensor-000","status":"publish","type":"product","link":"https:\/\/www.frankmxparts.com.iclicksapp.nl\/de\/keihin-fcr-mx-37-flatslide-racing-carburetor-with-choke-hotstart-air-cut-valve-throttle-position-sensor-000","title":{"rendered":"Keihin FCR MX 37 Vergaser mit Hei\u00dfstart, TPS und ACV"},"content":{"rendered":"<p>\n\t<br \/>\n\tKeihin FCR MX 37 Vergaser<\/p>\n<p>\tIn sehr netter Zustand.&nbsp;Details:<\/p>\n<ul>\n<li>\n\t\t<font color=\"#000cff\">Keihin FCR MX 37 quad vent Flachschieber Vergaser<\/font><\/li>\n<li>\n\t\t<font color=\"#000cff\">mit wechselbaren Einlass Adapter<\/font><\/li>\n<li>\n\t\tmit <font color=\"#000cff\">Kaltstartbet\u00e4tigung<\/font><\/li>\n<li>\n\t\tmit <font color=\"#000cff\">Hei\u00dfstartbet\u00e4tigung<\/font><\/li>\n<li>\n\t\t<font color=\"#000cff\">mit Luftabsperrventil (reduziert &#8218;popping&#8216; bei Geschwindigkeitsverminderung)<\/font><\/li>\n<li>\n\t\t<font color=\"#000cff\">mit Drosselklappensensor<\/font><\/li>\n<li>\n\t\tmit <font color=\"#000cff\">Beschleunigerpumpe<\/font><\/li>\n<\/ul>\n<p>\n\tDen Vergaser hat unseren Vergaser Service gehat.<font color=\"#333333\">&nbsp;Details:<\/font><\/p>\n<ul>\n<li>\n<div>\n\t\t\tVergasergeh\u00e4use und ausgew\u00e4hlte Teile sind professionell ultraschall-gereinigt<\/div>\n<\/li>\n<li>\n<div>\n\t\t\talle Teile sind gereinigt und \u00fcberpr\u00fcft<\/div>\n<\/li>\n<li>\n<div>\n\t\t\tD\u00fcsen sind gereinigt<\/div>\n<\/li>\n<li>\n<div>\n\t\t\tSchwimmerh\u00f6he neu eingestellt<\/div>\n<\/li>\n<li>\n<div>\n\t\t\tBeschleunigerpumpe getestet<\/div>\n<\/li>\n<li>\n<div>\n\t\t\tLager sind neu befettet<\/div>\n<\/li>\n<li>\n<div>\n\t\t\tmit mehrere Neuteile (O-Ringe, Dichtungen, etc.) (kontaktieren Sie uns f\u00fcr Details)<\/div>\n<\/li>\n<li>\n<div>\n\t\t\tetc.<\/div>\n<\/li>\n<\/ul>\n<p>\n\tAbmessungen:<\/p>\n<ul>\n<li>\n\t\tAussendurchmesser Zylinderseite: 48mm.<\/li>\n<li>\n\t\tAussendurchmesser Luftfilterseite: 63mm. (mit den Aktuellen Adapter)<\/li>\n<li>\n\t\tGesamtl\u00e4nge: 100mm.<\/li>\n<\/ul>\n<p>\n\t<br \/>\n\tKomplett wie abgebildet.<br \/>\n\tReady to race&#8230;<\/p>\n<p>\n\t&nbsp;<\/p>\n","protected":false},"excerpt":{"rendered":"<p>Keihin FCR MX 37 Vergaser In sehr netter Zustand.&nbsp;Details: Keihin FCR MX 37 quad vent Flachschieber Vergaser mit wechselbaren Einlass Adapter mit Kaltstartbet\u00e4tigung mit Hei\u00dfstartbet\u00e4tigung mit Luftabsperrventil (reduziert &#8218;popping&#8216; bei Geschwindigkeitsverminderung) mit Drosselklappensensor mit Beschleunigerpumpe Den Vergaser hat unseren Vergaser Service gehat.&nbsp;Details: Vergasergeh\u00e4use und ausgew\u00e4hlte Teile sind professionell ultraschall-gereinigt alle Teile sind gereinigt und \u00fcberpr\u00fcft [&hellip;]<\/p>\n","protected":false},"featured_media":194102,"comment_status":"closed","ping_status":"closed","template":"","meta":{"_acf_changed":false},"product_brand":[],"product_cat":[9441],"product_tag":[],"class_list":{"0":"post-213669","1":"product","2":"type-product","3":"status-publish","4":"has-post-thumbnail","6":"product_cat-uncategorized","7":"pa_manufacturer-keihin-de","9":"first","10":"instock","11":"taxable","12":"shipping-taxable","13":"purchasable","14":"product-type-simple"},"acf":[],"yoast_head":"<!-- This site is optimized with the Yoast SEO plugin v27.3 - https:\/\/yoast.com\/product\/yoast-seo-wordpress\/ -->\n<title>Keihin FCR MX 37 Vergaser mit Hei\u00dfstart, TPS und ACV - Frank! MXParts<\/title>\n<meta name=\"robots\" content=\"noindex, follow, max-snippet:-1, max-image-preview:large, max-video-preview:-1\" \/>\n<meta property=\"og:locale\" content=\"de_DE\" \/>\n<meta property=\"og:type\" content=\"article\" \/>\n<meta property=\"og:title\" content=\"Keihin FCR MX 37 Vergaser mit Hei\u00dfstart, TPS und ACV - Frank! MXParts\" \/>\n<meta property=\"og:description\" content=\"Keihin FCR MX 37 Vergaser In sehr netter Zustand.&nbsp;Details: Keihin FCR MX 37 quad vent Flachschieber Vergaser mit wechselbaren Einlass Adapter mit Kaltstartbet\u00e4tigung mit Hei\u00dfstartbet\u00e4tigung mit Luftabsperrventil (reduziert &#8218;popping&#8216; bei Geschwindigkeitsverminderung) mit Drosselklappensensor mit Beschleunigerpumpe Den Vergaser hat unseren Vergaser Service gehat.&nbsp;Details: Vergasergeh\u00e4use und ausgew\u00e4hlte Teile sind professionell ultraschall-gereinigt alle Teile sind gereinigt und \u00fcberpr\u00fcft [&hellip;]\" \/>\n<meta property=\"og:url\" content=\"https:\/\/www.frankmxparts.com.iclicksapp.nl\/de\/keihin-fcr-mx-37-flatslide-racing-carburetor-with-choke-hotstart-air-cut-valve-throttle-position-sensor-000\" \/>\n<meta property=\"og:site_name\" content=\"Frank! MXParts\" \/>\n<meta property=\"article:modified_time\" content=\"2024-11-28T09:10:09+00:00\" \/>\n<meta property=\"og:image\" content=\"https:\/\/www.frankmxparts.com.iclicksapp.nl\/wp-content\/uploads\/2024\/11\/Keihin-FCR-MX-37-flatslide-racing-carburetor-with-choke-hotstart-air-cut-valve-throttle-position-sensor-Frank-MXParts-000.jpg\" \/>\n\t<meta property=\"og:image:width\" content=\"750\" \/>\n\t<meta property=\"og:image:height\" content=\"563\" \/>\n\t<meta property=\"og:image:type\" content=\"image\/jpeg\" \/>\n<meta name=\"twitter:card\" content=\"summary_large_image\" \/>\n<meta name=\"twitter:label1\" content=\"Gesch\u00e4tzte Lesezeit\" \/>\n\t<meta name=\"twitter:data1\" content=\"1\u00a0Minute\" \/>\n<script type=\"application\/ld+json\" class=\"yoast-schema-graph\">{\"@context\":\"https:\\\/\\\/schema.org\",\"@graph\":[{\"@type\":\"WebPage\",\"@id\":\"https:\\\/\\\/www.frankmxparts.com.iclicksapp.nl\\\/de\\\/keihin-fcr-mx-37-flatslide-racing-carburetor-with-choke-hotstart-air-cut-valve-throttle-position-sensor-000\",\"url\":\"https:\\\/\\\/www.frankmxparts.com.iclicksapp.nl\\\/de\\\/keihin-fcr-mx-37-flatslide-racing-carburetor-with-choke-hotstart-air-cut-valve-throttle-position-sensor-000\",\"name\":\"Keihin FCR MX 37 Vergaser mit Hei\u00dfstart, TPS und ACV - Frank! MXParts\",\"isPartOf\":{\"@id\":\"https:\\\/\\\/www.frankmxparts.com.iclicksapp.nl\\\/de\\\/#website\"},\"primaryImageOfPage\":{\"@id\":\"https:\\\/\\\/www.frankmxparts.com.iclicksapp.nl\\\/de\\\/keihin-fcr-mx-37-flatslide-racing-carburetor-with-choke-hotstart-air-cut-valve-throttle-position-sensor-000#primaryimage\"},\"image\":{\"@id\":\"https:\\\/\\\/www.frankmxparts.com.iclicksapp.nl\\\/de\\\/keihin-fcr-mx-37-flatslide-racing-carburetor-with-choke-hotstart-air-cut-valve-throttle-position-sensor-000#primaryimage\"},\"thumbnailUrl\":\"https:\\\/\\\/www.frankmxparts.com.iclicksapp.nl\\\/wp-content\\\/uploads\\\/2024\\\/11\\\/Keihin-FCR-MX-37-flatslide-racing-carburetor-with-choke-hotstart-air-cut-valve-throttle-position-sensor-Frank-MXParts-000.jpg\",\"datePublished\":\"2024-11-19T20:43:20+00:00\",\"dateModified\":\"2024-11-28T09:10:09+00:00\",\"breadcrumb\":{\"@id\":\"https:\\\/\\\/www.frankmxparts.com.iclicksapp.nl\\\/de\\\/keihin-fcr-mx-37-flatslide-racing-carburetor-with-choke-hotstart-air-cut-valve-throttle-position-sensor-000#breadcrumb\"},\"inLanguage\":\"de\",\"potentialAction\":[{\"@type\":\"ReadAction\",\"target\":[\"https:\\\/\\\/www.frankmxparts.com.iclicksapp.nl\\\/de\\\/keihin-fcr-mx-37-flatslide-racing-carburetor-with-choke-hotstart-air-cut-valve-throttle-position-sensor-000\"]}]},{\"@type\":\"ImageObject\",\"inLanguage\":\"de\",\"@id\":\"https:\\\/\\\/www.frankmxparts.com.iclicksapp.nl\\\/de\\\/keihin-fcr-mx-37-flatslide-racing-carburetor-with-choke-hotstart-air-cut-valve-throttle-position-sensor-000#primaryimage\",\"url\":\"https:\\\/\\\/www.frankmxparts.com.iclicksapp.nl\\\/wp-content\\\/uploads\\\/2024\\\/11\\\/Keihin-FCR-MX-37-flatslide-racing-carburetor-with-choke-hotstart-air-cut-valve-throttle-position-sensor-Frank-MXParts-000.jpg\",\"contentUrl\":\"https:\\\/\\\/www.frankmxparts.com.iclicksapp.nl\\\/wp-content\\\/uploads\\\/2024\\\/11\\\/Keihin-FCR-MX-37-flatslide-racing-carburetor-with-choke-hotstart-air-cut-valve-throttle-position-sensor-Frank-MXParts-000.jpg\",\"width\":750,\"height\":563},{\"@type\":\"BreadcrumbList\",\"@id\":\"https:\\\/\\\/www.frankmxparts.com.iclicksapp.nl\\\/de\\\/keihin-fcr-mx-37-flatslide-racing-carburetor-with-choke-hotstart-air-cut-valve-throttle-position-sensor-000#breadcrumb\",\"itemListElement\":[{\"@type\":\"ListItem\",\"position\":1,\"name\":\"Home\",\"item\":\"https:\\\/\\\/www.frankmxparts.com.iclicksapp.nl\\\/de\"},{\"@type\":\"ListItem\",\"position\":2,\"name\":\"Shop\",\"item\":\"https:\\\/\\\/www.frankmxparts.com.iclicksapp.nl\\\/winkel\"},{\"@type\":\"ListItem\",\"position\":3,\"name\":\"Keihin FCR MX 37 Vergaser mit Hei\u00dfstart, TPS und ACV\"}]},{\"@type\":\"WebSite\",\"@id\":\"https:\\\/\\\/www.frankmxparts.com.iclicksapp.nl\\\/de\\\/#website\",\"url\":\"https:\\\/\\\/www.frankmxparts.com.iclicksapp.nl\\\/de\\\/\",\"name\":\"Frank! MXParts\",\"description\":\"\",\"publisher\":{\"@id\":\"https:\\\/\\\/www.frankmxparts.com.iclicksapp.nl\\\/de\\\/#organization\"},\"potentialAction\":[{\"@type\":\"SearchAction\",\"target\":{\"@type\":\"EntryPoint\",\"urlTemplate\":\"https:\\\/\\\/www.frankmxparts.com.iclicksapp.nl\\\/de\\\/?s={search_term_string}\"},\"query-input\":{\"@type\":\"PropertyValueSpecification\",\"valueRequired\":true,\"valueName\":\"search_term_string\"}}],\"inLanguage\":\"de\"},{\"@type\":\"Organization\",\"@id\":\"https:\\\/\\\/www.frankmxparts.com.iclicksapp.nl\\\/de\\\/#organization\",\"name\":\"Frank! MXParts\",\"url\":\"https:\\\/\\\/www.frankmxparts.com.iclicksapp.nl\\\/de\\\/\",\"logo\":{\"@type\":\"ImageObject\",\"inLanguage\":\"de\",\"@id\":\"https:\\\/\\\/www.frankmxparts.com.iclicksapp.nl\\\/de\\\/#\\\/schema\\\/logo\\\/image\\\/\",\"url\":\"https:\\\/\\\/www.frankmxparts.com.iclicksapp.nl\\\/wp-content\\\/uploads\\\/2024\\\/01\\\/frank-mxparts-logo.svg\",\"contentUrl\":\"https:\\\/\\\/www.frankmxparts.com.iclicksapp.nl\\\/wp-content\\\/uploads\\\/2024\\\/01\\\/frank-mxparts-logo.svg\",\"width\":301,\"height\":88,\"caption\":\"Frank! MXParts\"},\"image\":{\"@id\":\"https:\\\/\\\/www.frankmxparts.com.iclicksapp.nl\\\/de\\\/#\\\/schema\\\/logo\\\/image\\\/\"}}]}<\/script>\n<!-- \/ Yoast SEO plugin. -->","yoast_head_json":{"title":"Keihin FCR MX 37 Vergaser mit Hei\u00dfstart, TPS und ACV - Frank! MXParts","robots":{"index":"noindex","follow":"follow","max-snippet":"max-snippet:-1","max-image-preview":"max-image-preview:large","max-video-preview":"max-video-preview:-1"},"og_locale":"de_DE","og_type":"article","og_title":"Keihin FCR MX 37 Vergaser mit Hei\u00dfstart, TPS und ACV - Frank! MXParts","og_description":"Keihin FCR MX 37 Vergaser In sehr netter Zustand.&nbsp;Details: Keihin FCR MX 37 quad vent Flachschieber Vergaser mit wechselbaren Einlass Adapter mit Kaltstartbet\u00e4tigung mit Hei\u00dfstartbet\u00e4tigung mit Luftabsperrventil (reduziert &#8218;popping&#8216; bei Geschwindigkeitsverminderung) mit Drosselklappensensor mit Beschleunigerpumpe Den Vergaser hat unseren Vergaser Service gehat.&nbsp;Details: Vergasergeh\u00e4use und ausgew\u00e4hlte Teile sind professionell ultraschall-gereinigt alle Teile sind gereinigt und \u00fcberpr\u00fcft [&hellip;]","og_url":"https:\/\/www.frankmxparts.com.iclicksapp.nl\/de\/keihin-fcr-mx-37-flatslide-racing-carburetor-with-choke-hotstart-air-cut-valve-throttle-position-sensor-000","og_site_name":"Frank! MXParts","article_modified_time":"2024-11-28T09:10:09+00:00","og_image":[{"width":750,"height":563,"url":"https:\/\/www.frankmxparts.com.iclicksapp.nl\/wp-content\/uploads\/2024\/11\/Keihin-FCR-MX-37-flatslide-racing-carburetor-with-choke-hotstart-air-cut-valve-throttle-position-sensor-Frank-MXParts-000.jpg","type":"image\/jpeg"}],"twitter_card":"summary_large_image","twitter_misc":{"Gesch\u00e4tzte Lesezeit":"1\u00a0Minute"},"schema":{"@context":"https:\/\/schema.org","@graph":[{"@type":"WebPage","@id":"https:\/\/www.frankmxparts.com.iclicksapp.nl\/de\/keihin-fcr-mx-37-flatslide-racing-carburetor-with-choke-hotstart-air-cut-valve-throttle-position-sensor-000","url":"https:\/\/www.frankmxparts.com.iclicksapp.nl\/de\/keihin-fcr-mx-37-flatslide-racing-carburetor-with-choke-hotstart-air-cut-valve-throttle-position-sensor-000","name":"Keihin FCR MX 37 Vergaser mit Hei\u00dfstart, TPS und ACV - Frank! MXParts","isPartOf":{"@id":"https:\/\/www.frankmxparts.com.iclicksapp.nl\/de\/#website"},"primaryImageOfPage":{"@id":"https:\/\/www.frankmxparts.com.iclicksapp.nl\/de\/keihin-fcr-mx-37-flatslide-racing-carburetor-with-choke-hotstart-air-cut-valve-throttle-position-sensor-000#primaryimage"},"image":{"@id":"https:\/\/www.frankmxparts.com.iclicksapp.nl\/de\/keihin-fcr-mx-37-flatslide-racing-carburetor-with-choke-hotstart-air-cut-valve-throttle-position-sensor-000#primaryimage"},"thumbnailUrl":"https:\/\/www.frankmxparts.com.iclicksapp.nl\/wp-content\/uploads\/2024\/11\/Keihin-FCR-MX-37-flatslide-racing-carburetor-with-choke-hotstart-air-cut-valve-throttle-position-sensor-Frank-MXParts-000.jpg","datePublished":"2024-11-19T20:43:20+00:00","dateModified":"2024-11-28T09:10:09+00:00","breadcrumb":{"@id":"https:\/\/www.frankmxparts.com.iclicksapp.nl\/de\/keihin-fcr-mx-37-flatslide-racing-carburetor-with-choke-hotstart-air-cut-valve-throttle-position-sensor-000#breadcrumb"},"inLanguage":"de","potentialAction":[{"@type":"ReadAction","target":["https:\/\/www.frankmxparts.com.iclicksapp.nl\/de\/keihin-fcr-mx-37-flatslide-racing-carburetor-with-choke-hotstart-air-cut-valve-throttle-position-sensor-000"]}]},{"@type":"ImageObject","inLanguage":"de","@id":"https:\/\/www.frankmxparts.com.iclicksapp.nl\/de\/keihin-fcr-mx-37-flatslide-racing-carburetor-with-choke-hotstart-air-cut-valve-throttle-position-sensor-000#primaryimage","url":"https:\/\/www.frankmxparts.com.iclicksapp.nl\/wp-content\/uploads\/2024\/11\/Keihin-FCR-MX-37-flatslide-racing-carburetor-with-choke-hotstart-air-cut-valve-throttle-position-sensor-Frank-MXParts-000.jpg","contentUrl":"https:\/\/www.frankmxparts.com.iclicksapp.nl\/wp-content\/uploads\/2024\/11\/Keihin-FCR-MX-37-flatslide-racing-carburetor-with-choke-hotstart-air-cut-valve-throttle-position-sensor-Frank-MXParts-000.jpg","width":750,"height":563},{"@type":"BreadcrumbList","@id":"https:\/\/www.frankmxparts.com.iclicksapp.nl\/de\/keihin-fcr-mx-37-flatslide-racing-carburetor-with-choke-hotstart-air-cut-valve-throttle-position-sensor-000#breadcrumb","itemListElement":[{"@type":"ListItem","position":1,"name":"Home","item":"https:\/\/www.frankmxparts.com.iclicksapp.nl\/de"},{"@type":"ListItem","position":2,"name":"Shop","item":"https:\/\/www.frankmxparts.com.iclicksapp.nl\/winkel"},{"@type":"ListItem","position":3,"name":"Keihin FCR MX 37 Vergaser mit Hei\u00dfstart, TPS und ACV"}]},{"@type":"WebSite","@id":"https:\/\/www.frankmxparts.com.iclicksapp.nl\/de\/#website","url":"https:\/\/www.frankmxparts.com.iclicksapp.nl\/de\/","name":"Frank! MXParts","description":"","publisher":{"@id":"https:\/\/www.frankmxparts.com.iclicksapp.nl\/de\/#organization"},"potentialAction":[{"@type":"SearchAction","target":{"@type":"EntryPoint","urlTemplate":"https:\/\/www.frankmxparts.com.iclicksapp.nl\/de\/?s={search_term_string}"},"query-input":{"@type":"PropertyValueSpecification","valueRequired":true,"valueName":"search_term_string"}}],"inLanguage":"de"},{"@type":"Organization","@id":"https:\/\/www.frankmxparts.com.iclicksapp.nl\/de\/#organization","name":"Frank! MXParts","url":"https:\/\/www.frankmxparts.com.iclicksapp.nl\/de\/","logo":{"@type":"ImageObject","inLanguage":"de","@id":"https:\/\/www.frankmxparts.com.iclicksapp.nl\/de\/#\/schema\/logo\/image\/","url":"https:\/\/www.frankmxparts.com.iclicksapp.nl\/wp-content\/uploads\/2024\/01\/frank-mxparts-logo.svg","contentUrl":"https:\/\/www.frankmxparts.com.iclicksapp.nl\/wp-content\/uploads\/2024\/01\/frank-mxparts-logo.svg","width":301,"height":88,"caption":"Frank! MXParts"},"image":{"@id":"https:\/\/www.frankmxparts.com.iclicksapp.nl\/de\/#\/schema\/logo\/image\/"}}]}},"_links":{"self":[{"href":"https:\/\/www.frankmxparts.com.iclicksapp.nl\/de\/wp-json\/wp\/v2\/product\/213669","targetHints":{"allow":["GET"]}}],"collection":[{"href":"https:\/\/www.frankmxparts.com.iclicksapp.nl\/de\/wp-json\/wp\/v2\/product"}],"about":[{"href":"https:\/\/www.frankmxparts.com.iclicksapp.nl\/de\/wp-json\/wp\/v2\/types\/product"}],"replies":[{"embeddable":true,"href":"https:\/\/www.frankmxparts.com.iclicksapp.nl\/de\/wp-json\/wp\/v2\/comments?post=213669"}],"wp:featuredmedia":[{"embeddable":true,"href":"https:\/\/www.frankmxparts.com.iclicksapp.nl\/de\/wp-json\/wp\/v2\/media\/194102"}],"wp:attachment":[{"href":"https:\/\/www.frankmxparts.com.iclicksapp.nl\/de\/wp-json\/wp\/v2\/media?parent=213669"}],"wp:term":[{"taxonomy":"product_brand","embeddable":true,"href":"https:\/\/www.frankmxparts.com.iclicksapp.nl\/de\/wp-json\/wp\/v2\/product_brand?post=213669"},{"taxonomy":"product_cat","embeddable":true,"href":"https:\/\/www.frankmxparts.com.iclicksapp.nl\/de\/wp-json\/wp\/v2\/product_cat?post=213669"},{"taxonomy":"product_tag","embeddable":true,"href":"https:\/\/www.frankmxparts.com.iclicksapp.nl\/de\/wp-json\/wp\/v2\/product_tag?post=213669"}],"curies":[{"name":"wp","href":"https:\/\/api.w.org\/{rel}","templated":true}]}}