{"id":213701,"date":"2024-11-19T21:46:05","date_gmt":"2024-11-19T20:46:05","guid":{"rendered":"https:\/\/www.frankmxparts.com.iclicksapp.nl\/product\/mikuni-rs-36-smoothbore-carburetors-gsxr-gpz-gsx-zrx-xjr"},"modified":"2024-12-16T11:46:33","modified_gmt":"2024-12-16T10:46:33","slug":"mikuni-rs-36-smoothbore-carburetors-gsxr-gpz-gsx-zrx-xjr","status":"publish","type":"product","link":"https:\/\/www.frankmxparts.com.iclicksapp.nl\/de\/mikuni-rs-36-smoothbore-carburetors-gsxr-gpz-gsx-zrx-xjr","title":{"rendered":"Mikuni RS 36 Smoothbore Vergaser \/ GSXR GPZ GSX ZRX XJR etc."},"content":{"rendered":"<p>\nMikuni RS 36 smoothbore Flachschieber Vergaser-batterie.<\/p>\n<p>In sehr gutem Zustand. F\u00fcr eine seri\u00f6se Leistungssteigerung! Dieser Vergaserbatterie hat meinen&nbsp;<font color=\"#000cff\" >Vergaser Service<\/font>&nbsp;gehat. Details:<\/p>\n<ul >\n<li >Mikuni RS 36 Flachschieber Vergaserbatterie<\/li>\n<li >mit Kaltstartbet\u00e4tigung und Beschleunigerpumpe<\/li>\n<li >mit 30mm. Ansaugtrichter (mit Gebrauchsspuren)<\/li>\n<li >Geh\u00e4use und ausgew\u00e4hlte Teilesind ultraschall gereinigt<\/li>\n<li >alle Teile sind gereinigt und \u00fcberpr\u00fcft<\/li>\n<li >D\u00fcsen sind gereinigt<\/li>\n<li >Schwimmerh\u00f6hen eingestellt<\/li>\n<li >Lager sind neu befettet<\/li>\n<li >etc.<\/li>\n<\/ul>\n<p>Auf diesen Moment ist den Batterie passend f\u00fcr:<\/p>\n<ul>\n<li>GSX-R 750\/1100<\/li>\n<li>GSF 1200 Bandit<\/li>\n<li>GSX 1100<\/li>\n<li>Z900 \/ Z1000<\/li>\n<li>GPZ 1100<\/li>\n<\/ul>\n<p>Auf Kundenwunsch k\u00f6nnen wir die Vergaserabst\u00e4nde \u00e4ndern, damit es passend ist f\u00fcr:<\/p>\n<ul>\n<li>GPZ 900R<\/li>\n<li>GPZ 1000RX<\/li>\n<li>ZRX 1100\/1200<\/li>\n<li>Zephyr 1100<\/li>\n<li>XS 1100\/1100S<\/li>\n<li>FJ 1100\/1200<\/li>\n<li>XJR 1200\/1300&nbsp;<\/li>\n<\/ul>\n<p>\nKomplett wie abgebildet.<\/p>\n<p>&nbsp;<\/p>\n<p>&nbsp;<\/p>\n","protected":false},"excerpt":{"rendered":"<p>Mikuni RS 36 smoothbore Flachschieber Vergaser-batterie. In sehr gutem Zustand. F\u00fcr eine seri\u00f6se Leistungssteigerung! Dieser Vergaserbatterie hat meinen&nbsp;Vergaser Service&nbsp;gehat. Details: Mikuni RS 36 Flachschieber Vergaserbatterie mit Kaltstartbet\u00e4tigung und Beschleunigerpumpe mit 30mm. Ansaugtrichter (mit Gebrauchsspuren) Geh\u00e4use und ausgew\u00e4hlte Teilesind ultraschall gereinigt alle Teile sind gereinigt und \u00fcberpr\u00fcft D\u00fcsen sind gereinigt Schwimmerh\u00f6hen eingestellt Lager sind neu befettet [&hellip;]<\/p>\n","protected":false},"featured_media":194587,"comment_status":"closed","ping_status":"closed","template":"","meta":{"_acf_changed":false},"product_brand":[],"product_cat":[9441],"product_tag":[],"class_list":{"0":"post-213701","1":"product","2":"type-product","3":"status-publish","4":"has-post-thumbnail","6":"product_cat-uncategorized","7":"pa_manufacturer-mikuni-de","9":"first","10":"outofstock","11":"taxable","12":"shipping-taxable","13":"purchasable","14":"product-type-simple"},"acf":[],"yoast_head":"<!-- This site is optimized with the Yoast SEO plugin v27.3 - https:\/\/yoast.com\/product\/yoast-seo-wordpress\/ -->\n<title>Mikuni RS 36 Smoothbore Vergaser \/ GSXR GPZ GSX ZRX XJR etc. - Frank! MXParts<\/title>\n<meta name=\"robots\" content=\"noindex, follow, max-snippet:-1, max-image-preview:large, max-video-preview:-1\" \/>\n<meta property=\"og:locale\" content=\"de_DE\" \/>\n<meta property=\"og:type\" content=\"article\" \/>\n<meta property=\"og:title\" content=\"Mikuni RS 36 Smoothbore Vergaser \/ GSXR GPZ GSX ZRX XJR etc. - Frank! MXParts\" \/>\n<meta property=\"og:description\" content=\"Mikuni RS 36 smoothbore Flachschieber Vergaser-batterie. In sehr gutem Zustand. F\u00fcr eine seri\u00f6se Leistungssteigerung! Dieser Vergaserbatterie hat meinen&nbsp;Vergaser Service&nbsp;gehat. Details: Mikuni RS 36 Flachschieber Vergaserbatterie mit Kaltstartbet\u00e4tigung und Beschleunigerpumpe mit 30mm. Ansaugtrichter (mit Gebrauchsspuren) Geh\u00e4use und ausgew\u00e4hlte Teilesind ultraschall gereinigt alle Teile sind gereinigt und \u00fcberpr\u00fcft D\u00fcsen sind gereinigt Schwimmerh\u00f6hen eingestellt Lager sind neu befettet [&hellip;]\" \/>\n<meta property=\"og:url\" content=\"https:\/\/www.frankmxparts.com.iclicksapp.nl\/de\/mikuni-rs-36-smoothbore-carburetors-gsxr-gpz-gsx-zrx-xjr\" \/>\n<meta property=\"og:site_name\" content=\"Frank! MXParts\" \/>\n<meta property=\"article:modified_time\" content=\"2024-12-16T10:46:33+00:00\" \/>\n<meta property=\"og:image\" content=\"https:\/\/www.frankmxparts.com.iclicksapp.nl\/wp-content\/uploads\/2024\/11\/DSC04134.jpg\" \/>\n\t<meta property=\"og:image:width\" content=\"750\" \/>\n\t<meta property=\"og:image:height\" content=\"563\" \/>\n\t<meta property=\"og:image:type\" content=\"image\/jpeg\" \/>\n<meta name=\"twitter:card\" content=\"summary_large_image\" \/>\n<meta name=\"twitter:label1\" content=\"Gesch\u00e4tzte Lesezeit\" \/>\n\t<meta name=\"twitter:data1\" content=\"1\u00a0Minute\" \/>\n<script type=\"application\/ld+json\" class=\"yoast-schema-graph\">{\"@context\":\"https:\\\/\\\/schema.org\",\"@graph\":[{\"@type\":\"WebPage\",\"@id\":\"https:\\\/\\\/www.frankmxparts.com.iclicksapp.nl\\\/de\\\/mikuni-rs-36-smoothbore-carburetors-gsxr-gpz-gsx-zrx-xjr\",\"url\":\"https:\\\/\\\/www.frankmxparts.com.iclicksapp.nl\\\/de\\\/mikuni-rs-36-smoothbore-carburetors-gsxr-gpz-gsx-zrx-xjr\",\"name\":\"Mikuni RS 36 Smoothbore Vergaser \\\/ GSXR GPZ GSX ZRX XJR etc. - Frank! MXParts\",\"isPartOf\":{\"@id\":\"https:\\\/\\\/www.frankmxparts.com.iclicksapp.nl\\\/de\\\/#website\"},\"primaryImageOfPage\":{\"@id\":\"https:\\\/\\\/www.frankmxparts.com.iclicksapp.nl\\\/de\\\/mikuni-rs-36-smoothbore-carburetors-gsxr-gpz-gsx-zrx-xjr#primaryimage\"},\"image\":{\"@id\":\"https:\\\/\\\/www.frankmxparts.com.iclicksapp.nl\\\/de\\\/mikuni-rs-36-smoothbore-carburetors-gsxr-gpz-gsx-zrx-xjr#primaryimage\"},\"thumbnailUrl\":\"https:\\\/\\\/www.frankmxparts.com.iclicksapp.nl\\\/wp-content\\\/uploads\\\/2024\\\/11\\\/DSC04134.jpg\",\"datePublished\":\"2024-11-19T20:46:05+00:00\",\"dateModified\":\"2024-12-16T10:46:33+00:00\",\"breadcrumb\":{\"@id\":\"https:\\\/\\\/www.frankmxparts.com.iclicksapp.nl\\\/de\\\/mikuni-rs-36-smoothbore-carburetors-gsxr-gpz-gsx-zrx-xjr#breadcrumb\"},\"inLanguage\":\"de\",\"potentialAction\":[{\"@type\":\"ReadAction\",\"target\":[\"https:\\\/\\\/www.frankmxparts.com.iclicksapp.nl\\\/de\\\/mikuni-rs-36-smoothbore-carburetors-gsxr-gpz-gsx-zrx-xjr\"]}]},{\"@type\":\"ImageObject\",\"inLanguage\":\"de\",\"@id\":\"https:\\\/\\\/www.frankmxparts.com.iclicksapp.nl\\\/de\\\/mikuni-rs-36-smoothbore-carburetors-gsxr-gpz-gsx-zrx-xjr#primaryimage\",\"url\":\"https:\\\/\\\/www.frankmxparts.com.iclicksapp.nl\\\/wp-content\\\/uploads\\\/2024\\\/11\\\/DSC04134.jpg\",\"contentUrl\":\"https:\\\/\\\/www.frankmxparts.com.iclicksapp.nl\\\/wp-content\\\/uploads\\\/2024\\\/11\\\/DSC04134.jpg\",\"width\":750,\"height\":563},{\"@type\":\"BreadcrumbList\",\"@id\":\"https:\\\/\\\/www.frankmxparts.com.iclicksapp.nl\\\/de\\\/mikuni-rs-36-smoothbore-carburetors-gsxr-gpz-gsx-zrx-xjr#breadcrumb\",\"itemListElement\":[{\"@type\":\"ListItem\",\"position\":1,\"name\":\"Home\",\"item\":\"https:\\\/\\\/www.frankmxparts.com.iclicksapp.nl\\\/de\"},{\"@type\":\"ListItem\",\"position\":2,\"name\":\"Shop\",\"item\":\"https:\\\/\\\/www.frankmxparts.com.iclicksapp.nl\\\/winkel\"},{\"@type\":\"ListItem\",\"position\":3,\"name\":\"Mikuni RS 36 Smoothbore Vergaser \\\/ GSXR GPZ GSX ZRX XJR etc.\"}]},{\"@type\":\"WebSite\",\"@id\":\"https:\\\/\\\/www.frankmxparts.com.iclicksapp.nl\\\/de\\\/#website\",\"url\":\"https:\\\/\\\/www.frankmxparts.com.iclicksapp.nl\\\/de\\\/\",\"name\":\"Frank! MXParts\",\"description\":\"\",\"publisher\":{\"@id\":\"https:\\\/\\\/www.frankmxparts.com.iclicksapp.nl\\\/de\\\/#organization\"},\"potentialAction\":[{\"@type\":\"SearchAction\",\"target\":{\"@type\":\"EntryPoint\",\"urlTemplate\":\"https:\\\/\\\/www.frankmxparts.com.iclicksapp.nl\\\/de\\\/?s={search_term_string}\"},\"query-input\":{\"@type\":\"PropertyValueSpecification\",\"valueRequired\":true,\"valueName\":\"search_term_string\"}}],\"inLanguage\":\"de\"},{\"@type\":\"Organization\",\"@id\":\"https:\\\/\\\/www.frankmxparts.com.iclicksapp.nl\\\/de\\\/#organization\",\"name\":\"Frank! MXParts\",\"url\":\"https:\\\/\\\/www.frankmxparts.com.iclicksapp.nl\\\/de\\\/\",\"logo\":{\"@type\":\"ImageObject\",\"inLanguage\":\"de\",\"@id\":\"https:\\\/\\\/www.frankmxparts.com.iclicksapp.nl\\\/de\\\/#\\\/schema\\\/logo\\\/image\\\/\",\"url\":\"https:\\\/\\\/www.frankmxparts.com.iclicksapp.nl\\\/wp-content\\\/uploads\\\/2024\\\/01\\\/frank-mxparts-logo.svg\",\"contentUrl\":\"https:\\\/\\\/www.frankmxparts.com.iclicksapp.nl\\\/wp-content\\\/uploads\\\/2024\\\/01\\\/frank-mxparts-logo.svg\",\"width\":301,\"height\":88,\"caption\":\"Frank! MXParts\"},\"image\":{\"@id\":\"https:\\\/\\\/www.frankmxparts.com.iclicksapp.nl\\\/de\\\/#\\\/schema\\\/logo\\\/image\\\/\"}}]}<\/script>\n<!-- \/ Yoast SEO plugin. -->","yoast_head_json":{"title":"Mikuni RS 36 Smoothbore Vergaser \/ GSXR GPZ GSX ZRX XJR etc. - Frank! MXParts","robots":{"index":"noindex","follow":"follow","max-snippet":"max-snippet:-1","max-image-preview":"max-image-preview:large","max-video-preview":"max-video-preview:-1"},"og_locale":"de_DE","og_type":"article","og_title":"Mikuni RS 36 Smoothbore Vergaser \/ GSXR GPZ GSX ZRX XJR etc. - Frank! MXParts","og_description":"Mikuni RS 36 smoothbore Flachschieber Vergaser-batterie. In sehr gutem Zustand. F\u00fcr eine seri\u00f6se Leistungssteigerung! Dieser Vergaserbatterie hat meinen&nbsp;Vergaser Service&nbsp;gehat. Details: Mikuni RS 36 Flachschieber Vergaserbatterie mit Kaltstartbet\u00e4tigung und Beschleunigerpumpe mit 30mm. Ansaugtrichter (mit Gebrauchsspuren) Geh\u00e4use und ausgew\u00e4hlte Teilesind ultraschall gereinigt alle Teile sind gereinigt und \u00fcberpr\u00fcft D\u00fcsen sind gereinigt Schwimmerh\u00f6hen eingestellt Lager sind neu befettet [&hellip;]","og_url":"https:\/\/www.frankmxparts.com.iclicksapp.nl\/de\/mikuni-rs-36-smoothbore-carburetors-gsxr-gpz-gsx-zrx-xjr","og_site_name":"Frank! MXParts","article_modified_time":"2024-12-16T10:46:33+00:00","og_image":[{"width":750,"height":563,"url":"https:\/\/www.frankmxparts.com.iclicksapp.nl\/wp-content\/uploads\/2024\/11\/DSC04134.jpg","type":"image\/jpeg"}],"twitter_card":"summary_large_image","twitter_misc":{"Gesch\u00e4tzte Lesezeit":"1\u00a0Minute"},"schema":{"@context":"https:\/\/schema.org","@graph":[{"@type":"WebPage","@id":"https:\/\/www.frankmxparts.com.iclicksapp.nl\/de\/mikuni-rs-36-smoothbore-carburetors-gsxr-gpz-gsx-zrx-xjr","url":"https:\/\/www.frankmxparts.com.iclicksapp.nl\/de\/mikuni-rs-36-smoothbore-carburetors-gsxr-gpz-gsx-zrx-xjr","name":"Mikuni RS 36 Smoothbore Vergaser \/ GSXR GPZ GSX ZRX XJR etc. - Frank! MXParts","isPartOf":{"@id":"https:\/\/www.frankmxparts.com.iclicksapp.nl\/de\/#website"},"primaryImageOfPage":{"@id":"https:\/\/www.frankmxparts.com.iclicksapp.nl\/de\/mikuni-rs-36-smoothbore-carburetors-gsxr-gpz-gsx-zrx-xjr#primaryimage"},"image":{"@id":"https:\/\/www.frankmxparts.com.iclicksapp.nl\/de\/mikuni-rs-36-smoothbore-carburetors-gsxr-gpz-gsx-zrx-xjr#primaryimage"},"thumbnailUrl":"https:\/\/www.frankmxparts.com.iclicksapp.nl\/wp-content\/uploads\/2024\/11\/DSC04134.jpg","datePublished":"2024-11-19T20:46:05+00:00","dateModified":"2024-12-16T10:46:33+00:00","breadcrumb":{"@id":"https:\/\/www.frankmxparts.com.iclicksapp.nl\/de\/mikuni-rs-36-smoothbore-carburetors-gsxr-gpz-gsx-zrx-xjr#breadcrumb"},"inLanguage":"de","potentialAction":[{"@type":"ReadAction","target":["https:\/\/www.frankmxparts.com.iclicksapp.nl\/de\/mikuni-rs-36-smoothbore-carburetors-gsxr-gpz-gsx-zrx-xjr"]}]},{"@type":"ImageObject","inLanguage":"de","@id":"https:\/\/www.frankmxparts.com.iclicksapp.nl\/de\/mikuni-rs-36-smoothbore-carburetors-gsxr-gpz-gsx-zrx-xjr#primaryimage","url":"https:\/\/www.frankmxparts.com.iclicksapp.nl\/wp-content\/uploads\/2024\/11\/DSC04134.jpg","contentUrl":"https:\/\/www.frankmxparts.com.iclicksapp.nl\/wp-content\/uploads\/2024\/11\/DSC04134.jpg","width":750,"height":563},{"@type":"BreadcrumbList","@id":"https:\/\/www.frankmxparts.com.iclicksapp.nl\/de\/mikuni-rs-36-smoothbore-carburetors-gsxr-gpz-gsx-zrx-xjr#breadcrumb","itemListElement":[{"@type":"ListItem","position":1,"name":"Home","item":"https:\/\/www.frankmxparts.com.iclicksapp.nl\/de"},{"@type":"ListItem","position":2,"name":"Shop","item":"https:\/\/www.frankmxparts.com.iclicksapp.nl\/winkel"},{"@type":"ListItem","position":3,"name":"Mikuni RS 36 Smoothbore Vergaser \/ GSXR GPZ GSX ZRX XJR etc."}]},{"@type":"WebSite","@id":"https:\/\/www.frankmxparts.com.iclicksapp.nl\/de\/#website","url":"https:\/\/www.frankmxparts.com.iclicksapp.nl\/de\/","name":"Frank! MXParts","description":"","publisher":{"@id":"https:\/\/www.frankmxparts.com.iclicksapp.nl\/de\/#organization"},"potentialAction":[{"@type":"SearchAction","target":{"@type":"EntryPoint","urlTemplate":"https:\/\/www.frankmxparts.com.iclicksapp.nl\/de\/?s={search_term_string}"},"query-input":{"@type":"PropertyValueSpecification","valueRequired":true,"valueName":"search_term_string"}}],"inLanguage":"de"},{"@type":"Organization","@id":"https:\/\/www.frankmxparts.com.iclicksapp.nl\/de\/#organization","name":"Frank! MXParts","url":"https:\/\/www.frankmxparts.com.iclicksapp.nl\/de\/","logo":{"@type":"ImageObject","inLanguage":"de","@id":"https:\/\/www.frankmxparts.com.iclicksapp.nl\/de\/#\/schema\/logo\/image\/","url":"https:\/\/www.frankmxparts.com.iclicksapp.nl\/wp-content\/uploads\/2024\/01\/frank-mxparts-logo.svg","contentUrl":"https:\/\/www.frankmxparts.com.iclicksapp.nl\/wp-content\/uploads\/2024\/01\/frank-mxparts-logo.svg","width":301,"height":88,"caption":"Frank! MXParts"},"image":{"@id":"https:\/\/www.frankmxparts.com.iclicksapp.nl\/de\/#\/schema\/logo\/image\/"}}]}},"_links":{"self":[{"href":"https:\/\/www.frankmxparts.com.iclicksapp.nl\/de\/wp-json\/wp\/v2\/product\/213701","targetHints":{"allow":["GET"]}}],"collection":[{"href":"https:\/\/www.frankmxparts.com.iclicksapp.nl\/de\/wp-json\/wp\/v2\/product"}],"about":[{"href":"https:\/\/www.frankmxparts.com.iclicksapp.nl\/de\/wp-json\/wp\/v2\/types\/product"}],"replies":[{"embeddable":true,"href":"https:\/\/www.frankmxparts.com.iclicksapp.nl\/de\/wp-json\/wp\/v2\/comments?post=213701"}],"wp:featuredmedia":[{"embeddable":true,"href":"https:\/\/www.frankmxparts.com.iclicksapp.nl\/de\/wp-json\/wp\/v2\/media\/194587"}],"wp:attachment":[{"href":"https:\/\/www.frankmxparts.com.iclicksapp.nl\/de\/wp-json\/wp\/v2\/media?parent=213701"}],"wp:term":[{"taxonomy":"product_brand","embeddable":true,"href":"https:\/\/www.frankmxparts.com.iclicksapp.nl\/de\/wp-json\/wp\/v2\/product_brand?post=213701"},{"taxonomy":"product_cat","embeddable":true,"href":"https:\/\/www.frankmxparts.com.iclicksapp.nl\/de\/wp-json\/wp\/v2\/product_cat?post=213701"},{"taxonomy":"product_tag","embeddable":true,"href":"https:\/\/www.frankmxparts.com.iclicksapp.nl\/de\/wp-json\/wp\/v2\/product_tag?post=213701"}],"curies":[{"name":"wp","href":"https:\/\/api.w.org\/{rel}","templated":true}]}}