{"id":213755,"date":"2024-11-19T21:49:04","date_gmt":"2024-11-19T20:49:04","guid":{"rendered":"https:\/\/www.frankmxparts.com.iclicksapp.nl\/product\/manual-camshaft-chain-tensioner-ktm-exc-sxf-smr-250-350-450-550-2006-2015"},"modified":"2024-11-28T11:12:02","modified_gmt":"2024-11-28T09:12:02","slug":"manual-camshaft-chain-tensioner-ktm-exc-sxf-smr-250-350-450-550-2006-2015","status":"publish","type":"product","link":"https:\/\/www.frankmxparts.com.iclicksapp.nl\/de\/manual-camshaft-chain-tensioner-ktm-exc-sxf-smr-250-350-450-550-2006-2015","title":{"rendered":"Steuerkettenspanner Mechanisch KTM EXC SXF SMR 250 350 450 505 530 2006 &#8211; 2015"},"content":{"rendered":"<p>\n<strong>Mechanischer Steuerkettenspanner.<\/strong><\/p>\n<p>Neu.&nbsp;Arbeitet nicht mit \u00d6ldruck, daher haben Sie eine <u>immer<\/u> gleichbleibende Steuerkettenspannung. Das bedeutet: kein Motorklappern, \u00fcberm\u00e4\u00dfigem Kettenverschlie\u00df und \u00c5nderungen der Nockensteuerung mehr!<\/p>\n<p>Details:<\/p>\n<ul>\n<li>CNC gefertigt<\/li>\n<li>KTM orange eloxiert<\/li>\n<\/ul>\n<p>Passend f\u00fcr: fast alle KTM &amp; Husqvarna &amp; Husaberg 4-Takt Modelle (2006-2015) (250-350-450-503-550):<\/p>\n<ul>\n<li>250 EXC-F 2014-2016<\/li>\n<li>250 SX-F 2005-2016<\/li>\n<li>250 SXS-F 2007-2008<\/li>\n<li>250 XC-F 2007-2016<\/li>\n<li>250 XCF-W 2006-2016<\/li>\n<li>350 EXC-F 2012-2016<\/li>\n<li>350 SX-F 2011-2016<\/li>\n<li>350 XC-F 2011-2016<\/li>\n<li>350 XCF-W 2012-2016<\/li>\n<li>400 XC-W 2009-2010<\/li>\n<li>450 EXC 2009-2012<\/li>\n<li>450 SMR 2008-2012<\/li>\n<li>450 SX-F 2007-2012<\/li>\n<li>450 SXS-F 2007-2008<\/li>\n<li>450 XC-F 2008-2009<\/li>\n<li>450 XCR-W 2008<\/li>\n<li>450 SX ATV 2009-2010<\/li>\n<li>450 XC-W 2009-2012<\/li>\n<li>505 SX-F 2007-2008<\/li>\n<li>505 XC-F 2008-2009<\/li>\n<li>505 SX ATV 2009-2010<\/li>\n<li>530 EXC 2010-2012<\/li>\n<li>530 EXC-R 2008-2009<\/li>\n<li>530 XCR-W 2008<\/li>\n<li>530 XC-W 2009-2012<\/li>\n<li>1190 SUPERBIKE RC8 2009-2015<\/li>\n<li>FREERIDE 350 2012-2016<\/li>\n<\/ul>\n<p>\nComplett wie abgebildet.<\/p>\n<p>\n&nbsp;<\/p>\n","protected":false},"excerpt":{"rendered":"<p>Mechanischer Steuerkettenspanner. Neu.&nbsp;Arbeitet nicht mit \u00d6ldruck, daher haben Sie eine immer gleichbleibende Steuerkettenspannung. Das bedeutet: kein Motorklappern, \u00fcberm\u00e4\u00dfigem Kettenverschlie\u00df und \u00c5nderungen der Nockensteuerung mehr! Details: CNC gefertigt KTM orange eloxiert Passend f\u00fcr: fast alle KTM &amp; Husqvarna &amp; Husaberg 4-Takt Modelle (2006-2015) (250-350-450-503-550): 250 EXC-F 2014-2016 250 SX-F 2005-2016 250 SXS-F 2007-2008 250 XC-F 2007-2016 [&hellip;]<\/p>\n","protected":false},"featured_media":195430,"comment_status":"closed","ping_status":"closed","template":"","meta":{"_acf_changed":false},"product_brand":[],"product_cat":[9441],"product_tag":[],"class_list":{"0":"post-213755","1":"product","2":"type-product","3":"status-publish","4":"has-post-thumbnail","6":"product_cat-uncategorized","7":"pa_manufacturer-mino-de","9":"first","10":"instock","11":"taxable","12":"shipping-taxable","13":"purchasable","14":"product-type-simple"},"acf":[],"yoast_head":"<!-- This site is optimized with the Yoast SEO plugin v27.3 - https:\/\/yoast.com\/product\/yoast-seo-wordpress\/ -->\n<title>Steuerkettenspanner Mechanisch KTM EXC SXF SMR 250 350 450 505 530 2006 - 2015 - Frank! MXParts<\/title>\n<meta name=\"robots\" content=\"noindex, follow, max-snippet:-1, max-image-preview:large, max-video-preview:-1\" \/>\n<meta property=\"og:locale\" content=\"de_DE\" \/>\n<meta property=\"og:type\" content=\"article\" \/>\n<meta property=\"og:title\" content=\"Steuerkettenspanner Mechanisch KTM EXC SXF SMR 250 350 450 505 530 2006 - 2015 - Frank! MXParts\" \/>\n<meta property=\"og:description\" content=\"Mechanischer Steuerkettenspanner. Neu.&nbsp;Arbeitet nicht mit \u00d6ldruck, daher haben Sie eine immer gleichbleibende Steuerkettenspannung. Das bedeutet: kein Motorklappern, \u00fcberm\u00e4\u00dfigem Kettenverschlie\u00df und \u00c5nderungen der Nockensteuerung mehr! Details: CNC gefertigt KTM orange eloxiert Passend f\u00fcr: fast alle KTM &amp; Husqvarna &amp; Husaberg 4-Takt Modelle (2006-2015) (250-350-450-503-550): 250 EXC-F 2014-2016 250 SX-F 2005-2016 250 SXS-F 2007-2008 250 XC-F 2007-2016 [&hellip;]\" \/>\n<meta property=\"og:url\" content=\"https:\/\/www.frankmxparts.com.iclicksapp.nl\/de\/manual-camshaft-chain-tensioner-ktm-exc-sxf-smr-250-350-450-550-2006-2015\" \/>\n<meta property=\"og:site_name\" content=\"Frank! MXParts\" \/>\n<meta property=\"article:modified_time\" content=\"2024-11-28T09:12:02+00:00\" \/>\n<meta property=\"og:image\" content=\"https:\/\/www.frankmxparts.com.iclicksapp.nl\/wp-content\/uploads\/2024\/11\/ktm-manual-mechanical-camshaft-cam-chain-tensioner-250-350-450-505-530-exc-sxf-xcw-xcf-rc8-smr-01.jpg\" \/>\n\t<meta property=\"og:image:width\" content=\"750\" \/>\n\t<meta property=\"og:image:height\" content=\"563\" \/>\n\t<meta property=\"og:image:type\" content=\"image\/jpeg\" \/>\n<meta name=\"twitter:card\" content=\"summary_large_image\" \/>\n<meta name=\"twitter:label1\" content=\"Gesch\u00e4tzte Lesezeit\" \/>\n\t<meta name=\"twitter:data1\" content=\"1\u00a0Minute\" \/>\n<script type=\"application\/ld+json\" class=\"yoast-schema-graph\">{\"@context\":\"https:\\\/\\\/schema.org\",\"@graph\":[{\"@type\":\"WebPage\",\"@id\":\"https:\\\/\\\/www.frankmxparts.com.iclicksapp.nl\\\/de\\\/manual-camshaft-chain-tensioner-ktm-exc-sxf-smr-250-350-450-550-2006-2015\",\"url\":\"https:\\\/\\\/www.frankmxparts.com.iclicksapp.nl\\\/de\\\/manual-camshaft-chain-tensioner-ktm-exc-sxf-smr-250-350-450-550-2006-2015\",\"name\":\"Steuerkettenspanner Mechanisch KTM EXC SXF SMR 250 350 450 505 530 2006 - 2015 - Frank! MXParts\",\"isPartOf\":{\"@id\":\"https:\\\/\\\/www.frankmxparts.com.iclicksapp.nl\\\/de\\\/#website\"},\"primaryImageOfPage\":{\"@id\":\"https:\\\/\\\/www.frankmxparts.com.iclicksapp.nl\\\/de\\\/manual-camshaft-chain-tensioner-ktm-exc-sxf-smr-250-350-450-550-2006-2015#primaryimage\"},\"image\":{\"@id\":\"https:\\\/\\\/www.frankmxparts.com.iclicksapp.nl\\\/de\\\/manual-camshaft-chain-tensioner-ktm-exc-sxf-smr-250-350-450-550-2006-2015#primaryimage\"},\"thumbnailUrl\":\"https:\\\/\\\/www.frankmxparts.com.iclicksapp.nl\\\/wp-content\\\/uploads\\\/2024\\\/11\\\/ktm-manual-mechanical-camshaft-cam-chain-tensioner-250-350-450-505-530-exc-sxf-xcw-xcf-rc8-smr-01.jpg\",\"datePublished\":\"2024-11-19T20:49:04+00:00\",\"dateModified\":\"2024-11-28T09:12:02+00:00\",\"breadcrumb\":{\"@id\":\"https:\\\/\\\/www.frankmxparts.com.iclicksapp.nl\\\/de\\\/manual-camshaft-chain-tensioner-ktm-exc-sxf-smr-250-350-450-550-2006-2015#breadcrumb\"},\"inLanguage\":\"de\",\"potentialAction\":[{\"@type\":\"ReadAction\",\"target\":[\"https:\\\/\\\/www.frankmxparts.com.iclicksapp.nl\\\/de\\\/manual-camshaft-chain-tensioner-ktm-exc-sxf-smr-250-350-450-550-2006-2015\"]}]},{\"@type\":\"ImageObject\",\"inLanguage\":\"de\",\"@id\":\"https:\\\/\\\/www.frankmxparts.com.iclicksapp.nl\\\/de\\\/manual-camshaft-chain-tensioner-ktm-exc-sxf-smr-250-350-450-550-2006-2015#primaryimage\",\"url\":\"https:\\\/\\\/www.frankmxparts.com.iclicksapp.nl\\\/wp-content\\\/uploads\\\/2024\\\/11\\\/ktm-manual-mechanical-camshaft-cam-chain-tensioner-250-350-450-505-530-exc-sxf-xcw-xcf-rc8-smr-01.jpg\",\"contentUrl\":\"https:\\\/\\\/www.frankmxparts.com.iclicksapp.nl\\\/wp-content\\\/uploads\\\/2024\\\/11\\\/ktm-manual-mechanical-camshaft-cam-chain-tensioner-250-350-450-505-530-exc-sxf-xcw-xcf-rc8-smr-01.jpg\",\"width\":750,\"height\":563},{\"@type\":\"BreadcrumbList\",\"@id\":\"https:\\\/\\\/www.frankmxparts.com.iclicksapp.nl\\\/de\\\/manual-camshaft-chain-tensioner-ktm-exc-sxf-smr-250-350-450-550-2006-2015#breadcrumb\",\"itemListElement\":[{\"@type\":\"ListItem\",\"position\":1,\"name\":\"Home\",\"item\":\"https:\\\/\\\/www.frankmxparts.com.iclicksapp.nl\\\/de\"},{\"@type\":\"ListItem\",\"position\":2,\"name\":\"Shop\",\"item\":\"https:\\\/\\\/www.frankmxparts.com.iclicksapp.nl\\\/winkel\"},{\"@type\":\"ListItem\",\"position\":3,\"name\":\"Steuerkettenspanner Mechanisch KTM EXC SXF SMR 250 350 450 505 530 2006 &#8211; 2015\"}]},{\"@type\":\"WebSite\",\"@id\":\"https:\\\/\\\/www.frankmxparts.com.iclicksapp.nl\\\/de\\\/#website\",\"url\":\"https:\\\/\\\/www.frankmxparts.com.iclicksapp.nl\\\/de\\\/\",\"name\":\"Frank! MXParts\",\"description\":\"\",\"publisher\":{\"@id\":\"https:\\\/\\\/www.frankmxparts.com.iclicksapp.nl\\\/de\\\/#organization\"},\"potentialAction\":[{\"@type\":\"SearchAction\",\"target\":{\"@type\":\"EntryPoint\",\"urlTemplate\":\"https:\\\/\\\/www.frankmxparts.com.iclicksapp.nl\\\/de\\\/?s={search_term_string}\"},\"query-input\":{\"@type\":\"PropertyValueSpecification\",\"valueRequired\":true,\"valueName\":\"search_term_string\"}}],\"inLanguage\":\"de\"},{\"@type\":\"Organization\",\"@id\":\"https:\\\/\\\/www.frankmxparts.com.iclicksapp.nl\\\/de\\\/#organization\",\"name\":\"Frank! MXParts\",\"url\":\"https:\\\/\\\/www.frankmxparts.com.iclicksapp.nl\\\/de\\\/\",\"logo\":{\"@type\":\"ImageObject\",\"inLanguage\":\"de\",\"@id\":\"https:\\\/\\\/www.frankmxparts.com.iclicksapp.nl\\\/de\\\/#\\\/schema\\\/logo\\\/image\\\/\",\"url\":\"https:\\\/\\\/www.frankmxparts.com.iclicksapp.nl\\\/wp-content\\\/uploads\\\/2024\\\/01\\\/frank-mxparts-logo.svg\",\"contentUrl\":\"https:\\\/\\\/www.frankmxparts.com.iclicksapp.nl\\\/wp-content\\\/uploads\\\/2024\\\/01\\\/frank-mxparts-logo.svg\",\"width\":301,\"height\":88,\"caption\":\"Frank! MXParts\"},\"image\":{\"@id\":\"https:\\\/\\\/www.frankmxparts.com.iclicksapp.nl\\\/de\\\/#\\\/schema\\\/logo\\\/image\\\/\"}}]}<\/script>\n<!-- \/ Yoast SEO plugin. -->","yoast_head_json":{"title":"Steuerkettenspanner Mechanisch KTM EXC SXF SMR 250 350 450 505 530 2006 - 2015 - Frank! MXParts","robots":{"index":"noindex","follow":"follow","max-snippet":"max-snippet:-1","max-image-preview":"max-image-preview:large","max-video-preview":"max-video-preview:-1"},"og_locale":"de_DE","og_type":"article","og_title":"Steuerkettenspanner Mechanisch KTM EXC SXF SMR 250 350 450 505 530 2006 - 2015 - Frank! MXParts","og_description":"Mechanischer Steuerkettenspanner. Neu.&nbsp;Arbeitet nicht mit \u00d6ldruck, daher haben Sie eine immer gleichbleibende Steuerkettenspannung. Das bedeutet: kein Motorklappern, \u00fcberm\u00e4\u00dfigem Kettenverschlie\u00df und \u00c5nderungen der Nockensteuerung mehr! Details: CNC gefertigt KTM orange eloxiert Passend f\u00fcr: fast alle KTM &amp; Husqvarna &amp; Husaberg 4-Takt Modelle (2006-2015) (250-350-450-503-550): 250 EXC-F 2014-2016 250 SX-F 2005-2016 250 SXS-F 2007-2008 250 XC-F 2007-2016 [&hellip;]","og_url":"https:\/\/www.frankmxparts.com.iclicksapp.nl\/de\/manual-camshaft-chain-tensioner-ktm-exc-sxf-smr-250-350-450-550-2006-2015","og_site_name":"Frank! MXParts","article_modified_time":"2024-11-28T09:12:02+00:00","og_image":[{"width":750,"height":563,"url":"https:\/\/www.frankmxparts.com.iclicksapp.nl\/wp-content\/uploads\/2024\/11\/ktm-manual-mechanical-camshaft-cam-chain-tensioner-250-350-450-505-530-exc-sxf-xcw-xcf-rc8-smr-01.jpg","type":"image\/jpeg"}],"twitter_card":"summary_large_image","twitter_misc":{"Gesch\u00e4tzte Lesezeit":"1\u00a0Minute"},"schema":{"@context":"https:\/\/schema.org","@graph":[{"@type":"WebPage","@id":"https:\/\/www.frankmxparts.com.iclicksapp.nl\/de\/manual-camshaft-chain-tensioner-ktm-exc-sxf-smr-250-350-450-550-2006-2015","url":"https:\/\/www.frankmxparts.com.iclicksapp.nl\/de\/manual-camshaft-chain-tensioner-ktm-exc-sxf-smr-250-350-450-550-2006-2015","name":"Steuerkettenspanner Mechanisch KTM EXC SXF SMR 250 350 450 505 530 2006 - 2015 - Frank! MXParts","isPartOf":{"@id":"https:\/\/www.frankmxparts.com.iclicksapp.nl\/de\/#website"},"primaryImageOfPage":{"@id":"https:\/\/www.frankmxparts.com.iclicksapp.nl\/de\/manual-camshaft-chain-tensioner-ktm-exc-sxf-smr-250-350-450-550-2006-2015#primaryimage"},"image":{"@id":"https:\/\/www.frankmxparts.com.iclicksapp.nl\/de\/manual-camshaft-chain-tensioner-ktm-exc-sxf-smr-250-350-450-550-2006-2015#primaryimage"},"thumbnailUrl":"https:\/\/www.frankmxparts.com.iclicksapp.nl\/wp-content\/uploads\/2024\/11\/ktm-manual-mechanical-camshaft-cam-chain-tensioner-250-350-450-505-530-exc-sxf-xcw-xcf-rc8-smr-01.jpg","datePublished":"2024-11-19T20:49:04+00:00","dateModified":"2024-11-28T09:12:02+00:00","breadcrumb":{"@id":"https:\/\/www.frankmxparts.com.iclicksapp.nl\/de\/manual-camshaft-chain-tensioner-ktm-exc-sxf-smr-250-350-450-550-2006-2015#breadcrumb"},"inLanguage":"de","potentialAction":[{"@type":"ReadAction","target":["https:\/\/www.frankmxparts.com.iclicksapp.nl\/de\/manual-camshaft-chain-tensioner-ktm-exc-sxf-smr-250-350-450-550-2006-2015"]}]},{"@type":"ImageObject","inLanguage":"de","@id":"https:\/\/www.frankmxparts.com.iclicksapp.nl\/de\/manual-camshaft-chain-tensioner-ktm-exc-sxf-smr-250-350-450-550-2006-2015#primaryimage","url":"https:\/\/www.frankmxparts.com.iclicksapp.nl\/wp-content\/uploads\/2024\/11\/ktm-manual-mechanical-camshaft-cam-chain-tensioner-250-350-450-505-530-exc-sxf-xcw-xcf-rc8-smr-01.jpg","contentUrl":"https:\/\/www.frankmxparts.com.iclicksapp.nl\/wp-content\/uploads\/2024\/11\/ktm-manual-mechanical-camshaft-cam-chain-tensioner-250-350-450-505-530-exc-sxf-xcw-xcf-rc8-smr-01.jpg","width":750,"height":563},{"@type":"BreadcrumbList","@id":"https:\/\/www.frankmxparts.com.iclicksapp.nl\/de\/manual-camshaft-chain-tensioner-ktm-exc-sxf-smr-250-350-450-550-2006-2015#breadcrumb","itemListElement":[{"@type":"ListItem","position":1,"name":"Home","item":"https:\/\/www.frankmxparts.com.iclicksapp.nl\/de"},{"@type":"ListItem","position":2,"name":"Shop","item":"https:\/\/www.frankmxparts.com.iclicksapp.nl\/winkel"},{"@type":"ListItem","position":3,"name":"Steuerkettenspanner Mechanisch KTM EXC SXF SMR 250 350 450 505 530 2006 &#8211; 2015"}]},{"@type":"WebSite","@id":"https:\/\/www.frankmxparts.com.iclicksapp.nl\/de\/#website","url":"https:\/\/www.frankmxparts.com.iclicksapp.nl\/de\/","name":"Frank! MXParts","description":"","publisher":{"@id":"https:\/\/www.frankmxparts.com.iclicksapp.nl\/de\/#organization"},"potentialAction":[{"@type":"SearchAction","target":{"@type":"EntryPoint","urlTemplate":"https:\/\/www.frankmxparts.com.iclicksapp.nl\/de\/?s={search_term_string}"},"query-input":{"@type":"PropertyValueSpecification","valueRequired":true,"valueName":"search_term_string"}}],"inLanguage":"de"},{"@type":"Organization","@id":"https:\/\/www.frankmxparts.com.iclicksapp.nl\/de\/#organization","name":"Frank! MXParts","url":"https:\/\/www.frankmxparts.com.iclicksapp.nl\/de\/","logo":{"@type":"ImageObject","inLanguage":"de","@id":"https:\/\/www.frankmxparts.com.iclicksapp.nl\/de\/#\/schema\/logo\/image\/","url":"https:\/\/www.frankmxparts.com.iclicksapp.nl\/wp-content\/uploads\/2024\/01\/frank-mxparts-logo.svg","contentUrl":"https:\/\/www.frankmxparts.com.iclicksapp.nl\/wp-content\/uploads\/2024\/01\/frank-mxparts-logo.svg","width":301,"height":88,"caption":"Frank! MXParts"},"image":{"@id":"https:\/\/www.frankmxparts.com.iclicksapp.nl\/de\/#\/schema\/logo\/image\/"}}]}},"_links":{"self":[{"href":"https:\/\/www.frankmxparts.com.iclicksapp.nl\/de\/wp-json\/wp\/v2\/product\/213755","targetHints":{"allow":["GET"]}}],"collection":[{"href":"https:\/\/www.frankmxparts.com.iclicksapp.nl\/de\/wp-json\/wp\/v2\/product"}],"about":[{"href":"https:\/\/www.frankmxparts.com.iclicksapp.nl\/de\/wp-json\/wp\/v2\/types\/product"}],"replies":[{"embeddable":true,"href":"https:\/\/www.frankmxparts.com.iclicksapp.nl\/de\/wp-json\/wp\/v2\/comments?post=213755"}],"wp:featuredmedia":[{"embeddable":true,"href":"https:\/\/www.frankmxparts.com.iclicksapp.nl\/de\/wp-json\/wp\/v2\/media\/195430"}],"wp:attachment":[{"href":"https:\/\/www.frankmxparts.com.iclicksapp.nl\/de\/wp-json\/wp\/v2\/media?parent=213755"}],"wp:term":[{"taxonomy":"product_brand","embeddable":true,"href":"https:\/\/www.frankmxparts.com.iclicksapp.nl\/de\/wp-json\/wp\/v2\/product_brand?post=213755"},{"taxonomy":"product_cat","embeddable":true,"href":"https:\/\/www.frankmxparts.com.iclicksapp.nl\/de\/wp-json\/wp\/v2\/product_cat?post=213755"},{"taxonomy":"product_tag","embeddable":true,"href":"https:\/\/www.frankmxparts.com.iclicksapp.nl\/de\/wp-json\/wp\/v2\/product_tag?post=213755"}],"curies":[{"name":"wp","href":"https:\/\/api.w.org\/{rel}","templated":true}]}}