{"id":213880,"date":"2024-11-19T21:57:48","date_gmt":"2024-11-19T20:57:48","guid":{"rendered":"https:\/\/www.frankmxparts.com.iclicksapp.nl\/product\/high-flow-billet-waterpump-impeller-ktm-54835005000-50-65-125-144-200-250-300-sx-exc-xc-xcw-sxs-2007-2016"},"modified":"2024-11-27T13:55:18","modified_gmt":"2024-11-27T11:55:18","slug":"high-flow-billet-waterpump-impeller-ktm-54835005000-50-65-125-144-200-250-300-sx-exc-xc-xcw-sxs-2007-2016","status":"publish","type":"product","link":"https:\/\/www.frankmxparts.com.iclicksapp.nl\/de\/high-flow-billet-waterpump-impeller-ktm-54835005000-50-65-125-144-200-250-300-sx-exc-xc-xcw-sxs-2007-2016","title":{"rendered":"High Flow Wasserpumpe Rotor \/ 2007-2016 KTM SX EXC 50 65 125 144 200 250 300"},"content":{"rendered":"<div>&nbsp;<br \/>\n<strong>Mino High Flow Wasserpumpe Rotor&nbsp;f\u00fcr&nbsp;KTM 2-Takt Modelle.<\/strong><\/p>\n<p>\nNEU. Ersetzt den standard Plastic Rotor, welche anf\u00e4llig zu brechen ist.<\/p>\n<p>Details:<\/p><\/div>\n<ul>\n<li>CNC gefr\u00e4st<\/li>\n<li>High Flow wegen verbessertes Design<\/li>\n<li>harteloxiert (schwarz)<\/li>\n<li>ersetzt den standard Rotor mit KTM OEM # 54835005000.<\/li>\n<\/ul>\n<p>&nbsp;<\/p>\n<div>Passend f\u00fcr&nbsp;(Liste ist&nbsp;m\u00f6glicherweise nicht vollst\u00e4ndig):<\/div>\n<ul>\n<li>50 SX 2009-2015<\/li>\n<li>65 SX 2009-2016<\/li>\n<li>125 SX 2007-2015<\/li>\n<li>144 SX 2007-2008<\/li>\n<li>200 EXC 2007-2016&nbsp;<\/li>\n<li>200 XC 2007-2014<\/li>\n<li>200 XC-W 2008-2016<\/li>\n<li>250 EXC&nbsp;2016<\/li>\n<li>250 SX 2007-2016<\/li>\n<li>250 SXS 2007<\/li>\n<li>250 XC 2007-2016<\/li>\n<li>250 XC-W&nbsp;2007-2016<\/li>\n<li>300 EXC 2007-2016<\/li>\n<li>300 XC 2007-2015<\/li>\n<li>300 XC-W&nbsp;2007-2016<\/li>\n<\/ul>\n<div>\nKomplett wie abgebildet.<br \/>\n&nbsp;<\/div>\n<div>\n<p>&nbsp;<\/p><\/div>\n","protected":false},"excerpt":{"rendered":"<p>&nbsp; Mino High Flow Wasserpumpe Rotor&nbsp;f\u00fcr&nbsp;KTM 2-Takt Modelle. NEU. Ersetzt den standard Plastic Rotor, welche anf\u00e4llig zu brechen ist. Details: CNC gefr\u00e4st High Flow wegen verbessertes Design harteloxiert (schwarz) ersetzt den standard Rotor mit KTM OEM # 54835005000. &nbsp; Passend f\u00fcr&nbsp;(Liste ist&nbsp;m\u00f6glicherweise nicht vollst\u00e4ndig): 50 SX 2009-2015 65 SX 2009-2016 125 SX 2007-2015 144 SX [&hellip;]<\/p>\n","protected":false},"featured_media":197103,"comment_status":"closed","ping_status":"closed","template":"","meta":{"_acf_changed":false},"product_brand":[],"product_cat":[9441],"product_tag":[],"class_list":{"0":"post-213880","1":"product","2":"type-product","3":"status-publish","4":"has-post-thumbnail","6":"product_cat-uncategorized","7":"pa_manufacturer-mino-de","9":"first","10":"instock","11":"taxable","12":"shipping-taxable","13":"purchasable","14":"product-type-simple"},"acf":[],"yoast_head":"<!-- This site is optimized with the Yoast SEO plugin v27.3 - https:\/\/yoast.com\/product\/yoast-seo-wordpress\/ -->\n<title>High Flow Wasserpumpe Rotor \/ 2007-2016 KTM SX EXC 50 65 125 144 200 250 300 - Frank! MXParts<\/title>\n<meta name=\"robots\" content=\"noindex, follow, max-snippet:-1, max-image-preview:large, max-video-preview:-1\" \/>\n<meta property=\"og:locale\" content=\"de_DE\" \/>\n<meta property=\"og:type\" content=\"article\" \/>\n<meta property=\"og:title\" content=\"High Flow Wasserpumpe Rotor \/ 2007-2016 KTM SX EXC 50 65 125 144 200 250 300 - Frank! MXParts\" \/>\n<meta property=\"og:description\" content=\"&nbsp; Mino High Flow Wasserpumpe Rotor&nbsp;f\u00fcr&nbsp;KTM 2-Takt Modelle. NEU. Ersetzt den standard Plastic Rotor, welche anf\u00e4llig zu brechen ist. Details: CNC gefr\u00e4st High Flow wegen verbessertes Design harteloxiert (schwarz) ersetzt den standard Rotor mit KTM OEM # 54835005000. &nbsp; Passend f\u00fcr&nbsp;(Liste ist&nbsp;m\u00f6glicherweise nicht vollst\u00e4ndig): 50 SX 2009-2015 65 SX 2009-2016 125 SX 2007-2015 144 SX [&hellip;]\" \/>\n<meta property=\"og:url\" content=\"https:\/\/www.frankmxparts.com.iclicksapp.nl\/de\/high-flow-billet-waterpump-impeller-ktm-54835005000-50-65-125-144-200-250-300-sx-exc-xc-xcw-sxs-2007-2016\" \/>\n<meta property=\"og:site_name\" content=\"Frank! MXParts\" \/>\n<meta property=\"article:modified_time\" content=\"2024-11-27T11:55:18+00:00\" \/>\n<meta property=\"og:image\" content=\"https:\/\/www.frankmxparts.com.iclicksapp.nl\/wp-content\/uploads\/2024\/11\/high-flow-billet-waterpump-impeller-ktm-54835005000-50-65-125-144-200-250-300-SX-EXC-XC-XCW-SXS-2007-2016-frank-mxparts-01.jpg\" \/>\n\t<meta property=\"og:image:width\" content=\"750\" \/>\n\t<meta property=\"og:image:height\" content=\"563\" \/>\n\t<meta property=\"og:image:type\" content=\"image\/jpeg\" \/>\n<meta name=\"twitter:card\" content=\"summary_large_image\" \/>\n<script type=\"application\/ld+json\" class=\"yoast-schema-graph\">{\"@context\":\"https:\\\/\\\/schema.org\",\"@graph\":[{\"@type\":\"WebPage\",\"@id\":\"https:\\\/\\\/www.frankmxparts.com.iclicksapp.nl\\\/de\\\/high-flow-billet-waterpump-impeller-ktm-54835005000-50-65-125-144-200-250-300-sx-exc-xc-xcw-sxs-2007-2016\",\"url\":\"https:\\\/\\\/www.frankmxparts.com.iclicksapp.nl\\\/de\\\/high-flow-billet-waterpump-impeller-ktm-54835005000-50-65-125-144-200-250-300-sx-exc-xc-xcw-sxs-2007-2016\",\"name\":\"High Flow Wasserpumpe Rotor \\\/ 2007-2016 KTM SX EXC 50 65 125 144 200 250 300 - Frank! MXParts\",\"isPartOf\":{\"@id\":\"https:\\\/\\\/www.frankmxparts.com.iclicksapp.nl\\\/de\\\/#website\"},\"primaryImageOfPage\":{\"@id\":\"https:\\\/\\\/www.frankmxparts.com.iclicksapp.nl\\\/de\\\/high-flow-billet-waterpump-impeller-ktm-54835005000-50-65-125-144-200-250-300-sx-exc-xc-xcw-sxs-2007-2016#primaryimage\"},\"image\":{\"@id\":\"https:\\\/\\\/www.frankmxparts.com.iclicksapp.nl\\\/de\\\/high-flow-billet-waterpump-impeller-ktm-54835005000-50-65-125-144-200-250-300-sx-exc-xc-xcw-sxs-2007-2016#primaryimage\"},\"thumbnailUrl\":\"https:\\\/\\\/www.frankmxparts.com.iclicksapp.nl\\\/wp-content\\\/uploads\\\/2024\\\/11\\\/high-flow-billet-waterpump-impeller-ktm-54835005000-50-65-125-144-200-250-300-SX-EXC-XC-XCW-SXS-2007-2016-frank-mxparts-01.jpg\",\"datePublished\":\"2024-11-19T20:57:48+00:00\",\"dateModified\":\"2024-11-27T11:55:18+00:00\",\"breadcrumb\":{\"@id\":\"https:\\\/\\\/www.frankmxparts.com.iclicksapp.nl\\\/de\\\/high-flow-billet-waterpump-impeller-ktm-54835005000-50-65-125-144-200-250-300-sx-exc-xc-xcw-sxs-2007-2016#breadcrumb\"},\"inLanguage\":\"de\",\"potentialAction\":[{\"@type\":\"ReadAction\",\"target\":[\"https:\\\/\\\/www.frankmxparts.com.iclicksapp.nl\\\/de\\\/high-flow-billet-waterpump-impeller-ktm-54835005000-50-65-125-144-200-250-300-sx-exc-xc-xcw-sxs-2007-2016\"]}]},{\"@type\":\"ImageObject\",\"inLanguage\":\"de\",\"@id\":\"https:\\\/\\\/www.frankmxparts.com.iclicksapp.nl\\\/de\\\/high-flow-billet-waterpump-impeller-ktm-54835005000-50-65-125-144-200-250-300-sx-exc-xc-xcw-sxs-2007-2016#primaryimage\",\"url\":\"https:\\\/\\\/www.frankmxparts.com.iclicksapp.nl\\\/wp-content\\\/uploads\\\/2024\\\/11\\\/high-flow-billet-waterpump-impeller-ktm-54835005000-50-65-125-144-200-250-300-SX-EXC-XC-XCW-SXS-2007-2016-frank-mxparts-01.jpg\",\"contentUrl\":\"https:\\\/\\\/www.frankmxparts.com.iclicksapp.nl\\\/wp-content\\\/uploads\\\/2024\\\/11\\\/high-flow-billet-waterpump-impeller-ktm-54835005000-50-65-125-144-200-250-300-SX-EXC-XC-XCW-SXS-2007-2016-frank-mxparts-01.jpg\",\"width\":750,\"height\":563},{\"@type\":\"BreadcrumbList\",\"@id\":\"https:\\\/\\\/www.frankmxparts.com.iclicksapp.nl\\\/de\\\/high-flow-billet-waterpump-impeller-ktm-54835005000-50-65-125-144-200-250-300-sx-exc-xc-xcw-sxs-2007-2016#breadcrumb\",\"itemListElement\":[{\"@type\":\"ListItem\",\"position\":1,\"name\":\"Home\",\"item\":\"https:\\\/\\\/www.frankmxparts.com.iclicksapp.nl\\\/de\"},{\"@type\":\"ListItem\",\"position\":2,\"name\":\"Shop\",\"item\":\"https:\\\/\\\/www.frankmxparts.com.iclicksapp.nl\\\/winkel\"},{\"@type\":\"ListItem\",\"position\":3,\"name\":\"High Flow Wasserpumpe Rotor \\\/ 2007-2016 KTM SX EXC 50 65 125 144 200 250 300\"}]},{\"@type\":\"WebSite\",\"@id\":\"https:\\\/\\\/www.frankmxparts.com.iclicksapp.nl\\\/de\\\/#website\",\"url\":\"https:\\\/\\\/www.frankmxparts.com.iclicksapp.nl\\\/de\\\/\",\"name\":\"Frank! MXParts\",\"description\":\"\",\"publisher\":{\"@id\":\"https:\\\/\\\/www.frankmxparts.com.iclicksapp.nl\\\/de\\\/#organization\"},\"potentialAction\":[{\"@type\":\"SearchAction\",\"target\":{\"@type\":\"EntryPoint\",\"urlTemplate\":\"https:\\\/\\\/www.frankmxparts.com.iclicksapp.nl\\\/de\\\/?s={search_term_string}\"},\"query-input\":{\"@type\":\"PropertyValueSpecification\",\"valueRequired\":true,\"valueName\":\"search_term_string\"}}],\"inLanguage\":\"de\"},{\"@type\":\"Organization\",\"@id\":\"https:\\\/\\\/www.frankmxparts.com.iclicksapp.nl\\\/de\\\/#organization\",\"name\":\"Frank! MXParts\",\"url\":\"https:\\\/\\\/www.frankmxparts.com.iclicksapp.nl\\\/de\\\/\",\"logo\":{\"@type\":\"ImageObject\",\"inLanguage\":\"de\",\"@id\":\"https:\\\/\\\/www.frankmxparts.com.iclicksapp.nl\\\/de\\\/#\\\/schema\\\/logo\\\/image\\\/\",\"url\":\"https:\\\/\\\/www.frankmxparts.com.iclicksapp.nl\\\/wp-content\\\/uploads\\\/2024\\\/01\\\/frank-mxparts-logo.svg\",\"contentUrl\":\"https:\\\/\\\/www.frankmxparts.com.iclicksapp.nl\\\/wp-content\\\/uploads\\\/2024\\\/01\\\/frank-mxparts-logo.svg\",\"width\":301,\"height\":88,\"caption\":\"Frank! MXParts\"},\"image\":{\"@id\":\"https:\\\/\\\/www.frankmxparts.com.iclicksapp.nl\\\/de\\\/#\\\/schema\\\/logo\\\/image\\\/\"}}]}<\/script>\n<!-- \/ Yoast SEO plugin. -->","yoast_head_json":{"title":"High Flow Wasserpumpe Rotor \/ 2007-2016 KTM SX EXC 50 65 125 144 200 250 300 - Frank! MXParts","robots":{"index":"noindex","follow":"follow","max-snippet":"max-snippet:-1","max-image-preview":"max-image-preview:large","max-video-preview":"max-video-preview:-1"},"og_locale":"de_DE","og_type":"article","og_title":"High Flow Wasserpumpe Rotor \/ 2007-2016 KTM SX EXC 50 65 125 144 200 250 300 - Frank! MXParts","og_description":"&nbsp; Mino High Flow Wasserpumpe Rotor&nbsp;f\u00fcr&nbsp;KTM 2-Takt Modelle. NEU. Ersetzt den standard Plastic Rotor, welche anf\u00e4llig zu brechen ist. Details: CNC gefr\u00e4st High Flow wegen verbessertes Design harteloxiert (schwarz) ersetzt den standard Rotor mit KTM OEM # 54835005000. &nbsp; Passend f\u00fcr&nbsp;(Liste ist&nbsp;m\u00f6glicherweise nicht vollst\u00e4ndig): 50 SX 2009-2015 65 SX 2009-2016 125 SX 2007-2015 144 SX [&hellip;]","og_url":"https:\/\/www.frankmxparts.com.iclicksapp.nl\/de\/high-flow-billet-waterpump-impeller-ktm-54835005000-50-65-125-144-200-250-300-sx-exc-xc-xcw-sxs-2007-2016","og_site_name":"Frank! MXParts","article_modified_time":"2024-11-27T11:55:18+00:00","og_image":[{"width":750,"height":563,"url":"https:\/\/www.frankmxparts.com.iclicksapp.nl\/wp-content\/uploads\/2024\/11\/high-flow-billet-waterpump-impeller-ktm-54835005000-50-65-125-144-200-250-300-SX-EXC-XC-XCW-SXS-2007-2016-frank-mxparts-01.jpg","type":"image\/jpeg"}],"twitter_card":"summary_large_image","schema":{"@context":"https:\/\/schema.org","@graph":[{"@type":"WebPage","@id":"https:\/\/www.frankmxparts.com.iclicksapp.nl\/de\/high-flow-billet-waterpump-impeller-ktm-54835005000-50-65-125-144-200-250-300-sx-exc-xc-xcw-sxs-2007-2016","url":"https:\/\/www.frankmxparts.com.iclicksapp.nl\/de\/high-flow-billet-waterpump-impeller-ktm-54835005000-50-65-125-144-200-250-300-sx-exc-xc-xcw-sxs-2007-2016","name":"High Flow Wasserpumpe Rotor \/ 2007-2016 KTM SX EXC 50 65 125 144 200 250 300 - Frank! MXParts","isPartOf":{"@id":"https:\/\/www.frankmxparts.com.iclicksapp.nl\/de\/#website"},"primaryImageOfPage":{"@id":"https:\/\/www.frankmxparts.com.iclicksapp.nl\/de\/high-flow-billet-waterpump-impeller-ktm-54835005000-50-65-125-144-200-250-300-sx-exc-xc-xcw-sxs-2007-2016#primaryimage"},"image":{"@id":"https:\/\/www.frankmxparts.com.iclicksapp.nl\/de\/high-flow-billet-waterpump-impeller-ktm-54835005000-50-65-125-144-200-250-300-sx-exc-xc-xcw-sxs-2007-2016#primaryimage"},"thumbnailUrl":"https:\/\/www.frankmxparts.com.iclicksapp.nl\/wp-content\/uploads\/2024\/11\/high-flow-billet-waterpump-impeller-ktm-54835005000-50-65-125-144-200-250-300-SX-EXC-XC-XCW-SXS-2007-2016-frank-mxparts-01.jpg","datePublished":"2024-11-19T20:57:48+00:00","dateModified":"2024-11-27T11:55:18+00:00","breadcrumb":{"@id":"https:\/\/www.frankmxparts.com.iclicksapp.nl\/de\/high-flow-billet-waterpump-impeller-ktm-54835005000-50-65-125-144-200-250-300-sx-exc-xc-xcw-sxs-2007-2016#breadcrumb"},"inLanguage":"de","potentialAction":[{"@type":"ReadAction","target":["https:\/\/www.frankmxparts.com.iclicksapp.nl\/de\/high-flow-billet-waterpump-impeller-ktm-54835005000-50-65-125-144-200-250-300-sx-exc-xc-xcw-sxs-2007-2016"]}]},{"@type":"ImageObject","inLanguage":"de","@id":"https:\/\/www.frankmxparts.com.iclicksapp.nl\/de\/high-flow-billet-waterpump-impeller-ktm-54835005000-50-65-125-144-200-250-300-sx-exc-xc-xcw-sxs-2007-2016#primaryimage","url":"https:\/\/www.frankmxparts.com.iclicksapp.nl\/wp-content\/uploads\/2024\/11\/high-flow-billet-waterpump-impeller-ktm-54835005000-50-65-125-144-200-250-300-SX-EXC-XC-XCW-SXS-2007-2016-frank-mxparts-01.jpg","contentUrl":"https:\/\/www.frankmxparts.com.iclicksapp.nl\/wp-content\/uploads\/2024\/11\/high-flow-billet-waterpump-impeller-ktm-54835005000-50-65-125-144-200-250-300-SX-EXC-XC-XCW-SXS-2007-2016-frank-mxparts-01.jpg","width":750,"height":563},{"@type":"BreadcrumbList","@id":"https:\/\/www.frankmxparts.com.iclicksapp.nl\/de\/high-flow-billet-waterpump-impeller-ktm-54835005000-50-65-125-144-200-250-300-sx-exc-xc-xcw-sxs-2007-2016#breadcrumb","itemListElement":[{"@type":"ListItem","position":1,"name":"Home","item":"https:\/\/www.frankmxparts.com.iclicksapp.nl\/de"},{"@type":"ListItem","position":2,"name":"Shop","item":"https:\/\/www.frankmxparts.com.iclicksapp.nl\/winkel"},{"@type":"ListItem","position":3,"name":"High Flow Wasserpumpe Rotor \/ 2007-2016 KTM SX EXC 50 65 125 144 200 250 300"}]},{"@type":"WebSite","@id":"https:\/\/www.frankmxparts.com.iclicksapp.nl\/de\/#website","url":"https:\/\/www.frankmxparts.com.iclicksapp.nl\/de\/","name":"Frank! MXParts","description":"","publisher":{"@id":"https:\/\/www.frankmxparts.com.iclicksapp.nl\/de\/#organization"},"potentialAction":[{"@type":"SearchAction","target":{"@type":"EntryPoint","urlTemplate":"https:\/\/www.frankmxparts.com.iclicksapp.nl\/de\/?s={search_term_string}"},"query-input":{"@type":"PropertyValueSpecification","valueRequired":true,"valueName":"search_term_string"}}],"inLanguage":"de"},{"@type":"Organization","@id":"https:\/\/www.frankmxparts.com.iclicksapp.nl\/de\/#organization","name":"Frank! MXParts","url":"https:\/\/www.frankmxparts.com.iclicksapp.nl\/de\/","logo":{"@type":"ImageObject","inLanguage":"de","@id":"https:\/\/www.frankmxparts.com.iclicksapp.nl\/de\/#\/schema\/logo\/image\/","url":"https:\/\/www.frankmxparts.com.iclicksapp.nl\/wp-content\/uploads\/2024\/01\/frank-mxparts-logo.svg","contentUrl":"https:\/\/www.frankmxparts.com.iclicksapp.nl\/wp-content\/uploads\/2024\/01\/frank-mxparts-logo.svg","width":301,"height":88,"caption":"Frank! MXParts"},"image":{"@id":"https:\/\/www.frankmxparts.com.iclicksapp.nl\/de\/#\/schema\/logo\/image\/"}}]}},"_links":{"self":[{"href":"https:\/\/www.frankmxparts.com.iclicksapp.nl\/de\/wp-json\/wp\/v2\/product\/213880","targetHints":{"allow":["GET"]}}],"collection":[{"href":"https:\/\/www.frankmxparts.com.iclicksapp.nl\/de\/wp-json\/wp\/v2\/product"}],"about":[{"href":"https:\/\/www.frankmxparts.com.iclicksapp.nl\/de\/wp-json\/wp\/v2\/types\/product"}],"replies":[{"embeddable":true,"href":"https:\/\/www.frankmxparts.com.iclicksapp.nl\/de\/wp-json\/wp\/v2\/comments?post=213880"}],"wp:featuredmedia":[{"embeddable":true,"href":"https:\/\/www.frankmxparts.com.iclicksapp.nl\/de\/wp-json\/wp\/v2\/media\/197103"}],"wp:attachment":[{"href":"https:\/\/www.frankmxparts.com.iclicksapp.nl\/de\/wp-json\/wp\/v2\/media?parent=213880"}],"wp:term":[{"taxonomy":"product_brand","embeddable":true,"href":"https:\/\/www.frankmxparts.com.iclicksapp.nl\/de\/wp-json\/wp\/v2\/product_brand?post=213880"},{"taxonomy":"product_cat","embeddable":true,"href":"https:\/\/www.frankmxparts.com.iclicksapp.nl\/de\/wp-json\/wp\/v2\/product_cat?post=213880"},{"taxonomy":"product_tag","embeddable":true,"href":"https:\/\/www.frankmxparts.com.iclicksapp.nl\/de\/wp-json\/wp\/v2\/product_tag?post=213880"}],"curies":[{"name":"wp","href":"https:\/\/api.w.org\/{rel}","templated":true}]}}