{"id":213882,"date":"2024-11-19T21:57:48","date_gmt":"2024-11-19T20:57:48","guid":{"rendered":"https:\/\/www.frankmxparts.com.iclicksapp.nl\/product\/stainless-steel-rear-brake-caliper-piston-pistons-seal-seals-repair-rebuild-kit-47013083100-ktm-65-sx-2009-2021"},"modified":"2024-12-16T11:48:06","modified_gmt":"2024-12-16T10:48:06","slug":"stainless-steel-rear-brake-caliper-piston-pistons-seal-seals-repair-rebuild-kit-47013083100-ktm-65-sx-2009-2021","status":"publish","type":"product","link":"https:\/\/www.frankmxparts.com.iclicksapp.nl\/de\/stainless-steel-rear-brake-caliper-piston-pistons-seal-seals-repair-rebuild-kit-47013083100-ktm-65-sx-2009-2021","title":{"rendered":"Edelstahl Kolben Kit Bremssattel hinten \/ KTM 65 SX 2009-2021"},"content":{"rendered":"<div>&nbsp;<br \/>\n<strong>Edelstahl Kolben Kit&nbsp;Bremssattel hinten f\u00fcr KTM 65SX<\/strong><strong>.<\/p>\n<p>Hohe Qualit\u00e4t Edelstahl Kolben<\/strong> um die serienm\u00e4\u00dfig verbauten Kolben zu ersetzen.&nbsp;Hochpr\u00e4zise CNC-bearbeitet; Niederl\u00e4ndisches Produkt.<br \/>\n<strong>Passend f\u00fcr<\/strong>: die 2009-2021 KTM 65SX.<\/p>\n<p>\nKomplettt wie abgebildet.<br \/>\nWir verpacken professionell und versenden schnell!<\/p>\n<p>&nbsp;<\/p><\/div>\n","protected":false},"excerpt":{"rendered":"<p>&nbsp; Edelstahl Kolben Kit&nbsp;Bremssattel hinten f\u00fcr KTM 65SX. Hohe Qualit\u00e4t Edelstahl Kolben um die serienm\u00e4\u00dfig verbauten Kolben zu ersetzen.&nbsp;Hochpr\u00e4zise CNC-bearbeitet; Niederl\u00e4ndisches Produkt. Passend f\u00fcr: die 2009-2021 KTM 65SX. Komplettt wie abgebildet. Wir verpacken professionell und versenden schnell! &nbsp;<\/p>\n","protected":false},"featured_media":197117,"comment_status":"closed","ping_status":"closed","template":"","meta":{"_acf_changed":false},"product_brand":[],"product_cat":[9441],"product_tag":[],"class_list":{"0":"post-213882","1":"product","2":"type-product","3":"status-publish","4":"has-post-thumbnail","6":"product_cat-uncategorized","7":"pa_manufacturer-mino-de","9":"first","10":"instock","11":"taxable","12":"shipping-taxable","13":"purchasable","14":"product-type-simple"},"acf":[],"yoast_head":"<!-- This site is optimized with the Yoast SEO plugin v27.3 - https:\/\/yoast.com\/product\/yoast-seo-wordpress\/ -->\n<title>Edelstahl Kolben Kit Bremssattel hinten \/ KTM 65 SX 2009-2021 - Frank! MXParts<\/title>\n<meta name=\"robots\" content=\"noindex, follow, max-snippet:-1, max-image-preview:large, max-video-preview:-1\" \/>\n<meta property=\"og:locale\" content=\"de_DE\" \/>\n<meta property=\"og:type\" content=\"article\" \/>\n<meta property=\"og:title\" content=\"Edelstahl Kolben Kit Bremssattel hinten \/ KTM 65 SX 2009-2021 - Frank! MXParts\" \/>\n<meta property=\"og:description\" content=\"&nbsp; Edelstahl Kolben Kit&nbsp;Bremssattel hinten f\u00fcr KTM 65SX. Hohe Qualit\u00e4t Edelstahl Kolben um die serienm\u00e4\u00dfig verbauten Kolben zu ersetzen.&nbsp;Hochpr\u00e4zise CNC-bearbeitet; Niederl\u00e4ndisches Produkt. Passend f\u00fcr: die 2009-2021 KTM 65SX. Komplettt wie abgebildet. Wir verpacken professionell und versenden schnell! &nbsp;\" \/>\n<meta property=\"og:url\" content=\"https:\/\/www.frankmxparts.com.iclicksapp.nl\/de\/stainless-steel-rear-brake-caliper-piston-pistons-seal-seals-repair-rebuild-kit-47013083100-ktm-65-sx-2009-2021\" \/>\n<meta property=\"og:site_name\" content=\"Frank! MXParts\" \/>\n<meta property=\"article:modified_time\" content=\"2024-12-16T10:48:06+00:00\" \/>\n<meta property=\"og:image\" content=\"https:\/\/www.frankmxparts.com.iclicksapp.nl\/wp-content\/uploads\/2024\/11\/stainless-steel-rear-brake-caliper-piston-pistons-seal-seals-repair-rebuild-kit-47013083100-KTM-65-SX-2009-2021-frank-mxparts.jpg\" \/>\n\t<meta property=\"og:image:width\" content=\"750\" \/>\n\t<meta property=\"og:image:height\" content=\"563\" \/>\n\t<meta property=\"og:image:type\" content=\"image\/jpeg\" \/>\n<meta name=\"twitter:card\" content=\"summary_large_image\" \/>\n<script type=\"application\/ld+json\" class=\"yoast-schema-graph\">{\"@context\":\"https:\\\/\\\/schema.org\",\"@graph\":[{\"@type\":\"WebPage\",\"@id\":\"https:\\\/\\\/www.frankmxparts.com.iclicksapp.nl\\\/de\\\/stainless-steel-rear-brake-caliper-piston-pistons-seal-seals-repair-rebuild-kit-47013083100-ktm-65-sx-2009-2021\",\"url\":\"https:\\\/\\\/www.frankmxparts.com.iclicksapp.nl\\\/de\\\/stainless-steel-rear-brake-caliper-piston-pistons-seal-seals-repair-rebuild-kit-47013083100-ktm-65-sx-2009-2021\",\"name\":\"Edelstahl Kolben Kit Bremssattel hinten \\\/ KTM 65 SX 2009-2021 - Frank! MXParts\",\"isPartOf\":{\"@id\":\"https:\\\/\\\/www.frankmxparts.com.iclicksapp.nl\\\/de\\\/#website\"},\"primaryImageOfPage\":{\"@id\":\"https:\\\/\\\/www.frankmxparts.com.iclicksapp.nl\\\/de\\\/stainless-steel-rear-brake-caliper-piston-pistons-seal-seals-repair-rebuild-kit-47013083100-ktm-65-sx-2009-2021#primaryimage\"},\"image\":{\"@id\":\"https:\\\/\\\/www.frankmxparts.com.iclicksapp.nl\\\/de\\\/stainless-steel-rear-brake-caliper-piston-pistons-seal-seals-repair-rebuild-kit-47013083100-ktm-65-sx-2009-2021#primaryimage\"},\"thumbnailUrl\":\"https:\\\/\\\/www.frankmxparts.com.iclicksapp.nl\\\/wp-content\\\/uploads\\\/2024\\\/11\\\/stainless-steel-rear-brake-caliper-piston-pistons-seal-seals-repair-rebuild-kit-47013083100-KTM-65-SX-2009-2021-frank-mxparts.jpg\",\"datePublished\":\"2024-11-19T20:57:48+00:00\",\"dateModified\":\"2024-12-16T10:48:06+00:00\",\"breadcrumb\":{\"@id\":\"https:\\\/\\\/www.frankmxparts.com.iclicksapp.nl\\\/de\\\/stainless-steel-rear-brake-caliper-piston-pistons-seal-seals-repair-rebuild-kit-47013083100-ktm-65-sx-2009-2021#breadcrumb\"},\"inLanguage\":\"de\",\"potentialAction\":[{\"@type\":\"ReadAction\",\"target\":[\"https:\\\/\\\/www.frankmxparts.com.iclicksapp.nl\\\/de\\\/stainless-steel-rear-brake-caliper-piston-pistons-seal-seals-repair-rebuild-kit-47013083100-ktm-65-sx-2009-2021\"]}]},{\"@type\":\"ImageObject\",\"inLanguage\":\"de\",\"@id\":\"https:\\\/\\\/www.frankmxparts.com.iclicksapp.nl\\\/de\\\/stainless-steel-rear-brake-caliper-piston-pistons-seal-seals-repair-rebuild-kit-47013083100-ktm-65-sx-2009-2021#primaryimage\",\"url\":\"https:\\\/\\\/www.frankmxparts.com.iclicksapp.nl\\\/wp-content\\\/uploads\\\/2024\\\/11\\\/stainless-steel-rear-brake-caliper-piston-pistons-seal-seals-repair-rebuild-kit-47013083100-KTM-65-SX-2009-2021-frank-mxparts.jpg\",\"contentUrl\":\"https:\\\/\\\/www.frankmxparts.com.iclicksapp.nl\\\/wp-content\\\/uploads\\\/2024\\\/11\\\/stainless-steel-rear-brake-caliper-piston-pistons-seal-seals-repair-rebuild-kit-47013083100-KTM-65-SX-2009-2021-frank-mxparts.jpg\",\"width\":750,\"height\":563},{\"@type\":\"BreadcrumbList\",\"@id\":\"https:\\\/\\\/www.frankmxparts.com.iclicksapp.nl\\\/de\\\/stainless-steel-rear-brake-caliper-piston-pistons-seal-seals-repair-rebuild-kit-47013083100-ktm-65-sx-2009-2021#breadcrumb\",\"itemListElement\":[{\"@type\":\"ListItem\",\"position\":1,\"name\":\"Home\",\"item\":\"https:\\\/\\\/www.frankmxparts.com.iclicksapp.nl\\\/de\"},{\"@type\":\"ListItem\",\"position\":2,\"name\":\"Shop\",\"item\":\"https:\\\/\\\/www.frankmxparts.com.iclicksapp.nl\\\/winkel\"},{\"@type\":\"ListItem\",\"position\":3,\"name\":\"Edelstahl Kolben Kit Bremssattel hinten \\\/ KTM 65 SX 2009-2021\"}]},{\"@type\":\"WebSite\",\"@id\":\"https:\\\/\\\/www.frankmxparts.com.iclicksapp.nl\\\/de\\\/#website\",\"url\":\"https:\\\/\\\/www.frankmxparts.com.iclicksapp.nl\\\/de\\\/\",\"name\":\"Frank! MXParts\",\"description\":\"\",\"publisher\":{\"@id\":\"https:\\\/\\\/www.frankmxparts.com.iclicksapp.nl\\\/de\\\/#organization\"},\"potentialAction\":[{\"@type\":\"SearchAction\",\"target\":{\"@type\":\"EntryPoint\",\"urlTemplate\":\"https:\\\/\\\/www.frankmxparts.com.iclicksapp.nl\\\/de\\\/?s={search_term_string}\"},\"query-input\":{\"@type\":\"PropertyValueSpecification\",\"valueRequired\":true,\"valueName\":\"search_term_string\"}}],\"inLanguage\":\"de\"},{\"@type\":\"Organization\",\"@id\":\"https:\\\/\\\/www.frankmxparts.com.iclicksapp.nl\\\/de\\\/#organization\",\"name\":\"Frank! MXParts\",\"url\":\"https:\\\/\\\/www.frankmxparts.com.iclicksapp.nl\\\/de\\\/\",\"logo\":{\"@type\":\"ImageObject\",\"inLanguage\":\"de\",\"@id\":\"https:\\\/\\\/www.frankmxparts.com.iclicksapp.nl\\\/de\\\/#\\\/schema\\\/logo\\\/image\\\/\",\"url\":\"https:\\\/\\\/www.frankmxparts.com.iclicksapp.nl\\\/wp-content\\\/uploads\\\/2024\\\/01\\\/frank-mxparts-logo.svg\",\"contentUrl\":\"https:\\\/\\\/www.frankmxparts.com.iclicksapp.nl\\\/wp-content\\\/uploads\\\/2024\\\/01\\\/frank-mxparts-logo.svg\",\"width\":301,\"height\":88,\"caption\":\"Frank! MXParts\"},\"image\":{\"@id\":\"https:\\\/\\\/www.frankmxparts.com.iclicksapp.nl\\\/de\\\/#\\\/schema\\\/logo\\\/image\\\/\"}}]}<\/script>\n<!-- \/ Yoast SEO plugin. -->","yoast_head_json":{"title":"Edelstahl Kolben Kit Bremssattel hinten \/ KTM 65 SX 2009-2021 - Frank! MXParts","robots":{"index":"noindex","follow":"follow","max-snippet":"max-snippet:-1","max-image-preview":"max-image-preview:large","max-video-preview":"max-video-preview:-1"},"og_locale":"de_DE","og_type":"article","og_title":"Edelstahl Kolben Kit Bremssattel hinten \/ KTM 65 SX 2009-2021 - Frank! MXParts","og_description":"&nbsp; Edelstahl Kolben Kit&nbsp;Bremssattel hinten f\u00fcr KTM 65SX. Hohe Qualit\u00e4t Edelstahl Kolben um die serienm\u00e4\u00dfig verbauten Kolben zu ersetzen.&nbsp;Hochpr\u00e4zise CNC-bearbeitet; Niederl\u00e4ndisches Produkt. Passend f\u00fcr: die 2009-2021 KTM 65SX. Komplettt wie abgebildet. Wir verpacken professionell und versenden schnell! &nbsp;","og_url":"https:\/\/www.frankmxparts.com.iclicksapp.nl\/de\/stainless-steel-rear-brake-caliper-piston-pistons-seal-seals-repair-rebuild-kit-47013083100-ktm-65-sx-2009-2021","og_site_name":"Frank! MXParts","article_modified_time":"2024-12-16T10:48:06+00:00","og_image":[{"width":750,"height":563,"url":"https:\/\/www.frankmxparts.com.iclicksapp.nl\/wp-content\/uploads\/2024\/11\/stainless-steel-rear-brake-caliper-piston-pistons-seal-seals-repair-rebuild-kit-47013083100-KTM-65-SX-2009-2021-frank-mxparts.jpg","type":"image\/jpeg"}],"twitter_card":"summary_large_image","schema":{"@context":"https:\/\/schema.org","@graph":[{"@type":"WebPage","@id":"https:\/\/www.frankmxparts.com.iclicksapp.nl\/de\/stainless-steel-rear-brake-caliper-piston-pistons-seal-seals-repair-rebuild-kit-47013083100-ktm-65-sx-2009-2021","url":"https:\/\/www.frankmxparts.com.iclicksapp.nl\/de\/stainless-steel-rear-brake-caliper-piston-pistons-seal-seals-repair-rebuild-kit-47013083100-ktm-65-sx-2009-2021","name":"Edelstahl Kolben Kit Bremssattel hinten \/ KTM 65 SX 2009-2021 - Frank! MXParts","isPartOf":{"@id":"https:\/\/www.frankmxparts.com.iclicksapp.nl\/de\/#website"},"primaryImageOfPage":{"@id":"https:\/\/www.frankmxparts.com.iclicksapp.nl\/de\/stainless-steel-rear-brake-caliper-piston-pistons-seal-seals-repair-rebuild-kit-47013083100-ktm-65-sx-2009-2021#primaryimage"},"image":{"@id":"https:\/\/www.frankmxparts.com.iclicksapp.nl\/de\/stainless-steel-rear-brake-caliper-piston-pistons-seal-seals-repair-rebuild-kit-47013083100-ktm-65-sx-2009-2021#primaryimage"},"thumbnailUrl":"https:\/\/www.frankmxparts.com.iclicksapp.nl\/wp-content\/uploads\/2024\/11\/stainless-steel-rear-brake-caliper-piston-pistons-seal-seals-repair-rebuild-kit-47013083100-KTM-65-SX-2009-2021-frank-mxparts.jpg","datePublished":"2024-11-19T20:57:48+00:00","dateModified":"2024-12-16T10:48:06+00:00","breadcrumb":{"@id":"https:\/\/www.frankmxparts.com.iclicksapp.nl\/de\/stainless-steel-rear-brake-caliper-piston-pistons-seal-seals-repair-rebuild-kit-47013083100-ktm-65-sx-2009-2021#breadcrumb"},"inLanguage":"de","potentialAction":[{"@type":"ReadAction","target":["https:\/\/www.frankmxparts.com.iclicksapp.nl\/de\/stainless-steel-rear-brake-caliper-piston-pistons-seal-seals-repair-rebuild-kit-47013083100-ktm-65-sx-2009-2021"]}]},{"@type":"ImageObject","inLanguage":"de","@id":"https:\/\/www.frankmxparts.com.iclicksapp.nl\/de\/stainless-steel-rear-brake-caliper-piston-pistons-seal-seals-repair-rebuild-kit-47013083100-ktm-65-sx-2009-2021#primaryimage","url":"https:\/\/www.frankmxparts.com.iclicksapp.nl\/wp-content\/uploads\/2024\/11\/stainless-steel-rear-brake-caliper-piston-pistons-seal-seals-repair-rebuild-kit-47013083100-KTM-65-SX-2009-2021-frank-mxparts.jpg","contentUrl":"https:\/\/www.frankmxparts.com.iclicksapp.nl\/wp-content\/uploads\/2024\/11\/stainless-steel-rear-brake-caliper-piston-pistons-seal-seals-repair-rebuild-kit-47013083100-KTM-65-SX-2009-2021-frank-mxparts.jpg","width":750,"height":563},{"@type":"BreadcrumbList","@id":"https:\/\/www.frankmxparts.com.iclicksapp.nl\/de\/stainless-steel-rear-brake-caliper-piston-pistons-seal-seals-repair-rebuild-kit-47013083100-ktm-65-sx-2009-2021#breadcrumb","itemListElement":[{"@type":"ListItem","position":1,"name":"Home","item":"https:\/\/www.frankmxparts.com.iclicksapp.nl\/de"},{"@type":"ListItem","position":2,"name":"Shop","item":"https:\/\/www.frankmxparts.com.iclicksapp.nl\/winkel"},{"@type":"ListItem","position":3,"name":"Edelstahl Kolben Kit Bremssattel hinten \/ KTM 65 SX 2009-2021"}]},{"@type":"WebSite","@id":"https:\/\/www.frankmxparts.com.iclicksapp.nl\/de\/#website","url":"https:\/\/www.frankmxparts.com.iclicksapp.nl\/de\/","name":"Frank! MXParts","description":"","publisher":{"@id":"https:\/\/www.frankmxparts.com.iclicksapp.nl\/de\/#organization"},"potentialAction":[{"@type":"SearchAction","target":{"@type":"EntryPoint","urlTemplate":"https:\/\/www.frankmxparts.com.iclicksapp.nl\/de\/?s={search_term_string}"},"query-input":{"@type":"PropertyValueSpecification","valueRequired":true,"valueName":"search_term_string"}}],"inLanguage":"de"},{"@type":"Organization","@id":"https:\/\/www.frankmxparts.com.iclicksapp.nl\/de\/#organization","name":"Frank! MXParts","url":"https:\/\/www.frankmxparts.com.iclicksapp.nl\/de\/","logo":{"@type":"ImageObject","inLanguage":"de","@id":"https:\/\/www.frankmxparts.com.iclicksapp.nl\/de\/#\/schema\/logo\/image\/","url":"https:\/\/www.frankmxparts.com.iclicksapp.nl\/wp-content\/uploads\/2024\/01\/frank-mxparts-logo.svg","contentUrl":"https:\/\/www.frankmxparts.com.iclicksapp.nl\/wp-content\/uploads\/2024\/01\/frank-mxparts-logo.svg","width":301,"height":88,"caption":"Frank! MXParts"},"image":{"@id":"https:\/\/www.frankmxparts.com.iclicksapp.nl\/de\/#\/schema\/logo\/image\/"}}]}},"_links":{"self":[{"href":"https:\/\/www.frankmxparts.com.iclicksapp.nl\/de\/wp-json\/wp\/v2\/product\/213882","targetHints":{"allow":["GET"]}}],"collection":[{"href":"https:\/\/www.frankmxparts.com.iclicksapp.nl\/de\/wp-json\/wp\/v2\/product"}],"about":[{"href":"https:\/\/www.frankmxparts.com.iclicksapp.nl\/de\/wp-json\/wp\/v2\/types\/product"}],"replies":[{"embeddable":true,"href":"https:\/\/www.frankmxparts.com.iclicksapp.nl\/de\/wp-json\/wp\/v2\/comments?post=213882"}],"wp:featuredmedia":[{"embeddable":true,"href":"https:\/\/www.frankmxparts.com.iclicksapp.nl\/de\/wp-json\/wp\/v2\/media\/197117"}],"wp:attachment":[{"href":"https:\/\/www.frankmxparts.com.iclicksapp.nl\/de\/wp-json\/wp\/v2\/media?parent=213882"}],"wp:term":[{"taxonomy":"product_brand","embeddable":true,"href":"https:\/\/www.frankmxparts.com.iclicksapp.nl\/de\/wp-json\/wp\/v2\/product_brand?post=213882"},{"taxonomy":"product_cat","embeddable":true,"href":"https:\/\/www.frankmxparts.com.iclicksapp.nl\/de\/wp-json\/wp\/v2\/product_cat?post=213882"},{"taxonomy":"product_tag","embeddable":true,"href":"https:\/\/www.frankmxparts.com.iclicksapp.nl\/de\/wp-json\/wp\/v2\/product_tag?post=213882"}],"curies":[{"name":"wp","href":"https:\/\/api.w.org\/{rel}","templated":true}]}}