{"id":213907,"date":"2024-11-19T21:58:41","date_gmt":"2024-11-19T20:58:41","guid":{"rendered":"https:\/\/www.frankmxparts.com.iclicksapp.nl\/product\/rear-brake-caliper-piston-repair-rebuild-kit-ktm-freeride-250-350-e-sx-47013083200"},"modified":"2024-11-28T11:14:39","modified_gmt":"2024-11-28T09:14:39","slug":"rear-brake-caliper-piston-repair-rebuild-kit-ktm-freeride-250-350-e-sx-47013083200","status":"publish","type":"product","link":"https:\/\/www.frankmxparts.com.iclicksapp.nl\/de\/rear-brake-caliper-piston-repair-rebuild-kit-ktm-freeride-250-350-e-sx-47013083200","title":{"rendered":"Edelstahl Kolben Kit Bremssattel hinten \/ KTM Freeride 250 350 E-SX"},"content":{"rendered":"<div>&nbsp;<br \/>\n<strong>Mino Edelstahl Kolben Kit&nbsp;Bremssattel hinten&nbsp;f\u00fcr KTM &nbsp;Freeride<\/strong><strong>.<\/strong><\/p>\n<p>\nNEU. Ersetzt die standard Kolben mit Edelstahl Kolben. Hoge Qualit\u00e4t, niederl\u00e4ndisches Produkt.<br \/>\nDetails:<\/div>\n<ul>\n<li>CNC gefr\u00e4st<\/li>\n<li>24 x 17 mm Kolben<\/li>\n<li>die Kolben sind mit Magneten ausgestattet, f\u00fcr eine optimale R\u00fcckzug der Bremsbel\u00e4ge<\/li>\n<li>Ersatz f\u00fcr KTM # 47013083200.&nbsp;<\/li>\n<\/ul>\n<div>\nPassend f\u00fcr:<\/div>\n<ul>\n<li>Freeride 250 R 2014-2017<\/li>\n<li>Freeride 350 2013-2017<\/li>\n<li>Freeride E-SX 2014-2016.<\/li>\n<\/ul>\n<div>\nKomplett wie abgebildet.<br \/>\n&nbsp;<\/div>\n<div>\n<p>&nbsp;<\/p><\/div>\n","protected":false},"excerpt":{"rendered":"<p>&nbsp; Mino Edelstahl Kolben Kit&nbsp;Bremssattel hinten&nbsp;f\u00fcr KTM &nbsp;Freeride. NEU. Ersetzt die standard Kolben mit Edelstahl Kolben. Hoge Qualit\u00e4t, niederl\u00e4ndisches Produkt. Details: CNC gefr\u00e4st 24 x 17 mm Kolben die Kolben sind mit Magneten ausgestattet, f\u00fcr eine optimale R\u00fcckzug der Bremsbel\u00e4ge Ersatz f\u00fcr KTM # 47013083200.&nbsp; Passend f\u00fcr: Freeride 250 R 2014-2017 Freeride 350 2013-2017 Freeride [&hellip;]<\/p>\n","protected":false},"featured_media":197343,"comment_status":"closed","ping_status":"closed","template":"","meta":{"_acf_changed":false},"product_brand":[],"product_cat":[9441],"product_tag":[],"class_list":{"0":"post-213907","1":"product","2":"type-product","3":"status-publish","4":"has-post-thumbnail","6":"product_cat-uncategorized","7":"pa_manufacturer-mino-de","9":"first","10":"instock","11":"taxable","12":"shipping-taxable","13":"purchasable","14":"product-type-simple"},"acf":[],"yoast_head":"<!-- This site is optimized with the Yoast SEO plugin v27.3 - https:\/\/yoast.com\/product\/yoast-seo-wordpress\/ -->\n<title>Edelstahl Kolben Kit Bremssattel hinten \/ KTM Freeride 250 350 E-SX - Frank! MXParts<\/title>\n<meta name=\"robots\" content=\"noindex, follow, max-snippet:-1, max-image-preview:large, max-video-preview:-1\" \/>\n<meta property=\"og:locale\" content=\"de_DE\" \/>\n<meta property=\"og:type\" content=\"article\" \/>\n<meta property=\"og:title\" content=\"Edelstahl Kolben Kit Bremssattel hinten \/ KTM Freeride 250 350 E-SX - Frank! MXParts\" \/>\n<meta property=\"og:description\" content=\"&nbsp; Mino Edelstahl Kolben Kit&nbsp;Bremssattel hinten&nbsp;f\u00fcr KTM &nbsp;Freeride. NEU. Ersetzt die standard Kolben mit Edelstahl Kolben. Hoge Qualit\u00e4t, niederl\u00e4ndisches Produkt. Details: CNC gefr\u00e4st 24 x 17 mm Kolben die Kolben sind mit Magneten ausgestattet, f\u00fcr eine optimale R\u00fcckzug der Bremsbel\u00e4ge Ersatz f\u00fcr KTM # 47013083200.&nbsp; Passend f\u00fcr: Freeride 250 R 2014-2017 Freeride 350 2013-2017 Freeride [&hellip;]\" \/>\n<meta property=\"og:url\" content=\"https:\/\/www.frankmxparts.com.iclicksapp.nl\/de\/rear-brake-caliper-piston-repair-rebuild-kit-ktm-freeride-250-350-e-sx-47013083200\" \/>\n<meta property=\"og:site_name\" content=\"Frank! MXParts\" \/>\n<meta property=\"article:modified_time\" content=\"2024-11-28T09:14:39+00:00\" \/>\n<meta property=\"og:image\" content=\"https:\/\/www.frankmxparts.com.iclicksapp.nl\/wp-content\/uploads\/2024\/11\/rear-brake-caliper-stainless-steel-pistons-repair-rebuild-kit-KTM-SX-SXS-85-105-250-350-Freeride-47013083200-frank-mxparts.jpg\" \/>\n\t<meta property=\"og:image:width\" content=\"750\" \/>\n\t<meta property=\"og:image:height\" content=\"563\" \/>\n\t<meta property=\"og:image:type\" content=\"image\/jpeg\" \/>\n<meta name=\"twitter:card\" content=\"summary_large_image\" \/>\n<script type=\"application\/ld+json\" class=\"yoast-schema-graph\">{\"@context\":\"https:\\\/\\\/schema.org\",\"@graph\":[{\"@type\":\"WebPage\",\"@id\":\"https:\\\/\\\/www.frankmxparts.com.iclicksapp.nl\\\/de\\\/rear-brake-caliper-piston-repair-rebuild-kit-ktm-freeride-250-350-e-sx-47013083200\",\"url\":\"https:\\\/\\\/www.frankmxparts.com.iclicksapp.nl\\\/de\\\/rear-brake-caliper-piston-repair-rebuild-kit-ktm-freeride-250-350-e-sx-47013083200\",\"name\":\"Edelstahl Kolben Kit Bremssattel hinten \\\/ KTM Freeride 250 350 E-SX - Frank! MXParts\",\"isPartOf\":{\"@id\":\"https:\\\/\\\/www.frankmxparts.com.iclicksapp.nl\\\/de\\\/#website\"},\"primaryImageOfPage\":{\"@id\":\"https:\\\/\\\/www.frankmxparts.com.iclicksapp.nl\\\/de\\\/rear-brake-caliper-piston-repair-rebuild-kit-ktm-freeride-250-350-e-sx-47013083200#primaryimage\"},\"image\":{\"@id\":\"https:\\\/\\\/www.frankmxparts.com.iclicksapp.nl\\\/de\\\/rear-brake-caliper-piston-repair-rebuild-kit-ktm-freeride-250-350-e-sx-47013083200#primaryimage\"},\"thumbnailUrl\":\"https:\\\/\\\/www.frankmxparts.com.iclicksapp.nl\\\/wp-content\\\/uploads\\\/2024\\\/11\\\/rear-brake-caliper-stainless-steel-pistons-repair-rebuild-kit-KTM-SX-SXS-85-105-250-350-Freeride-47013083200-frank-mxparts.jpg\",\"datePublished\":\"2024-11-19T20:58:41+00:00\",\"dateModified\":\"2024-11-28T09:14:39+00:00\",\"breadcrumb\":{\"@id\":\"https:\\\/\\\/www.frankmxparts.com.iclicksapp.nl\\\/de\\\/rear-brake-caliper-piston-repair-rebuild-kit-ktm-freeride-250-350-e-sx-47013083200#breadcrumb\"},\"inLanguage\":\"de\",\"potentialAction\":[{\"@type\":\"ReadAction\",\"target\":[\"https:\\\/\\\/www.frankmxparts.com.iclicksapp.nl\\\/de\\\/rear-brake-caliper-piston-repair-rebuild-kit-ktm-freeride-250-350-e-sx-47013083200\"]}]},{\"@type\":\"ImageObject\",\"inLanguage\":\"de\",\"@id\":\"https:\\\/\\\/www.frankmxparts.com.iclicksapp.nl\\\/de\\\/rear-brake-caliper-piston-repair-rebuild-kit-ktm-freeride-250-350-e-sx-47013083200#primaryimage\",\"url\":\"https:\\\/\\\/www.frankmxparts.com.iclicksapp.nl\\\/wp-content\\\/uploads\\\/2024\\\/11\\\/rear-brake-caliper-stainless-steel-pistons-repair-rebuild-kit-KTM-SX-SXS-85-105-250-350-Freeride-47013083200-frank-mxparts.jpg\",\"contentUrl\":\"https:\\\/\\\/www.frankmxparts.com.iclicksapp.nl\\\/wp-content\\\/uploads\\\/2024\\\/11\\\/rear-brake-caliper-stainless-steel-pistons-repair-rebuild-kit-KTM-SX-SXS-85-105-250-350-Freeride-47013083200-frank-mxparts.jpg\",\"width\":750,\"height\":563},{\"@type\":\"BreadcrumbList\",\"@id\":\"https:\\\/\\\/www.frankmxparts.com.iclicksapp.nl\\\/de\\\/rear-brake-caliper-piston-repair-rebuild-kit-ktm-freeride-250-350-e-sx-47013083200#breadcrumb\",\"itemListElement\":[{\"@type\":\"ListItem\",\"position\":1,\"name\":\"Home\",\"item\":\"https:\\\/\\\/www.frankmxparts.com.iclicksapp.nl\\\/de\"},{\"@type\":\"ListItem\",\"position\":2,\"name\":\"Shop\",\"item\":\"https:\\\/\\\/www.frankmxparts.com.iclicksapp.nl\\\/winkel\"},{\"@type\":\"ListItem\",\"position\":3,\"name\":\"Edelstahl Kolben Kit Bremssattel hinten \\\/ KTM Freeride 250 350 E-SX\"}]},{\"@type\":\"WebSite\",\"@id\":\"https:\\\/\\\/www.frankmxparts.com.iclicksapp.nl\\\/de\\\/#website\",\"url\":\"https:\\\/\\\/www.frankmxparts.com.iclicksapp.nl\\\/de\\\/\",\"name\":\"Frank! MXParts\",\"description\":\"\",\"publisher\":{\"@id\":\"https:\\\/\\\/www.frankmxparts.com.iclicksapp.nl\\\/de\\\/#organization\"},\"potentialAction\":[{\"@type\":\"SearchAction\",\"target\":{\"@type\":\"EntryPoint\",\"urlTemplate\":\"https:\\\/\\\/www.frankmxparts.com.iclicksapp.nl\\\/de\\\/?s={search_term_string}\"},\"query-input\":{\"@type\":\"PropertyValueSpecification\",\"valueRequired\":true,\"valueName\":\"search_term_string\"}}],\"inLanguage\":\"de\"},{\"@type\":\"Organization\",\"@id\":\"https:\\\/\\\/www.frankmxparts.com.iclicksapp.nl\\\/de\\\/#organization\",\"name\":\"Frank! MXParts\",\"url\":\"https:\\\/\\\/www.frankmxparts.com.iclicksapp.nl\\\/de\\\/\",\"logo\":{\"@type\":\"ImageObject\",\"inLanguage\":\"de\",\"@id\":\"https:\\\/\\\/www.frankmxparts.com.iclicksapp.nl\\\/de\\\/#\\\/schema\\\/logo\\\/image\\\/\",\"url\":\"https:\\\/\\\/www.frankmxparts.com.iclicksapp.nl\\\/wp-content\\\/uploads\\\/2024\\\/01\\\/frank-mxparts-logo.svg\",\"contentUrl\":\"https:\\\/\\\/www.frankmxparts.com.iclicksapp.nl\\\/wp-content\\\/uploads\\\/2024\\\/01\\\/frank-mxparts-logo.svg\",\"width\":301,\"height\":88,\"caption\":\"Frank! MXParts\"},\"image\":{\"@id\":\"https:\\\/\\\/www.frankmxparts.com.iclicksapp.nl\\\/de\\\/#\\\/schema\\\/logo\\\/image\\\/\"}}]}<\/script>\n<!-- \/ Yoast SEO plugin. -->","yoast_head_json":{"title":"Edelstahl Kolben Kit Bremssattel hinten \/ KTM Freeride 250 350 E-SX - Frank! MXParts","robots":{"index":"noindex","follow":"follow","max-snippet":"max-snippet:-1","max-image-preview":"max-image-preview:large","max-video-preview":"max-video-preview:-1"},"og_locale":"de_DE","og_type":"article","og_title":"Edelstahl Kolben Kit Bremssattel hinten \/ KTM Freeride 250 350 E-SX - Frank! MXParts","og_description":"&nbsp; Mino Edelstahl Kolben Kit&nbsp;Bremssattel hinten&nbsp;f\u00fcr KTM &nbsp;Freeride. NEU. Ersetzt die standard Kolben mit Edelstahl Kolben. Hoge Qualit\u00e4t, niederl\u00e4ndisches Produkt. Details: CNC gefr\u00e4st 24 x 17 mm Kolben die Kolben sind mit Magneten ausgestattet, f\u00fcr eine optimale R\u00fcckzug der Bremsbel\u00e4ge Ersatz f\u00fcr KTM # 47013083200.&nbsp; Passend f\u00fcr: Freeride 250 R 2014-2017 Freeride 350 2013-2017 Freeride [&hellip;]","og_url":"https:\/\/www.frankmxparts.com.iclicksapp.nl\/de\/rear-brake-caliper-piston-repair-rebuild-kit-ktm-freeride-250-350-e-sx-47013083200","og_site_name":"Frank! MXParts","article_modified_time":"2024-11-28T09:14:39+00:00","og_image":[{"width":750,"height":563,"url":"https:\/\/www.frankmxparts.com.iclicksapp.nl\/wp-content\/uploads\/2024\/11\/rear-brake-caliper-stainless-steel-pistons-repair-rebuild-kit-KTM-SX-SXS-85-105-250-350-Freeride-47013083200-frank-mxparts.jpg","type":"image\/jpeg"}],"twitter_card":"summary_large_image","schema":{"@context":"https:\/\/schema.org","@graph":[{"@type":"WebPage","@id":"https:\/\/www.frankmxparts.com.iclicksapp.nl\/de\/rear-brake-caliper-piston-repair-rebuild-kit-ktm-freeride-250-350-e-sx-47013083200","url":"https:\/\/www.frankmxparts.com.iclicksapp.nl\/de\/rear-brake-caliper-piston-repair-rebuild-kit-ktm-freeride-250-350-e-sx-47013083200","name":"Edelstahl Kolben Kit Bremssattel hinten \/ KTM Freeride 250 350 E-SX - Frank! MXParts","isPartOf":{"@id":"https:\/\/www.frankmxparts.com.iclicksapp.nl\/de\/#website"},"primaryImageOfPage":{"@id":"https:\/\/www.frankmxparts.com.iclicksapp.nl\/de\/rear-brake-caliper-piston-repair-rebuild-kit-ktm-freeride-250-350-e-sx-47013083200#primaryimage"},"image":{"@id":"https:\/\/www.frankmxparts.com.iclicksapp.nl\/de\/rear-brake-caliper-piston-repair-rebuild-kit-ktm-freeride-250-350-e-sx-47013083200#primaryimage"},"thumbnailUrl":"https:\/\/www.frankmxparts.com.iclicksapp.nl\/wp-content\/uploads\/2024\/11\/rear-brake-caliper-stainless-steel-pistons-repair-rebuild-kit-KTM-SX-SXS-85-105-250-350-Freeride-47013083200-frank-mxparts.jpg","datePublished":"2024-11-19T20:58:41+00:00","dateModified":"2024-11-28T09:14:39+00:00","breadcrumb":{"@id":"https:\/\/www.frankmxparts.com.iclicksapp.nl\/de\/rear-brake-caliper-piston-repair-rebuild-kit-ktm-freeride-250-350-e-sx-47013083200#breadcrumb"},"inLanguage":"de","potentialAction":[{"@type":"ReadAction","target":["https:\/\/www.frankmxparts.com.iclicksapp.nl\/de\/rear-brake-caliper-piston-repair-rebuild-kit-ktm-freeride-250-350-e-sx-47013083200"]}]},{"@type":"ImageObject","inLanguage":"de","@id":"https:\/\/www.frankmxparts.com.iclicksapp.nl\/de\/rear-brake-caliper-piston-repair-rebuild-kit-ktm-freeride-250-350-e-sx-47013083200#primaryimage","url":"https:\/\/www.frankmxparts.com.iclicksapp.nl\/wp-content\/uploads\/2024\/11\/rear-brake-caliper-stainless-steel-pistons-repair-rebuild-kit-KTM-SX-SXS-85-105-250-350-Freeride-47013083200-frank-mxparts.jpg","contentUrl":"https:\/\/www.frankmxparts.com.iclicksapp.nl\/wp-content\/uploads\/2024\/11\/rear-brake-caliper-stainless-steel-pistons-repair-rebuild-kit-KTM-SX-SXS-85-105-250-350-Freeride-47013083200-frank-mxparts.jpg","width":750,"height":563},{"@type":"BreadcrumbList","@id":"https:\/\/www.frankmxparts.com.iclicksapp.nl\/de\/rear-brake-caliper-piston-repair-rebuild-kit-ktm-freeride-250-350-e-sx-47013083200#breadcrumb","itemListElement":[{"@type":"ListItem","position":1,"name":"Home","item":"https:\/\/www.frankmxparts.com.iclicksapp.nl\/de"},{"@type":"ListItem","position":2,"name":"Shop","item":"https:\/\/www.frankmxparts.com.iclicksapp.nl\/winkel"},{"@type":"ListItem","position":3,"name":"Edelstahl Kolben Kit Bremssattel hinten \/ KTM Freeride 250 350 E-SX"}]},{"@type":"WebSite","@id":"https:\/\/www.frankmxparts.com.iclicksapp.nl\/de\/#website","url":"https:\/\/www.frankmxparts.com.iclicksapp.nl\/de\/","name":"Frank! MXParts","description":"","publisher":{"@id":"https:\/\/www.frankmxparts.com.iclicksapp.nl\/de\/#organization"},"potentialAction":[{"@type":"SearchAction","target":{"@type":"EntryPoint","urlTemplate":"https:\/\/www.frankmxparts.com.iclicksapp.nl\/de\/?s={search_term_string}"},"query-input":{"@type":"PropertyValueSpecification","valueRequired":true,"valueName":"search_term_string"}}],"inLanguage":"de"},{"@type":"Organization","@id":"https:\/\/www.frankmxparts.com.iclicksapp.nl\/de\/#organization","name":"Frank! MXParts","url":"https:\/\/www.frankmxparts.com.iclicksapp.nl\/de\/","logo":{"@type":"ImageObject","inLanguage":"de","@id":"https:\/\/www.frankmxparts.com.iclicksapp.nl\/de\/#\/schema\/logo\/image\/","url":"https:\/\/www.frankmxparts.com.iclicksapp.nl\/wp-content\/uploads\/2024\/01\/frank-mxparts-logo.svg","contentUrl":"https:\/\/www.frankmxparts.com.iclicksapp.nl\/wp-content\/uploads\/2024\/01\/frank-mxparts-logo.svg","width":301,"height":88,"caption":"Frank! MXParts"},"image":{"@id":"https:\/\/www.frankmxparts.com.iclicksapp.nl\/de\/#\/schema\/logo\/image\/"}}]}},"_links":{"self":[{"href":"https:\/\/www.frankmxparts.com.iclicksapp.nl\/de\/wp-json\/wp\/v2\/product\/213907","targetHints":{"allow":["GET"]}}],"collection":[{"href":"https:\/\/www.frankmxparts.com.iclicksapp.nl\/de\/wp-json\/wp\/v2\/product"}],"about":[{"href":"https:\/\/www.frankmxparts.com.iclicksapp.nl\/de\/wp-json\/wp\/v2\/types\/product"}],"replies":[{"embeddable":true,"href":"https:\/\/www.frankmxparts.com.iclicksapp.nl\/de\/wp-json\/wp\/v2\/comments?post=213907"}],"wp:featuredmedia":[{"embeddable":true,"href":"https:\/\/www.frankmxparts.com.iclicksapp.nl\/de\/wp-json\/wp\/v2\/media\/197343"}],"wp:attachment":[{"href":"https:\/\/www.frankmxparts.com.iclicksapp.nl\/de\/wp-json\/wp\/v2\/media?parent=213907"}],"wp:term":[{"taxonomy":"product_brand","embeddable":true,"href":"https:\/\/www.frankmxparts.com.iclicksapp.nl\/de\/wp-json\/wp\/v2\/product_brand?post=213907"},{"taxonomy":"product_cat","embeddable":true,"href":"https:\/\/www.frankmxparts.com.iclicksapp.nl\/de\/wp-json\/wp\/v2\/product_cat?post=213907"},{"taxonomy":"product_tag","embeddable":true,"href":"https:\/\/www.frankmxparts.com.iclicksapp.nl\/de\/wp-json\/wp\/v2\/product_tag?post=213907"}],"curies":[{"name":"wp","href":"https:\/\/api.w.org\/{rel}","templated":true}]}}