{"id":213943,"date":"2024-11-19T22:00:58","date_gmt":"2024-11-19T21:00:58","guid":{"rendered":"https:\/\/www.frankmxparts.com.iclicksapp.nl\/product\/mino-orange-float-bowl-drain-bolt-nut-extra-deep-mikuni-flatslide-carburetor-ktm-sx-65-sx65"},"modified":"2025-01-03T21:27:08","modified_gmt":"2025-01-03T20:27:08","slug":"mino-orange-float-bowl-drain-bolt-nut-extra-deep-mikuni-flatslide-carburetor-ktm-sx-65-sx65","status":"publish","type":"product","link":"https:\/\/www.frankmxparts.com.iclicksapp.nl\/de\/mino-orange-float-bowl-drain-bolt-nut-extra-deep-mikuni-flatslide-carburetor-ktm-sx-65-sx65","title":{"rendered":"Abla\u00dfschraube extra tief \/ KTM SX65"},"content":{"rendered":"<div id=\"_mcePaste\"><\/div>\n<p><strong>Mino Abla\u00dfschraube extra tief.<\/strong><\/p>\n<p>Reduziert z\u00f6gern und bogging nach der Landung oder w\u00e4hrend tiefe Hubbel,\u00a0weil den Hauptd\u00fcse immer in Benzin versunken ist.<\/p>\n<p>Passend f\u00fcr: 2009-2016 KTM SX65.<\/p>\n<p>Komplett wie abgebildet.<\/p>\n<p>&nbsp;<\/p>\n","protected":false},"excerpt":{"rendered":"<p>Mino Abla\u00dfschraube extra tief. Reduziert z\u00f6gern und bogging nach der Landung oder w\u00e4hrend tiefe Hubbel,\u00a0weil den Hauptd\u00fcse immer in Benzin versunken ist. Passend f\u00fcr: 2009-2016 KTM SX65. Komplett wie abgebildet. &nbsp;<\/p>\n","protected":false},"featured_media":197805,"comment_status":"closed","ping_status":"closed","template":"","meta":{"_acf_changed":false},"product_brand":[],"product_cat":[9441],"product_tag":[],"class_list":{"0":"post-213943","1":"product","2":"type-product","3":"status-publish","4":"has-post-thumbnail","6":"product_cat-uncategorized","7":"pa_manufacturer-mino-de","9":"first","10":"instock","11":"taxable","12":"shipping-taxable","13":"purchasable","14":"product-type-simple"},"acf":[],"yoast_head":"<!-- This site is optimized with the Yoast SEO plugin v27.3 - https:\/\/yoast.com\/product\/yoast-seo-wordpress\/ -->\n<title>Abla\u00dfschraube extra tief \/ KTM SX65 - Frank! MXParts<\/title>\n<meta name=\"robots\" content=\"noindex, follow, max-snippet:-1, max-image-preview:large, max-video-preview:-1\" \/>\n<meta property=\"og:locale\" content=\"de_DE\" \/>\n<meta property=\"og:type\" content=\"article\" \/>\n<meta property=\"og:title\" content=\"Abla\u00dfschraube extra tief \/ KTM SX65 - Frank! MXParts\" \/>\n<meta property=\"og:description\" content=\"Mino Abla\u00dfschraube extra tief. Reduziert z\u00f6gern und bogging nach der Landung oder w\u00e4hrend tiefe Hubbel,\u00a0weil den Hauptd\u00fcse immer in Benzin versunken ist. Passend f\u00fcr: 2009-2016 KTM SX65. Komplett wie abgebildet. &nbsp;\" \/>\n<meta property=\"og:url\" content=\"https:\/\/www.frankmxparts.com.iclicksapp.nl\/de\/mino-orange-float-bowl-drain-bolt-nut-extra-deep-mikuni-flatslide-carburetor-ktm-sx-65-sx65\" \/>\n<meta property=\"og:site_name\" content=\"Frank! MXParts\" \/>\n<meta property=\"article:modified_time\" content=\"2025-01-03T20:27:08+00:00\" \/>\n<meta property=\"og:image\" content=\"https:\/\/www.frankmxparts.com.iclicksapp.nl\/wp-content\/uploads\/2024\/11\/mino-orange-float-bowl-drain-bolt-nut-mikuni-flatslide-carburetor-KTM-SX-65-SX65-frank-mxparts-01.jpg\" \/>\n\t<meta property=\"og:image:width\" content=\"750\" \/>\n\t<meta property=\"og:image:height\" content=\"563\" \/>\n\t<meta property=\"og:image:type\" content=\"image\/jpeg\" \/>\n<meta name=\"twitter:card\" content=\"summary_large_image\" \/>\n<meta name=\"twitter:label1\" content=\"Gesch\u00e4tzte Lesezeit\" \/>\n\t<meta name=\"twitter:data1\" content=\"1\u00a0Minute\" \/>\n<script type=\"application\/ld+json\" class=\"yoast-schema-graph\">{\"@context\":\"https:\\\/\\\/schema.org\",\"@graph\":[{\"@type\":\"WebPage\",\"@id\":\"https:\\\/\\\/www.frankmxparts.com.iclicksapp.nl\\\/de\\\/mino-orange-float-bowl-drain-bolt-nut-extra-deep-mikuni-flatslide-carburetor-ktm-sx-65-sx65\",\"url\":\"https:\\\/\\\/www.frankmxparts.com.iclicksapp.nl\\\/de\\\/mino-orange-float-bowl-drain-bolt-nut-extra-deep-mikuni-flatslide-carburetor-ktm-sx-65-sx65\",\"name\":\"Abla\u00dfschraube extra tief \\\/ KTM SX65 - Frank! MXParts\",\"isPartOf\":{\"@id\":\"https:\\\/\\\/www.frankmxparts.com.iclicksapp.nl\\\/de\\\/#website\"},\"primaryImageOfPage\":{\"@id\":\"https:\\\/\\\/www.frankmxparts.com.iclicksapp.nl\\\/de\\\/mino-orange-float-bowl-drain-bolt-nut-extra-deep-mikuni-flatslide-carburetor-ktm-sx-65-sx65#primaryimage\"},\"image\":{\"@id\":\"https:\\\/\\\/www.frankmxparts.com.iclicksapp.nl\\\/de\\\/mino-orange-float-bowl-drain-bolt-nut-extra-deep-mikuni-flatslide-carburetor-ktm-sx-65-sx65#primaryimage\"},\"thumbnailUrl\":\"https:\\\/\\\/www.frankmxparts.com.iclicksapp.nl\\\/wp-content\\\/uploads\\\/2024\\\/11\\\/mino-orange-float-bowl-drain-bolt-nut-mikuni-flatslide-carburetor-KTM-SX-65-SX65-frank-mxparts-01.jpg\",\"datePublished\":\"2024-11-19T21:00:58+00:00\",\"dateModified\":\"2025-01-03T20:27:08+00:00\",\"breadcrumb\":{\"@id\":\"https:\\\/\\\/www.frankmxparts.com.iclicksapp.nl\\\/de\\\/mino-orange-float-bowl-drain-bolt-nut-extra-deep-mikuni-flatslide-carburetor-ktm-sx-65-sx65#breadcrumb\"},\"inLanguage\":\"de\",\"potentialAction\":[{\"@type\":\"ReadAction\",\"target\":[\"https:\\\/\\\/www.frankmxparts.com.iclicksapp.nl\\\/de\\\/mino-orange-float-bowl-drain-bolt-nut-extra-deep-mikuni-flatslide-carburetor-ktm-sx-65-sx65\"]}]},{\"@type\":\"ImageObject\",\"inLanguage\":\"de\",\"@id\":\"https:\\\/\\\/www.frankmxparts.com.iclicksapp.nl\\\/de\\\/mino-orange-float-bowl-drain-bolt-nut-extra-deep-mikuni-flatslide-carburetor-ktm-sx-65-sx65#primaryimage\",\"url\":\"https:\\\/\\\/www.frankmxparts.com.iclicksapp.nl\\\/wp-content\\\/uploads\\\/2024\\\/11\\\/mino-orange-float-bowl-drain-bolt-nut-mikuni-flatslide-carburetor-KTM-SX-65-SX65-frank-mxparts-01.jpg\",\"contentUrl\":\"https:\\\/\\\/www.frankmxparts.com.iclicksapp.nl\\\/wp-content\\\/uploads\\\/2024\\\/11\\\/mino-orange-float-bowl-drain-bolt-nut-mikuni-flatslide-carburetor-KTM-SX-65-SX65-frank-mxparts-01.jpg\",\"width\":750,\"height\":563},{\"@type\":\"BreadcrumbList\",\"@id\":\"https:\\\/\\\/www.frankmxparts.com.iclicksapp.nl\\\/de\\\/mino-orange-float-bowl-drain-bolt-nut-extra-deep-mikuni-flatslide-carburetor-ktm-sx-65-sx65#breadcrumb\",\"itemListElement\":[{\"@type\":\"ListItem\",\"position\":1,\"name\":\"Home\",\"item\":\"https:\\\/\\\/www.frankmxparts.com.iclicksapp.nl\\\/de\"},{\"@type\":\"ListItem\",\"position\":2,\"name\":\"Shop\",\"item\":\"https:\\\/\\\/www.frankmxparts.com.iclicksapp.nl\\\/winkel\"},{\"@type\":\"ListItem\",\"position\":3,\"name\":\"Abla\u00dfschraube extra tief \\\/ KTM SX65\"}]},{\"@type\":\"WebSite\",\"@id\":\"https:\\\/\\\/www.frankmxparts.com.iclicksapp.nl\\\/de\\\/#website\",\"url\":\"https:\\\/\\\/www.frankmxparts.com.iclicksapp.nl\\\/de\\\/\",\"name\":\"Frank! MXParts\",\"description\":\"\",\"publisher\":{\"@id\":\"https:\\\/\\\/www.frankmxparts.com.iclicksapp.nl\\\/de\\\/#organization\"},\"potentialAction\":[{\"@type\":\"SearchAction\",\"target\":{\"@type\":\"EntryPoint\",\"urlTemplate\":\"https:\\\/\\\/www.frankmxparts.com.iclicksapp.nl\\\/de\\\/?s={search_term_string}\"},\"query-input\":{\"@type\":\"PropertyValueSpecification\",\"valueRequired\":true,\"valueName\":\"search_term_string\"}}],\"inLanguage\":\"de\"},{\"@type\":\"Organization\",\"@id\":\"https:\\\/\\\/www.frankmxparts.com.iclicksapp.nl\\\/de\\\/#organization\",\"name\":\"Frank! MXParts\",\"url\":\"https:\\\/\\\/www.frankmxparts.com.iclicksapp.nl\\\/de\\\/\",\"logo\":{\"@type\":\"ImageObject\",\"inLanguage\":\"de\",\"@id\":\"https:\\\/\\\/www.frankmxparts.com.iclicksapp.nl\\\/de\\\/#\\\/schema\\\/logo\\\/image\\\/\",\"url\":\"https:\\\/\\\/www.frankmxparts.com.iclicksapp.nl\\\/wp-content\\\/uploads\\\/2024\\\/01\\\/frank-mxparts-logo.svg\",\"contentUrl\":\"https:\\\/\\\/www.frankmxparts.com.iclicksapp.nl\\\/wp-content\\\/uploads\\\/2024\\\/01\\\/frank-mxparts-logo.svg\",\"width\":301,\"height\":88,\"caption\":\"Frank! MXParts\"},\"image\":{\"@id\":\"https:\\\/\\\/www.frankmxparts.com.iclicksapp.nl\\\/de\\\/#\\\/schema\\\/logo\\\/image\\\/\"}}]}<\/script>\n<!-- \/ Yoast SEO plugin. -->","yoast_head_json":{"title":"Abla\u00dfschraube extra tief \/ KTM SX65 - Frank! MXParts","robots":{"index":"noindex","follow":"follow","max-snippet":"max-snippet:-1","max-image-preview":"max-image-preview:large","max-video-preview":"max-video-preview:-1"},"og_locale":"de_DE","og_type":"article","og_title":"Abla\u00dfschraube extra tief \/ KTM SX65 - Frank! MXParts","og_description":"Mino Abla\u00dfschraube extra tief. Reduziert z\u00f6gern und bogging nach der Landung oder w\u00e4hrend tiefe Hubbel,\u00a0weil den Hauptd\u00fcse immer in Benzin versunken ist. Passend f\u00fcr: 2009-2016 KTM SX65. Komplett wie abgebildet. &nbsp;","og_url":"https:\/\/www.frankmxparts.com.iclicksapp.nl\/de\/mino-orange-float-bowl-drain-bolt-nut-extra-deep-mikuni-flatslide-carburetor-ktm-sx-65-sx65","og_site_name":"Frank! MXParts","article_modified_time":"2025-01-03T20:27:08+00:00","og_image":[{"width":750,"height":563,"url":"https:\/\/www.frankmxparts.com.iclicksapp.nl\/wp-content\/uploads\/2024\/11\/mino-orange-float-bowl-drain-bolt-nut-mikuni-flatslide-carburetor-KTM-SX-65-SX65-frank-mxparts-01.jpg","type":"image\/jpeg"}],"twitter_card":"summary_large_image","twitter_misc":{"Gesch\u00e4tzte Lesezeit":"1\u00a0Minute"},"schema":{"@context":"https:\/\/schema.org","@graph":[{"@type":"WebPage","@id":"https:\/\/www.frankmxparts.com.iclicksapp.nl\/de\/mino-orange-float-bowl-drain-bolt-nut-extra-deep-mikuni-flatslide-carburetor-ktm-sx-65-sx65","url":"https:\/\/www.frankmxparts.com.iclicksapp.nl\/de\/mino-orange-float-bowl-drain-bolt-nut-extra-deep-mikuni-flatslide-carburetor-ktm-sx-65-sx65","name":"Abla\u00dfschraube extra tief \/ KTM SX65 - Frank! MXParts","isPartOf":{"@id":"https:\/\/www.frankmxparts.com.iclicksapp.nl\/de\/#website"},"primaryImageOfPage":{"@id":"https:\/\/www.frankmxparts.com.iclicksapp.nl\/de\/mino-orange-float-bowl-drain-bolt-nut-extra-deep-mikuni-flatslide-carburetor-ktm-sx-65-sx65#primaryimage"},"image":{"@id":"https:\/\/www.frankmxparts.com.iclicksapp.nl\/de\/mino-orange-float-bowl-drain-bolt-nut-extra-deep-mikuni-flatslide-carburetor-ktm-sx-65-sx65#primaryimage"},"thumbnailUrl":"https:\/\/www.frankmxparts.com.iclicksapp.nl\/wp-content\/uploads\/2024\/11\/mino-orange-float-bowl-drain-bolt-nut-mikuni-flatslide-carburetor-KTM-SX-65-SX65-frank-mxparts-01.jpg","datePublished":"2024-11-19T21:00:58+00:00","dateModified":"2025-01-03T20:27:08+00:00","breadcrumb":{"@id":"https:\/\/www.frankmxparts.com.iclicksapp.nl\/de\/mino-orange-float-bowl-drain-bolt-nut-extra-deep-mikuni-flatslide-carburetor-ktm-sx-65-sx65#breadcrumb"},"inLanguage":"de","potentialAction":[{"@type":"ReadAction","target":["https:\/\/www.frankmxparts.com.iclicksapp.nl\/de\/mino-orange-float-bowl-drain-bolt-nut-extra-deep-mikuni-flatslide-carburetor-ktm-sx-65-sx65"]}]},{"@type":"ImageObject","inLanguage":"de","@id":"https:\/\/www.frankmxparts.com.iclicksapp.nl\/de\/mino-orange-float-bowl-drain-bolt-nut-extra-deep-mikuni-flatslide-carburetor-ktm-sx-65-sx65#primaryimage","url":"https:\/\/www.frankmxparts.com.iclicksapp.nl\/wp-content\/uploads\/2024\/11\/mino-orange-float-bowl-drain-bolt-nut-mikuni-flatslide-carburetor-KTM-SX-65-SX65-frank-mxparts-01.jpg","contentUrl":"https:\/\/www.frankmxparts.com.iclicksapp.nl\/wp-content\/uploads\/2024\/11\/mino-orange-float-bowl-drain-bolt-nut-mikuni-flatslide-carburetor-KTM-SX-65-SX65-frank-mxparts-01.jpg","width":750,"height":563},{"@type":"BreadcrumbList","@id":"https:\/\/www.frankmxparts.com.iclicksapp.nl\/de\/mino-orange-float-bowl-drain-bolt-nut-extra-deep-mikuni-flatslide-carburetor-ktm-sx-65-sx65#breadcrumb","itemListElement":[{"@type":"ListItem","position":1,"name":"Home","item":"https:\/\/www.frankmxparts.com.iclicksapp.nl\/de"},{"@type":"ListItem","position":2,"name":"Shop","item":"https:\/\/www.frankmxparts.com.iclicksapp.nl\/winkel"},{"@type":"ListItem","position":3,"name":"Abla\u00dfschraube extra tief \/ KTM SX65"}]},{"@type":"WebSite","@id":"https:\/\/www.frankmxparts.com.iclicksapp.nl\/de\/#website","url":"https:\/\/www.frankmxparts.com.iclicksapp.nl\/de\/","name":"Frank! MXParts","description":"","publisher":{"@id":"https:\/\/www.frankmxparts.com.iclicksapp.nl\/de\/#organization"},"potentialAction":[{"@type":"SearchAction","target":{"@type":"EntryPoint","urlTemplate":"https:\/\/www.frankmxparts.com.iclicksapp.nl\/de\/?s={search_term_string}"},"query-input":{"@type":"PropertyValueSpecification","valueRequired":true,"valueName":"search_term_string"}}],"inLanguage":"de"},{"@type":"Organization","@id":"https:\/\/www.frankmxparts.com.iclicksapp.nl\/de\/#organization","name":"Frank! MXParts","url":"https:\/\/www.frankmxparts.com.iclicksapp.nl\/de\/","logo":{"@type":"ImageObject","inLanguage":"de","@id":"https:\/\/www.frankmxparts.com.iclicksapp.nl\/de\/#\/schema\/logo\/image\/","url":"https:\/\/www.frankmxparts.com.iclicksapp.nl\/wp-content\/uploads\/2024\/01\/frank-mxparts-logo.svg","contentUrl":"https:\/\/www.frankmxparts.com.iclicksapp.nl\/wp-content\/uploads\/2024\/01\/frank-mxparts-logo.svg","width":301,"height":88,"caption":"Frank! MXParts"},"image":{"@id":"https:\/\/www.frankmxparts.com.iclicksapp.nl\/de\/#\/schema\/logo\/image\/"}}]}},"_links":{"self":[{"href":"https:\/\/www.frankmxparts.com.iclicksapp.nl\/de\/wp-json\/wp\/v2\/product\/213943","targetHints":{"allow":["GET"]}}],"collection":[{"href":"https:\/\/www.frankmxparts.com.iclicksapp.nl\/de\/wp-json\/wp\/v2\/product"}],"about":[{"href":"https:\/\/www.frankmxparts.com.iclicksapp.nl\/de\/wp-json\/wp\/v2\/types\/product"}],"replies":[{"embeddable":true,"href":"https:\/\/www.frankmxparts.com.iclicksapp.nl\/de\/wp-json\/wp\/v2\/comments?post=213943"}],"wp:featuredmedia":[{"embeddable":true,"href":"https:\/\/www.frankmxparts.com.iclicksapp.nl\/de\/wp-json\/wp\/v2\/media\/197805"}],"wp:attachment":[{"href":"https:\/\/www.frankmxparts.com.iclicksapp.nl\/de\/wp-json\/wp\/v2\/media?parent=213943"}],"wp:term":[{"taxonomy":"product_brand","embeddable":true,"href":"https:\/\/www.frankmxparts.com.iclicksapp.nl\/de\/wp-json\/wp\/v2\/product_brand?post=213943"},{"taxonomy":"product_cat","embeddable":true,"href":"https:\/\/www.frankmxparts.com.iclicksapp.nl\/de\/wp-json\/wp\/v2\/product_cat?post=213943"},{"taxonomy":"product_tag","embeddable":true,"href":"https:\/\/www.frankmxparts.com.iclicksapp.nl\/de\/wp-json\/wp\/v2\/product_tag?post=213943"}],"curies":[{"name":"wp","href":"https:\/\/api.w.org\/{rel}","templated":true}]}}