{"id":213959,"date":"2024-11-19T22:02:14","date_gmt":"2024-11-19T21:02:14","guid":{"rendered":"https:\/\/www.frankmxparts.com.iclicksapp.nl\/product\/mikuni-tm-40-tm40-6-flatslide-racing-carburetor"},"modified":"2024-11-27T14:17:57","modified_gmt":"2024-11-27T12:17:57","slug":"mikuni-tm-40-tm40-6-flatslide-racing-carburetor","status":"publish","type":"product","link":"https:\/\/www.frankmxparts.com.iclicksapp.nl\/de\/mikuni-tm-40-tm40-6-flatslide-racing-carburetor","title":{"rendered":"Mikuni TM40 Flachschieber racing Vergaser"},"content":{"rendered":"<p>\n<strong>Mikuni TM40&nbsp;Flachschieber racing Vergaser.<\/strong><\/p>\n<p>Original Mikuni&nbsp;hochwertige&nbsp;Teile.<\/p>\n<p>Diesen Vergaser bietet&nbsp;eine seri\u00f6se Leistungssteigerung gegen\u00fcber viele serienm\u00e4\u00dfig eingebauten Vergaser: besseres (direkteres)&nbsp;Ansprechverhalten und Beschleunigung.<\/p>\n<p>Details:<\/p>\n<ul>\n<li>Mikuni TM40-6&nbsp;Flachschieber racing Vergaser<\/li>\n<li>mit Choke (Choke-Kabel oder Choke-Knopf)<\/li>\n<li>mit Beschleunigerpumpe<\/li>\n<li>Beschleunigerpumpe kann v\u00f6llig eingestellt werden (Start, Ende, Dauer)<\/li>\n<li>mit externe CO-Schraube (f\u00fcr einfache Abstimmung Leerlauf-Circuit)<\/li>\n<li>mit Vakuum-Anschluss.<\/li>\n<\/ul>\n<p>Abmessungen:<\/p>\n<ul>\n<li>Aussendurchmesser vorne: 44mm.<\/li>\n<li>Aussendurchmesser hinten: 55mm.<\/li>\n<li>Gesamtl\u00e4nge: 100mm.<\/li>\n<\/ul>\n<p>Bed\u00fcsung:<\/p>\n<ul>\n<li>Hauptd\u00fcse: 165<\/li>\n<li>Leerlaufd\u00fcse: 17,5<\/li>\n<li>D\u00fcsennadel: 9DJY4-96<\/li>\n<li>Nadeld\u00fcse: Y-6 \/ Serie 568<\/li>\n<li>Einspritzrohr: 0,7<\/li>\n<li>Schwimmernadelventilsitz: 3,8.<\/li>\n<\/ul>\n<p>Komplett wie abgebildet.<\/p>\n<p>&nbsp;<\/p>\n","protected":false},"excerpt":{"rendered":"<p>Mikuni TM40&nbsp;Flachschieber racing Vergaser. Original Mikuni&nbsp;hochwertige&nbsp;Teile. Diesen Vergaser bietet&nbsp;eine seri\u00f6se Leistungssteigerung gegen\u00fcber viele serienm\u00e4\u00dfig eingebauten Vergaser: besseres (direkteres)&nbsp;Ansprechverhalten und Beschleunigung. Details: Mikuni TM40-6&nbsp;Flachschieber racing Vergaser mit Choke (Choke-Kabel oder Choke-Knopf) mit Beschleunigerpumpe Beschleunigerpumpe kann v\u00f6llig eingestellt werden (Start, Ende, Dauer) mit externe CO-Schraube (f\u00fcr einfache Abstimmung Leerlauf-Circuit) mit Vakuum-Anschluss. Abmessungen: Aussendurchmesser vorne: 44mm. Aussendurchmesser hinten: [&hellip;]<\/p>\n","protected":false},"featured_media":197971,"comment_status":"closed","ping_status":"closed","template":"","meta":{"_acf_changed":false},"product_brand":[],"product_cat":[9441],"product_tag":[],"class_list":{"0":"post-213959","1":"product","2":"type-product","3":"status-publish","4":"has-post-thumbnail","6":"product_cat-uncategorized","7":"pa_choke-style-cable-operated-choke-de","8":"pa_choke-style-direct-pull-choke-de","9":"pa_manufacturer-mikuni-de","11":"first","12":"instock","13":"taxable","14":"shipping-taxable","15":"purchasable","16":"product-type-variable"},"acf":[],"yoast_head":"<!-- This site is optimized with the Yoast SEO plugin v27.3 - https:\/\/yoast.com\/product\/yoast-seo-wordpress\/ -->\n<title>Mikuni TM40 Flachschieber racing Vergaser - Frank! MXParts<\/title>\n<meta name=\"robots\" content=\"noindex, follow, max-snippet:-1, max-image-preview:large, max-video-preview:-1\" \/>\n<meta property=\"og:locale\" content=\"de_DE\" \/>\n<meta property=\"og:type\" content=\"article\" \/>\n<meta property=\"og:title\" content=\"Mikuni TM40 Flachschieber racing Vergaser - Frank! MXParts\" \/>\n<meta property=\"og:description\" content=\"Mikuni TM40&nbsp;Flachschieber racing Vergaser. Original Mikuni&nbsp;hochwertige&nbsp;Teile. Diesen Vergaser bietet&nbsp;eine seri\u00f6se Leistungssteigerung gegen\u00fcber viele serienm\u00e4\u00dfig eingebauten Vergaser: besseres (direkteres)&nbsp;Ansprechverhalten und Beschleunigung. Details: Mikuni TM40-6&nbsp;Flachschieber racing Vergaser mit Choke (Choke-Kabel oder Choke-Knopf) mit Beschleunigerpumpe Beschleunigerpumpe kann v\u00f6llig eingestellt werden (Start, Ende, Dauer) mit externe CO-Schraube (f\u00fcr einfache Abstimmung Leerlauf-Circuit) mit Vakuum-Anschluss. Abmessungen: Aussendurchmesser vorne: 44mm. Aussendurchmesser hinten: [&hellip;]\" \/>\n<meta property=\"og:url\" content=\"https:\/\/www.frankmxparts.com.iclicksapp.nl\/de\/mikuni-tm-40-tm40-6-flatslide-racing-carburetor\" \/>\n<meta property=\"og:site_name\" content=\"Frank! MXParts\" \/>\n<meta property=\"article:modified_time\" content=\"2024-11-27T12:17:57+00:00\" \/>\n<meta property=\"og:image\" content=\"https:\/\/www.frankmxparts.com.iclicksapp.nl\/wp-content\/uploads\/2024\/11\/mikuni-tm-40-tm40-6-flatslide-racing-carburetor-uprade-kit-frank-mxparts-01.jpg\" \/>\n\t<meta property=\"og:image:width\" content=\"750\" \/>\n\t<meta property=\"og:image:height\" content=\"563\" \/>\n\t<meta property=\"og:image:type\" content=\"image\/jpeg\" \/>\n<meta name=\"twitter:card\" content=\"summary_large_image\" \/>\n<script type=\"application\/ld+json\" class=\"yoast-schema-graph\">{\"@context\":\"https:\\\/\\\/schema.org\",\"@graph\":[{\"@type\":\"WebPage\",\"@id\":\"https:\\\/\\\/www.frankmxparts.com.iclicksapp.nl\\\/de\\\/mikuni-tm-40-tm40-6-flatslide-racing-carburetor\",\"url\":\"https:\\\/\\\/www.frankmxparts.com.iclicksapp.nl\\\/de\\\/mikuni-tm-40-tm40-6-flatslide-racing-carburetor\",\"name\":\"Mikuni TM40 Flachschieber racing Vergaser - Frank! MXParts\",\"isPartOf\":{\"@id\":\"https:\\\/\\\/www.frankmxparts.com.iclicksapp.nl\\\/de\\\/#website\"},\"primaryImageOfPage\":{\"@id\":\"https:\\\/\\\/www.frankmxparts.com.iclicksapp.nl\\\/de\\\/mikuni-tm-40-tm40-6-flatslide-racing-carburetor#primaryimage\"},\"image\":{\"@id\":\"https:\\\/\\\/www.frankmxparts.com.iclicksapp.nl\\\/de\\\/mikuni-tm-40-tm40-6-flatslide-racing-carburetor#primaryimage\"},\"thumbnailUrl\":\"https:\\\/\\\/www.frankmxparts.com.iclicksapp.nl\\\/wp-content\\\/uploads\\\/2024\\\/11\\\/mikuni-tm-40-tm40-6-flatslide-racing-carburetor-uprade-kit-frank-mxparts-01.jpg\",\"datePublished\":\"2024-11-19T21:02:14+00:00\",\"dateModified\":\"2024-11-27T12:17:57+00:00\",\"breadcrumb\":{\"@id\":\"https:\\\/\\\/www.frankmxparts.com.iclicksapp.nl\\\/de\\\/mikuni-tm-40-tm40-6-flatslide-racing-carburetor#breadcrumb\"},\"inLanguage\":\"de\",\"potentialAction\":[{\"@type\":\"ReadAction\",\"target\":[\"https:\\\/\\\/www.frankmxparts.com.iclicksapp.nl\\\/de\\\/mikuni-tm-40-tm40-6-flatslide-racing-carburetor\"]}]},{\"@type\":\"ImageObject\",\"inLanguage\":\"de\",\"@id\":\"https:\\\/\\\/www.frankmxparts.com.iclicksapp.nl\\\/de\\\/mikuni-tm-40-tm40-6-flatslide-racing-carburetor#primaryimage\",\"url\":\"https:\\\/\\\/www.frankmxparts.com.iclicksapp.nl\\\/wp-content\\\/uploads\\\/2024\\\/11\\\/mikuni-tm-40-tm40-6-flatslide-racing-carburetor-uprade-kit-frank-mxparts-01.jpg\",\"contentUrl\":\"https:\\\/\\\/www.frankmxparts.com.iclicksapp.nl\\\/wp-content\\\/uploads\\\/2024\\\/11\\\/mikuni-tm-40-tm40-6-flatslide-racing-carburetor-uprade-kit-frank-mxparts-01.jpg\",\"width\":750,\"height\":563},{\"@type\":\"BreadcrumbList\",\"@id\":\"https:\\\/\\\/www.frankmxparts.com.iclicksapp.nl\\\/de\\\/mikuni-tm-40-tm40-6-flatslide-racing-carburetor#breadcrumb\",\"itemListElement\":[{\"@type\":\"ListItem\",\"position\":1,\"name\":\"Home\",\"item\":\"https:\\\/\\\/www.frankmxparts.com.iclicksapp.nl\\\/de\"},{\"@type\":\"ListItem\",\"position\":2,\"name\":\"Shop\",\"item\":\"https:\\\/\\\/www.frankmxparts.com.iclicksapp.nl\\\/winkel\"},{\"@type\":\"ListItem\",\"position\":3,\"name\":\"Mikuni TM40 Flachschieber racing Vergaser\"}]},{\"@type\":\"WebSite\",\"@id\":\"https:\\\/\\\/www.frankmxparts.com.iclicksapp.nl\\\/de\\\/#website\",\"url\":\"https:\\\/\\\/www.frankmxparts.com.iclicksapp.nl\\\/de\\\/\",\"name\":\"Frank! MXParts\",\"description\":\"\",\"publisher\":{\"@id\":\"https:\\\/\\\/www.frankmxparts.com.iclicksapp.nl\\\/de\\\/#organization\"},\"potentialAction\":[{\"@type\":\"SearchAction\",\"target\":{\"@type\":\"EntryPoint\",\"urlTemplate\":\"https:\\\/\\\/www.frankmxparts.com.iclicksapp.nl\\\/de\\\/?s={search_term_string}\"},\"query-input\":{\"@type\":\"PropertyValueSpecification\",\"valueRequired\":true,\"valueName\":\"search_term_string\"}}],\"inLanguage\":\"de\"},{\"@type\":\"Organization\",\"@id\":\"https:\\\/\\\/www.frankmxparts.com.iclicksapp.nl\\\/de\\\/#organization\",\"name\":\"Frank! MXParts\",\"url\":\"https:\\\/\\\/www.frankmxparts.com.iclicksapp.nl\\\/de\\\/\",\"logo\":{\"@type\":\"ImageObject\",\"inLanguage\":\"de\",\"@id\":\"https:\\\/\\\/www.frankmxparts.com.iclicksapp.nl\\\/de\\\/#\\\/schema\\\/logo\\\/image\\\/\",\"url\":\"https:\\\/\\\/www.frankmxparts.com.iclicksapp.nl\\\/wp-content\\\/uploads\\\/2024\\\/01\\\/frank-mxparts-logo.svg\",\"contentUrl\":\"https:\\\/\\\/www.frankmxparts.com.iclicksapp.nl\\\/wp-content\\\/uploads\\\/2024\\\/01\\\/frank-mxparts-logo.svg\",\"width\":301,\"height\":88,\"caption\":\"Frank! MXParts\"},\"image\":{\"@id\":\"https:\\\/\\\/www.frankmxparts.com.iclicksapp.nl\\\/de\\\/#\\\/schema\\\/logo\\\/image\\\/\"}}]}<\/script>\n<!-- \/ Yoast SEO plugin. -->","yoast_head_json":{"title":"Mikuni TM40 Flachschieber racing Vergaser - Frank! MXParts","robots":{"index":"noindex","follow":"follow","max-snippet":"max-snippet:-1","max-image-preview":"max-image-preview:large","max-video-preview":"max-video-preview:-1"},"og_locale":"de_DE","og_type":"article","og_title":"Mikuni TM40 Flachschieber racing Vergaser - Frank! MXParts","og_description":"Mikuni TM40&nbsp;Flachschieber racing Vergaser. Original Mikuni&nbsp;hochwertige&nbsp;Teile. Diesen Vergaser bietet&nbsp;eine seri\u00f6se Leistungssteigerung gegen\u00fcber viele serienm\u00e4\u00dfig eingebauten Vergaser: besseres (direkteres)&nbsp;Ansprechverhalten und Beschleunigung. Details: Mikuni TM40-6&nbsp;Flachschieber racing Vergaser mit Choke (Choke-Kabel oder Choke-Knopf) mit Beschleunigerpumpe Beschleunigerpumpe kann v\u00f6llig eingestellt werden (Start, Ende, Dauer) mit externe CO-Schraube (f\u00fcr einfache Abstimmung Leerlauf-Circuit) mit Vakuum-Anschluss. Abmessungen: Aussendurchmesser vorne: 44mm. Aussendurchmesser hinten: [&hellip;]","og_url":"https:\/\/www.frankmxparts.com.iclicksapp.nl\/de\/mikuni-tm-40-tm40-6-flatslide-racing-carburetor","og_site_name":"Frank! MXParts","article_modified_time":"2024-11-27T12:17:57+00:00","og_image":[{"width":750,"height":563,"url":"https:\/\/www.frankmxparts.com.iclicksapp.nl\/wp-content\/uploads\/2024\/11\/mikuni-tm-40-tm40-6-flatslide-racing-carburetor-uprade-kit-frank-mxparts-01.jpg","type":"image\/jpeg"}],"twitter_card":"summary_large_image","schema":{"@context":"https:\/\/schema.org","@graph":[{"@type":"WebPage","@id":"https:\/\/www.frankmxparts.com.iclicksapp.nl\/de\/mikuni-tm-40-tm40-6-flatslide-racing-carburetor","url":"https:\/\/www.frankmxparts.com.iclicksapp.nl\/de\/mikuni-tm-40-tm40-6-flatslide-racing-carburetor","name":"Mikuni TM40 Flachschieber racing Vergaser - Frank! MXParts","isPartOf":{"@id":"https:\/\/www.frankmxparts.com.iclicksapp.nl\/de\/#website"},"primaryImageOfPage":{"@id":"https:\/\/www.frankmxparts.com.iclicksapp.nl\/de\/mikuni-tm-40-tm40-6-flatslide-racing-carburetor#primaryimage"},"image":{"@id":"https:\/\/www.frankmxparts.com.iclicksapp.nl\/de\/mikuni-tm-40-tm40-6-flatslide-racing-carburetor#primaryimage"},"thumbnailUrl":"https:\/\/www.frankmxparts.com.iclicksapp.nl\/wp-content\/uploads\/2024\/11\/mikuni-tm-40-tm40-6-flatslide-racing-carburetor-uprade-kit-frank-mxparts-01.jpg","datePublished":"2024-11-19T21:02:14+00:00","dateModified":"2024-11-27T12:17:57+00:00","breadcrumb":{"@id":"https:\/\/www.frankmxparts.com.iclicksapp.nl\/de\/mikuni-tm-40-tm40-6-flatslide-racing-carburetor#breadcrumb"},"inLanguage":"de","potentialAction":[{"@type":"ReadAction","target":["https:\/\/www.frankmxparts.com.iclicksapp.nl\/de\/mikuni-tm-40-tm40-6-flatslide-racing-carburetor"]}]},{"@type":"ImageObject","inLanguage":"de","@id":"https:\/\/www.frankmxparts.com.iclicksapp.nl\/de\/mikuni-tm-40-tm40-6-flatslide-racing-carburetor#primaryimage","url":"https:\/\/www.frankmxparts.com.iclicksapp.nl\/wp-content\/uploads\/2024\/11\/mikuni-tm-40-tm40-6-flatslide-racing-carburetor-uprade-kit-frank-mxparts-01.jpg","contentUrl":"https:\/\/www.frankmxparts.com.iclicksapp.nl\/wp-content\/uploads\/2024\/11\/mikuni-tm-40-tm40-6-flatslide-racing-carburetor-uprade-kit-frank-mxparts-01.jpg","width":750,"height":563},{"@type":"BreadcrumbList","@id":"https:\/\/www.frankmxparts.com.iclicksapp.nl\/de\/mikuni-tm-40-tm40-6-flatslide-racing-carburetor#breadcrumb","itemListElement":[{"@type":"ListItem","position":1,"name":"Home","item":"https:\/\/www.frankmxparts.com.iclicksapp.nl\/de"},{"@type":"ListItem","position":2,"name":"Shop","item":"https:\/\/www.frankmxparts.com.iclicksapp.nl\/winkel"},{"@type":"ListItem","position":3,"name":"Mikuni TM40 Flachschieber racing Vergaser"}]},{"@type":"WebSite","@id":"https:\/\/www.frankmxparts.com.iclicksapp.nl\/de\/#website","url":"https:\/\/www.frankmxparts.com.iclicksapp.nl\/de\/","name":"Frank! MXParts","description":"","publisher":{"@id":"https:\/\/www.frankmxparts.com.iclicksapp.nl\/de\/#organization"},"potentialAction":[{"@type":"SearchAction","target":{"@type":"EntryPoint","urlTemplate":"https:\/\/www.frankmxparts.com.iclicksapp.nl\/de\/?s={search_term_string}"},"query-input":{"@type":"PropertyValueSpecification","valueRequired":true,"valueName":"search_term_string"}}],"inLanguage":"de"},{"@type":"Organization","@id":"https:\/\/www.frankmxparts.com.iclicksapp.nl\/de\/#organization","name":"Frank! MXParts","url":"https:\/\/www.frankmxparts.com.iclicksapp.nl\/de\/","logo":{"@type":"ImageObject","inLanguage":"de","@id":"https:\/\/www.frankmxparts.com.iclicksapp.nl\/de\/#\/schema\/logo\/image\/","url":"https:\/\/www.frankmxparts.com.iclicksapp.nl\/wp-content\/uploads\/2024\/01\/frank-mxparts-logo.svg","contentUrl":"https:\/\/www.frankmxparts.com.iclicksapp.nl\/wp-content\/uploads\/2024\/01\/frank-mxparts-logo.svg","width":301,"height":88,"caption":"Frank! MXParts"},"image":{"@id":"https:\/\/www.frankmxparts.com.iclicksapp.nl\/de\/#\/schema\/logo\/image\/"}}]}},"_links":{"self":[{"href":"https:\/\/www.frankmxparts.com.iclicksapp.nl\/de\/wp-json\/wp\/v2\/product\/213959","targetHints":{"allow":["GET"]}}],"collection":[{"href":"https:\/\/www.frankmxparts.com.iclicksapp.nl\/de\/wp-json\/wp\/v2\/product"}],"about":[{"href":"https:\/\/www.frankmxparts.com.iclicksapp.nl\/de\/wp-json\/wp\/v2\/types\/product"}],"replies":[{"embeddable":true,"href":"https:\/\/www.frankmxparts.com.iclicksapp.nl\/de\/wp-json\/wp\/v2\/comments?post=213959"}],"wp:featuredmedia":[{"embeddable":true,"href":"https:\/\/www.frankmxparts.com.iclicksapp.nl\/de\/wp-json\/wp\/v2\/media\/197971"}],"wp:attachment":[{"href":"https:\/\/www.frankmxparts.com.iclicksapp.nl\/de\/wp-json\/wp\/v2\/media?parent=213959"}],"wp:term":[{"taxonomy":"product_brand","embeddable":true,"href":"https:\/\/www.frankmxparts.com.iclicksapp.nl\/de\/wp-json\/wp\/v2\/product_brand?post=213959"},{"taxonomy":"product_cat","embeddable":true,"href":"https:\/\/www.frankmxparts.com.iclicksapp.nl\/de\/wp-json\/wp\/v2\/product_cat?post=213959"},{"taxonomy":"product_tag","embeddable":true,"href":"https:\/\/www.frankmxparts.com.iclicksapp.nl\/de\/wp-json\/wp\/v2\/product_tag?post=213959"}],"curies":[{"name":"wp","href":"https:\/\/api.w.org\/{rel}","templated":true}]}}