{"id":213974,"date":"2024-11-19T22:02:14","date_gmt":"2024-11-19T21:02:14","guid":{"rendered":"https:\/\/www.frankmxparts.com.iclicksapp.nl\/product\/keihin-fcr-mx-32-flatslide-carburetor-2008-honda-crf150r-2"},"modified":"2024-11-21T12:12:02","modified_gmt":"2024-11-21T10:12:02","slug":"keihin-fcr-mx-32-flatslide-carburetor-2008-honda-crf150r-2","status":"publish","type":"product","link":"https:\/\/www.frankmxparts.com.iclicksapp.nl\/de\/keihin-fcr-mx-32-flatslide-carburetor-2008-honda-crf150r-2","title":{"rendered":"Keihin FCR MX 32 Flachschieber Vergaser \/ 2008 Honda CRF150R"},"content":{"rendered":"<p>\n<span style=\"color:#000cff;\"><span style=\"color:black;\"><strong>Keihin FCR MX 32 Vergaser<\/strong>.<\/span><\/p>\n<p><span style=\"color:black;\">In einem sehr gutem&nbsp;Zustand<\/span><\/span><span style=\"color:black;\">.<\/span><br \/>\n<span style=\"color:#000cff;\">Details<\/span>:<\/p>\n<ul>\n<li><span style=\"color:black;\">Keihin FCR MX 32 quad vent Flachschieber Vergaser<\/span><\/li>\n<li><span style=\"color:black;\">mit Kaltstartbet\u00e4tigung<\/span><\/li>\n<li><span style=\"color:black;\">mit Hei\u00dfstartbet\u00e4tigung<\/span><\/li>\n<li><span style=\"color:black;\">mit Drosselklappensensor<\/span><\/li>\n<li><span style=\"color:black;\">mit Beschleunigerpumpe<\/span><\/li>\n<li><span style=\"color:black;\">mit Gasz\u00fcge\/Gashebel Kit<\/span><\/li>\n<\/ul>\n<p><span style=\"color:black;\">Den Vergaser hat unseren <\/span><span style=\"color:#000cff;\"><span style=\"color:black;\">Vergaser Servi<\/span>ce<\/span> gehat.<br \/>\n<font color=\"#333333\"><span style=\"color:#000cff;\">Details<\/span>:<\/font><\/p>\n<ul>\n<li>\n<div><span style=\"color:black;\">Vergasergeh\u00e4use und ausgew\u00e4hlte Teile sind professionell ultraschall-gereinigt<\/span><\/div>\n<\/li>\n<li>\n<div><span style=\"color:black;\">alle Teile sind gereinigt und \u00fcberpr\u00fcft<\/span><\/div>\n<\/li>\n<li>\n<div><span style=\"color:black;\">D\u00fcsen sind gereinigt<\/span><\/div>\n<\/li>\n<li>\n<div><span style=\"color:black;\">Schwimmerh\u00f6he neu eingestellt<\/span><\/div>\n<\/li>\n<li>\n<div><span style=\"color:black;\">Beschleunigerpumpe getestet<\/span><\/div>\n<\/li>\n<li>\n<div><span style=\"color:black;\">Lager sind neu befettet<\/span><\/div>\n<\/li>\n<li>\n<div><span style=\"color:black;\">mit mehrere Neuteile (O-Ringe, Dichtungen, etc.) (kontaktieren Sie uns f\u00fcr Details)<\/span><\/div>\n<\/li>\n<li>\n<div>etc.<\/div>\n<\/li>\n<\/ul>\n<p><span style=\"color:#000cff;\">Abmessungen<\/span>:<\/p>\n<ul>\n<li>Aussendurchmesser Zylinderseite: 39mm.<\/li>\n<li>Aussendurchmesser Luftfilterseite:45,5mm.<\/li>\n<li>Gesamtl\u00e4nge: 81,5mm.<\/li>\n<\/ul>\n<p>\n<span style=\"font-size: 12px; line-height: 1.3;\">Komplett wie abgebildet.<\/span><br \/>\n<span style=\"font-size: 12px; line-height: 1.3;\">Ready to race&#8230;<\/span><\/p>\n<p>\n&nbsp;<\/p>\n","protected":false},"excerpt":{"rendered":"<p>Keihin FCR MX 32 Vergaser. In einem sehr gutem&nbsp;Zustand. Details: Keihin FCR MX 32 quad vent Flachschieber Vergaser mit Kaltstartbet\u00e4tigung mit Hei\u00dfstartbet\u00e4tigung mit Drosselklappensensor mit Beschleunigerpumpe mit Gasz\u00fcge\/Gashebel Kit Den Vergaser hat unseren Vergaser Service gehat. Details: Vergasergeh\u00e4use und ausgew\u00e4hlte Teile sind professionell ultraschall-gereinigt alle Teile sind gereinigt und \u00fcberpr\u00fcft D\u00fcsen sind gereinigt Schwimmerh\u00f6he neu [&hellip;]<\/p>\n","protected":false},"featured_media":198172,"comment_status":"closed","ping_status":"closed","template":"","meta":{"_acf_changed":false},"product_brand":[],"product_cat":[9441],"product_tag":[],"class_list":{"0":"post-213974","1":"product","2":"type-product","3":"status-publish","4":"has-post-thumbnail","6":"product_cat-uncategorized","7":"pa_manufacturer-keihin-de","9":"first","10":"outofstock","11":"taxable","12":"shipping-taxable","13":"purchasable","14":"product-type-simple"},"acf":[],"yoast_head":"<!-- This site is optimized with the Yoast SEO plugin v27.3 - https:\/\/yoast.com\/product\/yoast-seo-wordpress\/ -->\n<title>Keihin FCR MX 32 Flachschieber Vergaser \/ 2008 Honda CRF150R - Frank! MXParts<\/title>\n<meta name=\"robots\" content=\"noindex, follow, max-snippet:-1, max-image-preview:large, max-video-preview:-1\" \/>\n<meta property=\"og:locale\" content=\"de_DE\" \/>\n<meta property=\"og:type\" content=\"article\" \/>\n<meta property=\"og:title\" content=\"Keihin FCR MX 32 Flachschieber Vergaser \/ 2008 Honda CRF150R - Frank! MXParts\" \/>\n<meta property=\"og:description\" content=\"Keihin FCR MX 32 Vergaser. In einem sehr gutem&nbsp;Zustand. Details: Keihin FCR MX 32 quad vent Flachschieber Vergaser mit Kaltstartbet\u00e4tigung mit Hei\u00dfstartbet\u00e4tigung mit Drosselklappensensor mit Beschleunigerpumpe mit Gasz\u00fcge\/Gashebel Kit Den Vergaser hat unseren Vergaser Service gehat. Details: Vergasergeh\u00e4use und ausgew\u00e4hlte Teile sind professionell ultraschall-gereinigt alle Teile sind gereinigt und \u00fcberpr\u00fcft D\u00fcsen sind gereinigt Schwimmerh\u00f6he neu [&hellip;]\" \/>\n<meta property=\"og:url\" content=\"https:\/\/www.frankmxparts.com.iclicksapp.nl\/de\/keihin-fcr-mx-32-flatslide-carburetor-2008-honda-crf150r-2\" \/>\n<meta property=\"og:site_name\" content=\"Frank! MXParts\" \/>\n<meta property=\"article:modified_time\" content=\"2024-11-21T10:12:02+00:00\" \/>\n<meta property=\"og:image\" content=\"https:\/\/www.frankmxparts.com.iclicksapp.nl\/wp-content\/uploads\/2024\/11\/DSC09960-1.jpg\" \/>\n\t<meta property=\"og:image:width\" content=\"750\" \/>\n\t<meta property=\"og:image:height\" content=\"563\" \/>\n\t<meta property=\"og:image:type\" content=\"image\/jpeg\" \/>\n<meta name=\"twitter:card\" content=\"summary_large_image\" \/>\n<meta name=\"twitter:label1\" content=\"Gesch\u00e4tzte Lesezeit\" \/>\n\t<meta name=\"twitter:data1\" content=\"1\u00a0Minute\" \/>\n<script type=\"application\/ld+json\" class=\"yoast-schema-graph\">{\"@context\":\"https:\\\/\\\/schema.org\",\"@graph\":[{\"@type\":\"WebPage\",\"@id\":\"https:\\\/\\\/www.frankmxparts.com.iclicksapp.nl\\\/de\\\/keihin-fcr-mx-32-flatslide-carburetor-2008-honda-crf150r-2\",\"url\":\"https:\\\/\\\/www.frankmxparts.com.iclicksapp.nl\\\/de\\\/keihin-fcr-mx-32-flatslide-carburetor-2008-honda-crf150r-2\",\"name\":\"Keihin FCR MX 32 Flachschieber Vergaser \\\/ 2008 Honda CRF150R - Frank! MXParts\",\"isPartOf\":{\"@id\":\"https:\\\/\\\/www.frankmxparts.com.iclicksapp.nl\\\/de\\\/#website\"},\"primaryImageOfPage\":{\"@id\":\"https:\\\/\\\/www.frankmxparts.com.iclicksapp.nl\\\/de\\\/keihin-fcr-mx-32-flatslide-carburetor-2008-honda-crf150r-2#primaryimage\"},\"image\":{\"@id\":\"https:\\\/\\\/www.frankmxparts.com.iclicksapp.nl\\\/de\\\/keihin-fcr-mx-32-flatslide-carburetor-2008-honda-crf150r-2#primaryimage\"},\"thumbnailUrl\":\"https:\\\/\\\/www.frankmxparts.com.iclicksapp.nl\\\/wp-content\\\/uploads\\\/2024\\\/11\\\/DSC09960-1.jpg\",\"datePublished\":\"2024-11-19T21:02:14+00:00\",\"dateModified\":\"2024-11-21T10:12:02+00:00\",\"breadcrumb\":{\"@id\":\"https:\\\/\\\/www.frankmxparts.com.iclicksapp.nl\\\/de\\\/keihin-fcr-mx-32-flatslide-carburetor-2008-honda-crf150r-2#breadcrumb\"},\"inLanguage\":\"de\",\"potentialAction\":[{\"@type\":\"ReadAction\",\"target\":[\"https:\\\/\\\/www.frankmxparts.com.iclicksapp.nl\\\/de\\\/keihin-fcr-mx-32-flatslide-carburetor-2008-honda-crf150r-2\"]}]},{\"@type\":\"ImageObject\",\"inLanguage\":\"de\",\"@id\":\"https:\\\/\\\/www.frankmxparts.com.iclicksapp.nl\\\/de\\\/keihin-fcr-mx-32-flatslide-carburetor-2008-honda-crf150r-2#primaryimage\",\"url\":\"https:\\\/\\\/www.frankmxparts.com.iclicksapp.nl\\\/wp-content\\\/uploads\\\/2024\\\/11\\\/DSC09960-1.jpg\",\"contentUrl\":\"https:\\\/\\\/www.frankmxparts.com.iclicksapp.nl\\\/wp-content\\\/uploads\\\/2024\\\/11\\\/DSC09960-1.jpg\",\"width\":750,\"height\":563},{\"@type\":\"BreadcrumbList\",\"@id\":\"https:\\\/\\\/www.frankmxparts.com.iclicksapp.nl\\\/de\\\/keihin-fcr-mx-32-flatslide-carburetor-2008-honda-crf150r-2#breadcrumb\",\"itemListElement\":[{\"@type\":\"ListItem\",\"position\":1,\"name\":\"Home\",\"item\":\"https:\\\/\\\/www.frankmxparts.com.iclicksapp.nl\\\/de\"},{\"@type\":\"ListItem\",\"position\":2,\"name\":\"Shop\",\"item\":\"https:\\\/\\\/www.frankmxparts.com.iclicksapp.nl\\\/winkel\"},{\"@type\":\"ListItem\",\"position\":3,\"name\":\"Keihin FCR MX 32 Flachschieber Vergaser \\\/ 2008 Honda CRF150R\"}]},{\"@type\":\"WebSite\",\"@id\":\"https:\\\/\\\/www.frankmxparts.com.iclicksapp.nl\\\/de\\\/#website\",\"url\":\"https:\\\/\\\/www.frankmxparts.com.iclicksapp.nl\\\/de\\\/\",\"name\":\"Frank! MXParts\",\"description\":\"\",\"publisher\":{\"@id\":\"https:\\\/\\\/www.frankmxparts.com.iclicksapp.nl\\\/de\\\/#organization\"},\"potentialAction\":[{\"@type\":\"SearchAction\",\"target\":{\"@type\":\"EntryPoint\",\"urlTemplate\":\"https:\\\/\\\/www.frankmxparts.com.iclicksapp.nl\\\/de\\\/?s={search_term_string}\"},\"query-input\":{\"@type\":\"PropertyValueSpecification\",\"valueRequired\":true,\"valueName\":\"search_term_string\"}}],\"inLanguage\":\"de\"},{\"@type\":\"Organization\",\"@id\":\"https:\\\/\\\/www.frankmxparts.com.iclicksapp.nl\\\/de\\\/#organization\",\"name\":\"Frank! MXParts\",\"url\":\"https:\\\/\\\/www.frankmxparts.com.iclicksapp.nl\\\/de\\\/\",\"logo\":{\"@type\":\"ImageObject\",\"inLanguage\":\"de\",\"@id\":\"https:\\\/\\\/www.frankmxparts.com.iclicksapp.nl\\\/de\\\/#\\\/schema\\\/logo\\\/image\\\/\",\"url\":\"https:\\\/\\\/www.frankmxparts.com.iclicksapp.nl\\\/wp-content\\\/uploads\\\/2024\\\/01\\\/frank-mxparts-logo.svg\",\"contentUrl\":\"https:\\\/\\\/www.frankmxparts.com.iclicksapp.nl\\\/wp-content\\\/uploads\\\/2024\\\/01\\\/frank-mxparts-logo.svg\",\"width\":301,\"height\":88,\"caption\":\"Frank! MXParts\"},\"image\":{\"@id\":\"https:\\\/\\\/www.frankmxparts.com.iclicksapp.nl\\\/de\\\/#\\\/schema\\\/logo\\\/image\\\/\"}}]}<\/script>\n<!-- \/ Yoast SEO plugin. -->","yoast_head_json":{"title":"Keihin FCR MX 32 Flachschieber Vergaser \/ 2008 Honda CRF150R - Frank! MXParts","robots":{"index":"noindex","follow":"follow","max-snippet":"max-snippet:-1","max-image-preview":"max-image-preview:large","max-video-preview":"max-video-preview:-1"},"og_locale":"de_DE","og_type":"article","og_title":"Keihin FCR MX 32 Flachschieber Vergaser \/ 2008 Honda CRF150R - Frank! MXParts","og_description":"Keihin FCR MX 32 Vergaser. In einem sehr gutem&nbsp;Zustand. Details: Keihin FCR MX 32 quad vent Flachschieber Vergaser mit Kaltstartbet\u00e4tigung mit Hei\u00dfstartbet\u00e4tigung mit Drosselklappensensor mit Beschleunigerpumpe mit Gasz\u00fcge\/Gashebel Kit Den Vergaser hat unseren Vergaser Service gehat. Details: Vergasergeh\u00e4use und ausgew\u00e4hlte Teile sind professionell ultraschall-gereinigt alle Teile sind gereinigt und \u00fcberpr\u00fcft D\u00fcsen sind gereinigt Schwimmerh\u00f6he neu [&hellip;]","og_url":"https:\/\/www.frankmxparts.com.iclicksapp.nl\/de\/keihin-fcr-mx-32-flatslide-carburetor-2008-honda-crf150r-2","og_site_name":"Frank! MXParts","article_modified_time":"2024-11-21T10:12:02+00:00","og_image":[{"width":750,"height":563,"url":"https:\/\/www.frankmxparts.com.iclicksapp.nl\/wp-content\/uploads\/2024\/11\/DSC09960-1.jpg","type":"image\/jpeg"}],"twitter_card":"summary_large_image","twitter_misc":{"Gesch\u00e4tzte Lesezeit":"1\u00a0Minute"},"schema":{"@context":"https:\/\/schema.org","@graph":[{"@type":"WebPage","@id":"https:\/\/www.frankmxparts.com.iclicksapp.nl\/de\/keihin-fcr-mx-32-flatslide-carburetor-2008-honda-crf150r-2","url":"https:\/\/www.frankmxparts.com.iclicksapp.nl\/de\/keihin-fcr-mx-32-flatslide-carburetor-2008-honda-crf150r-2","name":"Keihin FCR MX 32 Flachschieber Vergaser \/ 2008 Honda CRF150R - Frank! MXParts","isPartOf":{"@id":"https:\/\/www.frankmxparts.com.iclicksapp.nl\/de\/#website"},"primaryImageOfPage":{"@id":"https:\/\/www.frankmxparts.com.iclicksapp.nl\/de\/keihin-fcr-mx-32-flatslide-carburetor-2008-honda-crf150r-2#primaryimage"},"image":{"@id":"https:\/\/www.frankmxparts.com.iclicksapp.nl\/de\/keihin-fcr-mx-32-flatslide-carburetor-2008-honda-crf150r-2#primaryimage"},"thumbnailUrl":"https:\/\/www.frankmxparts.com.iclicksapp.nl\/wp-content\/uploads\/2024\/11\/DSC09960-1.jpg","datePublished":"2024-11-19T21:02:14+00:00","dateModified":"2024-11-21T10:12:02+00:00","breadcrumb":{"@id":"https:\/\/www.frankmxparts.com.iclicksapp.nl\/de\/keihin-fcr-mx-32-flatslide-carburetor-2008-honda-crf150r-2#breadcrumb"},"inLanguage":"de","potentialAction":[{"@type":"ReadAction","target":["https:\/\/www.frankmxparts.com.iclicksapp.nl\/de\/keihin-fcr-mx-32-flatslide-carburetor-2008-honda-crf150r-2"]}]},{"@type":"ImageObject","inLanguage":"de","@id":"https:\/\/www.frankmxparts.com.iclicksapp.nl\/de\/keihin-fcr-mx-32-flatslide-carburetor-2008-honda-crf150r-2#primaryimage","url":"https:\/\/www.frankmxparts.com.iclicksapp.nl\/wp-content\/uploads\/2024\/11\/DSC09960-1.jpg","contentUrl":"https:\/\/www.frankmxparts.com.iclicksapp.nl\/wp-content\/uploads\/2024\/11\/DSC09960-1.jpg","width":750,"height":563},{"@type":"BreadcrumbList","@id":"https:\/\/www.frankmxparts.com.iclicksapp.nl\/de\/keihin-fcr-mx-32-flatslide-carburetor-2008-honda-crf150r-2#breadcrumb","itemListElement":[{"@type":"ListItem","position":1,"name":"Home","item":"https:\/\/www.frankmxparts.com.iclicksapp.nl\/de"},{"@type":"ListItem","position":2,"name":"Shop","item":"https:\/\/www.frankmxparts.com.iclicksapp.nl\/winkel"},{"@type":"ListItem","position":3,"name":"Keihin FCR MX 32 Flachschieber Vergaser \/ 2008 Honda CRF150R"}]},{"@type":"WebSite","@id":"https:\/\/www.frankmxparts.com.iclicksapp.nl\/de\/#website","url":"https:\/\/www.frankmxparts.com.iclicksapp.nl\/de\/","name":"Frank! MXParts","description":"","publisher":{"@id":"https:\/\/www.frankmxparts.com.iclicksapp.nl\/de\/#organization"},"potentialAction":[{"@type":"SearchAction","target":{"@type":"EntryPoint","urlTemplate":"https:\/\/www.frankmxparts.com.iclicksapp.nl\/de\/?s={search_term_string}"},"query-input":{"@type":"PropertyValueSpecification","valueRequired":true,"valueName":"search_term_string"}}],"inLanguage":"de"},{"@type":"Organization","@id":"https:\/\/www.frankmxparts.com.iclicksapp.nl\/de\/#organization","name":"Frank! MXParts","url":"https:\/\/www.frankmxparts.com.iclicksapp.nl\/de\/","logo":{"@type":"ImageObject","inLanguage":"de","@id":"https:\/\/www.frankmxparts.com.iclicksapp.nl\/de\/#\/schema\/logo\/image\/","url":"https:\/\/www.frankmxparts.com.iclicksapp.nl\/wp-content\/uploads\/2024\/01\/frank-mxparts-logo.svg","contentUrl":"https:\/\/www.frankmxparts.com.iclicksapp.nl\/wp-content\/uploads\/2024\/01\/frank-mxparts-logo.svg","width":301,"height":88,"caption":"Frank! MXParts"},"image":{"@id":"https:\/\/www.frankmxparts.com.iclicksapp.nl\/de\/#\/schema\/logo\/image\/"}}]}},"_links":{"self":[{"href":"https:\/\/www.frankmxparts.com.iclicksapp.nl\/de\/wp-json\/wp\/v2\/product\/213974","targetHints":{"allow":["GET"]}}],"collection":[{"href":"https:\/\/www.frankmxparts.com.iclicksapp.nl\/de\/wp-json\/wp\/v2\/product"}],"about":[{"href":"https:\/\/www.frankmxparts.com.iclicksapp.nl\/de\/wp-json\/wp\/v2\/types\/product"}],"replies":[{"embeddable":true,"href":"https:\/\/www.frankmxparts.com.iclicksapp.nl\/de\/wp-json\/wp\/v2\/comments?post=213974"}],"wp:featuredmedia":[{"embeddable":true,"href":"https:\/\/www.frankmxparts.com.iclicksapp.nl\/de\/wp-json\/wp\/v2\/media\/198172"}],"wp:attachment":[{"href":"https:\/\/www.frankmxparts.com.iclicksapp.nl\/de\/wp-json\/wp\/v2\/media?parent=213974"}],"wp:term":[{"taxonomy":"product_brand","embeddable":true,"href":"https:\/\/www.frankmxparts.com.iclicksapp.nl\/de\/wp-json\/wp\/v2\/product_brand?post=213974"},{"taxonomy":"product_cat","embeddable":true,"href":"https:\/\/www.frankmxparts.com.iclicksapp.nl\/de\/wp-json\/wp\/v2\/product_cat?post=213974"},{"taxonomy":"product_tag","embeddable":true,"href":"https:\/\/www.frankmxparts.com.iclicksapp.nl\/de\/wp-json\/wp\/v2\/product_tag?post=213974"}],"curies":[{"name":"wp","href":"https:\/\/api.w.org\/{rel}","templated":true}]}}