{"id":213996,"date":"2024-11-19T22:03:30","date_gmt":"2024-11-19T21:03:30","guid":{"rendered":"https:\/\/www.frankmxparts.com.iclicksapp.nl\/product\/high-flow-waterpump-cooler-kit-2017-ktm-450-sx-f-sxf"},"modified":"2024-11-27T14:20:05","modified_gmt":"2024-11-27T12:20:05","slug":"high-flow-waterpump-cooler-kit-2017-ktm-450-sx-f-sxf","status":"publish","type":"product","link":"https:\/\/www.frankmxparts.com.iclicksapp.nl\/de\/high-flow-waterpump-cooler-kit-2017-ktm-450-sx-f-sxf","title":{"rendered":"High flow Wasserpumpe Cooler Kit \/ 2017 KTM 450 SX-F"},"content":{"rendered":"<p>&nbsp;<\/p>\n<p><strong>High flow Wasserpumpe Cooler Kit.<\/strong><\/p>\n<p>\nNeu. Verbessert den K\u00fchlkreislauf von den standard Wasserpumpe:<\/p>\n<ul>\n<li>CNC Gefr\u00e4stes, gro\u00dfes Wasserpumpenrad mit verbessertes Design, erh\u00f6ht die Menge des K\u00fchlmittels durch das K\u00fchlsystem bus zu 15 Grad<\/li>\n<li>senkt die Motortemperatur<\/li>\n<li>schwarz eloxiert<\/li>\n<li>komplett mit Bolzen und Dichtung.<\/li>\n<\/ul>\n<p>\nPassend f\u00fcr:<\/p>\n<ul>\n<li>2015 450 SX-F FACTORY EDITION (US)<\/li>\n<li>2016 450 SX-F (US)<\/li>\n<li>2016 450 SX-F FACTORY EDITION (US)<\/li>\n<li>2016 450 XC-F (US)<\/li>\n<li>2017 450 EXC-F (AU)<\/li>\n<li>2017 500 EXC-F (AU)<\/li>\n<li>2017 450 EXC-F SIX DAYS (US)<\/li>\n<li>2017 450 SX-F (US)<\/li>\n<li>2017 450 SX-F FACTORY EDITION (US)<\/li>\n<li>2017 450 XC-F (US)<\/li>\n<li>2017 500 EXC-F (US).<\/li>\n<\/ul>\n<p>\nKomplett wie abgebildet.<\/p>\n<p>\n&nbsp;<\/p>\n","protected":false},"excerpt":{"rendered":"<p>&nbsp; High flow Wasserpumpe Cooler Kit. Neu. Verbessert den K\u00fchlkreislauf von den standard Wasserpumpe: CNC Gefr\u00e4stes, gro\u00dfes Wasserpumpenrad mit verbessertes Design, erh\u00f6ht die Menge des K\u00fchlmittels durch das K\u00fchlsystem bus zu 15 Grad senkt die Motortemperatur schwarz eloxiert komplett mit Bolzen und Dichtung. Passend f\u00fcr: 2015 450 SX-F FACTORY EDITION (US) 2016 450 SX-F (US) [&hellip;]<\/p>\n","protected":false},"featured_media":198473,"comment_status":"closed","ping_status":"closed","template":"","meta":{"_acf_changed":false},"product_brand":[],"product_cat":[9441],"product_tag":[],"class_list":{"0":"post-213996","1":"product","2":"type-product","3":"status-publish","4":"has-post-thumbnail","6":"product_cat-uncategorized","7":"pa_manufacturer-frank-mxparts-de","9":"first","10":"instock","11":"taxable","12":"shipping-taxable","13":"purchasable","14":"product-type-simple"},"acf":[],"yoast_head":"<!-- This site is optimized with the Yoast SEO plugin v27.3 - https:\/\/yoast.com\/product\/yoast-seo-wordpress\/ -->\n<title>High flow Wasserpumpe Cooler Kit \/ 2017 KTM 450 SX-F - Frank! MXParts<\/title>\n<meta name=\"robots\" content=\"noindex, follow, max-snippet:-1, max-image-preview:large, max-video-preview:-1\" \/>\n<meta property=\"og:locale\" content=\"de_DE\" \/>\n<meta property=\"og:type\" content=\"article\" \/>\n<meta property=\"og:title\" content=\"High flow Wasserpumpe Cooler Kit \/ 2017 KTM 450 SX-F - Frank! MXParts\" \/>\n<meta property=\"og:description\" content=\"&nbsp; High flow Wasserpumpe Cooler Kit. Neu. Verbessert den K\u00fchlkreislauf von den standard Wasserpumpe: CNC Gefr\u00e4stes, gro\u00dfes Wasserpumpenrad mit verbessertes Design, erh\u00f6ht die Menge des K\u00fchlmittels durch das K\u00fchlsystem bus zu 15 Grad senkt die Motortemperatur schwarz eloxiert komplett mit Bolzen und Dichtung. Passend f\u00fcr: 2015 450 SX-F FACTORY EDITION (US) 2016 450 SX-F (US) [&hellip;]\" \/>\n<meta property=\"og:url\" content=\"https:\/\/www.frankmxparts.com.iclicksapp.nl\/de\/high-flow-waterpump-cooler-kit-2017-ktm-450-sx-f-sxf\" \/>\n<meta property=\"og:site_name\" content=\"Frank! MXParts\" \/>\n<meta property=\"article:modified_time\" content=\"2024-11-27T12:20:05+00:00\" \/>\n<meta property=\"og:image\" content=\"https:\/\/www.frankmxparts.com.iclicksapp.nl\/wp-content\/uploads\/2024\/11\/DSC04447.jpg\" \/>\n\t<meta property=\"og:image:width\" content=\"750\" \/>\n\t<meta property=\"og:image:height\" content=\"563\" \/>\n\t<meta property=\"og:image:type\" content=\"image\/jpeg\" \/>\n<meta name=\"twitter:card\" content=\"summary_large_image\" \/>\n<script type=\"application\/ld+json\" class=\"yoast-schema-graph\">{\"@context\":\"https:\\\/\\\/schema.org\",\"@graph\":[{\"@type\":\"WebPage\",\"@id\":\"https:\\\/\\\/www.frankmxparts.com.iclicksapp.nl\\\/de\\\/high-flow-waterpump-cooler-kit-2017-ktm-450-sx-f-sxf\",\"url\":\"https:\\\/\\\/www.frankmxparts.com.iclicksapp.nl\\\/de\\\/high-flow-waterpump-cooler-kit-2017-ktm-450-sx-f-sxf\",\"name\":\"High flow Wasserpumpe Cooler Kit \\\/ 2017 KTM 450 SX-F - Frank! MXParts\",\"isPartOf\":{\"@id\":\"https:\\\/\\\/www.frankmxparts.com.iclicksapp.nl\\\/de\\\/#website\"},\"primaryImageOfPage\":{\"@id\":\"https:\\\/\\\/www.frankmxparts.com.iclicksapp.nl\\\/de\\\/high-flow-waterpump-cooler-kit-2017-ktm-450-sx-f-sxf#primaryimage\"},\"image\":{\"@id\":\"https:\\\/\\\/www.frankmxparts.com.iclicksapp.nl\\\/de\\\/high-flow-waterpump-cooler-kit-2017-ktm-450-sx-f-sxf#primaryimage\"},\"thumbnailUrl\":\"https:\\\/\\\/www.frankmxparts.com.iclicksapp.nl\\\/wp-content\\\/uploads\\\/2024\\\/11\\\/DSC04447.jpg\",\"datePublished\":\"2024-11-19T21:03:30+00:00\",\"dateModified\":\"2024-11-27T12:20:05+00:00\",\"breadcrumb\":{\"@id\":\"https:\\\/\\\/www.frankmxparts.com.iclicksapp.nl\\\/de\\\/high-flow-waterpump-cooler-kit-2017-ktm-450-sx-f-sxf#breadcrumb\"},\"inLanguage\":\"de\",\"potentialAction\":[{\"@type\":\"ReadAction\",\"target\":[\"https:\\\/\\\/www.frankmxparts.com.iclicksapp.nl\\\/de\\\/high-flow-waterpump-cooler-kit-2017-ktm-450-sx-f-sxf\"]}]},{\"@type\":\"ImageObject\",\"inLanguage\":\"de\",\"@id\":\"https:\\\/\\\/www.frankmxparts.com.iclicksapp.nl\\\/de\\\/high-flow-waterpump-cooler-kit-2017-ktm-450-sx-f-sxf#primaryimage\",\"url\":\"https:\\\/\\\/www.frankmxparts.com.iclicksapp.nl\\\/wp-content\\\/uploads\\\/2024\\\/11\\\/DSC04447.jpg\",\"contentUrl\":\"https:\\\/\\\/www.frankmxparts.com.iclicksapp.nl\\\/wp-content\\\/uploads\\\/2024\\\/11\\\/DSC04447.jpg\",\"width\":750,\"height\":563},{\"@type\":\"BreadcrumbList\",\"@id\":\"https:\\\/\\\/www.frankmxparts.com.iclicksapp.nl\\\/de\\\/high-flow-waterpump-cooler-kit-2017-ktm-450-sx-f-sxf#breadcrumb\",\"itemListElement\":[{\"@type\":\"ListItem\",\"position\":1,\"name\":\"Home\",\"item\":\"https:\\\/\\\/www.frankmxparts.com.iclicksapp.nl\\\/de\"},{\"@type\":\"ListItem\",\"position\":2,\"name\":\"Shop\",\"item\":\"https:\\\/\\\/www.frankmxparts.com.iclicksapp.nl\\\/winkel\"},{\"@type\":\"ListItem\",\"position\":3,\"name\":\"High flow Wasserpumpe Cooler Kit \\\/ 2017 KTM 450 SX-F\"}]},{\"@type\":\"WebSite\",\"@id\":\"https:\\\/\\\/www.frankmxparts.com.iclicksapp.nl\\\/de\\\/#website\",\"url\":\"https:\\\/\\\/www.frankmxparts.com.iclicksapp.nl\\\/de\\\/\",\"name\":\"Frank! MXParts\",\"description\":\"\",\"publisher\":{\"@id\":\"https:\\\/\\\/www.frankmxparts.com.iclicksapp.nl\\\/de\\\/#organization\"},\"potentialAction\":[{\"@type\":\"SearchAction\",\"target\":{\"@type\":\"EntryPoint\",\"urlTemplate\":\"https:\\\/\\\/www.frankmxparts.com.iclicksapp.nl\\\/de\\\/?s={search_term_string}\"},\"query-input\":{\"@type\":\"PropertyValueSpecification\",\"valueRequired\":true,\"valueName\":\"search_term_string\"}}],\"inLanguage\":\"de\"},{\"@type\":\"Organization\",\"@id\":\"https:\\\/\\\/www.frankmxparts.com.iclicksapp.nl\\\/de\\\/#organization\",\"name\":\"Frank! MXParts\",\"url\":\"https:\\\/\\\/www.frankmxparts.com.iclicksapp.nl\\\/de\\\/\",\"logo\":{\"@type\":\"ImageObject\",\"inLanguage\":\"de\",\"@id\":\"https:\\\/\\\/www.frankmxparts.com.iclicksapp.nl\\\/de\\\/#\\\/schema\\\/logo\\\/image\\\/\",\"url\":\"https:\\\/\\\/www.frankmxparts.com.iclicksapp.nl\\\/wp-content\\\/uploads\\\/2024\\\/01\\\/frank-mxparts-logo.svg\",\"contentUrl\":\"https:\\\/\\\/www.frankmxparts.com.iclicksapp.nl\\\/wp-content\\\/uploads\\\/2024\\\/01\\\/frank-mxparts-logo.svg\",\"width\":301,\"height\":88,\"caption\":\"Frank! MXParts\"},\"image\":{\"@id\":\"https:\\\/\\\/www.frankmxparts.com.iclicksapp.nl\\\/de\\\/#\\\/schema\\\/logo\\\/image\\\/\"}}]}<\/script>\n<!-- \/ Yoast SEO plugin. -->","yoast_head_json":{"title":"High flow Wasserpumpe Cooler Kit \/ 2017 KTM 450 SX-F - Frank! MXParts","robots":{"index":"noindex","follow":"follow","max-snippet":"max-snippet:-1","max-image-preview":"max-image-preview:large","max-video-preview":"max-video-preview:-1"},"og_locale":"de_DE","og_type":"article","og_title":"High flow Wasserpumpe Cooler Kit \/ 2017 KTM 450 SX-F - Frank! MXParts","og_description":"&nbsp; High flow Wasserpumpe Cooler Kit. Neu. Verbessert den K\u00fchlkreislauf von den standard Wasserpumpe: CNC Gefr\u00e4stes, gro\u00dfes Wasserpumpenrad mit verbessertes Design, erh\u00f6ht die Menge des K\u00fchlmittels durch das K\u00fchlsystem bus zu 15 Grad senkt die Motortemperatur schwarz eloxiert komplett mit Bolzen und Dichtung. Passend f\u00fcr: 2015 450 SX-F FACTORY EDITION (US) 2016 450 SX-F (US) [&hellip;]","og_url":"https:\/\/www.frankmxparts.com.iclicksapp.nl\/de\/high-flow-waterpump-cooler-kit-2017-ktm-450-sx-f-sxf","og_site_name":"Frank! MXParts","article_modified_time":"2024-11-27T12:20:05+00:00","og_image":[{"width":750,"height":563,"url":"https:\/\/www.frankmxparts.com.iclicksapp.nl\/wp-content\/uploads\/2024\/11\/DSC04447.jpg","type":"image\/jpeg"}],"twitter_card":"summary_large_image","schema":{"@context":"https:\/\/schema.org","@graph":[{"@type":"WebPage","@id":"https:\/\/www.frankmxparts.com.iclicksapp.nl\/de\/high-flow-waterpump-cooler-kit-2017-ktm-450-sx-f-sxf","url":"https:\/\/www.frankmxparts.com.iclicksapp.nl\/de\/high-flow-waterpump-cooler-kit-2017-ktm-450-sx-f-sxf","name":"High flow Wasserpumpe Cooler Kit \/ 2017 KTM 450 SX-F - Frank! MXParts","isPartOf":{"@id":"https:\/\/www.frankmxparts.com.iclicksapp.nl\/de\/#website"},"primaryImageOfPage":{"@id":"https:\/\/www.frankmxparts.com.iclicksapp.nl\/de\/high-flow-waterpump-cooler-kit-2017-ktm-450-sx-f-sxf#primaryimage"},"image":{"@id":"https:\/\/www.frankmxparts.com.iclicksapp.nl\/de\/high-flow-waterpump-cooler-kit-2017-ktm-450-sx-f-sxf#primaryimage"},"thumbnailUrl":"https:\/\/www.frankmxparts.com.iclicksapp.nl\/wp-content\/uploads\/2024\/11\/DSC04447.jpg","datePublished":"2024-11-19T21:03:30+00:00","dateModified":"2024-11-27T12:20:05+00:00","breadcrumb":{"@id":"https:\/\/www.frankmxparts.com.iclicksapp.nl\/de\/high-flow-waterpump-cooler-kit-2017-ktm-450-sx-f-sxf#breadcrumb"},"inLanguage":"de","potentialAction":[{"@type":"ReadAction","target":["https:\/\/www.frankmxparts.com.iclicksapp.nl\/de\/high-flow-waterpump-cooler-kit-2017-ktm-450-sx-f-sxf"]}]},{"@type":"ImageObject","inLanguage":"de","@id":"https:\/\/www.frankmxparts.com.iclicksapp.nl\/de\/high-flow-waterpump-cooler-kit-2017-ktm-450-sx-f-sxf#primaryimage","url":"https:\/\/www.frankmxparts.com.iclicksapp.nl\/wp-content\/uploads\/2024\/11\/DSC04447.jpg","contentUrl":"https:\/\/www.frankmxparts.com.iclicksapp.nl\/wp-content\/uploads\/2024\/11\/DSC04447.jpg","width":750,"height":563},{"@type":"BreadcrumbList","@id":"https:\/\/www.frankmxparts.com.iclicksapp.nl\/de\/high-flow-waterpump-cooler-kit-2017-ktm-450-sx-f-sxf#breadcrumb","itemListElement":[{"@type":"ListItem","position":1,"name":"Home","item":"https:\/\/www.frankmxparts.com.iclicksapp.nl\/de"},{"@type":"ListItem","position":2,"name":"Shop","item":"https:\/\/www.frankmxparts.com.iclicksapp.nl\/winkel"},{"@type":"ListItem","position":3,"name":"High flow Wasserpumpe Cooler Kit \/ 2017 KTM 450 SX-F"}]},{"@type":"WebSite","@id":"https:\/\/www.frankmxparts.com.iclicksapp.nl\/de\/#website","url":"https:\/\/www.frankmxparts.com.iclicksapp.nl\/de\/","name":"Frank! MXParts","description":"","publisher":{"@id":"https:\/\/www.frankmxparts.com.iclicksapp.nl\/de\/#organization"},"potentialAction":[{"@type":"SearchAction","target":{"@type":"EntryPoint","urlTemplate":"https:\/\/www.frankmxparts.com.iclicksapp.nl\/de\/?s={search_term_string}"},"query-input":{"@type":"PropertyValueSpecification","valueRequired":true,"valueName":"search_term_string"}}],"inLanguage":"de"},{"@type":"Organization","@id":"https:\/\/www.frankmxparts.com.iclicksapp.nl\/de\/#organization","name":"Frank! MXParts","url":"https:\/\/www.frankmxparts.com.iclicksapp.nl\/de\/","logo":{"@type":"ImageObject","inLanguage":"de","@id":"https:\/\/www.frankmxparts.com.iclicksapp.nl\/de\/#\/schema\/logo\/image\/","url":"https:\/\/www.frankmxparts.com.iclicksapp.nl\/wp-content\/uploads\/2024\/01\/frank-mxparts-logo.svg","contentUrl":"https:\/\/www.frankmxparts.com.iclicksapp.nl\/wp-content\/uploads\/2024\/01\/frank-mxparts-logo.svg","width":301,"height":88,"caption":"Frank! MXParts"},"image":{"@id":"https:\/\/www.frankmxparts.com.iclicksapp.nl\/de\/#\/schema\/logo\/image\/"}}]}},"_links":{"self":[{"href":"https:\/\/www.frankmxparts.com.iclicksapp.nl\/de\/wp-json\/wp\/v2\/product\/213996","targetHints":{"allow":["GET"]}}],"collection":[{"href":"https:\/\/www.frankmxparts.com.iclicksapp.nl\/de\/wp-json\/wp\/v2\/product"}],"about":[{"href":"https:\/\/www.frankmxparts.com.iclicksapp.nl\/de\/wp-json\/wp\/v2\/types\/product"}],"replies":[{"embeddable":true,"href":"https:\/\/www.frankmxparts.com.iclicksapp.nl\/de\/wp-json\/wp\/v2\/comments?post=213996"}],"wp:featuredmedia":[{"embeddable":true,"href":"https:\/\/www.frankmxparts.com.iclicksapp.nl\/de\/wp-json\/wp\/v2\/media\/198473"}],"wp:attachment":[{"href":"https:\/\/www.frankmxparts.com.iclicksapp.nl\/de\/wp-json\/wp\/v2\/media?parent=213996"}],"wp:term":[{"taxonomy":"product_brand","embeddable":true,"href":"https:\/\/www.frankmxparts.com.iclicksapp.nl\/de\/wp-json\/wp\/v2\/product_brand?post=213996"},{"taxonomy":"product_cat","embeddable":true,"href":"https:\/\/www.frankmxparts.com.iclicksapp.nl\/de\/wp-json\/wp\/v2\/product_cat?post=213996"},{"taxonomy":"product_tag","embeddable":true,"href":"https:\/\/www.frankmxparts.com.iclicksapp.nl\/de\/wp-json\/wp\/v2\/product_tag?post=213996"}],"curies":[{"name":"wp","href":"https:\/\/api.w.org\/{rel}","templated":true}]}}