{"id":214051,"date":"2024-11-19T22:06:22","date_gmt":"2024-11-19T21:06:22","guid":{"rendered":"https:\/\/www.frankmxparts.com.iclicksapp.nl\/product\/mikuni-tmr38-flatslide-carburetor-air-oil-cooled-suzuki-gsxr-750-1100"},"modified":"2024-11-28T11:22:03","modified_gmt":"2024-11-28T09:22:03","slug":"mikuni-tmr38-flatslide-carburetor-air-oil-cooled-suzuki-gsxr-750-1100","status":"publish","type":"product","link":"https:\/\/www.frankmxparts.com.iclicksapp.nl\/de\/mikuni-tmr38-flatslide-carburetor-air-oil-cooled-suzuki-gsxr-750-1100","title":{"rendered":"Mikuni TMR38 Flachschieber Vergaser \/ Luft\/\u00d6l-gek\u00fchlte Suzuki GSXR 750 1100"},"content":{"rendered":"<p>\n<strong>Mikuni TMR38&nbsp;Flachschieber racing Vergaser<\/strong>.<\/p>\n<p>Original Mikuni, hochwertige&nbsp;Teile. Die Vergaser bieten ein direktes Ansprech verhalten und mehr Leistung \u00fcber das ganze Drehzahlbereich.<\/p>\n<p>Details:<\/p>\n<ul>\n<li>Mikuni TMR38&nbsp;horizontale Flachschieber racing Vergaser<\/li>\n<li>Durch die Verwendung verschlei\u00dfarmer Stahllager, sowohl am Gasschieber als auch am Gasschieberhebel, werden einerseits die aufzuwendenden Bedienkr\u00e4fte auf ein Minimum reduziert sowie andererseits eine sehr gute Dosierbarkeit im Fahrbetrieb gew\u00e4hrleistet<\/li>\n<li>der Smoothbore Venturi garantiert hohe Str\u00f6mungswerte, die zu optimaler Leistungsausbeute f\u00fchren<\/li>\n<li>die verbesserte Zerst\u00e4ubung im Venturi durch die Hyper-Nozzle, gew\u00e4hrleistet ein sehr direktes Ansprechverhalten des Vergasers bei gleichzeitigen niedrigem Kraftstoffverbrauch<\/li>\n<li>voll einstellbare Beschleunigerpumpe (Start, Stop, Menge)<\/li>\n<li>mit Choke<\/li>\n<li>mit Luftfilter-Adapter oder Ansaugtrichter (Sie haben die Wahl) (die Bilder zeigen Vergaser mit Adapter).<\/li>\n<\/ul>\n<p>\nPassend f\u00fcr: die Luft\/\u00d6l-gek\u00fchlte GSXR-R 750\/1100.<\/p>\n<p>Komplett wie abgebildet.<br \/>\nReady to race&#8230;<\/p>\n<p>&nbsp;<\/p>\n","protected":false},"excerpt":{"rendered":"<p>Mikuni TMR38&nbsp;Flachschieber racing Vergaser. Original Mikuni, hochwertige&nbsp;Teile. Die Vergaser bieten ein direktes Ansprech verhalten und mehr Leistung \u00fcber das ganze Drehzahlbereich. Details: Mikuni TMR38&nbsp;horizontale Flachschieber racing Vergaser Durch die Verwendung verschlei\u00dfarmer Stahllager, sowohl am Gasschieber als auch am Gasschieberhebel, werden einerseits die aufzuwendenden Bedienkr\u00e4fte auf ein Minimum reduziert sowie andererseits eine sehr gute Dosierbarkeit im [&hellip;]<\/p>\n","protected":false},"featured_media":198846,"comment_status":"closed","ping_status":"closed","template":"","meta":{"_acf_changed":false},"product_brand":[],"product_cat":[9441],"product_tag":[],"class_list":{"0":"post-214051","1":"product","2":"type-product","3":"status-publish","4":"has-post-thumbnail","6":"product_cat-uncategorized","7":"pa_adapters-or-stacks-adapters-de","8":"pa_adapters-or-stacks-stacks-de","9":"pa_manufacturer-mikuni-de","11":"first","12":"instock","13":"taxable","14":"shipping-taxable","15":"purchasable","16":"product-type-variable","17":"has-default-attributes"},"acf":[],"yoast_head":"<!-- This site is optimized with the Yoast SEO plugin v27.3 - https:\/\/yoast.com\/product\/yoast-seo-wordpress\/ -->\n<title>Mikuni TMR38 Flachschieber Vergaser \/ Luft\/\u00d6l-gek\u00fchlte Suzuki GSXR 750 1100 - Frank! MXParts<\/title>\n<meta name=\"robots\" content=\"noindex, follow, max-snippet:-1, max-image-preview:large, max-video-preview:-1\" \/>\n<meta property=\"og:locale\" content=\"de_DE\" \/>\n<meta property=\"og:type\" content=\"article\" \/>\n<meta property=\"og:title\" content=\"Mikuni TMR38 Flachschieber Vergaser \/ Luft\/\u00d6l-gek\u00fchlte Suzuki GSXR 750 1100 - Frank! MXParts\" \/>\n<meta property=\"og:description\" content=\"Mikuni TMR38&nbsp;Flachschieber racing Vergaser. Original Mikuni, hochwertige&nbsp;Teile. Die Vergaser bieten ein direktes Ansprech verhalten und mehr Leistung \u00fcber das ganze Drehzahlbereich. Details: Mikuni TMR38&nbsp;horizontale Flachschieber racing Vergaser Durch die Verwendung verschlei\u00dfarmer Stahllager, sowohl am Gasschieber als auch am Gasschieberhebel, werden einerseits die aufzuwendenden Bedienkr\u00e4fte auf ein Minimum reduziert sowie andererseits eine sehr gute Dosierbarkeit im [&hellip;]\" \/>\n<meta property=\"og:url\" content=\"https:\/\/www.frankmxparts.com.iclicksapp.nl\/de\/mikuni-tmr38-flatslide-carburetor-air-oil-cooled-suzuki-gsxr-750-1100\" \/>\n<meta property=\"og:site_name\" content=\"Frank! MXParts\" \/>\n<meta property=\"article:modified_time\" content=\"2024-11-28T09:22:03+00:00\" \/>\n<meta property=\"og:image\" content=\"https:\/\/www.frankmxparts.com.iclicksapp.nl\/wp-content\/uploads\/2024\/11\/mikuni-tmr-38-flatslide-racing-carburetor-air-oil-cooled-suzuki-gsxr-gsf-gsx-750-1100-1200-frank-mxparts-01.jpg\" \/>\n\t<meta property=\"og:image:width\" content=\"750\" \/>\n\t<meta property=\"og:image:height\" content=\"563\" \/>\n\t<meta property=\"og:image:type\" content=\"image\/jpeg\" \/>\n<meta name=\"twitter:card\" content=\"summary_large_image\" \/>\n<meta name=\"twitter:label1\" content=\"Gesch\u00e4tzte Lesezeit\" \/>\n\t<meta name=\"twitter:data1\" content=\"1\u00a0Minute\" \/>\n<script type=\"application\/ld+json\" class=\"yoast-schema-graph\">{\"@context\":\"https:\\\/\\\/schema.org\",\"@graph\":[{\"@type\":\"WebPage\",\"@id\":\"https:\\\/\\\/www.frankmxparts.com.iclicksapp.nl\\\/de\\\/mikuni-tmr38-flatslide-carburetor-air-oil-cooled-suzuki-gsxr-750-1100\",\"url\":\"https:\\\/\\\/www.frankmxparts.com.iclicksapp.nl\\\/de\\\/mikuni-tmr38-flatslide-carburetor-air-oil-cooled-suzuki-gsxr-750-1100\",\"name\":\"Mikuni TMR38 Flachschieber Vergaser \\\/ Luft\\\/\u00d6l-gek\u00fchlte Suzuki GSXR 750 1100 - Frank! MXParts\",\"isPartOf\":{\"@id\":\"https:\\\/\\\/www.frankmxparts.com.iclicksapp.nl\\\/de\\\/#website\"},\"primaryImageOfPage\":{\"@id\":\"https:\\\/\\\/www.frankmxparts.com.iclicksapp.nl\\\/de\\\/mikuni-tmr38-flatslide-carburetor-air-oil-cooled-suzuki-gsxr-750-1100#primaryimage\"},\"image\":{\"@id\":\"https:\\\/\\\/www.frankmxparts.com.iclicksapp.nl\\\/de\\\/mikuni-tmr38-flatslide-carburetor-air-oil-cooled-suzuki-gsxr-750-1100#primaryimage\"},\"thumbnailUrl\":\"https:\\\/\\\/www.frankmxparts.com.iclicksapp.nl\\\/wp-content\\\/uploads\\\/2024\\\/11\\\/mikuni-tmr-38-flatslide-racing-carburetor-air-oil-cooled-suzuki-gsxr-gsf-gsx-750-1100-1200-frank-mxparts-01.jpg\",\"datePublished\":\"2024-11-19T21:06:22+00:00\",\"dateModified\":\"2024-11-28T09:22:03+00:00\",\"breadcrumb\":{\"@id\":\"https:\\\/\\\/www.frankmxparts.com.iclicksapp.nl\\\/de\\\/mikuni-tmr38-flatslide-carburetor-air-oil-cooled-suzuki-gsxr-750-1100#breadcrumb\"},\"inLanguage\":\"de\",\"potentialAction\":[{\"@type\":\"ReadAction\",\"target\":[\"https:\\\/\\\/www.frankmxparts.com.iclicksapp.nl\\\/de\\\/mikuni-tmr38-flatslide-carburetor-air-oil-cooled-suzuki-gsxr-750-1100\"]}]},{\"@type\":\"ImageObject\",\"inLanguage\":\"de\",\"@id\":\"https:\\\/\\\/www.frankmxparts.com.iclicksapp.nl\\\/de\\\/mikuni-tmr38-flatslide-carburetor-air-oil-cooled-suzuki-gsxr-750-1100#primaryimage\",\"url\":\"https:\\\/\\\/www.frankmxparts.com.iclicksapp.nl\\\/wp-content\\\/uploads\\\/2024\\\/11\\\/mikuni-tmr-38-flatslide-racing-carburetor-air-oil-cooled-suzuki-gsxr-gsf-gsx-750-1100-1200-frank-mxparts-01.jpg\",\"contentUrl\":\"https:\\\/\\\/www.frankmxparts.com.iclicksapp.nl\\\/wp-content\\\/uploads\\\/2024\\\/11\\\/mikuni-tmr-38-flatslide-racing-carburetor-air-oil-cooled-suzuki-gsxr-gsf-gsx-750-1100-1200-frank-mxparts-01.jpg\",\"width\":750,\"height\":563},{\"@type\":\"BreadcrumbList\",\"@id\":\"https:\\\/\\\/www.frankmxparts.com.iclicksapp.nl\\\/de\\\/mikuni-tmr38-flatslide-carburetor-air-oil-cooled-suzuki-gsxr-750-1100#breadcrumb\",\"itemListElement\":[{\"@type\":\"ListItem\",\"position\":1,\"name\":\"Home\",\"item\":\"https:\\\/\\\/www.frankmxparts.com.iclicksapp.nl\\\/de\"},{\"@type\":\"ListItem\",\"position\":2,\"name\":\"Shop\",\"item\":\"https:\\\/\\\/www.frankmxparts.com.iclicksapp.nl\\\/winkel\"},{\"@type\":\"ListItem\",\"position\":3,\"name\":\"Mikuni TMR38 Flachschieber Vergaser \\\/ Luft\\\/\u00d6l-gek\u00fchlte Suzuki GSXR 750 1100\"}]},{\"@type\":\"WebSite\",\"@id\":\"https:\\\/\\\/www.frankmxparts.com.iclicksapp.nl\\\/de\\\/#website\",\"url\":\"https:\\\/\\\/www.frankmxparts.com.iclicksapp.nl\\\/de\\\/\",\"name\":\"Frank! MXParts\",\"description\":\"\",\"publisher\":{\"@id\":\"https:\\\/\\\/www.frankmxparts.com.iclicksapp.nl\\\/de\\\/#organization\"},\"potentialAction\":[{\"@type\":\"SearchAction\",\"target\":{\"@type\":\"EntryPoint\",\"urlTemplate\":\"https:\\\/\\\/www.frankmxparts.com.iclicksapp.nl\\\/de\\\/?s={search_term_string}\"},\"query-input\":{\"@type\":\"PropertyValueSpecification\",\"valueRequired\":true,\"valueName\":\"search_term_string\"}}],\"inLanguage\":\"de\"},{\"@type\":\"Organization\",\"@id\":\"https:\\\/\\\/www.frankmxparts.com.iclicksapp.nl\\\/de\\\/#organization\",\"name\":\"Frank! MXParts\",\"url\":\"https:\\\/\\\/www.frankmxparts.com.iclicksapp.nl\\\/de\\\/\",\"logo\":{\"@type\":\"ImageObject\",\"inLanguage\":\"de\",\"@id\":\"https:\\\/\\\/www.frankmxparts.com.iclicksapp.nl\\\/de\\\/#\\\/schema\\\/logo\\\/image\\\/\",\"url\":\"https:\\\/\\\/www.frankmxparts.com.iclicksapp.nl\\\/wp-content\\\/uploads\\\/2024\\\/01\\\/frank-mxparts-logo.svg\",\"contentUrl\":\"https:\\\/\\\/www.frankmxparts.com.iclicksapp.nl\\\/wp-content\\\/uploads\\\/2024\\\/01\\\/frank-mxparts-logo.svg\",\"width\":301,\"height\":88,\"caption\":\"Frank! MXParts\"},\"image\":{\"@id\":\"https:\\\/\\\/www.frankmxparts.com.iclicksapp.nl\\\/de\\\/#\\\/schema\\\/logo\\\/image\\\/\"}}]}<\/script>\n<!-- \/ Yoast SEO plugin. -->","yoast_head_json":{"title":"Mikuni TMR38 Flachschieber Vergaser \/ Luft\/\u00d6l-gek\u00fchlte Suzuki GSXR 750 1100 - Frank! MXParts","robots":{"index":"noindex","follow":"follow","max-snippet":"max-snippet:-1","max-image-preview":"max-image-preview:large","max-video-preview":"max-video-preview:-1"},"og_locale":"de_DE","og_type":"article","og_title":"Mikuni TMR38 Flachschieber Vergaser \/ Luft\/\u00d6l-gek\u00fchlte Suzuki GSXR 750 1100 - Frank! MXParts","og_description":"Mikuni TMR38&nbsp;Flachschieber racing Vergaser. Original Mikuni, hochwertige&nbsp;Teile. Die Vergaser bieten ein direktes Ansprech verhalten und mehr Leistung \u00fcber das ganze Drehzahlbereich. Details: Mikuni TMR38&nbsp;horizontale Flachschieber racing Vergaser Durch die Verwendung verschlei\u00dfarmer Stahllager, sowohl am Gasschieber als auch am Gasschieberhebel, werden einerseits die aufzuwendenden Bedienkr\u00e4fte auf ein Minimum reduziert sowie andererseits eine sehr gute Dosierbarkeit im [&hellip;]","og_url":"https:\/\/www.frankmxparts.com.iclicksapp.nl\/de\/mikuni-tmr38-flatslide-carburetor-air-oil-cooled-suzuki-gsxr-750-1100","og_site_name":"Frank! MXParts","article_modified_time":"2024-11-28T09:22:03+00:00","og_image":[{"width":750,"height":563,"url":"https:\/\/www.frankmxparts.com.iclicksapp.nl\/wp-content\/uploads\/2024\/11\/mikuni-tmr-38-flatslide-racing-carburetor-air-oil-cooled-suzuki-gsxr-gsf-gsx-750-1100-1200-frank-mxparts-01.jpg","type":"image\/jpeg"}],"twitter_card":"summary_large_image","twitter_misc":{"Gesch\u00e4tzte Lesezeit":"1\u00a0Minute"},"schema":{"@context":"https:\/\/schema.org","@graph":[{"@type":"WebPage","@id":"https:\/\/www.frankmxparts.com.iclicksapp.nl\/de\/mikuni-tmr38-flatslide-carburetor-air-oil-cooled-suzuki-gsxr-750-1100","url":"https:\/\/www.frankmxparts.com.iclicksapp.nl\/de\/mikuni-tmr38-flatslide-carburetor-air-oil-cooled-suzuki-gsxr-750-1100","name":"Mikuni TMR38 Flachschieber Vergaser \/ Luft\/\u00d6l-gek\u00fchlte Suzuki GSXR 750 1100 - Frank! MXParts","isPartOf":{"@id":"https:\/\/www.frankmxparts.com.iclicksapp.nl\/de\/#website"},"primaryImageOfPage":{"@id":"https:\/\/www.frankmxparts.com.iclicksapp.nl\/de\/mikuni-tmr38-flatslide-carburetor-air-oil-cooled-suzuki-gsxr-750-1100#primaryimage"},"image":{"@id":"https:\/\/www.frankmxparts.com.iclicksapp.nl\/de\/mikuni-tmr38-flatslide-carburetor-air-oil-cooled-suzuki-gsxr-750-1100#primaryimage"},"thumbnailUrl":"https:\/\/www.frankmxparts.com.iclicksapp.nl\/wp-content\/uploads\/2024\/11\/mikuni-tmr-38-flatslide-racing-carburetor-air-oil-cooled-suzuki-gsxr-gsf-gsx-750-1100-1200-frank-mxparts-01.jpg","datePublished":"2024-11-19T21:06:22+00:00","dateModified":"2024-11-28T09:22:03+00:00","breadcrumb":{"@id":"https:\/\/www.frankmxparts.com.iclicksapp.nl\/de\/mikuni-tmr38-flatslide-carburetor-air-oil-cooled-suzuki-gsxr-750-1100#breadcrumb"},"inLanguage":"de","potentialAction":[{"@type":"ReadAction","target":["https:\/\/www.frankmxparts.com.iclicksapp.nl\/de\/mikuni-tmr38-flatslide-carburetor-air-oil-cooled-suzuki-gsxr-750-1100"]}]},{"@type":"ImageObject","inLanguage":"de","@id":"https:\/\/www.frankmxparts.com.iclicksapp.nl\/de\/mikuni-tmr38-flatslide-carburetor-air-oil-cooled-suzuki-gsxr-750-1100#primaryimage","url":"https:\/\/www.frankmxparts.com.iclicksapp.nl\/wp-content\/uploads\/2024\/11\/mikuni-tmr-38-flatslide-racing-carburetor-air-oil-cooled-suzuki-gsxr-gsf-gsx-750-1100-1200-frank-mxparts-01.jpg","contentUrl":"https:\/\/www.frankmxparts.com.iclicksapp.nl\/wp-content\/uploads\/2024\/11\/mikuni-tmr-38-flatslide-racing-carburetor-air-oil-cooled-suzuki-gsxr-gsf-gsx-750-1100-1200-frank-mxparts-01.jpg","width":750,"height":563},{"@type":"BreadcrumbList","@id":"https:\/\/www.frankmxparts.com.iclicksapp.nl\/de\/mikuni-tmr38-flatslide-carburetor-air-oil-cooled-suzuki-gsxr-750-1100#breadcrumb","itemListElement":[{"@type":"ListItem","position":1,"name":"Home","item":"https:\/\/www.frankmxparts.com.iclicksapp.nl\/de"},{"@type":"ListItem","position":2,"name":"Shop","item":"https:\/\/www.frankmxparts.com.iclicksapp.nl\/winkel"},{"@type":"ListItem","position":3,"name":"Mikuni TMR38 Flachschieber Vergaser \/ Luft\/\u00d6l-gek\u00fchlte Suzuki GSXR 750 1100"}]},{"@type":"WebSite","@id":"https:\/\/www.frankmxparts.com.iclicksapp.nl\/de\/#website","url":"https:\/\/www.frankmxparts.com.iclicksapp.nl\/de\/","name":"Frank! MXParts","description":"","publisher":{"@id":"https:\/\/www.frankmxparts.com.iclicksapp.nl\/de\/#organization"},"potentialAction":[{"@type":"SearchAction","target":{"@type":"EntryPoint","urlTemplate":"https:\/\/www.frankmxparts.com.iclicksapp.nl\/de\/?s={search_term_string}"},"query-input":{"@type":"PropertyValueSpecification","valueRequired":true,"valueName":"search_term_string"}}],"inLanguage":"de"},{"@type":"Organization","@id":"https:\/\/www.frankmxparts.com.iclicksapp.nl\/de\/#organization","name":"Frank! MXParts","url":"https:\/\/www.frankmxparts.com.iclicksapp.nl\/de\/","logo":{"@type":"ImageObject","inLanguage":"de","@id":"https:\/\/www.frankmxparts.com.iclicksapp.nl\/de\/#\/schema\/logo\/image\/","url":"https:\/\/www.frankmxparts.com.iclicksapp.nl\/wp-content\/uploads\/2024\/01\/frank-mxparts-logo.svg","contentUrl":"https:\/\/www.frankmxparts.com.iclicksapp.nl\/wp-content\/uploads\/2024\/01\/frank-mxparts-logo.svg","width":301,"height":88,"caption":"Frank! MXParts"},"image":{"@id":"https:\/\/www.frankmxparts.com.iclicksapp.nl\/de\/#\/schema\/logo\/image\/"}}]}},"_links":{"self":[{"href":"https:\/\/www.frankmxparts.com.iclicksapp.nl\/de\/wp-json\/wp\/v2\/product\/214051","targetHints":{"allow":["GET"]}}],"collection":[{"href":"https:\/\/www.frankmxparts.com.iclicksapp.nl\/de\/wp-json\/wp\/v2\/product"}],"about":[{"href":"https:\/\/www.frankmxparts.com.iclicksapp.nl\/de\/wp-json\/wp\/v2\/types\/product"}],"replies":[{"embeddable":true,"href":"https:\/\/www.frankmxparts.com.iclicksapp.nl\/de\/wp-json\/wp\/v2\/comments?post=214051"}],"wp:featuredmedia":[{"embeddable":true,"href":"https:\/\/www.frankmxparts.com.iclicksapp.nl\/de\/wp-json\/wp\/v2\/media\/198846"}],"wp:attachment":[{"href":"https:\/\/www.frankmxparts.com.iclicksapp.nl\/de\/wp-json\/wp\/v2\/media?parent=214051"}],"wp:term":[{"taxonomy":"product_brand","embeddable":true,"href":"https:\/\/www.frankmxparts.com.iclicksapp.nl\/de\/wp-json\/wp\/v2\/product_brand?post=214051"},{"taxonomy":"product_cat","embeddable":true,"href":"https:\/\/www.frankmxparts.com.iclicksapp.nl\/de\/wp-json\/wp\/v2\/product_cat?post=214051"},{"taxonomy":"product_tag","embeddable":true,"href":"https:\/\/www.frankmxparts.com.iclicksapp.nl\/de\/wp-json\/wp\/v2\/product_tag?post=214051"}],"curies":[{"name":"wp","href":"https:\/\/api.w.org\/{rel}","templated":true}]}}