{"id":214055,"date":"2024-11-19T22:06:22","date_gmt":"2024-11-19T21:06:22","guid":{"rendered":"https:\/\/www.frankmxparts.com.iclicksapp.nl\/product\/mikuni-vm-30-vm30-roundslide-carburetor-kit-honda-cb-cl-350-cb350-cl350"},"modified":"2024-11-28T11:22:04","modified_gmt":"2024-11-28T09:22:04","slug":"mikuni-vm-30-vm30-roundslide-carburetor-kit-honda-cb-cl-350-cb350-cl350","status":"publish","type":"product","link":"https:\/\/www.frankmxparts.com.iclicksapp.nl\/de\/mikuni-vm-30-vm30-roundslide-carburetor-kit-honda-cb-cl-350-cb350-cl350","title":{"rendered":"Mikuni VM30 Rundschieber Vergaser Kit \/ Honda CB CL 350 CB350 CL350"},"content":{"rendered":"<p>\n<strong>Mikuni VM30 Rundschieber Vergaser Kit.<\/strong><\/p>\n<p>Plug-and-play Kit, erfordert keine \u00c4nderungen. Das Kit enth\u00e4lt nur originale, hochwertige Teile!<br \/>\nDetails:<\/p>\n<ul>\n<li>Mikuni VM30 Rundschieber Vergaser Kit<\/li>\n<li>mit&nbsp;K&amp;N Luftfilter<\/li>\n<li>mit hochwertige&nbsp;MotionPro 2-in-1 Gaszug, passend f\u00fcr den originalen Gashebel<\/li>\n<li>mit extra D\u00fcsen<\/li>\n<li>mit Mikuni tuning Anleitung<\/li>\n<li>die Vergaser sind bearbeitet (vorne), damit sie perfect passend sind.<\/li>\n<\/ul>\n<p>\nPassend f\u00fcr:<\/p>\n<ul>\n<li>1968 &#8211; 1973&nbsp;Honda&nbsp;CB350 Super Sport<\/li>\n<li>1973 Honda CB350G Super Sport Scheibenbremse<\/li>\n<li>1974 Honda CB360<\/li>\n<li>1973 &#8211; 1974 Honda CB360G<\/li>\n<li>1975 &#8211; 1977 Honda CB360T<\/li>\n<li>1973 Honda CL350<\/li>\n<li>1972 Honda CL350 Motorsport<\/li>\n<li>1968 &#8211; 1973 Honda CL350 Scrambler<\/li>\n<li>1974 &#8211; 1976 Honda CL360 Scrambler<\/li>\n<li>1969 &#8211; 1973 Honda SL350 Motorsport.&nbsp;<\/li>\n<\/ul>\n<p>\nKomplett wie abgebildet.<\/p>\n<p>\n&nbsp;<\/p>\n","protected":false},"excerpt":{"rendered":"<p>Mikuni VM30 Rundschieber Vergaser Kit. Plug-and-play Kit, erfordert keine \u00c4nderungen. Das Kit enth\u00e4lt nur originale, hochwertige Teile! Details: Mikuni VM30 Rundschieber Vergaser Kit mit&nbsp;K&amp;N Luftfilter mit hochwertige&nbsp;MotionPro 2-in-1 Gaszug, passend f\u00fcr den originalen Gashebel mit extra D\u00fcsen mit Mikuni tuning Anleitung die Vergaser sind bearbeitet (vorne), damit sie perfect passend sind. Passend f\u00fcr: 1968 &#8211; [&hellip;]<\/p>\n","protected":false},"featured_media":198940,"comment_status":"closed","ping_status":"closed","template":"","meta":{"_acf_changed":false},"product_brand":[],"product_cat":[9441],"product_tag":[],"class_list":{"0":"post-214055","1":"product","2":"type-product","3":"status-publish","4":"has-post-thumbnail","6":"product_cat-uncategorized","7":"pa_manufacturer-mikuni-de","9":"first","10":"outofstock","11":"taxable","12":"shipping-taxable","13":"purchasable","14":"product-type-simple"},"acf":[],"yoast_head":"<!-- This site is optimized with the Yoast SEO plugin v27.3 - https:\/\/yoast.com\/product\/yoast-seo-wordpress\/ -->\n<title>Mikuni VM30 Rundschieber Vergaser Kit \/ Honda CB CL 350 CB350 CL350 - Frank! MXParts<\/title>\n<meta name=\"robots\" content=\"noindex, follow, max-snippet:-1, max-image-preview:large, max-video-preview:-1\" \/>\n<meta property=\"og:locale\" content=\"de_DE\" \/>\n<meta property=\"og:type\" content=\"article\" \/>\n<meta property=\"og:title\" content=\"Mikuni VM30 Rundschieber Vergaser Kit \/ Honda CB CL 350 CB350 CL350 - Frank! MXParts\" \/>\n<meta property=\"og:description\" content=\"Mikuni VM30 Rundschieber Vergaser Kit. Plug-and-play Kit, erfordert keine \u00c4nderungen. Das Kit enth\u00e4lt nur originale, hochwertige Teile! Details: Mikuni VM30 Rundschieber Vergaser Kit mit&nbsp;K&amp;N Luftfilter mit hochwertige&nbsp;MotionPro 2-in-1 Gaszug, passend f\u00fcr den originalen Gashebel mit extra D\u00fcsen mit Mikuni tuning Anleitung die Vergaser sind bearbeitet (vorne), damit sie perfect passend sind. Passend f\u00fcr: 1968 &#8211; [&hellip;]\" \/>\n<meta property=\"og:url\" content=\"https:\/\/www.frankmxparts.com.iclicksapp.nl\/de\/mikuni-vm-30-vm30-roundslide-carburetor-kit-honda-cb-cl-350-cb350-cl350\" \/>\n<meta property=\"og:site_name\" content=\"Frank! MXParts\" \/>\n<meta property=\"article:modified_time\" content=\"2024-11-28T09:22:04+00:00\" \/>\n<meta property=\"og:image\" content=\"https:\/\/www.frankmxparts.com.iclicksapp.nl\/wp-content\/uploads\/2024\/11\/mikuni-vm-30-vm30-roundslide-carburetor-upgrade-kit-honda-cb-cl-sl-350-frank-mxparts-01.jpg\" \/>\n\t<meta property=\"og:image:width\" content=\"750\" \/>\n\t<meta property=\"og:image:height\" content=\"563\" \/>\n\t<meta property=\"og:image:type\" content=\"image\/jpeg\" \/>\n<meta name=\"twitter:card\" content=\"summary_large_image\" \/>\n<meta name=\"twitter:label1\" content=\"Gesch\u00e4tzte Lesezeit\" \/>\n\t<meta name=\"twitter:data1\" content=\"1\u00a0Minute\" \/>\n<script type=\"application\/ld+json\" class=\"yoast-schema-graph\">{\"@context\":\"https:\\\/\\\/schema.org\",\"@graph\":[{\"@type\":\"WebPage\",\"@id\":\"https:\\\/\\\/www.frankmxparts.com.iclicksapp.nl\\\/de\\\/mikuni-vm-30-vm30-roundslide-carburetor-kit-honda-cb-cl-350-cb350-cl350\",\"url\":\"https:\\\/\\\/www.frankmxparts.com.iclicksapp.nl\\\/de\\\/mikuni-vm-30-vm30-roundslide-carburetor-kit-honda-cb-cl-350-cb350-cl350\",\"name\":\"Mikuni VM30 Rundschieber Vergaser Kit \\\/ Honda CB CL 350 CB350 CL350 - Frank! MXParts\",\"isPartOf\":{\"@id\":\"https:\\\/\\\/www.frankmxparts.com.iclicksapp.nl\\\/de\\\/#website\"},\"primaryImageOfPage\":{\"@id\":\"https:\\\/\\\/www.frankmxparts.com.iclicksapp.nl\\\/de\\\/mikuni-vm-30-vm30-roundslide-carburetor-kit-honda-cb-cl-350-cb350-cl350#primaryimage\"},\"image\":{\"@id\":\"https:\\\/\\\/www.frankmxparts.com.iclicksapp.nl\\\/de\\\/mikuni-vm-30-vm30-roundslide-carburetor-kit-honda-cb-cl-350-cb350-cl350#primaryimage\"},\"thumbnailUrl\":\"https:\\\/\\\/www.frankmxparts.com.iclicksapp.nl\\\/wp-content\\\/uploads\\\/2024\\\/11\\\/mikuni-vm-30-vm30-roundslide-carburetor-upgrade-kit-honda-cb-cl-sl-350-frank-mxparts-01.jpg\",\"datePublished\":\"2024-11-19T21:06:22+00:00\",\"dateModified\":\"2024-11-28T09:22:04+00:00\",\"breadcrumb\":{\"@id\":\"https:\\\/\\\/www.frankmxparts.com.iclicksapp.nl\\\/de\\\/mikuni-vm-30-vm30-roundslide-carburetor-kit-honda-cb-cl-350-cb350-cl350#breadcrumb\"},\"inLanguage\":\"de\",\"potentialAction\":[{\"@type\":\"ReadAction\",\"target\":[\"https:\\\/\\\/www.frankmxparts.com.iclicksapp.nl\\\/de\\\/mikuni-vm-30-vm30-roundslide-carburetor-kit-honda-cb-cl-350-cb350-cl350\"]}]},{\"@type\":\"ImageObject\",\"inLanguage\":\"de\",\"@id\":\"https:\\\/\\\/www.frankmxparts.com.iclicksapp.nl\\\/de\\\/mikuni-vm-30-vm30-roundslide-carburetor-kit-honda-cb-cl-350-cb350-cl350#primaryimage\",\"url\":\"https:\\\/\\\/www.frankmxparts.com.iclicksapp.nl\\\/wp-content\\\/uploads\\\/2024\\\/11\\\/mikuni-vm-30-vm30-roundslide-carburetor-upgrade-kit-honda-cb-cl-sl-350-frank-mxparts-01.jpg\",\"contentUrl\":\"https:\\\/\\\/www.frankmxparts.com.iclicksapp.nl\\\/wp-content\\\/uploads\\\/2024\\\/11\\\/mikuni-vm-30-vm30-roundslide-carburetor-upgrade-kit-honda-cb-cl-sl-350-frank-mxparts-01.jpg\",\"width\":750,\"height\":563},{\"@type\":\"BreadcrumbList\",\"@id\":\"https:\\\/\\\/www.frankmxparts.com.iclicksapp.nl\\\/de\\\/mikuni-vm-30-vm30-roundslide-carburetor-kit-honda-cb-cl-350-cb350-cl350#breadcrumb\",\"itemListElement\":[{\"@type\":\"ListItem\",\"position\":1,\"name\":\"Home\",\"item\":\"https:\\\/\\\/www.frankmxparts.com.iclicksapp.nl\\\/de\"},{\"@type\":\"ListItem\",\"position\":2,\"name\":\"Shop\",\"item\":\"https:\\\/\\\/www.frankmxparts.com.iclicksapp.nl\\\/winkel\"},{\"@type\":\"ListItem\",\"position\":3,\"name\":\"Mikuni VM30 Rundschieber Vergaser Kit \\\/ Honda CB CL 350 CB350 CL350\"}]},{\"@type\":\"WebSite\",\"@id\":\"https:\\\/\\\/www.frankmxparts.com.iclicksapp.nl\\\/de\\\/#website\",\"url\":\"https:\\\/\\\/www.frankmxparts.com.iclicksapp.nl\\\/de\\\/\",\"name\":\"Frank! MXParts\",\"description\":\"\",\"publisher\":{\"@id\":\"https:\\\/\\\/www.frankmxparts.com.iclicksapp.nl\\\/de\\\/#organization\"},\"potentialAction\":[{\"@type\":\"SearchAction\",\"target\":{\"@type\":\"EntryPoint\",\"urlTemplate\":\"https:\\\/\\\/www.frankmxparts.com.iclicksapp.nl\\\/de\\\/?s={search_term_string}\"},\"query-input\":{\"@type\":\"PropertyValueSpecification\",\"valueRequired\":true,\"valueName\":\"search_term_string\"}}],\"inLanguage\":\"de\"},{\"@type\":\"Organization\",\"@id\":\"https:\\\/\\\/www.frankmxparts.com.iclicksapp.nl\\\/de\\\/#organization\",\"name\":\"Frank! MXParts\",\"url\":\"https:\\\/\\\/www.frankmxparts.com.iclicksapp.nl\\\/de\\\/\",\"logo\":{\"@type\":\"ImageObject\",\"inLanguage\":\"de\",\"@id\":\"https:\\\/\\\/www.frankmxparts.com.iclicksapp.nl\\\/de\\\/#\\\/schema\\\/logo\\\/image\\\/\",\"url\":\"https:\\\/\\\/www.frankmxparts.com.iclicksapp.nl\\\/wp-content\\\/uploads\\\/2024\\\/01\\\/frank-mxparts-logo.svg\",\"contentUrl\":\"https:\\\/\\\/www.frankmxparts.com.iclicksapp.nl\\\/wp-content\\\/uploads\\\/2024\\\/01\\\/frank-mxparts-logo.svg\",\"width\":301,\"height\":88,\"caption\":\"Frank! MXParts\"},\"image\":{\"@id\":\"https:\\\/\\\/www.frankmxparts.com.iclicksapp.nl\\\/de\\\/#\\\/schema\\\/logo\\\/image\\\/\"}}]}<\/script>\n<!-- \/ Yoast SEO plugin. -->","yoast_head_json":{"title":"Mikuni VM30 Rundschieber Vergaser Kit \/ Honda CB CL 350 CB350 CL350 - Frank! MXParts","robots":{"index":"noindex","follow":"follow","max-snippet":"max-snippet:-1","max-image-preview":"max-image-preview:large","max-video-preview":"max-video-preview:-1"},"og_locale":"de_DE","og_type":"article","og_title":"Mikuni VM30 Rundschieber Vergaser Kit \/ Honda CB CL 350 CB350 CL350 - Frank! MXParts","og_description":"Mikuni VM30 Rundschieber Vergaser Kit. Plug-and-play Kit, erfordert keine \u00c4nderungen. Das Kit enth\u00e4lt nur originale, hochwertige Teile! Details: Mikuni VM30 Rundschieber Vergaser Kit mit&nbsp;K&amp;N Luftfilter mit hochwertige&nbsp;MotionPro 2-in-1 Gaszug, passend f\u00fcr den originalen Gashebel mit extra D\u00fcsen mit Mikuni tuning Anleitung die Vergaser sind bearbeitet (vorne), damit sie perfect passend sind. Passend f\u00fcr: 1968 &#8211; [&hellip;]","og_url":"https:\/\/www.frankmxparts.com.iclicksapp.nl\/de\/mikuni-vm-30-vm30-roundslide-carburetor-kit-honda-cb-cl-350-cb350-cl350","og_site_name":"Frank! MXParts","article_modified_time":"2024-11-28T09:22:04+00:00","og_image":[{"width":750,"height":563,"url":"https:\/\/www.frankmxparts.com.iclicksapp.nl\/wp-content\/uploads\/2024\/11\/mikuni-vm-30-vm30-roundslide-carburetor-upgrade-kit-honda-cb-cl-sl-350-frank-mxparts-01.jpg","type":"image\/jpeg"}],"twitter_card":"summary_large_image","twitter_misc":{"Gesch\u00e4tzte Lesezeit":"1\u00a0Minute"},"schema":{"@context":"https:\/\/schema.org","@graph":[{"@type":"WebPage","@id":"https:\/\/www.frankmxparts.com.iclicksapp.nl\/de\/mikuni-vm-30-vm30-roundslide-carburetor-kit-honda-cb-cl-350-cb350-cl350","url":"https:\/\/www.frankmxparts.com.iclicksapp.nl\/de\/mikuni-vm-30-vm30-roundslide-carburetor-kit-honda-cb-cl-350-cb350-cl350","name":"Mikuni VM30 Rundschieber Vergaser Kit \/ Honda CB CL 350 CB350 CL350 - Frank! MXParts","isPartOf":{"@id":"https:\/\/www.frankmxparts.com.iclicksapp.nl\/de\/#website"},"primaryImageOfPage":{"@id":"https:\/\/www.frankmxparts.com.iclicksapp.nl\/de\/mikuni-vm-30-vm30-roundslide-carburetor-kit-honda-cb-cl-350-cb350-cl350#primaryimage"},"image":{"@id":"https:\/\/www.frankmxparts.com.iclicksapp.nl\/de\/mikuni-vm-30-vm30-roundslide-carburetor-kit-honda-cb-cl-350-cb350-cl350#primaryimage"},"thumbnailUrl":"https:\/\/www.frankmxparts.com.iclicksapp.nl\/wp-content\/uploads\/2024\/11\/mikuni-vm-30-vm30-roundslide-carburetor-upgrade-kit-honda-cb-cl-sl-350-frank-mxparts-01.jpg","datePublished":"2024-11-19T21:06:22+00:00","dateModified":"2024-11-28T09:22:04+00:00","breadcrumb":{"@id":"https:\/\/www.frankmxparts.com.iclicksapp.nl\/de\/mikuni-vm-30-vm30-roundslide-carburetor-kit-honda-cb-cl-350-cb350-cl350#breadcrumb"},"inLanguage":"de","potentialAction":[{"@type":"ReadAction","target":["https:\/\/www.frankmxparts.com.iclicksapp.nl\/de\/mikuni-vm-30-vm30-roundslide-carburetor-kit-honda-cb-cl-350-cb350-cl350"]}]},{"@type":"ImageObject","inLanguage":"de","@id":"https:\/\/www.frankmxparts.com.iclicksapp.nl\/de\/mikuni-vm-30-vm30-roundslide-carburetor-kit-honda-cb-cl-350-cb350-cl350#primaryimage","url":"https:\/\/www.frankmxparts.com.iclicksapp.nl\/wp-content\/uploads\/2024\/11\/mikuni-vm-30-vm30-roundslide-carburetor-upgrade-kit-honda-cb-cl-sl-350-frank-mxparts-01.jpg","contentUrl":"https:\/\/www.frankmxparts.com.iclicksapp.nl\/wp-content\/uploads\/2024\/11\/mikuni-vm-30-vm30-roundslide-carburetor-upgrade-kit-honda-cb-cl-sl-350-frank-mxparts-01.jpg","width":750,"height":563},{"@type":"BreadcrumbList","@id":"https:\/\/www.frankmxparts.com.iclicksapp.nl\/de\/mikuni-vm-30-vm30-roundslide-carburetor-kit-honda-cb-cl-350-cb350-cl350#breadcrumb","itemListElement":[{"@type":"ListItem","position":1,"name":"Home","item":"https:\/\/www.frankmxparts.com.iclicksapp.nl\/de"},{"@type":"ListItem","position":2,"name":"Shop","item":"https:\/\/www.frankmxparts.com.iclicksapp.nl\/winkel"},{"@type":"ListItem","position":3,"name":"Mikuni VM30 Rundschieber Vergaser Kit \/ Honda CB CL 350 CB350 CL350"}]},{"@type":"WebSite","@id":"https:\/\/www.frankmxparts.com.iclicksapp.nl\/de\/#website","url":"https:\/\/www.frankmxparts.com.iclicksapp.nl\/de\/","name":"Frank! MXParts","description":"","publisher":{"@id":"https:\/\/www.frankmxparts.com.iclicksapp.nl\/de\/#organization"},"potentialAction":[{"@type":"SearchAction","target":{"@type":"EntryPoint","urlTemplate":"https:\/\/www.frankmxparts.com.iclicksapp.nl\/de\/?s={search_term_string}"},"query-input":{"@type":"PropertyValueSpecification","valueRequired":true,"valueName":"search_term_string"}}],"inLanguage":"de"},{"@type":"Organization","@id":"https:\/\/www.frankmxparts.com.iclicksapp.nl\/de\/#organization","name":"Frank! MXParts","url":"https:\/\/www.frankmxparts.com.iclicksapp.nl\/de\/","logo":{"@type":"ImageObject","inLanguage":"de","@id":"https:\/\/www.frankmxparts.com.iclicksapp.nl\/de\/#\/schema\/logo\/image\/","url":"https:\/\/www.frankmxparts.com.iclicksapp.nl\/wp-content\/uploads\/2024\/01\/frank-mxparts-logo.svg","contentUrl":"https:\/\/www.frankmxparts.com.iclicksapp.nl\/wp-content\/uploads\/2024\/01\/frank-mxparts-logo.svg","width":301,"height":88,"caption":"Frank! MXParts"},"image":{"@id":"https:\/\/www.frankmxparts.com.iclicksapp.nl\/de\/#\/schema\/logo\/image\/"}}]}},"_links":{"self":[{"href":"https:\/\/www.frankmxparts.com.iclicksapp.nl\/de\/wp-json\/wp\/v2\/product\/214055","targetHints":{"allow":["GET"]}}],"collection":[{"href":"https:\/\/www.frankmxparts.com.iclicksapp.nl\/de\/wp-json\/wp\/v2\/product"}],"about":[{"href":"https:\/\/www.frankmxparts.com.iclicksapp.nl\/de\/wp-json\/wp\/v2\/types\/product"}],"replies":[{"embeddable":true,"href":"https:\/\/www.frankmxparts.com.iclicksapp.nl\/de\/wp-json\/wp\/v2\/comments?post=214055"}],"wp:featuredmedia":[{"embeddable":true,"href":"https:\/\/www.frankmxparts.com.iclicksapp.nl\/de\/wp-json\/wp\/v2\/media\/198940"}],"wp:attachment":[{"href":"https:\/\/www.frankmxparts.com.iclicksapp.nl\/de\/wp-json\/wp\/v2\/media?parent=214055"}],"wp:term":[{"taxonomy":"product_brand","embeddable":true,"href":"https:\/\/www.frankmxparts.com.iclicksapp.nl\/de\/wp-json\/wp\/v2\/product_brand?post=214055"},{"taxonomy":"product_cat","embeddable":true,"href":"https:\/\/www.frankmxparts.com.iclicksapp.nl\/de\/wp-json\/wp\/v2\/product_cat?post=214055"},{"taxonomy":"product_tag","embeddable":true,"href":"https:\/\/www.frankmxparts.com.iclicksapp.nl\/de\/wp-json\/wp\/v2\/product_tag?post=214055"}],"curies":[{"name":"wp","href":"https:\/\/api.w.org\/{rel}","templated":true}]}}