{"id":214084,"date":"2024-11-19T22:08:31","date_gmt":"2024-11-19T21:08:31","guid":{"rendered":"https:\/\/www.frankmxparts.com.iclicksapp.nl\/product\/keihin-fcr-flatslide-racing-carburetor-rebuild-kit-1-kawasaki-zxr-750-zxr750-k1-k2-m1-m2"},"modified":"2024-11-21T12:11:04","modified_gmt":"2024-11-21T10:11:04","slug":"keihin-fcr-flatslide-racing-carburetor-rebuild-kit-1-kawasaki-zxr-750-zxr750-k1-k2-m1-m2","status":"publish","type":"product","link":"https:\/\/www.frankmxparts.com.iclicksapp.nl\/de\/keihin-fcr-flatslide-racing-carburetor-rebuild-kit-1-kawasaki-zxr-750-zxr750-k1-k2-m1-m2","title":{"rendered":"Keihin FCR racing Flachschieber Vergaser \u00dcberholungs Kit #1 \/ Kawasaki ZXR 750"},"content":{"rendered":"<p>\n<span style=\"font-size:11px;\"><span style=\"font-family:trebuchet ms,verdana,arial,helvetica;\"><strong>Keihin FCR racing Vergaser \u00dcberholungs Kit #1<\/strong>.<\/p>\n<p><font color=\"#000cff\">Original Keihin<span style=\"color:black;\">, hochwertige Teile. Z<\/span><\/font>ur \u00dcberholung von einen 4-Zylinder Keihin FCR Vergaserbatterie (mit doppelten Beschleunigerpumpen).<br \/>\n<span style=\"color:#000cff;\">Das Kit enth\u00e4lt<\/span>:<\/span><\/span><\/p>\n<ul>\n<li><span style=\"font-size:11px;\"><span style=\"font-family:trebuchet ms,verdana,arial,helvetica;\">Dichtung Schwimmerkammer (4x)<\/span><\/span><\/li>\n<li><span style=\"font-size:11px;\"><span style=\"font-family:trebuchet ms,verdana,arial,helvetica;\">O-Ring Schwimmernadelventilsitz (4x)<\/span><\/span><\/li>\n<li><span style=\"font-size:11px;\"><span style=\"font-family:trebuchet ms,verdana,arial,helvetica;\">O-Ring Ablassschraube (4x)<\/span><\/span><\/li>\n<li><span style=\"font-size:11px;\"><span style=\"font-family:trebuchet ms,verdana,arial,helvetica;\">O-Ring T-St\u00fcck Benzinleitung (4x)<\/span><\/span><\/li>\n<li><span style=\"font-size:11px;\"><span style=\"font-family:trebuchet ms,verdana,arial,helvetica;\">O-Ring Benzinleitung (4x)<\/span><\/span><\/li>\n<li><span style=\"font-size:11px;\"><span style=\"font-family:trebuchet ms,verdana,arial,helvetica;\">O-Ring Gemischregulierschraube (4x)<\/span><\/span><\/li>\n<li><span style=\"font-size:11px;\"><span style=\"font-family:trebuchet ms,verdana,arial,helvetica;\">Scheibe Gemischregulierschraube (4x)<\/span><\/span><\/li>\n<li><span style=\"font-size:11px;\"><span style=\"font-family:trebuchet ms,verdana,arial,helvetica;\">Feder Gemischregulierschraube (4x)<\/span><\/span><\/li>\n<li><span style=\"font-size:11px;\"><span style=\"font-family:trebuchet ms,verdana,arial,helvetica;\">Clip D\u00fcsennadel (4x)<\/span><\/span><\/li>\n<li><span style=\"font-size:11px;\"><span style=\"font-family:trebuchet ms,verdana,arial,helvetica;\">hohe Qualit\u00e4t Inbusschraube (Deckel, 8x) (Schwimmerkammer, 12x) (Beschleunigerpumpendeckel, 6x).<\/span><\/span><\/li>\n<\/ul>\n<p>\n<span style=\"font-size:11px;\"><span style=\"font-family:trebuchet ms,verdana,arial,helvetica;\"><span style=\"line-height: 1.3; color: rgb(0, 12, 255);\">Passend f\u00fcr<\/span><span style=\"line-height: 1.3;\">: die <\/span><\/span><\/span>1991-1994 Kawasaki ZXR750 (K1, K2, M1, M2)<span style=\"font-size:11px;\"><span style=\"font-family:trebuchet ms,verdana,arial,helvetica;\"><span style=\"line-height: 1.3;\">&nbsp;mit&nbsp;Keihin FCR racing Vergaser mit doppelten Beschleunigerpumpen.<\/span><\/span><\/span><\/p>\n<p>\n<span style=\"font-family: &quot;trebuchet ms&quot;, verdana, arial, helvetica; font-size: 11px;\">Komplett wie abgebildet.<\/span><\/p>\n<p>\n&nbsp;<\/p>\n","protected":false},"excerpt":{"rendered":"<p>Keihin FCR racing Vergaser \u00dcberholungs Kit #1. Original Keihin, hochwertige Teile. Zur \u00dcberholung von einen 4-Zylinder Keihin FCR Vergaserbatterie (mit doppelten Beschleunigerpumpen). Das Kit enth\u00e4lt: Dichtung Schwimmerkammer (4x) O-Ring Schwimmernadelventilsitz (4x) O-Ring Ablassschraube (4x) O-Ring T-St\u00fcck Benzinleitung (4x) O-Ring Benzinleitung (4x) O-Ring Gemischregulierschraube (4x) Scheibe Gemischregulierschraube (4x) Feder Gemischregulierschraube (4x) Clip D\u00fcsennadel (4x) hohe Qualit\u00e4t [&hellip;]<\/p>\n","protected":false},"featured_media":199197,"comment_status":"closed","ping_status":"closed","template":"","meta":{"_acf_changed":false},"product_brand":[],"product_cat":[9441],"product_tag":[],"class_list":{"0":"post-214084","1":"product","2":"type-product","3":"status-publish","4":"has-post-thumbnail","6":"product_cat-uncategorized","7":"pa_manufacturer-keihin-de","9":"first","10":"instock","11":"taxable","12":"shipping-taxable","13":"purchasable","14":"product-type-simple"},"acf":[],"yoast_head":"<!-- This site is optimized with the Yoast SEO plugin v27.3 - https:\/\/yoast.com\/product\/yoast-seo-wordpress\/ -->\n<title>Keihin FCR racing Flachschieber Vergaser \u00dcberholungs Kit #1 \/ Kawasaki ZXR 750 - Frank! MXParts<\/title>\n<meta name=\"robots\" content=\"noindex, follow, max-snippet:-1, max-image-preview:large, max-video-preview:-1\" \/>\n<meta property=\"og:locale\" content=\"de_DE\" \/>\n<meta property=\"og:type\" content=\"article\" \/>\n<meta property=\"og:title\" content=\"Keihin FCR racing Flachschieber Vergaser \u00dcberholungs Kit #1 \/ Kawasaki ZXR 750 - Frank! MXParts\" \/>\n<meta property=\"og:description\" content=\"Keihin FCR racing Vergaser \u00dcberholungs Kit #1. Original Keihin, hochwertige Teile. Zur \u00dcberholung von einen 4-Zylinder Keihin FCR Vergaserbatterie (mit doppelten Beschleunigerpumpen). Das Kit enth\u00e4lt: Dichtung Schwimmerkammer (4x) O-Ring Schwimmernadelventilsitz (4x) O-Ring Ablassschraube (4x) O-Ring T-St\u00fcck Benzinleitung (4x) O-Ring Benzinleitung (4x) O-Ring Gemischregulierschraube (4x) Scheibe Gemischregulierschraube (4x) Feder Gemischregulierschraube (4x) Clip D\u00fcsennadel (4x) hohe Qualit\u00e4t [&hellip;]\" \/>\n<meta property=\"og:url\" content=\"https:\/\/www.frankmxparts.com.iclicksapp.nl\/de\/keihin-fcr-flatslide-racing-carburetor-rebuild-kit-1-kawasaki-zxr-750-zxr750-k1-k2-m1-m2\" \/>\n<meta property=\"og:site_name\" content=\"Frank! MXParts\" \/>\n<meta property=\"article:modified_time\" content=\"2024-11-21T10:11:04+00:00\" \/>\n<meta property=\"og:image\" content=\"https:\/\/www.frankmxparts.com.iclicksapp.nl\/wp-content\/uploads\/2024\/11\/keihin-fcr-39-flatslide-racing-carburetor-rebuild-repair-kit-1-kawasaki-zxr-750-zxr750-k1-k2-m1-m2.jpg\" \/>\n\t<meta property=\"og:image:width\" content=\"750\" \/>\n\t<meta property=\"og:image:height\" content=\"563\" \/>\n\t<meta property=\"og:image:type\" content=\"image\/jpeg\" \/>\n<meta name=\"twitter:card\" content=\"summary_large_image\" \/>\n<script type=\"application\/ld+json\" class=\"yoast-schema-graph\">{\"@context\":\"https:\\\/\\\/schema.org\",\"@graph\":[{\"@type\":\"WebPage\",\"@id\":\"https:\\\/\\\/www.frankmxparts.com.iclicksapp.nl\\\/de\\\/keihin-fcr-flatslide-racing-carburetor-rebuild-kit-1-kawasaki-zxr-750-zxr750-k1-k2-m1-m2\",\"url\":\"https:\\\/\\\/www.frankmxparts.com.iclicksapp.nl\\\/de\\\/keihin-fcr-flatslide-racing-carburetor-rebuild-kit-1-kawasaki-zxr-750-zxr750-k1-k2-m1-m2\",\"name\":\"Keihin FCR racing Flachschieber Vergaser \u00dcberholungs Kit #1 \\\/ Kawasaki ZXR 750 - Frank! MXParts\",\"isPartOf\":{\"@id\":\"https:\\\/\\\/www.frankmxparts.com.iclicksapp.nl\\\/de\\\/#website\"},\"primaryImageOfPage\":{\"@id\":\"https:\\\/\\\/www.frankmxparts.com.iclicksapp.nl\\\/de\\\/keihin-fcr-flatslide-racing-carburetor-rebuild-kit-1-kawasaki-zxr-750-zxr750-k1-k2-m1-m2#primaryimage\"},\"image\":{\"@id\":\"https:\\\/\\\/www.frankmxparts.com.iclicksapp.nl\\\/de\\\/keihin-fcr-flatslide-racing-carburetor-rebuild-kit-1-kawasaki-zxr-750-zxr750-k1-k2-m1-m2#primaryimage\"},\"thumbnailUrl\":\"https:\\\/\\\/www.frankmxparts.com.iclicksapp.nl\\\/wp-content\\\/uploads\\\/2024\\\/11\\\/keihin-fcr-39-flatslide-racing-carburetor-rebuild-repair-kit-1-kawasaki-zxr-750-zxr750-k1-k2-m1-m2.jpg\",\"datePublished\":\"2024-11-19T21:08:31+00:00\",\"dateModified\":\"2024-11-21T10:11:04+00:00\",\"breadcrumb\":{\"@id\":\"https:\\\/\\\/www.frankmxparts.com.iclicksapp.nl\\\/de\\\/keihin-fcr-flatslide-racing-carburetor-rebuild-kit-1-kawasaki-zxr-750-zxr750-k1-k2-m1-m2#breadcrumb\"},\"inLanguage\":\"de\",\"potentialAction\":[{\"@type\":\"ReadAction\",\"target\":[\"https:\\\/\\\/www.frankmxparts.com.iclicksapp.nl\\\/de\\\/keihin-fcr-flatslide-racing-carburetor-rebuild-kit-1-kawasaki-zxr-750-zxr750-k1-k2-m1-m2\"]}]},{\"@type\":\"ImageObject\",\"inLanguage\":\"de\",\"@id\":\"https:\\\/\\\/www.frankmxparts.com.iclicksapp.nl\\\/de\\\/keihin-fcr-flatslide-racing-carburetor-rebuild-kit-1-kawasaki-zxr-750-zxr750-k1-k2-m1-m2#primaryimage\",\"url\":\"https:\\\/\\\/www.frankmxparts.com.iclicksapp.nl\\\/wp-content\\\/uploads\\\/2024\\\/11\\\/keihin-fcr-39-flatslide-racing-carburetor-rebuild-repair-kit-1-kawasaki-zxr-750-zxr750-k1-k2-m1-m2.jpg\",\"contentUrl\":\"https:\\\/\\\/www.frankmxparts.com.iclicksapp.nl\\\/wp-content\\\/uploads\\\/2024\\\/11\\\/keihin-fcr-39-flatslide-racing-carburetor-rebuild-repair-kit-1-kawasaki-zxr-750-zxr750-k1-k2-m1-m2.jpg\",\"width\":750,\"height\":563},{\"@type\":\"BreadcrumbList\",\"@id\":\"https:\\\/\\\/www.frankmxparts.com.iclicksapp.nl\\\/de\\\/keihin-fcr-flatslide-racing-carburetor-rebuild-kit-1-kawasaki-zxr-750-zxr750-k1-k2-m1-m2#breadcrumb\",\"itemListElement\":[{\"@type\":\"ListItem\",\"position\":1,\"name\":\"Home\",\"item\":\"https:\\\/\\\/www.frankmxparts.com.iclicksapp.nl\\\/de\"},{\"@type\":\"ListItem\",\"position\":2,\"name\":\"Shop\",\"item\":\"https:\\\/\\\/www.frankmxparts.com.iclicksapp.nl\\\/winkel\"},{\"@type\":\"ListItem\",\"position\":3,\"name\":\"Keihin FCR racing Flachschieber Vergaser \u00dcberholungs Kit #1 \\\/ Kawasaki ZXR 750\"}]},{\"@type\":\"WebSite\",\"@id\":\"https:\\\/\\\/www.frankmxparts.com.iclicksapp.nl\\\/de\\\/#website\",\"url\":\"https:\\\/\\\/www.frankmxparts.com.iclicksapp.nl\\\/de\\\/\",\"name\":\"Frank! MXParts\",\"description\":\"\",\"publisher\":{\"@id\":\"https:\\\/\\\/www.frankmxparts.com.iclicksapp.nl\\\/de\\\/#organization\"},\"potentialAction\":[{\"@type\":\"SearchAction\",\"target\":{\"@type\":\"EntryPoint\",\"urlTemplate\":\"https:\\\/\\\/www.frankmxparts.com.iclicksapp.nl\\\/de\\\/?s={search_term_string}\"},\"query-input\":{\"@type\":\"PropertyValueSpecification\",\"valueRequired\":true,\"valueName\":\"search_term_string\"}}],\"inLanguage\":\"de\"},{\"@type\":\"Organization\",\"@id\":\"https:\\\/\\\/www.frankmxparts.com.iclicksapp.nl\\\/de\\\/#organization\",\"name\":\"Frank! MXParts\",\"url\":\"https:\\\/\\\/www.frankmxparts.com.iclicksapp.nl\\\/de\\\/\",\"logo\":{\"@type\":\"ImageObject\",\"inLanguage\":\"de\",\"@id\":\"https:\\\/\\\/www.frankmxparts.com.iclicksapp.nl\\\/de\\\/#\\\/schema\\\/logo\\\/image\\\/\",\"url\":\"https:\\\/\\\/www.frankmxparts.com.iclicksapp.nl\\\/wp-content\\\/uploads\\\/2024\\\/01\\\/frank-mxparts-logo.svg\",\"contentUrl\":\"https:\\\/\\\/www.frankmxparts.com.iclicksapp.nl\\\/wp-content\\\/uploads\\\/2024\\\/01\\\/frank-mxparts-logo.svg\",\"width\":301,\"height\":88,\"caption\":\"Frank! MXParts\"},\"image\":{\"@id\":\"https:\\\/\\\/www.frankmxparts.com.iclicksapp.nl\\\/de\\\/#\\\/schema\\\/logo\\\/image\\\/\"}}]}<\/script>\n<!-- \/ Yoast SEO plugin. -->","yoast_head_json":{"title":"Keihin FCR racing Flachschieber Vergaser \u00dcberholungs Kit #1 \/ Kawasaki ZXR 750 - Frank! MXParts","robots":{"index":"noindex","follow":"follow","max-snippet":"max-snippet:-1","max-image-preview":"max-image-preview:large","max-video-preview":"max-video-preview:-1"},"og_locale":"de_DE","og_type":"article","og_title":"Keihin FCR racing Flachschieber Vergaser \u00dcberholungs Kit #1 \/ Kawasaki ZXR 750 - Frank! MXParts","og_description":"Keihin FCR racing Vergaser \u00dcberholungs Kit #1. Original Keihin, hochwertige Teile. Zur \u00dcberholung von einen 4-Zylinder Keihin FCR Vergaserbatterie (mit doppelten Beschleunigerpumpen). Das Kit enth\u00e4lt: Dichtung Schwimmerkammer (4x) O-Ring Schwimmernadelventilsitz (4x) O-Ring Ablassschraube (4x) O-Ring T-St\u00fcck Benzinleitung (4x) O-Ring Benzinleitung (4x) O-Ring Gemischregulierschraube (4x) Scheibe Gemischregulierschraube (4x) Feder Gemischregulierschraube (4x) Clip D\u00fcsennadel (4x) hohe Qualit\u00e4t [&hellip;]","og_url":"https:\/\/www.frankmxparts.com.iclicksapp.nl\/de\/keihin-fcr-flatslide-racing-carburetor-rebuild-kit-1-kawasaki-zxr-750-zxr750-k1-k2-m1-m2","og_site_name":"Frank! MXParts","article_modified_time":"2024-11-21T10:11:04+00:00","og_image":[{"width":750,"height":563,"url":"https:\/\/www.frankmxparts.com.iclicksapp.nl\/wp-content\/uploads\/2024\/11\/keihin-fcr-39-flatslide-racing-carburetor-rebuild-repair-kit-1-kawasaki-zxr-750-zxr750-k1-k2-m1-m2.jpg","type":"image\/jpeg"}],"twitter_card":"summary_large_image","schema":{"@context":"https:\/\/schema.org","@graph":[{"@type":"WebPage","@id":"https:\/\/www.frankmxparts.com.iclicksapp.nl\/de\/keihin-fcr-flatslide-racing-carburetor-rebuild-kit-1-kawasaki-zxr-750-zxr750-k1-k2-m1-m2","url":"https:\/\/www.frankmxparts.com.iclicksapp.nl\/de\/keihin-fcr-flatslide-racing-carburetor-rebuild-kit-1-kawasaki-zxr-750-zxr750-k1-k2-m1-m2","name":"Keihin FCR racing Flachschieber Vergaser \u00dcberholungs Kit #1 \/ Kawasaki ZXR 750 - Frank! MXParts","isPartOf":{"@id":"https:\/\/www.frankmxparts.com.iclicksapp.nl\/de\/#website"},"primaryImageOfPage":{"@id":"https:\/\/www.frankmxparts.com.iclicksapp.nl\/de\/keihin-fcr-flatslide-racing-carburetor-rebuild-kit-1-kawasaki-zxr-750-zxr750-k1-k2-m1-m2#primaryimage"},"image":{"@id":"https:\/\/www.frankmxparts.com.iclicksapp.nl\/de\/keihin-fcr-flatslide-racing-carburetor-rebuild-kit-1-kawasaki-zxr-750-zxr750-k1-k2-m1-m2#primaryimage"},"thumbnailUrl":"https:\/\/www.frankmxparts.com.iclicksapp.nl\/wp-content\/uploads\/2024\/11\/keihin-fcr-39-flatslide-racing-carburetor-rebuild-repair-kit-1-kawasaki-zxr-750-zxr750-k1-k2-m1-m2.jpg","datePublished":"2024-11-19T21:08:31+00:00","dateModified":"2024-11-21T10:11:04+00:00","breadcrumb":{"@id":"https:\/\/www.frankmxparts.com.iclicksapp.nl\/de\/keihin-fcr-flatslide-racing-carburetor-rebuild-kit-1-kawasaki-zxr-750-zxr750-k1-k2-m1-m2#breadcrumb"},"inLanguage":"de","potentialAction":[{"@type":"ReadAction","target":["https:\/\/www.frankmxparts.com.iclicksapp.nl\/de\/keihin-fcr-flatslide-racing-carburetor-rebuild-kit-1-kawasaki-zxr-750-zxr750-k1-k2-m1-m2"]}]},{"@type":"ImageObject","inLanguage":"de","@id":"https:\/\/www.frankmxparts.com.iclicksapp.nl\/de\/keihin-fcr-flatslide-racing-carburetor-rebuild-kit-1-kawasaki-zxr-750-zxr750-k1-k2-m1-m2#primaryimage","url":"https:\/\/www.frankmxparts.com.iclicksapp.nl\/wp-content\/uploads\/2024\/11\/keihin-fcr-39-flatslide-racing-carburetor-rebuild-repair-kit-1-kawasaki-zxr-750-zxr750-k1-k2-m1-m2.jpg","contentUrl":"https:\/\/www.frankmxparts.com.iclicksapp.nl\/wp-content\/uploads\/2024\/11\/keihin-fcr-39-flatslide-racing-carburetor-rebuild-repair-kit-1-kawasaki-zxr-750-zxr750-k1-k2-m1-m2.jpg","width":750,"height":563},{"@type":"BreadcrumbList","@id":"https:\/\/www.frankmxparts.com.iclicksapp.nl\/de\/keihin-fcr-flatslide-racing-carburetor-rebuild-kit-1-kawasaki-zxr-750-zxr750-k1-k2-m1-m2#breadcrumb","itemListElement":[{"@type":"ListItem","position":1,"name":"Home","item":"https:\/\/www.frankmxparts.com.iclicksapp.nl\/de"},{"@type":"ListItem","position":2,"name":"Shop","item":"https:\/\/www.frankmxparts.com.iclicksapp.nl\/winkel"},{"@type":"ListItem","position":3,"name":"Keihin FCR racing Flachschieber Vergaser \u00dcberholungs Kit #1 \/ Kawasaki ZXR 750"}]},{"@type":"WebSite","@id":"https:\/\/www.frankmxparts.com.iclicksapp.nl\/de\/#website","url":"https:\/\/www.frankmxparts.com.iclicksapp.nl\/de\/","name":"Frank! MXParts","description":"","publisher":{"@id":"https:\/\/www.frankmxparts.com.iclicksapp.nl\/de\/#organization"},"potentialAction":[{"@type":"SearchAction","target":{"@type":"EntryPoint","urlTemplate":"https:\/\/www.frankmxparts.com.iclicksapp.nl\/de\/?s={search_term_string}"},"query-input":{"@type":"PropertyValueSpecification","valueRequired":true,"valueName":"search_term_string"}}],"inLanguage":"de"},{"@type":"Organization","@id":"https:\/\/www.frankmxparts.com.iclicksapp.nl\/de\/#organization","name":"Frank! MXParts","url":"https:\/\/www.frankmxparts.com.iclicksapp.nl\/de\/","logo":{"@type":"ImageObject","inLanguage":"de","@id":"https:\/\/www.frankmxparts.com.iclicksapp.nl\/de\/#\/schema\/logo\/image\/","url":"https:\/\/www.frankmxparts.com.iclicksapp.nl\/wp-content\/uploads\/2024\/01\/frank-mxparts-logo.svg","contentUrl":"https:\/\/www.frankmxparts.com.iclicksapp.nl\/wp-content\/uploads\/2024\/01\/frank-mxparts-logo.svg","width":301,"height":88,"caption":"Frank! MXParts"},"image":{"@id":"https:\/\/www.frankmxparts.com.iclicksapp.nl\/de\/#\/schema\/logo\/image\/"}}]}},"_links":{"self":[{"href":"https:\/\/www.frankmxparts.com.iclicksapp.nl\/de\/wp-json\/wp\/v2\/product\/214084","targetHints":{"allow":["GET"]}}],"collection":[{"href":"https:\/\/www.frankmxparts.com.iclicksapp.nl\/de\/wp-json\/wp\/v2\/product"}],"about":[{"href":"https:\/\/www.frankmxparts.com.iclicksapp.nl\/de\/wp-json\/wp\/v2\/types\/product"}],"replies":[{"embeddable":true,"href":"https:\/\/www.frankmxparts.com.iclicksapp.nl\/de\/wp-json\/wp\/v2\/comments?post=214084"}],"wp:featuredmedia":[{"embeddable":true,"href":"https:\/\/www.frankmxparts.com.iclicksapp.nl\/de\/wp-json\/wp\/v2\/media\/199197"}],"wp:attachment":[{"href":"https:\/\/www.frankmxparts.com.iclicksapp.nl\/de\/wp-json\/wp\/v2\/media?parent=214084"}],"wp:term":[{"taxonomy":"product_brand","embeddable":true,"href":"https:\/\/www.frankmxparts.com.iclicksapp.nl\/de\/wp-json\/wp\/v2\/product_brand?post=214084"},{"taxonomy":"product_cat","embeddable":true,"href":"https:\/\/www.frankmxparts.com.iclicksapp.nl\/de\/wp-json\/wp\/v2\/product_cat?post=214084"},{"taxonomy":"product_tag","embeddable":true,"href":"https:\/\/www.frankmxparts.com.iclicksapp.nl\/de\/wp-json\/wp\/v2\/product_tag?post=214084"}],"curies":[{"name":"wp","href":"https:\/\/api.w.org\/{rel}","templated":true}]}}