{"id":214087,"date":"2024-11-19T22:08:31","date_gmt":"2024-11-19T21:08:31","guid":{"rendered":"https:\/\/www.frankmxparts.com.iclicksapp.nl\/product\/50mm-aluminum-velocity-stack-stacks-with-wire-mesh-keihin-cr-26-29-31-33-roundslide-special-carburetors"},"modified":"2024-11-27T14:28:19","modified_gmt":"2024-11-27T12:28:19","slug":"50mm-aluminum-velocity-stack-stacks-with-wire-mesh-keihin-cr-26-29-31-33-roundslide-special-carburetors","status":"publish","type":"product","link":"https:\/\/www.frankmxparts.com.iclicksapp.nl\/de\/50mm-aluminum-velocity-stack-stacks-with-wire-mesh-keihin-cr-26-29-31-33-roundslide-special-carburetors","title":{"rendered":"Aluminium Ansaugtrichter mit Sieb \/ Keihin CR special 26-33 Rundschieber Vergaser"},"content":{"rendered":"<p>\n<strong>Leichtgewichts Aluminium Ansaugtrichter mit Sieb f\u00fcr Keihin CR special Rundschieber Vergaser<\/strong>.<\/p>\n<p>Gro\u00dfartig aussehende Kit, f\u00fcr eine sehr gute Preis. Die Trichter haben eine sehr feine Sieb am Aussenseite&nbsp;mit darunter eine grobere Sieb zur Unterst\u00fctzung.<br \/>\n&nbsp;<br \/>\nAbmessungen:<\/p>\n<div>\n<ul>\n<li>50mm. Innendurchmesser<\/li>\n<li>60mm. L\u00e4nge<\/li>\n<li>65mm. Aussendurchmesser (bei den Sieb).<\/li>\n<\/ul>\n<div>Passend f\u00fcr: Keihin CR 26-29-31-33 Rundschieber Vergaser.<\/div>\n<div>\nDas Kit enth\u00e4lt:<\/div>\n<ul>\n<li>4 Trichter<\/li>\n<li>4 Klammer.<\/li>\n<\/ul>\n<div>\n<p>Komplett wie abgebildet (Vergaser nicht einschlie\u00dflich).<br \/>\nWir verpacken professionell und verschicken schnell!<\/div>\n<\/div>\n<p>\n&nbsp;<\/p>\n","protected":false},"excerpt":{"rendered":"<p>Leichtgewichts Aluminium Ansaugtrichter mit Sieb f\u00fcr Keihin CR special Rundschieber Vergaser. Gro\u00dfartig aussehende Kit, f\u00fcr eine sehr gute Preis. Die Trichter haben eine sehr feine Sieb am Aussenseite&nbsp;mit darunter eine grobere Sieb zur Unterst\u00fctzung. &nbsp; Abmessungen: 50mm. Innendurchmesser 60mm. L\u00e4nge 65mm. Aussendurchmesser (bei den Sieb). Passend f\u00fcr: Keihin CR 26-29-31-33 Rundschieber Vergaser. Das Kit enth\u00e4lt: [&hellip;]<\/p>\n","protected":false},"featured_media":199209,"comment_status":"closed","ping_status":"closed","template":"","meta":{"_acf_changed":false},"product_brand":[],"product_cat":[9441],"product_tag":[],"class_list":{"0":"post-214087","1":"product","2":"type-product","3":"status-publish","4":"has-post-thumbnail","6":"product_cat-uncategorized","8":"first","9":"instock","10":"taxable","11":"shipping-taxable","12":"purchasable","13":"product-type-simple"},"acf":[],"yoast_head":"<!-- This site is optimized with the Yoast SEO plugin v27.3 - https:\/\/yoast.com\/product\/yoast-seo-wordpress\/ -->\n<title>Aluminium Ansaugtrichter mit Sieb \/ Keihin CR special 26-33 Rundschieber Vergaser - Frank! MXParts<\/title>\n<meta name=\"robots\" content=\"noindex, follow, max-snippet:-1, max-image-preview:large, max-video-preview:-1\" \/>\n<meta property=\"og:locale\" content=\"de_DE\" \/>\n<meta property=\"og:type\" content=\"article\" \/>\n<meta property=\"og:title\" content=\"Aluminium Ansaugtrichter mit Sieb \/ Keihin CR special 26-33 Rundschieber Vergaser - Frank! MXParts\" \/>\n<meta property=\"og:description\" content=\"Leichtgewichts Aluminium Ansaugtrichter mit Sieb f\u00fcr Keihin CR special Rundschieber Vergaser. Gro\u00dfartig aussehende Kit, f\u00fcr eine sehr gute Preis. Die Trichter haben eine sehr feine Sieb am Aussenseite&nbsp;mit darunter eine grobere Sieb zur Unterst\u00fctzung. &nbsp; Abmessungen: 50mm. Innendurchmesser 60mm. L\u00e4nge 65mm. Aussendurchmesser (bei den Sieb). Passend f\u00fcr: Keihin CR 26-29-31-33 Rundschieber Vergaser. Das Kit enth\u00e4lt: [&hellip;]\" \/>\n<meta property=\"og:url\" content=\"https:\/\/www.frankmxparts.com.iclicksapp.nl\/de\/50mm-aluminum-velocity-stack-stacks-with-wire-mesh-keihin-cr-26-29-31-33-roundslide-special-carburetors\" \/>\n<meta property=\"og:site_name\" content=\"Frank! MXParts\" \/>\n<meta property=\"article:modified_time\" content=\"2024-11-27T12:28:19+00:00\" \/>\n<meta property=\"og:image\" content=\"https:\/\/www.frankmxparts.com.iclicksapp.nl\/wp-content\/uploads\/2024\/11\/50mm-aluminum-velocity-stack-stacks-with-wire-mesh-keihin-cr-26-29-31-33-roundslide-special-carburetors-frank-mxparts-01.jpg\" \/>\n\t<meta property=\"og:image:width\" content=\"750\" \/>\n\t<meta property=\"og:image:height\" content=\"563\" \/>\n\t<meta property=\"og:image:type\" content=\"image\/jpeg\" \/>\n<meta name=\"twitter:card\" content=\"summary_large_image\" \/>\n<script type=\"application\/ld+json\" class=\"yoast-schema-graph\">{\"@context\":\"https:\\\/\\\/schema.org\",\"@graph\":[{\"@type\":\"WebPage\",\"@id\":\"https:\\\/\\\/www.frankmxparts.com.iclicksapp.nl\\\/de\\\/50mm-aluminum-velocity-stack-stacks-with-wire-mesh-keihin-cr-26-29-31-33-roundslide-special-carburetors\",\"url\":\"https:\\\/\\\/www.frankmxparts.com.iclicksapp.nl\\\/de\\\/50mm-aluminum-velocity-stack-stacks-with-wire-mesh-keihin-cr-26-29-31-33-roundslide-special-carburetors\",\"name\":\"Aluminium Ansaugtrichter mit Sieb \\\/ Keihin CR special 26-33 Rundschieber Vergaser - Frank! MXParts\",\"isPartOf\":{\"@id\":\"https:\\\/\\\/www.frankmxparts.com.iclicksapp.nl\\\/de\\\/#website\"},\"primaryImageOfPage\":{\"@id\":\"https:\\\/\\\/www.frankmxparts.com.iclicksapp.nl\\\/de\\\/50mm-aluminum-velocity-stack-stacks-with-wire-mesh-keihin-cr-26-29-31-33-roundslide-special-carburetors#primaryimage\"},\"image\":{\"@id\":\"https:\\\/\\\/www.frankmxparts.com.iclicksapp.nl\\\/de\\\/50mm-aluminum-velocity-stack-stacks-with-wire-mesh-keihin-cr-26-29-31-33-roundslide-special-carburetors#primaryimage\"},\"thumbnailUrl\":\"https:\\\/\\\/www.frankmxparts.com.iclicksapp.nl\\\/wp-content\\\/uploads\\\/2024\\\/11\\\/50mm-aluminum-velocity-stack-stacks-with-wire-mesh-keihin-cr-26-29-31-33-roundslide-special-carburetors-frank-mxparts-01.jpg\",\"datePublished\":\"2024-11-19T21:08:31+00:00\",\"dateModified\":\"2024-11-27T12:28:19+00:00\",\"breadcrumb\":{\"@id\":\"https:\\\/\\\/www.frankmxparts.com.iclicksapp.nl\\\/de\\\/50mm-aluminum-velocity-stack-stacks-with-wire-mesh-keihin-cr-26-29-31-33-roundslide-special-carburetors#breadcrumb\"},\"inLanguage\":\"de\",\"potentialAction\":[{\"@type\":\"ReadAction\",\"target\":[\"https:\\\/\\\/www.frankmxparts.com.iclicksapp.nl\\\/de\\\/50mm-aluminum-velocity-stack-stacks-with-wire-mesh-keihin-cr-26-29-31-33-roundslide-special-carburetors\"]}]},{\"@type\":\"ImageObject\",\"inLanguage\":\"de\",\"@id\":\"https:\\\/\\\/www.frankmxparts.com.iclicksapp.nl\\\/de\\\/50mm-aluminum-velocity-stack-stacks-with-wire-mesh-keihin-cr-26-29-31-33-roundslide-special-carburetors#primaryimage\",\"url\":\"https:\\\/\\\/www.frankmxparts.com.iclicksapp.nl\\\/wp-content\\\/uploads\\\/2024\\\/11\\\/50mm-aluminum-velocity-stack-stacks-with-wire-mesh-keihin-cr-26-29-31-33-roundslide-special-carburetors-frank-mxparts-01.jpg\",\"contentUrl\":\"https:\\\/\\\/www.frankmxparts.com.iclicksapp.nl\\\/wp-content\\\/uploads\\\/2024\\\/11\\\/50mm-aluminum-velocity-stack-stacks-with-wire-mesh-keihin-cr-26-29-31-33-roundslide-special-carburetors-frank-mxparts-01.jpg\",\"width\":750,\"height\":563},{\"@type\":\"BreadcrumbList\",\"@id\":\"https:\\\/\\\/www.frankmxparts.com.iclicksapp.nl\\\/de\\\/50mm-aluminum-velocity-stack-stacks-with-wire-mesh-keihin-cr-26-29-31-33-roundslide-special-carburetors#breadcrumb\",\"itemListElement\":[{\"@type\":\"ListItem\",\"position\":1,\"name\":\"Home\",\"item\":\"https:\\\/\\\/www.frankmxparts.com.iclicksapp.nl\\\/de\"},{\"@type\":\"ListItem\",\"position\":2,\"name\":\"Shop\",\"item\":\"https:\\\/\\\/www.frankmxparts.com.iclicksapp.nl\\\/winkel\"},{\"@type\":\"ListItem\",\"position\":3,\"name\":\"Aluminium Ansaugtrichter mit Sieb \\\/ Keihin CR special 26-33 Rundschieber Vergaser\"}]},{\"@type\":\"WebSite\",\"@id\":\"https:\\\/\\\/www.frankmxparts.com.iclicksapp.nl\\\/de\\\/#website\",\"url\":\"https:\\\/\\\/www.frankmxparts.com.iclicksapp.nl\\\/de\\\/\",\"name\":\"Frank! MXParts\",\"description\":\"\",\"publisher\":{\"@id\":\"https:\\\/\\\/www.frankmxparts.com.iclicksapp.nl\\\/de\\\/#organization\"},\"potentialAction\":[{\"@type\":\"SearchAction\",\"target\":{\"@type\":\"EntryPoint\",\"urlTemplate\":\"https:\\\/\\\/www.frankmxparts.com.iclicksapp.nl\\\/de\\\/?s={search_term_string}\"},\"query-input\":{\"@type\":\"PropertyValueSpecification\",\"valueRequired\":true,\"valueName\":\"search_term_string\"}}],\"inLanguage\":\"de\"},{\"@type\":\"Organization\",\"@id\":\"https:\\\/\\\/www.frankmxparts.com.iclicksapp.nl\\\/de\\\/#organization\",\"name\":\"Frank! MXParts\",\"url\":\"https:\\\/\\\/www.frankmxparts.com.iclicksapp.nl\\\/de\\\/\",\"logo\":{\"@type\":\"ImageObject\",\"inLanguage\":\"de\",\"@id\":\"https:\\\/\\\/www.frankmxparts.com.iclicksapp.nl\\\/de\\\/#\\\/schema\\\/logo\\\/image\\\/\",\"url\":\"https:\\\/\\\/www.frankmxparts.com.iclicksapp.nl\\\/wp-content\\\/uploads\\\/2024\\\/01\\\/frank-mxparts-logo.svg\",\"contentUrl\":\"https:\\\/\\\/www.frankmxparts.com.iclicksapp.nl\\\/wp-content\\\/uploads\\\/2024\\\/01\\\/frank-mxparts-logo.svg\",\"width\":301,\"height\":88,\"caption\":\"Frank! MXParts\"},\"image\":{\"@id\":\"https:\\\/\\\/www.frankmxparts.com.iclicksapp.nl\\\/de\\\/#\\\/schema\\\/logo\\\/image\\\/\"}}]}<\/script>\n<!-- \/ Yoast SEO plugin. -->","yoast_head_json":{"title":"Aluminium Ansaugtrichter mit Sieb \/ Keihin CR special 26-33 Rundschieber Vergaser - Frank! MXParts","robots":{"index":"noindex","follow":"follow","max-snippet":"max-snippet:-1","max-image-preview":"max-image-preview:large","max-video-preview":"max-video-preview:-1"},"og_locale":"de_DE","og_type":"article","og_title":"Aluminium Ansaugtrichter mit Sieb \/ Keihin CR special 26-33 Rundschieber Vergaser - Frank! MXParts","og_description":"Leichtgewichts Aluminium Ansaugtrichter mit Sieb f\u00fcr Keihin CR special Rundschieber Vergaser. Gro\u00dfartig aussehende Kit, f\u00fcr eine sehr gute Preis. Die Trichter haben eine sehr feine Sieb am Aussenseite&nbsp;mit darunter eine grobere Sieb zur Unterst\u00fctzung. &nbsp; Abmessungen: 50mm. Innendurchmesser 60mm. L\u00e4nge 65mm. Aussendurchmesser (bei den Sieb). Passend f\u00fcr: Keihin CR 26-29-31-33 Rundschieber Vergaser. Das Kit enth\u00e4lt: [&hellip;]","og_url":"https:\/\/www.frankmxparts.com.iclicksapp.nl\/de\/50mm-aluminum-velocity-stack-stacks-with-wire-mesh-keihin-cr-26-29-31-33-roundslide-special-carburetors","og_site_name":"Frank! MXParts","article_modified_time":"2024-11-27T12:28:19+00:00","og_image":[{"width":750,"height":563,"url":"https:\/\/www.frankmxparts.com.iclicksapp.nl\/wp-content\/uploads\/2024\/11\/50mm-aluminum-velocity-stack-stacks-with-wire-mesh-keihin-cr-26-29-31-33-roundslide-special-carburetors-frank-mxparts-01.jpg","type":"image\/jpeg"}],"twitter_card":"summary_large_image","schema":{"@context":"https:\/\/schema.org","@graph":[{"@type":"WebPage","@id":"https:\/\/www.frankmxparts.com.iclicksapp.nl\/de\/50mm-aluminum-velocity-stack-stacks-with-wire-mesh-keihin-cr-26-29-31-33-roundslide-special-carburetors","url":"https:\/\/www.frankmxparts.com.iclicksapp.nl\/de\/50mm-aluminum-velocity-stack-stacks-with-wire-mesh-keihin-cr-26-29-31-33-roundslide-special-carburetors","name":"Aluminium Ansaugtrichter mit Sieb \/ Keihin CR special 26-33 Rundschieber Vergaser - Frank! MXParts","isPartOf":{"@id":"https:\/\/www.frankmxparts.com.iclicksapp.nl\/de\/#website"},"primaryImageOfPage":{"@id":"https:\/\/www.frankmxparts.com.iclicksapp.nl\/de\/50mm-aluminum-velocity-stack-stacks-with-wire-mesh-keihin-cr-26-29-31-33-roundslide-special-carburetors#primaryimage"},"image":{"@id":"https:\/\/www.frankmxparts.com.iclicksapp.nl\/de\/50mm-aluminum-velocity-stack-stacks-with-wire-mesh-keihin-cr-26-29-31-33-roundslide-special-carburetors#primaryimage"},"thumbnailUrl":"https:\/\/www.frankmxparts.com.iclicksapp.nl\/wp-content\/uploads\/2024\/11\/50mm-aluminum-velocity-stack-stacks-with-wire-mesh-keihin-cr-26-29-31-33-roundslide-special-carburetors-frank-mxparts-01.jpg","datePublished":"2024-11-19T21:08:31+00:00","dateModified":"2024-11-27T12:28:19+00:00","breadcrumb":{"@id":"https:\/\/www.frankmxparts.com.iclicksapp.nl\/de\/50mm-aluminum-velocity-stack-stacks-with-wire-mesh-keihin-cr-26-29-31-33-roundslide-special-carburetors#breadcrumb"},"inLanguage":"de","potentialAction":[{"@type":"ReadAction","target":["https:\/\/www.frankmxparts.com.iclicksapp.nl\/de\/50mm-aluminum-velocity-stack-stacks-with-wire-mesh-keihin-cr-26-29-31-33-roundslide-special-carburetors"]}]},{"@type":"ImageObject","inLanguage":"de","@id":"https:\/\/www.frankmxparts.com.iclicksapp.nl\/de\/50mm-aluminum-velocity-stack-stacks-with-wire-mesh-keihin-cr-26-29-31-33-roundslide-special-carburetors#primaryimage","url":"https:\/\/www.frankmxparts.com.iclicksapp.nl\/wp-content\/uploads\/2024\/11\/50mm-aluminum-velocity-stack-stacks-with-wire-mesh-keihin-cr-26-29-31-33-roundslide-special-carburetors-frank-mxparts-01.jpg","contentUrl":"https:\/\/www.frankmxparts.com.iclicksapp.nl\/wp-content\/uploads\/2024\/11\/50mm-aluminum-velocity-stack-stacks-with-wire-mesh-keihin-cr-26-29-31-33-roundslide-special-carburetors-frank-mxparts-01.jpg","width":750,"height":563},{"@type":"BreadcrumbList","@id":"https:\/\/www.frankmxparts.com.iclicksapp.nl\/de\/50mm-aluminum-velocity-stack-stacks-with-wire-mesh-keihin-cr-26-29-31-33-roundslide-special-carburetors#breadcrumb","itemListElement":[{"@type":"ListItem","position":1,"name":"Home","item":"https:\/\/www.frankmxparts.com.iclicksapp.nl\/de"},{"@type":"ListItem","position":2,"name":"Shop","item":"https:\/\/www.frankmxparts.com.iclicksapp.nl\/winkel"},{"@type":"ListItem","position":3,"name":"Aluminium Ansaugtrichter mit Sieb \/ Keihin CR special 26-33 Rundschieber Vergaser"}]},{"@type":"WebSite","@id":"https:\/\/www.frankmxparts.com.iclicksapp.nl\/de\/#website","url":"https:\/\/www.frankmxparts.com.iclicksapp.nl\/de\/","name":"Frank! MXParts","description":"","publisher":{"@id":"https:\/\/www.frankmxparts.com.iclicksapp.nl\/de\/#organization"},"potentialAction":[{"@type":"SearchAction","target":{"@type":"EntryPoint","urlTemplate":"https:\/\/www.frankmxparts.com.iclicksapp.nl\/de\/?s={search_term_string}"},"query-input":{"@type":"PropertyValueSpecification","valueRequired":true,"valueName":"search_term_string"}}],"inLanguage":"de"},{"@type":"Organization","@id":"https:\/\/www.frankmxparts.com.iclicksapp.nl\/de\/#organization","name":"Frank! MXParts","url":"https:\/\/www.frankmxparts.com.iclicksapp.nl\/de\/","logo":{"@type":"ImageObject","inLanguage":"de","@id":"https:\/\/www.frankmxparts.com.iclicksapp.nl\/de\/#\/schema\/logo\/image\/","url":"https:\/\/www.frankmxparts.com.iclicksapp.nl\/wp-content\/uploads\/2024\/01\/frank-mxparts-logo.svg","contentUrl":"https:\/\/www.frankmxparts.com.iclicksapp.nl\/wp-content\/uploads\/2024\/01\/frank-mxparts-logo.svg","width":301,"height":88,"caption":"Frank! MXParts"},"image":{"@id":"https:\/\/www.frankmxparts.com.iclicksapp.nl\/de\/#\/schema\/logo\/image\/"}}]}},"_links":{"self":[{"href":"https:\/\/www.frankmxparts.com.iclicksapp.nl\/de\/wp-json\/wp\/v2\/product\/214087","targetHints":{"allow":["GET"]}}],"collection":[{"href":"https:\/\/www.frankmxparts.com.iclicksapp.nl\/de\/wp-json\/wp\/v2\/product"}],"about":[{"href":"https:\/\/www.frankmxparts.com.iclicksapp.nl\/de\/wp-json\/wp\/v2\/types\/product"}],"replies":[{"embeddable":true,"href":"https:\/\/www.frankmxparts.com.iclicksapp.nl\/de\/wp-json\/wp\/v2\/comments?post=214087"}],"wp:featuredmedia":[{"embeddable":true,"href":"https:\/\/www.frankmxparts.com.iclicksapp.nl\/de\/wp-json\/wp\/v2\/media\/199209"}],"wp:attachment":[{"href":"https:\/\/www.frankmxparts.com.iclicksapp.nl\/de\/wp-json\/wp\/v2\/media?parent=214087"}],"wp:term":[{"taxonomy":"product_brand","embeddable":true,"href":"https:\/\/www.frankmxparts.com.iclicksapp.nl\/de\/wp-json\/wp\/v2\/product_brand?post=214087"},{"taxonomy":"product_cat","embeddable":true,"href":"https:\/\/www.frankmxparts.com.iclicksapp.nl\/de\/wp-json\/wp\/v2\/product_cat?post=214087"},{"taxonomy":"product_tag","embeddable":true,"href":"https:\/\/www.frankmxparts.com.iclicksapp.nl\/de\/wp-json\/wp\/v2\/product_tag?post=214087"}],"curies":[{"name":"wp","href":"https:\/\/api.w.org\/{rel}","templated":true}]}}