{"id":214177,"date":"2024-11-19T22:14:05","date_gmt":"2024-11-19T21:14:05","guid":{"rendered":"https:\/\/www.frankmxparts.com.iclicksapp.nl\/product\/keihin-fcr-41-flatslide-racing-carburetors-96-99-kawasaki-zx750-ninja-zx-7r"},"modified":"2024-11-27T14:37:04","modified_gmt":"2024-11-27T12:37:04","slug":"keihin-fcr-41-flatslide-racing-carburetors-96-99-kawasaki-zx750-ninja-zx-7r","status":"publish","type":"product","link":"https:\/\/www.frankmxparts.com.iclicksapp.nl\/de\/keihin-fcr-41-flatslide-racing-carburetors-96-99-kawasaki-zx750-ninja-zx-7r","title":{"rendered":"Keihin FCR 41 Flachshieber racing Vergaser \/ 96-99 Kawasaki ZX750 Ninja ZX-7R"},"content":{"rendered":"<p>\n<strong>Keihin FCR41&nbsp;Flachschieber&nbsp;racing Vergaser Kit f\u00fcr den Kawasaki ZX-7R<\/strong>.<\/p>\n<p><font color=\"#000cff\">Brauchen Sie das Beste vom Besten? Suchen Sie nicht weiter, hier sind die Vergaser die Sie brauchen. Hochwertige Keihin Flachschieber Vergaser mit Beschleunigerpumpe, bieten eine seri\u00f6se Leistungsgewinne gegen\u00fcber den serienm\u00e4\u00dfigen Vergaser.<\/font><\/p>\n<p>Das Kit enth\u00e4lt:<\/p>\n<ul>\n<li>Keihin FCR41 fallstrom&nbsp;Flachschieber&nbsp;racing Vergaser<\/li>\n<li>50mm. Ansaugtrichter (4x)<\/li>\n<li>Schraube f\u00fcr Ansaugtrichter (8x)<\/li>\n<li>Anschraubstutz (4x)<\/li>\n<li>Keihin Handbuch (EN).<\/li>\n<\/ul>\n<p>\nPassend f\u00fcr: den 96-99 Kawasaki ZX-7R (ZX750 Ninja).<\/p>\n<p>\nKomplett wie abgebildet.<br \/>\nReady to race&#8230;<\/p>\n<p>&nbsp;<\/p>\n","protected":false},"excerpt":{"rendered":"<p>Keihin FCR41&nbsp;Flachschieber&nbsp;racing Vergaser Kit f\u00fcr den Kawasaki ZX-7R. Brauchen Sie das Beste vom Besten? Suchen Sie nicht weiter, hier sind die Vergaser die Sie brauchen. Hochwertige Keihin Flachschieber Vergaser mit Beschleunigerpumpe, bieten eine seri\u00f6se Leistungsgewinne gegen\u00fcber den serienm\u00e4\u00dfigen Vergaser. Das Kit enth\u00e4lt: Keihin FCR41 fallstrom&nbsp;Flachschieber&nbsp;racing Vergaser 50mm. Ansaugtrichter (4x) Schraube f\u00fcr Ansaugtrichter (8x) Anschraubstutz (4x) [&hellip;]<\/p>\n","protected":false},"featured_media":200196,"comment_status":"closed","ping_status":"closed","template":"","meta":{"_acf_changed":false},"product_brand":[],"product_cat":[9441],"product_tag":[],"class_list":{"0":"post-214177","1":"product","2":"type-product","3":"status-publish","4":"has-post-thumbnail","6":"product_cat-uncategorized","7":"pa_manufacturer-keihin-de","9":"first","10":"outofstock","11":"taxable","12":"shipping-taxable","13":"purchasable","14":"product-type-simple"},"acf":[],"yoast_head":"<!-- This site is optimized with the Yoast SEO plugin v27.3 - https:\/\/yoast.com\/product\/yoast-seo-wordpress\/ -->\n<title>Keihin FCR 41 Flachshieber racing Vergaser \/ 96-99 Kawasaki ZX750 Ninja ZX-7R - Frank! MXParts<\/title>\n<meta name=\"robots\" content=\"noindex, follow, max-snippet:-1, max-image-preview:large, max-video-preview:-1\" \/>\n<meta property=\"og:locale\" content=\"de_DE\" \/>\n<meta property=\"og:type\" content=\"article\" \/>\n<meta property=\"og:title\" content=\"Keihin FCR 41 Flachshieber racing Vergaser \/ 96-99 Kawasaki ZX750 Ninja ZX-7R - Frank! MXParts\" \/>\n<meta property=\"og:description\" content=\"Keihin FCR41&nbsp;Flachschieber&nbsp;racing Vergaser Kit f\u00fcr den Kawasaki ZX-7R. Brauchen Sie das Beste vom Besten? Suchen Sie nicht weiter, hier sind die Vergaser die Sie brauchen. Hochwertige Keihin Flachschieber Vergaser mit Beschleunigerpumpe, bieten eine seri\u00f6se Leistungsgewinne gegen\u00fcber den serienm\u00e4\u00dfigen Vergaser. Das Kit enth\u00e4lt: Keihin FCR41 fallstrom&nbsp;Flachschieber&nbsp;racing Vergaser 50mm. Ansaugtrichter (4x) Schraube f\u00fcr Ansaugtrichter (8x) Anschraubstutz (4x) [&hellip;]\" \/>\n<meta property=\"og:url\" content=\"https:\/\/www.frankmxparts.com.iclicksapp.nl\/de\/keihin-fcr-41-flatslide-racing-carburetors-96-99-kawasaki-zx750-ninja-zx-7r\" \/>\n<meta property=\"og:site_name\" content=\"Frank! MXParts\" \/>\n<meta property=\"article:modified_time\" content=\"2024-11-27T12:37:04+00:00\" \/>\n<meta property=\"og:image\" content=\"https:\/\/www.frankmxparts.com.iclicksapp.nl\/wp-content\/uploads\/2024\/11\/Keihin-FCR-41-flatslide-racing-carburetors-96-99-Kawasaki-ZX750-Ninja-ZX-7R-frank-mxparts-01.jpg\" \/>\n\t<meta property=\"og:image:width\" content=\"750\" \/>\n\t<meta property=\"og:image:height\" content=\"563\" \/>\n\t<meta property=\"og:image:type\" content=\"image\/jpeg\" \/>\n<meta name=\"twitter:card\" content=\"summary_large_image\" \/>\n<script type=\"application\/ld+json\" class=\"yoast-schema-graph\">{\"@context\":\"https:\\\/\\\/schema.org\",\"@graph\":[{\"@type\":\"WebPage\",\"@id\":\"https:\\\/\\\/www.frankmxparts.com.iclicksapp.nl\\\/de\\\/keihin-fcr-41-flatslide-racing-carburetors-96-99-kawasaki-zx750-ninja-zx-7r\",\"url\":\"https:\\\/\\\/www.frankmxparts.com.iclicksapp.nl\\\/de\\\/keihin-fcr-41-flatslide-racing-carburetors-96-99-kawasaki-zx750-ninja-zx-7r\",\"name\":\"Keihin FCR 41 Flachshieber racing Vergaser \\\/ 96-99 Kawasaki ZX750 Ninja ZX-7R - Frank! MXParts\",\"isPartOf\":{\"@id\":\"https:\\\/\\\/www.frankmxparts.com.iclicksapp.nl\\\/de\\\/#website\"},\"primaryImageOfPage\":{\"@id\":\"https:\\\/\\\/www.frankmxparts.com.iclicksapp.nl\\\/de\\\/keihin-fcr-41-flatslide-racing-carburetors-96-99-kawasaki-zx750-ninja-zx-7r#primaryimage\"},\"image\":{\"@id\":\"https:\\\/\\\/www.frankmxparts.com.iclicksapp.nl\\\/de\\\/keihin-fcr-41-flatslide-racing-carburetors-96-99-kawasaki-zx750-ninja-zx-7r#primaryimage\"},\"thumbnailUrl\":\"https:\\\/\\\/www.frankmxparts.com.iclicksapp.nl\\\/wp-content\\\/uploads\\\/2024\\\/11\\\/Keihin-FCR-41-flatslide-racing-carburetors-96-99-Kawasaki-ZX750-Ninja-ZX-7R-frank-mxparts-01.jpg\",\"datePublished\":\"2024-11-19T21:14:05+00:00\",\"dateModified\":\"2024-11-27T12:37:04+00:00\",\"breadcrumb\":{\"@id\":\"https:\\\/\\\/www.frankmxparts.com.iclicksapp.nl\\\/de\\\/keihin-fcr-41-flatslide-racing-carburetors-96-99-kawasaki-zx750-ninja-zx-7r#breadcrumb\"},\"inLanguage\":\"de\",\"potentialAction\":[{\"@type\":\"ReadAction\",\"target\":[\"https:\\\/\\\/www.frankmxparts.com.iclicksapp.nl\\\/de\\\/keihin-fcr-41-flatslide-racing-carburetors-96-99-kawasaki-zx750-ninja-zx-7r\"]}]},{\"@type\":\"ImageObject\",\"inLanguage\":\"de\",\"@id\":\"https:\\\/\\\/www.frankmxparts.com.iclicksapp.nl\\\/de\\\/keihin-fcr-41-flatslide-racing-carburetors-96-99-kawasaki-zx750-ninja-zx-7r#primaryimage\",\"url\":\"https:\\\/\\\/www.frankmxparts.com.iclicksapp.nl\\\/wp-content\\\/uploads\\\/2024\\\/11\\\/Keihin-FCR-41-flatslide-racing-carburetors-96-99-Kawasaki-ZX750-Ninja-ZX-7R-frank-mxparts-01.jpg\",\"contentUrl\":\"https:\\\/\\\/www.frankmxparts.com.iclicksapp.nl\\\/wp-content\\\/uploads\\\/2024\\\/11\\\/Keihin-FCR-41-flatslide-racing-carburetors-96-99-Kawasaki-ZX750-Ninja-ZX-7R-frank-mxparts-01.jpg\",\"width\":750,\"height\":563},{\"@type\":\"BreadcrumbList\",\"@id\":\"https:\\\/\\\/www.frankmxparts.com.iclicksapp.nl\\\/de\\\/keihin-fcr-41-flatslide-racing-carburetors-96-99-kawasaki-zx750-ninja-zx-7r#breadcrumb\",\"itemListElement\":[{\"@type\":\"ListItem\",\"position\":1,\"name\":\"Home\",\"item\":\"https:\\\/\\\/www.frankmxparts.com.iclicksapp.nl\\\/de\"},{\"@type\":\"ListItem\",\"position\":2,\"name\":\"Shop\",\"item\":\"https:\\\/\\\/www.frankmxparts.com.iclicksapp.nl\\\/winkel\"},{\"@type\":\"ListItem\",\"position\":3,\"name\":\"Keihin FCR 41 Flachshieber racing Vergaser \\\/ 96-99 Kawasaki ZX750 Ninja ZX-7R\"}]},{\"@type\":\"WebSite\",\"@id\":\"https:\\\/\\\/www.frankmxparts.com.iclicksapp.nl\\\/de\\\/#website\",\"url\":\"https:\\\/\\\/www.frankmxparts.com.iclicksapp.nl\\\/de\\\/\",\"name\":\"Frank! MXParts\",\"description\":\"\",\"publisher\":{\"@id\":\"https:\\\/\\\/www.frankmxparts.com.iclicksapp.nl\\\/de\\\/#organization\"},\"potentialAction\":[{\"@type\":\"SearchAction\",\"target\":{\"@type\":\"EntryPoint\",\"urlTemplate\":\"https:\\\/\\\/www.frankmxparts.com.iclicksapp.nl\\\/de\\\/?s={search_term_string}\"},\"query-input\":{\"@type\":\"PropertyValueSpecification\",\"valueRequired\":true,\"valueName\":\"search_term_string\"}}],\"inLanguage\":\"de\"},{\"@type\":\"Organization\",\"@id\":\"https:\\\/\\\/www.frankmxparts.com.iclicksapp.nl\\\/de\\\/#organization\",\"name\":\"Frank! MXParts\",\"url\":\"https:\\\/\\\/www.frankmxparts.com.iclicksapp.nl\\\/de\\\/\",\"logo\":{\"@type\":\"ImageObject\",\"inLanguage\":\"de\",\"@id\":\"https:\\\/\\\/www.frankmxparts.com.iclicksapp.nl\\\/de\\\/#\\\/schema\\\/logo\\\/image\\\/\",\"url\":\"https:\\\/\\\/www.frankmxparts.com.iclicksapp.nl\\\/wp-content\\\/uploads\\\/2024\\\/01\\\/frank-mxparts-logo.svg\",\"contentUrl\":\"https:\\\/\\\/www.frankmxparts.com.iclicksapp.nl\\\/wp-content\\\/uploads\\\/2024\\\/01\\\/frank-mxparts-logo.svg\",\"width\":301,\"height\":88,\"caption\":\"Frank! MXParts\"},\"image\":{\"@id\":\"https:\\\/\\\/www.frankmxparts.com.iclicksapp.nl\\\/de\\\/#\\\/schema\\\/logo\\\/image\\\/\"}}]}<\/script>\n<!-- \/ Yoast SEO plugin. -->","yoast_head_json":{"title":"Keihin FCR 41 Flachshieber racing Vergaser \/ 96-99 Kawasaki ZX750 Ninja ZX-7R - Frank! MXParts","robots":{"index":"noindex","follow":"follow","max-snippet":"max-snippet:-1","max-image-preview":"max-image-preview:large","max-video-preview":"max-video-preview:-1"},"og_locale":"de_DE","og_type":"article","og_title":"Keihin FCR 41 Flachshieber racing Vergaser \/ 96-99 Kawasaki ZX750 Ninja ZX-7R - Frank! MXParts","og_description":"Keihin FCR41&nbsp;Flachschieber&nbsp;racing Vergaser Kit f\u00fcr den Kawasaki ZX-7R. Brauchen Sie das Beste vom Besten? Suchen Sie nicht weiter, hier sind die Vergaser die Sie brauchen. Hochwertige Keihin Flachschieber Vergaser mit Beschleunigerpumpe, bieten eine seri\u00f6se Leistungsgewinne gegen\u00fcber den serienm\u00e4\u00dfigen Vergaser. Das Kit enth\u00e4lt: Keihin FCR41 fallstrom&nbsp;Flachschieber&nbsp;racing Vergaser 50mm. Ansaugtrichter (4x) Schraube f\u00fcr Ansaugtrichter (8x) Anschraubstutz (4x) [&hellip;]","og_url":"https:\/\/www.frankmxparts.com.iclicksapp.nl\/de\/keihin-fcr-41-flatslide-racing-carburetors-96-99-kawasaki-zx750-ninja-zx-7r","og_site_name":"Frank! MXParts","article_modified_time":"2024-11-27T12:37:04+00:00","og_image":[{"width":750,"height":563,"url":"https:\/\/www.frankmxparts.com.iclicksapp.nl\/wp-content\/uploads\/2024\/11\/Keihin-FCR-41-flatslide-racing-carburetors-96-99-Kawasaki-ZX750-Ninja-ZX-7R-frank-mxparts-01.jpg","type":"image\/jpeg"}],"twitter_card":"summary_large_image","schema":{"@context":"https:\/\/schema.org","@graph":[{"@type":"WebPage","@id":"https:\/\/www.frankmxparts.com.iclicksapp.nl\/de\/keihin-fcr-41-flatslide-racing-carburetors-96-99-kawasaki-zx750-ninja-zx-7r","url":"https:\/\/www.frankmxparts.com.iclicksapp.nl\/de\/keihin-fcr-41-flatslide-racing-carburetors-96-99-kawasaki-zx750-ninja-zx-7r","name":"Keihin FCR 41 Flachshieber racing Vergaser \/ 96-99 Kawasaki ZX750 Ninja ZX-7R - Frank! MXParts","isPartOf":{"@id":"https:\/\/www.frankmxparts.com.iclicksapp.nl\/de\/#website"},"primaryImageOfPage":{"@id":"https:\/\/www.frankmxparts.com.iclicksapp.nl\/de\/keihin-fcr-41-flatslide-racing-carburetors-96-99-kawasaki-zx750-ninja-zx-7r#primaryimage"},"image":{"@id":"https:\/\/www.frankmxparts.com.iclicksapp.nl\/de\/keihin-fcr-41-flatslide-racing-carburetors-96-99-kawasaki-zx750-ninja-zx-7r#primaryimage"},"thumbnailUrl":"https:\/\/www.frankmxparts.com.iclicksapp.nl\/wp-content\/uploads\/2024\/11\/Keihin-FCR-41-flatslide-racing-carburetors-96-99-Kawasaki-ZX750-Ninja-ZX-7R-frank-mxparts-01.jpg","datePublished":"2024-11-19T21:14:05+00:00","dateModified":"2024-11-27T12:37:04+00:00","breadcrumb":{"@id":"https:\/\/www.frankmxparts.com.iclicksapp.nl\/de\/keihin-fcr-41-flatslide-racing-carburetors-96-99-kawasaki-zx750-ninja-zx-7r#breadcrumb"},"inLanguage":"de","potentialAction":[{"@type":"ReadAction","target":["https:\/\/www.frankmxparts.com.iclicksapp.nl\/de\/keihin-fcr-41-flatslide-racing-carburetors-96-99-kawasaki-zx750-ninja-zx-7r"]}]},{"@type":"ImageObject","inLanguage":"de","@id":"https:\/\/www.frankmxparts.com.iclicksapp.nl\/de\/keihin-fcr-41-flatslide-racing-carburetors-96-99-kawasaki-zx750-ninja-zx-7r#primaryimage","url":"https:\/\/www.frankmxparts.com.iclicksapp.nl\/wp-content\/uploads\/2024\/11\/Keihin-FCR-41-flatslide-racing-carburetors-96-99-Kawasaki-ZX750-Ninja-ZX-7R-frank-mxparts-01.jpg","contentUrl":"https:\/\/www.frankmxparts.com.iclicksapp.nl\/wp-content\/uploads\/2024\/11\/Keihin-FCR-41-flatslide-racing-carburetors-96-99-Kawasaki-ZX750-Ninja-ZX-7R-frank-mxparts-01.jpg","width":750,"height":563},{"@type":"BreadcrumbList","@id":"https:\/\/www.frankmxparts.com.iclicksapp.nl\/de\/keihin-fcr-41-flatslide-racing-carburetors-96-99-kawasaki-zx750-ninja-zx-7r#breadcrumb","itemListElement":[{"@type":"ListItem","position":1,"name":"Home","item":"https:\/\/www.frankmxparts.com.iclicksapp.nl\/de"},{"@type":"ListItem","position":2,"name":"Shop","item":"https:\/\/www.frankmxparts.com.iclicksapp.nl\/winkel"},{"@type":"ListItem","position":3,"name":"Keihin FCR 41 Flachshieber racing Vergaser \/ 96-99 Kawasaki ZX750 Ninja ZX-7R"}]},{"@type":"WebSite","@id":"https:\/\/www.frankmxparts.com.iclicksapp.nl\/de\/#website","url":"https:\/\/www.frankmxparts.com.iclicksapp.nl\/de\/","name":"Frank! MXParts","description":"","publisher":{"@id":"https:\/\/www.frankmxparts.com.iclicksapp.nl\/de\/#organization"},"potentialAction":[{"@type":"SearchAction","target":{"@type":"EntryPoint","urlTemplate":"https:\/\/www.frankmxparts.com.iclicksapp.nl\/de\/?s={search_term_string}"},"query-input":{"@type":"PropertyValueSpecification","valueRequired":true,"valueName":"search_term_string"}}],"inLanguage":"de"},{"@type":"Organization","@id":"https:\/\/www.frankmxparts.com.iclicksapp.nl\/de\/#organization","name":"Frank! MXParts","url":"https:\/\/www.frankmxparts.com.iclicksapp.nl\/de\/","logo":{"@type":"ImageObject","inLanguage":"de","@id":"https:\/\/www.frankmxparts.com.iclicksapp.nl\/de\/#\/schema\/logo\/image\/","url":"https:\/\/www.frankmxparts.com.iclicksapp.nl\/wp-content\/uploads\/2024\/01\/frank-mxparts-logo.svg","contentUrl":"https:\/\/www.frankmxparts.com.iclicksapp.nl\/wp-content\/uploads\/2024\/01\/frank-mxparts-logo.svg","width":301,"height":88,"caption":"Frank! MXParts"},"image":{"@id":"https:\/\/www.frankmxparts.com.iclicksapp.nl\/de\/#\/schema\/logo\/image\/"}}]}},"_links":{"self":[{"href":"https:\/\/www.frankmxparts.com.iclicksapp.nl\/de\/wp-json\/wp\/v2\/product\/214177","targetHints":{"allow":["GET"]}}],"collection":[{"href":"https:\/\/www.frankmxparts.com.iclicksapp.nl\/de\/wp-json\/wp\/v2\/product"}],"about":[{"href":"https:\/\/www.frankmxparts.com.iclicksapp.nl\/de\/wp-json\/wp\/v2\/types\/product"}],"replies":[{"embeddable":true,"href":"https:\/\/www.frankmxparts.com.iclicksapp.nl\/de\/wp-json\/wp\/v2\/comments?post=214177"}],"wp:featuredmedia":[{"embeddable":true,"href":"https:\/\/www.frankmxparts.com.iclicksapp.nl\/de\/wp-json\/wp\/v2\/media\/200196"}],"wp:attachment":[{"href":"https:\/\/www.frankmxparts.com.iclicksapp.nl\/de\/wp-json\/wp\/v2\/media?parent=214177"}],"wp:term":[{"taxonomy":"product_brand","embeddable":true,"href":"https:\/\/www.frankmxparts.com.iclicksapp.nl\/de\/wp-json\/wp\/v2\/product_brand?post=214177"},{"taxonomy":"product_cat","embeddable":true,"href":"https:\/\/www.frankmxparts.com.iclicksapp.nl\/de\/wp-json\/wp\/v2\/product_cat?post=214177"},{"taxonomy":"product_tag","embeddable":true,"href":"https:\/\/www.frankmxparts.com.iclicksapp.nl\/de\/wp-json\/wp\/v2\/product_tag?post=214177"}],"curies":[{"name":"wp","href":"https:\/\/api.w.org\/{rel}","templated":true}]}}