{"id":214370,"date":"2024-11-19T22:20:57","date_gmt":"2024-11-19T21:20:57","guid":{"rendered":"https:\/\/www.frankmxparts.com.iclicksapp.nl\/product\/mikuni-tm-38-tm38-tmx-38-tmx38-flatslide-carburetor-tm38-27"},"modified":"2024-11-21T12:08:05","modified_gmt":"2024-11-21T10:08:05","slug":"mikuni-tm-38-tm38-tmx-38-tmx38-flatslide-carburetor-tm38-27","status":"publish","type":"product","link":"https:\/\/www.frankmxparts.com.iclicksapp.nl\/de\/mikuni-tm-38-tm38-tmx-38-tmx38-flatslide-carburetor-tm38-27","title":{"rendered":"Mikuni TMX 38 Flachschieber Vergaser \/ TM38-27"},"content":{"rendered":"<p>\n<strong>Mikuni TMX38 Vergaser<\/strong>.<\/p>\n<p>Diese Vergaser der TMX-Serie verwendet&nbsp;einen Flachschieber in einem &#8222;smooth-bore&#8220; Venturi, f\u00fcr&nbsp;ein verbessertes Ansprechverhalten und eine breitere Drehzahlband. Den Vergaser ist leicht und hat ein kompaktes Design. Der TMX38 eignet sich am besten f\u00fcr 250ccm (und gr\u00f6\u00dfere)&nbsp;2-Takt Motoren und bietet eine seri\u00f6se Leistungssteigerung f\u00fcr viele OEM-Vergaser.<\/p>\n<p><strong>Einstellungen<\/strong>:<\/p>\n<ul>\n<li>#20 Leerlaufd\u00fcse<\/li>\n<li>#370 Hauptd\u00fcse<\/li>\n<li>6EJ12-55 D\u00fcsennadel<\/li>\n<li>feste Nadeld\u00fcse<\/li>\n<li>3.5 Gasschieber<\/li>\n<li>3.5 Schwimmernadelventilsitz.<\/li>\n<\/ul>\n<p>\n<strong style=\"font-size: 11px;\">Abmessungen<\/strong><span style=\"font-size: 11px;\">:<\/span><\/p>\n<ul>\n<li>Aussendurchmesser vorne: 44mm.<\/li>\n<li><span style=\"font-family: &quot;Trebuchet MS&quot;, Verdana, Arial, Helvetica; font-size: 11px;\">Aussendurchmesser hinten<\/span>: 62mm.<\/li>\n<li>Gesamtl\u00e4nge: 76mm.<\/li>\n<li>Gesamth\u00f6he: 164mm.<\/li>\n<\/ul>\n<p>&nbsp;<\/p>\n<p><span style=\"font-size: 11px;\">Komplett wie abgebildet.<\/span><\/p>\n<p>&nbsp;<\/p>\n<p>&nbsp;<\/p>\n","protected":false},"excerpt":{"rendered":"<p>Mikuni TMX38 Vergaser. Diese Vergaser der TMX-Serie verwendet&nbsp;einen Flachschieber in einem &#8222;smooth-bore&#8220; Venturi, f\u00fcr&nbsp;ein verbessertes Ansprechverhalten und eine breitere Drehzahlband. Den Vergaser ist leicht und hat ein kompaktes Design. Der TMX38 eignet sich am besten f\u00fcr 250ccm (und gr\u00f6\u00dfere)&nbsp;2-Takt Motoren und bietet eine seri\u00f6se Leistungssteigerung f\u00fcr viele OEM-Vergaser. Einstellungen: #20 Leerlaufd\u00fcse #370 Hauptd\u00fcse 6EJ12-55 D\u00fcsennadel [&hellip;]<\/p>\n","protected":false},"featured_media":201220,"comment_status":"closed","ping_status":"closed","template":"","meta":{"_acf_changed":false},"product_brand":[],"product_cat":[9441],"product_tag":[],"class_list":{"0":"post-214370","1":"product","2":"type-product","3":"status-publish","4":"has-post-thumbnail","6":"product_cat-uncategorized","7":"pa_manufacturer-mikuni-de","9":"first","10":"instock","11":"taxable","12":"shipping-taxable","13":"purchasable","14":"product-type-simple"},"acf":[],"yoast_head":"<!-- This site is optimized with the Yoast SEO plugin v27.3 - https:\/\/yoast.com\/product\/yoast-seo-wordpress\/ -->\n<title>Mikuni TMX 38 Flachschieber Vergaser \/ TM38-27 - Frank! MXParts<\/title>\n<meta name=\"robots\" content=\"noindex, follow, max-snippet:-1, max-image-preview:large, max-video-preview:-1\" \/>\n<meta property=\"og:locale\" content=\"de_DE\" \/>\n<meta property=\"og:type\" content=\"article\" \/>\n<meta property=\"og:title\" content=\"Mikuni TMX 38 Flachschieber Vergaser \/ TM38-27 - Frank! MXParts\" \/>\n<meta property=\"og:description\" content=\"Mikuni TMX38 Vergaser. Diese Vergaser der TMX-Serie verwendet&nbsp;einen Flachschieber in einem &#8222;smooth-bore&#8220; Venturi, f\u00fcr&nbsp;ein verbessertes Ansprechverhalten und eine breitere Drehzahlband. Den Vergaser ist leicht und hat ein kompaktes Design. Der TMX38 eignet sich am besten f\u00fcr 250ccm (und gr\u00f6\u00dfere)&nbsp;2-Takt Motoren und bietet eine seri\u00f6se Leistungssteigerung f\u00fcr viele OEM-Vergaser. Einstellungen: #20 Leerlaufd\u00fcse #370 Hauptd\u00fcse 6EJ12-55 D\u00fcsennadel [&hellip;]\" \/>\n<meta property=\"og:url\" content=\"https:\/\/www.frankmxparts.com.iclicksapp.nl\/de\/mikuni-tm-38-tm38-tmx-38-tmx38-flatslide-carburetor-tm38-27\" \/>\n<meta property=\"og:site_name\" content=\"Frank! MXParts\" \/>\n<meta property=\"article:modified_time\" content=\"2024-11-21T10:08:05+00:00\" \/>\n<meta property=\"og:image\" content=\"https:\/\/www.frankmxparts.com.iclicksapp.nl\/wp-content\/uploads\/2024\/11\/Mikuni-TM-38-TM38-TMX-38-TMX38-flatslide-carburetor-TM38-27-frank-mxparts-01.jpg\" \/>\n\t<meta property=\"og:image:width\" content=\"750\" \/>\n\t<meta property=\"og:image:height\" content=\"563\" \/>\n\t<meta property=\"og:image:type\" content=\"image\/jpeg\" \/>\n<meta name=\"twitter:card\" content=\"summary_large_image\" \/>\n<script type=\"application\/ld+json\" class=\"yoast-schema-graph\">{\"@context\":\"https:\\\/\\\/schema.org\",\"@graph\":[{\"@type\":\"WebPage\",\"@id\":\"https:\\\/\\\/www.frankmxparts.com.iclicksapp.nl\\\/de\\\/mikuni-tm-38-tm38-tmx-38-tmx38-flatslide-carburetor-tm38-27\",\"url\":\"https:\\\/\\\/www.frankmxparts.com.iclicksapp.nl\\\/de\\\/mikuni-tm-38-tm38-tmx-38-tmx38-flatslide-carburetor-tm38-27\",\"name\":\"Mikuni TMX 38 Flachschieber Vergaser \\\/ TM38-27 - Frank! MXParts\",\"isPartOf\":{\"@id\":\"https:\\\/\\\/www.frankmxparts.com.iclicksapp.nl\\\/de\\\/#website\"},\"primaryImageOfPage\":{\"@id\":\"https:\\\/\\\/www.frankmxparts.com.iclicksapp.nl\\\/de\\\/mikuni-tm-38-tm38-tmx-38-tmx38-flatslide-carburetor-tm38-27#primaryimage\"},\"image\":{\"@id\":\"https:\\\/\\\/www.frankmxparts.com.iclicksapp.nl\\\/de\\\/mikuni-tm-38-tm38-tmx-38-tmx38-flatslide-carburetor-tm38-27#primaryimage\"},\"thumbnailUrl\":\"https:\\\/\\\/www.frankmxparts.com.iclicksapp.nl\\\/wp-content\\\/uploads\\\/2024\\\/11\\\/Mikuni-TM-38-TM38-TMX-38-TMX38-flatslide-carburetor-TM38-27-frank-mxparts-01.jpg\",\"datePublished\":\"2024-11-19T21:20:57+00:00\",\"dateModified\":\"2024-11-21T10:08:05+00:00\",\"breadcrumb\":{\"@id\":\"https:\\\/\\\/www.frankmxparts.com.iclicksapp.nl\\\/de\\\/mikuni-tm-38-tm38-tmx-38-tmx38-flatslide-carburetor-tm38-27#breadcrumb\"},\"inLanguage\":\"de\",\"potentialAction\":[{\"@type\":\"ReadAction\",\"target\":[\"https:\\\/\\\/www.frankmxparts.com.iclicksapp.nl\\\/de\\\/mikuni-tm-38-tm38-tmx-38-tmx38-flatslide-carburetor-tm38-27\"]}]},{\"@type\":\"ImageObject\",\"inLanguage\":\"de\",\"@id\":\"https:\\\/\\\/www.frankmxparts.com.iclicksapp.nl\\\/de\\\/mikuni-tm-38-tm38-tmx-38-tmx38-flatslide-carburetor-tm38-27#primaryimage\",\"url\":\"https:\\\/\\\/www.frankmxparts.com.iclicksapp.nl\\\/wp-content\\\/uploads\\\/2024\\\/11\\\/Mikuni-TM-38-TM38-TMX-38-TMX38-flatslide-carburetor-TM38-27-frank-mxparts-01.jpg\",\"contentUrl\":\"https:\\\/\\\/www.frankmxparts.com.iclicksapp.nl\\\/wp-content\\\/uploads\\\/2024\\\/11\\\/Mikuni-TM-38-TM38-TMX-38-TMX38-flatslide-carburetor-TM38-27-frank-mxparts-01.jpg\",\"width\":750,\"height\":563},{\"@type\":\"BreadcrumbList\",\"@id\":\"https:\\\/\\\/www.frankmxparts.com.iclicksapp.nl\\\/de\\\/mikuni-tm-38-tm38-tmx-38-tmx38-flatslide-carburetor-tm38-27#breadcrumb\",\"itemListElement\":[{\"@type\":\"ListItem\",\"position\":1,\"name\":\"Home\",\"item\":\"https:\\\/\\\/www.frankmxparts.com.iclicksapp.nl\\\/de\"},{\"@type\":\"ListItem\",\"position\":2,\"name\":\"Shop\",\"item\":\"https:\\\/\\\/www.frankmxparts.com.iclicksapp.nl\\\/winkel\"},{\"@type\":\"ListItem\",\"position\":3,\"name\":\"Mikuni TMX 38 Flachschieber Vergaser \\\/ TM38-27\"}]},{\"@type\":\"WebSite\",\"@id\":\"https:\\\/\\\/www.frankmxparts.com.iclicksapp.nl\\\/de\\\/#website\",\"url\":\"https:\\\/\\\/www.frankmxparts.com.iclicksapp.nl\\\/de\\\/\",\"name\":\"Frank! MXParts\",\"description\":\"\",\"publisher\":{\"@id\":\"https:\\\/\\\/www.frankmxparts.com.iclicksapp.nl\\\/de\\\/#organization\"},\"potentialAction\":[{\"@type\":\"SearchAction\",\"target\":{\"@type\":\"EntryPoint\",\"urlTemplate\":\"https:\\\/\\\/www.frankmxparts.com.iclicksapp.nl\\\/de\\\/?s={search_term_string}\"},\"query-input\":{\"@type\":\"PropertyValueSpecification\",\"valueRequired\":true,\"valueName\":\"search_term_string\"}}],\"inLanguage\":\"de\"},{\"@type\":\"Organization\",\"@id\":\"https:\\\/\\\/www.frankmxparts.com.iclicksapp.nl\\\/de\\\/#organization\",\"name\":\"Frank! MXParts\",\"url\":\"https:\\\/\\\/www.frankmxparts.com.iclicksapp.nl\\\/de\\\/\",\"logo\":{\"@type\":\"ImageObject\",\"inLanguage\":\"de\",\"@id\":\"https:\\\/\\\/www.frankmxparts.com.iclicksapp.nl\\\/de\\\/#\\\/schema\\\/logo\\\/image\\\/\",\"url\":\"https:\\\/\\\/www.frankmxparts.com.iclicksapp.nl\\\/wp-content\\\/uploads\\\/2024\\\/01\\\/frank-mxparts-logo.svg\",\"contentUrl\":\"https:\\\/\\\/www.frankmxparts.com.iclicksapp.nl\\\/wp-content\\\/uploads\\\/2024\\\/01\\\/frank-mxparts-logo.svg\",\"width\":301,\"height\":88,\"caption\":\"Frank! MXParts\"},\"image\":{\"@id\":\"https:\\\/\\\/www.frankmxparts.com.iclicksapp.nl\\\/de\\\/#\\\/schema\\\/logo\\\/image\\\/\"}}]}<\/script>\n<!-- \/ Yoast SEO plugin. -->","yoast_head_json":{"title":"Mikuni TMX 38 Flachschieber Vergaser \/ TM38-27 - Frank! MXParts","robots":{"index":"noindex","follow":"follow","max-snippet":"max-snippet:-1","max-image-preview":"max-image-preview:large","max-video-preview":"max-video-preview:-1"},"og_locale":"de_DE","og_type":"article","og_title":"Mikuni TMX 38 Flachschieber Vergaser \/ TM38-27 - Frank! MXParts","og_description":"Mikuni TMX38 Vergaser. Diese Vergaser der TMX-Serie verwendet&nbsp;einen Flachschieber in einem &#8222;smooth-bore&#8220; Venturi, f\u00fcr&nbsp;ein verbessertes Ansprechverhalten und eine breitere Drehzahlband. Den Vergaser ist leicht und hat ein kompaktes Design. Der TMX38 eignet sich am besten f\u00fcr 250ccm (und gr\u00f6\u00dfere)&nbsp;2-Takt Motoren und bietet eine seri\u00f6se Leistungssteigerung f\u00fcr viele OEM-Vergaser. Einstellungen: #20 Leerlaufd\u00fcse #370 Hauptd\u00fcse 6EJ12-55 D\u00fcsennadel [&hellip;]","og_url":"https:\/\/www.frankmxparts.com.iclicksapp.nl\/de\/mikuni-tm-38-tm38-tmx-38-tmx38-flatslide-carburetor-tm38-27","og_site_name":"Frank! MXParts","article_modified_time":"2024-11-21T10:08:05+00:00","og_image":[{"width":750,"height":563,"url":"https:\/\/www.frankmxparts.com.iclicksapp.nl\/wp-content\/uploads\/2024\/11\/Mikuni-TM-38-TM38-TMX-38-TMX38-flatslide-carburetor-TM38-27-frank-mxparts-01.jpg","type":"image\/jpeg"}],"twitter_card":"summary_large_image","schema":{"@context":"https:\/\/schema.org","@graph":[{"@type":"WebPage","@id":"https:\/\/www.frankmxparts.com.iclicksapp.nl\/de\/mikuni-tm-38-tm38-tmx-38-tmx38-flatslide-carburetor-tm38-27","url":"https:\/\/www.frankmxparts.com.iclicksapp.nl\/de\/mikuni-tm-38-tm38-tmx-38-tmx38-flatslide-carburetor-tm38-27","name":"Mikuni TMX 38 Flachschieber Vergaser \/ TM38-27 - Frank! MXParts","isPartOf":{"@id":"https:\/\/www.frankmxparts.com.iclicksapp.nl\/de\/#website"},"primaryImageOfPage":{"@id":"https:\/\/www.frankmxparts.com.iclicksapp.nl\/de\/mikuni-tm-38-tm38-tmx-38-tmx38-flatslide-carburetor-tm38-27#primaryimage"},"image":{"@id":"https:\/\/www.frankmxparts.com.iclicksapp.nl\/de\/mikuni-tm-38-tm38-tmx-38-tmx38-flatslide-carburetor-tm38-27#primaryimage"},"thumbnailUrl":"https:\/\/www.frankmxparts.com.iclicksapp.nl\/wp-content\/uploads\/2024\/11\/Mikuni-TM-38-TM38-TMX-38-TMX38-flatslide-carburetor-TM38-27-frank-mxparts-01.jpg","datePublished":"2024-11-19T21:20:57+00:00","dateModified":"2024-11-21T10:08:05+00:00","breadcrumb":{"@id":"https:\/\/www.frankmxparts.com.iclicksapp.nl\/de\/mikuni-tm-38-tm38-tmx-38-tmx38-flatslide-carburetor-tm38-27#breadcrumb"},"inLanguage":"de","potentialAction":[{"@type":"ReadAction","target":["https:\/\/www.frankmxparts.com.iclicksapp.nl\/de\/mikuni-tm-38-tm38-tmx-38-tmx38-flatslide-carburetor-tm38-27"]}]},{"@type":"ImageObject","inLanguage":"de","@id":"https:\/\/www.frankmxparts.com.iclicksapp.nl\/de\/mikuni-tm-38-tm38-tmx-38-tmx38-flatslide-carburetor-tm38-27#primaryimage","url":"https:\/\/www.frankmxparts.com.iclicksapp.nl\/wp-content\/uploads\/2024\/11\/Mikuni-TM-38-TM38-TMX-38-TMX38-flatslide-carburetor-TM38-27-frank-mxparts-01.jpg","contentUrl":"https:\/\/www.frankmxparts.com.iclicksapp.nl\/wp-content\/uploads\/2024\/11\/Mikuni-TM-38-TM38-TMX-38-TMX38-flatslide-carburetor-TM38-27-frank-mxparts-01.jpg","width":750,"height":563},{"@type":"BreadcrumbList","@id":"https:\/\/www.frankmxparts.com.iclicksapp.nl\/de\/mikuni-tm-38-tm38-tmx-38-tmx38-flatslide-carburetor-tm38-27#breadcrumb","itemListElement":[{"@type":"ListItem","position":1,"name":"Home","item":"https:\/\/www.frankmxparts.com.iclicksapp.nl\/de"},{"@type":"ListItem","position":2,"name":"Shop","item":"https:\/\/www.frankmxparts.com.iclicksapp.nl\/winkel"},{"@type":"ListItem","position":3,"name":"Mikuni TMX 38 Flachschieber Vergaser \/ TM38-27"}]},{"@type":"WebSite","@id":"https:\/\/www.frankmxparts.com.iclicksapp.nl\/de\/#website","url":"https:\/\/www.frankmxparts.com.iclicksapp.nl\/de\/","name":"Frank! MXParts","description":"","publisher":{"@id":"https:\/\/www.frankmxparts.com.iclicksapp.nl\/de\/#organization"},"potentialAction":[{"@type":"SearchAction","target":{"@type":"EntryPoint","urlTemplate":"https:\/\/www.frankmxparts.com.iclicksapp.nl\/de\/?s={search_term_string}"},"query-input":{"@type":"PropertyValueSpecification","valueRequired":true,"valueName":"search_term_string"}}],"inLanguage":"de"},{"@type":"Organization","@id":"https:\/\/www.frankmxparts.com.iclicksapp.nl\/de\/#organization","name":"Frank! MXParts","url":"https:\/\/www.frankmxparts.com.iclicksapp.nl\/de\/","logo":{"@type":"ImageObject","inLanguage":"de","@id":"https:\/\/www.frankmxparts.com.iclicksapp.nl\/de\/#\/schema\/logo\/image\/","url":"https:\/\/www.frankmxparts.com.iclicksapp.nl\/wp-content\/uploads\/2024\/01\/frank-mxparts-logo.svg","contentUrl":"https:\/\/www.frankmxparts.com.iclicksapp.nl\/wp-content\/uploads\/2024\/01\/frank-mxparts-logo.svg","width":301,"height":88,"caption":"Frank! MXParts"},"image":{"@id":"https:\/\/www.frankmxparts.com.iclicksapp.nl\/de\/#\/schema\/logo\/image\/"}}]}},"_links":{"self":[{"href":"https:\/\/www.frankmxparts.com.iclicksapp.nl\/de\/wp-json\/wp\/v2\/product\/214370","targetHints":{"allow":["GET"]}}],"collection":[{"href":"https:\/\/www.frankmxparts.com.iclicksapp.nl\/de\/wp-json\/wp\/v2\/product"}],"about":[{"href":"https:\/\/www.frankmxparts.com.iclicksapp.nl\/de\/wp-json\/wp\/v2\/types\/product"}],"replies":[{"embeddable":true,"href":"https:\/\/www.frankmxparts.com.iclicksapp.nl\/de\/wp-json\/wp\/v2\/comments?post=214370"}],"wp:featuredmedia":[{"embeddable":true,"href":"https:\/\/www.frankmxparts.com.iclicksapp.nl\/de\/wp-json\/wp\/v2\/media\/201220"}],"wp:attachment":[{"href":"https:\/\/www.frankmxparts.com.iclicksapp.nl\/de\/wp-json\/wp\/v2\/media?parent=214370"}],"wp:term":[{"taxonomy":"product_brand","embeddable":true,"href":"https:\/\/www.frankmxparts.com.iclicksapp.nl\/de\/wp-json\/wp\/v2\/product_brand?post=214370"},{"taxonomy":"product_cat","embeddable":true,"href":"https:\/\/www.frankmxparts.com.iclicksapp.nl\/de\/wp-json\/wp\/v2\/product_cat?post=214370"},{"taxonomy":"product_tag","embeddable":true,"href":"https:\/\/www.frankmxparts.com.iclicksapp.nl\/de\/wp-json\/wp\/v2\/product_tag?post=214370"}],"curies":[{"name":"wp","href":"https:\/\/api.w.org\/{rel}","templated":true}]}}