{"id":214395,"date":"2024-11-19T22:22:02","date_gmt":"2024-11-19T21:22:02","guid":{"rendered":"https:\/\/www.frankmxparts.com.iclicksapp.nl\/product\/boyesen-factory-racing-ignition-clutch-cover-black-1987-2001-honda-cr-250-cr250r"},"modified":"2024-11-28T11:31:47","modified_gmt":"2024-11-28T09:31:47","slug":"boyesen-factory-racing-ignition-clutch-cover-black-1987-2001-honda-cr-250-cr250r","status":"publish","type":"product","link":"https:\/\/www.frankmxparts.com.iclicksapp.nl\/de\/boyesen-factory-racing-ignition-clutch-cover-black-1987-2001-honda-cr-250-cr250r","title":{"rendered":"Boyesen Factory racing Z\u00fcndungsdeckel + Kupplungsdeckel schwarz \/ 1987-2001 Honda CR 250 CR250R"},"content":{"rendered":"<p>\n<strong>Boyesen Z\u00fcndungsdeckel + Kupplungsdeckel&nbsp;(schwarz) f\u00fcr die Honda CR250R.<\/strong><\/p>\n<p>Sie sind leichter, starker, und sehen super aus: die Boyesen Deckel.<\/p>\n<p><strong>Passend f\u00fcr<\/strong>: die 1987-2001 Honda CR250R.<\/p>\n<p><strong >Lieferumfang<\/strong>:<\/p>\n<ul>\n<li>Z\u00fcndungsDeckel + Dichtung<\/li>\n<li>Kupplungsdeckel + Dichtung<\/li>\n<li>4 Boyesen Aufkleber.<\/li>\n<\/ul>\n<p>\nKostenloser Versand!<br \/>\nKomplett wie abgebildet.<\/p>\n<p>&nbsp;<\/p>\n","protected":false},"excerpt":{"rendered":"<p>Boyesen Z\u00fcndungsdeckel + Kupplungsdeckel&nbsp;(schwarz) f\u00fcr die Honda CR250R. Sie sind leichter, starker, und sehen super aus: die Boyesen Deckel. Passend f\u00fcr: die 1987-2001 Honda CR250R. Lieferumfang: Z\u00fcndungsDeckel + Dichtung Kupplungsdeckel + Dichtung 4 Boyesen Aufkleber. Kostenloser Versand! Komplett wie abgebildet. &nbsp;<\/p>\n","protected":false},"featured_media":201545,"comment_status":"closed","ping_status":"closed","template":"","meta":{"_acf_changed":false},"product_brand":[],"product_cat":[9441],"product_tag":[],"class_list":{"0":"post-214395","1":"product","2":"type-product","3":"status-publish","4":"has-post-thumbnail","6":"product_cat-uncategorized","7":"pa_manufacturer-boyesen-de","9":"first","10":"instock","11":"taxable","12":"shipping-taxable","13":"purchasable","14":"product-type-simple"},"acf":[],"yoast_head":"<!-- This site is optimized with the Yoast SEO plugin v27.3 - https:\/\/yoast.com\/product\/yoast-seo-wordpress\/ -->\n<title>Boyesen Factory racing Z\u00fcndungsdeckel + Kupplungsdeckel schwarz \/ 1987-2001 Honda CR 250 CR250R - Frank! MXParts<\/title>\n<meta name=\"robots\" content=\"noindex, follow, max-snippet:-1, max-image-preview:large, max-video-preview:-1\" \/>\n<meta property=\"og:locale\" content=\"de_DE\" \/>\n<meta property=\"og:type\" content=\"article\" \/>\n<meta property=\"og:title\" content=\"Boyesen Factory racing Z\u00fcndungsdeckel + Kupplungsdeckel schwarz \/ 1987-2001 Honda CR 250 CR250R - Frank! MXParts\" \/>\n<meta property=\"og:description\" content=\"Boyesen Z\u00fcndungsdeckel + Kupplungsdeckel&nbsp;(schwarz) f\u00fcr die Honda CR250R. Sie sind leichter, starker, und sehen super aus: die Boyesen Deckel. Passend f\u00fcr: die 1987-2001 Honda CR250R. Lieferumfang: Z\u00fcndungsDeckel + Dichtung Kupplungsdeckel + Dichtung 4 Boyesen Aufkleber. Kostenloser Versand! Komplett wie abgebildet. &nbsp;\" \/>\n<meta property=\"og:url\" content=\"https:\/\/www.frankmxparts.com.iclicksapp.nl\/de\/boyesen-factory-racing-ignition-clutch-cover-black-1987-2001-honda-cr-250-cr250r\" \/>\n<meta property=\"og:site_name\" content=\"Frank! MXParts\" \/>\n<meta property=\"article:modified_time\" content=\"2024-11-28T09:31:47+00:00\" \/>\n<meta property=\"og:image\" content=\"https:\/\/www.frankmxparts.com.iclicksapp.nl\/wp-content\/uploads\/2024\/11\/Boyesen-Factory-racing-ignition-clutch-cover-black-1987-2001-Honda-CR-250-CR250R-frank-mxparts-01.jpg\" \/>\n\t<meta property=\"og:image:width\" content=\"750\" \/>\n\t<meta property=\"og:image:height\" content=\"563\" \/>\n\t<meta property=\"og:image:type\" content=\"image\/jpeg\" \/>\n<meta name=\"twitter:card\" content=\"summary_large_image\" \/>\n<script type=\"application\/ld+json\" class=\"yoast-schema-graph\">{\"@context\":\"https:\\\/\\\/schema.org\",\"@graph\":[{\"@type\":\"WebPage\",\"@id\":\"https:\\\/\\\/www.frankmxparts.com.iclicksapp.nl\\\/de\\\/boyesen-factory-racing-ignition-clutch-cover-black-1987-2001-honda-cr-250-cr250r\",\"url\":\"https:\\\/\\\/www.frankmxparts.com.iclicksapp.nl\\\/de\\\/boyesen-factory-racing-ignition-clutch-cover-black-1987-2001-honda-cr-250-cr250r\",\"name\":\"Boyesen Factory racing Z\u00fcndungsdeckel + Kupplungsdeckel schwarz \\\/ 1987-2001 Honda CR 250 CR250R - Frank! MXParts\",\"isPartOf\":{\"@id\":\"https:\\\/\\\/www.frankmxparts.com.iclicksapp.nl\\\/de\\\/#website\"},\"primaryImageOfPage\":{\"@id\":\"https:\\\/\\\/www.frankmxparts.com.iclicksapp.nl\\\/de\\\/boyesen-factory-racing-ignition-clutch-cover-black-1987-2001-honda-cr-250-cr250r#primaryimage\"},\"image\":{\"@id\":\"https:\\\/\\\/www.frankmxparts.com.iclicksapp.nl\\\/de\\\/boyesen-factory-racing-ignition-clutch-cover-black-1987-2001-honda-cr-250-cr250r#primaryimage\"},\"thumbnailUrl\":\"https:\\\/\\\/www.frankmxparts.com.iclicksapp.nl\\\/wp-content\\\/uploads\\\/2024\\\/11\\\/Boyesen-Factory-racing-ignition-clutch-cover-black-1987-2001-Honda-CR-250-CR250R-frank-mxparts-01.jpg\",\"datePublished\":\"2024-11-19T21:22:02+00:00\",\"dateModified\":\"2024-11-28T09:31:47+00:00\",\"breadcrumb\":{\"@id\":\"https:\\\/\\\/www.frankmxparts.com.iclicksapp.nl\\\/de\\\/boyesen-factory-racing-ignition-clutch-cover-black-1987-2001-honda-cr-250-cr250r#breadcrumb\"},\"inLanguage\":\"de\",\"potentialAction\":[{\"@type\":\"ReadAction\",\"target\":[\"https:\\\/\\\/www.frankmxparts.com.iclicksapp.nl\\\/de\\\/boyesen-factory-racing-ignition-clutch-cover-black-1987-2001-honda-cr-250-cr250r\"]}]},{\"@type\":\"ImageObject\",\"inLanguage\":\"de\",\"@id\":\"https:\\\/\\\/www.frankmxparts.com.iclicksapp.nl\\\/de\\\/boyesen-factory-racing-ignition-clutch-cover-black-1987-2001-honda-cr-250-cr250r#primaryimage\",\"url\":\"https:\\\/\\\/www.frankmxparts.com.iclicksapp.nl\\\/wp-content\\\/uploads\\\/2024\\\/11\\\/Boyesen-Factory-racing-ignition-clutch-cover-black-1987-2001-Honda-CR-250-CR250R-frank-mxparts-01.jpg\",\"contentUrl\":\"https:\\\/\\\/www.frankmxparts.com.iclicksapp.nl\\\/wp-content\\\/uploads\\\/2024\\\/11\\\/Boyesen-Factory-racing-ignition-clutch-cover-black-1987-2001-Honda-CR-250-CR250R-frank-mxparts-01.jpg\",\"width\":750,\"height\":563},{\"@type\":\"BreadcrumbList\",\"@id\":\"https:\\\/\\\/www.frankmxparts.com.iclicksapp.nl\\\/de\\\/boyesen-factory-racing-ignition-clutch-cover-black-1987-2001-honda-cr-250-cr250r#breadcrumb\",\"itemListElement\":[{\"@type\":\"ListItem\",\"position\":1,\"name\":\"Home\",\"item\":\"https:\\\/\\\/www.frankmxparts.com.iclicksapp.nl\\\/de\"},{\"@type\":\"ListItem\",\"position\":2,\"name\":\"Shop\",\"item\":\"https:\\\/\\\/www.frankmxparts.com.iclicksapp.nl\\\/winkel\"},{\"@type\":\"ListItem\",\"position\":3,\"name\":\"Boyesen Factory racing Z\u00fcndungsdeckel + Kupplungsdeckel schwarz \\\/ 1987-2001 Honda CR 250 CR250R\"}]},{\"@type\":\"WebSite\",\"@id\":\"https:\\\/\\\/www.frankmxparts.com.iclicksapp.nl\\\/de\\\/#website\",\"url\":\"https:\\\/\\\/www.frankmxparts.com.iclicksapp.nl\\\/de\\\/\",\"name\":\"Frank! MXParts\",\"description\":\"\",\"publisher\":{\"@id\":\"https:\\\/\\\/www.frankmxparts.com.iclicksapp.nl\\\/de\\\/#organization\"},\"potentialAction\":[{\"@type\":\"SearchAction\",\"target\":{\"@type\":\"EntryPoint\",\"urlTemplate\":\"https:\\\/\\\/www.frankmxparts.com.iclicksapp.nl\\\/de\\\/?s={search_term_string}\"},\"query-input\":{\"@type\":\"PropertyValueSpecification\",\"valueRequired\":true,\"valueName\":\"search_term_string\"}}],\"inLanguage\":\"de\"},{\"@type\":\"Organization\",\"@id\":\"https:\\\/\\\/www.frankmxparts.com.iclicksapp.nl\\\/de\\\/#organization\",\"name\":\"Frank! MXParts\",\"url\":\"https:\\\/\\\/www.frankmxparts.com.iclicksapp.nl\\\/de\\\/\",\"logo\":{\"@type\":\"ImageObject\",\"inLanguage\":\"de\",\"@id\":\"https:\\\/\\\/www.frankmxparts.com.iclicksapp.nl\\\/de\\\/#\\\/schema\\\/logo\\\/image\\\/\",\"url\":\"https:\\\/\\\/www.frankmxparts.com.iclicksapp.nl\\\/wp-content\\\/uploads\\\/2024\\\/01\\\/frank-mxparts-logo.svg\",\"contentUrl\":\"https:\\\/\\\/www.frankmxparts.com.iclicksapp.nl\\\/wp-content\\\/uploads\\\/2024\\\/01\\\/frank-mxparts-logo.svg\",\"width\":301,\"height\":88,\"caption\":\"Frank! MXParts\"},\"image\":{\"@id\":\"https:\\\/\\\/www.frankmxparts.com.iclicksapp.nl\\\/de\\\/#\\\/schema\\\/logo\\\/image\\\/\"}}]}<\/script>\n<!-- \/ Yoast SEO plugin. -->","yoast_head_json":{"title":"Boyesen Factory racing Z\u00fcndungsdeckel + Kupplungsdeckel schwarz \/ 1987-2001 Honda CR 250 CR250R - Frank! MXParts","robots":{"index":"noindex","follow":"follow","max-snippet":"max-snippet:-1","max-image-preview":"max-image-preview:large","max-video-preview":"max-video-preview:-1"},"og_locale":"de_DE","og_type":"article","og_title":"Boyesen Factory racing Z\u00fcndungsdeckel + Kupplungsdeckel schwarz \/ 1987-2001 Honda CR 250 CR250R - Frank! MXParts","og_description":"Boyesen Z\u00fcndungsdeckel + Kupplungsdeckel&nbsp;(schwarz) f\u00fcr die Honda CR250R. Sie sind leichter, starker, und sehen super aus: die Boyesen Deckel. Passend f\u00fcr: die 1987-2001 Honda CR250R. Lieferumfang: Z\u00fcndungsDeckel + Dichtung Kupplungsdeckel + Dichtung 4 Boyesen Aufkleber. Kostenloser Versand! Komplett wie abgebildet. &nbsp;","og_url":"https:\/\/www.frankmxparts.com.iclicksapp.nl\/de\/boyesen-factory-racing-ignition-clutch-cover-black-1987-2001-honda-cr-250-cr250r","og_site_name":"Frank! MXParts","article_modified_time":"2024-11-28T09:31:47+00:00","og_image":[{"width":750,"height":563,"url":"https:\/\/www.frankmxparts.com.iclicksapp.nl\/wp-content\/uploads\/2024\/11\/Boyesen-Factory-racing-ignition-clutch-cover-black-1987-2001-Honda-CR-250-CR250R-frank-mxparts-01.jpg","type":"image\/jpeg"}],"twitter_card":"summary_large_image","schema":{"@context":"https:\/\/schema.org","@graph":[{"@type":"WebPage","@id":"https:\/\/www.frankmxparts.com.iclicksapp.nl\/de\/boyesen-factory-racing-ignition-clutch-cover-black-1987-2001-honda-cr-250-cr250r","url":"https:\/\/www.frankmxparts.com.iclicksapp.nl\/de\/boyesen-factory-racing-ignition-clutch-cover-black-1987-2001-honda-cr-250-cr250r","name":"Boyesen Factory racing Z\u00fcndungsdeckel + Kupplungsdeckel schwarz \/ 1987-2001 Honda CR 250 CR250R - Frank! MXParts","isPartOf":{"@id":"https:\/\/www.frankmxparts.com.iclicksapp.nl\/de\/#website"},"primaryImageOfPage":{"@id":"https:\/\/www.frankmxparts.com.iclicksapp.nl\/de\/boyesen-factory-racing-ignition-clutch-cover-black-1987-2001-honda-cr-250-cr250r#primaryimage"},"image":{"@id":"https:\/\/www.frankmxparts.com.iclicksapp.nl\/de\/boyesen-factory-racing-ignition-clutch-cover-black-1987-2001-honda-cr-250-cr250r#primaryimage"},"thumbnailUrl":"https:\/\/www.frankmxparts.com.iclicksapp.nl\/wp-content\/uploads\/2024\/11\/Boyesen-Factory-racing-ignition-clutch-cover-black-1987-2001-Honda-CR-250-CR250R-frank-mxparts-01.jpg","datePublished":"2024-11-19T21:22:02+00:00","dateModified":"2024-11-28T09:31:47+00:00","breadcrumb":{"@id":"https:\/\/www.frankmxparts.com.iclicksapp.nl\/de\/boyesen-factory-racing-ignition-clutch-cover-black-1987-2001-honda-cr-250-cr250r#breadcrumb"},"inLanguage":"de","potentialAction":[{"@type":"ReadAction","target":["https:\/\/www.frankmxparts.com.iclicksapp.nl\/de\/boyesen-factory-racing-ignition-clutch-cover-black-1987-2001-honda-cr-250-cr250r"]}]},{"@type":"ImageObject","inLanguage":"de","@id":"https:\/\/www.frankmxparts.com.iclicksapp.nl\/de\/boyesen-factory-racing-ignition-clutch-cover-black-1987-2001-honda-cr-250-cr250r#primaryimage","url":"https:\/\/www.frankmxparts.com.iclicksapp.nl\/wp-content\/uploads\/2024\/11\/Boyesen-Factory-racing-ignition-clutch-cover-black-1987-2001-Honda-CR-250-CR250R-frank-mxparts-01.jpg","contentUrl":"https:\/\/www.frankmxparts.com.iclicksapp.nl\/wp-content\/uploads\/2024\/11\/Boyesen-Factory-racing-ignition-clutch-cover-black-1987-2001-Honda-CR-250-CR250R-frank-mxparts-01.jpg","width":750,"height":563},{"@type":"BreadcrumbList","@id":"https:\/\/www.frankmxparts.com.iclicksapp.nl\/de\/boyesen-factory-racing-ignition-clutch-cover-black-1987-2001-honda-cr-250-cr250r#breadcrumb","itemListElement":[{"@type":"ListItem","position":1,"name":"Home","item":"https:\/\/www.frankmxparts.com.iclicksapp.nl\/de"},{"@type":"ListItem","position":2,"name":"Shop","item":"https:\/\/www.frankmxparts.com.iclicksapp.nl\/winkel"},{"@type":"ListItem","position":3,"name":"Boyesen Factory racing Z\u00fcndungsdeckel + Kupplungsdeckel schwarz \/ 1987-2001 Honda CR 250 CR250R"}]},{"@type":"WebSite","@id":"https:\/\/www.frankmxparts.com.iclicksapp.nl\/de\/#website","url":"https:\/\/www.frankmxparts.com.iclicksapp.nl\/de\/","name":"Frank! MXParts","description":"","publisher":{"@id":"https:\/\/www.frankmxparts.com.iclicksapp.nl\/de\/#organization"},"potentialAction":[{"@type":"SearchAction","target":{"@type":"EntryPoint","urlTemplate":"https:\/\/www.frankmxparts.com.iclicksapp.nl\/de\/?s={search_term_string}"},"query-input":{"@type":"PropertyValueSpecification","valueRequired":true,"valueName":"search_term_string"}}],"inLanguage":"de"},{"@type":"Organization","@id":"https:\/\/www.frankmxparts.com.iclicksapp.nl\/de\/#organization","name":"Frank! MXParts","url":"https:\/\/www.frankmxparts.com.iclicksapp.nl\/de\/","logo":{"@type":"ImageObject","inLanguage":"de","@id":"https:\/\/www.frankmxparts.com.iclicksapp.nl\/de\/#\/schema\/logo\/image\/","url":"https:\/\/www.frankmxparts.com.iclicksapp.nl\/wp-content\/uploads\/2024\/01\/frank-mxparts-logo.svg","contentUrl":"https:\/\/www.frankmxparts.com.iclicksapp.nl\/wp-content\/uploads\/2024\/01\/frank-mxparts-logo.svg","width":301,"height":88,"caption":"Frank! MXParts"},"image":{"@id":"https:\/\/www.frankmxparts.com.iclicksapp.nl\/de\/#\/schema\/logo\/image\/"}}]}},"_links":{"self":[{"href":"https:\/\/www.frankmxparts.com.iclicksapp.nl\/de\/wp-json\/wp\/v2\/product\/214395","targetHints":{"allow":["GET"]}}],"collection":[{"href":"https:\/\/www.frankmxparts.com.iclicksapp.nl\/de\/wp-json\/wp\/v2\/product"}],"about":[{"href":"https:\/\/www.frankmxparts.com.iclicksapp.nl\/de\/wp-json\/wp\/v2\/types\/product"}],"replies":[{"embeddable":true,"href":"https:\/\/www.frankmxparts.com.iclicksapp.nl\/de\/wp-json\/wp\/v2\/comments?post=214395"}],"wp:featuredmedia":[{"embeddable":true,"href":"https:\/\/www.frankmxparts.com.iclicksapp.nl\/de\/wp-json\/wp\/v2\/media\/201545"}],"wp:attachment":[{"href":"https:\/\/www.frankmxparts.com.iclicksapp.nl\/de\/wp-json\/wp\/v2\/media?parent=214395"}],"wp:term":[{"taxonomy":"product_brand","embeddable":true,"href":"https:\/\/www.frankmxparts.com.iclicksapp.nl\/de\/wp-json\/wp\/v2\/product_brand?post=214395"},{"taxonomy":"product_cat","embeddable":true,"href":"https:\/\/www.frankmxparts.com.iclicksapp.nl\/de\/wp-json\/wp\/v2\/product_cat?post=214395"},{"taxonomy":"product_tag","embeddable":true,"href":"https:\/\/www.frankmxparts.com.iclicksapp.nl\/de\/wp-json\/wp\/v2\/product_tag?post=214395"}],"curies":[{"name":"wp","href":"https:\/\/api.w.org\/{rel}","templated":true}]}}