{"id":214425,"date":"2024-11-19T22:24:30","date_gmt":"2024-11-19T21:24:30","guid":{"rendered":"https:\/\/www.frankmxparts.com.iclicksapp.nl\/product\/mikuni-vm-32-vm32-roundslide-carburetor-vm32-33"},"modified":"2024-11-21T12:07:31","modified_gmt":"2024-11-21T10:07:31","slug":"mikuni-vm-32-vm32-roundslide-carburetor-vm32-33","status":"publish","type":"product","link":"https:\/\/www.frankmxparts.com.iclicksapp.nl\/de\/mikuni-vm-32-vm32-roundslide-carburetor-vm32-33","title":{"rendered":"Mikuni VM32 Rundschieber Vergaser (VM32-33)"},"content":{"rendered":"<p>\n<span style=\"color:black;\"><strong>Mikuni VM32-33&nbsp;Rundschieber Vergaser<\/strong>.<\/span><\/p>\n<p><strong>Neu<\/strong>.&nbsp;<span style=\"color:black;\">Original Mikuni<\/span>, hochwertige performance Vergaser. Der VM Rundschieber Vergaser kann f\u00fcr 2-Takt und 4-Takt verwendet werden, und ist einer der besten Allround-Vergaser die je produziert werden.<br \/>\n&nbsp;<br \/>\n<span style=\"color:black;\"><strong><span style=\"font-size: 11px; line-height: 1.3;\">Details<\/span><\/strong><\/span><span style=\"font-size: 11px; line-height: 1.3;\">:<\/span><\/p>\n<ul>\n<li>Aussendurchmesser vorne: <span style=\"font-family: &quot;Trebuchet MS&quot;, Verdana, Arial, Helvetica; font-size: 11px;\">40mm<\/span>.<\/li>\n<li>Aussendurchmesser hinten: 58mm.<\/li>\n<li>Gesamtl\u00e4nge: 102 mm.<\/li>\n<li>Choke: left (Hebel).<\/li>\n<\/ul>\n<p><span style=\"color:black;\"><strong>Bed\u00fcsung<\/strong>:<\/span><\/p>\n<ul>\n<li>Hauptd\u00fcse: 200<\/li>\n<li>Leerlaufd\u00fcse: 35<\/li>\n<li>D\u00fcsennadel: <span style=\"font-family: &quot;Trebuchet MS&quot;, Verdana, Arial, Helvetica; font-size: 11px;\">6DP17<\/span><\/li>\n<li>Nadeld\u00fcse: <span style=\"font-family: &quot;Trebuchet MS&quot;, Verdana, Arial, Helvetica; font-size: 11px;\">Q-6 \/ 159 series<\/span><\/li>\n<li>Gasschieber: 3.0<\/li>\n<li>Schwimmernadel: 3.3<\/li>\n<\/ul>\n<p>\nKomplett wie abgebildet.<br \/>\nReady to race&#8230;<\/p>\n<p>\n&nbsp;<\/p>\n<p>&nbsp;<\/p>\n","protected":false},"excerpt":{"rendered":"<p>Mikuni VM32-33&nbsp;Rundschieber Vergaser. Neu.&nbsp;Original Mikuni, hochwertige performance Vergaser. Der VM Rundschieber Vergaser kann f\u00fcr 2-Takt und 4-Takt verwendet werden, und ist einer der besten Allround-Vergaser die je produziert werden. &nbsp; Details: Aussendurchmesser vorne: 40mm. Aussendurchmesser hinten: 58mm. Gesamtl\u00e4nge: 102 mm. Choke: left (Hebel). Bed\u00fcsung: Hauptd\u00fcse: 200 Leerlaufd\u00fcse: 35 D\u00fcsennadel: 6DP17 Nadeld\u00fcse: Q-6 \/ 159 series [&hellip;]<\/p>\n","protected":false},"featured_media":201899,"comment_status":"closed","ping_status":"closed","template":"","meta":{"_acf_changed":false},"product_brand":[],"product_cat":[],"product_tag":[],"class_list":{"0":"post-214425","1":"product","2":"type-product","3":"status-publish","4":"has-post-thumbnail","6":"pa_manufacturer-mikuni-de","8":"first","9":"instock","10":"taxable","11":"shipping-taxable","12":"purchasable","13":"product-type-simple"},"acf":[],"yoast_head":"<!-- This site is optimized with the Yoast SEO plugin v27.3 - https:\/\/yoast.com\/product\/yoast-seo-wordpress\/ -->\n<title>Mikuni VM32 Rundschieber Vergaser (VM32-33) - Frank! MXParts<\/title>\n<meta name=\"robots\" content=\"noindex, follow, max-snippet:-1, max-image-preview:large, max-video-preview:-1\" \/>\n<meta property=\"og:locale\" content=\"de_DE\" \/>\n<meta property=\"og:type\" content=\"article\" \/>\n<meta property=\"og:title\" content=\"Mikuni VM32 Rundschieber Vergaser (VM32-33) - Frank! MXParts\" \/>\n<meta property=\"og:description\" content=\"Mikuni VM32-33&nbsp;Rundschieber Vergaser. Neu.&nbsp;Original Mikuni, hochwertige performance Vergaser. Der VM Rundschieber Vergaser kann f\u00fcr 2-Takt und 4-Takt verwendet werden, und ist einer der besten Allround-Vergaser die je produziert werden. &nbsp; Details: Aussendurchmesser vorne: 40mm. Aussendurchmesser hinten: 58mm. Gesamtl\u00e4nge: 102 mm. Choke: left (Hebel). Bed\u00fcsung: Hauptd\u00fcse: 200 Leerlaufd\u00fcse: 35 D\u00fcsennadel: 6DP17 Nadeld\u00fcse: Q-6 \/ 159 series [&hellip;]\" \/>\n<meta property=\"og:url\" content=\"https:\/\/www.frankmxparts.com.iclicksapp.nl\/de\/mikuni-vm-32-vm32-roundslide-carburetor-vm32-33\" \/>\n<meta property=\"og:site_name\" content=\"Frank! MXParts\" \/>\n<meta property=\"article:modified_time\" content=\"2024-11-21T10:07:31+00:00\" \/>\n<meta property=\"og:image\" content=\"https:\/\/www.frankmxparts.com.iclicksapp.nl\/wp-content\/uploads\/2024\/11\/Mikuni-VM-32-VM32-roundslide-carburetor-VM32-33-frank-mxparts.jpg\" \/>\n\t<meta property=\"og:image:width\" content=\"750\" \/>\n\t<meta property=\"og:image:height\" content=\"563\" \/>\n\t<meta property=\"og:image:type\" content=\"image\/jpeg\" \/>\n<meta name=\"twitter:card\" content=\"summary_large_image\" \/>\n<script type=\"application\/ld+json\" class=\"yoast-schema-graph\">{\"@context\":\"https:\\\/\\\/schema.org\",\"@graph\":[{\"@type\":\"WebPage\",\"@id\":\"https:\\\/\\\/www.frankmxparts.com.iclicksapp.nl\\\/de\\\/mikuni-vm-32-vm32-roundslide-carburetor-vm32-33\",\"url\":\"https:\\\/\\\/www.frankmxparts.com.iclicksapp.nl\\\/de\\\/mikuni-vm-32-vm32-roundslide-carburetor-vm32-33\",\"name\":\"Mikuni VM32 Rundschieber Vergaser (VM32-33) - Frank! MXParts\",\"isPartOf\":{\"@id\":\"https:\\\/\\\/www.frankmxparts.com.iclicksapp.nl\\\/de\\\/#website\"},\"primaryImageOfPage\":{\"@id\":\"https:\\\/\\\/www.frankmxparts.com.iclicksapp.nl\\\/de\\\/mikuni-vm-32-vm32-roundslide-carburetor-vm32-33#primaryimage\"},\"image\":{\"@id\":\"https:\\\/\\\/www.frankmxparts.com.iclicksapp.nl\\\/de\\\/mikuni-vm-32-vm32-roundslide-carburetor-vm32-33#primaryimage\"},\"thumbnailUrl\":\"https:\\\/\\\/www.frankmxparts.com.iclicksapp.nl\\\/wp-content\\\/uploads\\\/2024\\\/11\\\/Mikuni-VM-32-VM32-roundslide-carburetor-VM32-33-frank-mxparts.jpg\",\"datePublished\":\"2024-11-19T21:24:30+00:00\",\"dateModified\":\"2024-11-21T10:07:31+00:00\",\"breadcrumb\":{\"@id\":\"https:\\\/\\\/www.frankmxparts.com.iclicksapp.nl\\\/de\\\/mikuni-vm-32-vm32-roundslide-carburetor-vm32-33#breadcrumb\"},\"inLanguage\":\"de\",\"potentialAction\":[{\"@type\":\"ReadAction\",\"target\":[\"https:\\\/\\\/www.frankmxparts.com.iclicksapp.nl\\\/de\\\/mikuni-vm-32-vm32-roundslide-carburetor-vm32-33\"]}]},{\"@type\":\"ImageObject\",\"inLanguage\":\"de\",\"@id\":\"https:\\\/\\\/www.frankmxparts.com.iclicksapp.nl\\\/de\\\/mikuni-vm-32-vm32-roundslide-carburetor-vm32-33#primaryimage\",\"url\":\"https:\\\/\\\/www.frankmxparts.com.iclicksapp.nl\\\/wp-content\\\/uploads\\\/2024\\\/11\\\/Mikuni-VM-32-VM32-roundslide-carburetor-VM32-33-frank-mxparts.jpg\",\"contentUrl\":\"https:\\\/\\\/www.frankmxparts.com.iclicksapp.nl\\\/wp-content\\\/uploads\\\/2024\\\/11\\\/Mikuni-VM-32-VM32-roundslide-carburetor-VM32-33-frank-mxparts.jpg\",\"width\":750,\"height\":563},{\"@type\":\"BreadcrumbList\",\"@id\":\"https:\\\/\\\/www.frankmxparts.com.iclicksapp.nl\\\/de\\\/mikuni-vm-32-vm32-roundslide-carburetor-vm32-33#breadcrumb\",\"itemListElement\":[{\"@type\":\"ListItem\",\"position\":1,\"name\":\"Home\",\"item\":\"https:\\\/\\\/www.frankmxparts.com.iclicksapp.nl\\\/de\"},{\"@type\":\"ListItem\",\"position\":2,\"name\":\"Shop\",\"item\":\"https:\\\/\\\/www.frankmxparts.com.iclicksapp.nl\\\/winkel\"},{\"@type\":\"ListItem\",\"position\":3,\"name\":\"Mikuni VM32 Rundschieber Vergaser (VM32-33)\"}]},{\"@type\":\"WebSite\",\"@id\":\"https:\\\/\\\/www.frankmxparts.com.iclicksapp.nl\\\/de\\\/#website\",\"url\":\"https:\\\/\\\/www.frankmxparts.com.iclicksapp.nl\\\/de\\\/\",\"name\":\"Frank! MXParts\",\"description\":\"\",\"publisher\":{\"@id\":\"https:\\\/\\\/www.frankmxparts.com.iclicksapp.nl\\\/de\\\/#organization\"},\"potentialAction\":[{\"@type\":\"SearchAction\",\"target\":{\"@type\":\"EntryPoint\",\"urlTemplate\":\"https:\\\/\\\/www.frankmxparts.com.iclicksapp.nl\\\/de\\\/?s={search_term_string}\"},\"query-input\":{\"@type\":\"PropertyValueSpecification\",\"valueRequired\":true,\"valueName\":\"search_term_string\"}}],\"inLanguage\":\"de\"},{\"@type\":\"Organization\",\"@id\":\"https:\\\/\\\/www.frankmxparts.com.iclicksapp.nl\\\/de\\\/#organization\",\"name\":\"Frank! MXParts\",\"url\":\"https:\\\/\\\/www.frankmxparts.com.iclicksapp.nl\\\/de\\\/\",\"logo\":{\"@type\":\"ImageObject\",\"inLanguage\":\"de\",\"@id\":\"https:\\\/\\\/www.frankmxparts.com.iclicksapp.nl\\\/de\\\/#\\\/schema\\\/logo\\\/image\\\/\",\"url\":\"https:\\\/\\\/www.frankmxparts.com.iclicksapp.nl\\\/wp-content\\\/uploads\\\/2024\\\/01\\\/frank-mxparts-logo.svg\",\"contentUrl\":\"https:\\\/\\\/www.frankmxparts.com.iclicksapp.nl\\\/wp-content\\\/uploads\\\/2024\\\/01\\\/frank-mxparts-logo.svg\",\"width\":301,\"height\":88,\"caption\":\"Frank! MXParts\"},\"image\":{\"@id\":\"https:\\\/\\\/www.frankmxparts.com.iclicksapp.nl\\\/de\\\/#\\\/schema\\\/logo\\\/image\\\/\"}}]}<\/script>\n<!-- \/ Yoast SEO plugin. -->","yoast_head_json":{"title":"Mikuni VM32 Rundschieber Vergaser (VM32-33) - Frank! MXParts","robots":{"index":"noindex","follow":"follow","max-snippet":"max-snippet:-1","max-image-preview":"max-image-preview:large","max-video-preview":"max-video-preview:-1"},"og_locale":"de_DE","og_type":"article","og_title":"Mikuni VM32 Rundschieber Vergaser (VM32-33) - Frank! MXParts","og_description":"Mikuni VM32-33&nbsp;Rundschieber Vergaser. Neu.&nbsp;Original Mikuni, hochwertige performance Vergaser. Der VM Rundschieber Vergaser kann f\u00fcr 2-Takt und 4-Takt verwendet werden, und ist einer der besten Allround-Vergaser die je produziert werden. &nbsp; Details: Aussendurchmesser vorne: 40mm. Aussendurchmesser hinten: 58mm. Gesamtl\u00e4nge: 102 mm. Choke: left (Hebel). Bed\u00fcsung: Hauptd\u00fcse: 200 Leerlaufd\u00fcse: 35 D\u00fcsennadel: 6DP17 Nadeld\u00fcse: Q-6 \/ 159 series [&hellip;]","og_url":"https:\/\/www.frankmxparts.com.iclicksapp.nl\/de\/mikuni-vm-32-vm32-roundslide-carburetor-vm32-33","og_site_name":"Frank! MXParts","article_modified_time":"2024-11-21T10:07:31+00:00","og_image":[{"width":750,"height":563,"url":"https:\/\/www.frankmxparts.com.iclicksapp.nl\/wp-content\/uploads\/2024\/11\/Mikuni-VM-32-VM32-roundslide-carburetor-VM32-33-frank-mxparts.jpg","type":"image\/jpeg"}],"twitter_card":"summary_large_image","schema":{"@context":"https:\/\/schema.org","@graph":[{"@type":"WebPage","@id":"https:\/\/www.frankmxparts.com.iclicksapp.nl\/de\/mikuni-vm-32-vm32-roundslide-carburetor-vm32-33","url":"https:\/\/www.frankmxparts.com.iclicksapp.nl\/de\/mikuni-vm-32-vm32-roundslide-carburetor-vm32-33","name":"Mikuni VM32 Rundschieber Vergaser (VM32-33) - Frank! MXParts","isPartOf":{"@id":"https:\/\/www.frankmxparts.com.iclicksapp.nl\/de\/#website"},"primaryImageOfPage":{"@id":"https:\/\/www.frankmxparts.com.iclicksapp.nl\/de\/mikuni-vm-32-vm32-roundslide-carburetor-vm32-33#primaryimage"},"image":{"@id":"https:\/\/www.frankmxparts.com.iclicksapp.nl\/de\/mikuni-vm-32-vm32-roundslide-carburetor-vm32-33#primaryimage"},"thumbnailUrl":"https:\/\/www.frankmxparts.com.iclicksapp.nl\/wp-content\/uploads\/2024\/11\/Mikuni-VM-32-VM32-roundslide-carburetor-VM32-33-frank-mxparts.jpg","datePublished":"2024-11-19T21:24:30+00:00","dateModified":"2024-11-21T10:07:31+00:00","breadcrumb":{"@id":"https:\/\/www.frankmxparts.com.iclicksapp.nl\/de\/mikuni-vm-32-vm32-roundslide-carburetor-vm32-33#breadcrumb"},"inLanguage":"de","potentialAction":[{"@type":"ReadAction","target":["https:\/\/www.frankmxparts.com.iclicksapp.nl\/de\/mikuni-vm-32-vm32-roundslide-carburetor-vm32-33"]}]},{"@type":"ImageObject","inLanguage":"de","@id":"https:\/\/www.frankmxparts.com.iclicksapp.nl\/de\/mikuni-vm-32-vm32-roundslide-carburetor-vm32-33#primaryimage","url":"https:\/\/www.frankmxparts.com.iclicksapp.nl\/wp-content\/uploads\/2024\/11\/Mikuni-VM-32-VM32-roundslide-carburetor-VM32-33-frank-mxparts.jpg","contentUrl":"https:\/\/www.frankmxparts.com.iclicksapp.nl\/wp-content\/uploads\/2024\/11\/Mikuni-VM-32-VM32-roundslide-carburetor-VM32-33-frank-mxparts.jpg","width":750,"height":563},{"@type":"BreadcrumbList","@id":"https:\/\/www.frankmxparts.com.iclicksapp.nl\/de\/mikuni-vm-32-vm32-roundslide-carburetor-vm32-33#breadcrumb","itemListElement":[{"@type":"ListItem","position":1,"name":"Home","item":"https:\/\/www.frankmxparts.com.iclicksapp.nl\/de"},{"@type":"ListItem","position":2,"name":"Shop","item":"https:\/\/www.frankmxparts.com.iclicksapp.nl\/winkel"},{"@type":"ListItem","position":3,"name":"Mikuni VM32 Rundschieber Vergaser (VM32-33)"}]},{"@type":"WebSite","@id":"https:\/\/www.frankmxparts.com.iclicksapp.nl\/de\/#website","url":"https:\/\/www.frankmxparts.com.iclicksapp.nl\/de\/","name":"Frank! MXParts","description":"","publisher":{"@id":"https:\/\/www.frankmxparts.com.iclicksapp.nl\/de\/#organization"},"potentialAction":[{"@type":"SearchAction","target":{"@type":"EntryPoint","urlTemplate":"https:\/\/www.frankmxparts.com.iclicksapp.nl\/de\/?s={search_term_string}"},"query-input":{"@type":"PropertyValueSpecification","valueRequired":true,"valueName":"search_term_string"}}],"inLanguage":"de"},{"@type":"Organization","@id":"https:\/\/www.frankmxparts.com.iclicksapp.nl\/de\/#organization","name":"Frank! MXParts","url":"https:\/\/www.frankmxparts.com.iclicksapp.nl\/de\/","logo":{"@type":"ImageObject","inLanguage":"de","@id":"https:\/\/www.frankmxparts.com.iclicksapp.nl\/de\/#\/schema\/logo\/image\/","url":"https:\/\/www.frankmxparts.com.iclicksapp.nl\/wp-content\/uploads\/2024\/01\/frank-mxparts-logo.svg","contentUrl":"https:\/\/www.frankmxparts.com.iclicksapp.nl\/wp-content\/uploads\/2024\/01\/frank-mxparts-logo.svg","width":301,"height":88,"caption":"Frank! MXParts"},"image":{"@id":"https:\/\/www.frankmxparts.com.iclicksapp.nl\/de\/#\/schema\/logo\/image\/"}}]}},"_links":{"self":[{"href":"https:\/\/www.frankmxparts.com.iclicksapp.nl\/de\/wp-json\/wp\/v2\/product\/214425","targetHints":{"allow":["GET"]}}],"collection":[{"href":"https:\/\/www.frankmxparts.com.iclicksapp.nl\/de\/wp-json\/wp\/v2\/product"}],"about":[{"href":"https:\/\/www.frankmxparts.com.iclicksapp.nl\/de\/wp-json\/wp\/v2\/types\/product"}],"replies":[{"embeddable":true,"href":"https:\/\/www.frankmxparts.com.iclicksapp.nl\/de\/wp-json\/wp\/v2\/comments?post=214425"}],"wp:featuredmedia":[{"embeddable":true,"href":"https:\/\/www.frankmxparts.com.iclicksapp.nl\/de\/wp-json\/wp\/v2\/media\/201899"}],"wp:attachment":[{"href":"https:\/\/www.frankmxparts.com.iclicksapp.nl\/de\/wp-json\/wp\/v2\/media?parent=214425"}],"wp:term":[{"taxonomy":"product_brand","embeddable":true,"href":"https:\/\/www.frankmxparts.com.iclicksapp.nl\/de\/wp-json\/wp\/v2\/product_brand?post=214425"},{"taxonomy":"product_cat","embeddable":true,"href":"https:\/\/www.frankmxparts.com.iclicksapp.nl\/de\/wp-json\/wp\/v2\/product_cat?post=214425"},{"taxonomy":"product_tag","embeddable":true,"href":"https:\/\/www.frankmxparts.com.iclicksapp.nl\/de\/wp-json\/wp\/v2\/product_tag?post=214425"}],"curies":[{"name":"wp","href":"https:\/\/api.w.org\/{rel}","templated":true}]}}