{"id":214486,"date":"2024-11-19T22:27:32","date_gmt":"2024-11-19T21:27:32","guid":{"rendered":"https:\/\/www.frankmxparts.com.iclicksapp.nl\/product\/pilot-slow-jet-keihin-carburetor-n424-74c"},"modified":"2024-11-27T15:02:24","modified_gmt":"2024-11-27T13:02:24","slug":"pilot-slow-jet-keihin-carburetor-n424-74c","status":"publish","type":"product","link":"https:\/\/www.frankmxparts.com.iclicksapp.nl\/de\/pilot-slow-jet-keihin-carburetor-n424-74c","title":{"rendered":"Leerlaufd\u00fcse \/ Keihin N424-74C"},"content":{"rendered":"<p>\n<strong>Leerlaufd\u00fcse f\u00fcr Keihin Vergaser.<\/strong><\/p>\n<p><strong>Original Keihin<\/strong>, hochwertiges Teil f\u00fcr beste Passform und beste Leistung.<br \/>\nKeihin Teilenummer&nbsp;N424-74C-XXX.<\/p>\n<p><b>Passend f\u00fcr<\/b>:<\/p>\n<ul>\n<li>Arctic Cat 650 V-Twin ATV<\/li>\n<li>Honda Ruckus<\/li>\n<li>Kawasaki KLX110<\/li>\n<li>Kawasaki&nbsp;V-Twin ATV with CVKR-D<\/li>\n<li>Kawasaki KSV700A\/B KFX<\/li>\n<li>Kawasak KVF750<\/li>\n<li >KTM 950 Adventure<\/li>\n<li>Suzuki DR-Z110<\/li>\n<li>Suzuki V-Twin ATV with CVKR-D<\/li>\n<li>Suzuki LTF700 Twin Peaks<\/li>\n<li>Yamaha YZF-R6 (99-02).<\/li>\n<\/ul>\n<p>\nKomplett wie abgebildet.<\/p>\n<p>&nbsp;<\/p>\n","protected":false},"excerpt":{"rendered":"<p>Leerlaufd\u00fcse f\u00fcr Keihin Vergaser. Original Keihin, hochwertiges Teil f\u00fcr beste Passform und beste Leistung. Keihin Teilenummer&nbsp;N424-74C-XXX. Passend f\u00fcr: Arctic Cat 650 V-Twin ATV Honda Ruckus Kawasaki KLX110 Kawasaki&nbsp;V-Twin ATV with CVKR-D Kawasaki KSV700A\/B KFX Kawasak KVF750 KTM 950 Adventure Suzuki DR-Z110 Suzuki V-Twin ATV with CVKR-D Suzuki LTF700 Twin Peaks Yamaha YZF-R6 (99-02). Komplett wie [&hellip;]<\/p>\n","protected":false},"featured_media":202449,"comment_status":"closed","ping_status":"closed","template":"","meta":{"_acf_changed":false},"product_brand":[],"product_cat":[9441],"product_tag":[],"class_list":{"0":"post-214486","1":"product","2":"type-product","3":"status-publish","4":"has-post-thumbnail","6":"product_cat-uncategorized","7":"pa_carburetor-size-35-de","8":"pa_carburetor-size-38-de","9":"pa_carburetor-size-40-de","10":"pa_carburetor-size-42-de","11":"pa_carburetor-size-45-de","12":"pa_carburetor-size-48-de","13":"pa_carburetor-size-50-de","14":"pa_carburetor-size-52-de","15":"pa_carburetor-size-55-de","16":"pa_carburetor-size-58-de","17":"pa_carburetor-size-60-de","18":"pa_carburetor-size-62-de","19":"pa_carburetor-size-65-de","20":"pa_carburetor-size-68-de","21":"pa_carburetor-size-70-de","22":"pa_manufacturer-keihin-de","24":"first","25":"instock","26":"taxable","27":"shipping-taxable","28":"purchasable","29":"product-type-variable"},"acf":[],"yoast_head":"<!-- This site is optimized with the Yoast SEO plugin v27.3 - https:\/\/yoast.com\/product\/yoast-seo-wordpress\/ -->\n<title>Leerlaufd\u00fcse \/ Keihin N424-74C - Frank! MXParts<\/title>\n<meta name=\"robots\" content=\"noindex, follow, max-snippet:-1, max-image-preview:large, max-video-preview:-1\" \/>\n<meta property=\"og:locale\" content=\"de_DE\" \/>\n<meta property=\"og:type\" content=\"article\" \/>\n<meta property=\"og:title\" content=\"Leerlaufd\u00fcse \/ Keihin N424-74C - Frank! MXParts\" \/>\n<meta property=\"og:description\" content=\"Leerlaufd\u00fcse f\u00fcr Keihin Vergaser. Original Keihin, hochwertiges Teil f\u00fcr beste Passform und beste Leistung. Keihin Teilenummer&nbsp;N424-74C-XXX. Passend f\u00fcr: Arctic Cat 650 V-Twin ATV Honda Ruckus Kawasaki KLX110 Kawasaki&nbsp;V-Twin ATV with CVKR-D Kawasaki KSV700A\/B KFX Kawasak KVF750 KTM 950 Adventure Suzuki DR-Z110 Suzuki V-Twin ATV with CVKR-D Suzuki LTF700 Twin Peaks Yamaha YZF-R6 (99-02). Komplett wie [&hellip;]\" \/>\n<meta property=\"og:url\" content=\"https:\/\/www.frankmxparts.com.iclicksapp.nl\/de\/pilot-slow-jet-keihin-carburetor-n424-74c\" \/>\n<meta property=\"og:site_name\" content=\"Frank! MXParts\" \/>\n<meta property=\"article:modified_time\" content=\"2024-11-27T13:02:24+00:00\" \/>\n<meta property=\"og:image\" content=\"https:\/\/www.frankmxparts.com.iclicksapp.nl\/wp-content\/uploads\/2024\/11\/pilot-slow-jet-Keihin-carburetor-N424-74C-frank-mxparts.jpg\" \/>\n\t<meta property=\"og:image:width\" content=\"750\" \/>\n\t<meta property=\"og:image:height\" content=\"563\" \/>\n\t<meta property=\"og:image:type\" content=\"image\/jpeg\" \/>\n<meta name=\"twitter:card\" content=\"summary_large_image\" \/>\n<script type=\"application\/ld+json\" class=\"yoast-schema-graph\">{\"@context\":\"https:\\\/\\\/schema.org\",\"@graph\":[{\"@type\":\"WebPage\",\"@id\":\"https:\\\/\\\/www.frankmxparts.com.iclicksapp.nl\\\/de\\\/pilot-slow-jet-keihin-carburetor-n424-74c\",\"url\":\"https:\\\/\\\/www.frankmxparts.com.iclicksapp.nl\\\/de\\\/pilot-slow-jet-keihin-carburetor-n424-74c\",\"name\":\"Leerlaufd\u00fcse \\\/ Keihin N424-74C - Frank! MXParts\",\"isPartOf\":{\"@id\":\"https:\\\/\\\/www.frankmxparts.com.iclicksapp.nl\\\/de\\\/#website\"},\"primaryImageOfPage\":{\"@id\":\"https:\\\/\\\/www.frankmxparts.com.iclicksapp.nl\\\/de\\\/pilot-slow-jet-keihin-carburetor-n424-74c#primaryimage\"},\"image\":{\"@id\":\"https:\\\/\\\/www.frankmxparts.com.iclicksapp.nl\\\/de\\\/pilot-slow-jet-keihin-carburetor-n424-74c#primaryimage\"},\"thumbnailUrl\":\"https:\\\/\\\/www.frankmxparts.com.iclicksapp.nl\\\/wp-content\\\/uploads\\\/2024\\\/11\\\/pilot-slow-jet-Keihin-carburetor-N424-74C-frank-mxparts.jpg\",\"datePublished\":\"2024-11-19T21:27:32+00:00\",\"dateModified\":\"2024-11-27T13:02:24+00:00\",\"breadcrumb\":{\"@id\":\"https:\\\/\\\/www.frankmxparts.com.iclicksapp.nl\\\/de\\\/pilot-slow-jet-keihin-carburetor-n424-74c#breadcrumb\"},\"inLanguage\":\"de\",\"potentialAction\":[{\"@type\":\"ReadAction\",\"target\":[\"https:\\\/\\\/www.frankmxparts.com.iclicksapp.nl\\\/de\\\/pilot-slow-jet-keihin-carburetor-n424-74c\"]}]},{\"@type\":\"ImageObject\",\"inLanguage\":\"de\",\"@id\":\"https:\\\/\\\/www.frankmxparts.com.iclicksapp.nl\\\/de\\\/pilot-slow-jet-keihin-carburetor-n424-74c#primaryimage\",\"url\":\"https:\\\/\\\/www.frankmxparts.com.iclicksapp.nl\\\/wp-content\\\/uploads\\\/2024\\\/11\\\/pilot-slow-jet-Keihin-carburetor-N424-74C-frank-mxparts.jpg\",\"contentUrl\":\"https:\\\/\\\/www.frankmxparts.com.iclicksapp.nl\\\/wp-content\\\/uploads\\\/2024\\\/11\\\/pilot-slow-jet-Keihin-carburetor-N424-74C-frank-mxparts.jpg\",\"width\":750,\"height\":563},{\"@type\":\"BreadcrumbList\",\"@id\":\"https:\\\/\\\/www.frankmxparts.com.iclicksapp.nl\\\/de\\\/pilot-slow-jet-keihin-carburetor-n424-74c#breadcrumb\",\"itemListElement\":[{\"@type\":\"ListItem\",\"position\":1,\"name\":\"Home\",\"item\":\"https:\\\/\\\/www.frankmxparts.com.iclicksapp.nl\\\/de\"},{\"@type\":\"ListItem\",\"position\":2,\"name\":\"Shop\",\"item\":\"https:\\\/\\\/www.frankmxparts.com.iclicksapp.nl\\\/winkel\"},{\"@type\":\"ListItem\",\"position\":3,\"name\":\"Leerlaufd\u00fcse \\\/ Keihin N424-74C\"}]},{\"@type\":\"WebSite\",\"@id\":\"https:\\\/\\\/www.frankmxparts.com.iclicksapp.nl\\\/de\\\/#website\",\"url\":\"https:\\\/\\\/www.frankmxparts.com.iclicksapp.nl\\\/de\\\/\",\"name\":\"Frank! MXParts\",\"description\":\"\",\"publisher\":{\"@id\":\"https:\\\/\\\/www.frankmxparts.com.iclicksapp.nl\\\/de\\\/#organization\"},\"potentialAction\":[{\"@type\":\"SearchAction\",\"target\":{\"@type\":\"EntryPoint\",\"urlTemplate\":\"https:\\\/\\\/www.frankmxparts.com.iclicksapp.nl\\\/de\\\/?s={search_term_string}\"},\"query-input\":{\"@type\":\"PropertyValueSpecification\",\"valueRequired\":true,\"valueName\":\"search_term_string\"}}],\"inLanguage\":\"de\"},{\"@type\":\"Organization\",\"@id\":\"https:\\\/\\\/www.frankmxparts.com.iclicksapp.nl\\\/de\\\/#organization\",\"name\":\"Frank! MXParts\",\"url\":\"https:\\\/\\\/www.frankmxparts.com.iclicksapp.nl\\\/de\\\/\",\"logo\":{\"@type\":\"ImageObject\",\"inLanguage\":\"de\",\"@id\":\"https:\\\/\\\/www.frankmxparts.com.iclicksapp.nl\\\/de\\\/#\\\/schema\\\/logo\\\/image\\\/\",\"url\":\"https:\\\/\\\/www.frankmxparts.com.iclicksapp.nl\\\/wp-content\\\/uploads\\\/2024\\\/01\\\/frank-mxparts-logo.svg\",\"contentUrl\":\"https:\\\/\\\/www.frankmxparts.com.iclicksapp.nl\\\/wp-content\\\/uploads\\\/2024\\\/01\\\/frank-mxparts-logo.svg\",\"width\":301,\"height\":88,\"caption\":\"Frank! MXParts\"},\"image\":{\"@id\":\"https:\\\/\\\/www.frankmxparts.com.iclicksapp.nl\\\/de\\\/#\\\/schema\\\/logo\\\/image\\\/\"}}]}<\/script>\n<!-- \/ Yoast SEO plugin. -->","yoast_head_json":{"title":"Leerlaufd\u00fcse \/ Keihin N424-74C - Frank! MXParts","robots":{"index":"noindex","follow":"follow","max-snippet":"max-snippet:-1","max-image-preview":"max-image-preview:large","max-video-preview":"max-video-preview:-1"},"og_locale":"de_DE","og_type":"article","og_title":"Leerlaufd\u00fcse \/ Keihin N424-74C - Frank! MXParts","og_description":"Leerlaufd\u00fcse f\u00fcr Keihin Vergaser. Original Keihin, hochwertiges Teil f\u00fcr beste Passform und beste Leistung. Keihin Teilenummer&nbsp;N424-74C-XXX. Passend f\u00fcr: Arctic Cat 650 V-Twin ATV Honda Ruckus Kawasaki KLX110 Kawasaki&nbsp;V-Twin ATV with CVKR-D Kawasaki KSV700A\/B KFX Kawasak KVF750 KTM 950 Adventure Suzuki DR-Z110 Suzuki V-Twin ATV with CVKR-D Suzuki LTF700 Twin Peaks Yamaha YZF-R6 (99-02). Komplett wie [&hellip;]","og_url":"https:\/\/www.frankmxparts.com.iclicksapp.nl\/de\/pilot-slow-jet-keihin-carburetor-n424-74c","og_site_name":"Frank! MXParts","article_modified_time":"2024-11-27T13:02:24+00:00","og_image":[{"width":750,"height":563,"url":"https:\/\/www.frankmxparts.com.iclicksapp.nl\/wp-content\/uploads\/2024\/11\/pilot-slow-jet-Keihin-carburetor-N424-74C-frank-mxparts.jpg","type":"image\/jpeg"}],"twitter_card":"summary_large_image","schema":{"@context":"https:\/\/schema.org","@graph":[{"@type":"WebPage","@id":"https:\/\/www.frankmxparts.com.iclicksapp.nl\/de\/pilot-slow-jet-keihin-carburetor-n424-74c","url":"https:\/\/www.frankmxparts.com.iclicksapp.nl\/de\/pilot-slow-jet-keihin-carburetor-n424-74c","name":"Leerlaufd\u00fcse \/ Keihin N424-74C - Frank! MXParts","isPartOf":{"@id":"https:\/\/www.frankmxparts.com.iclicksapp.nl\/de\/#website"},"primaryImageOfPage":{"@id":"https:\/\/www.frankmxparts.com.iclicksapp.nl\/de\/pilot-slow-jet-keihin-carburetor-n424-74c#primaryimage"},"image":{"@id":"https:\/\/www.frankmxparts.com.iclicksapp.nl\/de\/pilot-slow-jet-keihin-carburetor-n424-74c#primaryimage"},"thumbnailUrl":"https:\/\/www.frankmxparts.com.iclicksapp.nl\/wp-content\/uploads\/2024\/11\/pilot-slow-jet-Keihin-carburetor-N424-74C-frank-mxparts.jpg","datePublished":"2024-11-19T21:27:32+00:00","dateModified":"2024-11-27T13:02:24+00:00","breadcrumb":{"@id":"https:\/\/www.frankmxparts.com.iclicksapp.nl\/de\/pilot-slow-jet-keihin-carburetor-n424-74c#breadcrumb"},"inLanguage":"de","potentialAction":[{"@type":"ReadAction","target":["https:\/\/www.frankmxparts.com.iclicksapp.nl\/de\/pilot-slow-jet-keihin-carburetor-n424-74c"]}]},{"@type":"ImageObject","inLanguage":"de","@id":"https:\/\/www.frankmxparts.com.iclicksapp.nl\/de\/pilot-slow-jet-keihin-carburetor-n424-74c#primaryimage","url":"https:\/\/www.frankmxparts.com.iclicksapp.nl\/wp-content\/uploads\/2024\/11\/pilot-slow-jet-Keihin-carburetor-N424-74C-frank-mxparts.jpg","contentUrl":"https:\/\/www.frankmxparts.com.iclicksapp.nl\/wp-content\/uploads\/2024\/11\/pilot-slow-jet-Keihin-carburetor-N424-74C-frank-mxparts.jpg","width":750,"height":563},{"@type":"BreadcrumbList","@id":"https:\/\/www.frankmxparts.com.iclicksapp.nl\/de\/pilot-slow-jet-keihin-carburetor-n424-74c#breadcrumb","itemListElement":[{"@type":"ListItem","position":1,"name":"Home","item":"https:\/\/www.frankmxparts.com.iclicksapp.nl\/de"},{"@type":"ListItem","position":2,"name":"Shop","item":"https:\/\/www.frankmxparts.com.iclicksapp.nl\/winkel"},{"@type":"ListItem","position":3,"name":"Leerlaufd\u00fcse \/ Keihin N424-74C"}]},{"@type":"WebSite","@id":"https:\/\/www.frankmxparts.com.iclicksapp.nl\/de\/#website","url":"https:\/\/www.frankmxparts.com.iclicksapp.nl\/de\/","name":"Frank! MXParts","description":"","publisher":{"@id":"https:\/\/www.frankmxparts.com.iclicksapp.nl\/de\/#organization"},"potentialAction":[{"@type":"SearchAction","target":{"@type":"EntryPoint","urlTemplate":"https:\/\/www.frankmxparts.com.iclicksapp.nl\/de\/?s={search_term_string}"},"query-input":{"@type":"PropertyValueSpecification","valueRequired":true,"valueName":"search_term_string"}}],"inLanguage":"de"},{"@type":"Organization","@id":"https:\/\/www.frankmxparts.com.iclicksapp.nl\/de\/#organization","name":"Frank! MXParts","url":"https:\/\/www.frankmxparts.com.iclicksapp.nl\/de\/","logo":{"@type":"ImageObject","inLanguage":"de","@id":"https:\/\/www.frankmxparts.com.iclicksapp.nl\/de\/#\/schema\/logo\/image\/","url":"https:\/\/www.frankmxparts.com.iclicksapp.nl\/wp-content\/uploads\/2024\/01\/frank-mxparts-logo.svg","contentUrl":"https:\/\/www.frankmxparts.com.iclicksapp.nl\/wp-content\/uploads\/2024\/01\/frank-mxparts-logo.svg","width":301,"height":88,"caption":"Frank! MXParts"},"image":{"@id":"https:\/\/www.frankmxparts.com.iclicksapp.nl\/de\/#\/schema\/logo\/image\/"}}]}},"_links":{"self":[{"href":"https:\/\/www.frankmxparts.com.iclicksapp.nl\/de\/wp-json\/wp\/v2\/product\/214486","targetHints":{"allow":["GET"]}}],"collection":[{"href":"https:\/\/www.frankmxparts.com.iclicksapp.nl\/de\/wp-json\/wp\/v2\/product"}],"about":[{"href":"https:\/\/www.frankmxparts.com.iclicksapp.nl\/de\/wp-json\/wp\/v2\/types\/product"}],"replies":[{"embeddable":true,"href":"https:\/\/www.frankmxparts.com.iclicksapp.nl\/de\/wp-json\/wp\/v2\/comments?post=214486"}],"wp:featuredmedia":[{"embeddable":true,"href":"https:\/\/www.frankmxparts.com.iclicksapp.nl\/de\/wp-json\/wp\/v2\/media\/202449"}],"wp:attachment":[{"href":"https:\/\/www.frankmxparts.com.iclicksapp.nl\/de\/wp-json\/wp\/v2\/media?parent=214486"}],"wp:term":[{"taxonomy":"product_brand","embeddable":true,"href":"https:\/\/www.frankmxparts.com.iclicksapp.nl\/de\/wp-json\/wp\/v2\/product_brand?post=214486"},{"taxonomy":"product_cat","embeddable":true,"href":"https:\/\/www.frankmxparts.com.iclicksapp.nl\/de\/wp-json\/wp\/v2\/product_cat?post=214486"},{"taxonomy":"product_tag","embeddable":true,"href":"https:\/\/www.frankmxparts.com.iclicksapp.nl\/de\/wp-json\/wp\/v2\/product_tag?post=214486"}],"curies":[{"name":"wp","href":"https:\/\/api.w.org\/{rel}","templated":true}]}}