{"id":214637,"date":"2024-11-19T22:35:07","date_gmt":"2024-11-19T21:35:07","guid":{"rendered":"https:\/\/www.frankmxparts.com.iclicksapp.nl\/product\/mikuni-tm-34-ss-tm34ss-carburetor-kit-aprilia-rs-250-rs250-suzuki-rgv-250-rgv250"},"modified":"2024-12-16T11:57:45","modified_gmt":"2024-12-16T10:57:45","slug":"mikuni-tm-34-ss-tm34ss-carburetor-kit-aprilia-rs-250-rs250-suzuki-rgv-250-rgv250","status":"publish","type":"product","link":"https:\/\/www.frankmxparts.com.iclicksapp.nl\/de\/mikuni-tm-34-ss-tm34ss-carburetor-kit-aprilia-rs-250-rs250-suzuki-rgv-250-rgv250","title":{"rendered":"Mikuni TM34SS Vergaser Kit \/ Aprilia RS 250 Suzuki RGV 250"},"content":{"rendered":"<p>\n<strong>Mikuni TM34SS Vergaser Kit (neu)<\/strong>.<\/p>\n<p><strong>Original Mikuni&nbsp;<\/strong>hochwertige Vergaser. Nicht mehr verf\u00fcgbar von Mikuni, Aprilia oder Suzuki.<\/p>\n<p>Diese fallstrom Vergaser wurden verwendet an den Aprilia RS250, aber auch an den Suzuki RGV250. Sie kamen als Kit, die Vergaser sind&nbsp;leicht unterschiedlich&nbsp;(Schwimmerkammer, Leerlaufeinstellschraube, Bed\u00fcsung, &#8230;).&nbsp;Dies ist ein solches Kit, brandneu, wie es vom Aprilia-H\u00e4ndler kam.<\/p>\n<p><b>Das Kit enth\u00e4lt: <\/b>2 Vergaser.<\/p>\n<p>\nKomplett wie abgebildet.<\/p>\n<p>\n&nbsp;<\/p>\n","protected":false},"excerpt":{"rendered":"<p>Mikuni TM34SS Vergaser Kit (neu). Original Mikuni&nbsp;hochwertige Vergaser. Nicht mehr verf\u00fcgbar von Mikuni, Aprilia oder Suzuki. Diese fallstrom Vergaser wurden verwendet an den Aprilia RS250, aber auch an den Suzuki RGV250. Sie kamen als Kit, die Vergaser sind&nbsp;leicht unterschiedlich&nbsp;(Schwimmerkammer, Leerlaufeinstellschraube, Bed\u00fcsung, &#8230;).&nbsp;Dies ist ein solches Kit, brandneu, wie es vom Aprilia-H\u00e4ndler kam. Das Kit enth\u00e4lt: [&hellip;]<\/p>\n","protected":false},"featured_media":203596,"comment_status":"closed","ping_status":"closed","template":"","meta":{"_acf_changed":false},"product_brand":[],"product_cat":[9441],"product_tag":[],"class_list":{"0":"post-214637","1":"product","2":"type-product","3":"status-publish","4":"has-post-thumbnail","6":"product_cat-uncategorized","7":"pa_manufacturer-mikuni-de","9":"first","10":"outofstock","11":"taxable","12":"shipping-taxable","13":"purchasable","14":"product-type-simple"},"acf":[],"yoast_head":"<!-- This site is optimized with the Yoast SEO plugin v27.3 - https:\/\/yoast.com\/product\/yoast-seo-wordpress\/ -->\n<title>Mikuni TM34SS Vergaser Kit \/ Aprilia RS 250 Suzuki RGV 250 - Frank! MXParts<\/title>\n<meta name=\"robots\" content=\"noindex, follow, max-snippet:-1, max-image-preview:large, max-video-preview:-1\" \/>\n<meta property=\"og:locale\" content=\"de_DE\" \/>\n<meta property=\"og:type\" content=\"article\" \/>\n<meta property=\"og:title\" content=\"Mikuni TM34SS Vergaser Kit \/ Aprilia RS 250 Suzuki RGV 250 - Frank! MXParts\" \/>\n<meta property=\"og:description\" content=\"Mikuni TM34SS Vergaser Kit (neu). Original Mikuni&nbsp;hochwertige Vergaser. Nicht mehr verf\u00fcgbar von Mikuni, Aprilia oder Suzuki. Diese fallstrom Vergaser wurden verwendet an den Aprilia RS250, aber auch an den Suzuki RGV250. Sie kamen als Kit, die Vergaser sind&nbsp;leicht unterschiedlich&nbsp;(Schwimmerkammer, Leerlaufeinstellschraube, Bed\u00fcsung, &#8230;).&nbsp;Dies ist ein solches Kit, brandneu, wie es vom Aprilia-H\u00e4ndler kam. Das Kit enth\u00e4lt: [&hellip;]\" \/>\n<meta property=\"og:url\" content=\"https:\/\/www.frankmxparts.com.iclicksapp.nl\/de\/mikuni-tm-34-ss-tm34ss-carburetor-kit-aprilia-rs-250-rs250-suzuki-rgv-250-rgv250\" \/>\n<meta property=\"og:site_name\" content=\"Frank! MXParts\" \/>\n<meta property=\"article:modified_time\" content=\"2024-12-16T10:57:45+00:00\" \/>\n<meta property=\"og:image\" content=\"https:\/\/www.frankmxparts.com.iclicksapp.nl\/wp-content\/uploads\/2024\/11\/DSC08642-1.jpg\" \/>\n\t<meta property=\"og:image:width\" content=\"750\" \/>\n\t<meta property=\"og:image:height\" content=\"563\" \/>\n\t<meta property=\"og:image:type\" content=\"image\/jpeg\" \/>\n<meta name=\"twitter:card\" content=\"summary_large_image\" \/>\n<script type=\"application\/ld+json\" class=\"yoast-schema-graph\">{\"@context\":\"https:\\\/\\\/schema.org\",\"@graph\":[{\"@type\":\"WebPage\",\"@id\":\"https:\\\/\\\/www.frankmxparts.com.iclicksapp.nl\\\/de\\\/mikuni-tm-34-ss-tm34ss-carburetor-kit-aprilia-rs-250-rs250-suzuki-rgv-250-rgv250\",\"url\":\"https:\\\/\\\/www.frankmxparts.com.iclicksapp.nl\\\/de\\\/mikuni-tm-34-ss-tm34ss-carburetor-kit-aprilia-rs-250-rs250-suzuki-rgv-250-rgv250\",\"name\":\"Mikuni TM34SS Vergaser Kit \\\/ Aprilia RS 250 Suzuki RGV 250 - Frank! MXParts\",\"isPartOf\":{\"@id\":\"https:\\\/\\\/www.frankmxparts.com.iclicksapp.nl\\\/de\\\/#website\"},\"primaryImageOfPage\":{\"@id\":\"https:\\\/\\\/www.frankmxparts.com.iclicksapp.nl\\\/de\\\/mikuni-tm-34-ss-tm34ss-carburetor-kit-aprilia-rs-250-rs250-suzuki-rgv-250-rgv250#primaryimage\"},\"image\":{\"@id\":\"https:\\\/\\\/www.frankmxparts.com.iclicksapp.nl\\\/de\\\/mikuni-tm-34-ss-tm34ss-carburetor-kit-aprilia-rs-250-rs250-suzuki-rgv-250-rgv250#primaryimage\"},\"thumbnailUrl\":\"https:\\\/\\\/www.frankmxparts.com.iclicksapp.nl\\\/wp-content\\\/uploads\\\/2024\\\/11\\\/DSC08642-1.jpg\",\"datePublished\":\"2024-11-19T21:35:07+00:00\",\"dateModified\":\"2024-12-16T10:57:45+00:00\",\"breadcrumb\":{\"@id\":\"https:\\\/\\\/www.frankmxparts.com.iclicksapp.nl\\\/de\\\/mikuni-tm-34-ss-tm34ss-carburetor-kit-aprilia-rs-250-rs250-suzuki-rgv-250-rgv250#breadcrumb\"},\"inLanguage\":\"de\",\"potentialAction\":[{\"@type\":\"ReadAction\",\"target\":[\"https:\\\/\\\/www.frankmxparts.com.iclicksapp.nl\\\/de\\\/mikuni-tm-34-ss-tm34ss-carburetor-kit-aprilia-rs-250-rs250-suzuki-rgv-250-rgv250\"]}]},{\"@type\":\"ImageObject\",\"inLanguage\":\"de\",\"@id\":\"https:\\\/\\\/www.frankmxparts.com.iclicksapp.nl\\\/de\\\/mikuni-tm-34-ss-tm34ss-carburetor-kit-aprilia-rs-250-rs250-suzuki-rgv-250-rgv250#primaryimage\",\"url\":\"https:\\\/\\\/www.frankmxparts.com.iclicksapp.nl\\\/wp-content\\\/uploads\\\/2024\\\/11\\\/DSC08642-1.jpg\",\"contentUrl\":\"https:\\\/\\\/www.frankmxparts.com.iclicksapp.nl\\\/wp-content\\\/uploads\\\/2024\\\/11\\\/DSC08642-1.jpg\",\"width\":750,\"height\":563},{\"@type\":\"BreadcrumbList\",\"@id\":\"https:\\\/\\\/www.frankmxparts.com.iclicksapp.nl\\\/de\\\/mikuni-tm-34-ss-tm34ss-carburetor-kit-aprilia-rs-250-rs250-suzuki-rgv-250-rgv250#breadcrumb\",\"itemListElement\":[{\"@type\":\"ListItem\",\"position\":1,\"name\":\"Home\",\"item\":\"https:\\\/\\\/www.frankmxparts.com.iclicksapp.nl\\\/de\"},{\"@type\":\"ListItem\",\"position\":2,\"name\":\"Shop\",\"item\":\"https:\\\/\\\/www.frankmxparts.com.iclicksapp.nl\\\/winkel\"},{\"@type\":\"ListItem\",\"position\":3,\"name\":\"Mikuni TM34SS Vergaser Kit \\\/ Aprilia RS 250 Suzuki RGV 250\"}]},{\"@type\":\"WebSite\",\"@id\":\"https:\\\/\\\/www.frankmxparts.com.iclicksapp.nl\\\/de\\\/#website\",\"url\":\"https:\\\/\\\/www.frankmxparts.com.iclicksapp.nl\\\/de\\\/\",\"name\":\"Frank! MXParts\",\"description\":\"\",\"publisher\":{\"@id\":\"https:\\\/\\\/www.frankmxparts.com.iclicksapp.nl\\\/de\\\/#organization\"},\"potentialAction\":[{\"@type\":\"SearchAction\",\"target\":{\"@type\":\"EntryPoint\",\"urlTemplate\":\"https:\\\/\\\/www.frankmxparts.com.iclicksapp.nl\\\/de\\\/?s={search_term_string}\"},\"query-input\":{\"@type\":\"PropertyValueSpecification\",\"valueRequired\":true,\"valueName\":\"search_term_string\"}}],\"inLanguage\":\"de\"},{\"@type\":\"Organization\",\"@id\":\"https:\\\/\\\/www.frankmxparts.com.iclicksapp.nl\\\/de\\\/#organization\",\"name\":\"Frank! MXParts\",\"url\":\"https:\\\/\\\/www.frankmxparts.com.iclicksapp.nl\\\/de\\\/\",\"logo\":{\"@type\":\"ImageObject\",\"inLanguage\":\"de\",\"@id\":\"https:\\\/\\\/www.frankmxparts.com.iclicksapp.nl\\\/de\\\/#\\\/schema\\\/logo\\\/image\\\/\",\"url\":\"https:\\\/\\\/www.frankmxparts.com.iclicksapp.nl\\\/wp-content\\\/uploads\\\/2024\\\/01\\\/frank-mxparts-logo.svg\",\"contentUrl\":\"https:\\\/\\\/www.frankmxparts.com.iclicksapp.nl\\\/wp-content\\\/uploads\\\/2024\\\/01\\\/frank-mxparts-logo.svg\",\"width\":301,\"height\":88,\"caption\":\"Frank! MXParts\"},\"image\":{\"@id\":\"https:\\\/\\\/www.frankmxparts.com.iclicksapp.nl\\\/de\\\/#\\\/schema\\\/logo\\\/image\\\/\"}}]}<\/script>\n<!-- \/ Yoast SEO plugin. -->","yoast_head_json":{"title":"Mikuni TM34SS Vergaser Kit \/ Aprilia RS 250 Suzuki RGV 250 - Frank! MXParts","robots":{"index":"noindex","follow":"follow","max-snippet":"max-snippet:-1","max-image-preview":"max-image-preview:large","max-video-preview":"max-video-preview:-1"},"og_locale":"de_DE","og_type":"article","og_title":"Mikuni TM34SS Vergaser Kit \/ Aprilia RS 250 Suzuki RGV 250 - Frank! MXParts","og_description":"Mikuni TM34SS Vergaser Kit (neu). Original Mikuni&nbsp;hochwertige Vergaser. Nicht mehr verf\u00fcgbar von Mikuni, Aprilia oder Suzuki. Diese fallstrom Vergaser wurden verwendet an den Aprilia RS250, aber auch an den Suzuki RGV250. Sie kamen als Kit, die Vergaser sind&nbsp;leicht unterschiedlich&nbsp;(Schwimmerkammer, Leerlaufeinstellschraube, Bed\u00fcsung, &#8230;).&nbsp;Dies ist ein solches Kit, brandneu, wie es vom Aprilia-H\u00e4ndler kam. Das Kit enth\u00e4lt: [&hellip;]","og_url":"https:\/\/www.frankmxparts.com.iclicksapp.nl\/de\/mikuni-tm-34-ss-tm34ss-carburetor-kit-aprilia-rs-250-rs250-suzuki-rgv-250-rgv250","og_site_name":"Frank! MXParts","article_modified_time":"2024-12-16T10:57:45+00:00","og_image":[{"width":750,"height":563,"url":"https:\/\/www.frankmxparts.com.iclicksapp.nl\/wp-content\/uploads\/2024\/11\/DSC08642-1.jpg","type":"image\/jpeg"}],"twitter_card":"summary_large_image","schema":{"@context":"https:\/\/schema.org","@graph":[{"@type":"WebPage","@id":"https:\/\/www.frankmxparts.com.iclicksapp.nl\/de\/mikuni-tm-34-ss-tm34ss-carburetor-kit-aprilia-rs-250-rs250-suzuki-rgv-250-rgv250","url":"https:\/\/www.frankmxparts.com.iclicksapp.nl\/de\/mikuni-tm-34-ss-tm34ss-carburetor-kit-aprilia-rs-250-rs250-suzuki-rgv-250-rgv250","name":"Mikuni TM34SS Vergaser Kit \/ Aprilia RS 250 Suzuki RGV 250 - Frank! MXParts","isPartOf":{"@id":"https:\/\/www.frankmxparts.com.iclicksapp.nl\/de\/#website"},"primaryImageOfPage":{"@id":"https:\/\/www.frankmxparts.com.iclicksapp.nl\/de\/mikuni-tm-34-ss-tm34ss-carburetor-kit-aprilia-rs-250-rs250-suzuki-rgv-250-rgv250#primaryimage"},"image":{"@id":"https:\/\/www.frankmxparts.com.iclicksapp.nl\/de\/mikuni-tm-34-ss-tm34ss-carburetor-kit-aprilia-rs-250-rs250-suzuki-rgv-250-rgv250#primaryimage"},"thumbnailUrl":"https:\/\/www.frankmxparts.com.iclicksapp.nl\/wp-content\/uploads\/2024\/11\/DSC08642-1.jpg","datePublished":"2024-11-19T21:35:07+00:00","dateModified":"2024-12-16T10:57:45+00:00","breadcrumb":{"@id":"https:\/\/www.frankmxparts.com.iclicksapp.nl\/de\/mikuni-tm-34-ss-tm34ss-carburetor-kit-aprilia-rs-250-rs250-suzuki-rgv-250-rgv250#breadcrumb"},"inLanguage":"de","potentialAction":[{"@type":"ReadAction","target":["https:\/\/www.frankmxparts.com.iclicksapp.nl\/de\/mikuni-tm-34-ss-tm34ss-carburetor-kit-aprilia-rs-250-rs250-suzuki-rgv-250-rgv250"]}]},{"@type":"ImageObject","inLanguage":"de","@id":"https:\/\/www.frankmxparts.com.iclicksapp.nl\/de\/mikuni-tm-34-ss-tm34ss-carburetor-kit-aprilia-rs-250-rs250-suzuki-rgv-250-rgv250#primaryimage","url":"https:\/\/www.frankmxparts.com.iclicksapp.nl\/wp-content\/uploads\/2024\/11\/DSC08642-1.jpg","contentUrl":"https:\/\/www.frankmxparts.com.iclicksapp.nl\/wp-content\/uploads\/2024\/11\/DSC08642-1.jpg","width":750,"height":563},{"@type":"BreadcrumbList","@id":"https:\/\/www.frankmxparts.com.iclicksapp.nl\/de\/mikuni-tm-34-ss-tm34ss-carburetor-kit-aprilia-rs-250-rs250-suzuki-rgv-250-rgv250#breadcrumb","itemListElement":[{"@type":"ListItem","position":1,"name":"Home","item":"https:\/\/www.frankmxparts.com.iclicksapp.nl\/de"},{"@type":"ListItem","position":2,"name":"Shop","item":"https:\/\/www.frankmxparts.com.iclicksapp.nl\/winkel"},{"@type":"ListItem","position":3,"name":"Mikuni TM34SS Vergaser Kit \/ Aprilia RS 250 Suzuki RGV 250"}]},{"@type":"WebSite","@id":"https:\/\/www.frankmxparts.com.iclicksapp.nl\/de\/#website","url":"https:\/\/www.frankmxparts.com.iclicksapp.nl\/de\/","name":"Frank! MXParts","description":"","publisher":{"@id":"https:\/\/www.frankmxparts.com.iclicksapp.nl\/de\/#organization"},"potentialAction":[{"@type":"SearchAction","target":{"@type":"EntryPoint","urlTemplate":"https:\/\/www.frankmxparts.com.iclicksapp.nl\/de\/?s={search_term_string}"},"query-input":{"@type":"PropertyValueSpecification","valueRequired":true,"valueName":"search_term_string"}}],"inLanguage":"de"},{"@type":"Organization","@id":"https:\/\/www.frankmxparts.com.iclicksapp.nl\/de\/#organization","name":"Frank! MXParts","url":"https:\/\/www.frankmxparts.com.iclicksapp.nl\/de\/","logo":{"@type":"ImageObject","inLanguage":"de","@id":"https:\/\/www.frankmxparts.com.iclicksapp.nl\/de\/#\/schema\/logo\/image\/","url":"https:\/\/www.frankmxparts.com.iclicksapp.nl\/wp-content\/uploads\/2024\/01\/frank-mxparts-logo.svg","contentUrl":"https:\/\/www.frankmxparts.com.iclicksapp.nl\/wp-content\/uploads\/2024\/01\/frank-mxparts-logo.svg","width":301,"height":88,"caption":"Frank! MXParts"},"image":{"@id":"https:\/\/www.frankmxparts.com.iclicksapp.nl\/de\/#\/schema\/logo\/image\/"}}]}},"_links":{"self":[{"href":"https:\/\/www.frankmxparts.com.iclicksapp.nl\/de\/wp-json\/wp\/v2\/product\/214637","targetHints":{"allow":["GET"]}}],"collection":[{"href":"https:\/\/www.frankmxparts.com.iclicksapp.nl\/de\/wp-json\/wp\/v2\/product"}],"about":[{"href":"https:\/\/www.frankmxparts.com.iclicksapp.nl\/de\/wp-json\/wp\/v2\/types\/product"}],"replies":[{"embeddable":true,"href":"https:\/\/www.frankmxparts.com.iclicksapp.nl\/de\/wp-json\/wp\/v2\/comments?post=214637"}],"wp:featuredmedia":[{"embeddable":true,"href":"https:\/\/www.frankmxparts.com.iclicksapp.nl\/de\/wp-json\/wp\/v2\/media\/203596"}],"wp:attachment":[{"href":"https:\/\/www.frankmxparts.com.iclicksapp.nl\/de\/wp-json\/wp\/v2\/media?parent=214637"}],"wp:term":[{"taxonomy":"product_brand","embeddable":true,"href":"https:\/\/www.frankmxparts.com.iclicksapp.nl\/de\/wp-json\/wp\/v2\/product_brand?post=214637"},{"taxonomy":"product_cat","embeddable":true,"href":"https:\/\/www.frankmxparts.com.iclicksapp.nl\/de\/wp-json\/wp\/v2\/product_cat?post=214637"},{"taxonomy":"product_tag","embeddable":true,"href":"https:\/\/www.frankmxparts.com.iclicksapp.nl\/de\/wp-json\/wp\/v2\/product_tag?post=214637"}],"curies":[{"name":"wp","href":"https:\/\/api.w.org\/{rel}","templated":true}]}}