{"id":214642,"date":"2024-11-19T22:35:07","date_gmt":"2024-11-19T21:35:07","guid":{"rendered":"https:\/\/www.frankmxparts.com.iclicksapp.nl\/product\/keihin-fcr-35-flatslide-racing-carburetors-1995-1999-kawasaki-zx-6r-zx6r"},"modified":"2024-12-16T11:57:47","modified_gmt":"2024-12-16T10:57:47","slug":"keihin-fcr-35-flatslide-racing-carburetors-1995-1999-kawasaki-zx-6r-zx6r","status":"publish","type":"product","link":"https:\/\/www.frankmxparts.com.iclicksapp.nl\/de\/keihin-fcr-35-flatslide-racing-carburetors-1995-1999-kawasaki-zx-6r-zx6r","title":{"rendered":"Keihin FCR 35 racing Flachschieber Vergaser \/ 1995-1999 Kawasaki ZX-6R ZX6R"},"content":{"rendered":"<p>\n<strong>Ein Keihin FCR35&nbsp;Flachschieber racing Vergaserbatterie f\u00fcr den Kawasaki ZX-6R.<\/strong><\/p>\n<p><strong>Original Keihin<\/strong>, hochwertige Teile. In einem sehr gutem Zustand. W\u00fcrde professionell \u00fcberholt.<\/p>\n<p><strong>Details<\/strong>:<\/p>\n<ul>\n<li>fallstrom Keihin FCR35&nbsp;Flachschieber racing Vergaserbatterie<\/li>\n<li>mit Beschleunigerpumpe<\/li>\n<li>inkl. Anschraubstutzen vorne<\/li>\n<li>inkl. 50mm. Ansaugtrichter<\/li>\n<li>&#8230;<\/li>\n<\/ul>\n<p>Wir haben diese Vergaser professionell \u00fcberholt, mit original Keihin, hochwertige Teile.<br \/>\n<strong>Details<\/strong>:<\/p>\n<ul>\n<li>die Vergaser w\u00fcrden komplett zerlegt<\/li>\n<li>Geh\u00e4use und ausgew\u00e4hltem Teile sind professionell ultraschall gereinigt<\/li>\n<li>alle Teile sind gereinigt und \u00fcberpr\u00fcft<\/li>\n<li >D\u00fcsen, D\u00fcsennadel und Nadeld\u00fcsen&nbsp;sind gereinigt<\/li>\n<li>Lager sind neu befettet<\/li>\n<li >Schwimmerh\u00f6hen sind neu eingestellt<\/li>\n<li >Schieber sind synchronisiert<\/li>\n<li >Beschleunigerpumpe wurde getested und eingestellt<\/li>\n<li>mit <strong>viele Neuteile<\/strong>&nbsp;(<font color=\"#000cff\">kontaktieren Sie uns f\u00fcr Details)<\/font><\/li>\n<li>etc.<\/li>\n<\/ul>\n<p><strong>Passend f\u00fcr<\/strong>: den 1995-1999 Kawasaki ZX-6R.<\/p>\n<p>\nKomplett wie abgebildet.<br \/>\nReady to race&#8230;.<\/p>\n<p>&nbsp;<\/p>\n","protected":false},"excerpt":{"rendered":"<p>Ein Keihin FCR35&nbsp;Flachschieber racing Vergaserbatterie f\u00fcr den Kawasaki ZX-6R. Original Keihin, hochwertige Teile. In einem sehr gutem Zustand. W\u00fcrde professionell \u00fcberholt. Details: fallstrom Keihin FCR35&nbsp;Flachschieber racing Vergaserbatterie mit Beschleunigerpumpe inkl. Anschraubstutzen vorne inkl. 50mm. Ansaugtrichter &#8230; Wir haben diese Vergaser professionell \u00fcberholt, mit original Keihin, hochwertige Teile. Details: die Vergaser w\u00fcrden komplett zerlegt Geh\u00e4use und [&hellip;]<\/p>\n","protected":false},"featured_media":203637,"comment_status":"closed","ping_status":"closed","template":"","meta":{"_acf_changed":false},"product_brand":[],"product_cat":[9441],"product_tag":[],"class_list":{"0":"post-214642","1":"product","2":"type-product","3":"status-publish","4":"has-post-thumbnail","6":"product_cat-uncategorized","7":"pa_manufacturer-keihin-de","9":"first","10":"outofstock","11":"taxable","12":"shipping-taxable","13":"purchasable","14":"product-type-simple"},"acf":[],"yoast_head":"<!-- This site is optimized with the Yoast SEO plugin v27.3 - https:\/\/yoast.com\/product\/yoast-seo-wordpress\/ -->\n<title>Keihin FCR 35 racing Flachschieber Vergaser \/ 1995-1999 Kawasaki ZX-6R ZX6R - Frank! MXParts<\/title>\n<meta name=\"robots\" content=\"noindex, follow, max-snippet:-1, max-image-preview:large, max-video-preview:-1\" \/>\n<meta property=\"og:locale\" content=\"de_DE\" \/>\n<meta property=\"og:type\" content=\"article\" \/>\n<meta property=\"og:title\" content=\"Keihin FCR 35 racing Flachschieber Vergaser \/ 1995-1999 Kawasaki ZX-6R ZX6R - Frank! MXParts\" \/>\n<meta property=\"og:description\" content=\"Ein Keihin FCR35&nbsp;Flachschieber racing Vergaserbatterie f\u00fcr den Kawasaki ZX-6R. Original Keihin, hochwertige Teile. In einem sehr gutem Zustand. W\u00fcrde professionell \u00fcberholt. Details: fallstrom Keihin FCR35&nbsp;Flachschieber racing Vergaserbatterie mit Beschleunigerpumpe inkl. Anschraubstutzen vorne inkl. 50mm. Ansaugtrichter &#8230; Wir haben diese Vergaser professionell \u00fcberholt, mit original Keihin, hochwertige Teile. Details: die Vergaser w\u00fcrden komplett zerlegt Geh\u00e4use und [&hellip;]\" \/>\n<meta property=\"og:url\" content=\"https:\/\/www.frankmxparts.com.iclicksapp.nl\/de\/keihin-fcr-35-flatslide-racing-carburetors-1995-1999-kawasaki-zx-6r-zx6r\" \/>\n<meta property=\"og:site_name\" content=\"Frank! MXParts\" \/>\n<meta property=\"article:modified_time\" content=\"2024-12-16T10:57:47+00:00\" \/>\n<meta property=\"og:image\" content=\"https:\/\/www.frankmxparts.com.iclicksapp.nl\/wp-content\/uploads\/2024\/11\/Keihin-FCR-35-flatslide-racing-carburetors-1995-1999-Kawasaki-ZX-6R-ZX6R-frank-mxparts-01.jpg\" \/>\n\t<meta property=\"og:image:width\" content=\"750\" \/>\n\t<meta property=\"og:image:height\" content=\"563\" \/>\n\t<meta property=\"og:image:type\" content=\"image\/jpeg\" \/>\n<meta name=\"twitter:card\" content=\"summary_large_image\" \/>\n<meta name=\"twitter:label1\" content=\"Gesch\u00e4tzte Lesezeit\" \/>\n\t<meta name=\"twitter:data1\" content=\"1\u00a0Minute\" \/>\n<script type=\"application\/ld+json\" class=\"yoast-schema-graph\">{\"@context\":\"https:\\\/\\\/schema.org\",\"@graph\":[{\"@type\":\"WebPage\",\"@id\":\"https:\\\/\\\/www.frankmxparts.com.iclicksapp.nl\\\/de\\\/keihin-fcr-35-flatslide-racing-carburetors-1995-1999-kawasaki-zx-6r-zx6r\",\"url\":\"https:\\\/\\\/www.frankmxparts.com.iclicksapp.nl\\\/de\\\/keihin-fcr-35-flatslide-racing-carburetors-1995-1999-kawasaki-zx-6r-zx6r\",\"name\":\"Keihin FCR 35 racing Flachschieber Vergaser \\\/ 1995-1999 Kawasaki ZX-6R ZX6R - Frank! MXParts\",\"isPartOf\":{\"@id\":\"https:\\\/\\\/www.frankmxparts.com.iclicksapp.nl\\\/de\\\/#website\"},\"primaryImageOfPage\":{\"@id\":\"https:\\\/\\\/www.frankmxparts.com.iclicksapp.nl\\\/de\\\/keihin-fcr-35-flatslide-racing-carburetors-1995-1999-kawasaki-zx-6r-zx6r#primaryimage\"},\"image\":{\"@id\":\"https:\\\/\\\/www.frankmxparts.com.iclicksapp.nl\\\/de\\\/keihin-fcr-35-flatslide-racing-carburetors-1995-1999-kawasaki-zx-6r-zx6r#primaryimage\"},\"thumbnailUrl\":\"https:\\\/\\\/www.frankmxparts.com.iclicksapp.nl\\\/wp-content\\\/uploads\\\/2024\\\/11\\\/Keihin-FCR-35-flatslide-racing-carburetors-1995-1999-Kawasaki-ZX-6R-ZX6R-frank-mxparts-01.jpg\",\"datePublished\":\"2024-11-19T21:35:07+00:00\",\"dateModified\":\"2024-12-16T10:57:47+00:00\",\"breadcrumb\":{\"@id\":\"https:\\\/\\\/www.frankmxparts.com.iclicksapp.nl\\\/de\\\/keihin-fcr-35-flatslide-racing-carburetors-1995-1999-kawasaki-zx-6r-zx6r#breadcrumb\"},\"inLanguage\":\"de\",\"potentialAction\":[{\"@type\":\"ReadAction\",\"target\":[\"https:\\\/\\\/www.frankmxparts.com.iclicksapp.nl\\\/de\\\/keihin-fcr-35-flatslide-racing-carburetors-1995-1999-kawasaki-zx-6r-zx6r\"]}]},{\"@type\":\"ImageObject\",\"inLanguage\":\"de\",\"@id\":\"https:\\\/\\\/www.frankmxparts.com.iclicksapp.nl\\\/de\\\/keihin-fcr-35-flatslide-racing-carburetors-1995-1999-kawasaki-zx-6r-zx6r#primaryimage\",\"url\":\"https:\\\/\\\/www.frankmxparts.com.iclicksapp.nl\\\/wp-content\\\/uploads\\\/2024\\\/11\\\/Keihin-FCR-35-flatslide-racing-carburetors-1995-1999-Kawasaki-ZX-6R-ZX6R-frank-mxparts-01.jpg\",\"contentUrl\":\"https:\\\/\\\/www.frankmxparts.com.iclicksapp.nl\\\/wp-content\\\/uploads\\\/2024\\\/11\\\/Keihin-FCR-35-flatslide-racing-carburetors-1995-1999-Kawasaki-ZX-6R-ZX6R-frank-mxparts-01.jpg\",\"width\":750,\"height\":563},{\"@type\":\"BreadcrumbList\",\"@id\":\"https:\\\/\\\/www.frankmxparts.com.iclicksapp.nl\\\/de\\\/keihin-fcr-35-flatslide-racing-carburetors-1995-1999-kawasaki-zx-6r-zx6r#breadcrumb\",\"itemListElement\":[{\"@type\":\"ListItem\",\"position\":1,\"name\":\"Home\",\"item\":\"https:\\\/\\\/www.frankmxparts.com.iclicksapp.nl\\\/de\"},{\"@type\":\"ListItem\",\"position\":2,\"name\":\"Shop\",\"item\":\"https:\\\/\\\/www.frankmxparts.com.iclicksapp.nl\\\/winkel\"},{\"@type\":\"ListItem\",\"position\":3,\"name\":\"Keihin FCR 35 racing Flachschieber Vergaser \\\/ 1995-1999 Kawasaki ZX-6R ZX6R\"}]},{\"@type\":\"WebSite\",\"@id\":\"https:\\\/\\\/www.frankmxparts.com.iclicksapp.nl\\\/de\\\/#website\",\"url\":\"https:\\\/\\\/www.frankmxparts.com.iclicksapp.nl\\\/de\\\/\",\"name\":\"Frank! MXParts\",\"description\":\"\",\"publisher\":{\"@id\":\"https:\\\/\\\/www.frankmxparts.com.iclicksapp.nl\\\/de\\\/#organization\"},\"potentialAction\":[{\"@type\":\"SearchAction\",\"target\":{\"@type\":\"EntryPoint\",\"urlTemplate\":\"https:\\\/\\\/www.frankmxparts.com.iclicksapp.nl\\\/de\\\/?s={search_term_string}\"},\"query-input\":{\"@type\":\"PropertyValueSpecification\",\"valueRequired\":true,\"valueName\":\"search_term_string\"}}],\"inLanguage\":\"de\"},{\"@type\":\"Organization\",\"@id\":\"https:\\\/\\\/www.frankmxparts.com.iclicksapp.nl\\\/de\\\/#organization\",\"name\":\"Frank! MXParts\",\"url\":\"https:\\\/\\\/www.frankmxparts.com.iclicksapp.nl\\\/de\\\/\",\"logo\":{\"@type\":\"ImageObject\",\"inLanguage\":\"de\",\"@id\":\"https:\\\/\\\/www.frankmxparts.com.iclicksapp.nl\\\/de\\\/#\\\/schema\\\/logo\\\/image\\\/\",\"url\":\"https:\\\/\\\/www.frankmxparts.com.iclicksapp.nl\\\/wp-content\\\/uploads\\\/2024\\\/01\\\/frank-mxparts-logo.svg\",\"contentUrl\":\"https:\\\/\\\/www.frankmxparts.com.iclicksapp.nl\\\/wp-content\\\/uploads\\\/2024\\\/01\\\/frank-mxparts-logo.svg\",\"width\":301,\"height\":88,\"caption\":\"Frank! MXParts\"},\"image\":{\"@id\":\"https:\\\/\\\/www.frankmxparts.com.iclicksapp.nl\\\/de\\\/#\\\/schema\\\/logo\\\/image\\\/\"}}]}<\/script>\n<!-- \/ Yoast SEO plugin. -->","yoast_head_json":{"title":"Keihin FCR 35 racing Flachschieber Vergaser \/ 1995-1999 Kawasaki ZX-6R ZX6R - Frank! MXParts","robots":{"index":"noindex","follow":"follow","max-snippet":"max-snippet:-1","max-image-preview":"max-image-preview:large","max-video-preview":"max-video-preview:-1"},"og_locale":"de_DE","og_type":"article","og_title":"Keihin FCR 35 racing Flachschieber Vergaser \/ 1995-1999 Kawasaki ZX-6R ZX6R - Frank! MXParts","og_description":"Ein Keihin FCR35&nbsp;Flachschieber racing Vergaserbatterie f\u00fcr den Kawasaki ZX-6R. Original Keihin, hochwertige Teile. In einem sehr gutem Zustand. W\u00fcrde professionell \u00fcberholt. Details: fallstrom Keihin FCR35&nbsp;Flachschieber racing Vergaserbatterie mit Beschleunigerpumpe inkl. Anschraubstutzen vorne inkl. 50mm. Ansaugtrichter &#8230; Wir haben diese Vergaser professionell \u00fcberholt, mit original Keihin, hochwertige Teile. Details: die Vergaser w\u00fcrden komplett zerlegt Geh\u00e4use und [&hellip;]","og_url":"https:\/\/www.frankmxparts.com.iclicksapp.nl\/de\/keihin-fcr-35-flatslide-racing-carburetors-1995-1999-kawasaki-zx-6r-zx6r","og_site_name":"Frank! MXParts","article_modified_time":"2024-12-16T10:57:47+00:00","og_image":[{"width":750,"height":563,"url":"https:\/\/www.frankmxparts.com.iclicksapp.nl\/wp-content\/uploads\/2024\/11\/Keihin-FCR-35-flatslide-racing-carburetors-1995-1999-Kawasaki-ZX-6R-ZX6R-frank-mxparts-01.jpg","type":"image\/jpeg"}],"twitter_card":"summary_large_image","twitter_misc":{"Gesch\u00e4tzte Lesezeit":"1\u00a0Minute"},"schema":{"@context":"https:\/\/schema.org","@graph":[{"@type":"WebPage","@id":"https:\/\/www.frankmxparts.com.iclicksapp.nl\/de\/keihin-fcr-35-flatslide-racing-carburetors-1995-1999-kawasaki-zx-6r-zx6r","url":"https:\/\/www.frankmxparts.com.iclicksapp.nl\/de\/keihin-fcr-35-flatslide-racing-carburetors-1995-1999-kawasaki-zx-6r-zx6r","name":"Keihin FCR 35 racing Flachschieber Vergaser \/ 1995-1999 Kawasaki ZX-6R ZX6R - Frank! MXParts","isPartOf":{"@id":"https:\/\/www.frankmxparts.com.iclicksapp.nl\/de\/#website"},"primaryImageOfPage":{"@id":"https:\/\/www.frankmxparts.com.iclicksapp.nl\/de\/keihin-fcr-35-flatslide-racing-carburetors-1995-1999-kawasaki-zx-6r-zx6r#primaryimage"},"image":{"@id":"https:\/\/www.frankmxparts.com.iclicksapp.nl\/de\/keihin-fcr-35-flatslide-racing-carburetors-1995-1999-kawasaki-zx-6r-zx6r#primaryimage"},"thumbnailUrl":"https:\/\/www.frankmxparts.com.iclicksapp.nl\/wp-content\/uploads\/2024\/11\/Keihin-FCR-35-flatslide-racing-carburetors-1995-1999-Kawasaki-ZX-6R-ZX6R-frank-mxparts-01.jpg","datePublished":"2024-11-19T21:35:07+00:00","dateModified":"2024-12-16T10:57:47+00:00","breadcrumb":{"@id":"https:\/\/www.frankmxparts.com.iclicksapp.nl\/de\/keihin-fcr-35-flatslide-racing-carburetors-1995-1999-kawasaki-zx-6r-zx6r#breadcrumb"},"inLanguage":"de","potentialAction":[{"@type":"ReadAction","target":["https:\/\/www.frankmxparts.com.iclicksapp.nl\/de\/keihin-fcr-35-flatslide-racing-carburetors-1995-1999-kawasaki-zx-6r-zx6r"]}]},{"@type":"ImageObject","inLanguage":"de","@id":"https:\/\/www.frankmxparts.com.iclicksapp.nl\/de\/keihin-fcr-35-flatslide-racing-carburetors-1995-1999-kawasaki-zx-6r-zx6r#primaryimage","url":"https:\/\/www.frankmxparts.com.iclicksapp.nl\/wp-content\/uploads\/2024\/11\/Keihin-FCR-35-flatslide-racing-carburetors-1995-1999-Kawasaki-ZX-6R-ZX6R-frank-mxparts-01.jpg","contentUrl":"https:\/\/www.frankmxparts.com.iclicksapp.nl\/wp-content\/uploads\/2024\/11\/Keihin-FCR-35-flatslide-racing-carburetors-1995-1999-Kawasaki-ZX-6R-ZX6R-frank-mxparts-01.jpg","width":750,"height":563},{"@type":"BreadcrumbList","@id":"https:\/\/www.frankmxparts.com.iclicksapp.nl\/de\/keihin-fcr-35-flatslide-racing-carburetors-1995-1999-kawasaki-zx-6r-zx6r#breadcrumb","itemListElement":[{"@type":"ListItem","position":1,"name":"Home","item":"https:\/\/www.frankmxparts.com.iclicksapp.nl\/de"},{"@type":"ListItem","position":2,"name":"Shop","item":"https:\/\/www.frankmxparts.com.iclicksapp.nl\/winkel"},{"@type":"ListItem","position":3,"name":"Keihin FCR 35 racing Flachschieber Vergaser \/ 1995-1999 Kawasaki ZX-6R ZX6R"}]},{"@type":"WebSite","@id":"https:\/\/www.frankmxparts.com.iclicksapp.nl\/de\/#website","url":"https:\/\/www.frankmxparts.com.iclicksapp.nl\/de\/","name":"Frank! MXParts","description":"","publisher":{"@id":"https:\/\/www.frankmxparts.com.iclicksapp.nl\/de\/#organization"},"potentialAction":[{"@type":"SearchAction","target":{"@type":"EntryPoint","urlTemplate":"https:\/\/www.frankmxparts.com.iclicksapp.nl\/de\/?s={search_term_string}"},"query-input":{"@type":"PropertyValueSpecification","valueRequired":true,"valueName":"search_term_string"}}],"inLanguage":"de"},{"@type":"Organization","@id":"https:\/\/www.frankmxparts.com.iclicksapp.nl\/de\/#organization","name":"Frank! MXParts","url":"https:\/\/www.frankmxparts.com.iclicksapp.nl\/de\/","logo":{"@type":"ImageObject","inLanguage":"de","@id":"https:\/\/www.frankmxparts.com.iclicksapp.nl\/de\/#\/schema\/logo\/image\/","url":"https:\/\/www.frankmxparts.com.iclicksapp.nl\/wp-content\/uploads\/2024\/01\/frank-mxparts-logo.svg","contentUrl":"https:\/\/www.frankmxparts.com.iclicksapp.nl\/wp-content\/uploads\/2024\/01\/frank-mxparts-logo.svg","width":301,"height":88,"caption":"Frank! MXParts"},"image":{"@id":"https:\/\/www.frankmxparts.com.iclicksapp.nl\/de\/#\/schema\/logo\/image\/"}}]}},"_links":{"self":[{"href":"https:\/\/www.frankmxparts.com.iclicksapp.nl\/de\/wp-json\/wp\/v2\/product\/214642","targetHints":{"allow":["GET"]}}],"collection":[{"href":"https:\/\/www.frankmxparts.com.iclicksapp.nl\/de\/wp-json\/wp\/v2\/product"}],"about":[{"href":"https:\/\/www.frankmxparts.com.iclicksapp.nl\/de\/wp-json\/wp\/v2\/types\/product"}],"replies":[{"embeddable":true,"href":"https:\/\/www.frankmxparts.com.iclicksapp.nl\/de\/wp-json\/wp\/v2\/comments?post=214642"}],"wp:featuredmedia":[{"embeddable":true,"href":"https:\/\/www.frankmxparts.com.iclicksapp.nl\/de\/wp-json\/wp\/v2\/media\/203637"}],"wp:attachment":[{"href":"https:\/\/www.frankmxparts.com.iclicksapp.nl\/de\/wp-json\/wp\/v2\/media?parent=214642"}],"wp:term":[{"taxonomy":"product_brand","embeddable":true,"href":"https:\/\/www.frankmxparts.com.iclicksapp.nl\/de\/wp-json\/wp\/v2\/product_brand?post=214642"},{"taxonomy":"product_cat","embeddable":true,"href":"https:\/\/www.frankmxparts.com.iclicksapp.nl\/de\/wp-json\/wp\/v2\/product_cat?post=214642"},{"taxonomy":"product_tag","embeddable":true,"href":"https:\/\/www.frankmxparts.com.iclicksapp.nl\/de\/wp-json\/wp\/v2\/product_tag?post=214642"}],"curies":[{"name":"wp","href":"https:\/\/api.w.org\/{rel}","templated":true}]}}